{"id":3306,"date":"2017-09-25T13:30:56","date_gmt":"2017-09-25T11:30:56","guid":{"rendered":"https:\/\/teamdeck.io\/?page_id=3306"},"modified":"2018-05-24T09:48:30","modified_gmt":"2018-05-24T07:48:30","slug":"funding-programme","status":"publish","type":"page","link":"https:\/\/teamdeck.io\/zh\/\u8d44\u52a9\u8ba1\u5212\/","title":{"rendered":"\u7b79\u8d44\u8ba1\u5212"},"content":{"rendered":"<p style=\"text-align: center;\"><strong>\u64cd\u4f5c\u7a0b\u5e8f<\/strong><\/p>\n<p style=\"text-align: center;\"><strong>\u7f57\u5179\u6c83\u4f0a\u4fe1\u606f\u4e2d\u5fc3<\/strong><\/p>\n<h1 style=\"text-align: center;\"><\/h1>\n<p style=\"text-align: center;\"><em><strong>3 Wsparcie innowacji w przedsi\u0119biorstwach<\/strong><\/em><\/p>\n<p style=\"text-align: center;\"><em><strong>dzia\u0142anie 3.3 Wsparcie promocji oraz internacjonalizacji innowacyjnych przedsi\u0119biorstw<\/strong><\/em><\/p>\n<p style=\"text-align: center;\"><em><strong>poddzia\u0142anie 3.3.3 Wsparcie M\u015aP w promocji marek produktowych - \u54c1\u724c<\/strong><\/em><\/p>\n<p style=\"text-align: center;\"><em><strong>\"Promocja marki produktowej firmy Teamdeck Sp.<\/strong><\/em><\/p>\n<h1 style=\"text-align: center;\"><\/h1>\n<p><span style=\"font-weight: 400;\">Kr\u00f3tki opis projektu\uff1a<\/span><\/p>\n<p><span style=\"font-weight: 400;\">Przedmiotem projektu jest realizacja przez firm\u0119 Teamdeck Sp.<\/span><\/p>\n<p><span style=\"font-weight: 400;\">IT\/ICT \u4f01\u4e1a\u5728\u5168\u7403\u8303\u56f4\u5185\u63a8\u5e7f\u4ea7\u54c1\u3002\u7a0b\u5e8f\u652f\u6301<\/span><\/p>\n<p><span style=\"font-weight: 400;\">promocji b\u0119d\u0105 prowadzone na pozaunijnym rynku perspektywicznym - w Stanach Zjednoczonych Ameryki P\u00f3\u0142nocnej (USA).<\/span><\/p>\n<p><span style=\"font-weight: 400;\">Wnioskodawca planuje realizacj\u0119 zada\u0144 zwi\u0105zanych z\uff1a<\/span><\/p>\n<ul>\n<li><span style=\"font-weight: 400;\">uczestnictwem w targach bran\u017cowych w charakterze wystawcy\u3001<\/span><\/li>\n<li><span style=\"font-weight: 400;\">\u6211\u4eec\u5c06\u7ee7\u7eed\u52aa\u529b\uff0c\u4e3a\u60a8\u63d0\u4f9b\u6700\u4f18\u8d28\u7684\u670d\u52a1\u3001<\/span><\/li>\n<li><span style=\"font-weight: 400;\">\u6211\u4eec\u5c06\u7ee7\u7eed\u52aa\u529b\u3001<\/span><\/li>\n<li><span style=\"font-weight: 400;\">organizacj\u0105 indywidualnej misji gospodarczej do USA\u3001<\/span><\/li>\n<li><span style=\"font-weight: 400;\">realizacj\u0105 dzia\u0142a\u0144 informacyjno-promocyjnych.<\/span><\/li>\n<\/ul>\n<h1 style=\"text-align: center;\"><\/h1>\n<p><span style=\"font-weight: 400;\">Cele projektu\uff1a<\/span><\/p>\n<p><span style=\"font-weight: 400;\">Teamdeck \u7684\u9879\u76ee\u5b9e\u65bd\u4e3a IT\/ICT \u884c\u4e1a\u7684\u53d1\u5c55\u63d0\u4f9b\u4e86\u4e00\u4e2a\u826f\u597d\u7684\u5e73\u53f0\u30023.3.3POIR \u5c06\u4e3a\u6ce2\u5170\u7684\u4fe1\u606f\u6280\u672f\/\u4fe1\u606f\u548c\u901a\u4fe1\u6280\u672f\u4f01\u4e1a\u63d0\u4f9b\u56fd\u9645\u5408\u4f5c\u673a\u4f1a\u30023.3.3POIR.<\/span><\/p>\n<p><span style=\"font-weight: 400;\">Realizacja zaplanowanych zada\u0144 umo\u017cliwi osi\u0105gni\u0119cie rezultat\u00f3w\uff1a<\/span><\/p>\n<ul>\n<li><span style=\"font-weight: 400;\">Liczba podpisanych zagr\u3001<\/span><\/li>\n<li><span style=\"font-weight: 400;\">\u7535\u5b50\u7ade\u6280\u4ea7\u54c1\u9500\u552e\u989d\u4e3a 2100 \u4e07\u5179\u7f57\u63d0\u3001<\/span><\/li>\n<li><span style=\"font-weight: 400;\">Przychody ze sprzeda\u017cy na eksport produkt\u00f3w b\u0119d\u0105cych przedmiotem projektu - 2 mln z\u0142.<\/span><\/li>\n<\/ul>\n<p><span style=\"font-weight: 400;\">\u60a8\u53ef\u4ee5\u5728\u6211\u4eec\u7684\u7f51\u7ad9\u4e0a\u67e5\u770b\u9879\u76ee\u7ed3\u679c\uff0c\u4e5f\u53ef\u4ee5\u4e0e\u6211\u4eec\u7684\u5408\u4f5c\u4f19\u4f34\u8054\u7cfb\u3002\u6216\u4e0e\u6211\u4eec\u7684\u516c\u53f8\u5efa\u7acb\u8054\u7cfb\u3002\u9879\u76ee\u7684\u5b9e\u65bd\u53ef\u63d0\u9ad8\u6211\u4eec\u7684\u751f\u4ea7\u80fd\u529b\u3002<\/span><\/p>\n<p><span style=\"font-weight: 400;\">Warto\u015b\u0107 projektu\uff1a <\/span><b>712 380.00 \u6ce2\u5170\u5179\u7f57\u63d0<\/b><\/p>\n<p><span style=\"font-weight: 400;\">Wk\u0142ad funduszy europejskich\uff1a <\/span><b>455 625.00 \u6ce2\u5170\u5179\u7f57\u63d0 <\/b><\/p>\n<h1 style=\"text-align: center;\"><\/h1>\n<p>&nbsp;<\/p>\n<p><img loading=\"lazy\" decoding=\"async\" class=\"aligncenter wp-image-3804\" src=\"https:\/\/cdn.teamdeck.io\/uploads\/website\/2017\/09\/24180043\/logosy2.png\" alt=\"\" width=\"1045\" height=\"160\" srcset=\"https:\/\/cdn.teamdeck.io\/uploads\/website\/2017\/09\/24180043\/logosy2.png 2090w, https:\/\/cdn.teamdeck.io\/uploads\/website\/2017\/09\/24180043\/logosy2-300x46.png 300w, https:\/\/cdn.teamdeck.io\/uploads\/website\/2017\/09\/24180043\/logosy2-768x118.png 768w, https:\/\/cdn.teamdeck.io\/uploads\/website\/2017\/09\/24180043\/logosy2-960x147.png 960w\" sizes=\"auto, (max-width: 1045px) 100vw, 1045px\" \/><\/p>","protected":false},"excerpt":{"rendered":"PROGRAM OPERACYJNY Inteligentny Rozw\u00f3j o\u015b priorytetowa 3 Wsparcie innowacji w przedsi\u0119biorstwach dzia\u0142anie 3.3 Wsparcie promocji oz internacjonalizacji innowacyjnych przedsi\u0119biorstw poddzia\u0142anie 3.3.3 Wsparcie M\u015aP w promocji marek produktowych - \u8f6c\u5230\u54c1\u724c \"Teamdeck Sp...","protected":false},"author":17,"featured_media":0,"parent":0,"menu_order":0,"comment_status":"closed","ping_status":"closed","template":"","meta":{"footnotes":""},"class_list":["post-3306","page","type-page","status-publish","hentry"],"yoast_head":"<!-- This site is optimized with the Yoast SEO Premium plugin v23.8 (Yoast SEO v24.3) - https:\/\/yoast.com\/wordpress\/plugins\/seo\/ -->\n<title>Funding programme - Teamdeck<\/title>\n<meta name=\"robots\" content=\"noindex, follow\" \/>\n<meta property=\"og:locale\" content=\"zh_CN\" \/>\n<meta property=\"og:type\" content=\"article\" \/>\n<meta property=\"og:title\" content=\"Funding programme\" \/>\n<meta property=\"og:description\" content=\"PROGRAM OPERACYJNY Inteligentny Rozw\u00f3j o\u015b priorytetowa 3 Wsparcie innowacji w przedsi\u0119biorstwach dzia\u0142anie 3.3 Wsparcie promocji oraz internacjonalizacji innowacyjnych\u00a0przedsi\u0119biorstw poddzia\u0142anie 3.3.3 Wsparcie M\u015aP w promocji marek produktowych \u2013 Go to Brand \u201cPromocja marki produktowej firmy Teamdeck Sp. z...\" \/>\n<meta property=\"og:url\" content=\"https:\/\/teamdeck.io\/zh\/\u8d44\u52a9\u8ba1\u5212\/\" \/>\n<meta property=\"og:site_name\" content=\"Teamdeck\" \/>\n<meta property=\"article:publisher\" content=\"https:\/\/www.facebook.com\/helloteamdeck\" \/>\n<meta property=\"article:modified_time\" content=\"2018-05-24T07:48:30+00:00\" \/>\n<meta property=\"og:image\" content=\"https:\/\/teamdeck.io\/wp-content\/uploads\/2017\/09\/logosy2.png\" \/>\n<meta name=\"twitter:card\" content=\"summary_large_image\" \/>\n<meta name=\"twitter:site\" content=\"@helloteamdeck\" \/>\n<meta name=\"twitter:label1\" content=\"Est. reading time\" \/>\n\t<meta name=\"twitter:data1\" content=\"2 minutes\" \/>\n<script type=\"application\/ld+json\" class=\"yoast-schema-graph\">{\"@context\":\"https:\/\/schema.org\",\"@graph\":[{\"@type\":\"WebPage\",\"@id\":\"https:\/\/teamdeck.io\/funding-programme\/\",\"url\":\"https:\/\/teamdeck.io\/funding-programme\/\",\"name\":\"Funding programme - Teamdeck\",\"isPartOf\":{\"@id\":\"https:\/\/teamdeck.io\/#website\"},\"primaryImageOfPage\":{\"@id\":\"https:\/\/teamdeck.io\/funding-programme\/#primaryimage\"},\"image\":{\"@id\":\"https:\/\/teamdeck.io\/funding-programme\/#primaryimage\"},\"thumbnailUrl\":\"https:\/\/teamdeck.io\/wp-content\/uploads\/2017\/09\/logosy2.png\",\"datePublished\":\"2017-09-25T11:30:56+00:00\",\"dateModified\":\"2018-05-24T07:48:30+00:00\",\"breadcrumb\":{\"@id\":\"https:\/\/teamdeck.io\/funding-programme\/#breadcrumb\"},\"inLanguage\":\"zh-CN\",\"potentialAction\":[{\"@type\":\"ReadAction\",\"target\":[\"https:\/\/teamdeck.io\/funding-programme\/\"]}]},{\"@type\":\"ImageObject\",\"inLanguage\":\"zh-CN\",\"@id\":\"https:\/\/teamdeck.io\/funding-programme\/#primaryimage\",\"url\":\"https:\/\/teamdeck.io\/wp-content\/uploads\/2017\/09\/logosy2.png\",\"contentUrl\":\"https:\/\/teamdeck.io\/wp-content\/uploads\/2017\/09\/logosy2.png\"},{\"@type\":\"BreadcrumbList\",\"@id\":\"https:\/\/teamdeck.io\/funding-programme\/#breadcrumb\",\"itemListElement\":[{\"@type\":\"ListItem\",\"position\":1,\"name\":\"Home\",\"item\":\"https:\/\/teamdeck.io\/\"},{\"@type\":\"ListItem\",\"position\":2,\"name\":\"Funding programme\"}]},{\"@type\":\"WebSite\",\"@id\":\"https:\/\/teamdeck.io\/#website\",\"url\":\"https:\/\/teamdeck.io\/\",\"name\":\"Teamdeck\",\"description\":\"resource scheduling + time tracking + leave management\",\"potentialAction\":[{\"@type\":\"SearchAction\",\"target\":{\"@type\":\"EntryPoint\",\"urlTemplate\":\"https:\/\/teamdeck.io\/?s={search_term_string}\"},\"query-input\":{\"@type\":\"PropertyValueSpecification\",\"valueRequired\":true,\"valueName\":\"search_term_string\"}}],\"inLanguage\":\"zh-CN\"}]}<\/script>\n<!-- \/ Yoast SEO Premium plugin. -->","yoast_head_json":{"title":"Funding programme - Teamdeck","robots":{"index":"noindex","follow":"follow"},"og_locale":"zh_CN","og_type":"article","og_title":"Funding programme","og_description":"PROGRAM OPERACYJNY Inteligentny Rozw\u00f3j o\u015b priorytetowa 3 Wsparcie innowacji w przedsi\u0119biorstwach dzia\u0142anie 3.3 Wsparcie promocji oraz internacjonalizacji innowacyjnych\u00a0przedsi\u0119biorstw poddzia\u0142anie 3.3.3 Wsparcie M\u015aP w promocji marek produktowych \u2013 Go to Brand \u201cPromocja marki produktowej firmy Teamdeck Sp. z...","og_url":"https:\/\/teamdeck.io\/zh\/\u8d44\u52a9\u8ba1\u5212\/","og_site_name":"Teamdeck","article_publisher":"https:\/\/www.facebook.com\/helloteamdeck","article_modified_time":"2018-05-24T07:48:30+00:00","og_image":[{"url":"https:\/\/teamdeck.io\/wp-content\/uploads\/2017\/09\/logosy2.png","type":"","width":"","height":""}],"twitter_card":"summary_large_image","twitter_site":"@helloteamdeck","twitter_misc":{"Est. reading time":"2 minutes"},"schema":{"@context":"https:\/\/schema.org","@graph":[{"@type":"WebPage","@id":"https:\/\/teamdeck.io\/funding-programme\/","url":"https:\/\/teamdeck.io\/funding-programme\/","name":"Funding programme - Teamdeck","isPartOf":{"@id":"https:\/\/teamdeck.io\/#website"},"primaryImageOfPage":{"@id":"https:\/\/teamdeck.io\/funding-programme\/#primaryimage"},"image":{"@id":"https:\/\/teamdeck.io\/funding-programme\/#primaryimage"},"thumbnailUrl":"https:\/\/teamdeck.io\/wp-content\/uploads\/2017\/09\/logosy2.png","datePublished":"2017-09-25T11:30:56+00:00","dateModified":"2018-05-24T07:48:30+00:00","breadcrumb":{"@id":"https:\/\/teamdeck.io\/funding-programme\/#breadcrumb"},"inLanguage":"zh-CN","potentialAction":[{"@type":"ReadAction","target":["https:\/\/teamdeck.io\/funding-programme\/"]}]},{"@type":"ImageObject","inLanguage":"zh-CN","@id":"https:\/\/teamdeck.io\/funding-programme\/#primaryimage","url":"https:\/\/teamdeck.io\/wp-content\/uploads\/2017\/09\/logosy2.png","contentUrl":"https:\/\/teamdeck.io\/wp-content\/uploads\/2017\/09\/logosy2.png"},{"@type":"BreadcrumbList","@id":"https:\/\/teamdeck.io\/funding-programme\/#breadcrumb","itemListElement":[{"@type":"ListItem","position":1,"name":"Home","item":"https:\/\/teamdeck.io\/"},{"@type":"ListItem","position":2,"name":"Funding programme"}]},{"@type":"WebSite","@id":"https:\/\/teamdeck.io\/#website","url":"https:\/\/teamdeck.io\/","name":"Teamdeck","description":"resource scheduling + time tracking + leave management","potentialAction":[{"@type":"SearchAction","target":{"@type":"EntryPoint","urlTemplate":"https:\/\/teamdeck.io\/?s={search_term_string}"},"query-input":{"@type":"PropertyValueSpecification","valueRequired":true,"valueName":"search_term_string"}}],"inLanguage":"zh-CN"}]}},"_links":{"self":[{"href":"https:\/\/teamdeck.io\/zh\/wp-json\/wp\/v2\/pages\/3306","targetHints":{"allow":["GET"]}}],"collection":[{"href":"https:\/\/teamdeck.io\/zh\/wp-json\/wp\/v2\/pages"}],"about":[{"href":"https:\/\/teamdeck.io\/zh\/wp-json\/wp\/v2\/types\/page"}],"author":[{"embeddable":true,"href":"https:\/\/teamdeck.io\/zh\/wp-json\/wp\/v2\/users\/17"}],"replies":[{"embeddable":true,"href":"https:\/\/teamdeck.io\/zh\/wp-json\/wp\/v2\/comments?post=3306"}],"version-history":[{"count":10,"href":"https:\/\/teamdeck.io\/zh\/wp-json\/wp\/v2\/pages\/3306\/revisions"}],"predecessor-version":[{"id":3806,"href":"https:\/\/teamdeck.io\/zh\/wp-json\/wp\/v2\/pages\/3306\/revisions\/3806"}],"wp:attachment":[{"href":"https:\/\/teamdeck.io\/zh\/wp-json\/wp\/v2\/media?parent=3306"}],"curies":[{"name":"wp","href":"https:\/\/api.w.org\/{rel}","templated":true}]}}