{"id":5786,"date":"2020-03-10T21:55:27","date_gmt":"2020-03-10T19:55:27","guid":{"rendered":"https:\/\/teamdeck.io\/?page_id=5786"},"modified":"2022-01-11T16:19:56","modified_gmt":"2022-01-11T14:19:56","slug":"teamdeck-vs-resource-guru","status":"publish","type":"page","link":"https:\/\/teamdeck.io\/tr\/teamdeck-vs-kaynak-gurusu\/","title":{"rendered":"Kaynak Gurusu Alternatifi"},"content":{"rendered":"<div data-vc-full-width=\"true\" data-vc-full-width-init=\"false\" class=\"vc_row wpb_row vc_row-fluid redl-row-section vc_custom_1547727116563 vc_row-has-fill vc_row-o-content-middle vc_row-flex padding-default bgv-default bgh-default halign-center\"><div class=\"wpb_column vc_column_container text-left vc_col-sm-4 padding-default bgv-default bgh-default halign-center\"><div class=\"vc_column-inner\"><div class=\"wpb_wrapper\">\n\t<div class=\"wpb_text_column wpb_content_element\" >\n\t\t<div class=\"wpb_wrapper\">\n\t\t\t<h1>Teamdeck vs Resource Guru<\/h1>\n<p>Teamdeck'in ekip planlamadan zaman takibine ve devams\u0131zl\u0131k y\u00f6netimine kadar t\u00fcm kaynak y\u00f6netimi s\u00fcreci \u00fczerinde size nas\u0131l daha fazla kontrol sa\u011flad\u0131\u011f\u0131n\u0131 g\u00f6r\u00fcn. <strong><span style=\"color: #1ac604;\">Resource Guru ve Teamdeck kar\u015f\u0131la\u015ft\u0131rmas\u0131 hakk\u0131nda a\u015fa\u011f\u0131y\u0131 okuyun<\/span>.<\/strong><\/p>\n\n\t\t<\/div>\n\t<\/div>\n\n\t<div class=\"wpb_text_column wpb_content_element\" >\n\t\t<div class=\"wpb_wrapper\">\n\t\t\t<p style=\"text-align: left;\"><span class=\"arrow-link\"><a href=\"https:\/\/app.teamdeck.io\/register\">30 g\u00fcnl\u00fck \u00dcCRETS\u0130Z Deneme Al\u0131n<\/a><\/span><\/p>\n\n\t\t<\/div>\n\t<\/div>\n<\/div><\/div><\/div><div class=\"wpb_column vc_column_container text-center vc_col-sm-8 vc_col-has-fill padding-default bgv-default bgh-default halign-center\"><div class=\"vc_column-inner vc_custom_1583827482870\"><div class=\"wpb_wrapper\">\n\t<div class=\"wpb_text_column wpb_content_element  vc_custom_1638208805246 video-nocontrols\" >\n\t\t<div class=\"wpb_wrapper\">\n\t\t\t<p><img loading=\"lazy\" decoding=\"async\" class=\"aligncenter wp-image-5809\" src=\"https:\/\/cdn.teamdeck.io\/uploads\/website\/2020\/03\/10215241\/Untitled-design-11-300x250.png\" alt=\"Teamdeck kaynak planlama yaz\u0131l\u0131m\u0131, kaynak gurusu alternatiflerinin k\u00fc\u00e7\u00fck ailesi haline geldi\" width=\"600\" height=\"500\" srcset=\"https:\/\/cdn.teamdeck.io\/uploads\/website\/2020\/03\/10215241\/Untitled-design-11-300x250.png 300w, https:\/\/cdn.teamdeck.io\/uploads\/website\/2020\/03\/10215241\/Untitled-design-11-768x640.png 768w, https:\/\/cdn.teamdeck.io\/uploads\/website\/2020\/03\/10215241\/Untitled-design-11-960x800.png 960w, https:\/\/cdn.teamdeck.io\/uploads\/website\/2020\/03\/10215241\/Untitled-design-11.png 1800w\" sizes=\"auto, (max-width: 600px) 100vw, 600px\" \/><\/p>\n\n\t\t<\/div>\n\t<\/div>\n<\/div><\/div><\/div><\/div><div class=\"vc_row-full-width vc_clearfix\"><\/div><div class=\"vc_row wpb_row vc_row-fluid redl-row-section padding-default bgv-default bgh-default halign-default\"><div class=\"wpb_column vc_column_container text-left vc_col-sm-12 padding-default bgv-default bgh-default halign-default\"><div class=\"vc_column-inner\"><div class=\"wpb_wrapper\">\n\t<div class=\"wpb_text_column wpb_content_element\" >\n\t\t<div class=\"wpb_wrapper\">\n\t\t\t<h2>Resource Guru alternatifleri mi ar\u0131yorsunuz?<\/h2>\n<p>Teamdeck ihtiya\u00e7lar\u0131n\u0131za cevap olabilir.<\/p>\n<p>Hem Resource Guru hem de Teamdeck kaynak y\u00f6netimine odaklanm\u0131\u015ft\u0131r. Bu nedenle ekipler, dahili s\u00fcre\u00e7leri y\u00f6netmek i\u00e7in daha genel bir yakla\u015f\u0131ma sahip uygulamalar yerine bu ara\u00e7lar\u0131 tercih ediyor.<\/p>\n<p><strong>Teamdeck ve Resource Guru<\/strong> <strong>farkl\u0131<\/strong> <strong>sunulan \u00f6zellikler ve fiyatland\u0131rma s\u00f6z konusu oldu\u011funda<\/strong>Ancak her iki ara\u00e7 i\u00e7in de ayl\u0131k abonelik planlar\u0131 mevcuttur. Ayr\u0131nt\u0131lar\u0131 a\u015fa\u011f\u0131da g\u00f6rebilirsiniz.<\/p>\n\n\t\t<\/div>\n\t<\/div>\n<\/div><\/div><\/div><\/div><div class=\"vc_row wpb_row vc_row-fluid redl-row-section padding-default bgv-default bgh-default halign-default\"><div class=\"wpb_column vc_column_container text-left vc_col-sm-12 padding-default bgv-default bgh-default halign-default\"><div class=\"vc_column-inner\"><div class=\"wpb_wrapper\">\n\t<div class=\"wpb_text_column wpb_content_element\" >\n\t\t<div class=\"wpb_wrapper\">\n\t\t\t<p><img loading=\"lazy\" decoding=\"async\" class=\"aligncenter wp-image-5822\" src=\"https:\/\/cdn.teamdeck.io\/uploads\/website\/2020\/03\/13124322\/Screenshot-2020-03-13-at-11.43.04-300x177.png\" alt=\"En iyi kaynak gurusu alternatifleri, \u00f6zellikleri ve fiyat kar\u015f\u0131la\u015ft\u0131rmalar\u0131n\u0131 dikkate almal\u0131d\u0131r\" width=\"700\" height=\"414\" srcset=\"https:\/\/cdn.teamdeck.io\/uploads\/website\/2020\/03\/13124322\/Screenshot-2020-03-13-at-11.43.04-300x177.png 300w, https:\/\/cdn.teamdeck.io\/uploads\/website\/2020\/03\/13124322\/Screenshot-2020-03-13-at-11.43.04-768x454.png 768w, https:\/\/cdn.teamdeck.io\/uploads\/website\/2020\/03\/13124322\/Screenshot-2020-03-13-at-11.43.04-960x568.png 960w, https:\/\/cdn.teamdeck.io\/uploads\/website\/2020\/03\/13124322\/Screenshot-2020-03-13-at-11.43.04.png 1572w\" sizes=\"auto, (max-width: 700px) 100vw, 700px\" \/><\/p>\n\n\t\t<\/div>\n\t<\/div>\n<\/div><\/div><\/div><\/div><div class=\"vc_row wpb_row vc_row-fluid redl-row-section padding-small bgv-default bgh-default halign-default\"><div class=\"wpb_column vc_column_container text-left vc_col-sm-12 padding-small bgv-default bgh-default halign-default\"><div class=\"vc_column-inner\"><div class=\"wpb_wrapper\">\n\t<div class=\"wpb_text_column wpb_content_element\" >\n\t\t<div class=\"wpb_wrapper\">\n\t\t\t<h2 style=\"text-align: center;\"><strong>\u015eirketlerin Teamdeck'i sevmesinin 3 nedeni - eksiksiz kaynak y\u00f6netimi \u00e7\u00f6z\u00fcm\u00fc<\/strong><\/h2>\n\n\t\t<\/div>\n\t<\/div>\n<\/div><\/div><\/div><\/div><div class=\"vc_row wpb_row vc_row-fluid redl-row-section use-cases-title vc_custom_1582120251302 padding-default bgv-default bgh-default halign-default\"><div class=\"wpb_column vc_column_container text-left vc_col-sm-4 padding-default bgv-default bgh-default halign-default\"><div class=\"vc_column-inner\"><div class=\"wpb_wrapper\">\n\t<div class=\"wpb_text_column wpb_content_element\" >\n\t\t<div class=\"wpb_wrapper\">\n\t\t\t<h2 style=\"text-align: center;\"><strong><span class=\"text-title column-title\">Eksiksiz kaynak y\u00f6netimi \u00e7\u00f6z\u00fcm\u00fc<\/span><\/strong><\/h2>\n<p style=\"text-align: center;\">Kaynak planlamadan zaman takibine ve izin y\u00f6netimine kadar uzanan \u00f6zellikleriyle Teamdeck, ekiplere kendi i\u00e7 s\u00fcre\u00e7leri \u00fczerinde daha fazla kontrol sa\u011flar. Teamdeck ile \u015funlar\u0131 yapabilirsiniz <strong>sadece ekibinizin \u00e7al\u0131\u015fmalar\u0131n\u0131 planlamakla kalmaz, ayn\u0131 zamanda etkilerini de \u00f6l\u00e7er<\/strong> ve sonu\u00e7 olarak, gelecekte planlama \u00e7abalar\u0131n\u0131z\u0131 optimize edin.<\/p>\n\n\t\t<\/div>\n\t<\/div>\n<\/div><\/div><\/div><div class=\"wpb_column vc_column_container text-left vc_col-sm-4 padding-default bgv-default bgh-default halign-default\"><div class=\"vc_column-inner\"><div class=\"wpb_wrapper\">\n\t<div class=\"wpb_text_column wpb_content_element\" >\n\t\t<div class=\"wpb_wrapper\">\n\t\t\t<h2 style=\"text-align: center;\"><span class=\"text-title column-title\">H\u0131zl\u0131 ve etkili i\u015fe al\u0131m<\/span><\/h2>\n<p style=\"text-align: center;\">Teamdeck'in ekibiniz i\u00e7in do\u011fru ara\u00e7 oldu\u011funu mu d\u00fc\u015f\u00fcn\u00fcyorsunuz? H\u0131zl\u0131 bir \u00fcr\u00fcn turunu tamamlay\u0131n, ekibinizin ayarlar\u0131n\u0131 ki\u015fiselle\u015ftirin ve verilerinizi i\u00e7e aktar\u0131n. Uygulamay\u0131 haz\u0131rlamak i\u00e7in zaman kaybetmenize gerek yok: <strong>ilk g\u00fcnden itibaren de\u011fer kazanmaya ba\u015flayacaks\u0131n\u0131z.<\/strong><\/p>\n\n\t\t<\/div>\n\t<\/div>\n<\/div><\/div><\/div><div class=\"wpb_column vc_column_container text-left vc_col-sm-4 padding-default bgv-default bgh-default halign-default\"><div class=\"vc_column-inner\"><div class=\"wpb_wrapper\">\n\t<div class=\"wpb_text_column wpb_content_element\" >\n\t\t<div class=\"wpb_wrapper\">\n\t\t\t<h2 style=\"text-align: center;\"><span class=\"text-title column-title\">D\u00fcnya standartlar\u0131nda destek<\/span><\/h2>\n<p style=\"text-align: center;\">Bunu ne kadar vurgulasak azd\u0131r: <strong>#1 \u00f6nceli\u011fimiz Teamdeck'ten yararlanman\u0131zd\u0131r<\/strong> m\u00fcmk\u00fcn oldu\u011funca \u00e7ok. Bu nedenle ki\u015fiselle\u015ftirilmi\u015f \u00fcr\u00fcn demolar\u0131, ekibiniz i\u00e7in i\u015fe al\u0131m \u00e7a\u011fr\u0131lar\u0131 ve ihtiya\u00e7 duydu\u011funuzda \u00f6ncelikli destek sunuyoruz.<\/p>\n\n\t\t<\/div>\n\t<\/div>\n<\/div><\/div><\/div><\/div><div class=\"vc_row wpb_row vc_row-fluid redl-row-section padding-default bgv-default bgh-default halign-default\"><div class=\"wpb_column vc_column_container text-left vc_col-sm-12 padding-default bgv-default bgh-default halign-default\"><div class=\"vc_column-inner\"><div class=\"wpb_wrapper\"><\/div><\/div><\/div><\/div><div class=\"vc_row wpb_row vc_row-fluid redl-row-section padding-default bgv-default bgh-default halign-default\"><div class=\"wpb_column vc_column_container text-left vc_col-sm-12 padding-default bgv-default bgh-default halign-default\"><div class=\"vc_column-inner\"><div class=\"wpb_wrapper\">\n\t<div class=\"wpb_text_column wpb_content_element\" >\n\t\t<div class=\"wpb_wrapper\">\n\t\t\t<h2 class=\"ql-align-center\" style=\"text-align: center;\"><strong>Circus Maximus, BAMM, Stormind Games, Hill-Knowlton Strategies Teamdeck.io'yu <a href=\"https:\/\/teamdeck.io\/tr\/\">proje kaynak y\u00f6neti\u0307mi\u0307 yazilimi<\/a><\/strong><\/h2>\n\n\t\t<\/div>\n\t<\/div>\n<\/div><\/div><\/div><\/div><div class=\"vc_row wpb_row vc_row-fluid redl-row-section padding-default bgv-default bgh-default halign-default\"><div class=\"wpb_column vc_column_container text-left vc_col-sm-12 padding-default bgv-default bgh-default halign-default\"><div class=\"vc_column-inner vc_custom_1583774752686\"><div class=\"wpb_wrapper\"><form class=\"get-started-form\" action=\"\">\n  <div class=\"get-started-form__input-wrapper\">\n    <input class=\"get-started-form__input\" placeholder=\"\u0130\u015fletme e-postan\u0131z\u0131 girin\" \/>\n  <\/div>\n  <button type=\"submit\" class=\"get-started-form__button\">\n    <span class=\"get-started-form__button-text\">14 g\u00fcnl\u00fck \u00dcCRETS\u0130Z deneme al\u0131n<\/>\n  <\/button>\n  <button class=\"get-started-form__button\">\n    <span class=\"get-started-form__button-text\">Ge\u00e7ersiz e-posta<\/>\n  <\/button>\n<input type=\"hidden\" name=\"trp-form-language\" value=\"tr\"\/><\/form>\n<\/div><\/div><\/div><\/div>","protected":false},"excerpt":{"rendered":"Teamdeck vs Resource Guru Teamdeck'in ekip planlamadan zaman takibine ve devams\u0131zl\u0131k y\u00f6netimine kadar t\u00fcm kaynak y\u00f6netimi s\u00fcreci \u00fczerinde size nas\u0131l daha fazla kontrol sa\u011flad\u0131\u011f\u0131n\u0131 g\u00f6r\u00fcn. Resource Guru ve Teamdeck kar\u015f\u0131la\u015ft\u0131rmas\u0131 hakk\u0131nda a\u015fa\u011f\u0131y\u0131 okuyun. 30 g\u00fcnl\u00fck f\u0131rsat al\u0131n...","protected":false},"author":17,"featured_media":0,"parent":0,"menu_order":0,"comment_status":"closed","ping_status":"closed","template":"","meta":{"footnotes":""},"class_list":["post-5786","page","type-page","status-publish","hentry"],"yoast_head":"<!-- This site is optimized with the Yoast SEO Premium plugin v23.8 (Yoast SEO v24.3) - https:\/\/yoast.com\/wordpress\/plugins\/seo\/ -->\n<title>Resource Guru alternatives - Teamdeck - Resource Management Software<\/title>\n<meta name=\"description\" content=\"Teamdeck.io - resource management software is in use by Stormind Games, Circus Maximus, Hill-Knowlton. We replaced Resource Guru many times.\" \/>\n<meta name=\"robots\" content=\"index, follow, max-snippet:-1, max-image-preview:large, max-video-preview:-1\" \/>\n<link rel=\"canonical\" href=\"https:\/\/teamdeck.io\/tr\/teamdeck-vs-kaynak-gurusu\/\" \/>\n<meta property=\"og:locale\" content=\"tr_TR\" \/>\n<meta property=\"og:type\" content=\"article\" \/>\n<meta property=\"og:title\" content=\"Resource Guru Alternative\" \/>\n<meta property=\"og:description\" content=\"Teamdeck.io - resource management software is in use by Stormind Games, Circus Maximus, Hill-Knowlton. We replaced Resource Guru many times.\" \/>\n<meta property=\"og:url\" content=\"https:\/\/teamdeck.io\/tr\/teamdeck-vs-kaynak-gurusu\/\" \/>\n<meta property=\"og:site_name\" content=\"Teamdeck\" \/>\n<meta property=\"article:publisher\" content=\"https:\/\/www.facebook.com\/helloteamdeck\" \/>\n<meta property=\"article:modified_time\" content=\"2022-01-11T14:19:56+00:00\" \/>\n<meta property=\"og:image\" content=\"https:\/\/teamdeck.io\/wp-content\/uploads\/2020\/03\/Untitled-design-11-300x250.png\" \/>\n<meta name=\"twitter:card\" content=\"summary_large_image\" \/>\n<meta name=\"twitter:site\" content=\"@helloteamdeck\" \/>\n<meta name=\"twitter:label1\" content=\"Est. reading time\" \/>\n\t<meta name=\"twitter:data1\" content=\"2 minutes\" \/>\n<script type=\"application\/ld+json\" class=\"yoast-schema-graph\">{\"@context\":\"https:\/\/schema.org\",\"@graph\":[{\"@type\":\"WebPage\",\"@id\":\"https:\/\/teamdeck.io\/teamdeck-vs-resource-guru\/\",\"url\":\"https:\/\/teamdeck.io\/teamdeck-vs-resource-guru\/\",\"name\":\"Resource Guru alternatives - Teamdeck - Resource Management Software\",\"isPartOf\":{\"@id\":\"https:\/\/teamdeck.io\/#website\"},\"primaryImageOfPage\":{\"@id\":\"https:\/\/teamdeck.io\/teamdeck-vs-resource-guru\/#primaryimage\"},\"image\":{\"@id\":\"https:\/\/teamdeck.io\/teamdeck-vs-resource-guru\/#primaryimage\"},\"thumbnailUrl\":\"https:\/\/teamdeck.io\/wp-content\/uploads\/2020\/03\/Untitled-design-11-300x250.png\",\"datePublished\":\"2020-03-10T19:55:27+00:00\",\"dateModified\":\"2022-01-11T14:19:56+00:00\",\"description\":\"Teamdeck.io - resource management software is in use by Stormind Games, Circus Maximus, Hill-Knowlton. We replaced Resource Guru many times.\",\"breadcrumb\":{\"@id\":\"https:\/\/teamdeck.io\/teamdeck-vs-resource-guru\/#breadcrumb\"},\"inLanguage\":\"tr-TR\",\"potentialAction\":[{\"@type\":\"ReadAction\",\"target\":[\"https:\/\/teamdeck.io\/teamdeck-vs-resource-guru\/\"]}]},{\"@type\":\"ImageObject\",\"inLanguage\":\"tr-TR\",\"@id\":\"https:\/\/teamdeck.io\/teamdeck-vs-resource-guru\/#primaryimage\",\"url\":\"https:\/\/teamdeck.io\/wp-content\/uploads\/2020\/03\/Untitled-design-11-300x250.png\",\"contentUrl\":\"https:\/\/teamdeck.io\/wp-content\/uploads\/2020\/03\/Untitled-design-11-300x250.png\"},{\"@type\":\"BreadcrumbList\",\"@id\":\"https:\/\/teamdeck.io\/teamdeck-vs-resource-guru\/#breadcrumb\",\"itemListElement\":[{\"@type\":\"ListItem\",\"position\":1,\"name\":\"Home\",\"item\":\"https:\/\/teamdeck.io\/\"},{\"@type\":\"ListItem\",\"position\":2,\"name\":\"Resource Guru Alternative\"}]},{\"@type\":\"WebSite\",\"@id\":\"https:\/\/teamdeck.io\/#website\",\"url\":\"https:\/\/teamdeck.io\/\",\"name\":\"Teamdeck\",\"description\":\"resource scheduling + time tracking + leave management\",\"potentialAction\":[{\"@type\":\"SearchAction\",\"target\":{\"@type\":\"EntryPoint\",\"urlTemplate\":\"https:\/\/teamdeck.io\/?s={search_term_string}\"},\"query-input\":{\"@type\":\"PropertyValueSpecification\",\"valueRequired\":true,\"valueName\":\"search_term_string\"}}],\"inLanguage\":\"tr-TR\"}]}<\/script>\n<!-- \/ Yoast SEO Premium plugin. -->","yoast_head_json":{"title":"Resource Guru alternatives - Teamdeck - Resource Management Software","description":"Teamdeck.io - resource management software is in use by Stormind Games, Circus Maximus, Hill-Knowlton. We replaced Resource Guru many times.","robots":{"index":"index","follow":"follow","max-snippet":"max-snippet:-1","max-image-preview":"max-image-preview:large","max-video-preview":"max-video-preview:-1"},"canonical":"https:\/\/teamdeck.io\/tr\/teamdeck-vs-kaynak-gurusu\/","og_locale":"tr_TR","og_type":"article","og_title":"Resource Guru Alternative","og_description":"Teamdeck.io - resource management software is in use by Stormind Games, Circus Maximus, Hill-Knowlton. We replaced Resource Guru many times.","og_url":"https:\/\/teamdeck.io\/tr\/teamdeck-vs-kaynak-gurusu\/","og_site_name":"Teamdeck","article_publisher":"https:\/\/www.facebook.com\/helloteamdeck","article_modified_time":"2022-01-11T14:19:56+00:00","og_image":[{"url":"https:\/\/teamdeck.io\/wp-content\/uploads\/2020\/03\/Untitled-design-11-300x250.png","type":"","width":"","height":""}],"twitter_card":"summary_large_image","twitter_site":"@helloteamdeck","twitter_misc":{"Est. reading time":"2 minutes"},"schema":{"@context":"https:\/\/schema.org","@graph":[{"@type":"WebPage","@id":"https:\/\/teamdeck.io\/teamdeck-vs-resource-guru\/","url":"https:\/\/teamdeck.io\/teamdeck-vs-resource-guru\/","name":"Resource Guru alternatives - Teamdeck - Resource Management Software","isPartOf":{"@id":"https:\/\/teamdeck.io\/#website"},"primaryImageOfPage":{"@id":"https:\/\/teamdeck.io\/teamdeck-vs-resource-guru\/#primaryimage"},"image":{"@id":"https:\/\/teamdeck.io\/teamdeck-vs-resource-guru\/#primaryimage"},"thumbnailUrl":"https:\/\/teamdeck.io\/wp-content\/uploads\/2020\/03\/Untitled-design-11-300x250.png","datePublished":"2020-03-10T19:55:27+00:00","dateModified":"2022-01-11T14:19:56+00:00","description":"Teamdeck.io - resource management software is in use by Stormind Games, Circus Maximus, Hill-Knowlton. We replaced Resource Guru many times.","breadcrumb":{"@id":"https:\/\/teamdeck.io\/teamdeck-vs-resource-guru\/#breadcrumb"},"inLanguage":"tr-TR","potentialAction":[{"@type":"ReadAction","target":["https:\/\/teamdeck.io\/teamdeck-vs-resource-guru\/"]}]},{"@type":"ImageObject","inLanguage":"tr-TR","@id":"https:\/\/teamdeck.io\/teamdeck-vs-resource-guru\/#primaryimage","url":"https:\/\/teamdeck.io\/wp-content\/uploads\/2020\/03\/Untitled-design-11-300x250.png","contentUrl":"https:\/\/teamdeck.io\/wp-content\/uploads\/2020\/03\/Untitled-design-11-300x250.png"},{"@type":"BreadcrumbList","@id":"https:\/\/teamdeck.io\/teamdeck-vs-resource-guru\/#breadcrumb","itemListElement":[{"@type":"ListItem","position":1,"name":"Home","item":"https:\/\/teamdeck.io\/"},{"@type":"ListItem","position":2,"name":"Resource Guru Alternative"}]},{"@type":"WebSite","@id":"https:\/\/teamdeck.io\/#website","url":"https:\/\/teamdeck.io\/","name":"Teamdeck","description":"resource scheduling + time tracking + leave management","potentialAction":[{"@type":"SearchAction","target":{"@type":"EntryPoint","urlTemplate":"https:\/\/teamdeck.io\/?s={search_term_string}"},"query-input":{"@type":"PropertyValueSpecification","valueRequired":true,"valueName":"search_term_string"}}],"inLanguage":"tr-TR"}]}},"_links":{"self":[{"href":"https:\/\/teamdeck.io\/tr\/wp-json\/wp\/v2\/pages\/5786","targetHints":{"allow":["GET"]}}],"collection":[{"href":"https:\/\/teamdeck.io\/tr\/wp-json\/wp\/v2\/pages"}],"about":[{"href":"https:\/\/teamdeck.io\/tr\/wp-json\/wp\/v2\/types\/page"}],"author":[{"embeddable":true,"href":"https:\/\/teamdeck.io\/tr\/wp-json\/wp\/v2\/users\/17"}],"replies":[{"embeddable":true,"href":"https:\/\/teamdeck.io\/tr\/wp-json\/wp\/v2\/comments?post=5786"}],"version-history":[{"count":10,"href":"https:\/\/teamdeck.io\/tr\/wp-json\/wp\/v2\/pages\/5786\/revisions"}],"predecessor-version":[{"id":9001,"href":"https:\/\/teamdeck.io\/tr\/wp-json\/wp\/v2\/pages\/5786\/revisions\/9001"}],"wp:attachment":[{"href":"https:\/\/teamdeck.io\/tr\/wp-json\/wp\/v2\/media?parent=5786"}],"curies":[{"name":"wp","href":"https:\/\/api.w.org\/{rel}","templated":true}]}}