{"id":5722,"date":"2020-03-10T12:46:28","date_gmt":"2020-03-10T10:46:28","guid":{"rendered":"https:\/\/teamdeck.io\/?page_id=5722"},"modified":"2021-11-29T19:35:15","modified_gmt":"2021-11-29T17:35:15","slug":"teamdeck-vs-wrike","status":"publish","type":"page","link":"https:\/\/teamdeck.io\/tr\/teamdeck-vs-wrike\/","title":{"rendered":"Teamdeck vs Wrike"},"content":{"rendered":"<div data-vc-full-width=\"true\" data-vc-full-width-init=\"false\" class=\"vc_row wpb_row vc_row-fluid redl-row-section vc_custom_1547727116563 vc_row-has-fill vc_row-o-content-middle vc_row-flex padding-default bgv-default bgh-default halign-center\"><div class=\"wpb_column vc_column_container text-left vc_col-sm-4 padding-default bgv-default bgh-default halign-center\"><div class=\"vc_column-inner\"><div class=\"wpb_wrapper\">\n\t<div class=\"wpb_text_column wpb_content_element\" >\n\t\t<div class=\"wpb_wrapper\">\n\t\t\t<h1>Teamdeck vs Wrike<\/h1>\n<p>G\u00fc\u00e7l\u00fc bir <a href=\"https:\/\/teamdeck.io\/tr\/\" target=\"_blank\" rel=\"noopener noreferrer\">kaynak y\u00f6neti\u0307m yazilimi<\/a>\u00a0ekibinizin \u00e7al\u0131\u015fmalar\u0131n\u0131, proje g\u00f6revlerini planlamak ve y\u00f6netmek veya proje performans\u0131n\u0131 do\u011frulamak i\u00e7in?<\/p>\n<p><strong>A\u015fa\u011f\u0131da Wrike hakk\u0131nda bilgi edinin<\/strong> veya Teamdeck'in neden NTT Data, Circus Maximus veya Hill-Knowlton gibi uluslararas\u0131 tan\u0131nm\u0131\u015f markalar taraf\u0131ndan se\u00e7ildi\u011fini \u00f6\u011frenin.<\/p>\n\n\t\t<\/div>\n\t<\/div>\n\n\t<div class=\"wpb_text_column wpb_content_element\" >\n\t\t<div class=\"wpb_wrapper\">\n\t\t\t<p style=\"text-align: left;\"><span class=\"arrow-link\"><a href=\"https:\/\/app.teamdeck.io\/register\">30 g\u00fcnl\u00fck \u00dcCRETS\u0130Z Deneme Al\u0131n<\/a><\/span><\/p>\n\n\t\t<\/div>\n\t<\/div>\n<\/div><\/div><\/div><div class=\"wpb_column vc_column_container text-center vc_col-sm-8 vc_col-has-fill padding-default bgv-default bgh-default halign-center\"><div class=\"vc_column-inner vc_custom_1583827482870\"><div class=\"wpb_wrapper\">\n\t<div class=\"wpb_text_column wpb_content_element  vc_custom_1638206980324 video-nocontrols\" >\n\t\t<div class=\"wpb_wrapper\">\n\t\t\t<p><img loading=\"lazy\" decoding=\"async\" class=\"alignnone wp-image-5758\" src=\"https:\/\/cdn.teamdeck.io\/uploads\/website\/2020\/03\/10100907\/Untitled-design-300x250.png\" alt=\"Teamdeck, bir\u00e7ok proje y\u00f6neticisi taraf\u0131ndan se\u00e7ilen Wrike alternatiflerinin k\u00fc\u00e7\u00fck grubunun bir par\u00e7as\u0131d\u0131r\" width=\"600\" height=\"500\" srcset=\"https:\/\/cdn.teamdeck.io\/uploads\/website\/2020\/03\/10100907\/Untitled-design-300x250.png 300w, https:\/\/cdn.teamdeck.io\/uploads\/website\/2020\/03\/10100907\/Untitled-design-768x640.png 768w, https:\/\/cdn.teamdeck.io\/uploads\/website\/2020\/03\/10100907\/Untitled-design-960x800.png 960w, https:\/\/cdn.teamdeck.io\/uploads\/website\/2020\/03\/10100907\/Untitled-design.png 1800w\" sizes=\"auto, (max-width: 600px) 100vw, 600px\" \/><\/p>\n\n\t\t<\/div>\n\t<\/div>\n<\/div><\/div><\/div><\/div><div class=\"vc_row-full-width vc_clearfix\"><\/div><div class=\"vc_row wpb_row vc_row-fluid redl-row-section padding-default bgv-default bgh-default halign-default\"><div class=\"wpb_column vc_column_container text-left vc_col-sm-12 padding-default bgv-default bgh-default halign-default\"><div class=\"vc_column-inner\"><div class=\"wpb_wrapper\">\n\t<div class=\"wpb_text_column wpb_content_element\" >\n\t\t<div class=\"wpb_wrapper\">\n\t\t\t<h2>Wrike alternatifleri mi ar\u0131yorsunuz?<\/h2>\n<p><span style=\"font-weight: 400;\">Birden fazla projeyi y\u00f6netmek i\u00e7in kaynak planlamas\u0131na y\u00f6nelik farkl\u0131 uygulamalara bakt\u0131\u011f\u0131n\u0131zda, kaynak y\u00f6netimi odakl\u0131 uygulamalar ile di\u011fer s\u00fcre\u00e7leri de kapsamay\u0131 ama\u00e7layan ara\u00e7lar aras\u0131nda se\u00e7im yapt\u0131\u011f\u0131n\u0131z\u0131 hemen fark edeceksiniz. Wrike ve Teamdeck aras\u0131ndaki temel fark budur.\u00a0<\/span><\/p>\n<p><span style=\"font-weight: 400;\">Wrike tamamen tek bir g\u00fc\u00e7l\u00fc komuta merkezine sahip olmakla ilgilidir. Proje y\u00f6netimi, ekip i\u015fbirli\u011fi veya farkl\u0131 varl\u0131klarla \u00e7al\u0131\u015fmak i\u00e7in kullanabilirsiniz.<\/span><b> Kaynak planlama tahsisi, Wrike Resource adl\u0131 bir eklenti kullan\u0131larak ger\u00e7ekle\u015ftirilebilir. <\/b><span style=\"font-weight: 400;\">Bu se\u00e7enek \u0130\u015fletme, Pazarlamac\u0131lar i\u00e7in Wrike ve Kurumsal planlar i\u00e7in kullan\u0131labilir.\u00a0<\/span><\/p>\n<p><span style=\"font-weight: 400;\">\u00d6te yandan Teamdeck, yaln\u0131zca kaynak y\u00f6netimine odaklanm\u0131\u015ft\u0131r. <\/span><b>\u00c7al\u0131\u015fan planlamas\u0131, zaman takibi ve devams\u0131zl\u0131k y\u00f6netimi \u00f6zelliklerini birle\u015ftirir.<\/b><span style=\"font-weight: 400;\"> Bunun da \u00f6tesinde, ekibinizin \u00fcretkenli\u011fini analiz etmenize, zaman \u00e7izelgelerini izlemenize ve m\u00fc\u015fteriler i\u00e7in raporlar olu\u015fturman\u0131za olanak tan\u0131yan kapsaml\u0131 bir analiz b\u00f6l\u00fcm\u00fcne eri\u015fim elde edersiniz.\u00a0<\/span><\/p>\n\n\t\t<\/div>\n\t<\/div>\n<\/div><\/div><\/div><\/div><div class=\"vc_row wpb_row vc_row-fluid redl-row-section padding-small bgv-default bgh-default halign-default\"><div class=\"wpb_column vc_column_container text-left vc_col-sm-12 padding-default bgv-default bgh-default halign-default\"><div class=\"vc_column-inner\"><div class=\"wpb_wrapper\">\n\t<div class=\"wpb_text_column wpb_content_element\" >\n\t\t<div class=\"wpb_wrapper\">\n\t\t\t<h2 style=\"text-align: center;\"><strong>\u015eirketlerin Wrike'a alternatif olarak Teamdeck'i sevmesinin 3 nedeni<\/strong><\/h2>\n\n\t\t<\/div>\n\t<\/div>\n<\/div><\/div><\/div><\/div><div class=\"vc_row wpb_row vc_row-fluid redl-row-section use-cases-title vc_custom_1582120251302 padding-default bgv-default bgh-default halign-default\"><div class=\"wpb_column vc_column_container text-left vc_col-sm-4 padding-default bgv-default bgh-default halign-default\"><div class=\"vc_column-inner\"><div class=\"wpb_wrapper\">\n\t<div class=\"wpb_text_column wpb_content_element\" >\n\t\t<div class=\"wpb_wrapper\">\n\t\t\t<h2 style=\"text-align: center;\"><span class=\"text-title column-title\">H\u0131zl\u0131 ve etkili i\u015fe al\u0131m<\/span><\/h2>\n<p style=\"text-align: center;\">Teamdeck, Wrike alternatifleri aras\u0131nda \u00e7ok pop\u00fcler olan basit ama g\u00fc\u00e7l\u00fc bir i\u015f y\u00f6netimi \u00e7\u00f6z\u00fcm\u00fcd\u00fcr. Kaydolun, h\u0131zl\u0131 bir \u00fcr\u00fcn turunu tamamlay\u0131n, ekibinizin ayarlar\u0131n\u0131 ki\u015fiselle\u015ftirin ve verilerinizi i\u00e7e aktar\u0131n. Bundan sonras\u0131 i\u00e7in haz\u0131rs\u0131n\u0131z: <strong>Teamdeck, ekibiniz i\u00e7in ilk g\u00fcnden itibaren fark yaratacakt\u0131r.<\/strong><\/p>\n\n\t\t<\/div>\n\t<\/div>\n<\/div><\/div><\/div><div class=\"wpb_column vc_column_container text-left vc_col-sm-4 padding-default bgv-default bgh-default halign-default\"><div class=\"vc_column-inner\"><div class=\"wpb_wrapper\">\n\t<div class=\"wpb_text_column wpb_content_element\" >\n\t\t<div class=\"wpb_wrapper\">\n\t\t\t<h2 style=\"text-align: center;\"><span class=\"text-title column-title\">D\u00fcnya standartlar\u0131nda destek<\/span><\/h2>\n<p style=\"text-align: center;\">Odak noktam\u0131z <strong>kaydoldu\u011funuz andan itibaren de\u011fer sunun<\/strong>. Ki\u015fiselle\u015ftirilmi\u015f bir \u00fcr\u00fcn turu, ekibinizle bir i\u015fe ba\u015flama oturumu ve ihtiya\u00e7 duydu\u011funuzda \u00f6ncelikli destek alacaks\u0131n\u0131z. \u00e7al\u0131\u015fanlar\u0131n t\u00fckenmi\u015fli\u011fini \u00f6nleyin.<\/p>\n\n\t\t<\/div>\n\t<\/div>\n<\/div><\/div><\/div><div class=\"wpb_column vc_column_container text-left vc_col-sm-4 padding-default bgv-default bgh-default halign-default\"><div class=\"vc_column-inner\"><div class=\"wpb_wrapper\">\n\t<div class=\"wpb_text_column wpb_content_element\" >\n\t\t<div class=\"wpb_wrapper\">\n\t\t\t<h2 style=\"text-align: center;\"><span class=\"text-title column-title\">M\u00fc\u015fteri odakl\u0131 bir \u015firket<\/span><\/h2>\n<p style=\"text-align: center;\">Sizi duydu\u011fumuzu s\u00f6ylerken ger\u00e7ekten ciddiyiz. <strong>Teamdeck'in yol haritas\u0131, m\u00fc\u015fterilerimizden ald\u0131\u011f\u0131m\u0131z geri bildirimlere dayanmaktad\u0131r.<\/strong> \u0130\u015f hayat\u0131n\u0131z\u0131 \u00e7ok daha kolayla\u015ft\u0131racak bir \u00f6zellik d\u00fc\u015f\u00fcnebiliyor musunuz? Kesinlikle bize bildirin.<\/p>\n\n\t\t<\/div>\n\t<\/div>\n<\/div><\/div><\/div><\/div><div class=\"vc_row wpb_row vc_row-fluid redl-row-section padding-default bgv-default bgh-default halign-default\"><div class=\"wpb_column vc_column_container text-left vc_col-sm-12 padding-default bgv-default bgh-default halign-default\"><div class=\"vc_column-inner\"><div class=\"wpb_wrapper\">\n\t<div class=\"wpb_text_column wpb_content_element\" >\n\t\t<div class=\"wpb_wrapper\">\n\t\t\t<h2 style=\"text-align: center;\"><strong>Teamdeck.io bir <a href=\"https:\/\/teamdeck.io\/tr\/\">kaynak planlama yaz\u0131l\u0131m\u0131<\/a>. Stormind Games, Hill-Knowlton, Circus Maximus taraf\u0131ndan se\u00e7ildi\u011fimizi \u00f6\u011frenin.<\/strong><\/h2>\n\n\t\t<\/div>\n\t<\/div>\n<\/div><\/div><\/div><\/div><div class=\"vc_row wpb_row vc_row-fluid redl-row-section padding-default bgv-default bgh-default halign-default\"><div class=\"wpb_column vc_column_container text-left vc_col-sm-12 padding-default bgv-default bgh-default halign-default\"><div class=\"vc_column-inner vc_custom_1583774752686\"><div class=\"wpb_wrapper\"><form class=\"get-started-form\" action=\"\">\n  <div class=\"get-started-form__input-wrapper\">\n    <input class=\"get-started-form__input\" placeholder=\"\u0130\u015fletme e-postan\u0131z\u0131 girin\" \/>\n  <\/div>\n  <button type=\"submit\" class=\"get-started-form__button\">\n    <span class=\"get-started-form__button-text\">14 g\u00fcnl\u00fck \u00dcCRETS\u0130Z deneme al\u0131n<\/>\n  <\/button>\n  <button class=\"get-started-form__button\">\n    <span class=\"get-started-form__button-text\">Ge\u00e7ersiz e-posta<\/>\n  <\/button>\n<input type=\"hidden\" name=\"trp-form-language\" value=\"tr\"\/><\/form>\n<\/div><\/div><\/div><\/div>","protected":false},"excerpt":{"rendered":"Teamdeck vs Wrike Ekibinizin \u00e7al\u0131\u015fmalar\u0131n\u0131, proje g\u00f6revlerini planlamak ve y\u00f6netmek veya proje performans\u0131n\u0131 do\u011frulamak i\u00e7in g\u00fc\u00e7l\u00fc bir kaynak y\u00f6netimi yaz\u0131l\u0131m\u0131na m\u0131 ihtiyac\u0131n\u0131z var? A\u015fa\u011f\u0131da Wrike hakk\u0131nda bilgi edinin veya Teamdeck'in neden uluslararas\u0131 tan\u0131nm\u0131\u015f markalar taraf\u0131ndan se\u00e7ildi\u011fini \u00f6\u011frenin...","protected":false},"author":17,"featured_media":0,"parent":0,"menu_order":0,"comment_status":"closed","ping_status":"closed","template":"","meta":{"footnotes":""},"class_list":["post-5722","page","type-page","status-publish","hentry"],"yoast_head":"<!-- This site is optimized with the Yoast SEO Premium plugin v23.8 (Yoast SEO v24.3) - https:\/\/yoast.com\/wordpress\/plugins\/seo\/ -->\n<title>Wrike Alternatives - Teamdeck.io - Resource Management Software<\/title>\n<meta name=\"description\" content=\"Teamdeck.io resource management software is in use by Stormind Games, Circus Maximus, Hill-Knowlton, etc. We replaced Wrike many times.\" \/>\n<meta name=\"robots\" content=\"index, follow, max-snippet:-1, max-image-preview:large, max-video-preview:-1\" \/>\n<link rel=\"canonical\" href=\"https:\/\/teamdeck.io\/tr\/teamdeck-vs-wrike\/\" \/>\n<meta property=\"og:locale\" content=\"tr_TR\" \/>\n<meta property=\"og:type\" content=\"article\" \/>\n<meta property=\"og:title\" content=\"Teamdeck vs Wrike\" \/>\n<meta property=\"og:description\" content=\"Teamdeck.io resource management software is in use by Stormind Games, Circus Maximus, Hill-Knowlton, etc. We replaced Wrike many times.\" \/>\n<meta property=\"og:url\" content=\"https:\/\/teamdeck.io\/tr\/teamdeck-vs-wrike\/\" \/>\n<meta property=\"og:site_name\" content=\"Teamdeck\" \/>\n<meta property=\"article:publisher\" content=\"https:\/\/www.facebook.com\/helloteamdeck\" \/>\n<meta property=\"article:modified_time\" content=\"2021-11-29T17:35:15+00:00\" \/>\n<meta property=\"og:image\" content=\"https:\/\/teamdeck.io\/wp-content\/uploads\/2020\/03\/Untitled-design-300x250.png\" \/>\n<meta name=\"twitter:card\" content=\"summary_large_image\" \/>\n<meta name=\"twitter:site\" content=\"@helloteamdeck\" \/>\n<meta name=\"twitter:label1\" content=\"Est. reading time\" \/>\n\t<meta name=\"twitter:data1\" content=\"2 minutes\" \/>\n<script type=\"application\/ld+json\" class=\"yoast-schema-graph\">{\"@context\":\"https:\/\/schema.org\",\"@graph\":[{\"@type\":\"WebPage\",\"@id\":\"https:\/\/teamdeck.io\/teamdeck-vs-wrike\/\",\"url\":\"https:\/\/teamdeck.io\/teamdeck-vs-wrike\/\",\"name\":\"Wrike Alternatives - Teamdeck.io - Resource Management Software\",\"isPartOf\":{\"@id\":\"https:\/\/teamdeck.io\/#website\"},\"primaryImageOfPage\":{\"@id\":\"https:\/\/teamdeck.io\/teamdeck-vs-wrike\/#primaryimage\"},\"image\":{\"@id\":\"https:\/\/teamdeck.io\/teamdeck-vs-wrike\/#primaryimage\"},\"thumbnailUrl\":\"https:\/\/teamdeck.io\/wp-content\/uploads\/2020\/03\/Untitled-design-300x250.png\",\"datePublished\":\"2020-03-10T10:46:28+00:00\",\"dateModified\":\"2021-11-29T17:35:15+00:00\",\"description\":\"Teamdeck.io resource management software is in use by Stormind Games, Circus Maximus, Hill-Knowlton, etc. We replaced Wrike many times.\",\"breadcrumb\":{\"@id\":\"https:\/\/teamdeck.io\/teamdeck-vs-wrike\/#breadcrumb\"},\"inLanguage\":\"tr-TR\",\"potentialAction\":[{\"@type\":\"ReadAction\",\"target\":[\"https:\/\/teamdeck.io\/teamdeck-vs-wrike\/\"]}]},{\"@type\":\"ImageObject\",\"inLanguage\":\"tr-TR\",\"@id\":\"https:\/\/teamdeck.io\/teamdeck-vs-wrike\/#primaryimage\",\"url\":\"https:\/\/teamdeck.io\/wp-content\/uploads\/2020\/03\/Untitled-design-300x250.png\",\"contentUrl\":\"https:\/\/teamdeck.io\/wp-content\/uploads\/2020\/03\/Untitled-design-300x250.png\"},{\"@type\":\"BreadcrumbList\",\"@id\":\"https:\/\/teamdeck.io\/teamdeck-vs-wrike\/#breadcrumb\",\"itemListElement\":[{\"@type\":\"ListItem\",\"position\":1,\"name\":\"Home\",\"item\":\"https:\/\/teamdeck.io\/\"},{\"@type\":\"ListItem\",\"position\":2,\"name\":\"Teamdeck vs Wrike\"}]},{\"@type\":\"WebSite\",\"@id\":\"https:\/\/teamdeck.io\/#website\",\"url\":\"https:\/\/teamdeck.io\/\",\"name\":\"Teamdeck\",\"description\":\"resource scheduling + time tracking + leave management\",\"potentialAction\":[{\"@type\":\"SearchAction\",\"target\":{\"@type\":\"EntryPoint\",\"urlTemplate\":\"https:\/\/teamdeck.io\/?s={search_term_string}\"},\"query-input\":{\"@type\":\"PropertyValueSpecification\",\"valueRequired\":true,\"valueName\":\"search_term_string\"}}],\"inLanguage\":\"tr-TR\"}]}<\/script>\n<!-- \/ Yoast SEO Premium plugin. -->","yoast_head_json":{"title":"Wrike Alternatives - Teamdeck.io - Resource Management Software","description":"Teamdeck.io resource management software is in use by Stormind Games, Circus Maximus, Hill-Knowlton, etc. We replaced Wrike many times.","robots":{"index":"index","follow":"follow","max-snippet":"max-snippet:-1","max-image-preview":"max-image-preview:large","max-video-preview":"max-video-preview:-1"},"canonical":"https:\/\/teamdeck.io\/tr\/teamdeck-vs-wrike\/","og_locale":"tr_TR","og_type":"article","og_title":"Teamdeck vs Wrike","og_description":"Teamdeck.io resource management software is in use by Stormind Games, Circus Maximus, Hill-Knowlton, etc. We replaced Wrike many times.","og_url":"https:\/\/teamdeck.io\/tr\/teamdeck-vs-wrike\/","og_site_name":"Teamdeck","article_publisher":"https:\/\/www.facebook.com\/helloteamdeck","article_modified_time":"2021-11-29T17:35:15+00:00","og_image":[{"url":"https:\/\/teamdeck.io\/wp-content\/uploads\/2020\/03\/Untitled-design-300x250.png","type":"","width":"","height":""}],"twitter_card":"summary_large_image","twitter_site":"@helloteamdeck","twitter_misc":{"Est. reading time":"2 minutes"},"schema":{"@context":"https:\/\/schema.org","@graph":[{"@type":"WebPage","@id":"https:\/\/teamdeck.io\/teamdeck-vs-wrike\/","url":"https:\/\/teamdeck.io\/teamdeck-vs-wrike\/","name":"Wrike Alternatives - Teamdeck.io - Resource Management Software","isPartOf":{"@id":"https:\/\/teamdeck.io\/#website"},"primaryImageOfPage":{"@id":"https:\/\/teamdeck.io\/teamdeck-vs-wrike\/#primaryimage"},"image":{"@id":"https:\/\/teamdeck.io\/teamdeck-vs-wrike\/#primaryimage"},"thumbnailUrl":"https:\/\/teamdeck.io\/wp-content\/uploads\/2020\/03\/Untitled-design-300x250.png","datePublished":"2020-03-10T10:46:28+00:00","dateModified":"2021-11-29T17:35:15+00:00","description":"Teamdeck.io resource management software is in use by Stormind Games, Circus Maximus, Hill-Knowlton, etc. We replaced Wrike many times.","breadcrumb":{"@id":"https:\/\/teamdeck.io\/teamdeck-vs-wrike\/#breadcrumb"},"inLanguage":"tr-TR","potentialAction":[{"@type":"ReadAction","target":["https:\/\/teamdeck.io\/teamdeck-vs-wrike\/"]}]},{"@type":"ImageObject","inLanguage":"tr-TR","@id":"https:\/\/teamdeck.io\/teamdeck-vs-wrike\/#primaryimage","url":"https:\/\/teamdeck.io\/wp-content\/uploads\/2020\/03\/Untitled-design-300x250.png","contentUrl":"https:\/\/teamdeck.io\/wp-content\/uploads\/2020\/03\/Untitled-design-300x250.png"},{"@type":"BreadcrumbList","@id":"https:\/\/teamdeck.io\/teamdeck-vs-wrike\/#breadcrumb","itemListElement":[{"@type":"ListItem","position":1,"name":"Home","item":"https:\/\/teamdeck.io\/"},{"@type":"ListItem","position":2,"name":"Teamdeck vs Wrike"}]},{"@type":"WebSite","@id":"https:\/\/teamdeck.io\/#website","url":"https:\/\/teamdeck.io\/","name":"Teamdeck","description":"resource scheduling + time tracking + leave management","potentialAction":[{"@type":"SearchAction","target":{"@type":"EntryPoint","urlTemplate":"https:\/\/teamdeck.io\/?s={search_term_string}"},"query-input":{"@type":"PropertyValueSpecification","valueRequired":true,"valueName":"search_term_string"}}],"inLanguage":"tr-TR"}]}},"_links":{"self":[{"href":"https:\/\/teamdeck.io\/tr\/wp-json\/wp\/v2\/pages\/5722","targetHints":{"allow":["GET"]}}],"collection":[{"href":"https:\/\/teamdeck.io\/tr\/wp-json\/wp\/v2\/pages"}],"about":[{"href":"https:\/\/teamdeck.io\/tr\/wp-json\/wp\/v2\/types\/page"}],"author":[{"embeddable":true,"href":"https:\/\/teamdeck.io\/tr\/wp-json\/wp\/v2\/users\/17"}],"replies":[{"embeddable":true,"href":"https:\/\/teamdeck.io\/tr\/wp-json\/wp\/v2\/comments?post=5722"}],"version-history":[{"count":34,"href":"https:\/\/teamdeck.io\/tr\/wp-json\/wp\/v2\/pages\/5722\/revisions"}],"predecessor-version":[{"id":8158,"href":"https:\/\/teamdeck.io\/tr\/wp-json\/wp\/v2\/pages\/5722\/revisions\/8158"}],"wp:attachment":[{"href":"https:\/\/teamdeck.io\/tr\/wp-json\/wp\/v2\/media?parent=5722"}],"curies":[{"name":"wp","href":"https:\/\/api.w.org\/{rel}","templated":true}]}}