{"id":5110,"date":"2019-07-15T13:17:14","date_gmt":"2019-07-15T11:17:14","guid":{"rendered":"https:\/\/teamdeck.io\/?page_id=5110"},"modified":"2021-12-16T22:01:57","modified_gmt":"2021-12-16T20:01:57","slug":"teamdeck-for-mobile","status":"publish","type":"page","link":"https:\/\/teamdeck.io\/tr\/mobil-cihazlar-icin-teamdeck\/","title":{"rendered":"Mobil i\u00e7in Teamdeck"},"content":{"rendered":"<div data-vc-full-width=\"true\" data-vc-full-width-init=\"false\" class=\"vc_row wpb_row vc_row-fluid redl-row-section padding-small bgv-default bgh-default halign-default\"><div class=\"wpb_column vc_column_container text-center vc_col-sm-6 padding-large bgv-default bgh-default halign-default\"><div class=\"vc_column-inner\"><div class=\"wpb_wrapper\">\n\t<div class=\"wpb_text_column wpb_content_element\" >\n\t\t<div class=\"wpb_wrapper\">\n\t\t\t<h1 style=\"text-align: left;\">Mobil i\u00e7in Teamdeck<\/h1>\n\n\t\t<\/div>\n\t<\/div>\n\n\t<div class=\"wpb_text_column wpb_content_element\" >\n\t\t<div class=\"wpb_wrapper\">\n\t\t\t<p style=\"text-align: left;\"><span style=\"font-weight: 400;\">Mobil i\u00e7in Teamdeck, Teamdeck'in i\u015flevlerini geni\u015fletir. <\/span>Takviminizi takip etmek i\u00e7in mobil uygulamam\u0131z\u0131 indirin ve <strong>hareket halindeyken zaman\u0131n\u0131z\u0131 takip edin<\/strong>:<\/p>\n\n\t\t<\/div>\n\t<\/div>\n\n\t<div class=\"wpb_text_column wpb_content_element\" >\n\t\t<div class=\"wpb_wrapper\">\n\t\t\t<p><a href=\"https:\/\/apps.apple.com\/us\/app\/teamdeck-for-mobile\/id1467911402?ls=1\"><img loading=\"lazy\" decoding=\"async\" class=\"alignleft wp-image-5203\" src=\"https:\/\/cdn.teamdeck.io\/uploads\/website\/2019\/07\/15125936\/google-play-1-300x90.png\" alt=\"Mobil Uygulama Ma\u011fazas\u0131 i\u00e7in Teamdeck\" width=\"200\" height=\"60\" srcset=\"https:\/\/cdn.teamdeck.io\/uploads\/website\/2019\/07\/15125936\/google-play-1-300x90.png 300w, https:\/\/cdn.teamdeck.io\/uploads\/website\/2019\/07\/15125936\/google-play-1-768x231.png 768w, https:\/\/cdn.teamdeck.io\/uploads\/website\/2019\/07\/15125936\/google-play-1.png 887w\" sizes=\"auto, (max-width: 200px) 100vw, 200px\" \/><\/a><\/p>\n\n\t\t<\/div>\n\t<\/div>\n\n\t<div class=\"wpb_text_column wpb_content_element  vc_custom_1563210279750\" >\n\t\t<div class=\"wpb_wrapper\">\n\t\t\t<p><a href=\"https:\/\/play.google.com\/store\/apps\/details?id=com.apptension.teamdeck&amp;hl=pl\"><img loading=\"lazy\" decoding=\"async\" class=\"alignleft wp-image-5204\" src=\"https:\/\/cdn.teamdeck.io\/uploads\/website\/2019\/07\/15125938\/google-play-2-300x90.png\" alt=\"Mobil Google Play i\u00e7in Teamdeck\" width=\"200\" height=\"60\" srcset=\"https:\/\/cdn.teamdeck.io\/uploads\/website\/2019\/07\/15125938\/google-play-2-300x90.png 300w, https:\/\/cdn.teamdeck.io\/uploads\/website\/2019\/07\/15125938\/google-play-2-768x231.png 768w, https:\/\/cdn.teamdeck.io\/uploads\/website\/2019\/07\/15125938\/google-play-2.png 887w\" sizes=\"auto, (max-width: 200px) 100vw, 200px\" \/><\/a><\/p>\n\n\t\t<\/div>\n\t<\/div>\n<\/div><\/div><\/div><div class=\"wpb_column vc_column_container text-left vc_col-sm-6 padding-default bgv-default bgh-default halign-default\"><div class=\"vc_column-inner\"><div class=\"wpb_wrapper\">\n\t<div class=\"wpb_text_column wpb_content_element\" >\n\t\t<div class=\"wpb_wrapper\">\n\t\t\t<p><img loading=\"lazy\" decoding=\"async\" class=\"alignnone wp-image-5202 size-large\" src=\"https:\/\/cdn.teamdeck.io\/uploads\/website\/2019\/07\/15125624\/obrazek-www_retina-960x800.jpg\" alt=\"\" width=\"960\" height=\"800\" srcset=\"https:\/\/cdn.teamdeck.io\/uploads\/website\/2019\/07\/15125624\/obrazek-www_retina-960x800.jpg 960w, https:\/\/cdn.teamdeck.io\/uploads\/website\/2019\/07\/15125624\/obrazek-www_retina-300x250.jpg 300w, https:\/\/cdn.teamdeck.io\/uploads\/website\/2019\/07\/15125624\/obrazek-www_retina-768x640.jpg 768w\" sizes=\"auto, (max-width: 960px) 100vw, 960px\" \/><\/p>\n\n\t\t<\/div>\n\t<\/div>\n<\/div><\/div><\/div><\/div><div class=\"vc_row-full-width vc_clearfix\"><\/div><div class=\"vc_row wpb_row vc_row-fluid redl-row-section padding-large bgv-default bgh-default halign-default\"><div class=\"wpb_column vc_column_container text-left vc_col-sm-3 padding-default bgv-default bgh-default halign-default\"><div class=\"vc_column-inner\"><div class=\"wpb_wrapper\">\n\t<div class=\"wpb_text_column wpb_content_element\" >\n\t\t<div class=\"wpb_wrapper\">\n\t\t\t<p><span class=\"text-title\">ZAMAN TAK\u0130P\u00c7\u0130S\u0130<\/span><\/p>\n<p>Zaman kaydetmeye ba\u015flamak i\u00e7in tek dokunu\u015f, bitirmek i\u00e7in tek dokunu\u015f: zaman \u00e7izelgeniz an\u0131nda senkronize olacak! Mobil zaman izleyici, zaman\u0131n\u0131z\u0131 kontrol etmenin en kolay yoludur.<\/p>\n\n\t\t<\/div>\n\t<\/div>\n<\/div><\/div><\/div><div class=\"wpb_column vc_column_container text-left vc_col-sm-3 padding-default bgv-default bgh-default halign-default\"><div class=\"vc_column-inner\"><div class=\"wpb_wrapper\">\n\t<div class=\"wpb_text_column wpb_content_element\" >\n\t\t<div class=\"wpb_wrapper\">\n\t\t\t<p><img loading=\"lazy\" decoding=\"async\" class=\"wp-image-5213 aligncenter\" src=\"https:\/\/cdn.teamdeck.io\/uploads\/website\/2019\/07\/15131531\/tracker_iphone-150x300.png\" alt=\"\" width=\"200\" height=\"400\" srcset=\"https:\/\/cdn.teamdeck.io\/uploads\/website\/2019\/07\/15131531\/tracker_iphone-150x300.png 150w, https:\/\/cdn.teamdeck.io\/uploads\/website\/2019\/07\/15131531\/tracker_iphone-768x1535.png 768w, https:\/\/cdn.teamdeck.io\/uploads\/website\/2019\/07\/15131531\/tracker_iphone.png 952w\" sizes=\"auto, (max-width: 200px) 100vw, 200px\" \/><\/p>\n\n\t\t<\/div>\n\t<\/div>\n<\/div><\/div><\/div><div class=\"wpb_column vc_column_container text-left vc_col-sm-3 padding-default bgv-default bgh-default halign-default\"><div class=\"vc_column-inner\"><div class=\"wpb_wrapper\">\n\t<div class=\"wpb_text_column wpb_content_element\" >\n\t\t<div class=\"wpb_wrapper\">\n\t\t\t<p><img loading=\"lazy\" decoding=\"async\" class=\"wp-image-5221 alignleft\" src=\"https:\/\/cdn.teamdeck.io\/uploads\/website\/2019\/06\/17111832\/asset-art-1-150x300.png\" alt=\"\" width=\"200\" height=\"400\" srcset=\"https:\/\/cdn.teamdeck.io\/uploads\/website\/2019\/06\/17111832\/asset-art-1-150x300.png 150w, https:\/\/cdn.teamdeck.io\/uploads\/website\/2019\/06\/17111832\/asset-art-1.png 436w\" sizes=\"auto, (max-width: 200px) 100vw, 200px\" \/><\/p>\n\n\t\t<\/div>\n\t<\/div>\n<\/div><\/div><\/div><div class=\"wpb_column vc_column_container text-left vc_col-sm-3 padding-default bgv-default bgh-default halign-default\"><div class=\"vc_column-inner\"><div class=\"wpb_wrapper\">\n\t<div class=\"wpb_text_column wpb_content_element\" >\n\t\t<div class=\"wpb_wrapper\">\n\t\t\t<p><span class=\"text-title\">TAKV\u0130M<\/span><\/p>\n<p><span style=\"font-weight: 400;\">Takvim sayesinde hangi \u00f6dev \u00fczerinde \u00e7al\u0131\u015fman\u0131z gerekti\u011fini her zaman bileceksiniz. Tatil \u00f6zlemi mi \u00e7ekiyorsunuz? Mevcut ve yakla\u015fan izinlerinizi telefonunuzdan kontrol edin.\u00a0<\/span><\/p>\n\n\t\t<\/div>\n\t<\/div>\n<\/div><\/div><\/div><\/div><div data-vc-full-width=\"true\" data-vc-full-width-init=\"false\" class=\"vc_row wpb_row vc_row-fluid redl-row-section footer-message-row vc_custom_1502964176474 vc_row-has-fill vc_row-o-equal-height vc_row-flex padding-medium bgv-default bgh-default halign-default\"><div class=\"wpb_column vc_column_container text-center vc_col-sm-12 vc_col-lg-8 vc_col-md-9 padding-default bgv-default bgh-default halign-default\"><div class=\"vc_column-inner\"><div class=\"wpb_wrapper\">\n\t<div class=\"wpb_text_column wpb_content_element\" >\n\t\t<div class=\"wpb_wrapper\">\n\t\t\t<p><span class=\"message\">Gemiye binin ve i\u015finizi daha y\u00fcksek bir seviyede y\u00f6netmeye ba\u015flay\u0131n. <\/span><\/p>\n\n\t\t<\/div>\n\t<\/div>\n<a class=\"redl-btn  redl-btn-border redl-btn-two  redl-btn-medium redl-btn-69d126750efa5 btn-hover-one btn-icon-left signup-bottom\" href=\"https:\/\/app.teamdeck.io\/register\" target=\"_blank\">30 g\u00fcnl\u00fck \u00dcCRETS\u0130Z Deneme Al\u0131n<\/a><\/div><\/div><\/div><\/div><div class=\"vc_row-full-width vc_clearfix\"><\/div>","protected":false},"excerpt":{"rendered":"Mobil i\u00e7in Teamdeck Mobil i\u00e7in Teamdeck, Teamdeck'in i\u015flevlerini geni\u015fletir. Takviminizi takip etmek ve hareket halindeyken zaman\u0131n\u0131z\u0131 izlemek i\u00e7in mobil uygulamam\u0131z\u0131 indirin: ZAMAN TAK\u0130B\u0130 Zaman kaydetmeye ba\u015flamak i\u00e7in tek dokunu\u015f, tek...","protected":false},"author":17,"featured_media":0,"parent":0,"menu_order":0,"comment_status":"closed","ping_status":"closed","template":"","meta":{"footnotes":""},"class_list":["post-5110","page","type-page","status-publish","hentry"],"yoast_head":"<!-- This site is optimized with the Yoast SEO Premium plugin v23.8 (Yoast SEO v24.3) - https:\/\/yoast.com\/wordpress\/plugins\/seo\/ -->\n<title>Teamdeck for Mobile - one tap closer to effective resource management<\/title>\n<meta name=\"description\" content=\"Teamdeck Mobile extends the functionalities of Teamdeck. You\u2019re now able to track your time or browse your calendar from your mobile device.\" \/>\n<meta name=\"robots\" content=\"index, follow, max-snippet:-1, max-image-preview:large, max-video-preview:-1\" \/>\n<link rel=\"canonical\" href=\"https:\/\/teamdeck.io\/tr\/mobil-cihazlar-icin-teamdeck\/\" \/>\n<meta property=\"og:locale\" content=\"tr_TR\" \/>\n<meta property=\"og:type\" content=\"article\" \/>\n<meta property=\"og:title\" content=\"Teamdeck for Mobile\" \/>\n<meta property=\"og:description\" content=\"Teamdeck Mobile extends the functionalities of Teamdeck. You\u2019re now able to track your time or browse your calendar from your mobile device.\" \/>\n<meta property=\"og:url\" content=\"https:\/\/teamdeck.io\/tr\/mobil-cihazlar-icin-teamdeck\/\" \/>\n<meta property=\"og:site_name\" content=\"Teamdeck\" \/>\n<meta property=\"article:publisher\" content=\"https:\/\/www.facebook.com\/helloteamdeck\" \/>\n<meta property=\"article:modified_time\" content=\"2021-12-16T20:01:57+00:00\" \/>\n<meta property=\"og:image\" content=\"https:\/\/cdn.teamdeck.io\/uploads\/website\/2019\/06\/17112254\/7b.jpg\" \/>\n<meta name=\"twitter:card\" content=\"summary_large_image\" \/>\n<meta name=\"twitter:site\" content=\"@helloteamdeck\" \/>\n<meta name=\"twitter:label1\" content=\"Est. reading time\" \/>\n\t<meta name=\"twitter:data1\" content=\"2 minutes\" \/>\n<script type=\"application\/ld+json\" class=\"yoast-schema-graph\">{\"@context\":\"https:\/\/schema.org\",\"@graph\":[{\"@type\":\"WebPage\",\"@id\":\"https:\/\/teamdeck.io\/teamdeck-for-mobile\/\",\"url\":\"https:\/\/teamdeck.io\/teamdeck-for-mobile\/\",\"name\":\"Teamdeck for Mobile - one tap closer to effective resource management\",\"isPartOf\":{\"@id\":\"https:\/\/teamdeck.io\/#website\"},\"primaryImageOfPage\":{\"@id\":\"https:\/\/teamdeck.io\/teamdeck-for-mobile\/#primaryimage\"},\"image\":{\"@id\":\"https:\/\/teamdeck.io\/teamdeck-for-mobile\/#primaryimage\"},\"thumbnailUrl\":\"https:\/\/teamdeck.io\/wp-content\/uploads\/2019\/07\/google-play-1-300x90.png\",\"datePublished\":\"2019-07-15T11:17:14+00:00\",\"dateModified\":\"2021-12-16T20:01:57+00:00\",\"description\":\"Teamdeck Mobile extends the functionalities of Teamdeck. You\u2019re now able to track your time or browse your calendar from your mobile device.\",\"breadcrumb\":{\"@id\":\"https:\/\/teamdeck.io\/teamdeck-for-mobile\/#breadcrumb\"},\"inLanguage\":\"tr-TR\",\"potentialAction\":[{\"@type\":\"ReadAction\",\"target\":[\"https:\/\/teamdeck.io\/teamdeck-for-mobile\/\"]}]},{\"@type\":\"ImageObject\",\"inLanguage\":\"tr-TR\",\"@id\":\"https:\/\/teamdeck.io\/teamdeck-for-mobile\/#primaryimage\",\"url\":\"https:\/\/teamdeck.io\/wp-content\/uploads\/2019\/07\/google-play-1-300x90.png\",\"contentUrl\":\"https:\/\/teamdeck.io\/wp-content\/uploads\/2019\/07\/google-play-1-300x90.png\"},{\"@type\":\"BreadcrumbList\",\"@id\":\"https:\/\/teamdeck.io\/teamdeck-for-mobile\/#breadcrumb\",\"itemListElement\":[{\"@type\":\"ListItem\",\"position\":1,\"name\":\"Home\",\"item\":\"https:\/\/teamdeck.io\/\"},{\"@type\":\"ListItem\",\"position\":2,\"name\":\"Teamdeck for Mobile\"}]},{\"@type\":\"WebSite\",\"@id\":\"https:\/\/teamdeck.io\/#website\",\"url\":\"https:\/\/teamdeck.io\/\",\"name\":\"Teamdeck\",\"description\":\"resource scheduling + time tracking + leave management\",\"potentialAction\":[{\"@type\":\"SearchAction\",\"target\":{\"@type\":\"EntryPoint\",\"urlTemplate\":\"https:\/\/teamdeck.io\/?s={search_term_string}\"},\"query-input\":{\"@type\":\"PropertyValueSpecification\",\"valueRequired\":true,\"valueName\":\"search_term_string\"}}],\"inLanguage\":\"tr-TR\"}]}<\/script>\n<!-- \/ Yoast SEO Premium plugin. -->","yoast_head_json":{"title":"Teamdeck for Mobile - one tap closer to effective resource management","description":"Teamdeck Mobile extends the functionalities of Teamdeck. You\u2019re now able to track your time or browse your calendar from your mobile device.","robots":{"index":"index","follow":"follow","max-snippet":"max-snippet:-1","max-image-preview":"max-image-preview:large","max-video-preview":"max-video-preview:-1"},"canonical":"https:\/\/teamdeck.io\/tr\/mobil-cihazlar-icin-teamdeck\/","og_locale":"tr_TR","og_type":"article","og_title":"Teamdeck for Mobile","og_description":"Teamdeck Mobile extends the functionalities of Teamdeck. You\u2019re now able to track your time or browse your calendar from your mobile device.","og_url":"https:\/\/teamdeck.io\/tr\/mobil-cihazlar-icin-teamdeck\/","og_site_name":"Teamdeck","article_publisher":"https:\/\/www.facebook.com\/helloteamdeck","article_modified_time":"2021-12-16T20:01:57+00:00","og_image":[{"url":"https:\/\/cdn.teamdeck.io\/uploads\/website\/2019\/06\/17112254\/7b.jpg","type":"","width":"","height":""}],"twitter_card":"summary_large_image","twitter_site":"@helloteamdeck","twitter_misc":{"Est. reading time":"2 minutes"},"schema":{"@context":"https:\/\/schema.org","@graph":[{"@type":"WebPage","@id":"https:\/\/teamdeck.io\/teamdeck-for-mobile\/","url":"https:\/\/teamdeck.io\/teamdeck-for-mobile\/","name":"Teamdeck for Mobile - one tap closer to effective resource management","isPartOf":{"@id":"https:\/\/teamdeck.io\/#website"},"primaryImageOfPage":{"@id":"https:\/\/teamdeck.io\/teamdeck-for-mobile\/#primaryimage"},"image":{"@id":"https:\/\/teamdeck.io\/teamdeck-for-mobile\/#primaryimage"},"thumbnailUrl":"https:\/\/teamdeck.io\/wp-content\/uploads\/2019\/07\/google-play-1-300x90.png","datePublished":"2019-07-15T11:17:14+00:00","dateModified":"2021-12-16T20:01:57+00:00","description":"Teamdeck Mobile extends the functionalities of Teamdeck. You\u2019re now able to track your time or browse your calendar from your mobile device.","breadcrumb":{"@id":"https:\/\/teamdeck.io\/teamdeck-for-mobile\/#breadcrumb"},"inLanguage":"tr-TR","potentialAction":[{"@type":"ReadAction","target":["https:\/\/teamdeck.io\/teamdeck-for-mobile\/"]}]},{"@type":"ImageObject","inLanguage":"tr-TR","@id":"https:\/\/teamdeck.io\/teamdeck-for-mobile\/#primaryimage","url":"https:\/\/teamdeck.io\/wp-content\/uploads\/2019\/07\/google-play-1-300x90.png","contentUrl":"https:\/\/teamdeck.io\/wp-content\/uploads\/2019\/07\/google-play-1-300x90.png"},{"@type":"BreadcrumbList","@id":"https:\/\/teamdeck.io\/teamdeck-for-mobile\/#breadcrumb","itemListElement":[{"@type":"ListItem","position":1,"name":"Home","item":"https:\/\/teamdeck.io\/"},{"@type":"ListItem","position":2,"name":"Teamdeck for Mobile"}]},{"@type":"WebSite","@id":"https:\/\/teamdeck.io\/#website","url":"https:\/\/teamdeck.io\/","name":"Teamdeck","description":"resource scheduling + time tracking + leave management","potentialAction":[{"@type":"SearchAction","target":{"@type":"EntryPoint","urlTemplate":"https:\/\/teamdeck.io\/?s={search_term_string}"},"query-input":{"@type":"PropertyValueSpecification","valueRequired":true,"valueName":"search_term_string"}}],"inLanguage":"tr-TR"}]}},"_links":{"self":[{"href":"https:\/\/teamdeck.io\/tr\/wp-json\/wp\/v2\/pages\/5110","targetHints":{"allow":["GET"]}}],"collection":[{"href":"https:\/\/teamdeck.io\/tr\/wp-json\/wp\/v2\/pages"}],"about":[{"href":"https:\/\/teamdeck.io\/tr\/wp-json\/wp\/v2\/types\/page"}],"author":[{"embeddable":true,"href":"https:\/\/teamdeck.io\/tr\/wp-json\/wp\/v2\/users\/17"}],"replies":[{"embeddable":true,"href":"https:\/\/teamdeck.io\/tr\/wp-json\/wp\/v2\/comments?post=5110"}],"version-history":[{"count":38,"href":"https:\/\/teamdeck.io\/tr\/wp-json\/wp\/v2\/pages\/5110\/revisions"}],"predecessor-version":[{"id":7820,"href":"https:\/\/teamdeck.io\/tr\/wp-json\/wp\/v2\/pages\/5110\/revisions\/7820"}],"wp:attachment":[{"href":"https:\/\/teamdeck.io\/tr\/wp-json\/wp\/v2\/media?parent=5110"}],"curies":[{"name":"wp","href":"https:\/\/api.w.org\/{rel}","templated":true}]}}