{"id":4739,"date":"2019-03-15T17:19:58","date_gmt":"2019-03-15T15:19:58","guid":{"rendered":"https:\/\/teamdeck.io\/?page_id=4739"},"modified":"2021-12-16T19:52:51","modified_gmt":"2021-12-16T17:52:51","slug":"absence-report-template","status":"publish","type":"page","link":"https:\/\/teamdeck.io\/tr\/ozellikler\/raporlama\/devamsizlik-raporu-sablonu\/","title":{"rendered":"Devams\u0131zl\u0131k raporu \u015fablonu"},"content":{"rendered":"<div data-vc-full-width=\"true\" data-vc-full-width-init=\"false\" class=\"vc_row wpb_row vc_row-fluid redl-row-section vc_custom_1551262861481 vc_row-has-fill vc_row-o-content-middle vc_row-flex padding-default bgv-default bgh-default halign-center\"><div class=\"wpb_column vc_column_container text-left vc_col-sm-12 padding-default bgv-default bgh-default halign-center\"><div class=\"vc_column-inner\"><div class=\"wpb_wrapper\">\n\t<div class=\"wpb_text_column wpb_content_element\" >\n\t\t<div class=\"wpb_wrapper\">\n\t\t\t<h1 style=\"text-align: center;\">Devams\u0131zl\u0131k Raporu \u015eablonu<\/h1>\n\n\t\t<\/div>\n\t<\/div>\n<\/div><\/div><\/div><\/div><div class=\"vc_row-full-width vc_clearfix\"><\/div><div class=\"vc_row wpb_row vc_row-fluid redl-row-section padding-default bgv-default bgh-default halign-default\"><div class=\"wpb_column vc_column_container text-center vc_col-sm-12 padding-default bgv-default bgh-default halign-default\"><div class=\"vc_column-inner\"><div class=\"wpb_wrapper\">\n\t<div  class=\"wpb_single_image wpb_content_element vc_align_center\">\n\t\t\n\t\t<figure class=\"wpb_wrapper vc_figure\">\n\t\t\t<div class=\"vc_single_image-wrapper   vc_box_border_grey\"><img loading=\"lazy\" decoding=\"async\" width=\"2400\" height=\"874\" src=\"https:\/\/cdn.teamdeck.io\/uploads\/website\/2019\/03\/15161932\/1-1-e1555411457853.jpg\" class=\"vc_single_image-img attachment-full\" alt=\"Devams\u0131zl\u0131k Raporu \u015eablonu\" srcset=\"https:\/\/cdn.teamdeck.io\/uploads\/website\/2019\/03\/15161932\/1-1-e1555411457853.jpg 2400w, https:\/\/cdn.teamdeck.io\/uploads\/website\/2019\/03\/15161932\/1-1-e1555411457853-300x109.jpg 300w, https:\/\/cdn.teamdeck.io\/uploads\/website\/2019\/03\/15161932\/1-1-e1555411457853-768x280.jpg 768w, https:\/\/cdn.teamdeck.io\/uploads\/website\/2019\/03\/15161932\/1-1-e1555411457853-960x350.jpg 960w\" sizes=\"auto, (max-width: 2400px) 100vw, 2400px\" \/><\/div>\n\t\t<\/figure>\n\t<\/div>\n<\/div><\/div><\/div><\/div><div class=\"vc_row wpb_row vc_row-fluid redl-row-section padding-medium bgv-default bgh-default halign-default\"><div class=\"wpb_column vc_column_container text-center vc_col-sm-12 padding-default bgv-default bgh-default halign-default\"><div class=\"vc_column-inner\"><div class=\"wpb_wrapper\">\n\t<div class=\"wpb_text_column wpb_content_element\" >\n\t\t<div class=\"wpb_wrapper\">\n\t\t\t<p><span style=\"font-size: 18px;\">\u0130zin (burada: Devams\u0131zl\u0131k) raporu \u015fablonu, \u00e7o\u011funlukla tatil \u00f6deneklerini takip etmesi gereken \u0130K ve operasyon ekipleri taraf\u0131ndan kullan\u0131l\u0131r. <\/span><\/p>\n\n\t\t<\/div>\n\t<\/div>\n<\/div><\/div><\/div><\/div><div class=\"vc_row wpb_row vc_row-fluid redl-row-section padding-default bgv-default bgh-default halign-default\"><div class=\"wpb_column vc_column_container text-left vc_col-sm-12 padding-default bgv-default bgh-default halign-default\"><div class=\"vc_column-inner\"><div class=\"wpb_wrapper\">\n\t<div class=\"wpb_text_column wpb_content_element\" >\n\t\t<div class=\"wpb_wrapper\">\n\t\t\t\n\t\t<\/div>\n\t<\/div>\n<\/div><\/div><\/div><\/div><div data-vc-full-width=\"true\" data-vc-full-width-init=\"false\" class=\"vc_row wpb_row vc_row-fluid redl-row-section feature-row vc_custom_1504100630814 vc_row-o-equal-height vc_row-o-content-middle vc_row-flex padding-medium bgv-default bgh-default halign-center\"><div class=\"feature-image wpb_column vc_column_container text-left vc_col-sm-7 vc_col-lg-6 vc_col-md-7 padding-default bgv-default bgh-default halign-default\"><div class=\"vc_column-inner\"><div class=\"wpb_wrapper\">\n\t<div class=\"wpb_text_column wpb_content_element\" >\n\t\t<div class=\"wpb_wrapper\">\n\t\t\t<p><img loading=\"lazy\" decoding=\"async\" class=\"alignnone wp-image-4786\" src=\"https:\/\/cdn.teamdeck.io\/uploads\/website\/2019\/03\/15103638\/Screen-Shot-2019-03-15-at-09.34.59-300x258.png\" alt=\"Al\u0131nan izin s\u00fcresi\" width=\"500\" height=\"430\" srcset=\"https:\/\/cdn.teamdeck.io\/uploads\/website\/2019\/03\/15103638\/Screen-Shot-2019-03-15-at-09.34.59-300x258.png 300w, https:\/\/cdn.teamdeck.io\/uploads\/website\/2019\/03\/15103638\/Screen-Shot-2019-03-15-at-09.34.59-768x661.png 768w, https:\/\/cdn.teamdeck.io\/uploads\/website\/2019\/03\/15103638\/Screen-Shot-2019-03-15-at-09.34.59-960x826.png 960w, https:\/\/cdn.teamdeck.io\/uploads\/website\/2019\/03\/15103638\/Screen-Shot-2019-03-15-at-09.34.59.png 1278w\" sizes=\"auto, (max-width: 500px) 100vw, 500px\" \/><\/p>\n\n\t\t<\/div>\n\t<\/div>\n<\/div><\/div><\/div><div class=\"feature-info wpb_column vc_column_container text-left vc_col-sm-5 vc_col-lg-4 padding-small bgv-default bgh-default halign-default\"><div class=\"vc_column-inner\"><div class=\"wpb_wrapper\">\n\t<div class=\"wpb_text_column wpb_content_element\" >\n\t\t<div class=\"wpb_wrapper\">\n\t\t\t<p><span class=\"text-title\">Al\u0131nan izin s\u00fcresi<\/span><\/p>\n<p>Bu grafik, ekip \u00fcyeleriniz taraf\u0131ndan kullan\u0131lan izin s\u00fcrelerini (birbirleriyle orant\u0131l\u0131 olarak) g\u00f6rselle\u015ftirir. Ayr\u0131ca burada farkl\u0131 tatil nedenlerini g\u00f6r\u00fcnt\u00fcleyebilir ve kal\u0131plar\u0131 arayabilirsiniz: \u00f6rne\u011fin hastal\u0131k izinleri y\u0131l\u0131n belirli d\u00f6nemlerinde daha s\u0131k ger\u00e7ekle\u015fiyor olabilir.<\/p>\n\n\t\t<\/div>\n\t<\/div>\n<\/div><\/div><\/div><\/div><div class=\"vc_row-full-width vc_clearfix\"><\/div><div data-vc-full-width=\"true\" data-vc-full-width-init=\"false\" class=\"vc_row wpb_row vc_row-fluid redl-row-section feature-row vc_custom_1504100661321 vc_row-o-equal-height vc_row-o-content-middle vc_row-flex padding-medium bgv-default bgh-default halign-center\"><div class=\"feature-info wpb_column vc_column_container text-left vc_col-sm-6 vc_col-lg-4 padding-small bgv-default bgh-default halign-default\"><div class=\"vc_column-inner\"><div class=\"wpb_wrapper\">\n\t<div class=\"wpb_text_column wpb_content_element\" >\n\t\t<div class=\"wpb_wrapper\">\n\t\t\t<p><span class=\"text-title\">Tatil g\u00fcnleri<\/span><\/p>\n<p>Belirli bir zaman diliminde belirli ki\u015filer taraf\u0131ndan al\u0131nan izin g\u00fcnlerinin say\u0131s\u0131na g\u00f6re s\u0131ralanm\u0131\u015f basit bir grafiktir.<\/p>\n\n\t\t<\/div>\n\t<\/div>\n<\/div><\/div><\/div><div class=\"wpb_column vc_column_container text-left vc_col-sm-6 padding-default bgv-default bgh-default halign-default\"><div class=\"vc_column-inner\"><div class=\"wpb_wrapper\">\n\t<div class=\"wpb_text_column wpb_content_element\" >\n\t\t<div class=\"wpb_wrapper\">\n\t\t\t<p><img loading=\"lazy\" decoding=\"async\" class=\"alignnone wp-image-4785\" src=\"https:\/\/cdn.teamdeck.io\/uploads\/website\/2019\/03\/15103636\/Screen-Shot-2019-03-15-at-09.35.13-300x198.png\" alt=\"Tatil g\u00fcnleri\" width=\"500\" height=\"330\" srcset=\"https:\/\/cdn.teamdeck.io\/uploads\/website\/2019\/03\/15103636\/Screen-Shot-2019-03-15-at-09.35.13-300x198.png 300w, https:\/\/cdn.teamdeck.io\/uploads\/website\/2019\/03\/15103636\/Screen-Shot-2019-03-15-at-09.35.13-768x506.png 768w, https:\/\/cdn.teamdeck.io\/uploads\/website\/2019\/03\/15103636\/Screen-Shot-2019-03-15-at-09.35.13-960x633.png 960w, https:\/\/cdn.teamdeck.io\/uploads\/website\/2019\/03\/15103636\/Screen-Shot-2019-03-15-at-09.35.13.png 1308w\" sizes=\"auto, (max-width: 500px) 100vw, 500px\" \/><\/p>\n\n\t\t<\/div>\n\t<\/div>\n<\/div><\/div><\/div><\/div><div class=\"vc_row-full-width vc_clearfix\"><\/div><div data-vc-full-width=\"true\" data-vc-full-width-init=\"false\" class=\"vc_row wpb_row vc_row-fluid redl-row-section feature-row vc_custom_1504100630814 vc_row-o-equal-height vc_row-o-content-middle vc_row-flex padding-medium bgv-default bgh-default halign-center\"><div class=\"wpb_column vc_column_container text-left vc_col-sm-6 padding-default bgv-default bgh-default halign-default\"><div class=\"vc_column-inner\"><div class=\"wpb_wrapper\">\n\t<div class=\"wpb_text_column wpb_content_element\" >\n\t\t<div class=\"wpb_wrapper\">\n\t\t\t<p><img loading=\"lazy\" decoding=\"async\" class=\"alignnone wp-image-4784\" src=\"https:\/\/cdn.teamdeck.io\/uploads\/website\/2019\/03\/15103633\/Screen-Shot-2019-03-15-at-09.35.32-300x197.png\" alt=\"Tatil \u00f6dene\u011fi\" width=\"500\" height=\"329\" srcset=\"https:\/\/cdn.teamdeck.io\/uploads\/website\/2019\/03\/15103633\/Screen-Shot-2019-03-15-at-09.35.32-300x197.png 300w, https:\/\/cdn.teamdeck.io\/uploads\/website\/2019\/03\/15103633\/Screen-Shot-2019-03-15-at-09.35.32-768x505.png 768w, https:\/\/cdn.teamdeck.io\/uploads\/website\/2019\/03\/15103633\/Screen-Shot-2019-03-15-at-09.35.32-960x631.png 960w, https:\/\/cdn.teamdeck.io\/uploads\/website\/2019\/03\/15103633\/Screen-Shot-2019-03-15-at-09.35.32.png 1250w\" sizes=\"auto, (max-width: 500px) 100vw, 500px\" \/><\/p>\n\n\t\t<\/div>\n\t<\/div>\n<\/div><\/div><\/div><div class=\"feature-info wpb_column vc_column_container text-left vc_col-sm-6 vc_col-lg-4 padding-small bgv-default bgh-default halign-default\"><div class=\"vc_column-inner\"><div class=\"wpb_wrapper\">\n\t<div class=\"wpb_text_column wpb_content_element\" >\n\t\t<div class=\"wpb_wrapper\">\n\t\t\t<p><span class=\"text-title\">\u0130nsanlar ve tatil \u00f6denekleri<\/span><\/p>\n<p>Bu, ekip \u00fcyelerinizin mevcut tatil \u00f6deneklerini takip etmenizi sa\u011flayan bir tablo olan devams\u0131zl\u0131k raporunun kalbidir. Tek yapman\u0131z gereken, y\u0131ll\u0131k veya ayl\u0131k toplam izinlerini girmektir (analiz etmek istedi\u011finiz d\u00f6neme ba\u011fl\u0131 olarak). Bu de\u011ferleri basit\u00e7e \u015fu alana yazabilirsiniz <em>tatil \u00f6dene\u011fi<\/em> s\u00fctununda, bir elektronik tabloda yapt\u0131\u011f\u0131n\u0131z gibi. Kalan tatil g\u00fcn\u00fc say\u0131s\u0131 otomatik olarak hesaplanacak ve g\u00fcncellenecektir.<\/p>\n\n\t\t<\/div>\n\t<\/div>\n<\/div><\/div><\/div><\/div><div class=\"vc_row-full-width vc_clearfix\"><\/div><div class=\"vc_row wpb_row vc_row-fluid redl-row-section padding-default bgv-default bgh-default halign-default\"><div class=\"wpb_column vc_column_container text-left vc_col-sm-12 padding-default bgv-default bgh-default halign-default\"><div class=\"vc_column-inner\"><div class=\"wpb_wrapper\">\n\t<div class=\"wpb_text_column wpb_content_element\" >\n\t\t<div class=\"wpb_wrapper\">\n\t\t\t\n\t\t<\/div>\n\t<\/div>\n<\/div><\/div><\/div><\/div><div class=\"vc_row wpb_row vc_row-fluid redl-row-section vc_custom_1551186799735 padding-small bgv-default bgh-default halign-center\"><div class=\"wpb_column vc_column_container text-left vc_col-sm-12 padding-default bgv-default bgh-default halign-default\"><div class=\"vc_column-inner\"><div class=\"wpb_wrapper\">\n\t<div class=\"wpb_text_column wpb_content_element\" >\n\t\t<div class=\"wpb_wrapper\">\n\t\t\t<p><span style=\"font-size: 18px;\">Teamdeck'teki t\u00fcm raporlar gibi devams\u0131zl\u0131k raporu \u015fablonu da \u00f6zelle\u015ftirilebilir. Tablolar ve grafikler ekleyebilir, s\u00fctunlar\u0131n adlar\u0131n\u0131 de\u011fi\u015ftirebilir veya hesaplamalar\u0131 \u015firketinizin politikalar\u0131na daha iyi uyacak \u015fekilde ayarlayabilirsiniz.<br \/>\n\u00d6rnek bir devams\u0131zl\u0131k raporu \u00f6rne\u011fine bak\u0131n <a href=\"https:\/\/app.teamdeck.io\/reports\/3ea593d67594be0c51688114759165b35c8645323dc8e5c8645323dd3b\">Burada<\/a>.<\/span><\/p>\n\n\t\t<\/div>\n\t<\/div>\n\n\t<div class=\"wpb_text_column wpb_content_element\" >\n\t\t<div class=\"wpb_wrapper\">\n\t\t\t<p><span style=\"font-size: 18px;\">Bu raporun t\u00fcm unsurlar\u0131n\u0131n \u00f6zelle\u015ftirilebilece\u011fini unutmay\u0131n: grafik ekleyebilir veya \u00e7\u0131karabilir, etiketleri veya hesaplama form\u00fcllerini de\u011fi\u015ftirebilir, bu raporun mevcut i\u015f ak\u0131\u015f\u0131n\u0131zla m\u00fckemmel bir \u015fekilde \u00e7al\u0131\u015fmas\u0131n\u0131 sa\u011flamak i\u00e7in ihtiyac\u0131n\u0131z olan her \u015feyi yapabilirsiniz.<\/span><\/p>\n\n\t\t<\/div>\n\t<\/div>\n<div class=\"vc_empty_space\"   style=\"height: 32px\" ><span class=\"vc_empty_space_inner\"><\/span><\/div>\n<\/div><\/div><\/div><\/div><div data-vc-full-width=\"true\" data-vc-full-width-init=\"false\" class=\"vc_row wpb_row vc_row-fluid redl-row-section footer-message-row vc_custom_1502964176474 vc_row-has-fill vc_row-o-equal-height vc_row-flex padding-medium bgv-default bgh-default halign-default\"><div class=\"wpb_column vc_column_container text-center vc_col-sm-12 vc_col-lg-8 vc_col-md-9 padding-default bgv-default bgh-default halign-center\"><div class=\"vc_column-inner\"><div class=\"wpb_wrapper\">\n\t<div class=\"wpb_text_column wpb_content_element\" >\n\t\t<div class=\"wpb_wrapper\">\n\t\t\t<p><span class=\"message\">Kendi devams\u0131zl\u0131k raporunuzu olu\u015fturmak i\u00e7in <strong>\u0130zin Raporu<\/strong> Teamdeck'in raporlar b\u00f6l\u00fcm\u00fcnde bulunan \u015fablonlardan.<\/span><\/p>\n\n\t\t<\/div>\n\t<\/div>\n<a class=\"redl-btn  redl-btn-border redl-btn-two  redl-btn-medium redl-btn-69e3977f5dc44 btn-hover-one btn-icon-left signup-bottom\" href=\"https:\/\/app.teamdeck.io\/register?utm_source=reports\" target=\"_blank\">30 g\u00fcnl\u00fck \u00dcCRETS\u0130Z Deneme Al\u0131n<\/a><\/div><\/div><\/div><\/div><div class=\"vc_row-full-width vc_clearfix\"><\/div><div class=\"vc_row wpb_row vc_row-fluid redl-row-section padding-default bgv-default bgh-default halign-default\"><div class=\"wpb_column vc_column_container text-left vc_col-sm-12 padding-default bgv-default bgh-default halign-default\"><div class=\"vc_column-inner\"><div class=\"wpb_wrapper\">\n\t<div class=\"wpb_text_column wpb_content_element\" >\n\t\t<div class=\"wpb_wrapper\">\n\t\t\t<h2 style=\"text-align: center;\">Bizim <a href=\"https:\/\/teamdeck.io\/tr\/\">kaynak planlama yaz\u0131l\u0131m\u0131<\/a> Hill-Knowlton, Unit9, Wunderman Thompson - m\u00fc\u015fterilerimizden birka\u00e7\u0131ndan bahsedecek olursak - taraf\u0131ndan se\u00e7ilmi\u015ftir. Teamdeck'in yetenekleri hakk\u0131nda bilgi edinin<\/h2>\n\n\t\t<\/div>\n\t<\/div>\n<\/div><\/div><\/div><\/div><div class=\"vc_row wpb_row vc_row-fluid redl-row-section padding-default bgv-default bgh-default halign-default\"><div class=\"wpb_column vc_column_container text-left vc_col-sm-12 padding-default bgv-default bgh-default halign-default\"><div class=\"vc_column-inner\"><div class=\"wpb_wrapper\"><form class=\"get-started-form\" action=\"\">\n  <div class=\"get-started-form__input-wrapper\">\n    <input class=\"get-started-form__input\" placeholder=\"\u0130\u015fletme e-postan\u0131z\u0131 girin\" \/>\n  <\/div>\n  <button type=\"submit\" class=\"get-started-form__button\">\n    <span class=\"get-started-form__button-text\">14 g\u00fcnl\u00fck \u00dcCRETS\u0130Z deneme al\u0131n<\/>\n  <\/button>\n  <button class=\"get-started-form__button\">\n    <span class=\"get-started-form__button-text\">Ge\u00e7ersiz e-posta<\/>\n  <\/button>\n<input type=\"hidden\" name=\"trp-form-language\" value=\"tr\"\/><\/form>\n<\/div><\/div><\/div><\/div>","protected":false},"excerpt":{"rendered":"Devams\u0131zl\u0131k Raporu \u015eablonu \u0130zin s\u00fcresi (burada: Devams\u0131zl\u0131k) rapor \u015fablonu, \u00e7o\u011funlukla tatil izinlerini takip etmesi gereken \u0130K ve operasyon ekipleri taraf\u0131ndan kullan\u0131l\u0131r. Al\u0131nan izin s\u00fcresi Bu grafik, \u00e7al\u0131\u015fanlar taraf\u0131ndan al\u0131nan izin s\u00fcresini g\u00f6rselle\u015ftirir...","protected":false},"author":6,"featured_media":0,"parent":4695,"menu_order":0,"comment_status":"closed","ping_status":"closed","template":"","meta":{"footnotes":""},"class_list":["post-4739","page","type-page","status-publish","hentry"],"yoast_head":"<!-- This site is optimized with the Yoast SEO Premium plugin v23.8 (Yoast SEO v24.3) - https:\/\/yoast.com\/wordpress\/plugins\/seo\/ -->\n<title>Absence Report Template - Teamdeck<\/title>\n<meta name=\"description\" content=\"Absence report template is most often used by HR &amp; operations teams who need to keep track of vacation allowances and time off taken.\" \/>\n<meta name=\"robots\" content=\"index, follow, max-snippet:-1, max-image-preview:large, max-video-preview:-1\" \/>\n<link rel=\"canonical\" href=\"https:\/\/teamdeck.io\/tr\/ozellikler\/raporlama\/devamsizlik-raporu-sablonu\/\" \/>\n<meta property=\"og:locale\" content=\"tr_TR\" \/>\n<meta property=\"og:type\" content=\"article\" \/>\n<meta property=\"og:title\" content=\"Absence report template\" \/>\n<meta property=\"og:description\" content=\"Absence report template is most often used by HR &amp; operations teams who need to keep track of vacation allowances and time off taken.\" \/>\n<meta property=\"og:url\" content=\"https:\/\/teamdeck.io\/tr\/ozellikler\/raporlama\/devamsizlik-raporu-sablonu\/\" \/>\n<meta property=\"og:site_name\" content=\"Teamdeck\" \/>\n<meta property=\"article:publisher\" content=\"https:\/\/www.facebook.com\/helloteamdeck\" \/>\n<meta property=\"article:modified_time\" content=\"2021-12-16T17:52:51+00:00\" \/>\n<meta property=\"og:image\" content=\"https:\/\/teamdeck.io\/wp-content\/uploads\/2019\/03\/Screen-Shot-2019-03-15-at-09.34.59-300x258.png\" \/>\n<meta name=\"twitter:card\" content=\"summary_large_image\" \/>\n<meta name=\"twitter:site\" content=\"@helloteamdeck\" \/>\n<meta name=\"twitter:label1\" content=\"Est. reading time\" \/>\n\t<meta name=\"twitter:data1\" content=\"3 minutes\" \/>\n<script type=\"application\/ld+json\" class=\"yoast-schema-graph\">{\"@context\":\"https:\/\/schema.org\",\"@graph\":[{\"@type\":\"WebPage\",\"@id\":\"https:\/\/teamdeck.io\/features\/reporting\/absence-report-template\/\",\"url\":\"https:\/\/teamdeck.io\/features\/reporting\/absence-report-template\/\",\"name\":\"Absence Report Template - Teamdeck\",\"isPartOf\":{\"@id\":\"https:\/\/teamdeck.io\/#website\"},\"primaryImageOfPage\":{\"@id\":\"https:\/\/teamdeck.io\/features\/reporting\/absence-report-template\/#primaryimage\"},\"image\":{\"@id\":\"https:\/\/teamdeck.io\/features\/reporting\/absence-report-template\/#primaryimage\"},\"thumbnailUrl\":\"https:\/\/teamdeck.io\/wp-content\/uploads\/2019\/03\/Screen-Shot-2019-03-15-at-09.34.59-300x258.png\",\"datePublished\":\"2019-03-15T15:19:58+00:00\",\"dateModified\":\"2021-12-16T17:52:51+00:00\",\"description\":\"Absence report template is most often used by HR & operations teams who need to keep track of vacation allowances and time off taken.\",\"breadcrumb\":{\"@id\":\"https:\/\/teamdeck.io\/features\/reporting\/absence-report-template\/#breadcrumb\"},\"inLanguage\":\"tr-TR\",\"potentialAction\":[{\"@type\":\"ReadAction\",\"target\":[\"https:\/\/teamdeck.io\/features\/reporting\/absence-report-template\/\"]}]},{\"@type\":\"ImageObject\",\"inLanguage\":\"tr-TR\",\"@id\":\"https:\/\/teamdeck.io\/features\/reporting\/absence-report-template\/#primaryimage\",\"url\":\"https:\/\/teamdeck.io\/wp-content\/uploads\/2019\/03\/Screen-Shot-2019-03-15-at-09.34.59-300x258.png\",\"contentUrl\":\"https:\/\/teamdeck.io\/wp-content\/uploads\/2019\/03\/Screen-Shot-2019-03-15-at-09.34.59-300x258.png\"},{\"@type\":\"BreadcrumbList\",\"@id\":\"https:\/\/teamdeck.io\/features\/reporting\/absence-report-template\/#breadcrumb\",\"itemListElement\":[{\"@type\":\"ListItem\",\"position\":1,\"name\":\"Home\",\"item\":\"https:\/\/teamdeck.io\/\"},{\"@type\":\"ListItem\",\"position\":2,\"name\":\"Features\",\"item\":\"https:\/\/teamdeck.io\/features\/\"},{\"@type\":\"ListItem\",\"position\":3,\"name\":\"Custom reporting\",\"item\":\"https:\/\/teamdeck.io\/features\/reporting\/\"},{\"@type\":\"ListItem\",\"position\":4,\"name\":\"Absence report template\"}]},{\"@type\":\"WebSite\",\"@id\":\"https:\/\/teamdeck.io\/#website\",\"url\":\"https:\/\/teamdeck.io\/\",\"name\":\"Teamdeck\",\"description\":\"resource scheduling + time tracking + leave management\",\"potentialAction\":[{\"@type\":\"SearchAction\",\"target\":{\"@type\":\"EntryPoint\",\"urlTemplate\":\"https:\/\/teamdeck.io\/?s={search_term_string}\"},\"query-input\":{\"@type\":\"PropertyValueSpecification\",\"valueRequired\":true,\"valueName\":\"search_term_string\"}}],\"inLanguage\":\"tr-TR\"}]}<\/script>\n<!-- \/ Yoast SEO Premium plugin. -->","yoast_head_json":{"title":"Absence Report Template - Teamdeck","description":"Absence report template is most often used by HR & operations teams who need to keep track of vacation allowances and time off taken.","robots":{"index":"index","follow":"follow","max-snippet":"max-snippet:-1","max-image-preview":"max-image-preview:large","max-video-preview":"max-video-preview:-1"},"canonical":"https:\/\/teamdeck.io\/tr\/ozellikler\/raporlama\/devamsizlik-raporu-sablonu\/","og_locale":"tr_TR","og_type":"article","og_title":"Absence report template","og_description":"Absence report template is most often used by HR & operations teams who need to keep track of vacation allowances and time off taken.","og_url":"https:\/\/teamdeck.io\/tr\/ozellikler\/raporlama\/devamsizlik-raporu-sablonu\/","og_site_name":"Teamdeck","article_publisher":"https:\/\/www.facebook.com\/helloteamdeck","article_modified_time":"2021-12-16T17:52:51+00:00","og_image":[{"url":"https:\/\/teamdeck.io\/wp-content\/uploads\/2019\/03\/Screen-Shot-2019-03-15-at-09.34.59-300x258.png","type":"","width":"","height":""}],"twitter_card":"summary_large_image","twitter_site":"@helloteamdeck","twitter_misc":{"Est. reading time":"3 minutes"},"schema":{"@context":"https:\/\/schema.org","@graph":[{"@type":"WebPage","@id":"https:\/\/teamdeck.io\/features\/reporting\/absence-report-template\/","url":"https:\/\/teamdeck.io\/features\/reporting\/absence-report-template\/","name":"Absence Report Template - Teamdeck","isPartOf":{"@id":"https:\/\/teamdeck.io\/#website"},"primaryImageOfPage":{"@id":"https:\/\/teamdeck.io\/features\/reporting\/absence-report-template\/#primaryimage"},"image":{"@id":"https:\/\/teamdeck.io\/features\/reporting\/absence-report-template\/#primaryimage"},"thumbnailUrl":"https:\/\/teamdeck.io\/wp-content\/uploads\/2019\/03\/Screen-Shot-2019-03-15-at-09.34.59-300x258.png","datePublished":"2019-03-15T15:19:58+00:00","dateModified":"2021-12-16T17:52:51+00:00","description":"Absence report template is most often used by HR & operations teams who need to keep track of vacation allowances and time off taken.","breadcrumb":{"@id":"https:\/\/teamdeck.io\/features\/reporting\/absence-report-template\/#breadcrumb"},"inLanguage":"tr-TR","potentialAction":[{"@type":"ReadAction","target":["https:\/\/teamdeck.io\/features\/reporting\/absence-report-template\/"]}]},{"@type":"ImageObject","inLanguage":"tr-TR","@id":"https:\/\/teamdeck.io\/features\/reporting\/absence-report-template\/#primaryimage","url":"https:\/\/teamdeck.io\/wp-content\/uploads\/2019\/03\/Screen-Shot-2019-03-15-at-09.34.59-300x258.png","contentUrl":"https:\/\/teamdeck.io\/wp-content\/uploads\/2019\/03\/Screen-Shot-2019-03-15-at-09.34.59-300x258.png"},{"@type":"BreadcrumbList","@id":"https:\/\/teamdeck.io\/features\/reporting\/absence-report-template\/#breadcrumb","itemListElement":[{"@type":"ListItem","position":1,"name":"Home","item":"https:\/\/teamdeck.io\/"},{"@type":"ListItem","position":2,"name":"Features","item":"https:\/\/teamdeck.io\/features\/"},{"@type":"ListItem","position":3,"name":"Custom reporting","item":"https:\/\/teamdeck.io\/features\/reporting\/"},{"@type":"ListItem","position":4,"name":"Absence report template"}]},{"@type":"WebSite","@id":"https:\/\/teamdeck.io\/#website","url":"https:\/\/teamdeck.io\/","name":"Teamdeck","description":"resource scheduling + time tracking + leave management","potentialAction":[{"@type":"SearchAction","target":{"@type":"EntryPoint","urlTemplate":"https:\/\/teamdeck.io\/?s={search_term_string}"},"query-input":{"@type":"PropertyValueSpecification","valueRequired":true,"valueName":"search_term_string"}}],"inLanguage":"tr-TR"}]}},"_links":{"self":[{"href":"https:\/\/teamdeck.io\/tr\/wp-json\/wp\/v2\/pages\/4739","targetHints":{"allow":["GET"]}}],"collection":[{"href":"https:\/\/teamdeck.io\/tr\/wp-json\/wp\/v2\/pages"}],"about":[{"href":"https:\/\/teamdeck.io\/tr\/wp-json\/wp\/v2\/types\/page"}],"author":[{"embeddable":true,"href":"https:\/\/teamdeck.io\/tr\/wp-json\/wp\/v2\/users\/6"}],"replies":[{"embeddable":true,"href":"https:\/\/teamdeck.io\/tr\/wp-json\/wp\/v2\/comments?post=4739"}],"version-history":[{"count":11,"href":"https:\/\/teamdeck.io\/tr\/wp-json\/wp\/v2\/pages\/4739\/revisions"}],"predecessor-version":[{"id":8411,"href":"https:\/\/teamdeck.io\/tr\/wp-json\/wp\/v2\/pages\/4739\/revisions\/8411"}],"up":[{"embeddable":true,"href":"https:\/\/teamdeck.io\/tr\/wp-json\/wp\/v2\/pages\/4695"}],"wp:attachment":[{"href":"https:\/\/teamdeck.io\/tr\/wp-json\/wp\/v2\/media?parent=4739"}],"curies":[{"name":"wp","href":"https:\/\/api.w.org\/{rel}","templated":true}]}}