{"id":4737,"date":"2019-03-15T17:18:43","date_gmt":"2019-03-15T15:18:43","guid":{"rendered":"https:\/\/teamdeck.io\/?page_id=4737"},"modified":"2022-03-02T19:59:45","modified_gmt":"2022-03-02T17:59:45","slug":"employee-payroll-report-template","status":"publish","type":"page","link":"https:\/\/teamdeck.io\/tr\/ozellikler\/raporlama\/calisan-bordro-raporu-sablonu\/","title":{"rendered":"\u00c7al\u0131\u015fan Bordrosu Rapor \u015eablonu"},"content":{"rendered":"<div data-vc-full-width=\"true\" data-vc-full-width-init=\"false\" class=\"vc_row wpb_row vc_row-fluid redl-row-section vc_custom_1551262861481 vc_row-has-fill vc_row-o-content-middle vc_row-flex padding-default bgv-default bgh-default halign-center\"><div class=\"wpb_column vc_column_container text-left vc_col-sm-12 padding-default bgv-default bgh-default halign-center\"><div class=\"vc_column-inner\"><div class=\"wpb_wrapper\">\n\t<div class=\"wpb_text_column wpb_content_element\" >\n\t\t<div class=\"wpb_wrapper\">\n\t\t\t<h1 style=\"text-align: center;\">\u00c7al\u0131\u015fan Bordrosu Rapor \u015eablonu<\/h1>\n\n\t\t<\/div>\n\t<\/div>\n<\/div><\/div><\/div><\/div><div class=\"vc_row-full-width vc_clearfix\"><\/div><div class=\"vc_row wpb_row vc_row-fluid redl-row-section padding-default bgv-default bgh-default halign-default\"><div class=\"wpb_column vc_column_container text-center vc_col-sm-12 padding-default bgv-default bgh-default halign-default\"><div class=\"vc_column-inner\"><div class=\"wpb_wrapper\">\n\t<div  class=\"wpb_single_image wpb_content_element vc_align_center\">\n\t\t\n\t\t<figure class=\"wpb_wrapper vc_figure\">\n\t\t\t<div class=\"vc_single_image-wrapper   vc_box_border_grey\"><img loading=\"lazy\" decoding=\"async\" width=\"2400\" height=\"874\" src=\"https:\/\/cdn.teamdeck.io\/uploads\/website\/2022\/03\/02200002\/Employee-payroll-template.jpeg\" class=\"vc_single_image-img attachment-full\" alt=\"\" \/><\/div><figcaption class=\"vc_figure-caption\">Bordro raporu \u015fablonu<\/figcaption>\n\t\t<\/figure>\n\t<\/div>\n<\/div><\/div><\/div><\/div><div class=\"vc_row wpb_row vc_row-fluid redl-row-section padding-medium bgv-default bgh-default halign-default\"><div class=\"wpb_column vc_column_container text-center vc_col-sm-12 padding-default bgv-default bgh-default halign-default\"><div class=\"vc_column-inner\"><div class=\"wpb_wrapper\">\n\t<div class=\"wpb_text_column wpb_content_element\" >\n\t\t<div class=\"wpb_wrapper\">\n\t\t\t<p style=\"text-align: justify;\"><span style=\"font-size: 18px;\">Bordro raporu \u015fablonu, \u00e7al\u0131\u015fanlar\u0131n\u0131 zaman \u00e7izelgelerine g\u00f6re \u00fccretlendiren \u00e7al\u0131\u015fanlar i\u00e7in b\u00fcy\u00fck bir zaman tasarrufu sa\u011flar. Ayl\u0131k \u00fccretleri sabit olan \u015firketler de bu t\u00fcr bir rapordan faydalanabilir. Faturaland\u0131r\u0131lamayan saatleri ve bunlar\u0131n bordroyu nas\u0131l etkiledi\u011fini takip etmek bir fikir olabilir. <\/span><\/p>\n\n\t\t<\/div>\n\t<\/div>\n<\/div><\/div><\/div><\/div><div class=\"vc_row wpb_row vc_row-fluid redl-row-section padding-default bgv-default bgh-default halign-default\"><div class=\"wpb_column vc_column_container text-left vc_col-sm-12 padding-default bgv-default bgh-default halign-default\"><div class=\"vc_column-inner\"><div class=\"wpb_wrapper\">\n\t<div class=\"wpb_text_column wpb_content_element\" >\n\t\t<div class=\"wpb_wrapper\">\n\t\t\t\n\t\t<\/div>\n\t<\/div>\n<\/div><\/div><\/div><\/div><div data-vc-full-width=\"true\" data-vc-full-width-init=\"false\" class=\"vc_row wpb_row vc_row-fluid redl-row-section feature-row vc_custom_1504100630814 vc_row-o-equal-height vc_row-o-content-middle vc_row-flex padding-medium bgv-default bgh-default halign-center\"><div class=\"feature-image wpb_column vc_column_container text-left vc_col-sm-7 vc_col-lg-6 vc_col-md-7 padding-default bgv-default bgh-default halign-default\"><div class=\"vc_column-inner\"><div class=\"wpb_wrapper\">\n\t<div class=\"wpb_text_column wpb_content_element\" >\n\t\t<div class=\"wpb_wrapper\">\n\t\t\t<figure id=\"attachment_4793\" aria-describedby=\"caption-attachment-4793\" style=\"width: 500px\" class=\"wp-caption alignnone\"><img loading=\"lazy\" decoding=\"async\" class=\"wp-image-4793\" src=\"https:\/\/cdn.teamdeck.io\/uploads\/website\/2019\/03\/15111225\/Screen-Shot-2019-03-15-at-10.09.58-300x192.png\" alt=\"Zaman \u00e7izelgelerine ve izin raporlar\u0131na dayanarak bordro raporlar\u0131 olu\u015fturma\" width=\"500\" height=\"320\" srcset=\"https:\/\/cdn.teamdeck.io\/uploads\/website\/2019\/03\/15111225\/Screen-Shot-2019-03-15-at-10.09.58-300x192.png 300w, https:\/\/cdn.teamdeck.io\/uploads\/website\/2019\/03\/15111225\/Screen-Shot-2019-03-15-at-10.09.58-768x492.png 768w, https:\/\/cdn.teamdeck.io\/uploads\/website\/2019\/03\/15111225\/Screen-Shot-2019-03-15-at-10.09.58-960x614.png 960w, https:\/\/cdn.teamdeck.io\/uploads\/website\/2019\/03\/15111225\/Screen-Shot-2019-03-15-at-10.09.58.png 1028w\" sizes=\"auto, (max-width: 500px) 100vw, 500px\" \/><figcaption id=\"caption-attachment-4793\" class=\"wp-caption-text\">Zaman \u00c7izelgeleri vs \u0130zinler<\/figcaption><\/figure>\n\n\t\t<\/div>\n\t<\/div>\n<\/div><\/div><\/div><div class=\"feature-info wpb_column vc_column_container text-left vc_col-sm-5 vc_col-lg-4 padding-small bgv-default bgh-default halign-default\"><div class=\"vc_column-inner\"><div class=\"wpb_wrapper\">\n\t<div class=\"wpb_text_column wpb_content_element\" >\n\t\t<div class=\"wpb_wrapper\">\n\t\t\t<h2><span class=\"text-title\"><strong>Zaman \u00c7izelgeleri vs \u0130zinler<\/strong> <\/span><\/h2>\n<p style=\"text-align: justify;\">Ekibinizin zaman\u0131n\u0131n g\u00f6rsel bir d\u00f6k\u00fcm\u00fc: planlanan \u00e7al\u0131\u015fma saatlerine kar\u015f\u0131 kaydedilen \u00e7al\u0131\u015fma saatleri ve tatiller. Bu grafik sayesinde \u00e7ok fazla mesai yapan ki\u015fileri veya planlanandan daha az zaman ay\u0131ran ki\u015fileri tespit edebilirsiniz.<\/p>\n\n\t\t<\/div>\n\t<\/div>\n<\/div><\/div><\/div><\/div><div class=\"vc_row-full-width vc_clearfix\"><\/div><div data-vc-full-width=\"true\" data-vc-full-width-init=\"false\" class=\"vc_row wpb_row vc_row-fluid redl-row-section feature-row vc_custom_1504100661321 vc_row-o-equal-height vc_row-o-content-middle vc_row-flex padding-medium bgv-default bgh-default halign-center\"><div class=\"feature-info wpb_column vc_column_container text-left vc_col-sm-5 vc_col-lg-4 padding-small bgv-default bgh-default halign-default\"><div class=\"vc_column-inner\"><div class=\"wpb_wrapper\">\n\t<div class=\"wpb_text_column wpb_content_element\" >\n\t\t<div class=\"wpb_wrapper\">\n\t\t\t<h2><strong><span class=\"text-title\">Bordro<\/span><\/strong><\/h2>\n<p style=\"text-align: justify;\">Bu, her bir \u00e7al\u0131\u015fan\u0131n\u0131z i\u00e7in maa\u015f bordrosunu kolayca hesaplayabilece\u011finiz tablodur.<br \/>\nTek yapman\u0131z gereken, s\u00fctunlardan birine saatlik \u00fccretlerini girmektir (bir elektronik tabloda yapt\u0131\u011f\u0131n\u0131z gibi bunlar\u0131 yazman\u0131z yeterlidir).<br \/>\nBordro, ki\u015filerin zaman \u00e7izelgelerine ve tatillerine g\u00f6re hesaplan\u0131r, bu nedenle form\u00fcl\u00fcn \u015firketinizin politikas\u0131na uygun olup olmad\u0131\u011f\u0131n\u0131 kontrol etmek isteyebilirsiniz. D\u00fczenlenebilir oldu\u011fundan ihtiya\u00e7lar\u0131n\u0131za g\u00f6re ayarlayabilirsiniz.<\/p>\n\n\t\t<\/div>\n\t<\/div>\n<\/div><\/div><\/div><div class=\"feature-image wpb_column vc_column_container text-left vc_col-sm-7 vc_col-lg-6 padding-default bgv-default bgh-default halign-default\"><div class=\"vc_column-inner\"><div class=\"wpb_wrapper\">\n\t<div class=\"wpb_text_column wpb_content_element\" >\n\t\t<div class=\"wpb_wrapper\">\n\t\t\t<figure id=\"attachment_4792\" aria-describedby=\"caption-attachment-4792\" style=\"width: 500px\" class=\"wp-caption alignnone\"><img loading=\"lazy\" decoding=\"async\" class=\"wp-image-4792\" src=\"https:\/\/cdn.teamdeck.io\/uploads\/website\/2019\/03\/15111222\/Screen-Shot-2019-03-15-at-10.11.36-300x195.png\" alt=\"\u00d6denen \u00fccretleri i\u00e7eren bordro raporlar\u0131\" width=\"500\" height=\"325\" srcset=\"https:\/\/cdn.teamdeck.io\/uploads\/website\/2019\/03\/15111222\/Screen-Shot-2019-03-15-at-10.11.36-300x195.png 300w, https:\/\/cdn.teamdeck.io\/uploads\/website\/2019\/03\/15111222\/Screen-Shot-2019-03-15-at-10.11.36-768x500.png 768w, https:\/\/cdn.teamdeck.io\/uploads\/website\/2019\/03\/15111222\/Screen-Shot-2019-03-15-at-10.11.36-960x625.png 960w, https:\/\/cdn.teamdeck.io\/uploads\/website\/2019\/03\/15111222\/Screen-Shot-2019-03-15-at-10.11.36.png 1106w\" sizes=\"auto, (max-width: 500px) 100vw, 500px\" \/><figcaption id=\"caption-attachment-4792\" class=\"wp-caption-text\">Bordro<\/figcaption><\/figure>\n\n\t\t<\/div>\n\t<\/div>\n<\/div><\/div><\/div><\/div><div class=\"vc_row-full-width vc_clearfix\"><\/div><div class=\"vc_row wpb_row vc_row-fluid redl-row-section padding-default bgv-default bgh-default halign-default\"><div class=\"wpb_column vc_column_container text-left vc_col-sm-12 padding-default bgv-default bgh-default halign-default\"><div class=\"vc_column-inner\"><div class=\"wpb_wrapper\">\n\t<div class=\"wpb_text_column wpb_content_element\" >\n\t\t<div class=\"wpb_wrapper\">\n\t\t\t\n\t\t<\/div>\n\t<\/div>\n<\/div><\/div><\/div><\/div><div class=\"vc_row wpb_row vc_row-fluid redl-row-section vc_custom_1551186799735 padding-small bgv-default bgh-default halign-center\"><div class=\"wpb_column vc_column_container text-left vc_col-sm-12 padding-default bgv-default bgh-default halign-default\"><div class=\"vc_column-inner\"><div class=\"wpb_wrapper\">\n\t<div class=\"wpb_text_column wpb_content_element\" >\n\t\t<div class=\"wpb_wrapper\">\n\t\t\t<p><span style=\"font-size: 18px;\">Bordro raporu \u015fablonu, Teamdeck'teki t\u00fcm raporlar gibi <strong>tamamen d\u00fczenlenebilir<\/strong>. Farkl\u0131 bordro hesaplama form\u00fclleri ekleyebilir veya bordro \u00f6zeti raporunun g\u00f6rselle\u015ftirilme \u015feklini de\u011fi\u015ftirebilirsiniz.<\/span><\/p>\n<p><strong>Bir \u00f6rnek i\u00e7in bkz. <a href=\"https:\/\/app.teamdeck.io\/reports\/2eea5a6defe16ec56dbd3a74eb9d1e575c863aa945c425c863aa945ced\">\u00e7al\u0131\u015fan bordro raporu<\/a>.<\/strong><\/p>\n\n\t\t<\/div>\n\t<\/div>\n<div class=\"vc_empty_space\"   style=\"height: 32px\" ><span class=\"vc_empty_space_inner\"><\/span><\/div>\n<\/div><\/div><\/div><\/div><div data-vc-full-width=\"true\" data-vc-full-width-init=\"false\" class=\"vc_row wpb_row vc_row-fluid redl-row-section footer-message-row vc_custom_1502964176474 vc_row-has-fill vc_row-o-equal-height vc_row-flex padding-medium bgv-default bgh-default halign-default\"><div class=\"wpb_column vc_column_container text-center vc_col-sm-12 vc_col-lg-8 vc_col-md-9 padding-default bgv-default bgh-default halign-center\"><div class=\"vc_column-inner\"><div class=\"wpb_wrapper\">\n\t<div class=\"wpb_text_column wpb_content_element\" >\n\t\t<div class=\"wpb_wrapper\">\n\t\t\t<h2 style=\"text-align: center;\"><strong><span class=\"message\">Bordro raporu \u015fablonu, Teamdeck'in Raporlar \u00f6zelli\u011finin bir par\u00e7as\u0131 olarak mevcuttur. Bizim deneyin <a href=\"https:\/\/teamdeck.io\/tr\/\">kaynak planlama yaz\u0131l\u0131m\u0131<\/a><\/span><\/strong><\/h2>\n\n\t\t<\/div>\n\t<\/div>\n<a class=\"redl-btn  redl-btn-border redl-btn-two  redl-btn-medium redl-btn-69ddf1807a9ad btn-hover-one btn-icon-left signup-bottom\" href=\"https:\/\/app.teamdeck.io\/register?utm_source=reports\" target=\"_blank\">30 g\u00fcnl\u00fck \u00dcCRETS\u0130Z Deneme Al\u0131n<\/a><\/div><\/div><\/div><\/div><div class=\"vc_row-full-width vc_clearfix\"><\/div>","protected":false},"excerpt":{"rendered":"\u00c7al\u0131\u015fan Bordro Raporu \u015eablonu Bordro raporu \u015fablonu, \u00e7al\u0131\u015fanlar\u0131n\u0131 zaman \u00e7izelgelerine g\u00f6re \u00fccretlendiren \u00e7al\u0131\u015fanlar i\u00e7in harika bir zaman tasarrufu sa\u011flar. Ayl\u0131k \u00fccretleri sabit olan \u015firketler de bu t\u00fcr bir rapor \u015fablonundan...","protected":false},"author":6,"featured_media":0,"parent":4695,"menu_order":0,"comment_status":"closed","ping_status":"closed","template":"","meta":{"footnotes":""},"class_list":["post-4737","page","type-page","status-publish","hentry"],"yoast_head":"<!-- This site is optimized with the Yoast SEO Premium plugin v23.8 (Yoast SEO v24.3) - https:\/\/yoast.com\/wordpress\/plugins\/seo\/ -->\n<title>Employee Payroll Report Template | Teamdeck.io - Resource Planning Software<\/title>\n<meta name=\"description\" content=\"Payroll report template is a great time-saver for employees who charge their employees based on their timesheets. Learn more about reports in Teamdeck.\" \/>\n<meta name=\"robots\" content=\"index, follow, max-snippet:-1, max-image-preview:large, max-video-preview:-1\" \/>\n<link rel=\"canonical\" href=\"https:\/\/teamdeck.io\/tr\/ozellikler\/raporlama\/calisan-bordro-raporu-sablonu\/\" \/>\n<meta property=\"og:locale\" content=\"tr_TR\" \/>\n<meta property=\"og:type\" content=\"article\" \/>\n<meta property=\"og:title\" content=\"Employee Payroll Report Template\" \/>\n<meta property=\"og:description\" content=\"Payroll report template is a great time-saver for employees who charge their employees based on their timesheets. Learn more about reports in Teamdeck.\" \/>\n<meta property=\"og:url\" content=\"https:\/\/teamdeck.io\/tr\/ozellikler\/raporlama\/calisan-bordro-raporu-sablonu\/\" \/>\n<meta property=\"og:site_name\" content=\"Teamdeck\" \/>\n<meta property=\"article:publisher\" content=\"https:\/\/www.facebook.com\/helloteamdeck\" \/>\n<meta property=\"article:modified_time\" content=\"2022-03-02T17:59:45+00:00\" \/>\n<meta property=\"og:image\" content=\"https:\/\/teamdeck.io\/wp-content\/uploads\/2019\/03\/Screen-Shot-2019-03-15-at-10.09.58-300x192.png\" \/>\n<meta name=\"twitter:card\" content=\"summary_large_image\" \/>\n<meta name=\"twitter:site\" content=\"@helloteamdeck\" \/>\n<meta name=\"twitter:label1\" content=\"Est. reading time\" \/>\n\t<meta name=\"twitter:data1\" content=\"2 minutes\" \/>\n<script type=\"application\/ld+json\" class=\"yoast-schema-graph\">{\"@context\":\"https:\/\/schema.org\",\"@graph\":[{\"@type\":\"WebPage\",\"@id\":\"https:\/\/teamdeck.io\/features\/reporting\/employee-payroll-report-template\/\",\"url\":\"https:\/\/teamdeck.io\/features\/reporting\/employee-payroll-report-template\/\",\"name\":\"Employee Payroll Report Template | Teamdeck.io - Resource Planning Software\",\"isPartOf\":{\"@id\":\"https:\/\/teamdeck.io\/#website\"},\"primaryImageOfPage\":{\"@id\":\"https:\/\/teamdeck.io\/features\/reporting\/employee-payroll-report-template\/#primaryimage\"},\"image\":{\"@id\":\"https:\/\/teamdeck.io\/features\/reporting\/employee-payroll-report-template\/#primaryimage\"},\"thumbnailUrl\":\"https:\/\/teamdeck.io\/wp-content\/uploads\/2019\/03\/Screen-Shot-2019-03-15-at-10.09.58-300x192.png\",\"datePublished\":\"2019-03-15T15:18:43+00:00\",\"dateModified\":\"2022-03-02T17:59:45+00:00\",\"description\":\"Payroll report template is a great time-saver for employees who charge their employees based on their timesheets. Learn more about reports in Teamdeck.\",\"breadcrumb\":{\"@id\":\"https:\/\/teamdeck.io\/features\/reporting\/employee-payroll-report-template\/#breadcrumb\"},\"inLanguage\":\"tr-TR\",\"potentialAction\":[{\"@type\":\"ReadAction\",\"target\":[\"https:\/\/teamdeck.io\/features\/reporting\/employee-payroll-report-template\/\"]}]},{\"@type\":\"ImageObject\",\"inLanguage\":\"tr-TR\",\"@id\":\"https:\/\/teamdeck.io\/features\/reporting\/employee-payroll-report-template\/#primaryimage\",\"url\":\"https:\/\/teamdeck.io\/wp-content\/uploads\/2019\/03\/Screen-Shot-2019-03-15-at-10.09.58-300x192.png\",\"contentUrl\":\"https:\/\/teamdeck.io\/wp-content\/uploads\/2019\/03\/Screen-Shot-2019-03-15-at-10.09.58-300x192.png\"},{\"@type\":\"BreadcrumbList\",\"@id\":\"https:\/\/teamdeck.io\/features\/reporting\/employee-payroll-report-template\/#breadcrumb\",\"itemListElement\":[{\"@type\":\"ListItem\",\"position\":1,\"name\":\"Home\",\"item\":\"https:\/\/teamdeck.io\/\"},{\"@type\":\"ListItem\",\"position\":2,\"name\":\"Features\",\"item\":\"https:\/\/teamdeck.io\/features\/\"},{\"@type\":\"ListItem\",\"position\":3,\"name\":\"Custom reporting\",\"item\":\"https:\/\/teamdeck.io\/features\/reporting\/\"},{\"@type\":\"ListItem\",\"position\":4,\"name\":\"Employee Payroll Report Template\"}]},{\"@type\":\"WebSite\",\"@id\":\"https:\/\/teamdeck.io\/#website\",\"url\":\"https:\/\/teamdeck.io\/\",\"name\":\"Teamdeck\",\"description\":\"resource scheduling + time tracking + leave management\",\"potentialAction\":[{\"@type\":\"SearchAction\",\"target\":{\"@type\":\"EntryPoint\",\"urlTemplate\":\"https:\/\/teamdeck.io\/?s={search_term_string}\"},\"query-input\":{\"@type\":\"PropertyValueSpecification\",\"valueRequired\":true,\"valueName\":\"search_term_string\"}}],\"inLanguage\":\"tr-TR\"}]}<\/script>\n<!-- \/ Yoast SEO Premium plugin. -->","yoast_head_json":{"title":"Employee Payroll Report Template | Teamdeck.io - Resource Planning Software","description":"Payroll report template is a great time-saver for employees who charge their employees based on their timesheets. Learn more about reports in Teamdeck.","robots":{"index":"index","follow":"follow","max-snippet":"max-snippet:-1","max-image-preview":"max-image-preview:large","max-video-preview":"max-video-preview:-1"},"canonical":"https:\/\/teamdeck.io\/tr\/ozellikler\/raporlama\/calisan-bordro-raporu-sablonu\/","og_locale":"tr_TR","og_type":"article","og_title":"Employee Payroll Report Template","og_description":"Payroll report template is a great time-saver for employees who charge their employees based on their timesheets. Learn more about reports in Teamdeck.","og_url":"https:\/\/teamdeck.io\/tr\/ozellikler\/raporlama\/calisan-bordro-raporu-sablonu\/","og_site_name":"Teamdeck","article_publisher":"https:\/\/www.facebook.com\/helloteamdeck","article_modified_time":"2022-03-02T17:59:45+00:00","og_image":[{"url":"https:\/\/teamdeck.io\/wp-content\/uploads\/2019\/03\/Screen-Shot-2019-03-15-at-10.09.58-300x192.png","type":"","width":"","height":""}],"twitter_card":"summary_large_image","twitter_site":"@helloteamdeck","twitter_misc":{"Est. reading time":"2 minutes"},"schema":{"@context":"https:\/\/schema.org","@graph":[{"@type":"WebPage","@id":"https:\/\/teamdeck.io\/features\/reporting\/employee-payroll-report-template\/","url":"https:\/\/teamdeck.io\/features\/reporting\/employee-payroll-report-template\/","name":"Employee Payroll Report Template | Teamdeck.io - Resource Planning Software","isPartOf":{"@id":"https:\/\/teamdeck.io\/#website"},"primaryImageOfPage":{"@id":"https:\/\/teamdeck.io\/features\/reporting\/employee-payroll-report-template\/#primaryimage"},"image":{"@id":"https:\/\/teamdeck.io\/features\/reporting\/employee-payroll-report-template\/#primaryimage"},"thumbnailUrl":"https:\/\/teamdeck.io\/wp-content\/uploads\/2019\/03\/Screen-Shot-2019-03-15-at-10.09.58-300x192.png","datePublished":"2019-03-15T15:18:43+00:00","dateModified":"2022-03-02T17:59:45+00:00","description":"Payroll report template is a great time-saver for employees who charge their employees based on their timesheets. Learn more about reports in Teamdeck.","breadcrumb":{"@id":"https:\/\/teamdeck.io\/features\/reporting\/employee-payroll-report-template\/#breadcrumb"},"inLanguage":"tr-TR","potentialAction":[{"@type":"ReadAction","target":["https:\/\/teamdeck.io\/features\/reporting\/employee-payroll-report-template\/"]}]},{"@type":"ImageObject","inLanguage":"tr-TR","@id":"https:\/\/teamdeck.io\/features\/reporting\/employee-payroll-report-template\/#primaryimage","url":"https:\/\/teamdeck.io\/wp-content\/uploads\/2019\/03\/Screen-Shot-2019-03-15-at-10.09.58-300x192.png","contentUrl":"https:\/\/teamdeck.io\/wp-content\/uploads\/2019\/03\/Screen-Shot-2019-03-15-at-10.09.58-300x192.png"},{"@type":"BreadcrumbList","@id":"https:\/\/teamdeck.io\/features\/reporting\/employee-payroll-report-template\/#breadcrumb","itemListElement":[{"@type":"ListItem","position":1,"name":"Home","item":"https:\/\/teamdeck.io\/"},{"@type":"ListItem","position":2,"name":"Features","item":"https:\/\/teamdeck.io\/features\/"},{"@type":"ListItem","position":3,"name":"Custom reporting","item":"https:\/\/teamdeck.io\/features\/reporting\/"},{"@type":"ListItem","position":4,"name":"Employee Payroll Report Template"}]},{"@type":"WebSite","@id":"https:\/\/teamdeck.io\/#website","url":"https:\/\/teamdeck.io\/","name":"Teamdeck","description":"resource scheduling + time tracking + leave management","potentialAction":[{"@type":"SearchAction","target":{"@type":"EntryPoint","urlTemplate":"https:\/\/teamdeck.io\/?s={search_term_string}"},"query-input":{"@type":"PropertyValueSpecification","valueRequired":true,"valueName":"search_term_string"}}],"inLanguage":"tr-TR"}]}},"_links":{"self":[{"href":"https:\/\/teamdeck.io\/tr\/wp-json\/wp\/v2\/pages\/4737","targetHints":{"allow":["GET"]}}],"collection":[{"href":"https:\/\/teamdeck.io\/tr\/wp-json\/wp\/v2\/pages"}],"about":[{"href":"https:\/\/teamdeck.io\/tr\/wp-json\/wp\/v2\/types\/page"}],"author":[{"embeddable":true,"href":"https:\/\/teamdeck.io\/tr\/wp-json\/wp\/v2\/users\/6"}],"replies":[{"embeddable":true,"href":"https:\/\/teamdeck.io\/tr\/wp-json\/wp\/v2\/comments?post=4737"}],"version-history":[{"count":12,"href":"https:\/\/teamdeck.io\/tr\/wp-json\/wp\/v2\/pages\/4737\/revisions"}],"predecessor-version":[{"id":9508,"href":"https:\/\/teamdeck.io\/tr\/wp-json\/wp\/v2\/pages\/4737\/revisions\/9508"}],"up":[{"embeddable":true,"href":"https:\/\/teamdeck.io\/tr\/wp-json\/wp\/v2\/pages\/4695"}],"wp:attachment":[{"href":"https:\/\/teamdeck.io\/tr\/wp-json\/wp\/v2\/media?parent=4737"}],"curies":[{"name":"wp","href":"https:\/\/api.w.org\/{rel}","templated":true}]}}