{"id":3306,"date":"2017-09-25T13:30:56","date_gmt":"2017-09-25T11:30:56","guid":{"rendered":"https:\/\/teamdeck.io\/?page_id=3306"},"modified":"2018-05-24T09:48:30","modified_gmt":"2018-05-24T07:48:30","slug":"funding-programme","status":"publish","type":"page","link":"https:\/\/teamdeck.io\/tr\/fonlama-programi\/","title":{"rendered":"Finansman program\u0131"},"content":{"rendered":"<p style=\"text-align: center;\"><strong>PROGRAM OPERACYJNY<\/strong><\/p>\n<p style=\"text-align: center;\"><strong>Inteligentny Rozw\u00f3j<\/strong><\/p>\n<h1 style=\"text-align: center;\"><\/h1>\n<p style=\"text-align: center;\"><em><strong>o\u015b priorytetowa 3 Wsparcie innowacji w przedsi\u0119biorstwach<\/strong><\/em><\/p>\n<p style=\"text-align: center;\"><em><strong>dzia\u0142anie 3.3 Wsparcie promocji oraz internacjonalizacji innowacyjnych przedsi\u0119biorstw<\/strong><\/em><\/p>\n<p style=\"text-align: center;\"><em><strong>poddzia\u0142anie 3.3.3 Wsparcie M\u015aP w promocji marek produktowych - Markaya Git<\/strong><\/em><\/p>\n<p style=\"text-align: center;\"><em><strong>\"Promocja marki produktowej firmy Teamdeck Sp. z o.o. poprzez realizacj\u0119 programu promocji bran\u017cy IT\/ICT\"<\/strong><\/em><\/p>\n<h1 style=\"text-align: center;\"><\/h1>\n<p><span style=\"font-weight: 400;\">Kr\u00f3tki opis projektu:<\/span><\/p>\n<p><span style=\"font-weight: 400;\">Przedmiotem projektu jest realizacja przez firm\u0119 Teamdeck Sp. z o.o. dzia\u0142a\u0144 promocyjnych zgodnych z programem promocji<\/span><\/p>\n<p><span style=\"font-weight: 400;\">Zagranicznych rynkach'ta \u00fcretilen markalar\u0131n tan\u0131t\u0131m\u0131na y\u00f6nelik BT\/ICT bran\u015f\u0131. Bran\u015fla\u015fma program\u0131<\/span><\/p>\n<p><span style=\"font-weight: 400;\">Stanach Zjednoczonych Ameryki P\u00f3\u0142nocnej'de (ABD) perspektywicznym rynku pozaunijnym na promocji b\u0119d\u0105 prowadzone.<\/span><\/p>\n<p><span style=\"font-weight: 400;\">Wnioskodawca ramach projektu, Wnioskodawca planuje realizacj\u0119 zada\u0144 zwi\u0105zanych z:<\/span><\/p>\n<ul>\n<li><span style=\"font-weight: 400;\">targach bran\u017cowych w charakterze wystawcy'de uczestnictwem,<\/span><\/li>\n<li><span style=\"font-weight: 400;\">rynek ameryka\u0144ski'ye olan ba\u011fl\u0131l\u0131\u011f\u0131m\u0131z\u0131 g\u00fc\u00e7lendirmek i\u00e7in kullanaca\u011f\u0131z,<\/span><\/li>\n<li><span style=\"font-weight: 400;\">sp\u00f3\u0142ki umi\u0119dzynarodowienia zakresie us\u0142ugi szkoleniowej zakupem,<\/span><\/li>\n<li><span style=\"font-weight: 400;\">Amerika Birle\u015fik Devletleri'ndeki yerel y\u00f6netimlerin organizasyonu,<\/span><\/li>\n<li><span style=\"font-weight: 400;\">bilgilendirme ve tan\u0131t\u0131m faaliyetlerinin ger\u00e7ekle\u015ftirilmesi.<\/span><\/li>\n<\/ul>\n<h1 style=\"text-align: center;\"><\/h1>\n<p><span style=\"font-weight: 400;\">Cele projektu:<\/span><\/p>\n<p><span style=\"font-weight: 400;\">Projenin ger\u00e7ekle\u015ftirilmesi, IT\/ICT tan\u0131t\u0131m bran\u015f\u0131nda faaliyet g\u00f6steren Teamdeck firmas\u0131n\u0131n bir projede yer almas\u0131n\u0131 sa\u011flayacakt\u0131r. Cel ten jest zgodny z celem dzia\u0142ania 3.3POIR, kt\u00f3ry zak\u0142ada wzrost konkurencyjno\u015bci polskich przedsi\u0119biorstw sektora M\u015aP poprzez internacjonalizacj\u0119 ich dzia\u0142. gosp., jak r\u00f3wnie\u017c z celem poddz. 3.3.3POIR.<\/span><\/p>\n<p><span style=\"font-weight: 400;\">Realizacja zaplanowanych zada\u0144 umo\u017cliwi osi\u0105gni\u0119cie rezultat\u00f3w:<\/span><\/p>\n<ul>\n<li><span style=\"font-weight: 400;\">Liczba podpisanych zagr. kontrakt\u00f3w handlowych - 94,<\/span><\/li>\n<li><span style=\"font-weight: 400;\">Przychody ze sprzeda\u017cy produkt\u00f3w na eksport - 21 mln z\u0142,<\/span><\/li>\n<li><span style=\"font-weight: 400;\">Przychody ze sprzeda\u017cy na eksport produkt\u00f3w b\u0119d\u0105cych przedmiotem projektu - 2 mln z\u0142.<\/span><\/li>\n<\/ul>\n<p><span style=\"font-weight: 400;\">Osi\u0105gni\u0119te rezultaty projectektu u\u0142atwi\u0105 prze\u0142amywanie barier i nawi\u0105zywanie kontakt\u00f3w z partnerami zagr. Konsekwencji przyczyni\u0105 si\u0119 do pozyskania klient\u00f3w z rynk\u00f3w zagr. oraz zwi\u0119kszenia sprzeda\u017cy us\u0142ug firmy za granic\u0105. Projenin ger\u00e7ekle\u015ftirilmesi, spesifikasyonlar\u0131n veya potansiyelin geli\u015ftirilmesinde \u00f6nemli bir rol oynar.<\/span><\/p>\n<p><span style=\"font-weight: 400;\">Warto\u015b\u0107 projektu: <\/span><b>712 380,00 PLN<\/b><\/p>\n<p><span style=\"font-weight: 400;\">Wk\u0142ad funduszy europejskich: <\/span><b>455 625,00 PLN <\/b><\/p>\n<h1 style=\"text-align: center;\"><\/h1>\n<p>&nbsp;<\/p>\n<p><img loading=\"lazy\" decoding=\"async\" class=\"aligncenter wp-image-3804\" src=\"https:\/\/cdn.teamdeck.io\/uploads\/website\/2017\/09\/24180043\/logosy2.png\" alt=\"\" width=\"1045\" height=\"160\" srcset=\"https:\/\/cdn.teamdeck.io\/uploads\/website\/2017\/09\/24180043\/logosy2.png 2090w, https:\/\/cdn.teamdeck.io\/uploads\/website\/2017\/09\/24180043\/logosy2-300x46.png 300w, https:\/\/cdn.teamdeck.io\/uploads\/website\/2017\/09\/24180043\/logosy2-768x118.png 768w, https:\/\/cdn.teamdeck.io\/uploads\/website\/2017\/09\/24180043\/logosy2-960x147.png 960w\" sizes=\"auto, (max-width: 1045px) 100vw, 1045px\" \/><\/p>","protected":false},"excerpt":{"rendered":"PROGRAM OPERACYJNY Inteligentny Rozw\u00f3j o\u015b priorytetowa 3 Wsparcie innowacji w przedsi\u0119biorstwach dzia\u0142anie 3.3 Wsparcie promocji oraz internacjonalizacji innowacyjnych przedsi\u0119biorstw poddzia\u0142anie 3.3.3 Promocja marki produktowych i\u00e7in M\u015aP markas\u0131n\u0131n tan\u0131t\u0131m\u0131 - Markaya Git \"Promocja marki produktowej firmy Teamdeck Sp. z...","protected":false},"author":17,"featured_media":0,"parent":0,"menu_order":0,"comment_status":"closed","ping_status":"closed","template":"","meta":{"footnotes":""},"class_list":["post-3306","page","type-page","status-publish","hentry"],"yoast_head":"<!-- This site is optimized with the Yoast SEO Premium plugin v23.8 (Yoast SEO v24.3) - https:\/\/yoast.com\/wordpress\/plugins\/seo\/ -->\n<title>Funding programme - Teamdeck<\/title>\n<meta name=\"robots\" content=\"noindex, follow\" \/>\n<meta property=\"og:locale\" content=\"tr_TR\" \/>\n<meta property=\"og:type\" content=\"article\" \/>\n<meta property=\"og:title\" content=\"Funding programme\" \/>\n<meta property=\"og:description\" content=\"PROGRAM OPERACYJNY Inteligentny Rozw\u00f3j o\u015b priorytetowa 3 Wsparcie innowacji w przedsi\u0119biorstwach dzia\u0142anie 3.3 Wsparcie promocji oraz internacjonalizacji innowacyjnych\u00a0przedsi\u0119biorstw poddzia\u0142anie 3.3.3 Wsparcie M\u015aP w promocji marek produktowych \u2013 Go to Brand \u201cPromocja marki produktowej firmy Teamdeck Sp. z...\" \/>\n<meta property=\"og:url\" content=\"https:\/\/teamdeck.io\/tr\/fonlama-programi\/\" \/>\n<meta property=\"og:site_name\" content=\"Teamdeck\" \/>\n<meta property=\"article:publisher\" content=\"https:\/\/www.facebook.com\/helloteamdeck\" \/>\n<meta property=\"article:modified_time\" content=\"2018-05-24T07:48:30+00:00\" \/>\n<meta property=\"og:image\" content=\"https:\/\/teamdeck.io\/wp-content\/uploads\/2017\/09\/logosy2.png\" \/>\n<meta name=\"twitter:card\" content=\"summary_large_image\" \/>\n<meta name=\"twitter:site\" content=\"@helloteamdeck\" \/>\n<meta name=\"twitter:label1\" content=\"Est. reading time\" \/>\n\t<meta name=\"twitter:data1\" content=\"2 minutes\" \/>\n<script type=\"application\/ld+json\" class=\"yoast-schema-graph\">{\"@context\":\"https:\/\/schema.org\",\"@graph\":[{\"@type\":\"WebPage\",\"@id\":\"https:\/\/teamdeck.io\/funding-programme\/\",\"url\":\"https:\/\/teamdeck.io\/funding-programme\/\",\"name\":\"Funding programme - Teamdeck\",\"isPartOf\":{\"@id\":\"https:\/\/teamdeck.io\/#website\"},\"primaryImageOfPage\":{\"@id\":\"https:\/\/teamdeck.io\/funding-programme\/#primaryimage\"},\"image\":{\"@id\":\"https:\/\/teamdeck.io\/funding-programme\/#primaryimage\"},\"thumbnailUrl\":\"https:\/\/teamdeck.io\/wp-content\/uploads\/2017\/09\/logosy2.png\",\"datePublished\":\"2017-09-25T11:30:56+00:00\",\"dateModified\":\"2018-05-24T07:48:30+00:00\",\"breadcrumb\":{\"@id\":\"https:\/\/teamdeck.io\/funding-programme\/#breadcrumb\"},\"inLanguage\":\"tr-TR\",\"potentialAction\":[{\"@type\":\"ReadAction\",\"target\":[\"https:\/\/teamdeck.io\/funding-programme\/\"]}]},{\"@type\":\"ImageObject\",\"inLanguage\":\"tr-TR\",\"@id\":\"https:\/\/teamdeck.io\/funding-programme\/#primaryimage\",\"url\":\"https:\/\/teamdeck.io\/wp-content\/uploads\/2017\/09\/logosy2.png\",\"contentUrl\":\"https:\/\/teamdeck.io\/wp-content\/uploads\/2017\/09\/logosy2.png\"},{\"@type\":\"BreadcrumbList\",\"@id\":\"https:\/\/teamdeck.io\/funding-programme\/#breadcrumb\",\"itemListElement\":[{\"@type\":\"ListItem\",\"position\":1,\"name\":\"Home\",\"item\":\"https:\/\/teamdeck.io\/\"},{\"@type\":\"ListItem\",\"position\":2,\"name\":\"Funding programme\"}]},{\"@type\":\"WebSite\",\"@id\":\"https:\/\/teamdeck.io\/#website\",\"url\":\"https:\/\/teamdeck.io\/\",\"name\":\"Teamdeck\",\"description\":\"resource scheduling + time tracking + leave management\",\"potentialAction\":[{\"@type\":\"SearchAction\",\"target\":{\"@type\":\"EntryPoint\",\"urlTemplate\":\"https:\/\/teamdeck.io\/?s={search_term_string}\"},\"query-input\":{\"@type\":\"PropertyValueSpecification\",\"valueRequired\":true,\"valueName\":\"search_term_string\"}}],\"inLanguage\":\"tr-TR\"}]}<\/script>\n<!-- \/ Yoast SEO Premium plugin. -->","yoast_head_json":{"title":"Funding programme - Teamdeck","robots":{"index":"noindex","follow":"follow"},"og_locale":"tr_TR","og_type":"article","og_title":"Funding programme","og_description":"PROGRAM OPERACYJNY Inteligentny Rozw\u00f3j o\u015b priorytetowa 3 Wsparcie innowacji w przedsi\u0119biorstwach dzia\u0142anie 3.3 Wsparcie promocji oraz internacjonalizacji innowacyjnych\u00a0przedsi\u0119biorstw poddzia\u0142anie 3.3.3 Wsparcie M\u015aP w promocji marek produktowych \u2013 Go to Brand \u201cPromocja marki produktowej firmy Teamdeck Sp. z...","og_url":"https:\/\/teamdeck.io\/tr\/fonlama-programi\/","og_site_name":"Teamdeck","article_publisher":"https:\/\/www.facebook.com\/helloteamdeck","article_modified_time":"2018-05-24T07:48:30+00:00","og_image":[{"url":"https:\/\/teamdeck.io\/wp-content\/uploads\/2017\/09\/logosy2.png","type":"","width":"","height":""}],"twitter_card":"summary_large_image","twitter_site":"@helloteamdeck","twitter_misc":{"Est. reading time":"2 minutes"},"schema":{"@context":"https:\/\/schema.org","@graph":[{"@type":"WebPage","@id":"https:\/\/teamdeck.io\/funding-programme\/","url":"https:\/\/teamdeck.io\/funding-programme\/","name":"Funding programme - Teamdeck","isPartOf":{"@id":"https:\/\/teamdeck.io\/#website"},"primaryImageOfPage":{"@id":"https:\/\/teamdeck.io\/funding-programme\/#primaryimage"},"image":{"@id":"https:\/\/teamdeck.io\/funding-programme\/#primaryimage"},"thumbnailUrl":"https:\/\/teamdeck.io\/wp-content\/uploads\/2017\/09\/logosy2.png","datePublished":"2017-09-25T11:30:56+00:00","dateModified":"2018-05-24T07:48:30+00:00","breadcrumb":{"@id":"https:\/\/teamdeck.io\/funding-programme\/#breadcrumb"},"inLanguage":"tr-TR","potentialAction":[{"@type":"ReadAction","target":["https:\/\/teamdeck.io\/funding-programme\/"]}]},{"@type":"ImageObject","inLanguage":"tr-TR","@id":"https:\/\/teamdeck.io\/funding-programme\/#primaryimage","url":"https:\/\/teamdeck.io\/wp-content\/uploads\/2017\/09\/logosy2.png","contentUrl":"https:\/\/teamdeck.io\/wp-content\/uploads\/2017\/09\/logosy2.png"},{"@type":"BreadcrumbList","@id":"https:\/\/teamdeck.io\/funding-programme\/#breadcrumb","itemListElement":[{"@type":"ListItem","position":1,"name":"Home","item":"https:\/\/teamdeck.io\/"},{"@type":"ListItem","position":2,"name":"Funding programme"}]},{"@type":"WebSite","@id":"https:\/\/teamdeck.io\/#website","url":"https:\/\/teamdeck.io\/","name":"Teamdeck","description":"resource scheduling + time tracking + leave management","potentialAction":[{"@type":"SearchAction","target":{"@type":"EntryPoint","urlTemplate":"https:\/\/teamdeck.io\/?s={search_term_string}"},"query-input":{"@type":"PropertyValueSpecification","valueRequired":true,"valueName":"search_term_string"}}],"inLanguage":"tr-TR"}]}},"_links":{"self":[{"href":"https:\/\/teamdeck.io\/tr\/wp-json\/wp\/v2\/pages\/3306","targetHints":{"allow":["GET"]}}],"collection":[{"href":"https:\/\/teamdeck.io\/tr\/wp-json\/wp\/v2\/pages"}],"about":[{"href":"https:\/\/teamdeck.io\/tr\/wp-json\/wp\/v2\/types\/page"}],"author":[{"embeddable":true,"href":"https:\/\/teamdeck.io\/tr\/wp-json\/wp\/v2\/users\/17"}],"replies":[{"embeddable":true,"href":"https:\/\/teamdeck.io\/tr\/wp-json\/wp\/v2\/comments?post=3306"}],"version-history":[{"count":10,"href":"https:\/\/teamdeck.io\/tr\/wp-json\/wp\/v2\/pages\/3306\/revisions"}],"predecessor-version":[{"id":3806,"href":"https:\/\/teamdeck.io\/tr\/wp-json\/wp\/v2\/pages\/3306\/revisions\/3806"}],"wp:attachment":[{"href":"https:\/\/teamdeck.io\/tr\/wp-json\/wp\/v2\/media?parent=3306"}],"curies":[{"name":"wp","href":"https:\/\/api.w.org\/{rel}","templated":true}]}}