{"id":2853,"date":"2017-09-07T12:08:23","date_gmt":"2017-09-07T10:08:23","guid":{"rendered":"https:\/\/teamdeck.io\/?page_id=2853"},"modified":"2024-04-08T13:08:17","modified_gmt":"2024-04-08T11:08:17","slug":"privacy-policy","status":"publish","type":"page","link":"https:\/\/teamdeck.io\/tr\/gizlilik-politikasi\/","title":{"rendered":"Gizlilik Politikas\u0131"},"content":{"rendered":"<div class=\"vc_row wpb_row vc_row-fluid redl-row-section padding-default bgv-default bgh-default halign-default\"><div class=\"wpb_column vc_column_container text-left vc_col-sm-12 padding-default bgv-default bgh-default halign-default\"><div class=\"vc_column-inner\"><div class=\"wpb_wrapper\"><div class=\"vc_empty_space\"   style=\"height: 32px\" ><span class=\"vc_empty_space_inner\"><\/span><\/div>\n\n\t<div class=\"wpb_text_column wpb_content_element\" >\n\t\t<div class=\"wpb_wrapper\">\n\t\t\t<h1 class=\"ng-scope\" style=\"text-align: center;\">Gizlilik Politikas\u0131<\/h1>\n<p class=\"ng-scope\" style=\"text-align: center;\"><small>Son g\u00fcncelleme: 30 Ocak 2024<\/small><\/p>\n\n\t\t<\/div>\n\t<\/div>\n<div class=\"vc_empty_space\"   style=\"height: 32px\" ><span class=\"vc_empty_space_inner\"><\/span><\/div>\n\n\t<div class=\"wpb_text_column wpb_content_element\" >\n\t\t<div class=\"wpb_wrapper\">\n\t\t\t<p class=\"ng-scope\">Teamdeck sp. z o.o. (\"biz\", \"biz\" veya \"bizim\") kay\u0131tl\u0131 ofisi ile: Nowowiejskiego 55, 61-734 Pozna\u0144, Polonya, NIP: 7831750055, REGON: 365865326, Pozna\u0144'daki Pozna\u0144 - Nowe Miasto I Wilda B\u00f6lge Mahkemesinde, Ulusal Mahkeme Sicilinin VIII Ticaret B\u00f6l\u00fcm\u00fcnde, ticaret sicilinde (KRS) no. 0000646426, https:\/\/teamdeck.io web sitesini (\"Hizmet\") i\u015fletmektedir.<\/p>\n<p class=\"ng-scope\">Bu sayfa, Hizmetimizi kulland\u0131\u011f\u0131n\u0131zda Ki\u015fisel Bilgilerin toplanmas\u0131, kullan\u0131lmas\u0131 ve if\u015fa edilmesine ili\u015fkin politikalar\u0131m\u0131z hakk\u0131nda sizi bilgilendirir.<\/p>\n<p class=\"ng-scope\">Bilgilerinizi bu Gizlilik Politikas\u0131nda a\u00e7\u0131klananlar d\u0131\u015f\u0131nda kullanmayacak veya kimseyle payla\u015fmayaca\u011f\u0131z.<\/p>\n<p class=\"ng-scope\">Ki\u015fisel Bilgilerinizi Hizmeti sa\u011flamak ve geli\u015ftirmek i\u00e7in kullan\u0131r\u0131z. Hizmeti kullanarak, bilgilerin bu politikaya uygun olarak toplanmas\u0131n\u0131 ve kullan\u0131lmas\u0131n\u0131 kabul etmi\u015f olursunuz. Bu Gizlilik Politikas\u0131nda aksi belirtilmedik\u00e7e, bu Gizlilik Politikas\u0131nda kullan\u0131lan terimler, https:\/\/teamdeck.io adresinden eri\u015filebilen H\u00fck\u00fcm ve Ko\u015fullar\u0131m\u0131zdakilerle ayn\u0131 anlamlara sahiptir.<\/p>\n<p class=\"ng-scope\">Teamdeck sp. z o.o. Polonya merkezli bir \u015firkettir ve bu nedenle Polonya yasalar\u0131na, \u00f6zellikle de 29 A\u011fustos 1997 tarihli Ki\u015fisel Verilerin Korunmas\u0131 Yasas\u0131na (Kanunlar Dergisi No. 133, madde 883, de\u011fi\u015ftirilmi\u015f haliyle) uygundur.<\/p>\n<p class=\"ng-scope\"><strong>\u00a71. Bilgi Toplama ve Kullan\u0131m\u0131<\/strong><\/p>\n<p class=\"ng-scope\">Hizmetimizi kullan\u0131rken, m\u00fc\u015fteriden, m\u00fc\u015fteriyle ileti\u015fim kurmak veya m\u00fc\u015fteriyi tan\u0131mlamak i\u00e7in kullan\u0131labilecek belirli ki\u015fisel olarak tan\u0131mlanabilir bilgileri bize sa\u011flamas\u0131n\u0131 isteyebiliriz. Ki\u015fisel olarak tan\u0131mlanabilir bilgiler, bunlarla s\u0131n\u0131rl\u0131 olmamak \u00fczere, m\u00fc\u015fterinin e-posta adresini, ad\u0131n\u0131, telefon numaras\u0131n\u0131, posta adresini (\"Ki\u015fisel Bilgiler\") i\u00e7erebilir.<\/p>\n<p class=\"ng-scope\"><strong>\u00a72. G\u00fcnl\u00fck Verileri<\/strong><\/p>\n<p class=\"ng-scope\">1. M\u00fc\u015fteri Hizmetimizi her ziyaret etti\u011finde m\u00fc\u015fteri taray\u0131c\u0131s\u0131n\u0131n g\u00f6nderdi\u011fi bilgileri de toplayabiliriz (\"G\u00fcnl\u00fck Verileri\"). Bu G\u00fcnl\u00fck Verileri, m\u00fc\u015fteri bilgisayar\u0131n\u0131n \u0130nternet Protokol\u00fc (\"IP\") adresi, taray\u0131c\u0131 t\u00fcr\u00fc, taray\u0131c\u0131 s\u00fcr\u00fcm\u00fc, m\u00fc\u015fterinin ziyaret etti\u011fi Hizmetimizin sayfalar\u0131, m\u00fc\u015fteri ziyaretinin saati ve tarihi, bu sayfalarda ge\u00e7irilen s\u00fcre ve di\u011fer istatistikler gibi bilgileri i\u00e7erebilir.<\/p>\n<p class=\"ng-scope\">2. Ayr\u0131ca, Hizmetimizin i\u015flevselli\u011fini art\u0131rmak i\u00e7in bu t\u00fcr bilgileri toplayan, izleyen ve analiz eden Google Analytics gibi \u00fc\u00e7\u00fcnc\u00fc taraf hizmetleri kullanabiliriz. Bu \u00fc\u00e7\u00fcnc\u00fc taraf hizmet sa\u011flay\u0131c\u0131lar\u0131n\u0131n, bu t\u00fcr bilgileri nas\u0131l kulland\u0131klar\u0131n\u0131 ele alan kendi gizlilik politikalar\u0131 vard\u0131r.<\/p>\n<p><strong class=\"ng-scope\">\u00a73. \u00c7erezler<\/strong><\/p>\n<p class=\"ng-scope\">1. \u00c7erezler, anonim benzersiz bir tan\u0131mlay\u0131c\u0131 i\u00e7erebilen az miktarda veri i\u00e7eren dosyalard\u0131r. \u00c7erezler bir web sitesinden m\u00fc\u015fteri taray\u0131c\u0131s\u0131na g\u00f6nderilir ve m\u00fc\u015fteri bilgisayar\u0131n\u0131n sabit diskinde saklan\u0131r.<\/p>\n<p class=\"ng-scope\">2. Bilgi toplamak i\u00e7in \"\u00e7erezler\" kullan\u0131yoruz. M\u00fc\u015fteri, taray\u0131c\u0131s\u0131na t\u00fcm \u00e7erezleri reddetmesi veya bir \u00e7erez g\u00f6nderildi\u011finde bunu belirtmesi talimat\u0131n\u0131 verebilir. Ancak, m\u00fc\u015fteri \u00e7erezleri kabul etmezse, m\u00fc\u015fteri Hizmetimizin baz\u0131 b\u00f6l\u00fcmlerini kullanamayabilir.<\/p>\n<p class=\"ng-scope\"><strong>\u00a74. Davran\u0131\u015fsal Yeniden Pazarlama<\/strong><\/p>\n<p class=\"ng-scope\">1. Teamdeck sp. z o.o., m\u00fc\u015fteri Hizmetimizi ziyaret ettikten sonra m\u00fc\u015fteriye \u00fc\u00e7\u00fcnc\u00fc taraf web sitelerinde reklam vermek i\u00e7in yeniden pazarlama hizmetlerini kullan\u0131r. Biz ve \u00fc\u00e7\u00fcnc\u00fc taraf tedarik\u00e7ilerimiz, m\u00fc\u015fterinin Hizmetimize yapt\u0131\u011f\u0131 ge\u00e7mi\u015f ziyaretlere dayal\u0131 olarak reklamlar\u0131 bilgilendirmek, optimize etmek ve sunmak i\u00e7in \u00e7erezleri kullan\u0131r\u0131z.<\/p>\n<ul>\n<li><strong>Google<\/strong><\/li>\n<\/ul>\n<p style=\"padding-left: 30px;\">Google AdWords yeniden pazarlama hizmeti Google Inc. taraf\u0131ndan sa\u011flanmaktad\u0131r.<\/p>\n<p style=\"padding-left: 30px;\">G\u00f6r\u00fcnt\u00fcl\u00fc Reklamc\u0131l\u0131k i\u00e7in Google Analytics'i devre d\u0131\u015f\u0131 b\u0131rakabilir ve Google Reklam Ayarlar\u0131 sayfas\u0131n\u0131 ziyaret ederek Google G\u00f6r\u00fcnt\u00fcl\u00fc Reklam A\u011f\u0131 reklamlar\u0131n\u0131 \u00f6zelle\u015ftirebilirsiniz: http:\/\/www.google.com\/settings\/ads<\/p>\n<p style=\"padding-left: 30px;\">Google ayr\u0131ca web taray\u0131c\u0131n\u0131z i\u00e7in Google Analytics Opt-out Taray\u0131c\u0131 Eklentisini - https:\/\/tools.google.com\/dlpage\/gaoptout - y\u00fcklemenizi \u00f6nerir. Google Analytics Opt-out Taray\u0131c\u0131 Eklentisi, ziyaret\u00e7ilere verilerinin Google Analytics taraf\u0131ndan toplanmas\u0131n\u0131 ve kullan\u0131lmas\u0131n\u0131 \u00f6nleme olana\u011f\u0131 sa\u011flar.<\/p>\n<p style=\"padding-left: 30px;\">Google'\u0131n gizlilik uygulamalar\u0131 hakk\u0131nda daha fazla bilgi i\u00e7in l\u00fctfen Google Gizlilik ve \u015eartlar web sayfas\u0131n\u0131 ziyaret edin: http:\/\/www.google.com\/intl\/en\/policies\/privacy\/<\/p>\n<ul>\n<li><strong><strong>Facebook<\/strong><\/strong><\/li>\n<\/ul>\n<p style=\"padding-left: 30px;\"><strong><strong><br \/>\n<\/strong><\/strong><br \/>\nFacebook yeniden pazarlama hizmeti Facebook Inc. taraf\u0131ndan sa\u011flanmaktad\u0131r.<\/p>\n<p style=\"padding-left: 30px;\">Bu sayfay\u0131 ziyaret ederek Facebook'tan ilgi alan\u0131na dayal\u0131 reklamc\u0131l\u0131k hakk\u0131nda daha fazla bilgi edinebilirsiniz: https:\/\/www.facebook.com\/help\/164968693837950<\/p>\n<p style=\"padding-left: 30px;\">Facebook'un ilgi alan\u0131na dayal\u0131 reklamlar\u0131ndan \u00e7\u0131kmak i\u00e7in Facebook'un \u015fu talimatlar\u0131n\u0131 izleyin: https:\/\/www.facebook.com\/about\/ads\/#568137493302217<\/p>\n<p style=\"padding-left: 30px;\">Facebook, Dijital Reklamc\u0131l\u0131k \u0130ttifak\u0131 taraf\u0131ndan olu\u015fturulan \u00c7evrimi\u00e7i Davran\u0131\u015fsal Reklamc\u0131l\u0131k i\u00e7in \u00d6z D\u00fczenleme \u0130lkelerine ba\u011fl\u0131d\u0131r. Ayr\u0131ca ABD'deki Digital Advertising Alliance http:\/\/www.aboutads.info\/choices\/, Kanada'daki Digital Advertising Alliance of Canada http:\/\/youradchoices.ca\/ veya Avrupa'daki European Interactive Digital Advertising Alliance http:\/\/www.youronlinechoices.eu\/ arac\u0131l\u0131\u011f\u0131yla Facebook'tan ve di\u011fer kat\u0131l\u0131mc\u0131 \u015firketlerden vazge\u00e7ebilir veya mobil cihaz ayarlar\u0131n\u0131z\u0131 kullanarak vazge\u00e7ebilirsiniz.<\/p>\n<p style=\"padding-left: 30px;\">Facebook'un gizlilik uygulamalar\u0131 hakk\u0131nda daha fazla bilgi i\u00e7in l\u00fctfen Facebook'un Veri Politikas\u0131n\u0131 ziyaret edin: https:\/\/www.facebook.com\/privacy\/explanation<\/p>\n<p class=\"ng-scope\"><strong>\u00a75. Hizmet Sa\u011flay\u0131c\u0131lar<\/strong><\/p>\n<p class=\"ng-scope\">1. Hizmetimizi kolayla\u015ft\u0131rmak, Hizmeti bizim ad\u0131m\u0131za sa\u011flamak, Hizmetle ilgili hizmetleri ger\u00e7ekle\u015ftirmek veya Hizmetimizin nas\u0131l kullan\u0131ld\u0131\u011f\u0131n\u0131 analiz etmemize yard\u0131mc\u0131 olmak i\u00e7in \u00fc\u00e7\u00fcnc\u00fc taraf \u015firketleri ve bireyleri istihdam edebiliriz.<\/p>\n<p class=\"ng-scope\">2. Bu \u00fc\u00e7\u00fcnc\u00fc taraflar, m\u00fc\u015fteri Ki\u015fisel Bilgilerine yaln\u0131zca bu g\u00f6revleri bizim ad\u0131m\u0131za yerine getirmek i\u00e7in eri\u015febilir ve bunlar\u0131 ba\u015fka herhangi bir ama\u00e7la if\u015fa etmemek veya kullanmamakla y\u00fck\u00fcml\u00fcd\u00fcr.<\/p>\n<p class=\"ng-scope\"><strong>\u00a76. \u0130leti\u015fim<\/strong><\/p>\n<p class=\"ng-scope\">M\u00fc\u015fteri Ki\u015fisel Bilgilerini, m\u00fc\u015fteriyle haber b\u00fcltenleri, pazarlama veya promosyon materyalleri ve m\u00fc\u015fterinin ilgisini \u00e7ekebilecek di\u011fer bilgilerle ileti\u015fime ge\u00e7mek i\u00e7in kullanabiliriz. M\u00fc\u015fteri, g\u00f6nderdi\u011fimiz herhangi bir e-postada verilen abonelikten \u00e7\u0131kma ba\u011flant\u0131s\u0131n\u0131 veya talimatlar\u0131n\u0131 izleyerek bizden bu ileti\u015fimlerin herhangi birini veya tamam\u0131n\u0131 almaktan vazge\u00e7ebilir.<\/p>\n<p class=\"ng-scope\"><strong>\u00a77. Yasalara Uygunluk<\/strong><\/p>\n<p class=\"ng-scope\">Yasalar veya mahkeme celbi taraf\u0131ndan gerekli g\u00f6r\u00fcld\u00fc\u011f\u00fcnde veya bu t\u00fcr bir eylemin yasalara ve kolluk kuvvetlerinin makul taleplerine uymak veya Hizmetimizin g\u00fcvenli\u011fini veya b\u00fct\u00fcnl\u00fc\u011f\u00fcn\u00fc korumak i\u00e7in gerekli oldu\u011funa inand\u0131\u011f\u0131m\u0131zda m\u00fc\u015fteri Ki\u015fisel Bilgilerini if\u015fa edece\u011fiz.<\/p>\n<p class=\"ng-scope\"><strong>\u00a78. Ticari \u0130\u015flemler<\/strong><\/p>\n<p class=\"ng-scope\">Teamdeck sp. z o.o.'nun bir birle\u015fme, devralma veya varl\u0131k sat\u0131\u015f\u0131na dahil olmas\u0131 halinde, m\u00fc\u015fteri Ki\u015fisel Bilgileri aktar\u0131labilir. M\u00fc\u015fteri Ki\u015fisel Bilgileri aktar\u0131lmadan ve farkl\u0131 bir Gizlilik Politikas\u0131na tabi olmadan \u00f6nce bildirimde bulunaca\u011f\u0131z.<\/p>\n<p class=\"ng-scope\"><strong>\u00a79. G\u00fcvenlik<\/strong><\/p>\n<p class=\"ng-scope\">M\u00fc\u015fteri Ki\u015fisel Bilgilerinin g\u00fcvenli\u011fi bizim i\u00e7in \u00f6nemlidir, ancak \u0130nternet \u00fczerinden hi\u00e7bir iletim y\u00f6nteminin veya elektronik depolama y\u00f6nteminin 100% g\u00fcvenli olmad\u0131\u011f\u0131n\u0131 unutmay\u0131n. M\u00fc\u015fteri Ki\u015fisel Bilgilerini korumak i\u00e7in ticari olarak kabul edilebilir ara\u00e7lar kullanmaya \u00e7al\u0131\u015fsak da, mutlak g\u00fcvenli\u011fini garanti edemeyiz.<\/p>\n<p class=\"ng-scope\"><strong>\u00a710.Uluslararas\u0131 Transfer<\/strong><\/p>\n<p class=\"ng-scope\">1. Ki\u015fisel Bilgiler de dahil olmak \u00fczere m\u00fc\u015fteri bilgileri, veri koruma yasalar\u0131n\u0131n sizin yarg\u0131 alan\u0131n\u0131zdakilerden farkl\u0131 olabilece\u011fi eyalet, il, \u00fclke veya di\u011fer resmi yarg\u0131 alanlar\u0131n\u0131n d\u0131\u015f\u0131nda bulunan bilgisayarlara aktar\u0131labilir ve bu bilgisayarlarda muhafaza edilebilir.<\/p>\n<p class=\"ng-scope\">2. M\u00fc\u015fteri Polonya d\u0131\u015f\u0131nda bulunuyorsa ve bize bilgi vermeyi tercih ederse, Ki\u015fisel Bilgiler de dahil olmak \u00fczere bilgileri Polonya'ya aktard\u0131\u011f\u0131m\u0131z\u0131 ve orada i\u015fledi\u011fimizi l\u00fctfen unutmay\u0131n.<\/p>\n<p class=\"ng-scope\">3. M\u00fc\u015fterinin bu Gizlilik Politikas\u0131na onay vermesi ve ard\u0131ndan m\u00fc\u015fterinin bu t\u00fcr bilgileri g\u00f6ndermesi, m\u00fc\u015fterinin bu aktar\u0131m\u0131 ve m\u00fc\u015fteri onay\u0131n\u0131 kabul etti\u011fini g\u00f6sterir.<\/p>\n<p class=\"ng-scope\"><strong>\u00a711. Di\u011fer Sitelere Ba\u011flant\u0131lar<\/strong><\/p>\n<p class=\"ng-scope\">1. Hizmetimiz, bizim taraf\u0131m\u0131zdan i\u015fletilmeyen di\u011fer sitelere ba\u011flant\u0131lar i\u00e7erebilir. M\u00fc\u015fteri bir \u00fc\u00e7\u00fcnc\u00fc taraf ba\u011flant\u0131s\u0131na t\u0131klarsa, m\u00fc\u015fteri s\u00f6z konusu \u00fc\u00e7\u00fcnc\u00fc taraf\u0131n sitesine y\u00f6nlendirilecektir. M\u00fc\u015fteriye, ziyaret etti\u011fi her sitenin Gizlilik Politikas\u0131n\u0131 incelemesini \u015fiddetle tavsiye ederiz.<\/p>\n<p class=\"ng-scope\">2. \u00dc\u00e7\u00fcnc\u00fc taraf sitelerinin veya hizmetlerinin i\u00e7eri\u011fi, gizlilik politikalar\u0131 veya uygulamalar\u0131 \u00fczerinde hi\u00e7bir kontrol\u00fcm\u00fcz yoktur ve bunlar i\u00e7in hi\u00e7bir sorumluluk kabul etmiyoruz.<\/p>\n<p class=\"ng-scope\"><strong>\u00a712. \u00c7ocuklar\u0131n Mahremiyeti<\/strong><\/p>\n<p class=\"ng-scope\">1. Hizmetimiz 13 ya\u015f\u0131n alt\u0131ndaki ki\u015filere (\"\u00c7ocuklar\") hitap etmemektedir.<\/p>\n<p class=\"ng-scope\">2. Bilerek 13 ya\u015f\u0131n alt\u0131ndaki \u00e7ocuklardan ki\u015fisel olarak tan\u0131mlanabilir bilgi toplam\u0131yoruz. Bir ebeveyn veya veli iseniz ve \u00c7ocuklar\u0131n\u0131z\u0131n bize Ki\u015fisel Bilgiler sa\u011flad\u0131\u011f\u0131n\u0131 biliyorsan\u0131z, l\u00fctfen bizimle ileti\u015fime ge\u00e7in. Ebeveyn iznini do\u011frulamadan 13 ya\u015f\u0131n alt\u0131ndaki bir \u00e7ocuktan Ki\u015fisel Bilgi toplad\u0131\u011f\u0131m\u0131z\u0131 fark edersek, bu bilgileri sunucular\u0131m\u0131zdan kald\u0131rmak i\u00e7in gerekli ad\u0131mlar\u0131 atar\u0131z.<\/p>\n<p class=\"ng-scope\"><strong>\u00a713. Bu Gizlilik Politikas\u0131ndaki De\u011fi\u015fiklikler<\/strong><\/p>\n<p class=\"ng-scope\">1. Gizlilik Politikam\u0131z\u0131 zaman zaman g\u00fcncelleyebiliriz. Yeni Gizlilik Politikas\u0131n\u0131 bu sayfada yay\u0131nlayarak herhangi bir de\u011fi\u015fikli\u011fi m\u00fc\u015fteriye bildirece\u011fiz.<\/p>\n<p class=\"ng-scope\">2. M\u00fc\u015fterinin herhangi bir de\u011fi\u015fiklik i\u00e7in bu Gizlilik Politikas\u0131n\u0131 periyodik olarak g\u00f6zden ge\u00e7irmesi tavsiye edilir. Bu Gizlilik Politikas\u0131ndaki de\u011fi\u015fiklikler, bu sayfada yay\u0131nland\u0131klar\u0131nda ge\u00e7erli olurlar.<\/p>\n\n\t\t<\/div>\n\t<\/div>\n<div class=\"vc_empty_space\"   style=\"height: 32px\" ><span class=\"vc_empty_space_inner\"><\/span><\/div>\n<\/div><\/div><\/div><\/div>","protected":false},"excerpt":{"rendered":"Gizlilik Politikas\u0131 Son g\u00fcncelleme: 30 Ocak 2024 Teamdeck sp. z o.o. (\"biz\", \"biz\" veya \"bizim\"), kay\u0131tl\u0131 ofisi ile: Nowowiejskiego 55, 61-734 Pozna\u0144, Polonya, NIP: 7831750055, REGON: 365865326, Pozna\u0144 - Nowe B\u00f6lge Mahkemesinde kay\u0131tl\u0131...","protected":false},"author":17,"featured_media":0,"parent":0,"menu_order":0,"comment_status":"closed","ping_status":"closed","template":"","meta":{"footnotes":""},"class_list":["post-2853","page","type-page","status-publish","hentry"],"yoast_head":"<!-- This site is optimized with the Yoast SEO Premium plugin v23.8 (Yoast SEO v24.3) - https:\/\/yoast.com\/wordpress\/plugins\/seo\/ -->\n<title>Teamdeck - Privacy Policy<\/title>\n<meta name=\"description\" content=\"Teamdeck cares about your privacy and security of its service. Please, read the following privacy policy carefully.\" \/>\n<meta name=\"robots\" content=\"index, follow, max-snippet:-1, max-image-preview:large, max-video-preview:-1\" \/>\n<link rel=\"canonical\" href=\"https:\/\/teamdeck.io\/tr\/gizlilik-politikasi\/\" \/>\n<meta property=\"og:locale\" content=\"tr_TR\" \/>\n<meta property=\"og:type\" content=\"article\" \/>\n<meta property=\"og:title\" content=\"Teamdeck - Privacy Policy\" \/>\n<meta property=\"og:description\" content=\"Teamdeck cares about your privacy and security of its service. Please, read the following privacy policy carefully.\" \/>\n<meta property=\"og:url\" content=\"https:\/\/teamdeck.io\/tr\/gizlilik-politikasi\/\" \/>\n<meta property=\"og:site_name\" content=\"Teamdeck\" \/>\n<meta property=\"article:publisher\" content=\"https:\/\/www.facebook.com\/helloteamdeck\" \/>\n<meta property=\"article:modified_time\" content=\"2024-04-08T11:08:17+00:00\" \/>\n<meta property=\"og:image\" content=\"https:\/\/cdn.teamdeck.io\/uploads\/website\/2017\/09\/teamdeck-share.png\" \/>\n<meta name=\"twitter:card\" content=\"summary_large_image\" \/>\n<meta name=\"twitter:title\" content=\"Teamdeck - Privacy Policy\" \/>\n<meta name=\"twitter:description\" content=\"Teamdeck cares about your privacy and security of its service. Please, read the following privacy policy carefully.\" \/>\n<meta name=\"twitter:image\" content=\"https:\/\/cdn.teamdeck.io\/uploads\/website\/2017\/09\/teamdeck-share.png\" \/>\n<meta name=\"twitter:site\" content=\"@helloteamdeck\" \/>\n<meta name=\"twitter:label1\" content=\"Est. reading time\" \/>\n\t<meta name=\"twitter:data1\" content=\"6 minutes\" \/>\n<script type=\"application\/ld+json\" class=\"yoast-schema-graph\">{\"@context\":\"https:\/\/schema.org\",\"@graph\":[{\"@type\":\"WebPage\",\"@id\":\"https:\/\/teamdeck.io\/privacy-policy\/\",\"url\":\"https:\/\/teamdeck.io\/privacy-policy\/\",\"name\":\"Teamdeck - Privacy Policy\",\"isPartOf\":{\"@id\":\"https:\/\/teamdeck.io\/#website\"},\"datePublished\":\"2017-09-07T10:08:23+00:00\",\"dateModified\":\"2024-04-08T11:08:17+00:00\",\"description\":\"Teamdeck cares about your privacy and security of its service. Please, read the following privacy policy carefully.\",\"breadcrumb\":{\"@id\":\"https:\/\/teamdeck.io\/privacy-policy\/#breadcrumb\"},\"inLanguage\":\"tr-TR\",\"potentialAction\":[{\"@type\":\"ReadAction\",\"target\":[\"https:\/\/teamdeck.io\/privacy-policy\/\"]}]},{\"@type\":\"BreadcrumbList\",\"@id\":\"https:\/\/teamdeck.io\/privacy-policy\/#breadcrumb\",\"itemListElement\":[{\"@type\":\"ListItem\",\"position\":1,\"name\":\"Home\",\"item\":\"https:\/\/teamdeck.io\/\"},{\"@type\":\"ListItem\",\"position\":2,\"name\":\"Privacy Policy\"}]},{\"@type\":\"WebSite\",\"@id\":\"https:\/\/teamdeck.io\/#website\",\"url\":\"https:\/\/teamdeck.io\/\",\"name\":\"Teamdeck\",\"description\":\"resource scheduling + time tracking + leave management\",\"potentialAction\":[{\"@type\":\"SearchAction\",\"target\":{\"@type\":\"EntryPoint\",\"urlTemplate\":\"https:\/\/teamdeck.io\/?s={search_term_string}\"},\"query-input\":{\"@type\":\"PropertyValueSpecification\",\"valueRequired\":true,\"valueName\":\"search_term_string\"}}],\"inLanguage\":\"tr-TR\"}]}<\/script>\n<!-- \/ Yoast SEO Premium plugin. -->","yoast_head_json":{"title":"Teamdeck - Privacy Policy","description":"Teamdeck cares about your privacy and security of its service. Please, read the following privacy policy carefully.","robots":{"index":"index","follow":"follow","max-snippet":"max-snippet:-1","max-image-preview":"max-image-preview:large","max-video-preview":"max-video-preview:-1"},"canonical":"https:\/\/teamdeck.io\/tr\/gizlilik-politikasi\/","og_locale":"tr_TR","og_type":"article","og_title":"Teamdeck - Privacy Policy","og_description":"Teamdeck cares about your privacy and security of its service. Please, read the following privacy policy carefully.","og_url":"https:\/\/teamdeck.io\/tr\/gizlilik-politikasi\/","og_site_name":"Teamdeck","article_publisher":"https:\/\/www.facebook.com\/helloteamdeck","article_modified_time":"2024-04-08T11:08:17+00:00","og_image":[{"url":"https:\/\/cdn.teamdeck.io\/uploads\/website\/2017\/09\/teamdeck-share.png","type":"","width":"","height":""}],"twitter_card":"summary_large_image","twitter_title":"Teamdeck - Privacy Policy","twitter_description":"Teamdeck cares about your privacy and security of its service. Please, read the following privacy policy carefully.","twitter_image":"https:\/\/cdn.teamdeck.io\/uploads\/website\/2017\/09\/teamdeck-share.png","twitter_site":"@helloteamdeck","twitter_misc":{"Est. reading time":"6 minutes"},"schema":{"@context":"https:\/\/schema.org","@graph":[{"@type":"WebPage","@id":"https:\/\/teamdeck.io\/privacy-policy\/","url":"https:\/\/teamdeck.io\/privacy-policy\/","name":"Teamdeck - Privacy Policy","isPartOf":{"@id":"https:\/\/teamdeck.io\/#website"},"datePublished":"2017-09-07T10:08:23+00:00","dateModified":"2024-04-08T11:08:17+00:00","description":"Teamdeck cares about your privacy and security of its service. Please, read the following privacy policy carefully.","breadcrumb":{"@id":"https:\/\/teamdeck.io\/privacy-policy\/#breadcrumb"},"inLanguage":"tr-TR","potentialAction":[{"@type":"ReadAction","target":["https:\/\/teamdeck.io\/privacy-policy\/"]}]},{"@type":"BreadcrumbList","@id":"https:\/\/teamdeck.io\/privacy-policy\/#breadcrumb","itemListElement":[{"@type":"ListItem","position":1,"name":"Home","item":"https:\/\/teamdeck.io\/"},{"@type":"ListItem","position":2,"name":"Privacy Policy"}]},{"@type":"WebSite","@id":"https:\/\/teamdeck.io\/#website","url":"https:\/\/teamdeck.io\/","name":"Teamdeck","description":"resource scheduling + time tracking + leave management","potentialAction":[{"@type":"SearchAction","target":{"@type":"EntryPoint","urlTemplate":"https:\/\/teamdeck.io\/?s={search_term_string}"},"query-input":{"@type":"PropertyValueSpecification","valueRequired":true,"valueName":"search_term_string"}}],"inLanguage":"tr-TR"}]}},"_links":{"self":[{"href":"https:\/\/teamdeck.io\/tr\/wp-json\/wp\/v2\/pages\/2853","targetHints":{"allow":["GET"]}}],"collection":[{"href":"https:\/\/teamdeck.io\/tr\/wp-json\/wp\/v2\/pages"}],"about":[{"href":"https:\/\/teamdeck.io\/tr\/wp-json\/wp\/v2\/types\/page"}],"author":[{"embeddable":true,"href":"https:\/\/teamdeck.io\/tr\/wp-json\/wp\/v2\/users\/17"}],"replies":[{"embeddable":true,"href":"https:\/\/teamdeck.io\/tr\/wp-json\/wp\/v2\/comments?post=2853"}],"version-history":[{"count":15,"href":"https:\/\/teamdeck.io\/tr\/wp-json\/wp\/v2\/pages\/2853\/revisions"}],"predecessor-version":[{"id":12719,"href":"https:\/\/teamdeck.io\/tr\/wp-json\/wp\/v2\/pages\/2853\/revisions\/12719"}],"wp:attachment":[{"href":"https:\/\/teamdeck.io\/tr\/wp-json\/wp\/v2\/media?parent=2853"}],"curies":[{"name":"wp","href":"https:\/\/api.w.org\/{rel}","templated":true}]}}