{"id":12549,"date":"2023-12-06T10:47:54","date_gmt":"2023-12-06T08:47:54","guid":{"rendered":"https:\/\/teamdeck.io\/?page_id=12549"},"modified":"2023-12-06T16:09:05","modified_gmt":"2023-12-06T14:09:05","slug":"account-removal","status":"publish","type":"page","link":"https:\/\/teamdeck.io\/tr\/hesap-kaldirma\/","title":{"rendered":"Hesap Kald\u0131rma"},"content":{"rendered":"<p>\u00a0<\/p>\n<p>\u00a0<\/p>\n<p>\u00a0<\/p>\n<p>Ko\u015fullar\u0131n ve tercihlerin de\u011fi\u015fti\u011fini biliyoruz. Bizimle yollar\u0131n\u0131z\u0131 ay\u0131rma zaman\u0131n\u0131n geldi\u011fine karar verdiyseniz, hesap kald\u0131rma s\u00fcrecinde size yard\u0131mc\u0131 olmak i\u00e7in buraday\u0131z. Hesap kald\u0131rma talebinizi ba\u015flatmak i\u00e7in a\u015fa\u011f\u0131daki basit ad\u0131mlar\u0131 izleyin:<\/p>\n<p>\u00a0<\/p>\n<h2>Ad\u0131m 1: Bir E-posta Olu\u015fturun<\/h2>\n<p>Tercih etti\u011finiz e-posta istemcisini a\u00e7\u0131n ve yeni bir mesaj olu\u015fturun. contact@teamdeck.io adresine g\u00f6nderin. Konu sat\u0131r\u0131n\u0131 kullan\u0131n: \"Hesap Kald\u0131rma Talebi - [Kullan\u0131c\u0131 Ad\u0131n\u0131z].\"<\/p>\n<p>\u00a0<\/p>\n<h2>Ad\u0131m 2: Gerekli Bilgileri Ekleyin<\/h2>\n<p>E-postan\u0131n g\u00f6vdesinde, sorunsuz bir s\u00fcre\u00e7 sa\u011flamak i\u00e7in a\u015fa\u011f\u0131daki ayr\u0131nt\u0131lar\u0131 sa\u011flay\u0131n:<\/p>\n<p>Kay\u0131tl\u0131 Ad Soyad\u0131n\u0131z<br \/>Kay\u0131tl\u0131 E-posta Adresi<br \/>Hesab\u0131n Kald\u0131r\u0131lma Nedeni (iste\u011fe ba\u011fl\u0131d\u0131r ancak s\u00fcrekli iyile\u015ftirmemiz i\u00e7in takdir edilmektedir)<\/p>\n<p>\u00a0<\/p>\n<h2>3. Ad\u0131m: Kimli\u011finizi Do\u011frulay\u0131n<\/h2>\n<p>Hesab\u0131n\u0131z\u0131n g\u00fcvenli\u011fini sa\u011flamak i\u00e7in, l\u00fctfen devlet taraf\u0131ndan verilmi\u015f bir kimli\u011fin veya kimli\u011finizi do\u011frulayan herhangi bir kimlik belgesinin taranm\u0131\u015f bir kopyas\u0131n\u0131 ekleyin. Bu ad\u0131m, hesab\u0131n\u0131z\u0131n yetkisiz olarak kald\u0131r\u0131lmas\u0131n\u0131 \u00f6nlemek i\u00e7in \u00e7ok \u00f6nemlidir.<\/p>\n<p>\u00a0<\/p>\n<h2>Ad\u0131m 4: G\u00f6nderin ve Onay Bekleyin<\/h2>\n<p>Gerekli bilgileri derledikten sonra 'G\u00f6nder' d\u00fc\u011fmesine bas\u0131n. \u00d6zel destek ekibimiz talebinizi derhal inceleyecektir. Hesap kald\u0131rma i\u015fleminin ba\u015flat\u0131ld\u0131\u011f\u0131n\u0131 bildiren bir onay e-postas\u0131n\u0131 [Zaman \u00c7er\u00e7evesini Belirtin] i\u00e7inde alacaks\u0131n\u0131z.<\/p>\n<p>\u00a0<\/p>\n<h2>Ad\u0131m 5: Kald\u0131rmay\u0131 Onaylay\u0131n<\/h2>\n<p>Onay e-postas\u0131n\u0131 ald\u0131ktan sonra, hesap kald\u0131rma i\u015flemini tamamlamak i\u00e7in verilen ek talimatlar\u0131 izleyin. Bu ad\u0131m, karar\u0131n\u0131z\u0131 iki kez kontrol etmek ve s\u00fcrecin niyetlerinizle uyumlu oldu\u011fundan emin olmak i\u00e7in tasarlanm\u0131\u015ft\u0131r.<\/p>\n<p>\u00a0<\/p>\n<p>\u00a0<\/p>\n<p>\u00a0<\/p>","protected":false},"excerpt":{"rendered":"\u00a0 \u00a0 \u00a0 Ko\u015fullar\u0131n ve tercihlerin de\u011fi\u015fti\u011fini biliyoruz. Bizimle yollar\u0131n\u0131z\u0131 ay\u0131rma zaman\u0131n\u0131n geldi\u011fine karar verdiyseniz, hesap kald\u0131rma s\u00fcrecinde size yard\u0131mc\u0131 olmak i\u00e7in buraday\u0131z. A\u015fa\u011f\u0131daki basit ad\u0131mlar\u0131 izleyin...","protected":false},"author":17,"featured_media":0,"parent":0,"menu_order":0,"comment_status":"closed","ping_status":"closed","template":"","meta":{"footnotes":""},"class_list":["post-12549","page","type-page","status-publish","hentry"],"yoast_head":"<!-- This site is optimized with the Yoast SEO Premium plugin v23.8 (Yoast SEO v24.3) - https:\/\/yoast.com\/wordpress\/plugins\/seo\/ -->\n<title>Account Removal - Teamdeck<\/title>\n<meta name=\"robots\" content=\"index, follow, max-snippet:-1, max-image-preview:large, max-video-preview:-1\" \/>\n<link rel=\"canonical\" href=\"https:\/\/teamdeck.io\/tr\/hesap-kaldirma\/\" \/>\n<meta property=\"og:locale\" content=\"tr_TR\" \/>\n<meta property=\"og:type\" content=\"article\" \/>\n<meta property=\"og:title\" content=\"Account Removal\" \/>\n<meta property=\"og:description\" content=\"\u00a0 \u00a0 \u00a0 We understand that circumstances change, and so do preferences. If you&#8217;ve decided it&#8217;s time to part ways with us, we&#8217;re here to assist you through the account removal process. Follow the simple steps below...\" \/>\n<meta property=\"og:url\" content=\"https:\/\/teamdeck.io\/tr\/hesap-kaldirma\/\" \/>\n<meta property=\"og:site_name\" content=\"Teamdeck\" \/>\n<meta property=\"article:publisher\" content=\"https:\/\/www.facebook.com\/helloteamdeck\" \/>\n<meta property=\"article:modified_time\" content=\"2023-12-06T14:09:05+00:00\" \/>\n<meta name=\"twitter:card\" content=\"summary_large_image\" \/>\n<meta name=\"twitter:site\" content=\"@helloteamdeck\" \/>\n<meta name=\"twitter:label1\" content=\"Est. reading time\" \/>\n\t<meta name=\"twitter:data1\" content=\"1 minute\" \/>\n<script type=\"application\/ld+json\" class=\"yoast-schema-graph\">{\"@context\":\"https:\/\/schema.org\",\"@graph\":[{\"@type\":\"WebPage\",\"@id\":\"https:\/\/teamdeck.io\/account-removal\/\",\"url\":\"https:\/\/teamdeck.io\/account-removal\/\",\"name\":\"Account Removal - Teamdeck\",\"isPartOf\":{\"@id\":\"https:\/\/teamdeck.io\/#website\"},\"datePublished\":\"2023-12-06T08:47:54+00:00\",\"dateModified\":\"2023-12-06T14:09:05+00:00\",\"breadcrumb\":{\"@id\":\"https:\/\/teamdeck.io\/account-removal\/#breadcrumb\"},\"inLanguage\":\"tr-TR\",\"potentialAction\":[{\"@type\":\"ReadAction\",\"target\":[\"https:\/\/teamdeck.io\/account-removal\/\"]}]},{\"@type\":\"BreadcrumbList\",\"@id\":\"https:\/\/teamdeck.io\/account-removal\/#breadcrumb\",\"itemListElement\":[{\"@type\":\"ListItem\",\"position\":1,\"name\":\"Home\",\"item\":\"https:\/\/teamdeck.io\/\"},{\"@type\":\"ListItem\",\"position\":2,\"name\":\"Account Removal\"}]},{\"@type\":\"WebSite\",\"@id\":\"https:\/\/teamdeck.io\/#website\",\"url\":\"https:\/\/teamdeck.io\/\",\"name\":\"Teamdeck\",\"description\":\"resource scheduling + time tracking + leave management\",\"potentialAction\":[{\"@type\":\"SearchAction\",\"target\":{\"@type\":\"EntryPoint\",\"urlTemplate\":\"https:\/\/teamdeck.io\/?s={search_term_string}\"},\"query-input\":{\"@type\":\"PropertyValueSpecification\",\"valueRequired\":true,\"valueName\":\"search_term_string\"}}],\"inLanguage\":\"tr-TR\"}]}<\/script>\n<!-- \/ Yoast SEO Premium plugin. -->","yoast_head_json":{"title":"Account Removal - Teamdeck","robots":{"index":"index","follow":"follow","max-snippet":"max-snippet:-1","max-image-preview":"max-image-preview:large","max-video-preview":"max-video-preview:-1"},"canonical":"https:\/\/teamdeck.io\/tr\/hesap-kaldirma\/","og_locale":"tr_TR","og_type":"article","og_title":"Account Removal","og_description":"\u00a0 \u00a0 \u00a0 We understand that circumstances change, and so do preferences. If you&#8217;ve decided it&#8217;s time to part ways with us, we&#8217;re here to assist you through the account removal process. Follow the simple steps below...","og_url":"https:\/\/teamdeck.io\/tr\/hesap-kaldirma\/","og_site_name":"Teamdeck","article_publisher":"https:\/\/www.facebook.com\/helloteamdeck","article_modified_time":"2023-12-06T14:09:05+00:00","twitter_card":"summary_large_image","twitter_site":"@helloteamdeck","twitter_misc":{"Est. reading time":"1 minute"},"schema":{"@context":"https:\/\/schema.org","@graph":[{"@type":"WebPage","@id":"https:\/\/teamdeck.io\/account-removal\/","url":"https:\/\/teamdeck.io\/account-removal\/","name":"Account Removal - Teamdeck","isPartOf":{"@id":"https:\/\/teamdeck.io\/#website"},"datePublished":"2023-12-06T08:47:54+00:00","dateModified":"2023-12-06T14:09:05+00:00","breadcrumb":{"@id":"https:\/\/teamdeck.io\/account-removal\/#breadcrumb"},"inLanguage":"tr-TR","potentialAction":[{"@type":"ReadAction","target":["https:\/\/teamdeck.io\/account-removal\/"]}]},{"@type":"BreadcrumbList","@id":"https:\/\/teamdeck.io\/account-removal\/#breadcrumb","itemListElement":[{"@type":"ListItem","position":1,"name":"Home","item":"https:\/\/teamdeck.io\/"},{"@type":"ListItem","position":2,"name":"Account Removal"}]},{"@type":"WebSite","@id":"https:\/\/teamdeck.io\/#website","url":"https:\/\/teamdeck.io\/","name":"Teamdeck","description":"resource scheduling + time tracking + leave management","potentialAction":[{"@type":"SearchAction","target":{"@type":"EntryPoint","urlTemplate":"https:\/\/teamdeck.io\/?s={search_term_string}"},"query-input":{"@type":"PropertyValueSpecification","valueRequired":true,"valueName":"search_term_string"}}],"inLanguage":"tr-TR"}]}},"_links":{"self":[{"href":"https:\/\/teamdeck.io\/tr\/wp-json\/wp\/v2\/pages\/12549","targetHints":{"allow":["GET"]}}],"collection":[{"href":"https:\/\/teamdeck.io\/tr\/wp-json\/wp\/v2\/pages"}],"about":[{"href":"https:\/\/teamdeck.io\/tr\/wp-json\/wp\/v2\/types\/page"}],"author":[{"embeddable":true,"href":"https:\/\/teamdeck.io\/tr\/wp-json\/wp\/v2\/users\/17"}],"replies":[{"embeddable":true,"href":"https:\/\/teamdeck.io\/tr\/wp-json\/wp\/v2\/comments?post=12549"}],"version-history":[{"count":4,"href":"https:\/\/teamdeck.io\/tr\/wp-json\/wp\/v2\/pages\/12549\/revisions"}],"predecessor-version":[{"id":12553,"href":"https:\/\/teamdeck.io\/tr\/wp-json\/wp\/v2\/pages\/12549\/revisions\/12553"}],"wp:attachment":[{"href":"https:\/\/teamdeck.io\/tr\/wp-json\/wp\/v2\/media?parent=12549"}],"curies":[{"name":"wp","href":"https:\/\/api.w.org\/{rel}","templated":true}]}}