{"id":7379,"date":"2021-09-21T12:44:40","date_gmt":"2021-09-21T10:44:40","guid":{"rendered":"https:\/\/teamdeck.io\/?page_id=7379"},"modified":"2025-05-06T08:05:52","modified_gmt":"2025-05-06T06:05:52","slug":"schedule-a-demo-call","status":"publish","type":"page","link":"https:\/\/teamdeck.io\/sv\/boka-ett-demosamtal\/","title":{"rendered":"Boka ett demosamtal"},"content":{"rendered":"<div class=\"vc_row wpb_row vc_row-fluid redl-row-section padding-default bgv-default bgh-default halign-default\"><div class=\"wpb_column vc_column_container text-left vc_col-sm-12 padding-default bgv-default bgh-default halign-default\"><div class=\"vc_column-inner\"><div class=\"wpb_wrapper\">\n\t<div class=\"wpb_text_column wpb_content_element\" >\n\t\t<div class=\"wpb_wrapper\">\n\t\t\t<p>&nbsp;<\/p>\n<div class=\"section__container\" style=\"margin-top: 100px;\">\n<h1 class=\"hero__title header__title\" style=\"text-align: center;\"><span class=\"text text--background-big\">Live demo,<\/span> etablering, konsultation<\/h1>\n<\/div>\n<h2 style=\"text-align: center;\">B\u00f6rja spara tid och pengar genom r\u00e4tt resurshantering redan idag! <span class=\"c-emoji c-emoji__medium c-emoji--inline\" data-qa=\"emoji\" aria-describedby=\"slack-kit-tooltip\"><img decoding=\"async\" src=\"https:\/\/a.slack-edge.com\/production-standard-emoji-assets\/10.2\/apple-medium\/1f389@2x.png\" alt=\":tada:\" aria-label=\"tada emoji\" data-stringify-type=\"emoji\" data-stringify-emoji=\":tada:\"><\/span><\/h2>\n<p>&nbsp;<\/p>\n<p><!-- Calendly inline widget begin --><\/p>\n<div class=\"calendly-inline-widget\" style=\"min-width: 320px; height: 700px; position: relative\" data-url=\"https:\/\/calendly.com\/agutkowski\/30min?text_color=4c4c4c&amp;primary_color=00cc00&amp;hide_gdpr_banner=1\"><\/div>\n<p><script type=\"text\/javascript\" src=\"https:\/\/assets.calendly.com\/assets\/external\/widget.js\" async=\"\" data-cookieconsent=\"necessary\"><\/script><br \/>\n<!-- Calendly inline widget end --><\/p>\n<p>\u00a0<\/p>\n\n\t\t<\/div>\n\t<\/div>\n<\/div><\/div><\/div><\/div><div class=\"vc_row wpb_row vc_row-fluid redl-row-section padding-default bgv-default bgh-default halign-default\"><div class=\"wpb_column vc_column_container text-left vc_col-sm-12 padding-default bgv-default bgh-default halign-default\"><div class=\"vc_column-inner\"><div class=\"wpb_wrapper\">\n\t<div class=\"wpb_text_column wpb_content_element\" >\n\t\t<div class=\"wpb_wrapper\">\n\t\t\t<p>\u00a0<\/p>\n<h2 style=\"text-align: center; margin-top: 60px;\">Se hur Teamdeck hj\u00e4lper programvaruhus och digitala byr\u00e5er med resurshantering<\/h2>\n\n\t\t<\/div>\n\t<\/div>\n<\/div><\/div><\/div><\/div><div data-vc-full-width=\"true\" data-vc-full-width-init=\"false\" data-vc-stretch-content=\"true\" class=\"vc_row wpb_row vc_row-fluid redl-row-section use-cases-container padding-medium bgv-default bgh-default halign-default\"><div class=\"use-case-tile wpb_column vc_column_container text-left vc_col-sm-3 padding-default bgv-default bgh-default halign-default\"><div class=\"vc_column-inner vc_custom_1574170534227\"><div class=\"wpb_wrapper\">\n\t<div class=\"wpb_text_column wpb_content_element\" >\n\t\t<div class=\"wpb_wrapper\">\n\t\t\t<p class=\"use-case-description\"><strong>Mace&amp;Menter<\/strong><\/p>\n<p class=\"use-case-description\">Vi jobbade med kalkylblad och hamnade i projektkrockar och on\u00f6dig stress!<\/p>\n<p class=\"use-case-description\">Teamdeck har helt f\u00f6r\u00e4ndrat v\u00e5rt s\u00e4tt att schemal\u00e4gga arbetet. Vi har nu en tydlig bild av alla projekt och v\u00e5r kapacitet f\u00f6r nya uppdrag.<\/p>\n<p class=\"use-case-more\"><strong>Sam Menter, medgrundare p\u00e5 Mace&amp;Menter<\/strong><\/p>\n\n\t\t<\/div>\n\t<\/div>\n<\/div><\/div><\/div><div class=\"use-case-tile wpb_column vc_column_container text-left vc_col-sm-3 padding-default bgv-default bgh-default halign-default\"><div class=\"vc_column-inner vc_custom_1574170546410\"><div class=\"wpb_wrapper\">\n\t<div class=\"wpb_text_column wpb_content_element\" >\n\t\t<div class=\"wpb_wrapper\">\n\t\t\t<p class=\"use-case-description\"><strong>Ameeba Former<\/strong><\/p>\n<p class=\"use-case-description\">Det finns m\u00e5nga produkter p\u00e5 marknaden med dessa funktioner men de \u00e4r f\u00f6r komplicerade med 1000 funktioner och kostnaden passade helt enkelt inte v\u00e5rt lilla f\u00f6retag.<\/p>\n<p class=\"use-case-description\">Det \u00e4r enkelt, rent, l\u00e4tt att anv\u00e4nda och har ett rimligt pris. Den \u00e4r inte \u00f6verlastad med funktioner som ingen bryr sig om. Det \u00e4r en produkt som \u00e4r inriktad p\u00e5 specifika behov.<\/p>\n<p class=\"use-case-more\"><strong>Gabriela, grundare av Ameeba Shapes<\/strong><\/p>\n\n\t\t<\/div>\n\t<\/div>\n<\/div><\/div><\/div><div class=\"use-case-tile wpb_column vc_column_container text-left vc_col-sm-3 padding-default bgv-default bgh-default halign-default\"><div class=\"vc_column-inner vc_custom_1574170558095\"><div class=\"wpb_wrapper\">\n\t<div class=\"wpb_text_column wpb_content_element\" >\n\t\t<div class=\"wpb_wrapper\">\n\t\t\t<p class=\"use-case-description\"><strong>Sybrin System<\/strong><\/p>\n<p class=\"use-case-description\">Det var sv\u00e5rt att f\u00f6lja upp resurstillg\u00e5ngen i v\u00e5r BU, och vi anv\u00e4nde oss fr\u00e4mst av Excel-ark.<\/p>\n<p class=\"use-case-description\">Genom att anv\u00e4nda Teamdeck vet vi nu inte bara resurstillg\u00e4nglighet utan kan ocks\u00e5 sp\u00e5ra teamutnyttjande och fakturerbara respektive icke-fakturerbara timmar.<\/p>\n<p class=\"use-case-more\"><strong>Gerhard Fourie, chef<\/strong><\/p>\n\n\t\t<\/div>\n\t<\/div>\n<\/div><\/div><\/div><div class=\"use-case-tile wpb_column vc_column_container text-left vc_col-sm-3 padding-default bgv-default bgh-default halign-default\"><div class=\"vc_column-inner vc_custom_1574170569150\"><div class=\"wpb_wrapper\">\n\t<div class=\"wpb_text_column wpb_content_element\" >\n\t\t<div class=\"wpb_wrapper\">\n\t\t\t<p class=\"use-case-description\"><strong>Tintash<\/strong><\/p>\n<p class=\"use-case-description\">Vi \u00e4r ett tj\u00e4nsteorienterat f\u00f6retag, men vi arbetar ocks\u00e5 med produkter n\u00e4r vi kan.<br \/>Det var problematiskt f\u00f6r oss att f\u00f6rst\u00e5 hur v\u00e5rt team f\u00f6rdelas n\u00e4r det g\u00e4ller vilket projekt, hur l\u00e4nge osv.<\/p>\n<p class=\"use-case-description\">Teamdeck gav oss ett intuitivt s\u00e4tt att f\u00f6rdela v\u00e5ra teammedlemmar p\u00e5 kundprojekt, v\u00e5ra egna produkter och OKR. Inte bara det, det hj\u00e4lper oss faktiskt med v\u00e5r ledighetshantering och sp\u00e5rning i viss utstr\u00e4ckning nu!<\/p>\n<p class=\"use-case-more\"><strong>Azhar Yousuf, teknisk programansvarig<\/strong><\/p>\n\n\t\t<\/div>\n\t<\/div>\n<\/div><\/div><\/div><\/div><div class=\"vc_row-full-width vc_clearfix\"><\/div><div data-vc-full-width=\"true\" data-vc-full-width-init=\"false\" data-vc-stretch-content=\"true\" class=\"vc_row wpb_row vc_row-fluid redl-row-section use-cases-container padding-medium bgv-default bgh-default halign-default\"><div class=\"use-case-tile wpb_column vc_column_container text-left vc_col-sm-3 padding-default bgv-default bgh-default halign-default\"><div class=\"vc_column-inner vc_custom_1574170534227\"><div class=\"wpb_wrapper\">\n\t<div class=\"wpb_text_column wpb_content_element\" >\n\t\t<div class=\"wpb_wrapper\">\n\t\t\t<p class=\"use-case-description\"><strong>Mirion Technologies<\/strong><\/p>\n<p class=\"use-case-description\">Anpassningens komplexitetsniv\u00e5 \u00e4r perfekt f\u00f6r oss. Vi har verktyg som redan sp\u00e5rar tids\u00e5tg\u00e5ng s\u00e5 en enkel anv\u00e4ndare \u00e4r precis vad jag beh\u00f6ver f\u00f6r att projicera bokningsniv\u00e5er.<\/p>\n<p class=\"use-case-more\"><strong>Dave Sullivan, chef<\/strong><\/p>\n\n\t\t<\/div>\n\t<\/div>\n<\/div><\/div><\/div><div class=\"use-case-tile wpb_column vc_column_container text-left vc_col-sm-3 padding-default bgv-default bgh-default halign-default\"><div class=\"vc_column-inner vc_custom_1574170546410\"><div class=\"wpb_wrapper\">\n\t<div class=\"wpb_text_column wpb_content_element\" >\n\t\t<div class=\"wpb_wrapper\">\n\t\t\t<p class=\"use-case-description\"><strong>Coletiv Studio<\/strong><\/p>\n<p class=\"use-case-description\">Att hantera medarbetarnas semester och projektallokeringar var alltid ett problem.<br \/>Teamdeck gjorde det m\u00f6jligt f\u00f6r oss att h\u00e5lla koll p\u00e5 allas semestrar och tilldelningar.<\/p>\n<p class=\"use-case-more\"><strong>Tiago Duarte, VD<\/strong><\/p>\n\n\t\t<\/div>\n\t<\/div>\n<\/div><\/div><\/div><div class=\"use-case-tile wpb_column vc_column_container text-left vc_col-sm-3 padding-default bgv-default bgh-default halign-default\"><div class=\"vc_column-inner vc_custom_1574170558095\"><div class=\"wpb_wrapper\">\n\t<div class=\"wpb_text_column wpb_content_element\" >\n\t\t<div class=\"wpb_wrapper\">\n\t\t\t<p class=\"use-case-description\"><strong>En annan cirkus<\/strong><\/p>\n<p class=\"use-case-description\">En sak som vi \u00e4lskade i Teamdeck var att det var enkelt att l\u00e4gga till och hantera bokningar genom det v\u00e4nliga gr\u00e4nssnittet. Detta ensam hj\u00e4lper oss att g\u00e5 igenom de tr\u00e5kiga uppgifterna att logga bokningar och tidtabeller.<\/p>\n<p class=\"use-case-more\"><strong>Timos, medgrundare p\u00e5 Another Circus<\/strong><\/p>\n\n\t\t<\/div>\n\t<\/div>\n<\/div><\/div><\/div><div class=\"use-case-tile wpb_column vc_column_container text-left vc_col-sm-3 padding-default bgv-default bgh-default halign-default\"><div class=\"vc_column-inner vc_custom_1574170569150\"><div class=\"wpb_wrapper\">\n\t<div class=\"wpb_text_column wpb_content_element\" >\n\t\t<div class=\"wpb_wrapper\">\n\t\t\t<p class=\"use-case-description\"><strong>Bits Kingdom<\/strong><\/p>\n<p class=\"use-case-description\">Sedan vi b\u00f6rjade anv\u00e4nda teamdeck kan v\u00e5rt f\u00f6retag f\u00e5 b\u00e4ttre f\u00f6rst\u00e5else f\u00f6r v\u00e5r resursf\u00f6rdelning. Dessutom ser appen bra ut och \u00e4r l\u00e4tt att f\u00f6rst\u00e5 ?<\/p>\n<p class=\"use-case-more\"><strong>Fabian Aramendi, medgrundare p\u00e5 Bits Kingdom<\/strong><\/p>\n\n\t\t<\/div>\n\t<\/div>\n<\/div><\/div><\/div><\/div><div class=\"vc_row-full-width vc_clearfix\"><\/div><div class=\"vc_row wpb_row vc_row-fluid redl-row-section padding-default bgv-default bgh-default halign-default\"><div class=\"wpb_column vc_column_container text-left vc_col-sm-12 padding-default bgv-default bgh-default halign-default\"><div class=\"vc_column-inner\"><div class=\"wpb_wrapper\"><\/div><\/div><\/div><\/div><div data-vc-full-width=\"true\" data-vc-full-width-init=\"false\" data-vc-stretch-content=\"true\" class=\"vc_row wpb_row vc_row-fluid redl-row-section logo-list-row vc_custom_1582037320281 vc_row-has-fill vc_row-no-padding vc_row-o-equal-height vc_row-flex padding-medium bgv-default bgh-default halign-default\"><div class=\"wpb_column vc_column_container text-center vc_col-sm-2 vc_col-lg-2 vc_col-md-2 vc_col-xs-6 padding-default bgv-default bgh-default halign-center\"><div class=\"vc_column-inner vc_custom_1574337729729\"><div class=\"wpb_wrapper\">\n\t<div class=\"wpb_text_column wpb_content_element\" >\n\t\t<div class=\"wpb_wrapper\">\n\t\t\t<p><img loading=\"lazy\" decoding=\"async\" class=\"alignnone wp-image-4375\" src=\"https:\/\/cdn.teamdeck.io\/uploads\/website\/2019\/01\/11132628\/UNITE9-140px.png\" alt=\"\" width=\"70\" height=\"70\" \/><\/p>\n\n\t\t<\/div>\n\t<\/div>\n<\/div><\/div><\/div><div class=\"wpb_column vc_column_container text-center vc_col-sm-2 vc_col-lg-2 vc_col-md-2 vc_col-xs-6 padding-default bgv-default bgh-default halign-center\"><div class=\"vc_column-inner vc_custom_1574337747608\"><div class=\"wpb_wrapper\">\n\t<div class=\"wpb_text_column wpb_content_element\" >\n\t\t<div class=\"wpb_wrapper\">\n\t\t\t<p><img loading=\"lazy\" decoding=\"async\" class=\"alignnone wp-image-4369\" src=\"https:\/\/cdn.teamdeck.io\/uploads\/website\/2021\/06\/14170417\/tietoevry-1.png\" alt=\"\" width=\"100\" height=\"70\" \/><\/p>\n\n\t\t<\/div>\n\t<\/div>\n<\/div><\/div><\/div><div class=\"wpb_column vc_column_container text-center vc_col-sm-2 vc_col-lg-2 vc_col-md-2 vc_col-xs-6 padding-default bgv-default bgh-default halign-center\"><div class=\"vc_column-inner vc_custom_1574337754290\"><div class=\"wpb_wrapper\">\n\t<div class=\"wpb_text_column wpb_content_element\" >\n\t\t<div class=\"wpb_wrapper\">\n\t\t\t<p><img loading=\"lazy\" decoding=\"async\" class=\"alignnone wp-image-4373\" src=\"https:\/\/cdn.teamdeck.io\/uploads\/website\/2021\/06\/14170412\/hill-1.png\" alt=\"\" width=\"110\" height=\"70\" \/><\/p>\n\n\t\t<\/div>\n\t<\/div>\n<\/div><\/div><\/div><div class=\"wpb_column vc_column_container text-center vc_col-sm-2 vc_col-lg-2 vc_col-md-2 vc_col-xs-6 padding-default bgv-default bgh-default halign-center\"><div class=\"vc_column-inner vc_custom_1574337759887\"><div class=\"wpb_wrapper\">\n\t<div class=\"wpb_text_column wpb_content_element\" >\n\t\t<div class=\"wpb_wrapper\">\n\t\t\t<p><img loading=\"lazy\" decoding=\"async\" class=\"alignnone wp-image-4367\" src=\"https:\/\/cdn.teamdeck.io\/uploads\/website\/2021\/06\/10150824\/tintash.png\" alt=\"\" width=\"70\" height=\"70\" \/><\/p>\n\n\t\t<\/div>\n\t<\/div>\n<\/div><\/div><\/div><div class=\"wpb_column vc_column_container text-center vc_col-sm-2 vc_col-lg-2 vc_col-md-2 vc_col-xs-6 padding-default bgv-default bgh-default halign-center\"><div class=\"vc_column-inner vc_custom_1574337765178\"><div class=\"wpb_wrapper\">\n\t<div class=\"wpb_text_column wpb_content_element\" >\n\t\t<div class=\"wpb_wrapper\">\n\t\t\t<p><img loading=\"lazy\" decoding=\"async\" class=\"alignnone wp-image-4405\" src=\"https:\/\/cdn.teamdeck.io\/uploads\/website\/2021\/06\/14170425\/wunderman-thompson-1.png\" alt=\"\" width=\"100\" height=\"70\" \/><\/p>\n\n\t\t<\/div>\n\t<\/div>\n<\/div><\/div><\/div><div class=\"wpb_column vc_column_container text-center vc_col-sm-2 vc_col-lg-2 vc_col-md-2 vc_col-xs-6 padding-default bgv-top bgh-default halign-center\"><div class=\"vc_column-inner vc_custom_1574337780335\"><div class=\"wpb_wrapper\">\n\t<div class=\"wpb_text_column wpb_content_element\" >\n\t\t<div class=\"wpb_wrapper\">\n\t\t\t<p><img loading=\"lazy\" decoding=\"async\" class=\"alignnone wp-image-4538\" src=\"https:\/\/cdn.teamdeck.io\/uploads\/website\/2021\/06\/14161749\/stormind-games.png\" alt=\"\" width=\"100\" height=\"70\" \/><\/p>\n\n\t\t<\/div>\n\t<\/div>\n<\/div><\/div><\/div><\/div><div class=\"vc_row-full-width vc_clearfix\"><\/div><div data-vc-full-width=\"true\" data-vc-full-width-init=\"false\" class=\"vc_row wpb_row vc_row-fluid redl-row-section footer-message-row vc_custom_1574170946244 vc_row-has-fill vc_row-o-equal-height vc_row-o-content-middle vc_row-flex padding-medium bgv-default bgh-default halign-center\"><div class=\"wpb_column vc_column_container text-center vc_col-sm-12 vc_col-lg-8 vc_col-md-9 padding-default bgv-default bgh-default halign-default\"><div class=\"vc_column-inner vc_custom_1574338100280\"><div class=\"wpb_wrapper\">\n\t<div class=\"wpb_text_column wpb_content_element  vc_custom_1588185313555 footer-message-title\" >\n\t\t<div class=\"wpb_wrapper\">\n\t\t\t<p style=\"text-align: center;\">Enkelt och intuitivt<br \/>Klar att anv\u00e4nda<br \/>B\u00f6rja med resurshantering med Teamdeck!<\/p>\n\n\t\t<\/div>\n\t<\/div>\n<form class=\"get-started-form\" action=\"\">\n  <div class=\"get-started-form__input-wrapper\">\n    <input class=\"get-started-form__input\" placeholder=\"Ange din e-postadress\" \/>\n  <\/div>\n  <button type=\"submit\" class=\"get-started-form__button\">\n    <span class=\"get-started-form__button-text\">F\u00e5 en 14-dagars GRATIS provperiod<\/>\n  <\/button>\n  <button class=\"get-started-form__button\">\n    <span class=\"get-started-form__button-text\">Ogiltig e-post<\/>\n  <\/button>\n<input type=\"hidden\" name=\"trp-form-language\" value=\"sv\"\/><\/form>\n\n\t<div class=\"wpb_text_column wpb_content_element\" >\n\t\t<div class=\"wpb_wrapper\">\n\t\t\t<ul class=\"features-list features-list--white\">\n<li class=\"features-list-item\">Inget kreditkort kr\u00e4vs<\/li>\n<li class=\"features-list-item\">2 min installation<\/li>\n<\/ul>\n\n\t\t<\/div>\n\t<\/div>\n<\/div><\/div><\/div><\/div><div class=\"vc_row-full-width vc_clearfix\"><\/div>","protected":false},"excerpt":{"rendered":"&nbsp; Live demo, setting up, consultation Start saving time and money from the right resource management today! &nbsp; \u00a0 \u00a0 See how Teamdeck is helping software houses and digital agencies with resource management Mace&amp;Menter We worked with...","protected":false},"author":17,"featured_media":4305,"parent":0,"menu_order":0,"comment_status":"closed","ping_status":"closed","template":"","meta":{"footnotes":""},"class_list":["post-7379","page","type-page","status-publish","has-post-thumbnail","hentry"],"yoast_head":"<!-- This site is optimized with the Yoast SEO Premium plugin v23.8 (Yoast SEO v24.3) - https:\/\/yoast.com\/wordpress\/plugins\/seo\/ -->\n<title>Schedule a demo call - Teamdeck<\/title>\n<meta name=\"description\" content=\"Join a demo call to learn how our tool can enhance your team&#039;s productivity and clarify project capacities.\" \/>\n<meta name=\"robots\" content=\"noindex, follow\" \/>\n<meta property=\"og:locale\" content=\"sv_SE\" \/>\n<meta property=\"og:type\" content=\"article\" \/>\n<meta property=\"og:title\" content=\"Schedule a demo call\" \/>\n<meta property=\"og:description\" content=\"Join a demo call to learn how our tool can enhance your team&#039;s productivity and clarify project capacities.\" \/>\n<meta property=\"og:url\" content=\"https:\/\/teamdeck.io\/sv\/boka-ett-demosamtal\/\" \/>\n<meta property=\"og:site_name\" content=\"Teamdeck\" \/>\n<meta property=\"article:publisher\" content=\"https:\/\/www.facebook.com\/helloteamdeck\" \/>\n<meta property=\"article:modified_time\" content=\"2025-05-06T06:05:52+00:00\" \/>\n<meta property=\"og:image\" content=\"https:\/\/cdn.teamdeck.io\/uploads\/website\/2018\/02\/19113041\/hight-level-planing.png\" \/>\n\t<meta property=\"og:image:width\" content=\"1921\" \/>\n\t<meta property=\"og:image:height\" content=\"1081\" \/>\n\t<meta property=\"og:image:type\" content=\"image\/png\" \/>\n<meta name=\"twitter:card\" content=\"summary_large_image\" \/>\n<meta name=\"twitter:site\" content=\"@helloteamdeck\" \/>\n<meta name=\"twitter:label1\" content=\"Est. reading time\" \/>\n\t<meta name=\"twitter:data1\" content=\"5 minutes\" \/>\n<script type=\"application\/ld+json\" class=\"yoast-schema-graph\">{\"@context\":\"https:\/\/schema.org\",\"@graph\":[{\"@type\":\"WebPage\",\"@id\":\"https:\/\/teamdeck.io\/schedule-a-demo-call\/\",\"url\":\"https:\/\/teamdeck.io\/schedule-a-demo-call\/\",\"name\":\"Schedule a demo call - Teamdeck\",\"isPartOf\":{\"@id\":\"https:\/\/teamdeck.io\/#website\"},\"primaryImageOfPage\":{\"@id\":\"https:\/\/teamdeck.io\/schedule-a-demo-call\/#primaryimage\"},\"image\":{\"@id\":\"https:\/\/teamdeck.io\/schedule-a-demo-call\/#primaryimage\"},\"thumbnailUrl\":\"https:\/\/cdn.teamdeck.io\/uploads\/website\/2018\/02\/19113041\/hight-level-planing.png\",\"datePublished\":\"2021-09-21T10:44:40+00:00\",\"dateModified\":\"2025-05-06T06:05:52+00:00\",\"description\":\"Join a demo call to learn how our tool can enhance your team's productivity and clarify project capacities.\",\"breadcrumb\":{\"@id\":\"https:\/\/teamdeck.io\/schedule-a-demo-call\/#breadcrumb\"},\"inLanguage\":\"sv-SE\",\"potentialAction\":[{\"@type\":\"ReadAction\",\"target\":[\"https:\/\/teamdeck.io\/schedule-a-demo-call\/\"]}]},{\"@type\":\"ImageObject\",\"inLanguage\":\"sv-SE\",\"@id\":\"https:\/\/teamdeck.io\/schedule-a-demo-call\/#primaryimage\",\"url\":\"https:\/\/cdn.teamdeck.io\/uploads\/website\/2018\/02\/19113041\/hight-level-planing.png\",\"contentUrl\":\"https:\/\/cdn.teamdeck.io\/uploads\/website\/2018\/02\/19113041\/hight-level-planing.png\",\"width\":\"1921\",\"height\":\"1081\",\"caption\":\"high level planning teamdeck\"},{\"@type\":\"BreadcrumbList\",\"@id\":\"https:\/\/teamdeck.io\/schedule-a-demo-call\/#breadcrumb\",\"itemListElement\":[{\"@type\":\"ListItem\",\"position\":1,\"name\":\"Home\",\"item\":\"https:\/\/teamdeck.io\/\"},{\"@type\":\"ListItem\",\"position\":2,\"name\":\"Schedule a demo call\"}]},{\"@type\":\"WebSite\",\"@id\":\"https:\/\/teamdeck.io\/#website\",\"url\":\"https:\/\/teamdeck.io\/\",\"name\":\"Teamdeck\",\"description\":\"resource scheduling + time tracking + leave management\",\"potentialAction\":[{\"@type\":\"SearchAction\",\"target\":{\"@type\":\"EntryPoint\",\"urlTemplate\":\"https:\/\/teamdeck.io\/?s={search_term_string}\"},\"query-input\":{\"@type\":\"PropertyValueSpecification\",\"valueRequired\":true,\"valueName\":\"search_term_string\"}}],\"inLanguage\":\"sv-SE\"}]}<\/script>\n<!-- \/ Yoast SEO Premium plugin. -->","yoast_head_json":{"title":"Schedule a demo call - Teamdeck","description":"Join a demo call to learn how our tool can enhance your team's productivity and clarify project capacities.","robots":{"index":"noindex","follow":"follow"},"og_locale":"sv_SE","og_type":"article","og_title":"Schedule a demo call","og_description":"Join a demo call to learn how our tool can enhance your team's productivity and clarify project capacities.","og_url":"https:\/\/teamdeck.io\/sv\/boka-ett-demosamtal\/","og_site_name":"Teamdeck","article_publisher":"https:\/\/www.facebook.com\/helloteamdeck","article_modified_time":"2025-05-06T06:05:52+00:00","og_image":[{"width":1921,"height":1081,"url":"https:\/\/cdn.teamdeck.io\/uploads\/website\/2018\/02\/19113041\/hight-level-planing.png","type":"image\/png"}],"twitter_card":"summary_large_image","twitter_site":"@helloteamdeck","twitter_misc":{"Est. reading time":"5 minutes"},"schema":{"@context":"https:\/\/schema.org","@graph":[{"@type":"WebPage","@id":"https:\/\/teamdeck.io\/schedule-a-demo-call\/","url":"https:\/\/teamdeck.io\/schedule-a-demo-call\/","name":"Schedule a demo call - Teamdeck","isPartOf":{"@id":"https:\/\/teamdeck.io\/#website"},"primaryImageOfPage":{"@id":"https:\/\/teamdeck.io\/schedule-a-demo-call\/#primaryimage"},"image":{"@id":"https:\/\/teamdeck.io\/schedule-a-demo-call\/#primaryimage"},"thumbnailUrl":"https:\/\/cdn.teamdeck.io\/uploads\/website\/2018\/02\/19113041\/hight-level-planing.png","datePublished":"2021-09-21T10:44:40+00:00","dateModified":"2025-05-06T06:05:52+00:00","description":"Join a demo call to learn how our tool can enhance your team's productivity and clarify project capacities.","breadcrumb":{"@id":"https:\/\/teamdeck.io\/schedule-a-demo-call\/#breadcrumb"},"inLanguage":"sv-SE","potentialAction":[{"@type":"ReadAction","target":["https:\/\/teamdeck.io\/schedule-a-demo-call\/"]}]},{"@type":"ImageObject","inLanguage":"sv-SE","@id":"https:\/\/teamdeck.io\/schedule-a-demo-call\/#primaryimage","url":"https:\/\/cdn.teamdeck.io\/uploads\/website\/2018\/02\/19113041\/hight-level-planing.png","contentUrl":"https:\/\/cdn.teamdeck.io\/uploads\/website\/2018\/02\/19113041\/hight-level-planing.png","width":"1921","height":"1081","caption":"high level planning teamdeck"},{"@type":"BreadcrumbList","@id":"https:\/\/teamdeck.io\/schedule-a-demo-call\/#breadcrumb","itemListElement":[{"@type":"ListItem","position":1,"name":"Home","item":"https:\/\/teamdeck.io\/"},{"@type":"ListItem","position":2,"name":"Schedule a demo call"}]},{"@type":"WebSite","@id":"https:\/\/teamdeck.io\/#website","url":"https:\/\/teamdeck.io\/","name":"Teamdeck","description":"resource scheduling + time tracking + leave management","potentialAction":[{"@type":"SearchAction","target":{"@type":"EntryPoint","urlTemplate":"https:\/\/teamdeck.io\/?s={search_term_string}"},"query-input":{"@type":"PropertyValueSpecification","valueRequired":true,"valueName":"search_term_string"}}],"inLanguage":"sv-SE"}]}},"_links":{"self":[{"href":"https:\/\/teamdeck.io\/sv\/wp-json\/wp\/v2\/pages\/7379","targetHints":{"allow":["GET"]}}],"collection":[{"href":"https:\/\/teamdeck.io\/sv\/wp-json\/wp\/v2\/pages"}],"about":[{"href":"https:\/\/teamdeck.io\/sv\/wp-json\/wp\/v2\/types\/page"}],"author":[{"embeddable":true,"href":"https:\/\/teamdeck.io\/sv\/wp-json\/wp\/v2\/users\/17"}],"replies":[{"embeddable":true,"href":"https:\/\/teamdeck.io\/sv\/wp-json\/wp\/v2\/comments?post=7379"}],"version-history":[{"count":44,"href":"https:\/\/teamdeck.io\/sv\/wp-json\/wp\/v2\/pages\/7379\/revisions"}],"predecessor-version":[{"id":13710,"href":"https:\/\/teamdeck.io\/sv\/wp-json\/wp\/v2\/pages\/7379\/revisions\/13710"}],"wp:featuredmedia":[{"embeddable":true,"href":"https:\/\/teamdeck.io\/sv\/wp-json\/wp\/v2\/media\/4305"}],"wp:attachment":[{"href":"https:\/\/teamdeck.io\/sv\/wp-json\/wp\/v2\/media?parent=7379"}],"curies":[{"name":"wp","href":"https:\/\/api.w.org\/{rel}","templated":true}]}}