{"id":5786,"date":"2020-03-10T21:55:27","date_gmt":"2020-03-10T19:55:27","guid":{"rendered":"https:\/\/teamdeck.io\/?page_id=5786"},"modified":"2022-01-11T16:19:56","modified_gmt":"2022-01-11T14:19:56","slug":"teamdeck-vs-resource-guru","status":"publish","type":"page","link":"https:\/\/teamdeck.io\/sv\/teamdeck-vs-resursguru\/","title":{"rendered":"Resurs Guru Alternativ"},"content":{"rendered":"<div data-vc-full-width=\"true\" data-vc-full-width-init=\"false\" class=\"vc_row wpb_row vc_row-fluid redl-row-section vc_custom_1547727116563 vc_row-has-fill vc_row-o-content-middle vc_row-flex padding-default bgv-default bgh-default halign-center\"><div class=\"wpb_column vc_column_container text-left vc_col-sm-4 padding-default bgv-default bgh-default halign-center\"><div class=\"vc_column-inner\"><div class=\"wpb_wrapper\">\n\t<div class=\"wpb_text_column wpb_content_element\" >\n\t\t<div class=\"wpb_wrapper\">\n\t\t\t<h1>Teamdeck vs Resurs Guru<\/h1>\n<p>Se hur Teamdeck ger dig mer kontroll \u00f6ver hela resurshanteringsprocessen, fr\u00e5n schemal\u00e4ggning av team, via tidrapportering till fr\u00e5nvarohantering. <strong><span style=\"color: #1ac604;\">L\u00e4s nedan om j\u00e4mf\u00f6relse mellan Resource Guru och Teamdeck<\/span>.<\/strong><\/p>\n\n\t\t<\/div>\n\t<\/div>\n\n\t<div class=\"wpb_text_column wpb_content_element\" >\n\t\t<div class=\"wpb_wrapper\">\n\t\t\t<p style=\"text-align: left;\"><span class=\"arrow-link\"><a href=\"https:\/\/app.teamdeck.io\/register\">F\u00e5 en 30-dagars GRATIS provperiod<\/a><\/span><\/p>\n\n\t\t<\/div>\n\t<\/div>\n<\/div><\/div><\/div><div class=\"wpb_column vc_column_container text-center vc_col-sm-8 vc_col-has-fill padding-default bgv-default bgh-default halign-center\"><div class=\"vc_column-inner vc_custom_1583827482870\"><div class=\"wpb_wrapper\">\n\t<div class=\"wpb_text_column wpb_content_element  vc_custom_1638208805246 video-nocontrols\" >\n\t\t<div class=\"wpb_wrapper\">\n\t\t\t<p><img loading=\"lazy\" decoding=\"async\" class=\"aligncenter wp-image-5809\" src=\"https:\/\/cdn.teamdeck.io\/uploads\/website\/2020\/03\/10215241\/Untitled-design-11-300x250.png\" alt=\"Teamdeck programvara f\u00f6r resursschemal\u00e4ggning blir till liten familj av resursguru-alternativen\" width=\"600\" height=\"500\" srcset=\"https:\/\/cdn.teamdeck.io\/uploads\/website\/2020\/03\/10215241\/Untitled-design-11-300x250.png 300w, https:\/\/cdn.teamdeck.io\/uploads\/website\/2020\/03\/10215241\/Untitled-design-11-768x640.png 768w, https:\/\/cdn.teamdeck.io\/uploads\/website\/2020\/03\/10215241\/Untitled-design-11-960x800.png 960w, https:\/\/cdn.teamdeck.io\/uploads\/website\/2020\/03\/10215241\/Untitled-design-11.png 1800w\" sizes=\"auto, (max-width: 600px) 100vw, 600px\" \/><\/p>\n\n\t\t<\/div>\n\t<\/div>\n<\/div><\/div><\/div><\/div><div class=\"vc_row-full-width vc_clearfix\"><\/div><div class=\"vc_row wpb_row vc_row-fluid redl-row-section padding-default bgv-default bgh-default halign-default\"><div class=\"wpb_column vc_column_container text-left vc_col-sm-12 padding-default bgv-default bgh-default halign-default\"><div class=\"vc_column-inner\"><div class=\"wpb_wrapper\">\n\t<div class=\"wpb_text_column wpb_content_element\" >\n\t\t<div class=\"wpb_wrapper\">\n\t\t\t<h2>Letar du efter alternativ till Resource Guru?<\/h2>\n<p>Teamdeck kan vara svaret p\u00e5 dina behov.<\/p>\n<p>B\u00e5de Resource Guru och Teamdeck \u00e4r inriktade p\u00e5 resurshantering. Det \u00e4r d\u00e4rf\u00f6r som team v\u00e4ljer dessa verktyg framf\u00f6r appar som har en mer allm\u00e4n strategi f\u00f6r att hantera interna processer.<\/p>\n<p><strong>Teamdeck och Resource Guru<\/strong> <strong>skiljer sig \u00e5t<\/strong> <strong>n\u00e4r det g\u00e4ller de funktioner som erbjuds och priss\u00e4ttningen<\/strong>men m\u00e5natliga prenumerationsplaner finns tillg\u00e4ngliga f\u00f6r b\u00e5da verktygen. Se detaljer nedan.<\/p>\n\n\t\t<\/div>\n\t<\/div>\n<\/div><\/div><\/div><\/div><div class=\"vc_row wpb_row vc_row-fluid redl-row-section padding-default bgv-default bgh-default halign-default\"><div class=\"wpb_column vc_column_container text-left vc_col-sm-12 padding-default bgv-default bgh-default halign-default\"><div class=\"vc_column-inner\"><div class=\"wpb_wrapper\">\n\t<div class=\"wpb_text_column wpb_content_element\" >\n\t\t<div class=\"wpb_wrapper\">\n\t\t\t<p><img loading=\"lazy\" decoding=\"async\" class=\"aligncenter wp-image-5822\" src=\"https:\/\/cdn.teamdeck.io\/uploads\/website\/2020\/03\/13124322\/Screenshot-2020-03-13-at-11.43.04-300x177.png\" alt=\"Top resource guru-alternativ m\u00e5ste ta h\u00e4nsyn till funktioner och prisj\u00e4mf\u00f6relser\" width=\"700\" height=\"414\" srcset=\"https:\/\/cdn.teamdeck.io\/uploads\/website\/2020\/03\/13124322\/Screenshot-2020-03-13-at-11.43.04-300x177.png 300w, https:\/\/cdn.teamdeck.io\/uploads\/website\/2020\/03\/13124322\/Screenshot-2020-03-13-at-11.43.04-768x454.png 768w, https:\/\/cdn.teamdeck.io\/uploads\/website\/2020\/03\/13124322\/Screenshot-2020-03-13-at-11.43.04-960x568.png 960w, https:\/\/cdn.teamdeck.io\/uploads\/website\/2020\/03\/13124322\/Screenshot-2020-03-13-at-11.43.04.png 1572w\" sizes=\"auto, (max-width: 700px) 100vw, 700px\" \/><\/p>\n\n\t\t<\/div>\n\t<\/div>\n<\/div><\/div><\/div><\/div><div class=\"vc_row wpb_row vc_row-fluid redl-row-section padding-small bgv-default bgh-default halign-default\"><div class=\"wpb_column vc_column_container text-left vc_col-sm-12 padding-small bgv-default bgh-default halign-default\"><div class=\"vc_column-inner\"><div class=\"wpb_wrapper\">\n\t<div class=\"wpb_text_column wpb_content_element\" >\n\t\t<div class=\"wpb_wrapper\">\n\t\t\t<h2 style=\"text-align: center;\"><strong>3 sk\u00e4l till varf\u00f6r f\u00f6retag \u00e4lskar Teamdeck - den kompletta l\u00f6sningen f\u00f6r resurshantering<\/strong><\/h2>\n\n\t\t<\/div>\n\t<\/div>\n<\/div><\/div><\/div><\/div><div class=\"vc_row wpb_row vc_row-fluid redl-row-section use-cases-title vc_custom_1582120251302 padding-default bgv-default bgh-default halign-default\"><div class=\"wpb_column vc_column_container text-left vc_col-sm-4 padding-default bgv-default bgh-default halign-default\"><div class=\"vc_column-inner\"><div class=\"wpb_wrapper\">\n\t<div class=\"wpb_text_column wpb_content_element\" >\n\t\t<div class=\"wpb_wrapper\">\n\t\t\t<h2 style=\"text-align: center;\"><strong><span class=\"text-title column-title\">Komplett l\u00f6sning f\u00f6r resurshantering<\/span><\/strong><\/h2>\n<p style=\"text-align: center;\">Med funktioner som str\u00e4cker sig fr\u00e5n resursschemal\u00e4ggning till tidssp\u00e5rning och semesterhantering ger Teamdeck team mer kontroll \u00f6ver sina interna processer. Med Teamdeck kan du <strong>inte bara planera ditt teams arbete utan ocks\u00e5 m\u00e4ta effekterna<\/strong> och som ett resultat optimera dina schemal\u00e4ggningsinsatser i framtiden.<\/p>\n\n\t\t<\/div>\n\t<\/div>\n<\/div><\/div><\/div><div class=\"wpb_column vc_column_container text-left vc_col-sm-4 padding-default bgv-default bgh-default halign-default\"><div class=\"vc_column-inner\"><div class=\"wpb_wrapper\">\n\t<div class=\"wpb_text_column wpb_content_element\" >\n\t\t<div class=\"wpb_wrapper\">\n\t\t\t<h2 style=\"text-align: center;\"><span class=\"text-title column-title\">Snabb och effektiv onboarding<\/span><\/h2>\n<p style=\"text-align: center;\">K\u00e4nner du att Teamdeck \u00e4r r\u00e4tt verktyg f\u00f6r ditt team? G\u00f6r en snabb produktturn\u00e9, anpassa teamets inst\u00e4llningar och importera dina data. Du beh\u00f6ver inte sl\u00f6sa tid p\u00e5 att f\u00f6rbereda appen: <strong>du kommer att f\u00e5 v\u00e4rde fr\u00e5n dag 1.<\/strong><\/p>\n\n\t\t<\/div>\n\t<\/div>\n<\/div><\/div><\/div><div class=\"wpb_column vc_column_container text-left vc_col-sm-4 padding-default bgv-default bgh-default halign-default\"><div class=\"vc_column-inner\"><div class=\"wpb_wrapper\">\n\t<div class=\"wpb_text_column wpb_content_element\" >\n\t\t<div class=\"wpb_wrapper\">\n\t\t\t<h2 style=\"text-align: center;\"><span class=\"text-title column-title\">Support i v\u00e4rldsklass<\/span><\/h2>\n<p style=\"text-align: center;\">Vi kan inte nog understryka det: <strong>v\u00e5r #1 prioritet \u00e4r att du ska dra nytta av Teamdeck<\/strong> s\u00e5 mycket som m\u00f6jligt. Det \u00e4r d\u00e4rf\u00f6r vi erbjuder personliga produktdemonstrationer, introduktionssamtal f\u00f6r ditt team och prioriterad support n\u00e4r du beh\u00f6ver det.<\/p>\n\n\t\t<\/div>\n\t<\/div>\n<\/div><\/div><\/div><\/div><div class=\"vc_row wpb_row vc_row-fluid redl-row-section padding-default bgv-default bgh-default halign-default\"><div class=\"wpb_column vc_column_container text-left vc_col-sm-12 padding-default bgv-default bgh-default halign-default\"><div class=\"vc_column-inner\"><div class=\"wpb_wrapper\"><\/div><\/div><\/div><\/div><div class=\"vc_row wpb_row vc_row-fluid redl-row-section padding-default bgv-default bgh-default halign-default\"><div class=\"wpb_column vc_column_container text-left vc_col-sm-12 padding-default bgv-default bgh-default halign-default\"><div class=\"vc_column-inner\"><div class=\"wpb_wrapper\">\n\t<div class=\"wpb_text_column wpb_content_element\" >\n\t\t<div class=\"wpb_wrapper\">\n\t\t\t<h2 class=\"ql-align-center\" style=\"text-align: center;\"><strong>Circus Maximus, BAMM, Stormind Games och Hill-Knowlton Strategies har valt Teamdeck.io som sin <a href=\"https:\/\/teamdeck.io\/sv\/\">programvara f\u00f6r hantering av projektresurser<\/a><\/strong><\/h2>\n\n\t\t<\/div>\n\t<\/div>\n<\/div><\/div><\/div><\/div><div class=\"vc_row wpb_row vc_row-fluid redl-row-section padding-default bgv-default bgh-default halign-default\"><div class=\"wpb_column vc_column_container text-left vc_col-sm-12 padding-default bgv-default bgh-default halign-default\"><div class=\"vc_column-inner vc_custom_1583774752686\"><div class=\"wpb_wrapper\"><form class=\"get-started-form\" action=\"\">\n  <div class=\"get-started-form__input-wrapper\">\n    <input class=\"get-started-form__input\" placeholder=\"Ange din e-postadress\" \/>\n  <\/div>\n  <button type=\"submit\" class=\"get-started-form__button\">\n    <span class=\"get-started-form__button-text\">F\u00e5 en 14-dagars GRATIS provperiod<\/>\n  <\/button>\n  <button class=\"get-started-form__button\">\n    <span class=\"get-started-form__button-text\">Ogiltig e-post<\/>\n  <\/button>\n<input type=\"hidden\" name=\"trp-form-language\" value=\"sv\"\/><\/form>\n<\/div><\/div><\/div><\/div>","protected":false},"excerpt":{"rendered":"Teamdeck vs Resource Guru Se hur Teamdeck ger dig mer kontroll \u00f6ver hela resurshanteringsprocessen, fr\u00e5n schemal\u00e4ggning av team, via tidssp\u00e5rning till fr\u00e5nvarohantering. L\u00e4s nedan om j\u00e4mf\u00f6relse mellan Resource Guru och Teamdeck. F\u00e5 en 30-dagars...","protected":false},"author":17,"featured_media":0,"parent":0,"menu_order":0,"comment_status":"closed","ping_status":"closed","template":"","meta":{"footnotes":""},"class_list":["post-5786","page","type-page","status-publish","hentry"],"yoast_head":"<!-- This site is optimized with the Yoast SEO Premium plugin v23.8 (Yoast SEO v24.3) - https:\/\/yoast.com\/wordpress\/plugins\/seo\/ -->\n<title>Resource Guru alternatives - Teamdeck - Resource Management Software<\/title>\n<meta name=\"description\" content=\"Teamdeck.io - resource management software is in use by Stormind Games, Circus Maximus, Hill-Knowlton. We replaced Resource Guru many times.\" \/>\n<meta name=\"robots\" content=\"index, follow, max-snippet:-1, max-image-preview:large, max-video-preview:-1\" \/>\n<link rel=\"canonical\" href=\"https:\/\/teamdeck.io\/sv\/teamdeck-vs-resursguru\/\" \/>\n<meta property=\"og:locale\" content=\"sv_SE\" \/>\n<meta property=\"og:type\" content=\"article\" \/>\n<meta property=\"og:title\" content=\"Resource Guru Alternative\" \/>\n<meta property=\"og:description\" content=\"Teamdeck.io - resource management software is in use by Stormind Games, Circus Maximus, Hill-Knowlton. We replaced Resource Guru many times.\" \/>\n<meta property=\"og:url\" content=\"https:\/\/teamdeck.io\/sv\/teamdeck-vs-resursguru\/\" \/>\n<meta property=\"og:site_name\" content=\"Teamdeck\" \/>\n<meta property=\"article:publisher\" content=\"https:\/\/www.facebook.com\/helloteamdeck\" \/>\n<meta property=\"article:modified_time\" content=\"2022-01-11T14:19:56+00:00\" \/>\n<meta property=\"og:image\" content=\"https:\/\/teamdeck.io\/wp-content\/uploads\/2020\/03\/Untitled-design-11-300x250.png\" \/>\n<meta name=\"twitter:card\" content=\"summary_large_image\" \/>\n<meta name=\"twitter:site\" content=\"@helloteamdeck\" \/>\n<meta name=\"twitter:label1\" content=\"Est. reading time\" \/>\n\t<meta name=\"twitter:data1\" content=\"2 minutes\" \/>\n<script type=\"application\/ld+json\" class=\"yoast-schema-graph\">{\"@context\":\"https:\/\/schema.org\",\"@graph\":[{\"@type\":\"WebPage\",\"@id\":\"https:\/\/teamdeck.io\/teamdeck-vs-resource-guru\/\",\"url\":\"https:\/\/teamdeck.io\/teamdeck-vs-resource-guru\/\",\"name\":\"Resource Guru alternatives - Teamdeck - Resource Management Software\",\"isPartOf\":{\"@id\":\"https:\/\/teamdeck.io\/#website\"},\"primaryImageOfPage\":{\"@id\":\"https:\/\/teamdeck.io\/teamdeck-vs-resource-guru\/#primaryimage\"},\"image\":{\"@id\":\"https:\/\/teamdeck.io\/teamdeck-vs-resource-guru\/#primaryimage\"},\"thumbnailUrl\":\"https:\/\/teamdeck.io\/wp-content\/uploads\/2020\/03\/Untitled-design-11-300x250.png\",\"datePublished\":\"2020-03-10T19:55:27+00:00\",\"dateModified\":\"2022-01-11T14:19:56+00:00\",\"description\":\"Teamdeck.io - resource management software is in use by Stormind Games, Circus Maximus, Hill-Knowlton. We replaced Resource Guru many times.\",\"breadcrumb\":{\"@id\":\"https:\/\/teamdeck.io\/teamdeck-vs-resource-guru\/#breadcrumb\"},\"inLanguage\":\"sv-SE\",\"potentialAction\":[{\"@type\":\"ReadAction\",\"target\":[\"https:\/\/teamdeck.io\/teamdeck-vs-resource-guru\/\"]}]},{\"@type\":\"ImageObject\",\"inLanguage\":\"sv-SE\",\"@id\":\"https:\/\/teamdeck.io\/teamdeck-vs-resource-guru\/#primaryimage\",\"url\":\"https:\/\/teamdeck.io\/wp-content\/uploads\/2020\/03\/Untitled-design-11-300x250.png\",\"contentUrl\":\"https:\/\/teamdeck.io\/wp-content\/uploads\/2020\/03\/Untitled-design-11-300x250.png\"},{\"@type\":\"BreadcrumbList\",\"@id\":\"https:\/\/teamdeck.io\/teamdeck-vs-resource-guru\/#breadcrumb\",\"itemListElement\":[{\"@type\":\"ListItem\",\"position\":1,\"name\":\"Home\",\"item\":\"https:\/\/teamdeck.io\/\"},{\"@type\":\"ListItem\",\"position\":2,\"name\":\"Resource Guru Alternative\"}]},{\"@type\":\"WebSite\",\"@id\":\"https:\/\/teamdeck.io\/#website\",\"url\":\"https:\/\/teamdeck.io\/\",\"name\":\"Teamdeck\",\"description\":\"resource scheduling + time tracking + leave management\",\"potentialAction\":[{\"@type\":\"SearchAction\",\"target\":{\"@type\":\"EntryPoint\",\"urlTemplate\":\"https:\/\/teamdeck.io\/?s={search_term_string}\"},\"query-input\":{\"@type\":\"PropertyValueSpecification\",\"valueRequired\":true,\"valueName\":\"search_term_string\"}}],\"inLanguage\":\"sv-SE\"}]}<\/script>\n<!-- \/ Yoast SEO Premium plugin. -->","yoast_head_json":{"title":"Resource Guru alternatives - Teamdeck - Resource Management Software","description":"Teamdeck.io - resource management software is in use by Stormind Games, Circus Maximus, Hill-Knowlton. We replaced Resource Guru many times.","robots":{"index":"index","follow":"follow","max-snippet":"max-snippet:-1","max-image-preview":"max-image-preview:large","max-video-preview":"max-video-preview:-1"},"canonical":"https:\/\/teamdeck.io\/sv\/teamdeck-vs-resursguru\/","og_locale":"sv_SE","og_type":"article","og_title":"Resource Guru Alternative","og_description":"Teamdeck.io - resource management software is in use by Stormind Games, Circus Maximus, Hill-Knowlton. We replaced Resource Guru many times.","og_url":"https:\/\/teamdeck.io\/sv\/teamdeck-vs-resursguru\/","og_site_name":"Teamdeck","article_publisher":"https:\/\/www.facebook.com\/helloteamdeck","article_modified_time":"2022-01-11T14:19:56+00:00","og_image":[{"url":"https:\/\/teamdeck.io\/wp-content\/uploads\/2020\/03\/Untitled-design-11-300x250.png","type":"","width":"","height":""}],"twitter_card":"summary_large_image","twitter_site":"@helloteamdeck","twitter_misc":{"Est. reading time":"2 minutes"},"schema":{"@context":"https:\/\/schema.org","@graph":[{"@type":"WebPage","@id":"https:\/\/teamdeck.io\/teamdeck-vs-resource-guru\/","url":"https:\/\/teamdeck.io\/teamdeck-vs-resource-guru\/","name":"Resource Guru alternatives - Teamdeck - Resource Management Software","isPartOf":{"@id":"https:\/\/teamdeck.io\/#website"},"primaryImageOfPage":{"@id":"https:\/\/teamdeck.io\/teamdeck-vs-resource-guru\/#primaryimage"},"image":{"@id":"https:\/\/teamdeck.io\/teamdeck-vs-resource-guru\/#primaryimage"},"thumbnailUrl":"https:\/\/teamdeck.io\/wp-content\/uploads\/2020\/03\/Untitled-design-11-300x250.png","datePublished":"2020-03-10T19:55:27+00:00","dateModified":"2022-01-11T14:19:56+00:00","description":"Teamdeck.io - resource management software is in use by Stormind Games, Circus Maximus, Hill-Knowlton. We replaced Resource Guru many times.","breadcrumb":{"@id":"https:\/\/teamdeck.io\/teamdeck-vs-resource-guru\/#breadcrumb"},"inLanguage":"sv-SE","potentialAction":[{"@type":"ReadAction","target":["https:\/\/teamdeck.io\/teamdeck-vs-resource-guru\/"]}]},{"@type":"ImageObject","inLanguage":"sv-SE","@id":"https:\/\/teamdeck.io\/teamdeck-vs-resource-guru\/#primaryimage","url":"https:\/\/teamdeck.io\/wp-content\/uploads\/2020\/03\/Untitled-design-11-300x250.png","contentUrl":"https:\/\/teamdeck.io\/wp-content\/uploads\/2020\/03\/Untitled-design-11-300x250.png"},{"@type":"BreadcrumbList","@id":"https:\/\/teamdeck.io\/teamdeck-vs-resource-guru\/#breadcrumb","itemListElement":[{"@type":"ListItem","position":1,"name":"Home","item":"https:\/\/teamdeck.io\/"},{"@type":"ListItem","position":2,"name":"Resource Guru Alternative"}]},{"@type":"WebSite","@id":"https:\/\/teamdeck.io\/#website","url":"https:\/\/teamdeck.io\/","name":"Teamdeck","description":"resource scheduling + time tracking + leave management","potentialAction":[{"@type":"SearchAction","target":{"@type":"EntryPoint","urlTemplate":"https:\/\/teamdeck.io\/?s={search_term_string}"},"query-input":{"@type":"PropertyValueSpecification","valueRequired":true,"valueName":"search_term_string"}}],"inLanguage":"sv-SE"}]}},"_links":{"self":[{"href":"https:\/\/teamdeck.io\/sv\/wp-json\/wp\/v2\/pages\/5786","targetHints":{"allow":["GET"]}}],"collection":[{"href":"https:\/\/teamdeck.io\/sv\/wp-json\/wp\/v2\/pages"}],"about":[{"href":"https:\/\/teamdeck.io\/sv\/wp-json\/wp\/v2\/types\/page"}],"author":[{"embeddable":true,"href":"https:\/\/teamdeck.io\/sv\/wp-json\/wp\/v2\/users\/17"}],"replies":[{"embeddable":true,"href":"https:\/\/teamdeck.io\/sv\/wp-json\/wp\/v2\/comments?post=5786"}],"version-history":[{"count":10,"href":"https:\/\/teamdeck.io\/sv\/wp-json\/wp\/v2\/pages\/5786\/revisions"}],"predecessor-version":[{"id":9001,"href":"https:\/\/teamdeck.io\/sv\/wp-json\/wp\/v2\/pages\/5786\/revisions\/9001"}],"wp:attachment":[{"href":"https:\/\/teamdeck.io\/sv\/wp-json\/wp\/v2\/media?parent=5786"}],"curies":[{"name":"wp","href":"https:\/\/api.w.org\/{rel}","templated":true}]}}