{"id":5784,"date":"2020-03-10T21:48:14","date_gmt":"2020-03-10T19:48:14","guid":{"rendered":"https:\/\/teamdeck.io\/?page_id=5784"},"modified":"2021-12-16T19:38:46","modified_gmt":"2021-12-16T17:38:46","slug":"teamdeck-vs-monday","status":"publish","type":"page","link":"https:\/\/teamdeck.io\/sv\/teamdeck-vs-mandag\/","title":{"rendered":"Teamdeck vs Monday.com"},"content":{"rendered":"<div data-vc-full-width=\"true\" data-vc-full-width-init=\"false\" class=\"vc_row wpb_row vc_row-fluid redl-row-section vc_custom_1547727116563 vc_row-has-fill vc_row-o-content-middle vc_row-flex padding-default bgv-default bgh-default halign-center\"><div class=\"wpb_column vc_column_container text-left vc_col-sm-4 padding-default bgv-default bgh-default halign-center\"><div class=\"vc_column-inner\"><div class=\"wpb_wrapper\">\n\t<div class=\"wpb_text_column wpb_content_element\" >\n\t\t<div class=\"wpb_wrapper\">\n\t\t\t<h1>Teamdeck vs Monday.com<\/h1>\n<p style=\"text-align: justify;\">Teamdeck \u00e4r ett <a href=\"https:\/\/teamdeck.io\/sv\/\">programvara f\u00f6r resursplanering<\/a> anv\u00e4nds f\u00f6r att hantera resurser och planera scheman. Det \u00e4r ett laserfokuserat verktyg som anv\u00e4nds av b\u00e5de sm\u00e5 och stora organisationer.<\/p>\n<p style=\"text-align: justify;\">Av bolag fr\u00e5n tech, som fr\u00e5n reklam- och forskningsbranschen. Av <a href=\"https:\/\/www.circusmaximus.com\/\">Cirkus Maximus<\/a> eller Stormind Games. Valda av medlemmar i kreativa team och \u00e4ven av projektledare.<\/p>\n\n\t\t<\/div>\n\t<\/div>\n\n\t<div class=\"wpb_text_column wpb_content_element\" >\n\t\t<div class=\"wpb_wrapper\">\n\t\t\t<p style=\"text-align: left;\"><span class=\"arrow-link\"><a href=\"https:\/\/app.teamdeck.io\/register\">F\u00e5 en 30-dagars GRATIS provperiod<\/a><\/span><\/p>\n\n\t\t<\/div>\n\t<\/div>\n<\/div><\/div><\/div><div class=\"wpb_column vc_column_container text-center vc_col-sm-8 vc_col-has-fill padding-default bgv-default bgh-default halign-center\"><div class=\"vc_column-inner vc_custom_1583827482870\"><div class=\"wpb_wrapper\">\n\t<div class=\"wpb_text_column wpb_content_element  vc_custom_1638211493070 video-nocontrols\" >\n\t\t<div class=\"wpb_wrapper\">\n\t\t\t<p><img loading=\"lazy\" decoding=\"async\" class=\"aligncenter wp-image-5788\" src=\"https:\/\/cdn.teamdeck.io\/uploads\/website\/2020\/03\/10132651\/Untitled-design-2-300x250.png\" alt=\"P\u00e5 marknaden f\u00f6r projektledningsprogramvara behandlas Teamdeck l\u00e4tt som m\u00e5ndagsalternativ.\" width=\"600\" height=\"500\" srcset=\"https:\/\/cdn.teamdeck.io\/uploads\/website\/2020\/03\/10132651\/Untitled-design-2-300x250.png 300w, https:\/\/cdn.teamdeck.io\/uploads\/website\/2020\/03\/10132651\/Untitled-design-2-768x640.png 768w, https:\/\/cdn.teamdeck.io\/uploads\/website\/2020\/03\/10132651\/Untitled-design-2-960x800.png 960w, https:\/\/cdn.teamdeck.io\/uploads\/website\/2020\/03\/10132651\/Untitled-design-2.png 1800w\" sizes=\"auto, (max-width: 600px) 100vw, 600px\" \/><\/p>\n\n\t\t<\/div>\n\t<\/div>\n<\/div><\/div><\/div><\/div><div class=\"vc_row-full-width vc_clearfix\"><\/div><div class=\"vc_row wpb_row vc_row-fluid redl-row-section padding-default bgv-default bgh-default halign-default\"><div class=\"wpb_column vc_column_container text-left vc_col-sm-12 padding-default bgv-default bgh-default halign-default\"><div class=\"vc_column-inner\"><div class=\"wpb_wrapper\">\n\t<div class=\"wpb_text_column wpb_content_element\" >\n\t\t<div class=\"wpb_wrapper\">\n\t\t\t<h2>Letar du efter alternativ till Monday.com?<\/h2>\n<p>Vi pratar regelbundet med m\u00e4nniskor som utv\u00e4rderar olika programvarualternativ f\u00f6r resursplanering och resursallokering. Deras val kokar ofta ner till en fr\u00e5ga: <strong>\u00c4r du mer bekv\u00e4m med ett h\u00f6gspecialiserat verktyg f\u00f6r att ta itu med den h\u00e4r uppgiften eller skulle du hellre anv\u00e4nda en mer allround-app?<\/strong><\/p>\n<p style=\"text-align: justify;\">Teamdeck handlar om resurshantering. Det kombinerar funktioner f\u00f6r schemal\u00e4ggning av anst\u00e4llda, tidssp\u00e5rning och fr\u00e5nvarohantering. Dessutom f\u00e5r du tillg\u00e5ng till ett omfattande analysavsnitt som l\u00e5ter dig analysera ditt teams produktivitet, \u00f6vervaka tidtabeller och generera kundrapporter.<\/p>\n<p style=\"text-align: justify;\">Monday.com \u00e4r ett visuellt samarbetsverktyg med gott om utrymme f\u00f6r anpassning. Du kan anv\u00e4nda det f\u00f6r en m\u00e4ngd olika \u00e4ndam\u00e5l: fr\u00e5n projektledning till f\u00f6rs\u00e4ljning och f\u00f6retagsledning eller utveckling. Det kommer dock med en brantare prislapp.<\/p>\n\n\t\t<\/div>\n\t<\/div>\n<\/div><\/div><\/div><\/div><div class=\"vc_row wpb_row vc_row-fluid redl-row-section padding-small bgv-default bgh-default halign-default\"><div class=\"wpb_column vc_column_container text-left vc_col-sm-12 padding-default bgv-default bgh-default halign-default\"><div class=\"vc_column-inner\"><div class=\"wpb_wrapper\">\n\t<div class=\"wpb_text_column wpb_content_element\" >\n\t\t<div class=\"wpb_wrapper\">\n\t\t\t<h2 style=\"text-align: center;\"><strong>3 sk\u00e4l till varf\u00f6r f\u00f6retag \u00e4lskar Teamdeck <a href=\"https:\/\/teamdeck.io\/sv\/\">programvara f\u00f6r resursplanering<\/a><\/strong><\/h2>\n\n\t\t<\/div>\n\t<\/div>\n<\/div><\/div><\/div><\/div><div class=\"vc_row wpb_row vc_row-fluid redl-row-section use-cases-title vc_custom_1582120251302 padding-default bgv-default bgh-default halign-default\"><div class=\"wpb_column vc_column_container text-left vc_col-sm-4 padding-default bgv-default bgh-default halign-default\"><div class=\"vc_column-inner\"><div class=\"wpb_wrapper\">\n\t<div class=\"wpb_text_column wpb_content_element\" >\n\t\t<div class=\"wpb_wrapper\">\n\t\t\t<p style=\"text-align: center;\"><strong><span class=\"text-title column-title\">F\u00f6rdjupad resurshantering<\/span><\/strong><\/p>\n<p style=\"text-align: center;\">Vi vet att effektiv resurshantering kan g\u00f6ra ditt f\u00f6retag mer l\u00f6nsamt. Det \u00e4r d\u00e4rf\u00f6r vi erbjuder funktioner som hj\u00e4lper dig att uppn\u00e5 optimal produktivitet och samtidigt bibeh\u00e5lla teamets lycka. Med Teamdeck kan du gr\u00e4va djupare i ditt teams dagliga arbete och optimera olika delar av teamets arbetsfl\u00f6de.<\/p>\n\n\t\t<\/div>\n\t<\/div>\n<\/div><\/div><\/div><div class=\"wpb_column vc_column_container text-left vc_col-sm-4 padding-default bgv-default bgh-default halign-default\"><div class=\"vc_column-inner\"><div class=\"wpb_wrapper\">\n\t<div class=\"wpb_text_column wpb_content_element\" >\n\t\t<div class=\"wpb_wrapper\">\n\t\t\t<h3 style=\"text-align: center;\"><span class=\"text-title column-title\">Redo att anv\u00e4ndas direkt ur l\u00e5dan<\/span><\/h3>\n<p style=\"text-align: center;\">Du beh\u00f6ver inte l\u00e4gga tid p\u00e5 att bygga arbetsfl\u00f6den och instrumentpaneler: v\u00e5r app inneh\u00e5ller allt du beh\u00f6ver f\u00f6r att planera ditt teams arbete och m\u00e4ta deras resultat. Skapa ett konto och bjud in dina teammedlemmar. <strong>Teamdeck kommer att g\u00f6ra skillnad f\u00f6r teamledningsledare och teammedlemmar fr\u00e5n dag 1. <\/strong><\/p>\n\n\t\t<\/div>\n\t<\/div>\n<\/div><\/div><\/div><div class=\"wpb_column vc_column_container text-left vc_col-sm-4 padding-default bgv-default bgh-default halign-default\"><div class=\"vc_column-inner\"><div class=\"wpb_wrapper\">\n\t<div class=\"wpb_text_column wpb_content_element\" >\n\t\t<div class=\"wpb_wrapper\">\n\t\t\t<h3 style=\"text-align: center;\"><span class=\"text-title column-title\">Support i v\u00e4rldsklass<\/span><\/h3>\n<p style=\"text-align: center;\">Vi vill att du ska <strong>f\u00e5 ut s\u00e5 mycket v\u00e4rde som m\u00f6jligt av Teamdeck<\/strong>. Vi g\u00e5r igenom produkten och organiserar ett onboarding-samtal f\u00f6r ditt team. Beh\u00f6ver du hj\u00e4lp med n\u00e5got annat? Vi erbjuder prioriterad support n\u00e4r du beh\u00f6ver det.<\/p>\n\n\t\t<\/div>\n\t<\/div>\n<\/div><\/div><\/div><\/div><div class=\"vc_row wpb_row vc_row-fluid redl-row-section padding-default bgv-default bgh-default halign-default\"><div class=\"wpb_column vc_column_container text-left vc_col-sm-12 padding-default bgv-default bgh-default halign-default\"><div class=\"vc_column-inner\"><div class=\"wpb_wrapper\"><\/div><\/div><\/div><\/div><div class=\"vc_row wpb_row vc_row-fluid redl-row-section padding-default bgv-default bgh-default halign-default\"><div class=\"wpb_column vc_column_container text-left vc_col-sm-12 padding-default bgv-default bgh-default halign-default\"><div class=\"vc_column-inner\"><div class=\"wpb_wrapper\">\n\t<div class=\"wpb_text_column wpb_content_element\" >\n\t\t<div class=\"wpb_wrapper\">\n\t\t\t<h2 class=\"ql-align-center\" style=\"text-align: center;\">Teamdeck som en <a href=\"https:\/\/teamdeck.io\/sv\/\">verktyg f\u00f6r uppgiftshantering<\/a> \u00e4r i sikte f\u00f6r m\u00e5nga v\u00e4lk\u00e4nda enheter som letar efter Monday.com-alternativ<\/h2>\n\n\t\t<\/div>\n\t<\/div>\n<\/div><\/div><\/div><\/div><div class=\"vc_row wpb_row vc_row-fluid redl-row-section padding-default bgv-default bgh-default halign-default\"><div class=\"wpb_column vc_column_container text-left vc_col-sm-12 padding-default bgv-default bgh-default halign-default\"><div class=\"vc_column-inner vc_custom_1583774752686\"><div class=\"wpb_wrapper\"><form class=\"get-started-form\" action=\"\">\n  <div class=\"get-started-form__input-wrapper\">\n    <input class=\"get-started-form__input\" placeholder=\"Ange din e-postadress\" \/>\n  <\/div>\n  <button type=\"submit\" class=\"get-started-form__button\">\n    <span class=\"get-started-form__button-text\">F\u00e5 en 14-dagars GRATIS provperiod<\/>\n  <\/button>\n  <button class=\"get-started-form__button\">\n    <span class=\"get-started-form__button-text\">Ogiltig e-post<\/>\n  <\/button>\n<input type=\"hidden\" name=\"trp-form-language\" value=\"sv\"\/><\/form>\n<\/div><\/div><\/div><\/div>","protected":false},"excerpt":{"rendered":"Teamdeck vs Monday.com Teamdeck \u00e4r en resursplaneringsprogramvara som anv\u00e4nds f\u00f6r att hantera resurser och planera scheman. Det \u00e4r ett laserfokuserat verktyg som anv\u00e4nds av b\u00e5de sm\u00e5 byr\u00e5er och stora organisationer. Av f\u00f6retag fr\u00e5n teknik, som fr\u00e5n reklam och ...","protected":false},"author":17,"featured_media":0,"parent":0,"menu_order":0,"comment_status":"closed","ping_status":"closed","template":"","meta":{"footnotes":""},"class_list":["post-5784","page","type-page","status-publish","hentry"],"yoast_head":"<!-- This site is optimized with the Yoast SEO Premium plugin v23.8 (Yoast SEO v24.3) - https:\/\/yoast.com\/wordpress\/plugins\/seo\/ -->\n<title>Monday.com Alternatives - Teamdeck.io - Resource Management Software<\/title>\n<meta name=\"description\" content=\"Teamdeck.io resource management software is in use by Stormind Games, Circus Maximus, Hill-Knowlton, etc. We replaced Monday many times.\" \/>\n<meta name=\"robots\" content=\"index, follow, max-snippet:-1, max-image-preview:large, max-video-preview:-1\" \/>\n<link rel=\"canonical\" href=\"https:\/\/teamdeck.io\/sv\/teamdeck-vs-mandag\/\" \/>\n<meta property=\"og:locale\" content=\"sv_SE\" \/>\n<meta property=\"og:type\" content=\"article\" \/>\n<meta property=\"og:title\" content=\"Teamdeck vs Monday.com\" \/>\n<meta property=\"og:description\" content=\"Teamdeck.io resource management software is in use by Stormind Games, Circus Maximus, Hill-Knowlton, etc. We replaced Monday many times.\" \/>\n<meta property=\"og:url\" content=\"https:\/\/teamdeck.io\/sv\/teamdeck-vs-mandag\/\" \/>\n<meta property=\"og:site_name\" content=\"Teamdeck\" \/>\n<meta property=\"article:publisher\" content=\"https:\/\/www.facebook.com\/helloteamdeck\" \/>\n<meta property=\"article:modified_time\" content=\"2021-12-16T17:38:46+00:00\" \/>\n<meta property=\"og:image\" content=\"https:\/\/teamdeck.io\/wp-content\/uploads\/2020\/03\/Untitled-design-2-300x250.png\" \/>\n<meta name=\"twitter:card\" content=\"summary_large_image\" \/>\n<meta name=\"twitter:site\" content=\"@helloteamdeck\" \/>\n<meta name=\"twitter:label1\" content=\"Est. reading time\" \/>\n\t<meta name=\"twitter:data1\" content=\"3 minutes\" \/>\n<script type=\"application\/ld+json\" class=\"yoast-schema-graph\">{\"@context\":\"https:\/\/schema.org\",\"@graph\":[{\"@type\":\"WebPage\",\"@id\":\"https:\/\/teamdeck.io\/teamdeck-vs-monday\/\",\"url\":\"https:\/\/teamdeck.io\/teamdeck-vs-monday\/\",\"name\":\"Monday.com Alternatives - Teamdeck.io - Resource Management Software\",\"isPartOf\":{\"@id\":\"https:\/\/teamdeck.io\/#website\"},\"primaryImageOfPage\":{\"@id\":\"https:\/\/teamdeck.io\/teamdeck-vs-monday\/#primaryimage\"},\"image\":{\"@id\":\"https:\/\/teamdeck.io\/teamdeck-vs-monday\/#primaryimage\"},\"thumbnailUrl\":\"https:\/\/teamdeck.io\/wp-content\/uploads\/2020\/03\/Untitled-design-2-300x250.png\",\"datePublished\":\"2020-03-10T19:48:14+00:00\",\"dateModified\":\"2021-12-16T17:38:46+00:00\",\"description\":\"Teamdeck.io resource management software is in use by Stormind Games, Circus Maximus, Hill-Knowlton, etc. We replaced Monday many times.\",\"breadcrumb\":{\"@id\":\"https:\/\/teamdeck.io\/teamdeck-vs-monday\/#breadcrumb\"},\"inLanguage\":\"sv-SE\",\"potentialAction\":[{\"@type\":\"ReadAction\",\"target\":[\"https:\/\/teamdeck.io\/teamdeck-vs-monday\/\"]}]},{\"@type\":\"ImageObject\",\"inLanguage\":\"sv-SE\",\"@id\":\"https:\/\/teamdeck.io\/teamdeck-vs-monday\/#primaryimage\",\"url\":\"https:\/\/teamdeck.io\/wp-content\/uploads\/2020\/03\/Untitled-design-2-300x250.png\",\"contentUrl\":\"https:\/\/teamdeck.io\/wp-content\/uploads\/2020\/03\/Untitled-design-2-300x250.png\"},{\"@type\":\"BreadcrumbList\",\"@id\":\"https:\/\/teamdeck.io\/teamdeck-vs-monday\/#breadcrumb\",\"itemListElement\":[{\"@type\":\"ListItem\",\"position\":1,\"name\":\"Home\",\"item\":\"https:\/\/teamdeck.io\/\"},{\"@type\":\"ListItem\",\"position\":2,\"name\":\"Teamdeck vs Monday.com\"}]},{\"@type\":\"WebSite\",\"@id\":\"https:\/\/teamdeck.io\/#website\",\"url\":\"https:\/\/teamdeck.io\/\",\"name\":\"Teamdeck\",\"description\":\"resource scheduling + time tracking + leave management\",\"potentialAction\":[{\"@type\":\"SearchAction\",\"target\":{\"@type\":\"EntryPoint\",\"urlTemplate\":\"https:\/\/teamdeck.io\/?s={search_term_string}\"},\"query-input\":{\"@type\":\"PropertyValueSpecification\",\"valueRequired\":true,\"valueName\":\"search_term_string\"}}],\"inLanguage\":\"sv-SE\"}]}<\/script>\n<!-- \/ Yoast SEO Premium plugin. -->","yoast_head_json":{"title":"Monday.com Alternatives - Teamdeck.io - Resource Management Software","description":"Teamdeck.io resource management software is in use by Stormind Games, Circus Maximus, Hill-Knowlton, etc. We replaced Monday many times.","robots":{"index":"index","follow":"follow","max-snippet":"max-snippet:-1","max-image-preview":"max-image-preview:large","max-video-preview":"max-video-preview:-1"},"canonical":"https:\/\/teamdeck.io\/sv\/teamdeck-vs-mandag\/","og_locale":"sv_SE","og_type":"article","og_title":"Teamdeck vs Monday.com","og_description":"Teamdeck.io resource management software is in use by Stormind Games, Circus Maximus, Hill-Knowlton, etc. We replaced Monday many times.","og_url":"https:\/\/teamdeck.io\/sv\/teamdeck-vs-mandag\/","og_site_name":"Teamdeck","article_publisher":"https:\/\/www.facebook.com\/helloteamdeck","article_modified_time":"2021-12-16T17:38:46+00:00","og_image":[{"url":"https:\/\/teamdeck.io\/wp-content\/uploads\/2020\/03\/Untitled-design-2-300x250.png","type":"","width":"","height":""}],"twitter_card":"summary_large_image","twitter_site":"@helloteamdeck","twitter_misc":{"Est. reading time":"3 minutes"},"schema":{"@context":"https:\/\/schema.org","@graph":[{"@type":"WebPage","@id":"https:\/\/teamdeck.io\/teamdeck-vs-monday\/","url":"https:\/\/teamdeck.io\/teamdeck-vs-monday\/","name":"Monday.com Alternatives - Teamdeck.io - Resource Management Software","isPartOf":{"@id":"https:\/\/teamdeck.io\/#website"},"primaryImageOfPage":{"@id":"https:\/\/teamdeck.io\/teamdeck-vs-monday\/#primaryimage"},"image":{"@id":"https:\/\/teamdeck.io\/teamdeck-vs-monday\/#primaryimage"},"thumbnailUrl":"https:\/\/teamdeck.io\/wp-content\/uploads\/2020\/03\/Untitled-design-2-300x250.png","datePublished":"2020-03-10T19:48:14+00:00","dateModified":"2021-12-16T17:38:46+00:00","description":"Teamdeck.io resource management software is in use by Stormind Games, Circus Maximus, Hill-Knowlton, etc. We replaced Monday many times.","breadcrumb":{"@id":"https:\/\/teamdeck.io\/teamdeck-vs-monday\/#breadcrumb"},"inLanguage":"sv-SE","potentialAction":[{"@type":"ReadAction","target":["https:\/\/teamdeck.io\/teamdeck-vs-monday\/"]}]},{"@type":"ImageObject","inLanguage":"sv-SE","@id":"https:\/\/teamdeck.io\/teamdeck-vs-monday\/#primaryimage","url":"https:\/\/teamdeck.io\/wp-content\/uploads\/2020\/03\/Untitled-design-2-300x250.png","contentUrl":"https:\/\/teamdeck.io\/wp-content\/uploads\/2020\/03\/Untitled-design-2-300x250.png"},{"@type":"BreadcrumbList","@id":"https:\/\/teamdeck.io\/teamdeck-vs-monday\/#breadcrumb","itemListElement":[{"@type":"ListItem","position":1,"name":"Home","item":"https:\/\/teamdeck.io\/"},{"@type":"ListItem","position":2,"name":"Teamdeck vs Monday.com"}]},{"@type":"WebSite","@id":"https:\/\/teamdeck.io\/#website","url":"https:\/\/teamdeck.io\/","name":"Teamdeck","description":"resource scheduling + time tracking + leave management","potentialAction":[{"@type":"SearchAction","target":{"@type":"EntryPoint","urlTemplate":"https:\/\/teamdeck.io\/?s={search_term_string}"},"query-input":{"@type":"PropertyValueSpecification","valueRequired":true,"valueName":"search_term_string"}}],"inLanguage":"sv-SE"}]}},"_links":{"self":[{"href":"https:\/\/teamdeck.io\/sv\/wp-json\/wp\/v2\/pages\/5784","targetHints":{"allow":["GET"]}}],"collection":[{"href":"https:\/\/teamdeck.io\/sv\/wp-json\/wp\/v2\/pages"}],"about":[{"href":"https:\/\/teamdeck.io\/sv\/wp-json\/wp\/v2\/types\/page"}],"author":[{"embeddable":true,"href":"https:\/\/teamdeck.io\/sv\/wp-json\/wp\/v2\/users\/17"}],"replies":[{"embeddable":true,"href":"https:\/\/teamdeck.io\/sv\/wp-json\/wp\/v2\/comments?post=5784"}],"version-history":[{"count":13,"href":"https:\/\/teamdeck.io\/sv\/wp-json\/wp\/v2\/pages\/5784\/revisions"}],"predecessor-version":[{"id":8163,"href":"https:\/\/teamdeck.io\/sv\/wp-json\/wp\/v2\/pages\/5784\/revisions\/8163"}],"wp:attachment":[{"href":"https:\/\/teamdeck.io\/sv\/wp-json\/wp\/v2\/media?parent=5784"}],"curies":[{"name":"wp","href":"https:\/\/api.w.org\/{rel}","templated":true}]}}