{"id":5727,"date":"2020-03-10T13:14:26","date_gmt":"2020-03-10T11:14:26","guid":{"rendered":"https:\/\/teamdeck.io\/?page_id=5727"},"modified":"2021-08-30T11:40:59","modified_gmt":"2021-08-30T09:40:59","slug":"benefits","status":"publish","type":"page","link":"https:\/\/teamdeck.io\/sv\/formaner\/","title":{"rendered":"F\u00f6rdelar"},"content":{"rendered":"<div data-vc-full-width=\"true\" data-vc-full-width-init=\"false\" class=\"vc_row wpb_row vc_row-fluid redl-row-section vc_custom_1547727116563 vc_row-has-fill vc_row-o-content-middle vc_row-flex padding-default bgv-default bgh-default halign-center\"><div class=\"wpb_column vc_column_container text-left vc_col-sm-4 padding-default bgv-default bgh-default halign-center\"><div class=\"vc_column-inner\"><div class=\"wpb_wrapper\">\n\t<div class=\"wpb_text_column wpb_content_element\" >\n\t\t<div class=\"wpb_wrapper\">\n\t\t\t<h1>Allt handlar om f\u00f6rm\u00e5ner<br \/>\n<span class=\"h2\"><br \/>\n<\/span><\/h1>\n<p>Teamdeck \u00e4r ett komplett verktyg f\u00f6r resurshantering.<br \/>\nL\u00e4r dig hur tidsregistrering, resursallokering och semesterhantering hj\u00e4lper ditt f\u00f6retag:<\/p>\n\n\t\t<\/div>\n\t<\/div>\n\n\t<div class=\"wpb_text_column wpb_content_element\" >\n\t\t<div class=\"wpb_wrapper\">\n\t\t\t<p style=\"text-align: left;\"><span class=\"arrow-link\"><a href=\"https:\/\/calendly.com\/adanielak\/teamdeck-demo\">Boka ett m\u00f6te<\/a><\/span><\/p>\n\n\t\t<\/div>\n\t<\/div>\n<\/div><\/div><\/div><div class=\"wpb_column vc_column_container text-right vc_col-sm-8 vc_col-has-fill padding-default bgv-default bgh-default halign-end\"><div class=\"vc_column-inner vc_custom_1547727481560\"><div class=\"wpb_wrapper\">\n\t<div class=\"wpb_text_column wpb_content_element  vc_custom_1582122422073 video-nocontrols\" >\n\t\t<div class=\"wpb_wrapper\">\n\t\t\t<p><img loading=\"lazy\" decoding=\"async\" class=\"aligncenter wp-image-5694 size-full\" src=\"https:\/\/cdn.teamdeck.io\/uploads\/website\/2020\/02\/19162648\/big-team.png\" alt=\"\" width=\"2512\" height=\"1436\" srcset=\"https:\/\/cdn.teamdeck.io\/uploads\/website\/2020\/02\/19162648\/big-team.png 2512w, https:\/\/cdn.teamdeck.io\/uploads\/website\/2020\/02\/19162648\/big-team-300x171.png 300w, https:\/\/cdn.teamdeck.io\/uploads\/website\/2020\/02\/19162648\/big-team-768x439.png 768w, https:\/\/cdn.teamdeck.io\/uploads\/website\/2020\/02\/19162648\/big-team-960x549.png 960w\" sizes=\"auto, (max-width: 2512px) 100vw, 2512px\" \/><\/p>\n\n\t\t<\/div>\n\t<\/div>\n<\/div><\/div><\/div><\/div><div class=\"vc_row-full-width vc_clearfix\"><\/div><div class=\"vc_row wpb_row vc_row-fluid redl-row-section use-cases-title vc_custom_1582120251302 padding-default bgv-default bgh-default halign-default\"><div class=\"wpb_column vc_column_container text-left vc_col-sm-4 padding-default bgv-default bgh-default halign-default\"><div class=\"vc_column-inner\"><div class=\"wpb_wrapper\">\n\t<div class=\"wpb_text_column wpb_content_element\" >\n\t\t<div class=\"wpb_wrapper\">\n\t\t\t<h3 style=\"text-align: center;\"><span class=\"text-title column-title\">Tidsuppf\u00f6ljning: <\/span><\/h3>\n<p style=\"text-align: center;\"><a href=\"https:\/\/teamdeck.io\/sv\/verktygslada\/berakna-anstalldas-loner-baserat-pa-deras-tidrapporter\/\">ber\u00e4kna l\u00f6n fr\u00e5n tidrapporter<\/a><br \/>\ng\u00f6ra b\u00e4ttre uppskattningar<br \/>\nl\u00e4r dig ditt produktivitetsm\u00f6nster<br \/>\n<a href=\"https:\/\/teamdeck.io\/sv\/projektledning\/hur-man-mater-resursutnyttjande\/\">sp\u00e5ra anv\u00e4ndning<\/a><br \/>\n<a href=\"https:\/\/teamdeck.io\/sv\/teamdeck\/mobil-tidrapportering\/\">Registrera din tid n\u00e4r du \u00e4r p\u00e5 spr\u00e5ng<\/a><br \/>\n<a href=\"https:\/\/teamdeck.io\/sv\/lycka-i-teamet\/transparens-i-projektet\/\">\u00f6ka transparensen<\/a><\/p>\n\n\t\t<\/div>\n\t<\/div>\n<\/div><\/div><\/div><div class=\"wpb_column vc_column_container text-left vc_col-sm-4 padding-default bgv-default bgh-default halign-default\"><div class=\"vc_column-inner\"><div class=\"wpb_wrapper\">\n\t<div class=\"wpb_text_column wpb_content_element\" >\n\t\t<div class=\"wpb_wrapper\">\n\t\t\t<h3 style=\"text-align: center;\"><span class=\"text-title column-title\">Resursf\u00f6rdelning:<\/span><\/h3>\n<p style=\"text-align: center;\">eliminera risker<br \/>\nh\u00e5lla tidsfrister<br \/>\nuppfylla kundernas behov<br \/>\ntilldela projekt beroende p\u00e5 tillg\u00e4nglighet<br \/>\nspara pengar<br \/>\n<a href=\"https:\/\/teamdeck.io\/sv\/projektledning\/hantering-av-arbetsbelastning-i-team\/\">hantera arbetsbelastningen<\/a><br \/>\n<a href=\"https:\/\/teamdeck.io\/sv\/projektledning\/hur-man-undviker-utbrandhet-bland-anstallda\/\">undvik utbr\u00e4ndhet bland anst\u00e4llda<\/a><\/p>\n\n\t\t<\/div>\n\t<\/div>\n<\/div><\/div><\/div><div class=\"wpb_column vc_column_container text-left vc_col-sm-4 padding-default bgv-default bgh-default halign-default\"><div class=\"vc_column-inner\"><div class=\"wpb_wrapper\">\n\t<div class=\"wpb_text_column wpb_content_element\" >\n\t\t<div class=\"wpb_wrapper\">\n\t\t\t<h3 style=\"text-align: center;\"><span class=\"text-title column-title\">Hantering av ledighet:<\/span><\/h3>\n<p style=\"text-align: center;\">minska kostnaderna<br \/>\neliminera fel<br \/>\nfatta v\u00e4lgrundade beslut<br \/>\neliminera ineffektiv kommunikation<br \/>\n<a href=\"https:\/\/teamdeck.io\/sv\/hr\/effektiv-franvarosparning\/\">h\u00e5lla koll p\u00e5 fr\u00e5nvaro och lediga dagar<\/a><\/p>\n\n\t\t<\/div>\n\t<\/div>\n<\/div><\/div><\/div><\/div><div data-vc-full-width=\"true\" data-vc-full-width-init=\"false\" class=\"vc_row wpb_row vc_row-fluid redl-row-section footer-message-row vc_custom_1574170946244 vc_row-has-fill vc_row-o-equal-height vc_row-o-content-middle vc_row-flex padding-medium bgv-default bgh-default halign-center\"><div class=\"wpb_column vc_column_container text-center vc_col-sm-12 vc_col-lg-8 vc_col-md-9 padding-default bgv-default bgh-default halign-default\"><div class=\"vc_column-inner vc_custom_1574338100280\"><div class=\"wpb_wrapper\">\n\t<div class=\"wpb_text_column wpb_content_element  vc_custom_1583774611383 footer-message-title\" >\n\t\t<div class=\"wpb_wrapper\">\n\t\t\t<p style=\"text-align: center;\">Du kan f\u00e5 allt.<br \/>\nEn plan, alla funktioner, fast pris:<br \/>\n$3,99 \/ Fullv\u00e4rdig medlem \/ m\u00e5nad<\/p>\n\n\t\t<\/div>\n\t<\/div>\n<\/div><\/div><\/div><\/div><div class=\"vc_row-full-width vc_clearfix\"><\/div><div class=\"vc_row wpb_row vc_row-fluid redl-row-section padding-default bgv-default bgh-default halign-default\"><div class=\"wpb_column vc_column_container text-left vc_col-sm-12 padding-default bgv-default bgh-default halign-default\"><div class=\"vc_column-inner\"><div class=\"wpb_wrapper\"><div class=\"pricing__container pricing-calculator\">\n\t<div class=\"pricing\">\n\t\t<div class=\"pricing__row pricing__main clearfix\">\n\t\t\t<div class=\"pricing__image-container\">\n\t\t\t\t<img decoding=\"async\" src=\"https:\/\/teamdeck.io\/wp-content\/themes\/teamdeck\/assets\/images\/pricing-startup.png\" alt=\"\" class=\"pricing__image pricing__image--startup\">\n\t\t\t\t<img decoding=\"async\" src=\"https:\/\/teamdeck.io\/wp-content\/themes\/teamdeck\/assets\/images\/pricing-business.png\" alt=\"\" class=\"pricing__image pricing__image--business visibility-hidden\">\n\t\t\t\t<img decoding=\"async\" src=\"https:\/\/teamdeck.io\/wp-content\/themes\/teamdeck\/assets\/images\/pricing-enterprise.png\" alt=\"\" class=\"pricing__image pricing__image--enterprise visibility-hidden\">\n\t\t\t<\/div>\n\t\t\t<div class=\"pricing__content-container\">\n\t\t\t\t<div class=\"pricing__slider-container pricing__slider-container--members\">\n\t\t\t\t\t<span class=\"pricing__slider-min-label\">1<\/span>\n\t\t\t\t\t<input type=\"range\" data-type=\"members\" class=\"pricing__range input--range\" value=\"1\" step=\"1\" min=\"1\" max=\"300\">\n\t\t\t\t\t<div class=\"pricing__slider-track\">\n\t\t\t\t\t\t<div class=\"pricing__slider-track--active\" style=\"max-width: 1%\"><\/div>\n\t\t\t\t\t<\/div>\n\t\t\t\t\t<span class=\"pricing__slider-max-label\">300+<\/span>\n\t\t\t\t<\/div>\n\t\t\t\t<div class=\"pricing__text-row pricing__text-row--members\">\n\t\t\t\t\t\t\t\t\t\t<span class=\"pricing__text pricing__text--slider pricing--mobile\">Jag har <strong><span class=\"pricing__members-amount\">1<\/span> Teamets medlemmar<\/strong> ombord<\/span>\n\t\t\t\t\t<span class=\"pricing__text pricing__text--desktop\">Hur m\u00e5nga personer har du ombord?<\/span>\n\t\t\t\t\t<input type=\"number\" class=\"pricing__input pricing__members\" value=\"1\" min=\"1\" max=\"300\">\n\t\t\t\t\t<div class=\"pricing__text-hint-container\">\n\t\t\t\t\t\t<strong class=\"pricing__text pricing__text--desktop pricing__text--bold\">Teamets medlemmar<\/strong>\n\t\t\t\t\t\t\t\t\t\t\t\t<div class=\"pricing__hint\"><div class=\"pricing__hint-text\">Full tillg\u00e5ng till appen, rekommenderas f\u00f6r chefer och anst\u00e4llda - 3.99$<\/div>?<\/div>\n\t\t\t\t\t<\/div>\n\t\t\t\t<\/div>\n\t\t\t\t<div class=\"pricing__text-row pricing__text-row--resources\">\n\t\t\t\t\t\t\t\t\t\t<span class=\"pricing__text pricing__text--slider pricing--mobile\">...och <strong><span class=\"pricing__resources-amount\">0<\/span> grundl\u00e4ggande resurser<\/strong><\/span>\n\n\t\t\t\t\t<span class=\"pricing__text pricing__text--desktop\">Du kan ocks\u00e5 l\u00e4gga till<\/span>\n\t\t\t\t\t<input type=\"number\" class=\"pricing__input pricing__resources\" value=\"0\" min=\"0\">\n\t\t\t\t\t<div class=\"pricing__text-hint-container\">\n\t\t\t\t\t\t<strong class=\"pricing__text pricing__text--desktop pricing__text--bold\">grundl\u00e4ggande resurser<\/strong>\n\t\t\t\t\t\t\t\t\t\t\t\t<div class=\"pricing__hint\"><div class=\"pricing__hint-text\">Ingen tillg\u00e5ng till appen, listad p\u00e5 resurskalendrar och tidrapporter - $1<\/div>?<\/div>\n\t\t\t\t\t<\/div>\n\t\t\t\t<\/div>\n\t\t\t\t<div class=\"pricing__slider-container pricing__slider-container--mobile pricing__slider-container--resources\">\n\t\t\t\t\t<span class=\"pricing__slider-min-label\">0<\/span>\n\t\t\t\t\t<input type=\"range\" data-type=\"resources\" class=\"pricing__range-resources input--range\" value=\"0\" step=\"1\" min=\"0\" max=\"300\">\n\t\t\t\t\t<div class=\"pricing__slider-track\">\n\t\t\t\t\t\t<div class=\"pricing__slider-track-resources--active\" style=\"max-width: 1%\"><\/div>\n\t\t\t\t\t<\/div>\n\t\t\t\t\t<span class=\"pricing__slider-max-label\">300+<\/span>\n\t\t\t\t<\/div>\n\t\t\t\t<div class=\"pricing__text-row pricing__text-row--plan\">\n\t\t\t\t\t<span class=\"pricing__text\">\n\t\t\t\t\tMin plan: <span class=\"pricing__plan\" data-startup-label=\"Startup plan\" data-business-label=\"Business plan\">Plan f\u00f6r uppstart<\/span> f\u00f6r <span class=\"pricing__price\">$<span class=\"pricing__price-value\">0.00<\/span><span class=\"pricing__price-time\">\/mo<\/span><\/span><br class=\"pricing__br\"> <span class=\"pricing__plan-text\" data-startup-message=\"free up to 2 team members\" data-business-message=\"7-day free trial, no credit card required\">frig\u00f6ra upp till 6 teammedlemmar<span>\t\t\t\t\t<\/span>\n\t\t\t\t<\/div>\n\t\t\t\t<div class=\"pricing__text-row pricing__text-row--enterprise hidden\">\n\t\t\t\t\t<span class=\"pricing__text\">Beh\u00f6ver du en st\u00f6rre plan? Kontakta oss f\u00f6r att prata om <strong>f\u00f6retagsalternativ!<\/strong><\/span>\n\t\t\t\t<\/div>\n\t\t\t<\/div>\n\t\t<\/div>\n\t\t<div class=\"pricing__row pricing__row--center pricing__row--button clearfix\">\n\t\t\t<div class=\"pricing__individual hidden\">\n\t\t\t\t<a href=\"mailto:contact@teamdeck.io?subject=Enterprise Pricing\" class=\"pricing-mail pricing__button redl-btn redl-btn-medium redl-btn-two\">Kontakta oss<\/a>\n\t\t\t\t<small class=\"pricing__individual-text\">L\u00e5t oss s\u00e4tta upp en individuell plan<\/small>\n\t\t\t<\/div>\n\t\t<\/div>\n\t<\/div>\n<\/div>\n<\/div><\/div><\/div><\/div><div class=\"vc_row wpb_row vc_row-fluid redl-row-section padding-default bgv-default bgh-default halign-default\"><div class=\"wpb_column vc_column_container text-left vc_col-sm-12 padding-default bgv-default bgh-default halign-default\"><div class=\"vc_column-inner vc_custom_1583774752686\"><div class=\"wpb_wrapper\"><form class=\"get-started-form\" action=\"\">\n  <div class=\"get-started-form__input-wrapper\">\n    <input class=\"get-started-form__input\" placeholder=\"Ange din e-postadress\" \/>\n  <\/div>\n  <button type=\"submit\" class=\"get-started-form__button\">\n    <span class=\"get-started-form__button-text\">F\u00e5 en 14-dagars GRATIS provperiod<\/>\n  <\/button>\n  <button class=\"get-started-form__button\">\n    <span class=\"get-started-form__button-text\">Ogiltig e-post<\/>\n  <\/button>\n<input type=\"hidden\" name=\"trp-form-language\" value=\"sv\"\/><\/form>\n<\/div><\/div><\/div><\/div>","protected":false},"excerpt":{"rendered":"Allt handlar om f\u00f6rdelar Teamdeck \u00e4r ett komplett verktyg f\u00f6r resurshantering. L\u00e4r dig hur tidrapportering, resursallokering och semesterhantering hj\u00e4lper ditt f\u00f6retag: Boka ett m\u00f6te Tidrapportering: ber\u00e4kna l\u00f6n fr\u00e5n tidrapporter g\u00f6ra b\u00e4ttre uppskattningar l\u00e4ra dig mer om din...","protected":false},"author":17,"featured_media":0,"parent":0,"menu_order":0,"comment_status":"closed","ping_status":"closed","template":"","meta":{"footnotes":""},"class_list":["post-5727","page","type-page","status-publish","hentry"],"yoast_head":"<!-- This site is optimized with the Yoast SEO Premium plugin v23.8 (Yoast SEO v24.3) - https:\/\/yoast.com\/wordpress\/plugins\/seo\/ -->\n<title>Benefits - Teamdeck<\/title>\n<meta name=\"robots\" content=\"index, follow, max-snippet:-1, max-image-preview:large, max-video-preview:-1\" \/>\n<link rel=\"canonical\" href=\"https:\/\/teamdeck.io\/sv\/formaner\/\" \/>\n<meta property=\"og:locale\" content=\"sv_SE\" \/>\n<meta property=\"og:type\" content=\"article\" \/>\n<meta property=\"og:title\" content=\"Benefits\" \/>\n<meta property=\"og:url\" content=\"https:\/\/teamdeck.io\/sv\/formaner\/\" \/>\n<meta property=\"og:site_name\" content=\"Teamdeck\" \/>\n<meta property=\"article:publisher\" content=\"https:\/\/www.facebook.com\/helloteamdeck\" \/>\n<meta property=\"article:modified_time\" content=\"2021-08-30T09:40:59+00:00\" \/>\n<meta property=\"og:image\" content=\"https:\/\/teamdeck.io\/wp-content\/uploads\/2020\/02\/big-team.png\" \/>\n<meta name=\"twitter:card\" content=\"summary_large_image\" \/>\n<meta name=\"twitter:site\" content=\"@helloteamdeck\" \/>\n<meta name=\"twitter:label1\" content=\"Est. reading time\" \/>\n\t<meta name=\"twitter:data1\" content=\"1 minute\" \/>\n<script type=\"application\/ld+json\" class=\"yoast-schema-graph\">{\"@context\":\"https:\/\/schema.org\",\"@graph\":[{\"@type\":\"WebPage\",\"@id\":\"https:\/\/teamdeck.io\/benefits\/\",\"url\":\"https:\/\/teamdeck.io\/benefits\/\",\"name\":\"Benefits - Teamdeck\",\"isPartOf\":{\"@id\":\"https:\/\/teamdeck.io\/#website\"},\"primaryImageOfPage\":{\"@id\":\"https:\/\/teamdeck.io\/benefits\/#primaryimage\"},\"image\":{\"@id\":\"https:\/\/teamdeck.io\/benefits\/#primaryimage\"},\"thumbnailUrl\":\"https:\/\/teamdeck.io\/wp-content\/uploads\/2020\/02\/big-team.png\",\"datePublished\":\"2020-03-10T11:14:26+00:00\",\"dateModified\":\"2021-08-30T09:40:59+00:00\",\"breadcrumb\":{\"@id\":\"https:\/\/teamdeck.io\/benefits\/#breadcrumb\"},\"inLanguage\":\"sv-SE\",\"potentialAction\":[{\"@type\":\"ReadAction\",\"target\":[\"https:\/\/teamdeck.io\/benefits\/\"]}]},{\"@type\":\"ImageObject\",\"inLanguage\":\"sv-SE\",\"@id\":\"https:\/\/teamdeck.io\/benefits\/#primaryimage\",\"url\":\"https:\/\/teamdeck.io\/wp-content\/uploads\/2020\/02\/big-team.png\",\"contentUrl\":\"https:\/\/teamdeck.io\/wp-content\/uploads\/2020\/02\/big-team.png\"},{\"@type\":\"BreadcrumbList\",\"@id\":\"https:\/\/teamdeck.io\/benefits\/#breadcrumb\",\"itemListElement\":[{\"@type\":\"ListItem\",\"position\":1,\"name\":\"Home\",\"item\":\"https:\/\/teamdeck.io\/\"},{\"@type\":\"ListItem\",\"position\":2,\"name\":\"Benefits\"}]},{\"@type\":\"WebSite\",\"@id\":\"https:\/\/teamdeck.io\/#website\",\"url\":\"https:\/\/teamdeck.io\/\",\"name\":\"Teamdeck\",\"description\":\"resource scheduling + time tracking + leave management\",\"potentialAction\":[{\"@type\":\"SearchAction\",\"target\":{\"@type\":\"EntryPoint\",\"urlTemplate\":\"https:\/\/teamdeck.io\/?s={search_term_string}\"},\"query-input\":{\"@type\":\"PropertyValueSpecification\",\"valueRequired\":true,\"valueName\":\"search_term_string\"}}],\"inLanguage\":\"sv-SE\"}]}<\/script>\n<!-- \/ Yoast SEO Premium plugin. -->","yoast_head_json":{"title":"Benefits - Teamdeck","robots":{"index":"index","follow":"follow","max-snippet":"max-snippet:-1","max-image-preview":"max-image-preview:large","max-video-preview":"max-video-preview:-1"},"canonical":"https:\/\/teamdeck.io\/sv\/formaner\/","og_locale":"sv_SE","og_type":"article","og_title":"Benefits","og_url":"https:\/\/teamdeck.io\/sv\/formaner\/","og_site_name":"Teamdeck","article_publisher":"https:\/\/www.facebook.com\/helloteamdeck","article_modified_time":"2021-08-30T09:40:59+00:00","og_image":[{"url":"https:\/\/teamdeck.io\/wp-content\/uploads\/2020\/02\/big-team.png","type":"","width":"","height":""}],"twitter_card":"summary_large_image","twitter_site":"@helloteamdeck","twitter_misc":{"Est. reading time":"1 minute"},"schema":{"@context":"https:\/\/schema.org","@graph":[{"@type":"WebPage","@id":"https:\/\/teamdeck.io\/benefits\/","url":"https:\/\/teamdeck.io\/benefits\/","name":"Benefits - Teamdeck","isPartOf":{"@id":"https:\/\/teamdeck.io\/#website"},"primaryImageOfPage":{"@id":"https:\/\/teamdeck.io\/benefits\/#primaryimage"},"image":{"@id":"https:\/\/teamdeck.io\/benefits\/#primaryimage"},"thumbnailUrl":"https:\/\/teamdeck.io\/wp-content\/uploads\/2020\/02\/big-team.png","datePublished":"2020-03-10T11:14:26+00:00","dateModified":"2021-08-30T09:40:59+00:00","breadcrumb":{"@id":"https:\/\/teamdeck.io\/benefits\/#breadcrumb"},"inLanguage":"sv-SE","potentialAction":[{"@type":"ReadAction","target":["https:\/\/teamdeck.io\/benefits\/"]}]},{"@type":"ImageObject","inLanguage":"sv-SE","@id":"https:\/\/teamdeck.io\/benefits\/#primaryimage","url":"https:\/\/teamdeck.io\/wp-content\/uploads\/2020\/02\/big-team.png","contentUrl":"https:\/\/teamdeck.io\/wp-content\/uploads\/2020\/02\/big-team.png"},{"@type":"BreadcrumbList","@id":"https:\/\/teamdeck.io\/benefits\/#breadcrumb","itemListElement":[{"@type":"ListItem","position":1,"name":"Home","item":"https:\/\/teamdeck.io\/"},{"@type":"ListItem","position":2,"name":"Benefits"}]},{"@type":"WebSite","@id":"https:\/\/teamdeck.io\/#website","url":"https:\/\/teamdeck.io\/","name":"Teamdeck","description":"resource scheduling + time tracking + leave management","potentialAction":[{"@type":"SearchAction","target":{"@type":"EntryPoint","urlTemplate":"https:\/\/teamdeck.io\/?s={search_term_string}"},"query-input":{"@type":"PropertyValueSpecification","valueRequired":true,"valueName":"search_term_string"}}],"inLanguage":"sv-SE"}]}},"_links":{"self":[{"href":"https:\/\/teamdeck.io\/sv\/wp-json\/wp\/v2\/pages\/5727","targetHints":{"allow":["GET"]}}],"collection":[{"href":"https:\/\/teamdeck.io\/sv\/wp-json\/wp\/v2\/pages"}],"about":[{"href":"https:\/\/teamdeck.io\/sv\/wp-json\/wp\/v2\/types\/page"}],"author":[{"embeddable":true,"href":"https:\/\/teamdeck.io\/sv\/wp-json\/wp\/v2\/users\/17"}],"replies":[{"embeddable":true,"href":"https:\/\/teamdeck.io\/sv\/wp-json\/wp\/v2\/comments?post=5727"}],"version-history":[{"count":12,"href":"https:\/\/teamdeck.io\/sv\/wp-json\/wp\/v2\/pages\/5727\/revisions"}],"predecessor-version":[{"id":7722,"href":"https:\/\/teamdeck.io\/sv\/wp-json\/wp\/v2\/pages\/5727\/revisions\/7722"}],"wp:attachment":[{"href":"https:\/\/teamdeck.io\/sv\/wp-json\/wp\/v2\/media?parent=5727"}],"curies":[{"name":"wp","href":"https:\/\/api.w.org\/{rel}","templated":true}]}}