{"id":5722,"date":"2020-03-10T12:46:28","date_gmt":"2020-03-10T10:46:28","guid":{"rendered":"https:\/\/teamdeck.io\/?page_id=5722"},"modified":"2021-11-29T19:35:15","modified_gmt":"2021-11-29T17:35:15","slug":"teamdeck-vs-wrike","status":"publish","type":"page","link":"https:\/\/teamdeck.io\/sv\/teamdeck-vs-wrike\/","title":{"rendered":"Teamdeck vs Wrike"},"content":{"rendered":"<div data-vc-full-width=\"true\" data-vc-full-width-init=\"false\" class=\"vc_row wpb_row vc_row-fluid redl-row-section vc_custom_1547727116563 vc_row-has-fill vc_row-o-content-middle vc_row-flex padding-default bgv-default bgh-default halign-center\"><div class=\"wpb_column vc_column_container text-left vc_col-sm-4 padding-default bgv-default bgh-default halign-center\"><div class=\"vc_column-inner\"><div class=\"wpb_wrapper\">\n\t<div class=\"wpb_text_column wpb_content_element\" >\n\t\t<div class=\"wpb_wrapper\">\n\t\t\t<h1>Teamdeck vs Wrike<\/h1>\n<p>Beh\u00f6ver du en kraftfull <a href=\"https:\/\/teamdeck.io\/sv\/\" target=\"_blank\" rel=\"noopener noreferrer\">programvara f\u00f6r resurshantering<\/a>\u00a0f\u00f6r att planera och hantera ditt teams arbete, projektuppgifter eller verifiera projektresultat?<\/p>\n<p><strong>L\u00e4s mer om Wrike nedan<\/strong> eller ta reda p\u00e5 varf\u00f6r Teamdeck v\u00e4ljs av internationellt k\u00e4nda varum\u00e4rken som NTT Data, Circus Maximus eller Hill-Knowlton.<\/p>\n\n\t\t<\/div>\n\t<\/div>\n\n\t<div class=\"wpb_text_column wpb_content_element\" >\n\t\t<div class=\"wpb_wrapper\">\n\t\t\t<p style=\"text-align: left;\"><span class=\"arrow-link\"><a href=\"https:\/\/app.teamdeck.io\/register\">F\u00e5 en 30-dagars GRATIS provperiod<\/a><\/span><\/p>\n\n\t\t<\/div>\n\t<\/div>\n<\/div><\/div><\/div><div class=\"wpb_column vc_column_container text-center vc_col-sm-8 vc_col-has-fill padding-default bgv-default bgh-default halign-center\"><div class=\"vc_column-inner vc_custom_1583827482870\"><div class=\"wpb_wrapper\">\n\t<div class=\"wpb_text_column wpb_content_element  vc_custom_1638206980324 video-nocontrols\" >\n\t\t<div class=\"wpb_wrapper\">\n\t\t\t<p><img loading=\"lazy\" decoding=\"async\" class=\"alignnone wp-image-5758\" src=\"https:\/\/cdn.teamdeck.io\/uploads\/website\/2020\/03\/10100907\/Untitled-design-300x250.png\" alt=\"Teamdeck \u00e4r en del av en liten grupp av Wrike-alternativen som valts av m\u00e5nga projektledare\" width=\"600\" height=\"500\" srcset=\"https:\/\/cdn.teamdeck.io\/uploads\/website\/2020\/03\/10100907\/Untitled-design-300x250.png 300w, https:\/\/cdn.teamdeck.io\/uploads\/website\/2020\/03\/10100907\/Untitled-design-768x640.png 768w, https:\/\/cdn.teamdeck.io\/uploads\/website\/2020\/03\/10100907\/Untitled-design-960x800.png 960w, https:\/\/cdn.teamdeck.io\/uploads\/website\/2020\/03\/10100907\/Untitled-design.png 1800w\" sizes=\"auto, (max-width: 600px) 100vw, 600px\" \/><\/p>\n\n\t\t<\/div>\n\t<\/div>\n<\/div><\/div><\/div><\/div><div class=\"vc_row-full-width vc_clearfix\"><\/div><div class=\"vc_row wpb_row vc_row-fluid redl-row-section padding-default bgv-default bgh-default halign-default\"><div class=\"wpb_column vc_column_container text-left vc_col-sm-12 padding-default bgv-default bgh-default halign-default\"><div class=\"vc_column-inner\"><div class=\"wpb_wrapper\">\n\t<div class=\"wpb_text_column wpb_content_element\" >\n\t\t<div class=\"wpb_wrapper\">\n\t\t\t<h2>Letar du efter Wrike-alternativ?<\/h2>\n<p><span style=\"font-weight: 400;\">N\u00e4r du tittar p\u00e5 olika appar f\u00f6r resursschemal\u00e4ggning f\u00f6r att hantera flera projekt kommer du snabbt att m\u00e4rka att du v\u00e4ljer mellan appar som fokuserar p\u00e5 resurshantering och verktyg som syftar till att t\u00e4cka andra processer ocks\u00e5. Detta \u00e4r den st\u00f6rsta skillnaden mellan Wrike och Teamdeck.\u00a0<\/span><\/p>\n<p><span style=\"font-weight: 400;\">Wrike handlar om att ha ett enda kraftfullt kommandocenter. Du kan anv\u00e4nda det f\u00f6r projektledning, teamsamarbete eller f\u00f6r att arbeta med olika tillg\u00e5ngar.<\/span><b> Resursplaneringsallokering kan uppn\u00e5s med hj\u00e4lp av ett till\u00e4gg som heter Wrike Resource. <\/b><span style=\"font-weight: 400;\">Det h\u00e4r alternativet \u00e4r tillg\u00e4ngligt f\u00f6r Business-, Wrike for Marketers- och Enterprise-planer.\u00a0<\/span><\/p>\n<p><span style=\"font-weight: 400;\">Teamdeck, \u00e5 andra sidan, \u00e4r uteslutande inriktad p\u00e5 resurshantering. <\/span><b>Det kombinerar funktioner f\u00f6r schemal\u00e4ggning av anst\u00e4llda, tidsregistrering och fr\u00e5nvarohantering.<\/b><span style=\"font-weight: 400;\"> Dessutom f\u00e5r du tillg\u00e5ng till ett omfattande analysavsnitt som g\u00f6r att du kan analysera ditt teams produktivitet, \u00f6vervaka tidrapporter och skapa rapporter f\u00f6r kunder.\u00a0<\/span><\/p>\n\n\t\t<\/div>\n\t<\/div>\n<\/div><\/div><\/div><\/div><div class=\"vc_row wpb_row vc_row-fluid redl-row-section padding-small bgv-default bgh-default halign-default\"><div class=\"wpb_column vc_column_container text-left vc_col-sm-12 padding-default bgv-default bgh-default halign-default\"><div class=\"vc_column-inner\"><div class=\"wpb_wrapper\">\n\t<div class=\"wpb_text_column wpb_content_element\" >\n\t\t<div class=\"wpb_wrapper\">\n\t\t\t<h2 style=\"text-align: center;\"><strong>3 sk\u00e4l till varf\u00f6r f\u00f6retag \u00e4lskar Teamdeck som ett alternativ till Wrike<\/strong><\/h2>\n\n\t\t<\/div>\n\t<\/div>\n<\/div><\/div><\/div><\/div><div class=\"vc_row wpb_row vc_row-fluid redl-row-section use-cases-title vc_custom_1582120251302 padding-default bgv-default bgh-default halign-default\"><div class=\"wpb_column vc_column_container text-left vc_col-sm-4 padding-default bgv-default bgh-default halign-default\"><div class=\"vc_column-inner\"><div class=\"wpb_wrapper\">\n\t<div class=\"wpb_text_column wpb_content_element\" >\n\t\t<div class=\"wpb_wrapper\">\n\t\t\t<h2 style=\"text-align: center;\"><span class=\"text-title column-title\">Snabb och effektiv onboarding<\/span><\/h2>\n<p style=\"text-align: center;\">Teamdeck \u00e4r en enkel men kraftfull l\u00f6sning f\u00f6r arbetshantering - mycket popul\u00e4r bland Wrike-alternativ. Registrera dig, slutf\u00f6r en snabb produktturn\u00e9, anpassa ditt teams inst\u00e4llningar och importera dina data. Sedan \u00e4r det bara att k\u00f6ra: <strong>Teamdeck kommer att g\u00f6ra skillnad f\u00f6r ditt team fr\u00e5n dag 1.<\/strong><\/p>\n\n\t\t<\/div>\n\t<\/div>\n<\/div><\/div><\/div><div class=\"wpb_column vc_column_container text-left vc_col-sm-4 padding-default bgv-default bgh-default halign-default\"><div class=\"vc_column-inner\"><div class=\"wpb_wrapper\">\n\t<div class=\"wpb_text_column wpb_content_element\" >\n\t\t<div class=\"wpb_wrapper\">\n\t\t\t<h2 style=\"text-align: center;\"><span class=\"text-title column-title\">Support i v\u00e4rldsklass<\/span><\/h2>\n<p style=\"text-align: center;\">V\u00e5rt fokus \u00e4r att <strong>leverera v\u00e4rde fr\u00e5n det \u00f6gonblick du registrerar dig<\/strong>. Du f\u00e5r en personlig produktvisning, en onboarding-session med ditt team och prioriterad support n\u00e4r du beh\u00f6ver det. undvika utbr\u00e4ndhet bland medarbetarna.<\/p>\n\n\t\t<\/div>\n\t<\/div>\n<\/div><\/div><\/div><div class=\"wpb_column vc_column_container text-left vc_col-sm-4 padding-default bgv-default bgh-default halign-default\"><div class=\"vc_column-inner\"><div class=\"wpb_wrapper\">\n\t<div class=\"wpb_text_column wpb_content_element\" >\n\t\t<div class=\"wpb_wrapper\">\n\t\t\t<h2 style=\"text-align: center;\"><span class=\"text-title column-title\">Ett kundcentrerat f\u00f6retag<\/span><\/h2>\n<p style=\"text-align: center;\">N\u00e4r vi s\u00e4ger att vi h\u00f6r dig, menar vi det verkligen. <strong>Teamdecks f\u00e4rdplan \u00e4r baserad p\u00e5 den feedback vi f\u00e5r fr\u00e5n v\u00e5ra kunder.<\/strong> Kan du t\u00e4nka dig en funktion som skulle g\u00f6ra ditt arbetsliv mycket enklare? L\u00e5t oss definitivt veta det.<\/p>\n\n\t\t<\/div>\n\t<\/div>\n<\/div><\/div><\/div><\/div><div class=\"vc_row wpb_row vc_row-fluid redl-row-section padding-default bgv-default bgh-default halign-default\"><div class=\"wpb_column vc_column_container text-left vc_col-sm-12 padding-default bgv-default bgh-default halign-default\"><div class=\"vc_column-inner\"><div class=\"wpb_wrapper\">\n\t<div class=\"wpb_text_column wpb_content_element\" >\n\t\t<div class=\"wpb_wrapper\">\n\t\t\t<h2 style=\"text-align: center;\"><strong>Teamdeck.io \u00e4r ett <a href=\"https:\/\/teamdeck.io\/sv\/\">programvara f\u00f6r resursplanering<\/a>. L\u00e4r k\u00e4nna oss, vi \u00e4r utvalda av Stormind Games, Hill-Knowlton, Circus Maximus.<\/strong><\/h2>\n\n\t\t<\/div>\n\t<\/div>\n<\/div><\/div><\/div><\/div><div class=\"vc_row wpb_row vc_row-fluid redl-row-section padding-default bgv-default bgh-default halign-default\"><div class=\"wpb_column vc_column_container text-left vc_col-sm-12 padding-default bgv-default bgh-default halign-default\"><div class=\"vc_column-inner vc_custom_1583774752686\"><div class=\"wpb_wrapper\"><form class=\"get-started-form\" action=\"\">\n  <div class=\"get-started-form__input-wrapper\">\n    <input class=\"get-started-form__input\" placeholder=\"Ange din e-postadress\" \/>\n  <\/div>\n  <button type=\"submit\" class=\"get-started-form__button\">\n    <span class=\"get-started-form__button-text\">F\u00e5 en 14-dagars GRATIS provperiod<\/>\n  <\/button>\n  <button class=\"get-started-form__button\">\n    <span class=\"get-started-form__button-text\">Ogiltig e-post<\/>\n  <\/button>\n<input type=\"hidden\" name=\"trp-form-language\" value=\"sv\"\/><\/form>\n<\/div><\/div><\/div><\/div>","protected":false},"excerpt":{"rendered":"Teamdeck vs Wrike Beh\u00f6ver du en kraftfull programvara f\u00f6r resurshantering f\u00f6r att planera och hantera ditt teams arbete, projektuppgifter eller verifiera projektprestanda? L\u00e4s om Wrike nedan eller ta reda p\u00e5 varf\u00f6r Teamdeck v\u00e4ljs av internationellt k\u00e4nda varum\u00e4rken som ...","protected":false},"author":17,"featured_media":0,"parent":0,"menu_order":0,"comment_status":"closed","ping_status":"closed","template":"","meta":{"footnotes":""},"class_list":["post-5722","page","type-page","status-publish","hentry"],"yoast_head":"<!-- This site is optimized with the Yoast SEO Premium plugin v23.8 (Yoast SEO v24.3) - https:\/\/yoast.com\/wordpress\/plugins\/seo\/ -->\n<title>Wrike Alternatives - Teamdeck.io - Resource Management Software<\/title>\n<meta name=\"description\" content=\"Teamdeck.io resource management software is in use by Stormind Games, Circus Maximus, Hill-Knowlton, etc. We replaced Wrike many times.\" \/>\n<meta name=\"robots\" content=\"index, follow, max-snippet:-1, max-image-preview:large, max-video-preview:-1\" \/>\n<link rel=\"canonical\" href=\"https:\/\/teamdeck.io\/sv\/teamdeck-vs-wrike\/\" \/>\n<meta property=\"og:locale\" content=\"sv_SE\" \/>\n<meta property=\"og:type\" content=\"article\" \/>\n<meta property=\"og:title\" content=\"Teamdeck vs Wrike\" \/>\n<meta property=\"og:description\" content=\"Teamdeck.io resource management software is in use by Stormind Games, Circus Maximus, Hill-Knowlton, etc. We replaced Wrike many times.\" \/>\n<meta property=\"og:url\" content=\"https:\/\/teamdeck.io\/sv\/teamdeck-vs-wrike\/\" \/>\n<meta property=\"og:site_name\" content=\"Teamdeck\" \/>\n<meta property=\"article:publisher\" content=\"https:\/\/www.facebook.com\/helloteamdeck\" \/>\n<meta property=\"article:modified_time\" content=\"2021-11-29T17:35:15+00:00\" \/>\n<meta property=\"og:image\" content=\"https:\/\/teamdeck.io\/wp-content\/uploads\/2020\/03\/Untitled-design-300x250.png\" \/>\n<meta name=\"twitter:card\" content=\"summary_large_image\" \/>\n<meta name=\"twitter:site\" content=\"@helloteamdeck\" \/>\n<meta name=\"twitter:label1\" content=\"Est. reading time\" \/>\n\t<meta name=\"twitter:data1\" content=\"2 minutes\" \/>\n<script type=\"application\/ld+json\" class=\"yoast-schema-graph\">{\"@context\":\"https:\/\/schema.org\",\"@graph\":[{\"@type\":\"WebPage\",\"@id\":\"https:\/\/teamdeck.io\/teamdeck-vs-wrike\/\",\"url\":\"https:\/\/teamdeck.io\/teamdeck-vs-wrike\/\",\"name\":\"Wrike Alternatives - Teamdeck.io - Resource Management Software\",\"isPartOf\":{\"@id\":\"https:\/\/teamdeck.io\/#website\"},\"primaryImageOfPage\":{\"@id\":\"https:\/\/teamdeck.io\/teamdeck-vs-wrike\/#primaryimage\"},\"image\":{\"@id\":\"https:\/\/teamdeck.io\/teamdeck-vs-wrike\/#primaryimage\"},\"thumbnailUrl\":\"https:\/\/teamdeck.io\/wp-content\/uploads\/2020\/03\/Untitled-design-300x250.png\",\"datePublished\":\"2020-03-10T10:46:28+00:00\",\"dateModified\":\"2021-11-29T17:35:15+00:00\",\"description\":\"Teamdeck.io resource management software is in use by Stormind Games, Circus Maximus, Hill-Knowlton, etc. We replaced Wrike many times.\",\"breadcrumb\":{\"@id\":\"https:\/\/teamdeck.io\/teamdeck-vs-wrike\/#breadcrumb\"},\"inLanguage\":\"sv-SE\",\"potentialAction\":[{\"@type\":\"ReadAction\",\"target\":[\"https:\/\/teamdeck.io\/teamdeck-vs-wrike\/\"]}]},{\"@type\":\"ImageObject\",\"inLanguage\":\"sv-SE\",\"@id\":\"https:\/\/teamdeck.io\/teamdeck-vs-wrike\/#primaryimage\",\"url\":\"https:\/\/teamdeck.io\/wp-content\/uploads\/2020\/03\/Untitled-design-300x250.png\",\"contentUrl\":\"https:\/\/teamdeck.io\/wp-content\/uploads\/2020\/03\/Untitled-design-300x250.png\"},{\"@type\":\"BreadcrumbList\",\"@id\":\"https:\/\/teamdeck.io\/teamdeck-vs-wrike\/#breadcrumb\",\"itemListElement\":[{\"@type\":\"ListItem\",\"position\":1,\"name\":\"Home\",\"item\":\"https:\/\/teamdeck.io\/\"},{\"@type\":\"ListItem\",\"position\":2,\"name\":\"Teamdeck vs Wrike\"}]},{\"@type\":\"WebSite\",\"@id\":\"https:\/\/teamdeck.io\/#website\",\"url\":\"https:\/\/teamdeck.io\/\",\"name\":\"Teamdeck\",\"description\":\"resource scheduling + time tracking + leave management\",\"potentialAction\":[{\"@type\":\"SearchAction\",\"target\":{\"@type\":\"EntryPoint\",\"urlTemplate\":\"https:\/\/teamdeck.io\/?s={search_term_string}\"},\"query-input\":{\"@type\":\"PropertyValueSpecification\",\"valueRequired\":true,\"valueName\":\"search_term_string\"}}],\"inLanguage\":\"sv-SE\"}]}<\/script>\n<!-- \/ Yoast SEO Premium plugin. -->","yoast_head_json":{"title":"Wrike Alternatives - Teamdeck.io - Resource Management Software","description":"Teamdeck.io resource management software is in use by Stormind Games, Circus Maximus, Hill-Knowlton, etc. We replaced Wrike many times.","robots":{"index":"index","follow":"follow","max-snippet":"max-snippet:-1","max-image-preview":"max-image-preview:large","max-video-preview":"max-video-preview:-1"},"canonical":"https:\/\/teamdeck.io\/sv\/teamdeck-vs-wrike\/","og_locale":"sv_SE","og_type":"article","og_title":"Teamdeck vs Wrike","og_description":"Teamdeck.io resource management software is in use by Stormind Games, Circus Maximus, Hill-Knowlton, etc. We replaced Wrike many times.","og_url":"https:\/\/teamdeck.io\/sv\/teamdeck-vs-wrike\/","og_site_name":"Teamdeck","article_publisher":"https:\/\/www.facebook.com\/helloteamdeck","article_modified_time":"2021-11-29T17:35:15+00:00","og_image":[{"url":"https:\/\/teamdeck.io\/wp-content\/uploads\/2020\/03\/Untitled-design-300x250.png","type":"","width":"","height":""}],"twitter_card":"summary_large_image","twitter_site":"@helloteamdeck","twitter_misc":{"Est. reading time":"2 minutes"},"schema":{"@context":"https:\/\/schema.org","@graph":[{"@type":"WebPage","@id":"https:\/\/teamdeck.io\/teamdeck-vs-wrike\/","url":"https:\/\/teamdeck.io\/teamdeck-vs-wrike\/","name":"Wrike Alternatives - Teamdeck.io - Resource Management Software","isPartOf":{"@id":"https:\/\/teamdeck.io\/#website"},"primaryImageOfPage":{"@id":"https:\/\/teamdeck.io\/teamdeck-vs-wrike\/#primaryimage"},"image":{"@id":"https:\/\/teamdeck.io\/teamdeck-vs-wrike\/#primaryimage"},"thumbnailUrl":"https:\/\/teamdeck.io\/wp-content\/uploads\/2020\/03\/Untitled-design-300x250.png","datePublished":"2020-03-10T10:46:28+00:00","dateModified":"2021-11-29T17:35:15+00:00","description":"Teamdeck.io resource management software is in use by Stormind Games, Circus Maximus, Hill-Knowlton, etc. We replaced Wrike many times.","breadcrumb":{"@id":"https:\/\/teamdeck.io\/teamdeck-vs-wrike\/#breadcrumb"},"inLanguage":"sv-SE","potentialAction":[{"@type":"ReadAction","target":["https:\/\/teamdeck.io\/teamdeck-vs-wrike\/"]}]},{"@type":"ImageObject","inLanguage":"sv-SE","@id":"https:\/\/teamdeck.io\/teamdeck-vs-wrike\/#primaryimage","url":"https:\/\/teamdeck.io\/wp-content\/uploads\/2020\/03\/Untitled-design-300x250.png","contentUrl":"https:\/\/teamdeck.io\/wp-content\/uploads\/2020\/03\/Untitled-design-300x250.png"},{"@type":"BreadcrumbList","@id":"https:\/\/teamdeck.io\/teamdeck-vs-wrike\/#breadcrumb","itemListElement":[{"@type":"ListItem","position":1,"name":"Home","item":"https:\/\/teamdeck.io\/"},{"@type":"ListItem","position":2,"name":"Teamdeck vs Wrike"}]},{"@type":"WebSite","@id":"https:\/\/teamdeck.io\/#website","url":"https:\/\/teamdeck.io\/","name":"Teamdeck","description":"resource scheduling + time tracking + leave management","potentialAction":[{"@type":"SearchAction","target":{"@type":"EntryPoint","urlTemplate":"https:\/\/teamdeck.io\/?s={search_term_string}"},"query-input":{"@type":"PropertyValueSpecification","valueRequired":true,"valueName":"search_term_string"}}],"inLanguage":"sv-SE"}]}},"_links":{"self":[{"href":"https:\/\/teamdeck.io\/sv\/wp-json\/wp\/v2\/pages\/5722","targetHints":{"allow":["GET"]}}],"collection":[{"href":"https:\/\/teamdeck.io\/sv\/wp-json\/wp\/v2\/pages"}],"about":[{"href":"https:\/\/teamdeck.io\/sv\/wp-json\/wp\/v2\/types\/page"}],"author":[{"embeddable":true,"href":"https:\/\/teamdeck.io\/sv\/wp-json\/wp\/v2\/users\/17"}],"replies":[{"embeddable":true,"href":"https:\/\/teamdeck.io\/sv\/wp-json\/wp\/v2\/comments?post=5722"}],"version-history":[{"count":34,"href":"https:\/\/teamdeck.io\/sv\/wp-json\/wp\/v2\/pages\/5722\/revisions"}],"predecessor-version":[{"id":8158,"href":"https:\/\/teamdeck.io\/sv\/wp-json\/wp\/v2\/pages\/5722\/revisions\/8158"}],"wp:attachment":[{"href":"https:\/\/teamdeck.io\/sv\/wp-json\/wp\/v2\/media?parent=5722"}],"curies":[{"name":"wp","href":"https:\/\/api.w.org\/{rel}","templated":true}]}}