{"id":4719,"date":"2019-03-15T17:08:58","date_gmt":"2019-03-15T15:08:58","guid":{"rendered":"https:\/\/teamdeck.io\/?page_id=4719"},"modified":"2022-04-25T15:00:40","modified_gmt":"2022-04-25T13:00:40","slug":"utilization-report-template","status":"publish","type":"page","link":"https:\/\/teamdeck.io\/sv\/funktioner\/rapportering\/mall-for-nyttjanderapport\/","title":{"rendered":"Mall f\u00f6r m\u00e5natlig anv\u00e4ndningsrapport"},"content":{"rendered":"<div data-vc-full-width=\"true\" data-vc-full-width-init=\"false\" class=\"vc_row wpb_row vc_row-fluid redl-row-section vc_custom_1551262861481 vc_row-has-fill vc_row-o-content-middle vc_row-flex padding-default bgv-default bgh-default halign-center\"><div class=\"wpb_column vc_column_container text-left vc_col-sm-12 padding-default bgv-default bgh-default halign-center\"><div class=\"vc_column-inner\"><div class=\"wpb_wrapper\">\n\t<div class=\"wpb_text_column wpb_content_element\" >\n\t\t<div class=\"wpb_wrapper\">\n\t\t\t<h1 style=\"text-align: center;\">Mall f\u00f6r m\u00e5natlig anv\u00e4ndningsrapport<\/h1>\n\n\t\t<\/div>\n\t<\/div>\n<\/div><\/div><\/div><\/div><div class=\"vc_row-full-width vc_clearfix\"><\/div><div class=\"vc_row wpb_row vc_row-fluid redl-row-section padding-default bgv-default bgh-default halign-default\"><div class=\"wpb_column vc_column_container text-center vc_col-sm-12 padding-default bgv-default bgh-default halign-default\"><div class=\"vc_column-inner\"><div class=\"wpb_wrapper\">\n\t<div  class=\"wpb_single_image wpb_content_element vc_align_center\">\n\t\t\n\t\t<figure class=\"wpb_wrapper vc_figure\">\n\t\t\t<div class=\"vc_single_image-wrapper   vc_box_border_grey\"><img loading=\"lazy\" decoding=\"async\" width=\"2400\" height=\"874\" src=\"https:\/\/cdn.teamdeck.io\/uploads\/website\/2022\/03\/02200010\/Utilization-report.jpeg\" class=\"vc_single_image-img attachment-full\" alt=\"Online-programvara f\u00f6r tidsredovisning med mall f\u00f6r utnyttjanderapport\" \/><\/div>\n\t\t<\/figure>\n\t<\/div>\n<\/div><\/div><\/div><\/div><div class=\"vc_row wpb_row vc_row-fluid redl-row-section padding-medium bgv-default bgh-default halign-default\"><div class=\"wpb_column vc_column_container text-center vc_col-sm-12 padding-default bgv-default bgh-default halign-default\"><div class=\"vc_column-inner\"><div class=\"wpb_wrapper\">\n\t<div class=\"wpb_text_column wpb_content_element\" >\n\t\t<div class=\"wpb_wrapper\">\n\t\t\t<p><span style=\"font-size: 18px;\">En rapport om teamutnyttjande \u00e4r ett enkelt s\u00e4tt att visualisera teamets arbetsbelastning under en viss tidsperiod.\u00a0<\/span><\/p>\n<p><span style=\"font-size: 18px;\">Teamdecks mall f\u00f6r rapport om teamutnyttjande best\u00e5r av 3 avsnitt:<\/span><\/p>\n\n\t\t<\/div>\n\t<\/div>\n<\/div><\/div><\/div><\/div><div class=\"vc_row wpb_row vc_row-fluid redl-row-section padding-default bgv-default bgh-default halign-default\"><div class=\"wpb_column vc_column_container text-left vc_col-sm-12 padding-default bgv-default bgh-default halign-default\"><div class=\"vc_column-inner\"><div class=\"wpb_wrapper\">\n\t<div class=\"wpb_text_column wpb_content_element\" >\n\t\t<div class=\"wpb_wrapper\">\n\t\t\t\n\t\t<\/div>\n\t<\/div>\n<\/div><\/div><\/div><\/div><div data-vc-full-width=\"true\" data-vc-full-width-init=\"false\" class=\"vc_row wpb_row vc_row-fluid redl-row-section feature-row vc_custom_1504100630814 vc_row-o-equal-height vc_row-o-content-middle vc_row-flex padding-medium bgv-default bgh-default halign-center\"><div class=\"feature-image wpb_column vc_column_container text-left vc_col-sm-7 vc_col-lg-6 vc_col-md-7 padding-default bgv-default bgh-default halign-default\"><div class=\"vc_column-inner\"><div class=\"wpb_wrapper\">\n\t<div class=\"wpb_text_column wpb_content_element\" >\n\t\t<div class=\"wpb_wrapper\">\n\t\t\t<p><img loading=\"lazy\" decoding=\"async\" class=\"alignnone wp-image-4806\" src=\"https:\/\/cdn.teamdeck.io\/uploads\/website\/2019\/03\/15114123\/Screen-Shot-2019-03-15-at-10.34.47-e1555411621610.png\" alt=\"Teammedlemmarnas \u00f6vertid\" width=\"500\" height=\"359\" srcset=\"https:\/\/cdn.teamdeck.io\/uploads\/website\/2019\/03\/15114123\/Screen-Shot-2019-03-15-at-10.34.47-e1555411621610.png 990w, https:\/\/cdn.teamdeck.io\/uploads\/website\/2019\/03\/15114123\/Screen-Shot-2019-03-15-at-10.34.47-e1555411621610-300x215.png 300w, https:\/\/cdn.teamdeck.io\/uploads\/website\/2019\/03\/15114123\/Screen-Shot-2019-03-15-at-10.34.47-e1555411621610-768x551.png 768w, https:\/\/cdn.teamdeck.io\/uploads\/website\/2019\/03\/15114123\/Screen-Shot-2019-03-15-at-10.34.47-e1555411621610-960x688.png 960w\" sizes=\"auto, (max-width: 500px) 100vw, 500px\" \/><\/p>\n\n\t\t<\/div>\n\t<\/div>\n<\/div><\/div><\/div><div class=\"feature-info wpb_column vc_column_container text-left vc_col-sm-5 vc_col-lg-4 padding-small bgv-default bgh-default halign-default\"><div class=\"vc_column-inner\"><div class=\"wpb_wrapper\">\n\t<div class=\"wpb_text_column wpb_content_element\" >\n\t\t<div class=\"wpb_wrapper\">\n\t\t\t<p><strong><span class=\"text-title\">\u00d6vertid<\/span><\/strong><\/p>\n<p>Ett stapeldiagram som visualiserar dina teammedlemmars \u00f6vertid. Den ber\u00e4knas utifr\u00e5n teamets tillg\u00e4nglighet, bokningar och tidrapporter. De mest \u00f6verarbetade medarbetarna listas h\u00f6gst upp i diagrammet.<\/p>\n\n\t\t<\/div>\n\t<\/div>\n<\/div><\/div><\/div><\/div><div class=\"vc_row-full-width vc_clearfix\"><\/div><div data-vc-full-width=\"true\" data-vc-full-width-init=\"false\" class=\"vc_row wpb_row vc_row-fluid redl-row-section feature-row vc_custom_1504100661321 vc_row-o-equal-height vc_row-o-content-middle vc_row-flex padding-medium bgv-default bgh-default halign-center\"><div class=\"feature-info wpb_column vc_column_container text-left vc_col-sm-5 vc_col-lg-4 padding-small bgv-default bgh-default halign-default\"><div class=\"vc_column-inner\"><div class=\"wpb_wrapper\">\n\t<div class=\"wpb_text_column wpb_content_element\" >\n\t\t<div class=\"wpb_wrapper\">\n\t\t\t<h2><span class=\"text-title\">Tabell f\u00f6r teamutnyttjande<\/span><\/h2>\n<p>H\u00e4r \u00e4r en djupdykning i ditt teams arbetsbelastningsdata. Du kan se en uppdelning av varje teammedlems planerade och faktiska timmar, deras utnyttjande (tillg\u00e4nglighet j\u00e4mf\u00f6rt med planerat arbete) och deras \u00f6vertid.<\/p>\n\n\t\t<\/div>\n\t<\/div>\n<\/div><\/div><\/div><div class=\"feature-image wpb_column vc_column_container text-left vc_col-sm-7 vc_col-lg-6 padding-default bgv-default bgh-default halign-default\"><div class=\"vc_column-inner\"><div class=\"wpb_wrapper\">\n\t<div class=\"wpb_text_column wpb_content_element\" >\n\t\t<div class=\"wpb_wrapper\">\n\t\t\t<p><img loading=\"lazy\" decoding=\"async\" class=\"alignnone wp-image-4805\" src=\"https:\/\/cdn.teamdeck.io\/uploads\/website\/2019\/03\/15114121\/Screen-Shot-2019-03-15-at-10.37.50-e1555411641612.png\" alt=\"Rapport om teamutnyttjande\" width=\"500\" height=\"318\" srcset=\"https:\/\/cdn.teamdeck.io\/uploads\/website\/2019\/03\/15114121\/Screen-Shot-2019-03-15-at-10.37.50-e1555411641612.png 1140w, https:\/\/cdn.teamdeck.io\/uploads\/website\/2019\/03\/15114121\/Screen-Shot-2019-03-15-at-10.37.50-e1555411641612-300x191.png 300w, https:\/\/cdn.teamdeck.io\/uploads\/website\/2019\/03\/15114121\/Screen-Shot-2019-03-15-at-10.37.50-e1555411641612-768x489.png 768w, https:\/\/cdn.teamdeck.io\/uploads\/website\/2019\/03\/15114121\/Screen-Shot-2019-03-15-at-10.37.50-e1555411641612-960x611.png 960w\" sizes=\"auto, (max-width: 500px) 100vw, 500px\" \/><\/p>\n\n\t\t<\/div>\n\t<\/div>\n<\/div><\/div><\/div><\/div><div class=\"vc_row-full-width vc_clearfix\"><\/div><div data-vc-full-width=\"true\" data-vc-full-width-init=\"false\" class=\"vc_row wpb_row vc_row-fluid redl-row-section feature-row vc_custom_1504100640393 vc_row-o-equal-height vc_row-o-content-middle vc_row-flex padding-medium bgv-default bgh-default halign-center\"><div class=\"feature-image wpb_column vc_column_container text-left vc_col-sm-7 vc_col-lg-6 padding-default bgv-default bgh-default halign-default\"><div class=\"vc_column-inner\"><div class=\"wpb_wrapper\">\n\t<div class=\"wpb_text_column wpb_content_element\" >\n\t\t<div class=\"wpb_wrapper\">\n\t\t\t<p><img loading=\"lazy\" decoding=\"async\" class=\"alignnone wp-image-4808\" src=\"https:\/\/cdn.teamdeck.io\/uploads\/website\/2019\/03\/15114901\/Screen-Shot-2019-03-15-at-10.48.20-e1555411593950.png\" alt=\"Tidslinje f\u00f6r arbetsbelastning\" width=\"500\" height=\"323\" srcset=\"https:\/\/cdn.teamdeck.io\/uploads\/website\/2019\/03\/15114901\/Screen-Shot-2019-03-15-at-10.48.20-e1555411593950.png 1296w, https:\/\/cdn.teamdeck.io\/uploads\/website\/2019\/03\/15114901\/Screen-Shot-2019-03-15-at-10.48.20-e1555411593950-300x194.png 300w, https:\/\/cdn.teamdeck.io\/uploads\/website\/2019\/03\/15114901\/Screen-Shot-2019-03-15-at-10.48.20-e1555411593950-768x495.png 768w, https:\/\/cdn.teamdeck.io\/uploads\/website\/2019\/03\/15114901\/Screen-Shot-2019-03-15-at-10.48.20-e1555411593950-960x619.png 960w\" sizes=\"auto, (max-width: 500px) 100vw, 500px\" \/><\/p>\n\n\t\t<\/div>\n\t<\/div>\n<\/div><\/div><\/div><div class=\"feature-info wpb_column vc_column_container text-left vc_col-sm-5 vc_col-lg-4 padding-small bgv-default bgh-default halign-default\"><div class=\"vc_column-inner\"><div class=\"wpb_wrapper\">\n\t<div class=\"wpb_text_column wpb_content_element\" >\n\t\t<div class=\"wpb_wrapper\">\n\t\t\t<p><span class=\"text-title\">Tidslinje f\u00f6r arbetsbelastning<\/span><\/p>\n<p>Denna tidslinje kommer v\u00e4l till pass under dessa knepiga omst\u00e4ndigheter n\u00e4r du beh\u00f6ver analysera n\u00e4r och hur planerna sp\u00e5rade ur. Diagrammet illustrerar den kumulativa m\u00e4ngden planerade och faktiska timmar, s\u00e5 att du kan fastst\u00e4lla det exakta \u00f6gonblicket n\u00e4r den registrerade arbetstiden \u00f6versteg uppskattningarna.<\/p>\n\n\t\t<\/div>\n\t<\/div>\n<\/div><\/div><\/div><\/div><div class=\"vc_row-full-width vc_clearfix\"><\/div><div class=\"vc_row wpb_row vc_row-fluid redl-row-section padding-default bgv-default bgh-default halign-default\"><div class=\"wpb_column vc_column_container text-left vc_col-sm-12 padding-default bgv-default bgh-default halign-default\"><div class=\"vc_column-inner\"><div class=\"wpb_wrapper\">\n\t<div class=\"wpb_text_column wpb_content_element\" >\n\t\t<div class=\"wpb_wrapper\">\n\t\t\t\n\t\t<\/div>\n\t<\/div>\n<\/div><\/div><\/div><\/div><div class=\"vc_row wpb_row vc_row-fluid redl-row-section vc_custom_1551186799735 padding-small bgv-default bgh-default halign-center\"><div class=\"wpb_column vc_column_container text-left vc_col-sm-12 padding-default bgv-default bgh-default halign-default\"><div class=\"vc_column-inner\"><div class=\"wpb_wrapper\">\n\t<div class=\"wpb_text_column wpb_content_element\" >\n\t\t<div class=\"wpb_wrapper\">\n\t\t\t<p><span style=\"font-size: 18px;\"><strong>Varje rapportmall i Teamdeck kan anpassas.<\/strong> Det inneb\u00e4r att du inte bara kan \u00e4ndra etiketter och formler i de befintliga elementen utan ocks\u00e5 l\u00e4gga till nya tabeller eller diagram, eller vad du nu tycker \u00e4r anv\u00e4ndbart. Se ett exempel p\u00e5 en m\u00e5natlig resursanv\u00e4ndningsrapport <a href=\"https:\/\/app.teamdeck.io\/reports\/0914b91ffbf1444c1e03a8a713e166e75c87ac4fe15485c87ac4fe15f3\">h\u00e4r<\/a>.<\/span><\/p>\n\n\t\t<\/div>\n\t<\/div>\n<div class=\"vc_empty_space\"   style=\"height: 32px\" ><span class=\"vc_empty_space_inner\"><\/span><\/div>\n<\/div><\/div><\/div><\/div><div data-vc-full-width=\"true\" data-vc-full-width-init=\"false\" class=\"vc_row wpb_row vc_row-fluid redl-row-section footer-message-row vc_custom_1502964176474 vc_row-has-fill vc_row-o-equal-height vc_row-flex padding-medium bgv-default bgh-default halign-default\"><div class=\"wpb_column vc_column_container text-center vc_col-sm-12 vc_col-lg-8 vc_col-md-9 padding-default bgv-default bgh-default halign-center\"><div class=\"vc_column-inner\"><div class=\"wpb_wrapper\">\n\t<div class=\"wpb_text_column wpb_content_element\" >\n\t\t<div class=\"wpb_wrapper\">\n\t\t\t<p style=\"text-align: center;\"><span class=\"message\">\u00c4r du redo att bli mer datadriven? Skaffa programvara f\u00f6r komplett resursplanering<\/span><\/p>\n\n\t\t<\/div>\n\t<\/div>\n<a class=\"redl-btn  redl-btn-border redl-btn-two  redl-btn-medium redl-btn-69d27acda2438 btn-hover-one btn-icon-left signup-bottom\" href=\"https:\/\/app.teamdeck.io\/register?utm_source=reports\" target=\"_blank\">F\u00e5 en 30-dagars GRATIS provperiod<\/a><div class=\"vc_empty_space\"   style=\"height: 32px\" ><span class=\"vc_empty_space_inner\"><\/span><\/div>\n\n\t<div class=\"wpb_text_column wpb_content_element\" >\n\t\t<div class=\"wpb_wrapper\">\n\t\t\t<p><span style=\"font-size: 18px;\">G\u00e5 till Teamdecks rapportavsnitt och v\u00e4lj <strong>Rapport om teamutnyttjande<\/strong> fr\u00e5n listan \u00f6ver tillg\u00e4ngliga mallar f\u00f6r nya rapporter.<\/span><\/p>\n\n\t\t<\/div>\n\t<\/div>\n<\/div><\/div><\/div><\/div><div class=\"vc_row-full-width vc_clearfix\"><\/div>","protected":false},"excerpt":{"rendered":"M\u00e5natlig anv\u00e4ndningsrapportmall En teamanv\u00e4ndningsrapport \u00e4r ett enkelt s\u00e4tt att visualisera ditt teams arbetsbelastning under en viss tidsperiod.  Teamdecks mall f\u00f6r teamutnyttjanderapport best\u00e5r av 3 avsnitt: \u00d6vertid Ett stapeldiagram som visualiserar ...","protected":false},"author":6,"featured_media":0,"parent":4695,"menu_order":0,"comment_status":"closed","ping_status":"closed","template":"","meta":{"footnotes":""},"class_list":["post-4719","page","type-page","status-publish","hentry"],"yoast_head":"<!-- This site is optimized with the Yoast SEO Premium plugin v23.8 (Yoast SEO v24.3) - https:\/\/yoast.com\/wordpress\/plugins\/seo\/ -->\n<title>Utilization Report Template | Teamdeck<\/title>\n<meta name=\"description\" content=\"Team utilization report is a simple way to visualize your team workload in a specific period of time. Learn more about reports in Teamdeck\" \/>\n<meta name=\"robots\" content=\"index, follow, max-snippet:-1, max-image-preview:large, max-video-preview:-1\" \/>\n<link rel=\"canonical\" href=\"https:\/\/teamdeck.io\/sv\/funktioner\/rapportering\/mall-for-nyttjanderapport\/\" \/>\n<meta property=\"og:locale\" content=\"sv_SE\" \/>\n<meta property=\"og:type\" content=\"article\" \/>\n<meta property=\"og:title\" content=\"Monthly Utilization Report Template\" \/>\n<meta property=\"og:description\" content=\"Team utilization report is a simple way to visualize your team workload in a specific period of time. Learn more about reports in Teamdeck\" \/>\n<meta property=\"og:url\" content=\"https:\/\/teamdeck.io\/sv\/funktioner\/rapportering\/mall-for-nyttjanderapport\/\" \/>\n<meta property=\"og:site_name\" content=\"Teamdeck\" \/>\n<meta property=\"article:publisher\" content=\"https:\/\/www.facebook.com\/helloteamdeck\" \/>\n<meta property=\"article:modified_time\" content=\"2022-04-25T13:00:40+00:00\" \/>\n<meta property=\"og:image\" content=\"https:\/\/teamdeck.io\/wp-content\/uploads\/2019\/03\/Screen-Shot-2019-03-15-at-10.34.47-e1555411621610.png\" \/>\n<meta name=\"twitter:card\" content=\"summary_large_image\" \/>\n<meta name=\"twitter:site\" content=\"@helloteamdeck\" \/>\n<meta name=\"twitter:label1\" content=\"Est. reading time\" \/>\n\t<meta name=\"twitter:data1\" content=\"3 minutes\" \/>\n<script type=\"application\/ld+json\" class=\"yoast-schema-graph\">{\"@context\":\"https:\/\/schema.org\",\"@graph\":[{\"@type\":\"WebPage\",\"@id\":\"https:\/\/teamdeck.io\/features\/reporting\/utilization-report-template\/\",\"url\":\"https:\/\/teamdeck.io\/features\/reporting\/utilization-report-template\/\",\"name\":\"Utilization Report Template | Teamdeck\",\"isPartOf\":{\"@id\":\"https:\/\/teamdeck.io\/#website\"},\"primaryImageOfPage\":{\"@id\":\"https:\/\/teamdeck.io\/features\/reporting\/utilization-report-template\/#primaryimage\"},\"image\":{\"@id\":\"https:\/\/teamdeck.io\/features\/reporting\/utilization-report-template\/#primaryimage\"},\"thumbnailUrl\":\"https:\/\/teamdeck.io\/wp-content\/uploads\/2019\/03\/Screen-Shot-2019-03-15-at-10.34.47-e1555411621610.png\",\"datePublished\":\"2019-03-15T15:08:58+00:00\",\"dateModified\":\"2022-04-25T13:00:40+00:00\",\"description\":\"Team utilization report is a simple way to visualize your team workload in a specific period of time. Learn more about reports in Teamdeck\",\"breadcrumb\":{\"@id\":\"https:\/\/teamdeck.io\/features\/reporting\/utilization-report-template\/#breadcrumb\"},\"inLanguage\":\"sv-SE\",\"potentialAction\":[{\"@type\":\"ReadAction\",\"target\":[\"https:\/\/teamdeck.io\/features\/reporting\/utilization-report-template\/\"]}]},{\"@type\":\"ImageObject\",\"inLanguage\":\"sv-SE\",\"@id\":\"https:\/\/teamdeck.io\/features\/reporting\/utilization-report-template\/#primaryimage\",\"url\":\"https:\/\/teamdeck.io\/wp-content\/uploads\/2019\/03\/Screen-Shot-2019-03-15-at-10.34.47-e1555411621610.png\",\"contentUrl\":\"https:\/\/teamdeck.io\/wp-content\/uploads\/2019\/03\/Screen-Shot-2019-03-15-at-10.34.47-e1555411621610.png\"},{\"@type\":\"BreadcrumbList\",\"@id\":\"https:\/\/teamdeck.io\/features\/reporting\/utilization-report-template\/#breadcrumb\",\"itemListElement\":[{\"@type\":\"ListItem\",\"position\":1,\"name\":\"Home\",\"item\":\"https:\/\/teamdeck.io\/\"},{\"@type\":\"ListItem\",\"position\":2,\"name\":\"Features\",\"item\":\"https:\/\/teamdeck.io\/features\/\"},{\"@type\":\"ListItem\",\"position\":3,\"name\":\"Custom reporting\",\"item\":\"https:\/\/teamdeck.io\/features\/reporting\/\"},{\"@type\":\"ListItem\",\"position\":4,\"name\":\"Monthly Utilization Report Template\"}]},{\"@type\":\"WebSite\",\"@id\":\"https:\/\/teamdeck.io\/#website\",\"url\":\"https:\/\/teamdeck.io\/\",\"name\":\"Teamdeck\",\"description\":\"resource scheduling + time tracking + leave management\",\"potentialAction\":[{\"@type\":\"SearchAction\",\"target\":{\"@type\":\"EntryPoint\",\"urlTemplate\":\"https:\/\/teamdeck.io\/?s={search_term_string}\"},\"query-input\":{\"@type\":\"PropertyValueSpecification\",\"valueRequired\":true,\"valueName\":\"search_term_string\"}}],\"inLanguage\":\"sv-SE\"}]}<\/script>\n<!-- \/ Yoast SEO Premium plugin. -->","yoast_head_json":{"title":"Utilization Report Template | Teamdeck","description":"Team utilization report is a simple way to visualize your team workload in a specific period of time. Learn more about reports in Teamdeck","robots":{"index":"index","follow":"follow","max-snippet":"max-snippet:-1","max-image-preview":"max-image-preview:large","max-video-preview":"max-video-preview:-1"},"canonical":"https:\/\/teamdeck.io\/sv\/funktioner\/rapportering\/mall-for-nyttjanderapport\/","og_locale":"sv_SE","og_type":"article","og_title":"Monthly Utilization Report Template","og_description":"Team utilization report is a simple way to visualize your team workload in a specific period of time. Learn more about reports in Teamdeck","og_url":"https:\/\/teamdeck.io\/sv\/funktioner\/rapportering\/mall-for-nyttjanderapport\/","og_site_name":"Teamdeck","article_publisher":"https:\/\/www.facebook.com\/helloteamdeck","article_modified_time":"2022-04-25T13:00:40+00:00","og_image":[{"url":"https:\/\/teamdeck.io\/wp-content\/uploads\/2019\/03\/Screen-Shot-2019-03-15-at-10.34.47-e1555411621610.png","type":"","width":"","height":""}],"twitter_card":"summary_large_image","twitter_site":"@helloteamdeck","twitter_misc":{"Est. reading time":"3 minutes"},"schema":{"@context":"https:\/\/schema.org","@graph":[{"@type":"WebPage","@id":"https:\/\/teamdeck.io\/features\/reporting\/utilization-report-template\/","url":"https:\/\/teamdeck.io\/features\/reporting\/utilization-report-template\/","name":"Utilization Report Template | Teamdeck","isPartOf":{"@id":"https:\/\/teamdeck.io\/#website"},"primaryImageOfPage":{"@id":"https:\/\/teamdeck.io\/features\/reporting\/utilization-report-template\/#primaryimage"},"image":{"@id":"https:\/\/teamdeck.io\/features\/reporting\/utilization-report-template\/#primaryimage"},"thumbnailUrl":"https:\/\/teamdeck.io\/wp-content\/uploads\/2019\/03\/Screen-Shot-2019-03-15-at-10.34.47-e1555411621610.png","datePublished":"2019-03-15T15:08:58+00:00","dateModified":"2022-04-25T13:00:40+00:00","description":"Team utilization report is a simple way to visualize your team workload in a specific period of time. Learn more about reports in Teamdeck","breadcrumb":{"@id":"https:\/\/teamdeck.io\/features\/reporting\/utilization-report-template\/#breadcrumb"},"inLanguage":"sv-SE","potentialAction":[{"@type":"ReadAction","target":["https:\/\/teamdeck.io\/features\/reporting\/utilization-report-template\/"]}]},{"@type":"ImageObject","inLanguage":"sv-SE","@id":"https:\/\/teamdeck.io\/features\/reporting\/utilization-report-template\/#primaryimage","url":"https:\/\/teamdeck.io\/wp-content\/uploads\/2019\/03\/Screen-Shot-2019-03-15-at-10.34.47-e1555411621610.png","contentUrl":"https:\/\/teamdeck.io\/wp-content\/uploads\/2019\/03\/Screen-Shot-2019-03-15-at-10.34.47-e1555411621610.png"},{"@type":"BreadcrumbList","@id":"https:\/\/teamdeck.io\/features\/reporting\/utilization-report-template\/#breadcrumb","itemListElement":[{"@type":"ListItem","position":1,"name":"Home","item":"https:\/\/teamdeck.io\/"},{"@type":"ListItem","position":2,"name":"Features","item":"https:\/\/teamdeck.io\/features\/"},{"@type":"ListItem","position":3,"name":"Custom reporting","item":"https:\/\/teamdeck.io\/features\/reporting\/"},{"@type":"ListItem","position":4,"name":"Monthly Utilization Report Template"}]},{"@type":"WebSite","@id":"https:\/\/teamdeck.io\/#website","url":"https:\/\/teamdeck.io\/","name":"Teamdeck","description":"resource scheduling + time tracking + leave management","potentialAction":[{"@type":"SearchAction","target":{"@type":"EntryPoint","urlTemplate":"https:\/\/teamdeck.io\/?s={search_term_string}"},"query-input":{"@type":"PropertyValueSpecification","valueRequired":true,"valueName":"search_term_string"}}],"inLanguage":"sv-SE"}]}},"_links":{"self":[{"href":"https:\/\/teamdeck.io\/sv\/wp-json\/wp\/v2\/pages\/4719","targetHints":{"allow":["GET"]}}],"collection":[{"href":"https:\/\/teamdeck.io\/sv\/wp-json\/wp\/v2\/pages"}],"about":[{"href":"https:\/\/teamdeck.io\/sv\/wp-json\/wp\/v2\/types\/page"}],"author":[{"embeddable":true,"href":"https:\/\/teamdeck.io\/sv\/wp-json\/wp\/v2\/users\/6"}],"replies":[{"embeddable":true,"href":"https:\/\/teamdeck.io\/sv\/wp-json\/wp\/v2\/comments?post=4719"}],"version-history":[{"count":26,"href":"https:\/\/teamdeck.io\/sv\/wp-json\/wp\/v2\/pages\/4719\/revisions"}],"predecessor-version":[{"id":10417,"href":"https:\/\/teamdeck.io\/sv\/wp-json\/wp\/v2\/pages\/4719\/revisions\/10417"}],"up":[{"embeddable":true,"href":"https:\/\/teamdeck.io\/sv\/wp-json\/wp\/v2\/pages\/4695"}],"wp:attachment":[{"href":"https:\/\/teamdeck.io\/sv\/wp-json\/wp\/v2\/media?parent=4719"}],"curies":[{"name":"wp","href":"https:\/\/api.w.org\/{rel}","templated":true}]}}