{"id":2853,"date":"2017-09-07T12:08:23","date_gmt":"2017-09-07T10:08:23","guid":{"rendered":"https:\/\/teamdeck.io\/?page_id=2853"},"modified":"2024-04-08T13:08:17","modified_gmt":"2024-04-08T11:08:17","slug":"privacy-policy","status":"publish","type":"page","link":"https:\/\/teamdeck.io\/sv\/integritetspolicy\/","title":{"rendered":"Integritetspolicy"},"content":{"rendered":"<div class=\"vc_row wpb_row vc_row-fluid redl-row-section padding-default bgv-default bgh-default halign-default\"><div class=\"wpb_column vc_column_container text-left vc_col-sm-12 padding-default bgv-default bgh-default halign-default\"><div class=\"vc_column-inner\"><div class=\"wpb_wrapper\"><div class=\"vc_empty_space\"   style=\"height: 32px\" ><span class=\"vc_empty_space_inner\"><\/span><\/div>\n\n\t<div class=\"wpb_text_column wpb_content_element\" >\n\t\t<div class=\"wpb_wrapper\">\n\t\t\t<h1 class=\"ng-scope\" style=\"text-align: center;\">Integritetspolicy<\/h1>\n<p class=\"ng-scope\" style=\"text-align: center;\"><small>Senast uppdaterad: 30 januari 2024<\/small><\/p>\n\n\t\t<\/div>\n\t<\/div>\n<div class=\"vc_empty_space\"   style=\"height: 32px\" ><span class=\"vc_empty_space_inner\"><\/span><\/div>\n\n\t<div class=\"wpb_text_column wpb_content_element\" >\n\t\t<div class=\"wpb_wrapper\">\n\t\t\t<p class=\"ng-scope\">Teamdeck sp. z o.o. (\"oss\", \"vi\" eller \"v\u00e5r\") med s\u00e4te i: Nowowiejskiego 55, 61-734 Pozna\u0144, Polen, NIP: 7831750055, REGON: 365865326, registrerat vid den regionala domstolen Pozna\u0144 - Nowe Miasto I Wilda i Pozna\u0144, VIII handelsavdelningen i det nationella domstolsregistret, registrerat i handelsregistret (KRS) under nr. 0000646426 driver webbplatsen https:\/\/teamdeck.io (nedan kallad \"tj\u00e4nsten\").<\/p>\n<p class=\"ng-scope\">Denna sida informerar dig om v\u00e5r policy avseende insamling, anv\u00e4ndning och utl\u00e4mnande av personuppgifter n\u00e4r du anv\u00e4nder v\u00e5r tj\u00e4nst.<\/p>\n<p class=\"ng-scope\">Vi kommer inte att anv\u00e4nda eller dela din information med n\u00e5gon annan \u00e4n vad som beskrivs i denna integritetspolicy.<\/p>\n<p class=\"ng-scope\">Vi anv\u00e4nder din personliga information f\u00f6r att tillhandah\u00e5lla och f\u00f6rb\u00e4ttra tj\u00e4nsten. Genom att anv\u00e4nda tj\u00e4nsten samtycker du till insamling och anv\u00e4ndning av information i enlighet med denna policy. Om inte annat anges i denna integritetspolicy har termer som anv\u00e4nds i denna integritetspolicy samma inneb\u00f6rd som i v\u00e5ra villkor och best\u00e4mmelser, som finns tillg\u00e4ngliga p\u00e5 https:\/\/teamdeck.io.<\/p>\n<p class=\"ng-scope\">Teamdeck sp. z o.o. \u00e4r ett polskt f\u00f6retag och f\u00f6ljer d\u00e4rf\u00f6r polsk lag, i synnerhet lagen om skydd av personuppgifter av den 29 augusti 1997 (Journal of Laws nr 133, punkt 883, i dess \u00e4ndrade lydelse).<\/p>\n<p class=\"ng-scope\"><strong>\u00a71. Insamling och anv\u00e4ndning av information<\/strong><\/p>\n<p class=\"ng-scope\">N\u00e4r du anv\u00e4nder v\u00e5r tj\u00e4nst kan vi be kunden att f\u00f6rse oss med viss personligt identifierbar information som kan anv\u00e4ndas f\u00f6r att kontakta eller identifiera kunden. Personligt identifierbar information kan inkludera, men \u00e4r inte begr\u00e4nsad till, kundens e-postadress, namn, telefonnummer, postadress (\"Personlig information\").<\/p>\n<p class=\"ng-scope\"><strong>\u00a72. Loggdata<\/strong><\/p>\n<p class=\"ng-scope\">1. Vi kan ocks\u00e5 samla in information som kundens webbl\u00e4sare skickar n\u00e4r kunden bes\u00f6ker v\u00e5r tj\u00e4nst (\"Loggdata\"). Denna loggdata kan inneh\u00e5lla information s\u00e5som kunddatorns Internet Protocol (\"IP\")-adress, webbl\u00e4sartyp, webbl\u00e4sarversion, de sidor i v\u00e5r tj\u00e4nst som kunden bes\u00f6ker, tid och datum f\u00f6r kundens bes\u00f6k, den tid som spenderas p\u00e5 dessa sidor och annan statistik.<\/p>\n<p class=\"ng-scope\">2. Dessutom kan vi anv\u00e4nda tredjepartstj\u00e4nster som Google Analytics som samlar in, \u00f6vervakar och analyserar denna typ av information f\u00f6r att \u00f6ka v\u00e5r tj\u00e4nsts funktionalitet. Dessa tredjepartsleverant\u00f6rer har sina egna integritetspolicyer som reglerar hur de anv\u00e4nder s\u00e5dan information.<\/p>\n<p><strong class=\"ng-scope\">\u00a73. Kakor<\/strong><\/p>\n<p class=\"ng-scope\">1. Cookies \u00e4r filer med en liten m\u00e4ngd data, som kan inneh\u00e5lla en anonym unik identifierare. Cookies skickas till kundens webbl\u00e4sare fr\u00e5n en webbplats och lagras p\u00e5 kundens dators h\u00e5rddisk.<\/p>\n<p class=\"ng-scope\">2. Vi anv\u00e4nder \"cookies\" f\u00f6r att samla in information. Kunden kan instruera sin webbl\u00e4sare att v\u00e4gra alla cookies eller att ange n\u00e4r en cookie skickas. Om kunden inte accepterar cookies kan det dock h\u00e4nda att kunden inte kan anv\u00e4nda vissa delar av v\u00e5r tj\u00e4nst.<\/p>\n<p class=\"ng-scope\"><strong>\u00a74. Beteendebaserad \u00e5termarknadsf\u00f6ring<\/strong><\/p>\n<p class=\"ng-scope\">1. Teamdeck sp. z o.o. anv\u00e4nder remarketingtj\u00e4nster f\u00f6r att annonsera p\u00e5 tredjepartswebbplatser till kunden efter att kunden bes\u00f6kt v\u00e5r tj\u00e4nst. Vi, och v\u00e5ra tredjepartsleverant\u00f6rer, anv\u00e4nder cookies f\u00f6r att informera, optimera och visa annonser baserat p\u00e5 kundens tidigare bes\u00f6k p\u00e5 v\u00e5r tj\u00e4nst.<\/p>\n<ul>\n<li><strong>Google<\/strong><\/li>\n<\/ul>\n<p style=\"padding-left: 30px;\">Google AdWords remarketingtj\u00e4nst tillhandah\u00e5lls av Google Inc.<\/p>\n<p style=\"padding-left: 30px;\">Du kan v\u00e4lja bort Google Analytics f\u00f6r Display Advertising och anpassa annonserna i Google Display Network genom att bes\u00f6ka sidan med inst\u00e4llningar f\u00f6r Google Ads: http:\/\/www.google.com\/settings\/ads<\/p>\n<p style=\"padding-left: 30px;\">Google rekommenderar ocks\u00e5 att du installerar webbl\u00e4sartill\u00e4gget Google Analytics Opt-out Browser Add-on - https:\/\/tools.google.com\/dlpage\/gaoptout - f\u00f6r din webbl\u00e4sare. Google Analytics Opt-out Browser Add-on ger bes\u00f6kare m\u00f6jlighet att f\u00f6rhindra att deras data samlas in och anv\u00e4nds av Google Analytics.<\/p>\n<p style=\"padding-left: 30px;\">F\u00f6r mer information om Googles sekretesspraxis, bes\u00f6k Googles webbsida f\u00f6r sekretess och villkor: http:\/\/www.google.com\/intl\/en\/policies\/privacy\/<\/p>\n<ul>\n<li><strong><strong>Facebook<\/strong><\/strong><\/li>\n<\/ul>\n<p style=\"padding-left: 30px;\"><strong><strong><br \/>\n<\/strong><\/strong><br \/>\nFacebooks remarketingtj\u00e4nst tillhandah\u00e5lls av Facebook Inc.<\/p>\n<p style=\"padding-left: 30px;\">Du kan l\u00e4sa mer om intressebaserad annonsering fr\u00e5n Facebook genom att bes\u00f6ka denna sida: https:\/\/www.facebook.com\/help\/164968693837950<\/p>\n<p style=\"padding-left: 30px;\">F\u00f6r att v\u00e4lja bort Facebooks intressebaserade annonser f\u00f6ljer du dessa instruktioner fr\u00e5n Facebook: https:\/\/www.facebook.com\/about\/ads\/#568137493302217<\/p>\n<p style=\"padding-left: 30px;\">Facebook f\u00f6ljer de sj\u00e4lvreglerande principer f\u00f6r beteendestyrd annonsering p\u00e5 n\u00e4tet som fastst\u00e4llts av Digital Advertising Alliance. Du kan ocks\u00e5 v\u00e4lja bort Facebook och andra deltagande f\u00f6retag genom Digital Advertising Alliance i USA http:\/\/www.aboutads.info\/choices\/, Digital Advertising Alliance of Canada i Kanada http:\/\/youradchoices.ca\/ eller European Interactive Digital Advertising Alliance i Europa http:\/\/www.youronlinechoices.eu\/, eller v\u00e4lja bort med hj\u00e4lp av inst\u00e4llningarna f\u00f6r din mobila enhet.<\/p>\n<p style=\"padding-left: 30px;\">F\u00f6r mer information om Facebooks sekretesspraxis, bes\u00f6k Facebooks datapolicy: https:\/\/www.facebook.com\/privacy\/explanation<\/p>\n<p class=\"ng-scope\"><strong>\u00a75. Tj\u00e4nsteleverant\u00f6rer<\/strong><\/p>\n<p class=\"ng-scope\">1. Vi kan komma att anlita f\u00f6retag och personer fr\u00e5n tredje part f\u00f6r att underl\u00e4tta v\u00e5r Tj\u00e4nst, f\u00f6r att tillhandah\u00e5lla Tj\u00e4nsten f\u00f6r v\u00e5r r\u00e4kning, f\u00f6r att utf\u00f6ra Tj\u00e4nsterelaterade tj\u00e4nster eller f\u00f6r att hj\u00e4lpa oss att analysera hur v\u00e5r Tj\u00e4nst anv\u00e4nds.<\/p>\n<p class=\"ng-scope\">2. Dessa tredje parter har tillg\u00e5ng till kundens personuppgifter endast f\u00f6r att utf\u00f6ra dessa uppgifter f\u00f6r v\u00e5r r\u00e4kning och \u00e4r skyldiga att inte avsl\u00f6ja eller anv\u00e4nda den f\u00f6r n\u00e5got annat \u00e4ndam\u00e5l.<\/p>\n<p class=\"ng-scope\"><strong>\u00a76. Kommunikationer<\/strong><\/p>\n<p class=\"ng-scope\">Vi kan anv\u00e4nda kundens personuppgifter f\u00f6r att kontakta kunden med nyhetsbrev, marknadsf\u00f6rings- eller reklammaterial och annan information som kan vara av intresse f\u00f6r kunden. Kunden kan v\u00e4lja bort att ta emot n\u00e5gon eller alla dessa meddelanden fr\u00e5n oss genom att f\u00f6lja l\u00e4nken f\u00f6r avregistrering eller instruktionerna i alla e-postmeddelanden som vi skickar.<\/p>\n<p class=\"ng-scope\"><strong>\u00a77. \u00d6verensst\u00e4mmelse med lagar<\/strong><\/p>\n<p class=\"ng-scope\">Vi kommer att avsl\u00f6ja kundens personliga information om det kr\u00e4vs enligt lag eller st\u00e4mning eller om vi anser att s\u00e5dan \u00e5tg\u00e4rd \u00e4r n\u00f6dv\u00e4ndig f\u00f6r att f\u00f6lja lagen och rimliga f\u00f6rfr\u00e5gningar fr\u00e5n brottsbek\u00e4mpande myndigheter eller f\u00f6r att skydda s\u00e4kerheten eller integriteten i v\u00e5r tj\u00e4nst.<\/p>\n<p class=\"ng-scope\"><strong>\u00a78. Aff\u00e4rstransaktion<\/strong><\/p>\n<p class=\"ng-scope\">Om Teamdeck sp. z o.o. \u00e4r inblandat i en fusion, ett f\u00f6rv\u00e4rv eller en tillg\u00e5ngsf\u00f6rs\u00e4ljning kan kundens personuppgifter \u00f6verf\u00f6ras. Vi kommer att meddela dig innan kundens personuppgifter \u00f6verf\u00f6rs och blir f\u00f6rem\u00e5l f\u00f6r en annan sekretesspolicy.<\/p>\n<p class=\"ng-scope\"><strong>\u00a79. S\u00e4kerhet<\/strong><\/p>\n<p class=\"ng-scope\">S\u00e4kerheten f\u00f6r kundens personliga information \u00e4r viktig f\u00f6r oss, men kom ih\u00e5g att ingen metod f\u00f6r \u00f6verf\u00f6ring via Internet eller metod f\u00f6r elektronisk lagring \u00e4r 100% s\u00e4ker. \u00c4ven om vi str\u00e4var efter att anv\u00e4nda kommersiellt acceptabla medel f\u00f6r att skydda kundens personliga information, kan vi inte garantera dess absoluta s\u00e4kerhet.<\/p>\n<p class=\"ng-scope\"><strong>\u00a710.Internationell \u00f6verf\u00f6ring<\/strong><\/p>\n<p class=\"ng-scope\">1. Kundinformation, inklusive personuppgifter, kan \u00f6verf\u00f6ras till - och underh\u00e5llas p\u00e5 - datorer som finns utanf\u00f6r din stat, provins, land eller annan statlig jurisdiktion d\u00e4r dataskyddslagarna kan skilja sig fr\u00e5n dem i din jurisdiktion.<\/p>\n<p class=\"ng-scope\">2. Om kunden befinner sig utanf\u00f6r Polen och v\u00e4ljer att l\u00e4mna information till oss, observera att vi \u00f6verf\u00f6r informationen, inklusive personuppgifter, till Polen och behandlar den d\u00e4r.<\/p>\n<p class=\"ng-scope\">3. Kundens samtycke till denna sekretesspolicy f\u00f6ljt av kundens inl\u00e4mning av s\u00e5dan information utg\u00f6r kundens samtycke till denna \u00f6verf\u00f6ring och kundens samtycke.<\/p>\n<p class=\"ng-scope\"><strong>11 \u00a7 L\u00e4nkar till andra webbplatser<\/strong><\/p>\n<p class=\"ng-scope\">1. V\u00e5r Tj\u00e4nst kan inneh\u00e5lla l\u00e4nkar till andra webbplatser som inte drivs av oss. Om kunden klickar p\u00e5 en l\u00e4nk till en tredje part kommer kunden att skickas till den tredje partens webbplats. Vi rekommenderar starkt kunden att granska sekretesspolicyn f\u00f6r varje webbplats som kunden bes\u00f6ker.<\/p>\n<p class=\"ng-scope\">2. Vi har ingen kontroll \u00f6ver och tar inget ansvar f\u00f6r inneh\u00e5ll, integritetspolicy eller praxis p\u00e5 tredje parts webbplatser eller tj\u00e4nster.<\/p>\n<p class=\"ng-scope\"><strong>\u00a712. Barns integritet<\/strong><\/p>\n<p class=\"ng-scope\">1. V\u00e5r tj\u00e4nst v\u00e4nder sig inte till personer under 13 \u00e5r (\"barn\").<\/p>\n<p class=\"ng-scope\">2. Vi samlar inte medvetet in personligt identifierbar information fr\u00e5n barn under 13 \u00e5r. Om du \u00e4r f\u00f6r\u00e4lder eller v\u00e5rdnadshavare och du \u00e4r medveten om att dina barn har f\u00f6rsett oss med personuppgifter, v\u00e4nligen kontakta oss. Om vi blir medvetna om att vi har samlat in personlig information fr\u00e5n barn under 13 \u00e5r utan att verifiera f\u00f6r\u00e4ldrarnas samtycke, vidtar vi \u00e5tg\u00e4rder f\u00f6r att ta bort den informationen fr\u00e5n v\u00e5ra servrar.<\/p>\n<p class=\"ng-scope\"><strong>\u00a713. \u00c4ndringar av denna integritetspolicy<\/strong><\/p>\n<p class=\"ng-scope\">1. Vi kan komma att uppdatera v\u00e5r integritetspolicy fr\u00e5n tid till annan. Vi kommer att meddela kunden om eventuella \u00e4ndringar genom att publicera den nya sekretesspolicyn p\u00e5 denna sida.<\/p>\n<p class=\"ng-scope\">2. Kunden uppmanas att regelbundet granska denna Integritetspolicy f\u00f6r eventuella \u00e4ndringar. \u00c4ndringar i denna Integritetspolicy tr\u00e4der i kraft n\u00e4r de publiceras p\u00e5 denna sida.<\/p>\n\n\t\t<\/div>\n\t<\/div>\n<div class=\"vc_empty_space\"   style=\"height: 32px\" ><span class=\"vc_empty_space_inner\"><\/span><\/div>\n<\/div><\/div><\/div><\/div>","protected":false},"excerpt":{"rendered":"Integritetspolicy Senast uppdaterad: 30 januari 2024 Teamdeck sp. z o.o. (\"oss\", \"vi\" eller \"v\u00e5r\") med s\u00e4te i: Nowowiejskiego 55, 61-734 Pozna\u0144, Polen, NIP: 7831750055, REGON: 365865326, registrerat i den regionala domstolen Pozna\u0144 - Nowe...","protected":false},"author":17,"featured_media":0,"parent":0,"menu_order":0,"comment_status":"closed","ping_status":"closed","template":"","meta":{"footnotes":""},"class_list":["post-2853","page","type-page","status-publish","hentry"],"yoast_head":"<!-- This site is optimized with the Yoast SEO Premium plugin v23.8 (Yoast SEO v24.3) - https:\/\/yoast.com\/wordpress\/plugins\/seo\/ -->\n<title>Teamdeck - Privacy Policy<\/title>\n<meta name=\"description\" content=\"Teamdeck cares about your privacy and security of its service. Please, read the following privacy policy carefully.\" \/>\n<meta name=\"robots\" content=\"index, follow, max-snippet:-1, max-image-preview:large, max-video-preview:-1\" \/>\n<link rel=\"canonical\" href=\"https:\/\/teamdeck.io\/sv\/integritetspolicy\/\" \/>\n<meta property=\"og:locale\" content=\"sv_SE\" \/>\n<meta property=\"og:type\" content=\"article\" \/>\n<meta property=\"og:title\" content=\"Teamdeck - Privacy Policy\" \/>\n<meta property=\"og:description\" content=\"Teamdeck cares about your privacy and security of its service. Please, read the following privacy policy carefully.\" \/>\n<meta property=\"og:url\" content=\"https:\/\/teamdeck.io\/sv\/integritetspolicy\/\" \/>\n<meta property=\"og:site_name\" content=\"Teamdeck\" \/>\n<meta property=\"article:publisher\" content=\"https:\/\/www.facebook.com\/helloteamdeck\" \/>\n<meta property=\"article:modified_time\" content=\"2024-04-08T11:08:17+00:00\" \/>\n<meta property=\"og:image\" content=\"https:\/\/cdn.teamdeck.io\/uploads\/website\/2017\/09\/teamdeck-share.png\" \/>\n<meta name=\"twitter:card\" content=\"summary_large_image\" \/>\n<meta name=\"twitter:title\" content=\"Teamdeck - Privacy Policy\" \/>\n<meta name=\"twitter:description\" content=\"Teamdeck cares about your privacy and security of its service. Please, read the following privacy policy carefully.\" \/>\n<meta name=\"twitter:image\" content=\"https:\/\/cdn.teamdeck.io\/uploads\/website\/2017\/09\/teamdeck-share.png\" \/>\n<meta name=\"twitter:site\" content=\"@helloteamdeck\" \/>\n<meta name=\"twitter:label1\" content=\"Est. reading time\" \/>\n\t<meta name=\"twitter:data1\" content=\"6 minutes\" \/>\n<script type=\"application\/ld+json\" class=\"yoast-schema-graph\">{\"@context\":\"https:\/\/schema.org\",\"@graph\":[{\"@type\":\"WebPage\",\"@id\":\"https:\/\/teamdeck.io\/privacy-policy\/\",\"url\":\"https:\/\/teamdeck.io\/privacy-policy\/\",\"name\":\"Teamdeck - Privacy Policy\",\"isPartOf\":{\"@id\":\"https:\/\/teamdeck.io\/#website\"},\"datePublished\":\"2017-09-07T10:08:23+00:00\",\"dateModified\":\"2024-04-08T11:08:17+00:00\",\"description\":\"Teamdeck cares about your privacy and security of its service. Please, read the following privacy policy carefully.\",\"breadcrumb\":{\"@id\":\"https:\/\/teamdeck.io\/privacy-policy\/#breadcrumb\"},\"inLanguage\":\"sv-SE\",\"potentialAction\":[{\"@type\":\"ReadAction\",\"target\":[\"https:\/\/teamdeck.io\/privacy-policy\/\"]}]},{\"@type\":\"BreadcrumbList\",\"@id\":\"https:\/\/teamdeck.io\/privacy-policy\/#breadcrumb\",\"itemListElement\":[{\"@type\":\"ListItem\",\"position\":1,\"name\":\"Home\",\"item\":\"https:\/\/teamdeck.io\/\"},{\"@type\":\"ListItem\",\"position\":2,\"name\":\"Privacy Policy\"}]},{\"@type\":\"WebSite\",\"@id\":\"https:\/\/teamdeck.io\/#website\",\"url\":\"https:\/\/teamdeck.io\/\",\"name\":\"Teamdeck\",\"description\":\"resource scheduling + time tracking + leave management\",\"potentialAction\":[{\"@type\":\"SearchAction\",\"target\":{\"@type\":\"EntryPoint\",\"urlTemplate\":\"https:\/\/teamdeck.io\/?s={search_term_string}\"},\"query-input\":{\"@type\":\"PropertyValueSpecification\",\"valueRequired\":true,\"valueName\":\"search_term_string\"}}],\"inLanguage\":\"sv-SE\"}]}<\/script>\n<!-- \/ Yoast SEO Premium plugin. -->","yoast_head_json":{"title":"Teamdeck - Privacy Policy","description":"Teamdeck cares about your privacy and security of its service. Please, read the following privacy policy carefully.","robots":{"index":"index","follow":"follow","max-snippet":"max-snippet:-1","max-image-preview":"max-image-preview:large","max-video-preview":"max-video-preview:-1"},"canonical":"https:\/\/teamdeck.io\/sv\/integritetspolicy\/","og_locale":"sv_SE","og_type":"article","og_title":"Teamdeck - Privacy Policy","og_description":"Teamdeck cares about your privacy and security of its service. Please, read the following privacy policy carefully.","og_url":"https:\/\/teamdeck.io\/sv\/integritetspolicy\/","og_site_name":"Teamdeck","article_publisher":"https:\/\/www.facebook.com\/helloteamdeck","article_modified_time":"2024-04-08T11:08:17+00:00","og_image":[{"url":"https:\/\/cdn.teamdeck.io\/uploads\/website\/2017\/09\/teamdeck-share.png","type":"","width":"","height":""}],"twitter_card":"summary_large_image","twitter_title":"Teamdeck - Privacy Policy","twitter_description":"Teamdeck cares about your privacy and security of its service. Please, read the following privacy policy carefully.","twitter_image":"https:\/\/cdn.teamdeck.io\/uploads\/website\/2017\/09\/teamdeck-share.png","twitter_site":"@helloteamdeck","twitter_misc":{"Est. reading time":"6 minutes"},"schema":{"@context":"https:\/\/schema.org","@graph":[{"@type":"WebPage","@id":"https:\/\/teamdeck.io\/privacy-policy\/","url":"https:\/\/teamdeck.io\/privacy-policy\/","name":"Teamdeck - Privacy Policy","isPartOf":{"@id":"https:\/\/teamdeck.io\/#website"},"datePublished":"2017-09-07T10:08:23+00:00","dateModified":"2024-04-08T11:08:17+00:00","description":"Teamdeck cares about your privacy and security of its service. Please, read the following privacy policy carefully.","breadcrumb":{"@id":"https:\/\/teamdeck.io\/privacy-policy\/#breadcrumb"},"inLanguage":"sv-SE","potentialAction":[{"@type":"ReadAction","target":["https:\/\/teamdeck.io\/privacy-policy\/"]}]},{"@type":"BreadcrumbList","@id":"https:\/\/teamdeck.io\/privacy-policy\/#breadcrumb","itemListElement":[{"@type":"ListItem","position":1,"name":"Home","item":"https:\/\/teamdeck.io\/"},{"@type":"ListItem","position":2,"name":"Privacy Policy"}]},{"@type":"WebSite","@id":"https:\/\/teamdeck.io\/#website","url":"https:\/\/teamdeck.io\/","name":"Teamdeck","description":"resource scheduling + time tracking + leave management","potentialAction":[{"@type":"SearchAction","target":{"@type":"EntryPoint","urlTemplate":"https:\/\/teamdeck.io\/?s={search_term_string}"},"query-input":{"@type":"PropertyValueSpecification","valueRequired":true,"valueName":"search_term_string"}}],"inLanguage":"sv-SE"}]}},"_links":{"self":[{"href":"https:\/\/teamdeck.io\/sv\/wp-json\/wp\/v2\/pages\/2853","targetHints":{"allow":["GET"]}}],"collection":[{"href":"https:\/\/teamdeck.io\/sv\/wp-json\/wp\/v2\/pages"}],"about":[{"href":"https:\/\/teamdeck.io\/sv\/wp-json\/wp\/v2\/types\/page"}],"author":[{"embeddable":true,"href":"https:\/\/teamdeck.io\/sv\/wp-json\/wp\/v2\/users\/17"}],"replies":[{"embeddable":true,"href":"https:\/\/teamdeck.io\/sv\/wp-json\/wp\/v2\/comments?post=2853"}],"version-history":[{"count":15,"href":"https:\/\/teamdeck.io\/sv\/wp-json\/wp\/v2\/pages\/2853\/revisions"}],"predecessor-version":[{"id":12719,"href":"https:\/\/teamdeck.io\/sv\/wp-json\/wp\/v2\/pages\/2853\/revisions\/12719"}],"wp:attachment":[{"href":"https:\/\/teamdeck.io\/sv\/wp-json\/wp\/v2\/media?parent=2853"}],"curies":[{"name":"wp","href":"https:\/\/api.w.org\/{rel}","templated":true}]}}