{"id":12549,"date":"2023-12-06T10:47:54","date_gmt":"2023-12-06T08:47:54","guid":{"rendered":"https:\/\/teamdeck.io\/?page_id=12549"},"modified":"2023-12-06T16:09:05","modified_gmt":"2023-12-06T14:09:05","slug":"account-removal","status":"publish","type":"page","link":"https:\/\/teamdeck.io\/sv\/borttagning-av-konto\/","title":{"rendered":"Borttagning av konto"},"content":{"rendered":"<p>\u00a0<\/p>\n<p>\u00a0<\/p>\n<p>\u00a0<\/p>\n<p>Vi f\u00f6rst\u00e5r att omst\u00e4ndigheterna f\u00f6r\u00e4ndras, och det g\u00f6r \u00e4ven dina preferenser. Om du har best\u00e4mt dig f\u00f6r att det \u00e4r dags att g\u00e5 skilda v\u00e4gar med oss, finns vi h\u00e4r f\u00f6r att hj\u00e4lpa dig genom processen f\u00f6r borttagning av konto. F\u00f6lj de enkla stegen nedan f\u00f6r att initiera din beg\u00e4ran om borttagning av konto:<\/p>\n<p>\u00a0<\/p>\n<h2>Steg 1: Skriv ett e-postmeddelande<\/h2>\n<p>\u00d6ppna den e-postklient du f\u00f6redrar och skapa ett nytt meddelande. Adressera det till contact@teamdeck.io. Anv\u00e4nd \u00e4mnesraden: \"Beg\u00e4ran om borttagning av konto - [Ditt anv\u00e4ndarnamn].\"<\/p>\n<p>\u00a0<\/p>\n<h2>Steg 2: Inkludera n\u00f6dv\u00e4ndig information<\/h2>\n<p>I e-postmeddelandets br\u00f6dtext ska du ange f\u00f6ljande uppgifter f\u00f6r att s\u00e4kerst\u00e4lla en smidig process:<\/p>\n<p>Ditt registrerade fullst\u00e4ndiga namn<br \/>Registrerad e-postadress<br \/>Orsak till borttagning av konto (valfritt men uppskattat f\u00f6r v\u00e5r kontinuerliga f\u00f6rb\u00e4ttring)<\/p>\n<p>\u00a0<\/p>\n<h2>Steg 3: Verifiera din identitet<\/h2>\n<p>F\u00f6r att s\u00e4kerst\u00e4lla s\u00e4kerheten f\u00f6r ditt konto, v\u00e4nligen bifoga en skannad kopia av ett statligt utf\u00e4rdat ID-kort eller annan identitetshandling som bekr\u00e4ftar din identitet. Detta steg \u00e4r avg\u00f6rande f\u00f6r att skydda ditt konto fr\u00e5n obeh\u00f6rig borttagning.<\/p>\n<p>\u00a0<\/p>\n<h2>Steg 4: Skicka och inv\u00e4nta bekr\u00e4ftelse<\/h2>\n<p>N\u00e4r du har sammanst\u00e4llt all n\u00f6dv\u00e4ndig information trycker du p\u00e5 \"Skicka\". V\u00e5rt dedikerade supportteam kommer att granska din beg\u00e4ran omg\u00e5ende. Du kommer att f\u00e5 ett bekr\u00e4ftelsemeddelande inom [Ange tidsram] f\u00f6r att bekr\u00e4fta att processen f\u00f6r borttagning av kontot har inletts.<\/p>\n<p>\u00a0<\/p>\n<h2>Steg 5: Bekr\u00e4fta borttagning<\/h2>\n<p>N\u00e4r du har f\u00e5tt bekr\u00e4ftelsemeddelandet f\u00f6ljer du eventuella ytterligare instruktioner f\u00f6r att slutf\u00f6ra borttagningen av kontot. Detta steg \u00e4r utformat f\u00f6r att dubbelkolla ditt beslut och se till att processen st\u00e4mmer \u00f6verens med dina avsikter.<\/p>\n<p>\u00a0<\/p>\n<p>\u00a0<\/p>\n<p>\u00a0<\/p>","protected":false},"excerpt":{"rendered":"\u00a0 \u00a0 \u00a0 Vi f\u00f6rst\u00e5r att omst\u00e4ndigheterna f\u00f6r\u00e4ndras, och det g\u00f6r \u00e4ven dina preferenser. Om du har best\u00e4mt dig f\u00f6r att det \u00e4r dags att g\u00e5 skilda v\u00e4gar med oss, finns vi h\u00e4r f\u00f6r att hj\u00e4lpa dig genom processen f\u00f6r borttagning av konto. F\u00f6lj de enkla stegen nedan...","protected":false},"author":17,"featured_media":0,"parent":0,"menu_order":0,"comment_status":"closed","ping_status":"closed","template":"","meta":{"footnotes":""},"class_list":["post-12549","page","type-page","status-publish","hentry"],"yoast_head":"<!-- This site is optimized with the Yoast SEO Premium plugin v23.8 (Yoast SEO v24.3) - https:\/\/yoast.com\/wordpress\/plugins\/seo\/ -->\n<title>Account Removal - Teamdeck<\/title>\n<meta name=\"robots\" content=\"index, follow, max-snippet:-1, max-image-preview:large, max-video-preview:-1\" \/>\n<link rel=\"canonical\" href=\"https:\/\/teamdeck.io\/sv\/borttagning-av-konto\/\" \/>\n<meta property=\"og:locale\" content=\"sv_SE\" \/>\n<meta property=\"og:type\" content=\"article\" \/>\n<meta property=\"og:title\" content=\"Account Removal\" \/>\n<meta property=\"og:description\" content=\"\u00a0 \u00a0 \u00a0 We understand that circumstances change, and so do preferences. If you&#8217;ve decided it&#8217;s time to part ways with us, we&#8217;re here to assist you through the account removal process. Follow the simple steps below...\" \/>\n<meta property=\"og:url\" content=\"https:\/\/teamdeck.io\/sv\/borttagning-av-konto\/\" \/>\n<meta property=\"og:site_name\" content=\"Teamdeck\" \/>\n<meta property=\"article:publisher\" content=\"https:\/\/www.facebook.com\/helloteamdeck\" \/>\n<meta property=\"article:modified_time\" content=\"2023-12-06T14:09:05+00:00\" \/>\n<meta name=\"twitter:card\" content=\"summary_large_image\" \/>\n<meta name=\"twitter:site\" content=\"@helloteamdeck\" \/>\n<meta name=\"twitter:label1\" content=\"Est. reading time\" \/>\n\t<meta name=\"twitter:data1\" content=\"1 minute\" \/>\n<script type=\"application\/ld+json\" class=\"yoast-schema-graph\">{\"@context\":\"https:\/\/schema.org\",\"@graph\":[{\"@type\":\"WebPage\",\"@id\":\"https:\/\/teamdeck.io\/account-removal\/\",\"url\":\"https:\/\/teamdeck.io\/account-removal\/\",\"name\":\"Account Removal - Teamdeck\",\"isPartOf\":{\"@id\":\"https:\/\/teamdeck.io\/#website\"},\"datePublished\":\"2023-12-06T08:47:54+00:00\",\"dateModified\":\"2023-12-06T14:09:05+00:00\",\"breadcrumb\":{\"@id\":\"https:\/\/teamdeck.io\/account-removal\/#breadcrumb\"},\"inLanguage\":\"sv-SE\",\"potentialAction\":[{\"@type\":\"ReadAction\",\"target\":[\"https:\/\/teamdeck.io\/account-removal\/\"]}]},{\"@type\":\"BreadcrumbList\",\"@id\":\"https:\/\/teamdeck.io\/account-removal\/#breadcrumb\",\"itemListElement\":[{\"@type\":\"ListItem\",\"position\":1,\"name\":\"Home\",\"item\":\"https:\/\/teamdeck.io\/\"},{\"@type\":\"ListItem\",\"position\":2,\"name\":\"Account Removal\"}]},{\"@type\":\"WebSite\",\"@id\":\"https:\/\/teamdeck.io\/#website\",\"url\":\"https:\/\/teamdeck.io\/\",\"name\":\"Teamdeck\",\"description\":\"resource scheduling + time tracking + leave management\",\"potentialAction\":[{\"@type\":\"SearchAction\",\"target\":{\"@type\":\"EntryPoint\",\"urlTemplate\":\"https:\/\/teamdeck.io\/?s={search_term_string}\"},\"query-input\":{\"@type\":\"PropertyValueSpecification\",\"valueRequired\":true,\"valueName\":\"search_term_string\"}}],\"inLanguage\":\"sv-SE\"}]}<\/script>\n<!-- \/ Yoast SEO Premium plugin. -->","yoast_head_json":{"title":"Account Removal - Teamdeck","robots":{"index":"index","follow":"follow","max-snippet":"max-snippet:-1","max-image-preview":"max-image-preview:large","max-video-preview":"max-video-preview:-1"},"canonical":"https:\/\/teamdeck.io\/sv\/borttagning-av-konto\/","og_locale":"sv_SE","og_type":"article","og_title":"Account Removal","og_description":"\u00a0 \u00a0 \u00a0 We understand that circumstances change, and so do preferences. If you&#8217;ve decided it&#8217;s time to part ways with us, we&#8217;re here to assist you through the account removal process. Follow the simple steps below...","og_url":"https:\/\/teamdeck.io\/sv\/borttagning-av-konto\/","og_site_name":"Teamdeck","article_publisher":"https:\/\/www.facebook.com\/helloteamdeck","article_modified_time":"2023-12-06T14:09:05+00:00","twitter_card":"summary_large_image","twitter_site":"@helloteamdeck","twitter_misc":{"Est. reading time":"1 minute"},"schema":{"@context":"https:\/\/schema.org","@graph":[{"@type":"WebPage","@id":"https:\/\/teamdeck.io\/account-removal\/","url":"https:\/\/teamdeck.io\/account-removal\/","name":"Account Removal - Teamdeck","isPartOf":{"@id":"https:\/\/teamdeck.io\/#website"},"datePublished":"2023-12-06T08:47:54+00:00","dateModified":"2023-12-06T14:09:05+00:00","breadcrumb":{"@id":"https:\/\/teamdeck.io\/account-removal\/#breadcrumb"},"inLanguage":"sv-SE","potentialAction":[{"@type":"ReadAction","target":["https:\/\/teamdeck.io\/account-removal\/"]}]},{"@type":"BreadcrumbList","@id":"https:\/\/teamdeck.io\/account-removal\/#breadcrumb","itemListElement":[{"@type":"ListItem","position":1,"name":"Home","item":"https:\/\/teamdeck.io\/"},{"@type":"ListItem","position":2,"name":"Account Removal"}]},{"@type":"WebSite","@id":"https:\/\/teamdeck.io\/#website","url":"https:\/\/teamdeck.io\/","name":"Teamdeck","description":"resource scheduling + time tracking + leave management","potentialAction":[{"@type":"SearchAction","target":{"@type":"EntryPoint","urlTemplate":"https:\/\/teamdeck.io\/?s={search_term_string}"},"query-input":{"@type":"PropertyValueSpecification","valueRequired":true,"valueName":"search_term_string"}}],"inLanguage":"sv-SE"}]}},"_links":{"self":[{"href":"https:\/\/teamdeck.io\/sv\/wp-json\/wp\/v2\/pages\/12549","targetHints":{"allow":["GET"]}}],"collection":[{"href":"https:\/\/teamdeck.io\/sv\/wp-json\/wp\/v2\/pages"}],"about":[{"href":"https:\/\/teamdeck.io\/sv\/wp-json\/wp\/v2\/types\/page"}],"author":[{"embeddable":true,"href":"https:\/\/teamdeck.io\/sv\/wp-json\/wp\/v2\/users\/17"}],"replies":[{"embeddable":true,"href":"https:\/\/teamdeck.io\/sv\/wp-json\/wp\/v2\/comments?post=12549"}],"version-history":[{"count":4,"href":"https:\/\/teamdeck.io\/sv\/wp-json\/wp\/v2\/pages\/12549\/revisions"}],"predecessor-version":[{"id":12553,"href":"https:\/\/teamdeck.io\/sv\/wp-json\/wp\/v2\/pages\/12549\/revisions\/12553"}],"wp:attachment":[{"href":"https:\/\/teamdeck.io\/sv\/wp-json\/wp\/v2\/media?parent=12549"}],"curies":[{"name":"wp","href":"https:\/\/api.w.org\/{rel}","templated":true}]}}