{"id":5784,"date":"2020-03-10T21:48:14","date_gmt":"2020-03-10T19:48:14","guid":{"rendered":"https:\/\/teamdeck.io\/?page_id=5784"},"modified":"2021-12-16T19:38:46","modified_gmt":"2021-12-16T17:38:46","slug":"teamdeck-vs-monday","status":"publish","type":"page","link":"https:\/\/teamdeck.io\/ro\/teamdeck-vs-luni\/","title":{"rendered":"Teamdeck vs Monday.com"},"content":{"rendered":"<div data-vc-full-width=\"true\" data-vc-full-width-init=\"false\" class=\"vc_row wpb_row vc_row-fluid redl-row-section vc_custom_1547727116563 vc_row-has-fill vc_row-o-content-middle vc_row-flex padding-default bgv-default bgh-default halign-center\"><div class=\"wpb_column vc_column_container text-left vc_col-sm-4 padding-default bgv-default bgh-default halign-center\"><div class=\"vc_column-inner\"><div class=\"wpb_wrapper\">\n\t<div class=\"wpb_text_column wpb_content_element\" >\n\t\t<div class=\"wpb_wrapper\">\n\t\t\t<h1>Teamdeck vs Monday.com<\/h1>\n<p style=\"text-align: justify;\">Teamdeck este un <a href=\"https:\/\/teamdeck.io\/ro\/\">software de planificare a resurselor<\/a> utilizat pentru gestionarea resurselor \u0219i planificarea programelor. Este un instrument orientat cu laser, utilizat deopotriv\u0103 de agen\u021biile mici \u0219i de organiza\u021biile mari.<\/p>\n<p style=\"text-align: justify;\">De c\u0103tre companii din domeniul tehnologiei, precum \u0219i din industria publicit\u0103\u021bii \u0219i a cercet\u0103rii. De c\u0103tre <a href=\"https:\/\/www.circusmaximus.com\/\">Circul Maximus<\/a> sau Stormind Games. Selectate de membrii echipelor de crea\u021bie, precum \u0219i de managerii de proiect.<\/p>\n\n\t\t<\/div>\n\t<\/div>\n\n\t<div class=\"wpb_text_column wpb_content_element\" >\n\t\t<div class=\"wpb_wrapper\">\n\t\t\t<p style=\"text-align: left;\"><span class=\"arrow-link\"><a href=\"https:\/\/app.teamdeck.io\/register\">Ob\u021bine\u021bi o perioad\u0103 de testare GRATUIT\u0102 de 30 de zile<\/a><\/span><\/p>\n\n\t\t<\/div>\n\t<\/div>\n<\/div><\/div><\/div><div class=\"wpb_column vc_column_container text-center vc_col-sm-8 vc_col-has-fill padding-default bgv-default bgh-default halign-center\"><div class=\"vc_column-inner vc_custom_1583827482870\"><div class=\"wpb_wrapper\">\n\t<div class=\"wpb_text_column wpb_content_element  vc_custom_1638211493070 video-nocontrols\" >\n\t\t<div class=\"wpb_wrapper\">\n\t\t\t<p><img loading=\"lazy\" decoding=\"async\" class=\"aligncenter wp-image-5788\" src=\"https:\/\/cdn.teamdeck.io\/uploads\/website\/2020\/03\/10132651\/Untitled-design-2-300x250.png\" alt=\"Pe pia\u021ba software-ului de gestionare a proiectelor, Teamdeck este u\u0219or de tratat ca o alternativ\u0103 de luni.\" width=\"600\" height=\"500\" srcset=\"https:\/\/cdn.teamdeck.io\/uploads\/website\/2020\/03\/10132651\/Untitled-design-2-300x250.png 300w, https:\/\/cdn.teamdeck.io\/uploads\/website\/2020\/03\/10132651\/Untitled-design-2-768x640.png 768w, https:\/\/cdn.teamdeck.io\/uploads\/website\/2020\/03\/10132651\/Untitled-design-2-960x800.png 960w, https:\/\/cdn.teamdeck.io\/uploads\/website\/2020\/03\/10132651\/Untitled-design-2.png 1800w\" sizes=\"auto, (max-width: 600px) 100vw, 600px\" \/><\/p>\n\n\t\t<\/div>\n\t<\/div>\n<\/div><\/div><\/div><\/div><div class=\"vc_row-full-width vc_clearfix\"><\/div><div class=\"vc_row wpb_row vc_row-fluid redl-row-section padding-default bgv-default bgh-default halign-default\"><div class=\"wpb_column vc_column_container text-left vc_col-sm-12 padding-default bgv-default bgh-default halign-default\"><div class=\"vc_column-inner\"><div class=\"wpb_wrapper\">\n\t<div class=\"wpb_text_column wpb_content_element\" >\n\t\t<div class=\"wpb_wrapper\">\n\t\t\t<h2>C\u0103uta\u021bi alternative pentru Monday.com?<\/h2>\n<p>Vorbim \u00een mod regulat cu persoane care evalueaz\u0103 diferite op\u021biuni software pentru programarea \u0219i alocarea resurselor. Alegerea lor se reduce adesea la o singur\u0103 \u00eentrebare: <strong>v\u0103 sim\u021bi\u021bi mai confortabil cu un instrument foarte specializat pentru a face fa\u021b\u0103 acestei sarcini sau a\u021bi prefera s\u0103 utiliza\u021bi o aplica\u021bie mai complet\u0103?<\/strong><\/p>\n<p style=\"text-align: justify;\">Teamdeck se refer\u0103 la gestionarea resurselor. Acesta combin\u0103 planificarea angaja\u021bilor, urm\u0103rirea timpului \u0219i func\u021bii de gestionare a absen\u021belor. \u00cen plus, ob\u021bine\u021bi acces la o sec\u021biune cuprinz\u0103toare de analiz\u0103 care v\u0103 permite s\u0103 analiza\u021bi productivitatea echipei dvs., s\u0103 monitoriza\u021bi fi\u0219ele de pontaj \u0219i s\u0103 genera\u021bi rapoarte pentru clien\u021bi.<\/p>\n<p style=\"text-align: justify;\">Monday.com este un instrument de colaborare vizual\u0103 cu mult spa\u021biu pentru personalizare. \u00cel pute\u021bi utiliza pentru o varietate de scopuri: de la gestionarea proiectelor la v\u00e2nz\u0103ri \u0219i gestionarea sau dezvoltarea afacerilor. De acord, vine cu un pre\u021b mai piperat.<\/p>\n\n\t\t<\/div>\n\t<\/div>\n<\/div><\/div><\/div><\/div><div class=\"vc_row wpb_row vc_row-fluid redl-row-section padding-small bgv-default bgh-default halign-default\"><div class=\"wpb_column vc_column_container text-left vc_col-sm-12 padding-default bgv-default bgh-default halign-default\"><div class=\"vc_column-inner\"><div class=\"wpb_wrapper\">\n\t<div class=\"wpb_text_column wpb_content_element\" >\n\t\t<div class=\"wpb_wrapper\">\n\t\t\t<h2 style=\"text-align: center;\"><strong>3 motive pentru care companiile iubesc Teamdeck <a href=\"https:\/\/teamdeck.io\/ro\/\">software de planificare a resurselor<\/a><\/strong><\/h2>\n\n\t\t<\/div>\n\t<\/div>\n<\/div><\/div><\/div><\/div><div class=\"vc_row wpb_row vc_row-fluid redl-row-section use-cases-title vc_custom_1582120251302 padding-default bgv-default bgh-default halign-default\"><div class=\"wpb_column vc_column_container text-left vc_col-sm-4 padding-default bgv-default bgh-default halign-default\"><div class=\"vc_column-inner\"><div class=\"wpb_wrapper\">\n\t<div class=\"wpb_text_column wpb_content_element\" >\n\t\t<div class=\"wpb_wrapper\">\n\t\t\t<p style=\"text-align: center;\"><strong><span class=\"text-title column-title\">Gestionarea aprofundat\u0103 a resurselor<\/span><\/strong><\/p>\n<p style=\"text-align: center;\">\u0218tim c\u0103 gestionarea eficient\u0103 a resurselor v\u0103 poate face afacerea mai profitabil\u0103. De aceea, oferim caracteristici care v\u0103 ajut\u0103 s\u0103 atinge\u021bi productivitatea optim\u0103, men\u021bin\u00e2nd \u00een acela\u0219i timp fericirea echipei. Teamdeck v\u0103 permite s\u0103 p\u0103trunde\u021bi mai ad\u00e2nc \u00een activitatea zilnic\u0103 a echipei dvs. \u0219i s\u0103 optimiza\u021bi diferite domenii ale fluxului de lucru al echipei dvs.<\/p>\n\n\t\t<\/div>\n\t<\/div>\n<\/div><\/div><\/div><div class=\"wpb_column vc_column_container text-left vc_col-sm-4 padding-default bgv-default bgh-default halign-default\"><div class=\"vc_column-inner\"><div class=\"wpb_wrapper\">\n\t<div class=\"wpb_text_column wpb_content_element\" >\n\t\t<div class=\"wpb_wrapper\">\n\t\t\t<h3 style=\"text-align: center;\"><span class=\"text-title column-title\">Gata de utilizare din cutie<\/span><\/h3>\n<p style=\"text-align: center;\">Nu trebuie s\u0103 pierde\u021bi timp construind fluxuri de lucru \u0219i tablouri de bord: aplica\u021bia noastr\u0103 vine cu tot ceea ce ave\u021bi nevoie pentru a planifica activitatea echipei dvs. \u0219i pentru a m\u0103sura performan\u021ba acesteia. Crea\u021bi un cont \u0219i invita\u021bi membrii echipei dvs. <strong>Teamdeck va face o diferen\u021b\u0103 pentru liderii de echip\u0103 \u0219i membrii echipei din prima zi. <\/strong><\/p>\n\n\t\t<\/div>\n\t<\/div>\n<\/div><\/div><\/div><div class=\"wpb_column vc_column_container text-left vc_col-sm-4 padding-default bgv-default bgh-default halign-default\"><div class=\"vc_column-inner\"><div class=\"wpb_wrapper\">\n\t<div class=\"wpb_text_column wpb_content_element\" >\n\t\t<div class=\"wpb_wrapper\">\n\t\t\t<h3 style=\"text-align: center;\"><span class=\"text-title column-title\">Asisten\u021b\u0103 de nivel mondial<\/span><\/h3>\n<p style=\"text-align: center;\">Vrem ca tu s\u0103 <strong>s\u0103 ob\u021bine\u021bi c\u00e2t mai mult\u0103 valoare de la Teamdeck<\/strong>. V\u0103 vom prezenta produsul \u0219i vom organiza un apel de ini\u021biere pentru echipa dvs. Ave\u021bi nevoie de ajutor cu orice altceva? Oferim asisten\u021b\u0103 prioritar\u0103 oric\u00e2nd ave\u021bi nevoie de ea.<\/p>\n\n\t\t<\/div>\n\t<\/div>\n<\/div><\/div><\/div><\/div><div class=\"vc_row wpb_row vc_row-fluid redl-row-section padding-default bgv-default bgh-default halign-default\"><div class=\"wpb_column vc_column_container text-left vc_col-sm-12 padding-default bgv-default bgh-default halign-default\"><div class=\"vc_column-inner\"><div class=\"wpb_wrapper\"><\/div><\/div><\/div><\/div><div class=\"vc_row wpb_row vc_row-fluid redl-row-section padding-default bgv-default bgh-default halign-default\"><div class=\"wpb_column vc_column_container text-left vc_col-sm-12 padding-default bgv-default bgh-default halign-default\"><div class=\"vc_column-inner\"><div class=\"wpb_wrapper\">\n\t<div class=\"wpb_text_column wpb_content_element\" >\n\t\t<div class=\"wpb_wrapper\">\n\t\t\t<h2 class=\"ql-align-center\" style=\"text-align: center;\">Teamdeck ca un <a href=\"https:\/\/teamdeck.io\/ro\/\">instrument de gestionare a sarcinilor<\/a> este la vedere de c\u0103tre multe entit\u0103\u021bi bine-cunoscute care sunt \u00een c\u0103utarea pentru Monday.com alternative<\/h2>\n\n\t\t<\/div>\n\t<\/div>\n<\/div><\/div><\/div><\/div><div class=\"vc_row wpb_row vc_row-fluid redl-row-section padding-default bgv-default bgh-default halign-default\"><div class=\"wpb_column vc_column_container text-left vc_col-sm-12 padding-default bgv-default bgh-default halign-default\"><div class=\"vc_column-inner vc_custom_1583774752686\"><div class=\"wpb_wrapper\"><form class=\"get-started-form\" action=\"\">\n  <div class=\"get-started-form__input-wrapper\">\n    <input class=\"get-started-form__input\" placeholder=\"Introduce\u021bi adresa dvs. de e-mail profesional\u0103\" \/>\n  <\/div>\n  <button type=\"submit\" class=\"get-started-form__button\">\n    <span class=\"get-started-form__button-text\">Ob\u021bine\u021bi o perioad\u0103 de \u00eencercare GRATUIT\u0102 de 14 zile<\/>\n  <\/button>\n  <button class=\"get-started-form__button\">\n    <span class=\"get-started-form__button-text\">E-mail invalid<\/>\n  <\/button>\n<input type=\"hidden\" name=\"trp-form-language\" value=\"ro\"\/><\/form>\n<\/div><\/div><\/div><\/div>","protected":false},"excerpt":{"rendered":"Teamdeck vs Monday.com Teamdeck is a resource planning software used to manage resources and plan schedules. It\u2019s a laser-focused tool in use by small agencies and large organizations alike. By companies from tech, as from advertising and...","protected":false},"author":17,"featured_media":0,"parent":0,"menu_order":0,"comment_status":"closed","ping_status":"closed","template":"","meta":{"footnotes":""},"class_list":["post-5784","page","type-page","status-publish","hentry"],"yoast_head":"<!-- This site is optimized with the Yoast SEO Premium plugin v23.8 (Yoast SEO v24.3) - https:\/\/yoast.com\/wordpress\/plugins\/seo\/ -->\n<title>Monday.com Alternatives - Teamdeck.io - Resource Management Software<\/title>\n<meta name=\"description\" content=\"Teamdeck.io resource management software is in use by Stormind Games, Circus Maximus, Hill-Knowlton, etc. We replaced Monday many times.\" \/>\n<meta name=\"robots\" content=\"index, follow, max-snippet:-1, max-image-preview:large, max-video-preview:-1\" \/>\n<link rel=\"canonical\" href=\"https:\/\/teamdeck.io\/ro\/teamdeck-vs-luni\/\" \/>\n<meta property=\"og:locale\" content=\"ro_RO\" \/>\n<meta property=\"og:type\" content=\"article\" \/>\n<meta property=\"og:title\" content=\"Teamdeck vs Monday.com\" \/>\n<meta property=\"og:description\" content=\"Teamdeck.io resource management software is in use by Stormind Games, Circus Maximus, Hill-Knowlton, etc. We replaced Monday many times.\" \/>\n<meta property=\"og:url\" content=\"https:\/\/teamdeck.io\/ro\/teamdeck-vs-luni\/\" \/>\n<meta property=\"og:site_name\" content=\"Teamdeck\" \/>\n<meta property=\"article:publisher\" content=\"https:\/\/www.facebook.com\/helloteamdeck\" \/>\n<meta property=\"article:modified_time\" content=\"2021-12-16T17:38:46+00:00\" \/>\n<meta property=\"og:image\" content=\"https:\/\/teamdeck.io\/wp-content\/uploads\/2020\/03\/Untitled-design-2-300x250.png\" \/>\n<meta name=\"twitter:card\" content=\"summary_large_image\" \/>\n<meta name=\"twitter:site\" content=\"@helloteamdeck\" \/>\n<meta name=\"twitter:label1\" content=\"Est. reading time\" \/>\n\t<meta name=\"twitter:data1\" content=\"3 minutes\" \/>\n<script type=\"application\/ld+json\" class=\"yoast-schema-graph\">{\"@context\":\"https:\/\/schema.org\",\"@graph\":[{\"@type\":\"WebPage\",\"@id\":\"https:\/\/teamdeck.io\/teamdeck-vs-monday\/\",\"url\":\"https:\/\/teamdeck.io\/teamdeck-vs-monday\/\",\"name\":\"Monday.com Alternatives - Teamdeck.io - Resource Management Software\",\"isPartOf\":{\"@id\":\"https:\/\/teamdeck.io\/#website\"},\"primaryImageOfPage\":{\"@id\":\"https:\/\/teamdeck.io\/teamdeck-vs-monday\/#primaryimage\"},\"image\":{\"@id\":\"https:\/\/teamdeck.io\/teamdeck-vs-monday\/#primaryimage\"},\"thumbnailUrl\":\"https:\/\/teamdeck.io\/wp-content\/uploads\/2020\/03\/Untitled-design-2-300x250.png\",\"datePublished\":\"2020-03-10T19:48:14+00:00\",\"dateModified\":\"2021-12-16T17:38:46+00:00\",\"description\":\"Teamdeck.io resource management software is in use by Stormind Games, Circus Maximus, Hill-Knowlton, etc. We replaced Monday many times.\",\"breadcrumb\":{\"@id\":\"https:\/\/teamdeck.io\/teamdeck-vs-monday\/#breadcrumb\"},\"inLanguage\":\"ro-RO\",\"potentialAction\":[{\"@type\":\"ReadAction\",\"target\":[\"https:\/\/teamdeck.io\/teamdeck-vs-monday\/\"]}]},{\"@type\":\"ImageObject\",\"inLanguage\":\"ro-RO\",\"@id\":\"https:\/\/teamdeck.io\/teamdeck-vs-monday\/#primaryimage\",\"url\":\"https:\/\/teamdeck.io\/wp-content\/uploads\/2020\/03\/Untitled-design-2-300x250.png\",\"contentUrl\":\"https:\/\/teamdeck.io\/wp-content\/uploads\/2020\/03\/Untitled-design-2-300x250.png\"},{\"@type\":\"BreadcrumbList\",\"@id\":\"https:\/\/teamdeck.io\/teamdeck-vs-monday\/#breadcrumb\",\"itemListElement\":[{\"@type\":\"ListItem\",\"position\":1,\"name\":\"Home\",\"item\":\"https:\/\/teamdeck.io\/\"},{\"@type\":\"ListItem\",\"position\":2,\"name\":\"Teamdeck vs Monday.com\"}]},{\"@type\":\"WebSite\",\"@id\":\"https:\/\/teamdeck.io\/#website\",\"url\":\"https:\/\/teamdeck.io\/\",\"name\":\"Teamdeck\",\"description\":\"resource scheduling + time tracking + leave management\",\"potentialAction\":[{\"@type\":\"SearchAction\",\"target\":{\"@type\":\"EntryPoint\",\"urlTemplate\":\"https:\/\/teamdeck.io\/?s={search_term_string}\"},\"query-input\":{\"@type\":\"PropertyValueSpecification\",\"valueRequired\":true,\"valueName\":\"search_term_string\"}}],\"inLanguage\":\"ro-RO\"}]}<\/script>\n<!-- \/ Yoast SEO Premium plugin. -->","yoast_head_json":{"title":"Monday.com Alternatives - Teamdeck.io - Resource Management Software","description":"Teamdeck.io resource management software is in use by Stormind Games, Circus Maximus, Hill-Knowlton, etc. We replaced Monday many times.","robots":{"index":"index","follow":"follow","max-snippet":"max-snippet:-1","max-image-preview":"max-image-preview:large","max-video-preview":"max-video-preview:-1"},"canonical":"https:\/\/teamdeck.io\/ro\/teamdeck-vs-luni\/","og_locale":"ro_RO","og_type":"article","og_title":"Teamdeck vs Monday.com","og_description":"Teamdeck.io resource management software is in use by Stormind Games, Circus Maximus, Hill-Knowlton, etc. We replaced Monday many times.","og_url":"https:\/\/teamdeck.io\/ro\/teamdeck-vs-luni\/","og_site_name":"Teamdeck","article_publisher":"https:\/\/www.facebook.com\/helloteamdeck","article_modified_time":"2021-12-16T17:38:46+00:00","og_image":[{"url":"https:\/\/teamdeck.io\/wp-content\/uploads\/2020\/03\/Untitled-design-2-300x250.png","type":"","width":"","height":""}],"twitter_card":"summary_large_image","twitter_site":"@helloteamdeck","twitter_misc":{"Est. reading time":"3 minutes"},"schema":{"@context":"https:\/\/schema.org","@graph":[{"@type":"WebPage","@id":"https:\/\/teamdeck.io\/teamdeck-vs-monday\/","url":"https:\/\/teamdeck.io\/teamdeck-vs-monday\/","name":"Monday.com Alternatives - Teamdeck.io - Resource Management Software","isPartOf":{"@id":"https:\/\/teamdeck.io\/#website"},"primaryImageOfPage":{"@id":"https:\/\/teamdeck.io\/teamdeck-vs-monday\/#primaryimage"},"image":{"@id":"https:\/\/teamdeck.io\/teamdeck-vs-monday\/#primaryimage"},"thumbnailUrl":"https:\/\/teamdeck.io\/wp-content\/uploads\/2020\/03\/Untitled-design-2-300x250.png","datePublished":"2020-03-10T19:48:14+00:00","dateModified":"2021-12-16T17:38:46+00:00","description":"Teamdeck.io resource management software is in use by Stormind Games, Circus Maximus, Hill-Knowlton, etc. We replaced Monday many times.","breadcrumb":{"@id":"https:\/\/teamdeck.io\/teamdeck-vs-monday\/#breadcrumb"},"inLanguage":"ro-RO","potentialAction":[{"@type":"ReadAction","target":["https:\/\/teamdeck.io\/teamdeck-vs-monday\/"]}]},{"@type":"ImageObject","inLanguage":"ro-RO","@id":"https:\/\/teamdeck.io\/teamdeck-vs-monday\/#primaryimage","url":"https:\/\/teamdeck.io\/wp-content\/uploads\/2020\/03\/Untitled-design-2-300x250.png","contentUrl":"https:\/\/teamdeck.io\/wp-content\/uploads\/2020\/03\/Untitled-design-2-300x250.png"},{"@type":"BreadcrumbList","@id":"https:\/\/teamdeck.io\/teamdeck-vs-monday\/#breadcrumb","itemListElement":[{"@type":"ListItem","position":1,"name":"Home","item":"https:\/\/teamdeck.io\/"},{"@type":"ListItem","position":2,"name":"Teamdeck vs Monday.com"}]},{"@type":"WebSite","@id":"https:\/\/teamdeck.io\/#website","url":"https:\/\/teamdeck.io\/","name":"Teamdeck","description":"resource scheduling + time tracking + leave management","potentialAction":[{"@type":"SearchAction","target":{"@type":"EntryPoint","urlTemplate":"https:\/\/teamdeck.io\/?s={search_term_string}"},"query-input":{"@type":"PropertyValueSpecification","valueRequired":true,"valueName":"search_term_string"}}],"inLanguage":"ro-RO"}]}},"_links":{"self":[{"href":"https:\/\/teamdeck.io\/ro\/wp-json\/wp\/v2\/pages\/5784","targetHints":{"allow":["GET"]}}],"collection":[{"href":"https:\/\/teamdeck.io\/ro\/wp-json\/wp\/v2\/pages"}],"about":[{"href":"https:\/\/teamdeck.io\/ro\/wp-json\/wp\/v2\/types\/page"}],"author":[{"embeddable":true,"href":"https:\/\/teamdeck.io\/ro\/wp-json\/wp\/v2\/users\/17"}],"replies":[{"embeddable":true,"href":"https:\/\/teamdeck.io\/ro\/wp-json\/wp\/v2\/comments?post=5784"}],"version-history":[{"count":13,"href":"https:\/\/teamdeck.io\/ro\/wp-json\/wp\/v2\/pages\/5784\/revisions"}],"predecessor-version":[{"id":8163,"href":"https:\/\/teamdeck.io\/ro\/wp-json\/wp\/v2\/pages\/5784\/revisions\/8163"}],"wp:attachment":[{"href":"https:\/\/teamdeck.io\/ro\/wp-json\/wp\/v2\/media?parent=5784"}],"curies":[{"name":"wp","href":"https:\/\/api.w.org\/{rel}","templated":true}]}}