{"id":4739,"date":"2019-03-15T17:19:58","date_gmt":"2019-03-15T15:19:58","guid":{"rendered":"https:\/\/teamdeck.io\/?page_id=4739"},"modified":"2021-12-16T19:52:51","modified_gmt":"2021-12-16T17:52:51","slug":"absence-report-template","status":"publish","type":"page","link":"https:\/\/teamdeck.io\/ro\/caracteristici\/raportare\/model-de-raport-de-absenta\/","title":{"rendered":"Model de raport de absen\u021b\u0103"},"content":{"rendered":"<div data-vc-full-width=\"true\" data-vc-full-width-init=\"false\" class=\"vc_row wpb_row vc_row-fluid redl-row-section vc_custom_1551262861481 vc_row-has-fill vc_row-o-content-middle vc_row-flex padding-default bgv-default bgh-default halign-center\"><div class=\"wpb_column vc_column_container text-left vc_col-sm-12 padding-default bgv-default bgh-default halign-center\"><div class=\"vc_column-inner\"><div class=\"wpb_wrapper\">\n\t<div class=\"wpb_text_column wpb_content_element\" >\n\t\t<div class=\"wpb_wrapper\">\n\t\t\t<h1 style=\"text-align: center;\">\u0218ablon de raport de absen\u021b\u0103<\/h1>\n\n\t\t<\/div>\n\t<\/div>\n<\/div><\/div><\/div><\/div><div class=\"vc_row-full-width vc_clearfix\"><\/div><div class=\"vc_row wpb_row vc_row-fluid redl-row-section padding-default bgv-default bgh-default halign-default\"><div class=\"wpb_column vc_column_container text-center vc_col-sm-12 padding-default bgv-default bgh-default halign-default\"><div class=\"vc_column-inner\"><div class=\"wpb_wrapper\">\n\t<div  class=\"wpb_single_image wpb_content_element vc_align_center\">\n\t\t\n\t\t<figure class=\"wpb_wrapper vc_figure\">\n\t\t\t<div class=\"vc_single_image-wrapper   vc_box_border_grey\"><img loading=\"lazy\" decoding=\"async\" width=\"2400\" height=\"874\" src=\"https:\/\/cdn.teamdeck.io\/uploads\/website\/2019\/03\/15161932\/1-1-e1555411457853.jpg\" class=\"vc_single_image-img attachment-full\" alt=\"\u0218ablon de raport de absen\u021b\u0103\" srcset=\"https:\/\/cdn.teamdeck.io\/uploads\/website\/2019\/03\/15161932\/1-1-e1555411457853.jpg 2400w, https:\/\/cdn.teamdeck.io\/uploads\/website\/2019\/03\/15161932\/1-1-e1555411457853-300x109.jpg 300w, https:\/\/cdn.teamdeck.io\/uploads\/website\/2019\/03\/15161932\/1-1-e1555411457853-768x280.jpg 768w, https:\/\/cdn.teamdeck.io\/uploads\/website\/2019\/03\/15161932\/1-1-e1555411457853-960x350.jpg 960w\" sizes=\"auto, (max-width: 2400px) 100vw, 2400px\" \/><\/div>\n\t\t<\/figure>\n\t<\/div>\n<\/div><\/div><\/div><\/div><div class=\"vc_row wpb_row vc_row-fluid redl-row-section padding-medium bgv-default bgh-default halign-default\"><div class=\"wpb_column vc_column_container text-center vc_col-sm-12 padding-default bgv-default bgh-default halign-default\"><div class=\"vc_column-inner\"><div class=\"wpb_wrapper\">\n\t<div class=\"wpb_text_column wpb_content_element\" >\n\t\t<div class=\"wpb_wrapper\">\n\t\t\t<p><span style=\"font-size: 18px;\">\u0218ablonul de raport privind timpul liber (aici: absen\u021b\u0103) este cel mai des utilizat de echipele de resurse umane \u0219i opera\u021biuni care trebuie s\u0103 \u021bin\u0103 eviden\u021ba indemniza\u021biilor de vacan\u021b\u0103. <\/span><\/p>\n\n\t\t<\/div>\n\t<\/div>\n<\/div><\/div><\/div><\/div><div class=\"vc_row wpb_row vc_row-fluid redl-row-section padding-default bgv-default bgh-default halign-default\"><div class=\"wpb_column vc_column_container text-left vc_col-sm-12 padding-default bgv-default bgh-default halign-default\"><div class=\"vc_column-inner\"><div class=\"wpb_wrapper\">\n\t<div class=\"wpb_text_column wpb_content_element\" >\n\t\t<div class=\"wpb_wrapper\">\n\t\t\t\n\t\t<\/div>\n\t<\/div>\n<\/div><\/div><\/div><\/div><div data-vc-full-width=\"true\" data-vc-full-width-init=\"false\" class=\"vc_row wpb_row vc_row-fluid redl-row-section feature-row vc_custom_1504100630814 vc_row-o-equal-height vc_row-o-content-middle vc_row-flex padding-medium bgv-default bgh-default halign-center\"><div class=\"feature-image wpb_column vc_column_container text-left vc_col-sm-7 vc_col-lg-6 vc_col-md-7 padding-default bgv-default bgh-default halign-default\"><div class=\"vc_column-inner\"><div class=\"wpb_wrapper\">\n\t<div class=\"wpb_text_column wpb_content_element\" >\n\t\t<div class=\"wpb_wrapper\">\n\t\t\t<p><img loading=\"lazy\" decoding=\"async\" class=\"alignnone wp-image-4786\" src=\"https:\/\/cdn.teamdeck.io\/uploads\/website\/2019\/03\/15103638\/Screen-Shot-2019-03-15-at-09.34.59-300x258.png\" alt=\"Timpul liber luat\" width=\"500\" height=\"430\" srcset=\"https:\/\/cdn.teamdeck.io\/uploads\/website\/2019\/03\/15103638\/Screen-Shot-2019-03-15-at-09.34.59-300x258.png 300w, https:\/\/cdn.teamdeck.io\/uploads\/website\/2019\/03\/15103638\/Screen-Shot-2019-03-15-at-09.34.59-768x661.png 768w, https:\/\/cdn.teamdeck.io\/uploads\/website\/2019\/03\/15103638\/Screen-Shot-2019-03-15-at-09.34.59-960x826.png 960w, https:\/\/cdn.teamdeck.io\/uploads\/website\/2019\/03\/15103638\/Screen-Shot-2019-03-15-at-09.34.59.png 1278w\" sizes=\"auto, (max-width: 500px) 100vw, 500px\" \/><\/p>\n\n\t\t<\/div>\n\t<\/div>\n<\/div><\/div><\/div><div class=\"feature-info wpb_column vc_column_container text-left vc_col-sm-5 vc_col-lg-4 padding-small bgv-default bgh-default halign-default\"><div class=\"vc_column-inner\"><div class=\"wpb_wrapper\">\n\t<div class=\"wpb_text_column wpb_content_element\" >\n\t\t<div class=\"wpb_wrapper\">\n\t\t\t<p><span class=\"text-title\">Timpul liber luat<\/span><\/p>\n<p>Acest grafic vizualizeaz\u0103 timpul liber luat de membrii echipei dumneavoastr\u0103 (propor\u021bional). De asemenea, pute\u021bi afi\u0219a aici diferite motive de concediu \u0219i pute\u021bi c\u0103uta modele: concediile medicale, de exemplu, pot ap\u0103rea mai des \u00een anumite perioade ale anului.<\/p>\n\n\t\t<\/div>\n\t<\/div>\n<\/div><\/div><\/div><\/div><div class=\"vc_row-full-width vc_clearfix\"><\/div><div data-vc-full-width=\"true\" data-vc-full-width-init=\"false\" class=\"vc_row wpb_row vc_row-fluid redl-row-section feature-row vc_custom_1504100661321 vc_row-o-equal-height vc_row-o-content-middle vc_row-flex padding-medium bgv-default bgh-default halign-center\"><div class=\"feature-info wpb_column vc_column_container text-left vc_col-sm-6 vc_col-lg-4 padding-small bgv-default bgh-default halign-default\"><div class=\"vc_column-inner\"><div class=\"wpb_wrapper\">\n\t<div class=\"wpb_text_column wpb_content_element\" >\n\t\t<div class=\"wpb_wrapper\">\n\t\t\t<p><span class=\"text-title\">Zile de concediu<\/span><\/p>\n<p>Este un grafic simplu ordonat \u00een func\u021bie de num\u0103rul de zile libere luate de anumite persoane \u00eentr-o anumit\u0103 perioad\u0103 de timp.<\/p>\n\n\t\t<\/div>\n\t<\/div>\n<\/div><\/div><\/div><div class=\"wpb_column vc_column_container text-left vc_col-sm-6 padding-default bgv-default bgh-default halign-default\"><div class=\"vc_column-inner\"><div class=\"wpb_wrapper\">\n\t<div class=\"wpb_text_column wpb_content_element\" >\n\t\t<div class=\"wpb_wrapper\">\n\t\t\t<p><img loading=\"lazy\" decoding=\"async\" class=\"alignnone wp-image-4785\" src=\"https:\/\/cdn.teamdeck.io\/uploads\/website\/2019\/03\/15103636\/Screen-Shot-2019-03-15-at-09.35.13-300x198.png\" alt=\"Zile de concediu\" width=\"500\" height=\"330\" srcset=\"https:\/\/cdn.teamdeck.io\/uploads\/website\/2019\/03\/15103636\/Screen-Shot-2019-03-15-at-09.35.13-300x198.png 300w, https:\/\/cdn.teamdeck.io\/uploads\/website\/2019\/03\/15103636\/Screen-Shot-2019-03-15-at-09.35.13-768x506.png 768w, https:\/\/cdn.teamdeck.io\/uploads\/website\/2019\/03\/15103636\/Screen-Shot-2019-03-15-at-09.35.13-960x633.png 960w, https:\/\/cdn.teamdeck.io\/uploads\/website\/2019\/03\/15103636\/Screen-Shot-2019-03-15-at-09.35.13.png 1308w\" sizes=\"auto, (max-width: 500px) 100vw, 500px\" \/><\/p>\n\n\t\t<\/div>\n\t<\/div>\n<\/div><\/div><\/div><\/div><div class=\"vc_row-full-width vc_clearfix\"><\/div><div data-vc-full-width=\"true\" data-vc-full-width-init=\"false\" class=\"vc_row wpb_row vc_row-fluid redl-row-section feature-row vc_custom_1504100630814 vc_row-o-equal-height vc_row-o-content-middle vc_row-flex padding-medium bgv-default bgh-default halign-center\"><div class=\"wpb_column vc_column_container text-left vc_col-sm-6 padding-default bgv-default bgh-default halign-default\"><div class=\"vc_column-inner\"><div class=\"wpb_wrapper\">\n\t<div class=\"wpb_text_column wpb_content_element\" >\n\t\t<div class=\"wpb_wrapper\">\n\t\t\t<p><img loading=\"lazy\" decoding=\"async\" class=\"alignnone wp-image-4784\" src=\"https:\/\/cdn.teamdeck.io\/uploads\/website\/2019\/03\/15103633\/Screen-Shot-2019-03-15-at-09.35.32-300x197.png\" alt=\"Aloca\u021bie de vacan\u021b\u0103\" width=\"500\" height=\"329\" srcset=\"https:\/\/cdn.teamdeck.io\/uploads\/website\/2019\/03\/15103633\/Screen-Shot-2019-03-15-at-09.35.32-300x197.png 300w, https:\/\/cdn.teamdeck.io\/uploads\/website\/2019\/03\/15103633\/Screen-Shot-2019-03-15-at-09.35.32-768x505.png 768w, https:\/\/cdn.teamdeck.io\/uploads\/website\/2019\/03\/15103633\/Screen-Shot-2019-03-15-at-09.35.32-960x631.png 960w, https:\/\/cdn.teamdeck.io\/uploads\/website\/2019\/03\/15103633\/Screen-Shot-2019-03-15-at-09.35.32.png 1250w\" sizes=\"auto, (max-width: 500px) 100vw, 500px\" \/><\/p>\n\n\t\t<\/div>\n\t<\/div>\n<\/div><\/div><\/div><div class=\"feature-info wpb_column vc_column_container text-left vc_col-sm-6 vc_col-lg-4 padding-small bgv-default bgh-default halign-default\"><div class=\"vc_column-inner\"><div class=\"wpb_wrapper\">\n\t<div class=\"wpb_text_column wpb_content_element\" >\n\t\t<div class=\"wpb_wrapper\">\n\t\t\t<p><span class=\"text-title\">Aloca\u021bie pentru persoane \u0219i vacan\u021be<\/span><\/p>\n<p>Acesta este nucleul raportului de absen\u021be, un tabel care v\u0103 permite s\u0103 \u021bine\u021bi eviden\u021ba indemniza\u021biei de vacan\u021b\u0103 curente a membrilor echipei dvs. Tot ce trebuie s\u0103 face\u021bi este s\u0103 introduce\u021bi indemniza\u021bia lor global\u0103 anual\u0103 sau lunar\u0103 (\u00een func\u021bie de perioada pe care dori\u021bi s\u0103 o analiza\u021bi). Pute\u021bi introduce pur \u0219i simplu aceste valori \u00een c\u00e2mpul <em>indemniza\u021bie de vacan\u021b\u0103<\/em> coloan\u0103, ca \u00eentr-o foaie de calcul. Num\u0103rul de zile de concediu r\u0103mase va fi calculat \u0219i actualizat automat.<\/p>\n\n\t\t<\/div>\n\t<\/div>\n<\/div><\/div><\/div><\/div><div class=\"vc_row-full-width vc_clearfix\"><\/div><div class=\"vc_row wpb_row vc_row-fluid redl-row-section padding-default bgv-default bgh-default halign-default\"><div class=\"wpb_column vc_column_container text-left vc_col-sm-12 padding-default bgv-default bgh-default halign-default\"><div class=\"vc_column-inner\"><div class=\"wpb_wrapper\">\n\t<div class=\"wpb_text_column wpb_content_element\" >\n\t\t<div class=\"wpb_wrapper\">\n\t\t\t\n\t\t<\/div>\n\t<\/div>\n<\/div><\/div><\/div><\/div><div class=\"vc_row wpb_row vc_row-fluid redl-row-section vc_custom_1551186799735 padding-small bgv-default bgh-default halign-center\"><div class=\"wpb_column vc_column_container text-left vc_col-sm-12 padding-default bgv-default bgh-default halign-default\"><div class=\"vc_column-inner\"><div class=\"wpb_wrapper\">\n\t<div class=\"wpb_text_column wpb_content_element\" >\n\t\t<div class=\"wpb_wrapper\">\n\t\t\t<p><span style=\"font-size: 18px;\">\u0218ablonul de raport de absen\u021be, ca toate rapoartele din Teamdeck, este personalizabil. Pute\u021bi ad\u0103uga tabele \u0219i grafice, schimba numele coloanelor sau ajusta calculele pentru a se potrivi mai bine politicilor companiei dvs.<br \/>\nVede\u021bi un exemplu de raport de absen\u021b\u0103 <a href=\"https:\/\/app.teamdeck.io\/reports\/3ea593d67594be0c51688114759165b35c8645323dc8e5c8645323dd3b\">aici<\/a>.<\/span><\/p>\n\n\t\t<\/div>\n\t<\/div>\n\n\t<div class=\"wpb_text_column wpb_content_element\" >\n\t\t<div class=\"wpb_wrapper\">\n\t\t\t<p><span style=\"font-size: 18px;\">Re\u021bine\u021bi c\u0103 toate elementele acestui raport pot fi personalizate: pute\u021bi ad\u0103uga sau elimina grafice, modifica etichetele sau formulele de calcul, orice ave\u021bi nevoie pentru a face acest raport s\u0103 func\u021bioneze perfect cu fluxul de lucru curent.<\/span><\/p>\n\n\t\t<\/div>\n\t<\/div>\n<div class=\"vc_empty_space\"   style=\"height: 32px\" ><span class=\"vc_empty_space_inner\"><\/span><\/div>\n<\/div><\/div><\/div><\/div><div data-vc-full-width=\"true\" data-vc-full-width-init=\"false\" class=\"vc_row wpb_row vc_row-fluid redl-row-section footer-message-row vc_custom_1502964176474 vc_row-has-fill vc_row-o-equal-height vc_row-flex padding-medium bgv-default bgh-default halign-default\"><div class=\"wpb_column vc_column_container text-center vc_col-sm-12 vc_col-lg-8 vc_col-md-9 padding-default bgv-default bgh-default halign-center\"><div class=\"vc_column-inner\"><div class=\"wpb_wrapper\">\n\t<div class=\"wpb_text_column wpb_content_element\" >\n\t\t<div class=\"wpb_wrapper\">\n\t\t\t<p><span class=\"message\">Pentru a v\u0103 crea propriul raport de absen\u021be, selecta\u021bi <strong>Raport privind timpul liber<\/strong> din \u0219abloanele disponibile \u00een sec\u021biunea de rapoarte a Teamdeck.<\/span><\/p>\n\n\t\t<\/div>\n\t<\/div>\n<a class=\"redl-btn  redl-btn-border redl-btn-two  redl-btn-medium redl-btn-69dbe339de9db btn-hover-one btn-icon-left signup-bottom\" href=\"https:\/\/app.teamdeck.io\/register?utm_source=reports\" target=\"_blank\">Ob\u021bine\u021bi o perioad\u0103 de testare GRATUIT\u0102 de 30 de zile<\/a><\/div><\/div><\/div><\/div><div class=\"vc_row-full-width vc_clearfix\"><\/div><div class=\"vc_row wpb_row vc_row-fluid redl-row-section padding-default bgv-default bgh-default halign-default\"><div class=\"wpb_column vc_column_container text-left vc_col-sm-12 padding-default bgv-default bgh-default halign-default\"><div class=\"vc_column-inner\"><div class=\"wpb_wrapper\">\n\t<div class=\"wpb_text_column wpb_content_element\" >\n\t\t<div class=\"wpb_wrapper\">\n\t\t\t<h2 style=\"text-align: center;\">noastre <a href=\"https:\/\/teamdeck.io\/ro\/\">software de planificare a resurselor<\/a> este ales de Hill-Knowlton, Unit9, Wunderman Thompson - pentru a men\u021biona c\u00e2\u021biva dintre clien\u021bii no\u0219tri. Afla\u021bi mai multe despre capacit\u0103\u021bile Teamdeck<\/h2>\n\n\t\t<\/div>\n\t<\/div>\n<\/div><\/div><\/div><\/div><div class=\"vc_row wpb_row vc_row-fluid redl-row-section padding-default bgv-default bgh-default halign-default\"><div class=\"wpb_column vc_column_container text-left vc_col-sm-12 padding-default bgv-default bgh-default halign-default\"><div class=\"vc_column-inner\"><div class=\"wpb_wrapper\"><form class=\"get-started-form\" action=\"\">\n  <div class=\"get-started-form__input-wrapper\">\n    <input class=\"get-started-form__input\" placeholder=\"Introduce\u021bi adresa dvs. de e-mail profesional\u0103\" \/>\n  <\/div>\n  <button type=\"submit\" class=\"get-started-form__button\">\n    <span class=\"get-started-form__button-text\">Ob\u021bine\u021bi o perioad\u0103 de \u00eencercare GRATUIT\u0102 de 14 zile<\/>\n  <\/button>\n  <button class=\"get-started-form__button\">\n    <span class=\"get-started-form__button-text\">E-mail invalid<\/>\n  <\/button>\n<input type=\"hidden\" name=\"trp-form-language\" value=\"ro\"\/><\/form>\n<\/div><\/div><\/div><\/div>","protected":false},"excerpt":{"rendered":"Absence Report Template Time off (herein: Absence) report template is most often used by HR &amp; operations teams who need to keep track of vacation allowances. Time off taken This chart visualizes the time off taken by...","protected":false},"author":6,"featured_media":0,"parent":4695,"menu_order":0,"comment_status":"closed","ping_status":"closed","template":"","meta":{"footnotes":""},"class_list":["post-4739","page","type-page","status-publish","hentry"],"yoast_head":"<!-- This site is optimized with the Yoast SEO Premium plugin v23.8 (Yoast SEO v24.3) - https:\/\/yoast.com\/wordpress\/plugins\/seo\/ -->\n<title>Absence Report Template - Teamdeck<\/title>\n<meta name=\"description\" content=\"Absence report template is most often used by HR &amp; operations teams who need to keep track of vacation allowances and time off taken.\" \/>\n<meta name=\"robots\" content=\"index, follow, max-snippet:-1, max-image-preview:large, max-video-preview:-1\" \/>\n<link rel=\"canonical\" href=\"https:\/\/teamdeck.io\/ro\/caracteristici\/raportare\/model-de-raport-de-absenta\/\" \/>\n<meta property=\"og:locale\" content=\"ro_RO\" \/>\n<meta property=\"og:type\" content=\"article\" \/>\n<meta property=\"og:title\" content=\"Absence report template\" \/>\n<meta property=\"og:description\" content=\"Absence report template is most often used by HR &amp; operations teams who need to keep track of vacation allowances and time off taken.\" \/>\n<meta property=\"og:url\" content=\"https:\/\/teamdeck.io\/ro\/caracteristici\/raportare\/model-de-raport-de-absenta\/\" \/>\n<meta property=\"og:site_name\" content=\"Teamdeck\" \/>\n<meta property=\"article:publisher\" content=\"https:\/\/www.facebook.com\/helloteamdeck\" \/>\n<meta property=\"article:modified_time\" content=\"2021-12-16T17:52:51+00:00\" \/>\n<meta property=\"og:image\" content=\"https:\/\/teamdeck.io\/wp-content\/uploads\/2019\/03\/Screen-Shot-2019-03-15-at-09.34.59-300x258.png\" \/>\n<meta name=\"twitter:card\" content=\"summary_large_image\" \/>\n<meta name=\"twitter:site\" content=\"@helloteamdeck\" \/>\n<meta name=\"twitter:label1\" content=\"Est. reading time\" \/>\n\t<meta name=\"twitter:data1\" content=\"3 minutes\" \/>\n<script type=\"application\/ld+json\" class=\"yoast-schema-graph\">{\"@context\":\"https:\/\/schema.org\",\"@graph\":[{\"@type\":\"WebPage\",\"@id\":\"https:\/\/teamdeck.io\/features\/reporting\/absence-report-template\/\",\"url\":\"https:\/\/teamdeck.io\/features\/reporting\/absence-report-template\/\",\"name\":\"Absence Report Template - Teamdeck\",\"isPartOf\":{\"@id\":\"https:\/\/teamdeck.io\/#website\"},\"primaryImageOfPage\":{\"@id\":\"https:\/\/teamdeck.io\/features\/reporting\/absence-report-template\/#primaryimage\"},\"image\":{\"@id\":\"https:\/\/teamdeck.io\/features\/reporting\/absence-report-template\/#primaryimage\"},\"thumbnailUrl\":\"https:\/\/teamdeck.io\/wp-content\/uploads\/2019\/03\/Screen-Shot-2019-03-15-at-09.34.59-300x258.png\",\"datePublished\":\"2019-03-15T15:19:58+00:00\",\"dateModified\":\"2021-12-16T17:52:51+00:00\",\"description\":\"Absence report template is most often used by HR & operations teams who need to keep track of vacation allowances and time off taken.\",\"breadcrumb\":{\"@id\":\"https:\/\/teamdeck.io\/features\/reporting\/absence-report-template\/#breadcrumb\"},\"inLanguage\":\"ro-RO\",\"potentialAction\":[{\"@type\":\"ReadAction\",\"target\":[\"https:\/\/teamdeck.io\/features\/reporting\/absence-report-template\/\"]}]},{\"@type\":\"ImageObject\",\"inLanguage\":\"ro-RO\",\"@id\":\"https:\/\/teamdeck.io\/features\/reporting\/absence-report-template\/#primaryimage\",\"url\":\"https:\/\/teamdeck.io\/wp-content\/uploads\/2019\/03\/Screen-Shot-2019-03-15-at-09.34.59-300x258.png\",\"contentUrl\":\"https:\/\/teamdeck.io\/wp-content\/uploads\/2019\/03\/Screen-Shot-2019-03-15-at-09.34.59-300x258.png\"},{\"@type\":\"BreadcrumbList\",\"@id\":\"https:\/\/teamdeck.io\/features\/reporting\/absence-report-template\/#breadcrumb\",\"itemListElement\":[{\"@type\":\"ListItem\",\"position\":1,\"name\":\"Home\",\"item\":\"https:\/\/teamdeck.io\/\"},{\"@type\":\"ListItem\",\"position\":2,\"name\":\"Features\",\"item\":\"https:\/\/teamdeck.io\/features\/\"},{\"@type\":\"ListItem\",\"position\":3,\"name\":\"Custom reporting\",\"item\":\"https:\/\/teamdeck.io\/features\/reporting\/\"},{\"@type\":\"ListItem\",\"position\":4,\"name\":\"Absence report template\"}]},{\"@type\":\"WebSite\",\"@id\":\"https:\/\/teamdeck.io\/#website\",\"url\":\"https:\/\/teamdeck.io\/\",\"name\":\"Teamdeck\",\"description\":\"resource scheduling + time tracking + leave management\",\"potentialAction\":[{\"@type\":\"SearchAction\",\"target\":{\"@type\":\"EntryPoint\",\"urlTemplate\":\"https:\/\/teamdeck.io\/?s={search_term_string}\"},\"query-input\":{\"@type\":\"PropertyValueSpecification\",\"valueRequired\":true,\"valueName\":\"search_term_string\"}}],\"inLanguage\":\"ro-RO\"}]}<\/script>\n<!-- \/ Yoast SEO Premium plugin. -->","yoast_head_json":{"title":"Absence Report Template - Teamdeck","description":"Absence report template is most often used by HR & operations teams who need to keep track of vacation allowances and time off taken.","robots":{"index":"index","follow":"follow","max-snippet":"max-snippet:-1","max-image-preview":"max-image-preview:large","max-video-preview":"max-video-preview:-1"},"canonical":"https:\/\/teamdeck.io\/ro\/caracteristici\/raportare\/model-de-raport-de-absenta\/","og_locale":"ro_RO","og_type":"article","og_title":"Absence report template","og_description":"Absence report template is most often used by HR & operations teams who need to keep track of vacation allowances and time off taken.","og_url":"https:\/\/teamdeck.io\/ro\/caracteristici\/raportare\/model-de-raport-de-absenta\/","og_site_name":"Teamdeck","article_publisher":"https:\/\/www.facebook.com\/helloteamdeck","article_modified_time":"2021-12-16T17:52:51+00:00","og_image":[{"url":"https:\/\/teamdeck.io\/wp-content\/uploads\/2019\/03\/Screen-Shot-2019-03-15-at-09.34.59-300x258.png","type":"","width":"","height":""}],"twitter_card":"summary_large_image","twitter_site":"@helloteamdeck","twitter_misc":{"Est. reading time":"3 minutes"},"schema":{"@context":"https:\/\/schema.org","@graph":[{"@type":"WebPage","@id":"https:\/\/teamdeck.io\/features\/reporting\/absence-report-template\/","url":"https:\/\/teamdeck.io\/features\/reporting\/absence-report-template\/","name":"Absence Report Template - Teamdeck","isPartOf":{"@id":"https:\/\/teamdeck.io\/#website"},"primaryImageOfPage":{"@id":"https:\/\/teamdeck.io\/features\/reporting\/absence-report-template\/#primaryimage"},"image":{"@id":"https:\/\/teamdeck.io\/features\/reporting\/absence-report-template\/#primaryimage"},"thumbnailUrl":"https:\/\/teamdeck.io\/wp-content\/uploads\/2019\/03\/Screen-Shot-2019-03-15-at-09.34.59-300x258.png","datePublished":"2019-03-15T15:19:58+00:00","dateModified":"2021-12-16T17:52:51+00:00","description":"Absence report template is most often used by HR & operations teams who need to keep track of vacation allowances and time off taken.","breadcrumb":{"@id":"https:\/\/teamdeck.io\/features\/reporting\/absence-report-template\/#breadcrumb"},"inLanguage":"ro-RO","potentialAction":[{"@type":"ReadAction","target":["https:\/\/teamdeck.io\/features\/reporting\/absence-report-template\/"]}]},{"@type":"ImageObject","inLanguage":"ro-RO","@id":"https:\/\/teamdeck.io\/features\/reporting\/absence-report-template\/#primaryimage","url":"https:\/\/teamdeck.io\/wp-content\/uploads\/2019\/03\/Screen-Shot-2019-03-15-at-09.34.59-300x258.png","contentUrl":"https:\/\/teamdeck.io\/wp-content\/uploads\/2019\/03\/Screen-Shot-2019-03-15-at-09.34.59-300x258.png"},{"@type":"BreadcrumbList","@id":"https:\/\/teamdeck.io\/features\/reporting\/absence-report-template\/#breadcrumb","itemListElement":[{"@type":"ListItem","position":1,"name":"Home","item":"https:\/\/teamdeck.io\/"},{"@type":"ListItem","position":2,"name":"Features","item":"https:\/\/teamdeck.io\/features\/"},{"@type":"ListItem","position":3,"name":"Custom reporting","item":"https:\/\/teamdeck.io\/features\/reporting\/"},{"@type":"ListItem","position":4,"name":"Absence report template"}]},{"@type":"WebSite","@id":"https:\/\/teamdeck.io\/#website","url":"https:\/\/teamdeck.io\/","name":"Teamdeck","description":"resource scheduling + time tracking + leave management","potentialAction":[{"@type":"SearchAction","target":{"@type":"EntryPoint","urlTemplate":"https:\/\/teamdeck.io\/?s={search_term_string}"},"query-input":{"@type":"PropertyValueSpecification","valueRequired":true,"valueName":"search_term_string"}}],"inLanguage":"ro-RO"}]}},"_links":{"self":[{"href":"https:\/\/teamdeck.io\/ro\/wp-json\/wp\/v2\/pages\/4739","targetHints":{"allow":["GET"]}}],"collection":[{"href":"https:\/\/teamdeck.io\/ro\/wp-json\/wp\/v2\/pages"}],"about":[{"href":"https:\/\/teamdeck.io\/ro\/wp-json\/wp\/v2\/types\/page"}],"author":[{"embeddable":true,"href":"https:\/\/teamdeck.io\/ro\/wp-json\/wp\/v2\/users\/6"}],"replies":[{"embeddable":true,"href":"https:\/\/teamdeck.io\/ro\/wp-json\/wp\/v2\/comments?post=4739"}],"version-history":[{"count":11,"href":"https:\/\/teamdeck.io\/ro\/wp-json\/wp\/v2\/pages\/4739\/revisions"}],"predecessor-version":[{"id":8411,"href":"https:\/\/teamdeck.io\/ro\/wp-json\/wp\/v2\/pages\/4739\/revisions\/8411"}],"up":[{"embeddable":true,"href":"https:\/\/teamdeck.io\/ro\/wp-json\/wp\/v2\/pages\/4695"}],"wp:attachment":[{"href":"https:\/\/teamdeck.io\/ro\/wp-json\/wp\/v2\/media?parent=4739"}],"curies":[{"name":"wp","href":"https:\/\/api.w.org\/{rel}","templated":true}]}}