{"id":4719,"date":"2019-03-15T17:08:58","date_gmt":"2019-03-15T15:08:58","guid":{"rendered":"https:\/\/teamdeck.io\/?page_id=4719"},"modified":"2022-04-25T15:00:40","modified_gmt":"2022-04-25T13:00:40","slug":"utilization-report-template","status":"publish","type":"page","link":"https:\/\/teamdeck.io\/ro\/caracteristici\/raportare\/model-de-raport-de-utilizare\/","title":{"rendered":"Model de raport lunar de utilizare"},"content":{"rendered":"<div data-vc-full-width=\"true\" data-vc-full-width-init=\"false\" class=\"vc_row wpb_row vc_row-fluid redl-row-section vc_custom_1551262861481 vc_row-has-fill vc_row-o-content-middle vc_row-flex padding-default bgv-default bgh-default halign-center\"><div class=\"wpb_column vc_column_container text-left vc_col-sm-12 padding-default bgv-default bgh-default halign-center\"><div class=\"vc_column-inner\"><div class=\"wpb_wrapper\">\n\t<div class=\"wpb_text_column wpb_content_element\" >\n\t\t<div class=\"wpb_wrapper\">\n\t\t\t<h1 style=\"text-align: center;\">Model de raport lunar de utilizare<\/h1>\n\n\t\t<\/div>\n\t<\/div>\n<\/div><\/div><\/div><\/div><div class=\"vc_row-full-width vc_clearfix\"><\/div><div class=\"vc_row wpb_row vc_row-fluid redl-row-section padding-default bgv-default bgh-default halign-default\"><div class=\"wpb_column vc_column_container text-center vc_col-sm-12 padding-default bgv-default bgh-default halign-default\"><div class=\"vc_column-inner\"><div class=\"wpb_wrapper\">\n\t<div  class=\"wpb_single_image wpb_content_element vc_align_center\">\n\t\t\n\t\t<figure class=\"wpb_wrapper vc_figure\">\n\t\t\t<div class=\"vc_single_image-wrapper   vc_box_border_grey\"><img loading=\"lazy\" decoding=\"async\" width=\"2400\" height=\"874\" src=\"https:\/\/cdn.teamdeck.io\/uploads\/website\/2022\/03\/02200010\/Utilization-report.jpeg\" class=\"vc_single_image-img attachment-full\" alt=\"Software online de pontaj cu \u0219ablon de raport de utilizare\" \/><\/div>\n\t\t<\/figure>\n\t<\/div>\n<\/div><\/div><\/div><\/div><div class=\"vc_row wpb_row vc_row-fluid redl-row-section padding-medium bgv-default bgh-default halign-default\"><div class=\"wpb_column vc_column_container text-center vc_col-sm-12 padding-default bgv-default bgh-default halign-default\"><div class=\"vc_column-inner\"><div class=\"wpb_wrapper\">\n\t<div class=\"wpb_text_column wpb_content_element\" >\n\t\t<div class=\"wpb_wrapper\">\n\t\t\t<p><span style=\"font-size: 18px;\">Un raport de utilizare a echipei este o modalitate simpl\u0103 de a vizualiza volumul de munc\u0103 al echipei dvs. \u00eentr-o anumit\u0103 perioad\u0103 de timp.\u00a0<\/span><\/p>\n<p><span style=\"font-size: 18px;\">\u0218ablonul de raport de utilizare a echipei Teamdeck const\u0103 din 3 sec\u021biuni:<\/span><\/p>\n\n\t\t<\/div>\n\t<\/div>\n<\/div><\/div><\/div><\/div><div class=\"vc_row wpb_row vc_row-fluid redl-row-section padding-default bgv-default bgh-default halign-default\"><div class=\"wpb_column vc_column_container text-left vc_col-sm-12 padding-default bgv-default bgh-default halign-default\"><div class=\"vc_column-inner\"><div class=\"wpb_wrapper\">\n\t<div class=\"wpb_text_column wpb_content_element\" >\n\t\t<div class=\"wpb_wrapper\">\n\t\t\t\n\t\t<\/div>\n\t<\/div>\n<\/div><\/div><\/div><\/div><div data-vc-full-width=\"true\" data-vc-full-width-init=\"false\" class=\"vc_row wpb_row vc_row-fluid redl-row-section feature-row vc_custom_1504100630814 vc_row-o-equal-height vc_row-o-content-middle vc_row-flex padding-medium bgv-default bgh-default halign-center\"><div class=\"feature-image wpb_column vc_column_container text-left vc_col-sm-7 vc_col-lg-6 vc_col-md-7 padding-default bgv-default bgh-default halign-default\"><div class=\"vc_column-inner\"><div class=\"wpb_wrapper\">\n\t<div class=\"wpb_text_column wpb_content_element\" >\n\t\t<div class=\"wpb_wrapper\">\n\t\t\t<p><img loading=\"lazy\" decoding=\"async\" class=\"alignnone wp-image-4806\" src=\"https:\/\/cdn.teamdeck.io\/uploads\/website\/2019\/03\/15114123\/Screen-Shot-2019-03-15-at-10.34.47-e1555411621610.png\" alt=\"Ore suplimentare ale membrilor echipei\" width=\"500\" height=\"359\" srcset=\"https:\/\/cdn.teamdeck.io\/uploads\/website\/2019\/03\/15114123\/Screen-Shot-2019-03-15-at-10.34.47-e1555411621610.png 990w, https:\/\/cdn.teamdeck.io\/uploads\/website\/2019\/03\/15114123\/Screen-Shot-2019-03-15-at-10.34.47-e1555411621610-300x215.png 300w, https:\/\/cdn.teamdeck.io\/uploads\/website\/2019\/03\/15114123\/Screen-Shot-2019-03-15-at-10.34.47-e1555411621610-768x551.png 768w, https:\/\/cdn.teamdeck.io\/uploads\/website\/2019\/03\/15114123\/Screen-Shot-2019-03-15-at-10.34.47-e1555411621610-960x688.png 960w\" sizes=\"auto, (max-width: 500px) 100vw, 500px\" \/><\/p>\n\n\t\t<\/div>\n\t<\/div>\n<\/div><\/div><\/div><div class=\"feature-info wpb_column vc_column_container text-left vc_col-sm-5 vc_col-lg-4 padding-small bgv-default bgh-default halign-default\"><div class=\"vc_column-inner\"><div class=\"wpb_wrapper\">\n\t<div class=\"wpb_text_column wpb_content_element\" >\n\t\t<div class=\"wpb_wrapper\">\n\t\t\t<p><strong><span class=\"text-title\">Ore suplimentare<\/span><\/strong><\/p>\n<p>Un grafic de bare care vizualizeaz\u0103 orele suplimentare ale membrilor echipei dvs. Acesta este calculat pe baza disponibilit\u0103\u021bii, rezerv\u0103rilor \u0219i fi\u0219elor de pontaj ale echipei dvs. Cei mai suprasolicita\u021bi angaja\u021bi sunt lista\u021bi \u00een partea de sus a graficului.<\/p>\n\n\t\t<\/div>\n\t<\/div>\n<\/div><\/div><\/div><\/div><div class=\"vc_row-full-width vc_clearfix\"><\/div><div data-vc-full-width=\"true\" data-vc-full-width-init=\"false\" class=\"vc_row wpb_row vc_row-fluid redl-row-section feature-row vc_custom_1504100661321 vc_row-o-equal-height vc_row-o-content-middle vc_row-flex padding-medium bgv-default bgh-default halign-center\"><div class=\"feature-info wpb_column vc_column_container text-left vc_col-sm-5 vc_col-lg-4 padding-small bgv-default bgh-default halign-default\"><div class=\"vc_column-inner\"><div class=\"wpb_wrapper\">\n\t<div class=\"wpb_text_column wpb_content_element\" >\n\t\t<div class=\"wpb_wrapper\">\n\t\t\t<h2><span class=\"text-title\">Tabel de utilizare a echipei<\/span><\/h2>\n<p>Iat\u0103 o scufundare ad\u00e2nc\u0103 \u00een datele privind volumul de munc\u0103 al echipei dvs. Pute\u021bi vedea o defalcare a orelor planificate \u0219i reale ale fiec\u0103rui membru al echipei, utilizarea acestora (disponibilitate vs. munc\u0103 planificat\u0103) \u0219i orele suplimentare.<\/p>\n\n\t\t<\/div>\n\t<\/div>\n<\/div><\/div><\/div><div class=\"feature-image wpb_column vc_column_container text-left vc_col-sm-7 vc_col-lg-6 padding-default bgv-default bgh-default halign-default\"><div class=\"vc_column-inner\"><div class=\"wpb_wrapper\">\n\t<div class=\"wpb_text_column wpb_content_element\" >\n\t\t<div class=\"wpb_wrapper\">\n\t\t\t<p><img loading=\"lazy\" decoding=\"async\" class=\"alignnone wp-image-4805\" src=\"https:\/\/cdn.teamdeck.io\/uploads\/website\/2019\/03\/15114121\/Screen-Shot-2019-03-15-at-10.37.50-e1555411641612.png\" alt=\"Raport de utilizare a echipei\" width=\"500\" height=\"318\" srcset=\"https:\/\/cdn.teamdeck.io\/uploads\/website\/2019\/03\/15114121\/Screen-Shot-2019-03-15-at-10.37.50-e1555411641612.png 1140w, https:\/\/cdn.teamdeck.io\/uploads\/website\/2019\/03\/15114121\/Screen-Shot-2019-03-15-at-10.37.50-e1555411641612-300x191.png 300w, https:\/\/cdn.teamdeck.io\/uploads\/website\/2019\/03\/15114121\/Screen-Shot-2019-03-15-at-10.37.50-e1555411641612-768x489.png 768w, https:\/\/cdn.teamdeck.io\/uploads\/website\/2019\/03\/15114121\/Screen-Shot-2019-03-15-at-10.37.50-e1555411641612-960x611.png 960w\" sizes=\"auto, (max-width: 500px) 100vw, 500px\" \/><\/p>\n\n\t\t<\/div>\n\t<\/div>\n<\/div><\/div><\/div><\/div><div class=\"vc_row-full-width vc_clearfix\"><\/div><div data-vc-full-width=\"true\" data-vc-full-width-init=\"false\" class=\"vc_row wpb_row vc_row-fluid redl-row-section feature-row vc_custom_1504100640393 vc_row-o-equal-height vc_row-o-content-middle vc_row-flex padding-medium bgv-default bgh-default halign-center\"><div class=\"feature-image wpb_column vc_column_container text-left vc_col-sm-7 vc_col-lg-6 padding-default bgv-default bgh-default halign-default\"><div class=\"vc_column-inner\"><div class=\"wpb_wrapper\">\n\t<div class=\"wpb_text_column wpb_content_element\" >\n\t\t<div class=\"wpb_wrapper\">\n\t\t\t<p><img loading=\"lazy\" decoding=\"async\" class=\"alignnone wp-image-4808\" src=\"https:\/\/cdn.teamdeck.io\/uploads\/website\/2019\/03\/15114901\/Screen-Shot-2019-03-15-at-10.48.20-e1555411593950.png\" alt=\"Calendarul volumului de munc\u0103\" width=\"500\" height=\"323\" srcset=\"https:\/\/cdn.teamdeck.io\/uploads\/website\/2019\/03\/15114901\/Screen-Shot-2019-03-15-at-10.48.20-e1555411593950.png 1296w, https:\/\/cdn.teamdeck.io\/uploads\/website\/2019\/03\/15114901\/Screen-Shot-2019-03-15-at-10.48.20-e1555411593950-300x194.png 300w, https:\/\/cdn.teamdeck.io\/uploads\/website\/2019\/03\/15114901\/Screen-Shot-2019-03-15-at-10.48.20-e1555411593950-768x495.png 768w, https:\/\/cdn.teamdeck.io\/uploads\/website\/2019\/03\/15114901\/Screen-Shot-2019-03-15-at-10.48.20-e1555411593950-960x619.png 960w\" sizes=\"auto, (max-width: 500px) 100vw, 500px\" \/><\/p>\n\n\t\t<\/div>\n\t<\/div>\n<\/div><\/div><\/div><div class=\"feature-info wpb_column vc_column_container text-left vc_col-sm-5 vc_col-lg-4 padding-small bgv-default bgh-default halign-default\"><div class=\"vc_column-inner\"><div class=\"wpb_wrapper\">\n\t<div class=\"wpb_text_column wpb_content_element\" >\n\t\t<div class=\"wpb_wrapper\">\n\t\t\t<p><span class=\"text-title\">Calendarul volumului de munc\u0103<\/span><\/p>\n<p>Aceast\u0103 cronologie este util\u0103 \u00een aceste situa\u021bii dificile, c\u00e2nd trebuie s\u0103 analiza\u021bi c\u00e2nd \u0219i cum au deraiat planurile. Graficul ilustreaz\u0103 cantitatea cumulat\u0103 de ore planificate \u0219i reale, astfel \u00eenc\u00e2t s\u0103 pute\u021bi identifica momentul exact \u00een care timpul de lucru \u00eenregistrat a dep\u0103\u0219it estim\u0103rile.<\/p>\n\n\t\t<\/div>\n\t<\/div>\n<\/div><\/div><\/div><\/div><div class=\"vc_row-full-width vc_clearfix\"><\/div><div class=\"vc_row wpb_row vc_row-fluid redl-row-section padding-default bgv-default bgh-default halign-default\"><div class=\"wpb_column vc_column_container text-left vc_col-sm-12 padding-default bgv-default bgh-default halign-default\"><div class=\"vc_column-inner\"><div class=\"wpb_wrapper\">\n\t<div class=\"wpb_text_column wpb_content_element\" >\n\t\t<div class=\"wpb_wrapper\">\n\t\t\t\n\t\t<\/div>\n\t<\/div>\n<\/div><\/div><\/div><\/div><div class=\"vc_row wpb_row vc_row-fluid redl-row-section vc_custom_1551186799735 padding-small bgv-default bgh-default halign-center\"><div class=\"wpb_column vc_column_container text-left vc_col-sm-12 padding-default bgv-default bgh-default halign-default\"><div class=\"vc_column-inner\"><div class=\"wpb_wrapper\">\n\t<div class=\"wpb_text_column wpb_content_element\" >\n\t\t<div class=\"wpb_wrapper\">\n\t\t\t<p><span style=\"font-size: 18px;\"><strong>Fiecare model de raport din Teamdeck poate fi personalizat.<\/strong> Acest lucru \u00eenseamn\u0103 c\u0103 pute\u021bi nu numai s\u0103 modifica\u021bi etichetele \u0219i formulele din elementele existente, ci \u0219i s\u0103 ad\u0103uga\u021bi noi tabele sau grafice, orice vi se pare util. Vede\u021bi un exemplu de raport lunar privind utilizarea resurselor <a href=\"https:\/\/app.teamdeck.io\/reports\/0914b91ffbf1444c1e03a8a713e166e75c87ac4fe15485c87ac4fe15f3\">aici<\/a>.<\/span><\/p>\n\n\t\t<\/div>\n\t<\/div>\n<div class=\"vc_empty_space\"   style=\"height: 32px\" ><span class=\"vc_empty_space_inner\"><\/span><\/div>\n<\/div><\/div><\/div><\/div><div data-vc-full-width=\"true\" data-vc-full-width-init=\"false\" class=\"vc_row wpb_row vc_row-fluid redl-row-section footer-message-row vc_custom_1502964176474 vc_row-has-fill vc_row-o-equal-height vc_row-flex padding-medium bgv-default bgh-default halign-default\"><div class=\"wpb_column vc_column_container text-center vc_col-sm-12 vc_col-lg-8 vc_col-md-9 padding-default bgv-default bgh-default halign-center\"><div class=\"vc_column-inner\"><div class=\"wpb_wrapper\">\n\t<div class=\"wpb_text_column wpb_content_element\" >\n\t\t<div class=\"wpb_wrapper\">\n\t\t\t<p style=\"text-align: center;\"><span class=\"message\">Sunte\u021bi gata s\u0103 v\u0103 baza\u021bi mai mult pe date? Ob\u021bine\u021bi un software complet de planificare a resurselor<\/span><\/p>\n\n\t\t<\/div>\n\t<\/div>\n<a class=\"redl-btn  redl-btn-border redl-btn-two  redl-btn-medium redl-btn-69d149be245a3 btn-hover-one btn-icon-left signup-bottom\" href=\"https:\/\/app.teamdeck.io\/register?utm_source=reports\" target=\"_blank\">Ob\u021bine\u021bi o perioad\u0103 de testare GRATUIT\u0102 de 30 de zile<\/a><div class=\"vc_empty_space\"   style=\"height: 32px\" ><span class=\"vc_empty_space_inner\"><\/span><\/div>\n\n\t<div class=\"wpb_text_column wpb_content_element\" >\n\t\t<div class=\"wpb_wrapper\">\n\t\t\t<p><span style=\"font-size: 18px;\">Merge\u021bi la sec\u021biunea Rapoarte din Teamdeck \u0219i selecta\u021bi <strong>Raport de utilizare a echipei<\/strong> din lista de modele disponibile pentru rapoarte noi.<\/span><\/p>\n\n\t\t<\/div>\n\t<\/div>\n<\/div><\/div><\/div><\/div><div class=\"vc_row-full-width vc_clearfix\"><\/div>","protected":false},"excerpt":{"rendered":"Monthly Utilization Report Template A team utilization report is a simple way to visualize your team's workload in a specific period of time.\u00a0 Teamdeck\u2019s team utilization report template consists of 3 sections: Overtime A bar chart visualizing...","protected":false},"author":6,"featured_media":0,"parent":4695,"menu_order":0,"comment_status":"closed","ping_status":"closed","template":"","meta":{"footnotes":""},"class_list":["post-4719","page","type-page","status-publish","hentry"],"yoast_head":"<!-- This site is optimized with the Yoast SEO Premium plugin v23.8 (Yoast SEO v24.3) - https:\/\/yoast.com\/wordpress\/plugins\/seo\/ -->\n<title>Utilization Report Template | Teamdeck<\/title>\n<meta name=\"description\" content=\"Team utilization report is a simple way to visualize your team workload in a specific period of time. Learn more about reports in Teamdeck\" \/>\n<meta name=\"robots\" content=\"index, follow, max-snippet:-1, max-image-preview:large, max-video-preview:-1\" \/>\n<link rel=\"canonical\" href=\"https:\/\/teamdeck.io\/ro\/caracteristici\/raportare\/model-de-raport-de-utilizare\/\" \/>\n<meta property=\"og:locale\" content=\"ro_RO\" \/>\n<meta property=\"og:type\" content=\"article\" \/>\n<meta property=\"og:title\" content=\"Monthly Utilization Report Template\" \/>\n<meta property=\"og:description\" content=\"Team utilization report is a simple way to visualize your team workload in a specific period of time. Learn more about reports in Teamdeck\" \/>\n<meta property=\"og:url\" content=\"https:\/\/teamdeck.io\/ro\/caracteristici\/raportare\/model-de-raport-de-utilizare\/\" \/>\n<meta property=\"og:site_name\" content=\"Teamdeck\" \/>\n<meta property=\"article:publisher\" content=\"https:\/\/www.facebook.com\/helloteamdeck\" \/>\n<meta property=\"article:modified_time\" content=\"2022-04-25T13:00:40+00:00\" \/>\n<meta property=\"og:image\" content=\"https:\/\/teamdeck.io\/wp-content\/uploads\/2019\/03\/Screen-Shot-2019-03-15-at-10.34.47-e1555411621610.png\" \/>\n<meta name=\"twitter:card\" content=\"summary_large_image\" \/>\n<meta name=\"twitter:site\" content=\"@helloteamdeck\" \/>\n<meta name=\"twitter:label1\" content=\"Est. reading time\" \/>\n\t<meta name=\"twitter:data1\" content=\"3 minutes\" \/>\n<script type=\"application\/ld+json\" class=\"yoast-schema-graph\">{\"@context\":\"https:\/\/schema.org\",\"@graph\":[{\"@type\":\"WebPage\",\"@id\":\"https:\/\/teamdeck.io\/features\/reporting\/utilization-report-template\/\",\"url\":\"https:\/\/teamdeck.io\/features\/reporting\/utilization-report-template\/\",\"name\":\"Utilization Report Template | Teamdeck\",\"isPartOf\":{\"@id\":\"https:\/\/teamdeck.io\/#website\"},\"primaryImageOfPage\":{\"@id\":\"https:\/\/teamdeck.io\/features\/reporting\/utilization-report-template\/#primaryimage\"},\"image\":{\"@id\":\"https:\/\/teamdeck.io\/features\/reporting\/utilization-report-template\/#primaryimage\"},\"thumbnailUrl\":\"https:\/\/teamdeck.io\/wp-content\/uploads\/2019\/03\/Screen-Shot-2019-03-15-at-10.34.47-e1555411621610.png\",\"datePublished\":\"2019-03-15T15:08:58+00:00\",\"dateModified\":\"2022-04-25T13:00:40+00:00\",\"description\":\"Team utilization report is a simple way to visualize your team workload in a specific period of time. Learn more about reports in Teamdeck\",\"breadcrumb\":{\"@id\":\"https:\/\/teamdeck.io\/features\/reporting\/utilization-report-template\/#breadcrumb\"},\"inLanguage\":\"ro-RO\",\"potentialAction\":[{\"@type\":\"ReadAction\",\"target\":[\"https:\/\/teamdeck.io\/features\/reporting\/utilization-report-template\/\"]}]},{\"@type\":\"ImageObject\",\"inLanguage\":\"ro-RO\",\"@id\":\"https:\/\/teamdeck.io\/features\/reporting\/utilization-report-template\/#primaryimage\",\"url\":\"https:\/\/teamdeck.io\/wp-content\/uploads\/2019\/03\/Screen-Shot-2019-03-15-at-10.34.47-e1555411621610.png\",\"contentUrl\":\"https:\/\/teamdeck.io\/wp-content\/uploads\/2019\/03\/Screen-Shot-2019-03-15-at-10.34.47-e1555411621610.png\"},{\"@type\":\"BreadcrumbList\",\"@id\":\"https:\/\/teamdeck.io\/features\/reporting\/utilization-report-template\/#breadcrumb\",\"itemListElement\":[{\"@type\":\"ListItem\",\"position\":1,\"name\":\"Home\",\"item\":\"https:\/\/teamdeck.io\/\"},{\"@type\":\"ListItem\",\"position\":2,\"name\":\"Features\",\"item\":\"https:\/\/teamdeck.io\/features\/\"},{\"@type\":\"ListItem\",\"position\":3,\"name\":\"Custom reporting\",\"item\":\"https:\/\/teamdeck.io\/features\/reporting\/\"},{\"@type\":\"ListItem\",\"position\":4,\"name\":\"Monthly Utilization Report Template\"}]},{\"@type\":\"WebSite\",\"@id\":\"https:\/\/teamdeck.io\/#website\",\"url\":\"https:\/\/teamdeck.io\/\",\"name\":\"Teamdeck\",\"description\":\"resource scheduling + time tracking + leave management\",\"potentialAction\":[{\"@type\":\"SearchAction\",\"target\":{\"@type\":\"EntryPoint\",\"urlTemplate\":\"https:\/\/teamdeck.io\/?s={search_term_string}\"},\"query-input\":{\"@type\":\"PropertyValueSpecification\",\"valueRequired\":true,\"valueName\":\"search_term_string\"}}],\"inLanguage\":\"ro-RO\"}]}<\/script>\n<!-- \/ Yoast SEO Premium plugin. -->","yoast_head_json":{"title":"Utilization Report Template | Teamdeck","description":"Team utilization report is a simple way to visualize your team workload in a specific period of time. Learn more about reports in Teamdeck","robots":{"index":"index","follow":"follow","max-snippet":"max-snippet:-1","max-image-preview":"max-image-preview:large","max-video-preview":"max-video-preview:-1"},"canonical":"https:\/\/teamdeck.io\/ro\/caracteristici\/raportare\/model-de-raport-de-utilizare\/","og_locale":"ro_RO","og_type":"article","og_title":"Monthly Utilization Report Template","og_description":"Team utilization report is a simple way to visualize your team workload in a specific period of time. Learn more about reports in Teamdeck","og_url":"https:\/\/teamdeck.io\/ro\/caracteristici\/raportare\/model-de-raport-de-utilizare\/","og_site_name":"Teamdeck","article_publisher":"https:\/\/www.facebook.com\/helloteamdeck","article_modified_time":"2022-04-25T13:00:40+00:00","og_image":[{"url":"https:\/\/teamdeck.io\/wp-content\/uploads\/2019\/03\/Screen-Shot-2019-03-15-at-10.34.47-e1555411621610.png","type":"","width":"","height":""}],"twitter_card":"summary_large_image","twitter_site":"@helloteamdeck","twitter_misc":{"Est. reading time":"3 minutes"},"schema":{"@context":"https:\/\/schema.org","@graph":[{"@type":"WebPage","@id":"https:\/\/teamdeck.io\/features\/reporting\/utilization-report-template\/","url":"https:\/\/teamdeck.io\/features\/reporting\/utilization-report-template\/","name":"Utilization Report Template | Teamdeck","isPartOf":{"@id":"https:\/\/teamdeck.io\/#website"},"primaryImageOfPage":{"@id":"https:\/\/teamdeck.io\/features\/reporting\/utilization-report-template\/#primaryimage"},"image":{"@id":"https:\/\/teamdeck.io\/features\/reporting\/utilization-report-template\/#primaryimage"},"thumbnailUrl":"https:\/\/teamdeck.io\/wp-content\/uploads\/2019\/03\/Screen-Shot-2019-03-15-at-10.34.47-e1555411621610.png","datePublished":"2019-03-15T15:08:58+00:00","dateModified":"2022-04-25T13:00:40+00:00","description":"Team utilization report is a simple way to visualize your team workload in a specific period of time. Learn more about reports in Teamdeck","breadcrumb":{"@id":"https:\/\/teamdeck.io\/features\/reporting\/utilization-report-template\/#breadcrumb"},"inLanguage":"ro-RO","potentialAction":[{"@type":"ReadAction","target":["https:\/\/teamdeck.io\/features\/reporting\/utilization-report-template\/"]}]},{"@type":"ImageObject","inLanguage":"ro-RO","@id":"https:\/\/teamdeck.io\/features\/reporting\/utilization-report-template\/#primaryimage","url":"https:\/\/teamdeck.io\/wp-content\/uploads\/2019\/03\/Screen-Shot-2019-03-15-at-10.34.47-e1555411621610.png","contentUrl":"https:\/\/teamdeck.io\/wp-content\/uploads\/2019\/03\/Screen-Shot-2019-03-15-at-10.34.47-e1555411621610.png"},{"@type":"BreadcrumbList","@id":"https:\/\/teamdeck.io\/features\/reporting\/utilization-report-template\/#breadcrumb","itemListElement":[{"@type":"ListItem","position":1,"name":"Home","item":"https:\/\/teamdeck.io\/"},{"@type":"ListItem","position":2,"name":"Features","item":"https:\/\/teamdeck.io\/features\/"},{"@type":"ListItem","position":3,"name":"Custom reporting","item":"https:\/\/teamdeck.io\/features\/reporting\/"},{"@type":"ListItem","position":4,"name":"Monthly Utilization Report Template"}]},{"@type":"WebSite","@id":"https:\/\/teamdeck.io\/#website","url":"https:\/\/teamdeck.io\/","name":"Teamdeck","description":"resource scheduling + time tracking + leave management","potentialAction":[{"@type":"SearchAction","target":{"@type":"EntryPoint","urlTemplate":"https:\/\/teamdeck.io\/?s={search_term_string}"},"query-input":{"@type":"PropertyValueSpecification","valueRequired":true,"valueName":"search_term_string"}}],"inLanguage":"ro-RO"}]}},"_links":{"self":[{"href":"https:\/\/teamdeck.io\/ro\/wp-json\/wp\/v2\/pages\/4719","targetHints":{"allow":["GET"]}}],"collection":[{"href":"https:\/\/teamdeck.io\/ro\/wp-json\/wp\/v2\/pages"}],"about":[{"href":"https:\/\/teamdeck.io\/ro\/wp-json\/wp\/v2\/types\/page"}],"author":[{"embeddable":true,"href":"https:\/\/teamdeck.io\/ro\/wp-json\/wp\/v2\/users\/6"}],"replies":[{"embeddable":true,"href":"https:\/\/teamdeck.io\/ro\/wp-json\/wp\/v2\/comments?post=4719"}],"version-history":[{"count":26,"href":"https:\/\/teamdeck.io\/ro\/wp-json\/wp\/v2\/pages\/4719\/revisions"}],"predecessor-version":[{"id":10417,"href":"https:\/\/teamdeck.io\/ro\/wp-json\/wp\/v2\/pages\/4719\/revisions\/10417"}],"up":[{"embeddable":true,"href":"https:\/\/teamdeck.io\/ro\/wp-json\/wp\/v2\/pages\/4695"}],"wp:attachment":[{"href":"https:\/\/teamdeck.io\/ro\/wp-json\/wp\/v2\/media?parent=4719"}],"curies":[{"name":"wp","href":"https:\/\/api.w.org\/{rel}","templated":true}]}}