{"id":4695,"date":"2019-02-26T14:31:13","date_gmt":"2019-02-26T12:31:13","guid":{"rendered":"https:\/\/teamdeck.io\/?page_id=4695"},"modified":"2021-12-14T17:55:26","modified_gmt":"2021-12-14T15:55:26","slug":"reporting","status":"publish","type":"page","link":"https:\/\/teamdeck.io\/ro\/caracteristici\/raportare\/","title":{"rendered":"Raportare personalizat\u0103"},"content":{"rendered":"<div data-vc-full-width=\"true\" data-vc-full-width-init=\"false\" class=\"vc_row wpb_row vc_row-fluid redl-row-section vc_custom_1547727116563 vc_row-has-fill vc_row-o-content-middle vc_row-flex padding-default bgv-default bgh-default halign-center\"><div class=\"wpb_column vc_column_container text-left vc_col-sm-4 padding-default bgv-default bgh-default halign-center\"><div class=\"vc_column-inner\"><div class=\"wpb_wrapper\">\n\t<div class=\"wpb_text_column wpb_content_element\" >\n\t\t<div class=\"wpb_wrapper\">\n\t\t\t<h1>Modele de rapoarte<br \/>\n<span class=\"h2\"><br \/>\n<\/span><\/h1>\n<h3>Lua\u021bi decizii mai bune pe baza analizelor \u00een timp real<\/h3>\n\n\t\t<\/div>\n\t<\/div>\n<a class=\"redl-btn redl-btn-two  vc_custom_1551260371526 redl-btn-medium redl-btn-69debc0bdba61 btn-hover-one btn-icon-right signup-top\" href=\"https:\/\/app.teamdeck.io\/register?utm_source=reports\">Ob\u021bine\u021bi o perioad\u0103 de testare GRATUIT\u0102 de 30 de zile<\/a><\/div><\/div><\/div><div class=\"wpb_column vc_column_container text-right vc_col-sm-8 vc_col-has-fill padding-default bgv-default bgh-default halign-end\"><div class=\"vc_column-inner vc_custom_1547727481560\"><div class=\"wpb_wrapper\">\n\t<div  class=\"wpb_single_image wpb_content_element vc_align_center  vc_custom_1552037342446\">\n\t\t\n\t\t<figure class=\"wpb_wrapper vc_figure\">\n\t\t\t<div class=\"vc_single_image-wrapper   vc_box_border_grey\"><img loading=\"lazy\" decoding=\"async\" width=\"960\" height=\"549\" src=\"https:\/\/cdn.teamdeck.io\/uploads\/website\/2019\/02\/08110840\/raporty-teamdeck-1-02-960x549.png\" class=\"vc_single_image-img attachment-large\" alt=\"Rapoarte de gestionare a proiectelor \u00een Teamdeck\" srcset=\"https:\/\/cdn.teamdeck.io\/uploads\/website\/2019\/02\/08110840\/raporty-teamdeck-1-02-960x549.png 960w, https:\/\/cdn.teamdeck.io\/uploads\/website\/2019\/02\/08110840\/raporty-teamdeck-1-02-300x171.png 300w, https:\/\/cdn.teamdeck.io\/uploads\/website\/2019\/02\/08110840\/raporty-teamdeck-1-02-768x439.png 768w\" sizes=\"auto, (max-width: 960px) 100vw, 960px\" \/><\/div>\n\t\t<\/figure>\n\t<\/div>\n<\/div><\/div><\/div><\/div><div class=\"vc_row-full-width vc_clearfix\"><\/div><div class=\"vc_row wpb_row vc_row-fluid redl-row-section padding-medium bgv-default bgh-default halign-default\"><div class=\"wpb_column vc_column_container text-center vc_col-sm-12 padding-default bgv-default bgh-default halign-default\"><div class=\"vc_column-inner\"><div class=\"wpb_wrapper\">\n\t<div class=\"wpb_text_column wpb_content_element\" >\n\t\t<div class=\"wpb_wrapper\">\n\t\t\t<p><span style=\"font-size: 18px;\">Am preg\u0103tit mai multe <strong>modele de rapoarte pentru echipele PM, HR, finan\u021be \u0219i opera\u021biuni<\/strong>. Cu ajutorul \u0219abloanelor nu trebuie s\u0103 pierde\u021bi timp cu elaborarea rapoartelor - \u00een schimb, v\u0103 pute\u021bi concentra pe ob\u021binerea de valoare din informa\u021biile pe care le g\u0103si\u021bi acolo.&nbsp;<strong>Toate \u0219abloanele sunt complet personalizabile<\/strong> astfel \u00eenc\u00e2t s\u0103 le pute\u021bi adapta la nevoile dvs.: edita\u021bi etichetele, ad\u0103uga\u021bi diagrame, introduce\u021bi formule personalizate, dup\u0103 cum este necesar. <\/span><\/p>\n\n\t\t<\/div>\n\t<\/div>\n<\/div><\/div><\/div><\/div><div data-vc-full-width=\"true\" data-vc-full-width-init=\"false\" class=\"vc_row wpb_row vc_row-fluid redl-row-section feature-row vc_custom_1551186747971 vc_row-o-equal-height vc_row-o-content-middle vc_row-flex padding-small bgv-default bgh-default halign-center\"><div class=\"feature-info wpb_column vc_column_container text-left vc_col-sm-5 vc_col-lg-4 padding-small bgv-default bgh-default halign-default\"><div class=\"vc_column-inner\"><div class=\"wpb_wrapper\">\n\t<div class=\"wpb_text_column wpb_content_element\" >\n\t\t<div class=\"wpb_wrapper\">\n\t\t\t<p><span style=\"font-size: 18px; text-transform: uppercase;\"><b>Afla\u021bi mai multe despre \u0219abloane:<\/b><\/span><\/p>\n<p><span class=\"arrow-link\"><a href=\"https:\/\/teamdeck.io\/ro\/reports\/model-de-raport-de-utilizare\/\">Raport de utilizare a echipei<\/a><\/span><\/p>\n<p><span class=\"arrow-link\"><a href=\"https:\/\/teamdeck.io\/ro\/reports\/sablon-de-raport-privind-bugetul-proiectului\/\">Raportul privind bugetul proiectului<\/a><\/span><\/p>\n<p><span class=\"arrow-link\"><a href=\"https:\/\/teamdeck.io\/ro\/reports\/sablon-raport-salarizare-angajat\/\">Raport privind salarizarea angaja\u021bilor<\/a><\/span><\/p>\n<p><span class=\"arrow-link\"><a href=\"https:\/\/teamdeck.io\/ro\/reports\/model-de-raport-de-absenta\/\">Raport de absen\u021be<\/a><\/span><\/p>\n\n\t\t<\/div>\n\t<\/div>\n<\/div><\/div><\/div><div class=\"feature-image wpb_column vc_column_container text-left vc_col-sm-7 vc_col-lg-6 padding-default bgv-default bgh-default halign-default\"><div class=\"vc_column-inner\"><div class=\"wpb_wrapper\">\n\t<div class=\"wpb_text_column wpb_content_element\" >\n\t\t<div class=\"wpb_wrapper\">\n\t\t\t<p><img loading=\"lazy\" decoding=\"async\" class=\"alignnone wp-image-3547 size-large\" src=\"https:\/\/cdn.teamdeck.io\/uploads\/website\/2016\/10\/27160515\/time_tracking_timesheets%402x.png\" alt=\"\" width=\"960\" height=\"256\" srcset=\"https:\/\/cdn.teamdeck.io\/uploads\/website\/2016\/10\/27160515\/time_tracking_timesheets%402x.png 1313w, https:\/\/cdn.teamdeck.io\/uploads\/website\/2016\/10\/27160515\/time_tracking_timesheets%402x-300x80.png 300w, https:\/\/cdn.teamdeck.io\/uploads\/website\/2016\/10\/27160515\/time_tracking_timesheets%402x-768x205.png 768w, https:\/\/cdn.teamdeck.io\/uploads\/website\/2016\/10\/27160515\/time_tracking_timesheets%402x-960x256.png 960w\" sizes=\"auto, (max-width: 960px) 100vw, 960px\" \/><\/p>\n\n\t\t<\/div>\n\t<\/div>\n<\/div><\/div><\/div><\/div><div class=\"vc_row-full-width vc_clearfix\"><\/div><div data-vc-full-width=\"true\" data-vc-full-width-init=\"false\" class=\"vc_row wpb_row vc_row-fluid redl-row-section vc_custom_1551186940312 vc_row-has-fill padding-medium bgv-default bgh-default halign-default\"><div class=\"wpb_column vc_column_container text-left vc_col-sm-12 padding-default bgv-default bgh-default halign-default\"><div class=\"vc_column-inner\"><div class=\"wpb_wrapper\">\n\t<div class=\"wpb_text_column wpb_content_element\" >\n\t\t<div class=\"wpb_wrapper\">\n\t\t\t<h2>Personaliza\u021bi-v\u0103 rapoartele<\/h2>\n<p><span style=\"font-weight: 400;\"> Teamdeck v\u0103 ofer\u0103 un constructor de rapoarte puternic pentru a v\u0103 crea propriile tablouri de bord analitice de la \u00eenceput p\u00e2n\u0103 la sf\u00e2r\u0219it. <\/span><\/p>\n<h2><\/h2>\n\n\t\t<\/div>\n\t<\/div>\n<div \n\tclass=\"vertical-carousel-container wpb_content_element  clearfix\"\n\tdata-autoplay=\"1\"\n\tdata-event=\"mouseenter\"\n\tdata-delay=\"7000\"\n\tdata-duration=\"1000\"\n\tdata-anim-in=\"fadeIn\"\n\tdata-anim-out=\"fadeOut\" \n\t>\n\t<div class=\"carousel-tabs vc_col-md-4 clearfix\">\n\t\t\t\t\t<div class=\"carousel-tabs__item\" data-index=\"0\">\n\t\t\t\t<h3 class=\"carousel-tabs__title\">Componente de baz\u0103 ale raportului<\/h3>\n\t\t\t\t<p class=\"carousel-tabs__description\">Rezuma\u021bi \u0219i vizualiza\u021bi datele dvs. cu grafice \u0219i tabele pentru a identifica cu u\u0219urin\u021b\u0103 zonele importante.<\/p>\n\t\t\t<\/div>\n\t\t\t\t\t<div class=\"carousel-tabs__item\" data-index=\"1\">\n\t\t\t\t<h3 class=\"carousel-tabs__title\">Valori personalizate<\/h3>\n\t\t\t\t<p class=\"carousel-tabs__description\">Rapoartele nu sunt limitate la datele \u00eenregistrate de Teamdeck. Pute\u021bi introduce alte valori, de exemplu, ratele orare ale angaja\u021bilor, pentru a efectua calcule cuprinz\u0103toare mai flexibile.<\/p>\n\t\t\t<\/div>\n\t\t\t\t\t<div class=\"carousel-tabs__item\" data-index=\"2\">\n\t\t\t\t<h3 class=\"carousel-tabs__title\">Calcule personalizate<\/h3>\n\t\t\t\t<p class=\"carousel-tabs__description\">Rapoartele Teamdeck sunt la fel de puternice ca foile de calcul cu care sunte\u021bi obi\u0219nuit. Introduce\u021bi formule pentru a face referire la date, pentru a calcula medii sau pentru a utiliza logica condi\u021bional\u0103.<\/p>\n\t\t\t<\/div>\n\t\t\t\t\t<div class=\"carousel-tabs__item\" data-index=\"3\">\n\t\t\t\t<h3 class=\"carousel-tabs__title\">Gruparea flexibil\u0103 a datelor<\/h3>\n\t\t\t\t<p class=\"carousel-tabs__description\">V\u0103 pute\u021bi grupa datele \u00een grupuri pentru a le analiza din perspective diferite. De exemplu, pute\u021bi \u00eemp\u0103r\u021bi orele suplimentare ale echipei dvs. \u00een proiecte \u0219i \u00een anumite titluri de post, pentru a \u00een\u021belege mai bine care este tendin\u021ba aici. <\/p>\n\t\t\t<\/div>\n\t\t\t\t\t<div class=\"carousel-tabs__item\" data-index=\"4\">\n\t\t\t\t<h3 class=\"carousel-tabs__title\">Export de date<\/h3>\n\t\t\t\t<p class=\"carousel-tabs__description\">Fiecare element al raportului dvs. poate fi exportat \u00eentr-un fi\u0219ier CSV, \u00een cazul \u00een care dori\u021bi s\u0103 efectua\u021bi analize \u00eentre baze de date sau s\u0103 utiliza\u021bi datele \u00eentr-un mod diferit. <\/p>\n\t\t\t<\/div>\n\t\t\t<\/div>\n\t<div class=\"carousel-slides vc_col-md-8 clearfix\">\n\t\t<div class=\"td-carousel\">\n\t\t\t\t\t\t\t<div class=\"carousel-slides__item\" data-index=\"0\">\n\t\t\t\t\t<div class=\"carousel-slides__content\">\n\t\t\t\t\t\t<h3 class=\"carousel-slides__title\">Componente de baz\u0103 ale raportului<\/h3>\n\t\t\t\t\t\t<p class=\"carousel-slides__description\">Rezuma\u021bi \u0219i vizualiza\u021bi datele dvs. cu grafice \u0219i tabele pentru a identifica cu u\u0219urin\u021b\u0103 zonele importante.<\/p>\n\t\t\t\t\t<\/div>\n\t\t\t\t\t<img loading=\"lazy\" decoding=\"async\" width=\"960\" height=\"522\" src=\"https:\/\/cdn.teamdeck.io\/uploads\/website\/2019\/02\/11155806\/Screen-Shot-2019-03-08-at-12.50.07-960x522.png\" class=\"carousel-slides__image\" alt=\"\" srcset=\"https:\/\/cdn.teamdeck.io\/uploads\/website\/2019\/02\/11155806\/Screen-Shot-2019-03-08-at-12.50.07-960x522.png 960w, https:\/\/cdn.teamdeck.io\/uploads\/website\/2019\/02\/11155806\/Screen-Shot-2019-03-08-at-12.50.07-300x163.png 300w, https:\/\/cdn.teamdeck.io\/uploads\/website\/2019\/02\/11155806\/Screen-Shot-2019-03-08-at-12.50.07-768x417.png 768w\" sizes=\"auto, (max-width: 960px) 100vw, 960px\" \/>\t\t\t\t<\/div>\n\t\t\t\t\t\t\t<div class=\"carousel-slides__item\" data-index=\"1\">\n\t\t\t\t\t<div class=\"carousel-slides__content\">\n\t\t\t\t\t\t<h3 class=\"carousel-slides__title\">Valori personalizate<\/h3>\n\t\t\t\t\t\t<p class=\"carousel-slides__description\">Rapoartele nu sunt limitate la datele \u00eenregistrate de Teamdeck. Pute\u021bi introduce alte valori, de exemplu, ratele orare ale angaja\u021bilor, pentru a efectua calcule cuprinz\u0103toare mai flexibile.<\/p>\n\t\t\t\t\t<\/div>\n\t\t\t\t\t<img loading=\"lazy\" decoding=\"async\" width=\"960\" height=\"520\" src=\"https:\/\/cdn.teamdeck.io\/uploads\/website\/2019\/02\/11155853\/Screen-Shot-2019-03-08-at-12.49.141-960x520.png\" class=\"carousel-slides__image\" alt=\"\" srcset=\"https:\/\/cdn.teamdeck.io\/uploads\/website\/2019\/02\/11155853\/Screen-Shot-2019-03-08-at-12.49.141-960x520.png 960w, https:\/\/cdn.teamdeck.io\/uploads\/website\/2019\/02\/11155853\/Screen-Shot-2019-03-08-at-12.49.141-300x162.png 300w, https:\/\/cdn.teamdeck.io\/uploads\/website\/2019\/02\/11155853\/Screen-Shot-2019-03-08-at-12.49.141-768x416.png 768w\" sizes=\"auto, (max-width: 960px) 100vw, 960px\" \/>\t\t\t\t<\/div>\n\t\t\t\t\t\t\t<div class=\"carousel-slides__item\" data-index=\"2\">\n\t\t\t\t\t<div class=\"carousel-slides__content\">\n\t\t\t\t\t\t<h3 class=\"carousel-slides__title\">Calcule personalizate<\/h3>\n\t\t\t\t\t\t<p class=\"carousel-slides__description\">Rapoartele Teamdeck sunt la fel de puternice ca foile de calcul cu care sunte\u021bi obi\u0219nuit. Introduce\u021bi formule pentru a face referire la date, pentru a calcula medii sau pentru a utiliza logica condi\u021bional\u0103.<\/p>\n\t\t\t\t\t<\/div>\n\t\t\t\t\t<img loading=\"lazy\" decoding=\"async\" width=\"960\" height=\"521\" src=\"https:\/\/cdn.teamdeck.io\/uploads\/website\/2019\/02\/11160227\/custom-calc-e1555411725106-960x521.png\" class=\"carousel-slides__image\" alt=\"\" srcset=\"https:\/\/cdn.teamdeck.io\/uploads\/website\/2019\/02\/11160227\/custom-calc-e1555411725106-960x521.png 960w, https:\/\/cdn.teamdeck.io\/uploads\/website\/2019\/02\/11160227\/custom-calc-e1555411725106-300x163.png 300w, https:\/\/cdn.teamdeck.io\/uploads\/website\/2019\/02\/11160227\/custom-calc-e1555411725106-768x417.png 768w\" sizes=\"auto, (max-width: 960px) 100vw, 960px\" \/>\t\t\t\t<\/div>\n\t\t\t\t\t\t\t<div class=\"carousel-slides__item\" data-index=\"3\">\n\t\t\t\t\t<div class=\"carousel-slides__content\">\n\t\t\t\t\t\t<h3 class=\"carousel-slides__title\">Gruparea flexibil\u0103 a datelor<\/h3>\n\t\t\t\t\t\t<p class=\"carousel-slides__description\">V\u0103 pute\u021bi grupa datele \u00een grupuri pentru a le analiza din perspective diferite. De exemplu, pute\u021bi \u00eemp\u0103r\u021bi orele suplimentare ale echipei dvs. \u00een proiecte \u0219i \u00een anumite titluri de post, pentru a \u00een\u021belege mai bine care este tendin\u021ba aici. <\/p>\n\t\t\t\t\t<\/div>\n\t\t\t\t\t<img loading=\"lazy\" decoding=\"async\" width=\"960\" height=\"520\" src=\"https:\/\/cdn.teamdeck.io\/uploads\/website\/2019\/02\/11155951\/Screen-Shot-2019-03-08-at-12.51.51-960x520.png\" class=\"carousel-slides__image\" alt=\"\" srcset=\"https:\/\/cdn.teamdeck.io\/uploads\/website\/2019\/02\/11155951\/Screen-Shot-2019-03-08-at-12.51.51-960x520.png 960w, https:\/\/cdn.teamdeck.io\/uploads\/website\/2019\/02\/11155951\/Screen-Shot-2019-03-08-at-12.51.51-300x162.png 300w, https:\/\/cdn.teamdeck.io\/uploads\/website\/2019\/02\/11155951\/Screen-Shot-2019-03-08-at-12.51.51-768x416.png 768w\" sizes=\"auto, (max-width: 960px) 100vw, 960px\" \/>\t\t\t\t<\/div>\n\t\t\t\t\t\t\t<div class=\"carousel-slides__item\" data-index=\"4\">\n\t\t\t\t\t<div class=\"carousel-slides__content\">\n\t\t\t\t\t\t<h3 class=\"carousel-slides__title\">Export de date<\/h3>\n\t\t\t\t\t\t<p class=\"carousel-slides__description\">Fiecare element al raportului dvs. poate fi exportat \u00eentr-un fi\u0219ier CSV, \u00een cazul \u00een care dori\u021bi s\u0103 efectua\u021bi analize \u00eentre baze de date sau s\u0103 utiliza\u021bi datele \u00eentr-un mod diferit. <\/p>\n\t\t\t\t\t<\/div>\n\t\t\t\t\t<img loading=\"lazy\" decoding=\"async\" width=\"960\" height=\"523\" src=\"https:\/\/cdn.teamdeck.io\/uploads\/website\/2019\/02\/11160018\/Screen-Shot-2019-03-11-at-11.01.17-960x523.png\" class=\"carousel-slides__image\" alt=\"\" srcset=\"https:\/\/cdn.teamdeck.io\/uploads\/website\/2019\/02\/11160018\/Screen-Shot-2019-03-11-at-11.01.17-960x523.png 960w, https:\/\/cdn.teamdeck.io\/uploads\/website\/2019\/02\/11160018\/Screen-Shot-2019-03-11-at-11.01.17-300x163.png 300w, https:\/\/cdn.teamdeck.io\/uploads\/website\/2019\/02\/11160018\/Screen-Shot-2019-03-11-at-11.01.17-768x418.png 768w\" sizes=\"auto, (max-width: 960px) 100vw, 960px\" \/>\t\t\t\t<\/div>\n\t\t\t\t\t<\/div>\n\t<\/div>\n<\/div><\/div><\/div><\/div><\/div><div class=\"vc_row-full-width vc_clearfix\"><\/div><div class=\"vc_row wpb_row vc_row-fluid redl-row-section vc_custom_1551186799735 padding-small bgv-default bgh-default halign-center\"><div class=\"wpb_column vc_column_container text-left vc_col-sm-12 padding-default bgv-default bgh-default halign-default\"><div class=\"vc_column-inner\"><div class=\"wpb_wrapper\">\n\t<div class=\"wpb_text_column wpb_content_element\" >\n\t\t<div class=\"wpb_wrapper\">\n\t\t\t<p><span style=\"font-size: 18px;\">Rapoartele generate \u00een Teamdeck pot fi <strong>\u00eemp\u0103rt\u0103\u0219ite cu persoane din cadrul \u0219i din afara organiza\u021biei dvs.<\/strong>.<br \/>\nAccesul la editare este util atunci c\u00e2nd ave\u021bi nevoie de mai multe persoane din echipa dvs. pentru a lucra la un raport. De asemenea, pute\u021bi <strong>generarea unei leg\u0103turi publice<\/strong> \u0219i trimite\u021bi-l clien\u021bilor dvs. Ace\u0219tia vor vedea un tablou de bord de date frumos, care este informativ \u00een acela\u0219i timp - <a href=\"https:\/\/app.teamdeck.io\/reports\/f2b3451de276f51b814dfa1685efe6325c73c50801e265c73c50801ed1\">ca aceasta<\/a>&nbsp;(dac\u0103 sunte\u021bi conectat, v\u0103 suger\u0103m s\u0103 deschide\u021bi acest raport \u00een modul browser incognito).&nbsp;<\/span><\/p>\n\n\t\t<\/div>\n\t<\/div>\n<div class=\"vc_empty_space\"   style=\"height: 32px\" ><span class=\"vc_empty_space_inner\"><\/span><\/div>\n<\/div><\/div><\/div><\/div><div data-vc-full-width=\"true\" data-vc-full-width-init=\"false\" class=\"vc_row wpb_row vc_row-fluid redl-row-section footer-message-row vc_custom_1502964176474 vc_row-has-fill vc_row-o-equal-height vc_row-flex padding-medium bgv-default bgh-default halign-default\"><div class=\"wpb_column vc_column_container text-center vc_col-sm-12 vc_col-lg-8 vc_col-md-9 padding-default bgv-default bgh-default halign-center\"><div class=\"vc_column-inner\"><div class=\"wpb_wrapper\">\n\t<div class=\"wpb_text_column wpb_content_element\" >\n\t\t<div class=\"wpb_wrapper\">\n\t\t\t<p><span class=\"message\">Ob\u021bine\u021bi mai multe date pentru a v\u0103 gestiona afacerea la un nivel superior. <\/span><\/p>\n\n\t\t<\/div>\n\t<\/div>\n<a class=\"redl-btn  redl-btn-border redl-btn-two  redl-btn-medium redl-btn-69debc0bf4207 btn-hover-one btn-icon-left signup-bottom\" href=\"https:\/\/app.teamdeck.io\/register?utm_source=reports\" target=\"_blank\">Ob\u021bine\u021bi o perioad\u0103 de testare GRATUIT\u0102 de 30 de zile<\/a><\/div><\/div><\/div><\/div><div class=\"vc_row-full-width vc_clearfix\"><\/div>","protected":false},"excerpt":{"rendered":"Report templates Make better decisions based on real-time analytics Get a 30-day FREE Trial We\u2019ve prepared several report templates for PM, HR, finance &amp; operations teams. With templates you don\u2019t need to waste time on constructing reports...","protected":false},"author":6,"featured_media":0,"parent":2346,"menu_order":4,"comment_status":"closed","ping_status":"closed","template":"","meta":{"footnotes":""},"class_list":["post-4695","page","type-page","status-publish","hentry"],"yoast_head":"<!-- This site is optimized with the Yoast SEO Premium plugin v23.8 (Yoast SEO v24.3) - https:\/\/yoast.com\/wordpress\/plugins\/seo\/ -->\n<title>Report templates for PM, HR, finance &amp; operations teams - Teamdeck<\/title>\n<meta name=\"description\" content=\"We\u2019ve prepared several report templates for PM, HR, finance &amp; operations teams. Start making better decisions based on real-time analytics.\" \/>\n<meta name=\"robots\" content=\"index, follow, max-snippet:-1, max-image-preview:large, max-video-preview:-1\" \/>\n<link rel=\"canonical\" href=\"https:\/\/teamdeck.io\/ro\/caracteristici\/raportare\/\" \/>\n<meta property=\"og:locale\" content=\"ro_RO\" \/>\n<meta property=\"og:type\" content=\"article\" \/>\n<meta property=\"og:title\" content=\"Custom reporting\" \/>\n<meta property=\"og:description\" content=\"We\u2019ve prepared several report templates for PM, HR, finance &amp; operations teams. Start making better decisions based on real-time analytics.\" \/>\n<meta property=\"og:url\" content=\"https:\/\/teamdeck.io\/ro\/caracteristici\/raportare\/\" \/>\n<meta property=\"og:site_name\" content=\"Teamdeck\" \/>\n<meta property=\"article:publisher\" content=\"https:\/\/www.facebook.com\/helloteamdeck\" \/>\n<meta property=\"article:modified_time\" content=\"2021-12-14T15:55:26+00:00\" \/>\n<meta property=\"og:image\" content=\"https:\/\/teamdeck.io\/wp-content\/uploads\/2016\/10\/time_tracking_timesheets@2x.png\" \/>\n<meta name=\"twitter:card\" content=\"summary_large_image\" \/>\n<meta name=\"twitter:site\" content=\"@helloteamdeck\" \/>\n<meta name=\"twitter:label1\" content=\"Est. reading time\" \/>\n\t<meta name=\"twitter:data1\" content=\"3 minutes\" \/>\n<script type=\"application\/ld+json\" class=\"yoast-schema-graph\">{\"@context\":\"https:\/\/schema.org\",\"@graph\":[{\"@type\":\"WebPage\",\"@id\":\"https:\/\/teamdeck.io\/features\/reporting\/\",\"url\":\"https:\/\/teamdeck.io\/features\/reporting\/\",\"name\":\"Report templates for PM, HR, finance & operations teams - Teamdeck\",\"isPartOf\":{\"@id\":\"https:\/\/teamdeck.io\/#website\"},\"primaryImageOfPage\":{\"@id\":\"https:\/\/teamdeck.io\/features\/reporting\/#primaryimage\"},\"image\":{\"@id\":\"https:\/\/teamdeck.io\/features\/reporting\/#primaryimage\"},\"thumbnailUrl\":\"https:\/\/teamdeck.io\/wp-content\/uploads\/2016\/10\/time_tracking_timesheets@2x.png\",\"datePublished\":\"2019-02-26T12:31:13+00:00\",\"dateModified\":\"2021-12-14T15:55:26+00:00\",\"description\":\"We\u2019ve prepared several report templates for PM, HR, finance & operations teams. Start making better decisions based on real-time analytics.\",\"breadcrumb\":{\"@id\":\"https:\/\/teamdeck.io\/features\/reporting\/#breadcrumb\"},\"inLanguage\":\"ro-RO\",\"potentialAction\":[{\"@type\":\"ReadAction\",\"target\":[\"https:\/\/teamdeck.io\/features\/reporting\/\"]}]},{\"@type\":\"ImageObject\",\"inLanguage\":\"ro-RO\",\"@id\":\"https:\/\/teamdeck.io\/features\/reporting\/#primaryimage\",\"url\":\"https:\/\/teamdeck.io\/wp-content\/uploads\/2016\/10\/time_tracking_timesheets@2x.png\",\"contentUrl\":\"https:\/\/teamdeck.io\/wp-content\/uploads\/2016\/10\/time_tracking_timesheets@2x.png\"},{\"@type\":\"BreadcrumbList\",\"@id\":\"https:\/\/teamdeck.io\/features\/reporting\/#breadcrumb\",\"itemListElement\":[{\"@type\":\"ListItem\",\"position\":1,\"name\":\"Home\",\"item\":\"https:\/\/teamdeck.io\/\"},{\"@type\":\"ListItem\",\"position\":2,\"name\":\"Features\",\"item\":\"https:\/\/teamdeck.io\/features\/\"},{\"@type\":\"ListItem\",\"position\":3,\"name\":\"Custom reporting\"}]},{\"@type\":\"WebSite\",\"@id\":\"https:\/\/teamdeck.io\/#website\",\"url\":\"https:\/\/teamdeck.io\/\",\"name\":\"Teamdeck\",\"description\":\"resource scheduling + time tracking + leave management\",\"potentialAction\":[{\"@type\":\"SearchAction\",\"target\":{\"@type\":\"EntryPoint\",\"urlTemplate\":\"https:\/\/teamdeck.io\/?s={search_term_string}\"},\"query-input\":{\"@type\":\"PropertyValueSpecification\",\"valueRequired\":true,\"valueName\":\"search_term_string\"}}],\"inLanguage\":\"ro-RO\"}]}<\/script>\n<!-- \/ Yoast SEO Premium plugin. -->","yoast_head_json":{"title":"Report templates for PM, HR, finance & operations teams - Teamdeck","description":"We\u2019ve prepared several report templates for PM, HR, finance & operations teams. Start making better decisions based on real-time analytics.","robots":{"index":"index","follow":"follow","max-snippet":"max-snippet:-1","max-image-preview":"max-image-preview:large","max-video-preview":"max-video-preview:-1"},"canonical":"https:\/\/teamdeck.io\/ro\/caracteristici\/raportare\/","og_locale":"ro_RO","og_type":"article","og_title":"Custom reporting","og_description":"We\u2019ve prepared several report templates for PM, HR, finance & operations teams. Start making better decisions based on real-time analytics.","og_url":"https:\/\/teamdeck.io\/ro\/caracteristici\/raportare\/","og_site_name":"Teamdeck","article_publisher":"https:\/\/www.facebook.com\/helloteamdeck","article_modified_time":"2021-12-14T15:55:26+00:00","og_image":[{"url":"https:\/\/teamdeck.io\/wp-content\/uploads\/2016\/10\/time_tracking_timesheets@2x.png","type":"","width":"","height":""}],"twitter_card":"summary_large_image","twitter_site":"@helloteamdeck","twitter_misc":{"Est. reading time":"3 minutes"},"schema":{"@context":"https:\/\/schema.org","@graph":[{"@type":"WebPage","@id":"https:\/\/teamdeck.io\/features\/reporting\/","url":"https:\/\/teamdeck.io\/features\/reporting\/","name":"Report templates for PM, HR, finance & operations teams - Teamdeck","isPartOf":{"@id":"https:\/\/teamdeck.io\/#website"},"primaryImageOfPage":{"@id":"https:\/\/teamdeck.io\/features\/reporting\/#primaryimage"},"image":{"@id":"https:\/\/teamdeck.io\/features\/reporting\/#primaryimage"},"thumbnailUrl":"https:\/\/teamdeck.io\/wp-content\/uploads\/2016\/10\/time_tracking_timesheets@2x.png","datePublished":"2019-02-26T12:31:13+00:00","dateModified":"2021-12-14T15:55:26+00:00","description":"We\u2019ve prepared several report templates for PM, HR, finance & operations teams. Start making better decisions based on real-time analytics.","breadcrumb":{"@id":"https:\/\/teamdeck.io\/features\/reporting\/#breadcrumb"},"inLanguage":"ro-RO","potentialAction":[{"@type":"ReadAction","target":["https:\/\/teamdeck.io\/features\/reporting\/"]}]},{"@type":"ImageObject","inLanguage":"ro-RO","@id":"https:\/\/teamdeck.io\/features\/reporting\/#primaryimage","url":"https:\/\/teamdeck.io\/wp-content\/uploads\/2016\/10\/time_tracking_timesheets@2x.png","contentUrl":"https:\/\/teamdeck.io\/wp-content\/uploads\/2016\/10\/time_tracking_timesheets@2x.png"},{"@type":"BreadcrumbList","@id":"https:\/\/teamdeck.io\/features\/reporting\/#breadcrumb","itemListElement":[{"@type":"ListItem","position":1,"name":"Home","item":"https:\/\/teamdeck.io\/"},{"@type":"ListItem","position":2,"name":"Features","item":"https:\/\/teamdeck.io\/features\/"},{"@type":"ListItem","position":3,"name":"Custom reporting"}]},{"@type":"WebSite","@id":"https:\/\/teamdeck.io\/#website","url":"https:\/\/teamdeck.io\/","name":"Teamdeck","description":"resource scheduling + time tracking + leave management","potentialAction":[{"@type":"SearchAction","target":{"@type":"EntryPoint","urlTemplate":"https:\/\/teamdeck.io\/?s={search_term_string}"},"query-input":{"@type":"PropertyValueSpecification","valueRequired":true,"valueName":"search_term_string"}}],"inLanguage":"ro-RO"}]}},"_links":{"self":[{"href":"https:\/\/teamdeck.io\/ro\/wp-json\/wp\/v2\/pages\/4695","targetHints":{"allow":["GET"]}}],"collection":[{"href":"https:\/\/teamdeck.io\/ro\/wp-json\/wp\/v2\/pages"}],"about":[{"href":"https:\/\/teamdeck.io\/ro\/wp-json\/wp\/v2\/types\/page"}],"author":[{"embeddable":true,"href":"https:\/\/teamdeck.io\/ro\/wp-json\/wp\/v2\/users\/6"}],"replies":[{"embeddable":true,"href":"https:\/\/teamdeck.io\/ro\/wp-json\/wp\/v2\/comments?post=4695"}],"version-history":[{"count":30,"href":"https:\/\/teamdeck.io\/ro\/wp-json\/wp\/v2\/pages\/4695\/revisions"}],"predecessor-version":[{"id":8325,"href":"https:\/\/teamdeck.io\/ro\/wp-json\/wp\/v2\/pages\/4695\/revisions\/8325"}],"up":[{"embeddable":true,"href":"https:\/\/teamdeck.io\/ro\/wp-json\/wp\/v2\/pages\/2346"}],"wp:attachment":[{"href":"https:\/\/teamdeck.io\/ro\/wp-json\/wp\/v2\/media?parent=4695"}],"curies":[{"name":"wp","href":"https:\/\/api.w.org\/{rel}","templated":true}]}}