{"id":2853,"date":"2017-09-07T12:08:23","date_gmt":"2017-09-07T10:08:23","guid":{"rendered":"https:\/\/teamdeck.io\/?page_id=2853"},"modified":"2024-04-08T13:08:17","modified_gmt":"2024-04-08T11:08:17","slug":"privacy-policy","status":"publish","type":"page","link":"https:\/\/teamdeck.io\/ro\/privacy-policy\/","title":{"rendered":"Privacy Policy"},"content":{"rendered":"<div class=\"vc_row wpb_row vc_row-fluid redl-row-section padding-default bgv-default bgh-default halign-default\"><div class=\"wpb_column vc_column_container text-left vc_col-sm-12 padding-default bgv-default bgh-default halign-default\"><div class=\"vc_column-inner\"><div class=\"wpb_wrapper\"><div class=\"vc_empty_space\"   style=\"height: 32px\" ><span class=\"vc_empty_space_inner\"><\/span><\/div>\n\n\t<div class=\"wpb_text_column wpb_content_element\" >\n\t\t<div class=\"wpb_wrapper\">\n\t\t\t<h1 class=\"ng-scope\" style=\"text-align: center;\">Privacy Policy<\/h1>\n<p class=\"ng-scope\" style=\"text-align: center;\"><small>Last updated: January 30, 2024<\/small><\/p>\n\n\t\t<\/div>\n\t<\/div>\n<div class=\"vc_empty_space\"   style=\"height: 32px\" ><span class=\"vc_empty_space_inner\"><\/span><\/div>\n\n\t<div class=\"wpb_text_column wpb_content_element\" >\n\t\t<div class=\"wpb_wrapper\">\n\t\t\t<p class=\"ng-scope\">Teamdeck sp. z o.o. (&#8220;us&#8221;, &#8220;we&#8221;, or &#8220;our&#8221;) with its registered office in: Nowowiejskiego 55, 61-734 Pozna\u0144, Poland, NIP: 7831750055, REGON: 365865326, registered in the Regional Court Pozna\u0144 \u2013 Nowe Miasto I Wilda in Pozna\u0144, VIII Commercial Division of the National Court Register, registered in the commercial register (KRS) under no. 0000646426 operates the https:\/\/teamdeck.io website (the &#8220;Service&#8221;).<\/p>\n<p class=\"ng-scope\">Aceast\u0103 pagin\u0103 v\u0103 informeaz\u0103 cu privire la politicile noastre privind colectarea, utilizarea \u0219i divulgarea informa\u021biilor personale atunci c\u00e2nd utiliza\u021bi Serviciul nostru.<\/p>\n<p class=\"ng-scope\">We will not use or share your information with anyone except as described in this Privacy Policy.<\/p>\n<p class=\"ng-scope\">We use your Personal Information for providing and improving the Service. By using the Service, you agree to the collection and use of information in accordance with this policy. Unless otherwise defined in this Privacy Policy, terms used in this Privacy Policy have the same meanings as in our Terms and Conditions, accessible at https:\/\/teamdeck.io.<\/p>\n<p class=\"ng-scope\">Teamdeck sp. z o.o. is a Polish-based company and thus comply with the Polish law, in particular with the Act on Personal Data Protection of 29 August 1997 (Journal of Laws No. 133, item 883, as amended).<\/p>\n<p class=\"ng-scope\"><strong>\u00a71. Information Collection And Use<\/strong><\/p>\n<p class=\"ng-scope\">While using our Service, we may ask customer to provide us with certain personally identifiable information that can be used to contact or identify customer. Personally identifiable information may include, but is not limited to, customer email address, name, phone number, postal address (\u201cPersonal Information\u201d).<\/p>\n<p class=\"ng-scope\"><strong>\u00a72. Log Data<\/strong><\/p>\n<p class=\"ng-scope\">1. We may also collect information that customer browser sends whenever customer visit our Service (&#8220;Log Data&#8221;). This Log Data may include information such as customer computer&#8217;s Internet Protocol (&#8220;IP&#8221;) address, browser type, browser version, the pages of our Service that customer visit, the time and date of customer visit, the time spent on those pages and other statistics.<\/p>\n<p class=\"ng-scope\">2. In addition, we may use third party services such as Google Analytics that collect, monitor and analyze this type of information in order to increase our Service&#8217;s functionality. These third party service providers have their own privacy policies addressing how they use such information.<\/p>\n<p><strong class=\"ng-scope\">\u00a73. Cookies<\/strong><\/p>\n<p class=\"ng-scope\">1. Cookies are files with small amount of data, which may include an anonymous unique identifier. Cookies are sent to customer browser from a web site and stored on customer computer&#8217;s hard drive.<\/p>\n<p class=\"ng-scope\">2. We use &#8220;cookies&#8221; to collect information. Customer can instruct his browser to refuse all cookies or to indicate when a cookie is being sent. However, if customer does not accept cookies, customer may not be able to use some portions of our Service.<\/p>\n<p class=\"ng-scope\"><strong>\u00a74. Behavioral Remarketing<\/strong><\/p>\n<p class=\"ng-scope\">1. Teamdeck sp. z o.o. uses remarketing services to advertise on third party web sites to customer after customer visited our Service. We, and our third party vendors, use cookies to inform, optimize and serve ads based on customer past visits to our Service.<\/p>\n<ul>\n<li><strong>Google<\/strong><\/li>\n<\/ul>\n<p style=\"padding-left: 30px;\">Google AdWords remarketing service is provided by Google Inc.<\/p>\n<p style=\"padding-left: 30px;\">You can opt-out of Google Analytics for Display Advertising and customize the Google Display Network ads by visiting the Google Ads Settings page: http:\/\/www.google.com\/settings\/ads<\/p>\n<p style=\"padding-left: 30px;\">Google also recommends installing the Google Analytics Opt-out Browser Add-on &#8211; https:\/\/tools.google.com\/dlpage\/gaoptout &#8211; for your web browser. Google Analytics Opt-out Browser Add-on provides visitors with the ability to prevent their data from being collected and used by Google Analytics.<\/p>\n<p style=\"padding-left: 30px;\">For more information on the privacy practices of Google, please visit the Google Privacy &amp; Terms web page: http:\/\/www.google.com\/intl\/en\/policies\/privacy\/<\/p>\n<ul>\n<li><strong><strong>Facebook<\/strong><\/strong><\/li>\n<\/ul>\n<p style=\"padding-left: 30px;\"><strong><strong><br \/>\n<\/strong><\/strong><br \/>\nFacebook remarketing service is provided by Facebook Inc.<\/p>\n<p style=\"padding-left: 30px;\">Pute\u021bi afla mai multe despre publicitatea bazat\u0103 pe interese de la Facebook acces\u00e2nd aceast\u0103 pagin\u0103: https:\/\/www.facebook.com\/help\/164968693837950<\/p>\n<p style=\"padding-left: 30px;\">To opt-out from Facebook&#8217;s interest-based ads follow these instructions from Facebook: https:\/\/www.facebook.com\/about\/ads\/#568137493302217<\/p>\n<p style=\"padding-left: 30px;\">Facebook adheres the Self-Regulatory Principles for Online Behavioral Advertising established by the Digital Advertising Alliance. You can also opt-out from Facebook and other participating companies through the Digital Advertising Alliance in the USA http:\/\/www.aboutads.info\/choices\/, the Digital Advertising Alliance of Canada in Canada http:\/\/youradchoices.ca\/ or the European Interactive Digital Advertising Alliance in Europe http:\/\/www.youronlinechoices.eu\/, or opt-out using your mobile device settings.<\/p>\n<p style=\"padding-left: 30px;\">For more information on the privacy practices of Facebook, please visit Facebook&#8217;s Data Policy: https:\/\/www.facebook.com\/privacy\/explanation<\/p>\n<p class=\"ng-scope\"><strong>\u00a75. Service Providers<\/strong><\/p>\n<p class=\"ng-scope\">1. We may employ third party companies and individuals to facilitate our Service, to provide the Service on our behalf, to perform Service-related services or to assist us in analyzing how our Service is used.<\/p>\n<p class=\"ng-scope\">2. These third parties have access to customer Personal Information only to perform these tasks on our behalf and are obligated not to disclose or use it for any other purpose.<\/p>\n<p class=\"ng-scope\"><strong>\u00a76. Communications<\/strong><\/p>\n<p class=\"ng-scope\">We may use customer Personal Information to contact customer with newsletters, marketing or promotional materials and other information that may be of interest to customer. Customer may opt out of receiving any, or all, of these communications from us by following the unsubscribe link or instructions provided in any email we send.<\/p>\n<p class=\"ng-scope\"><strong>\u00a77. Compliance With Laws<\/strong><\/p>\n<p class=\"ng-scope\">We will disclose customer Personal Information where required to do so by law or subpoena or if we believe that such action is necessary to comply with the law and the reasonable requests of law enforcement or to protect the security or integrity of our Service.<\/p>\n<p class=\"ng-scope\"><strong>\u00a78. Business Transaction<\/strong><\/p>\n<p class=\"ng-scope\">If Teamdeck sp. z o.o. is involved in a merger, acquisition or asset sale, customer Personal Information may be transferred. We will provide notice before customer Personal Information is transferred and becomes subject to a different Privacy Policy.<\/p>\n<p class=\"ng-scope\"><strong>\u00a79. Security<\/strong><\/p>\n<p class=\"ng-scope\">The security of customer Personal Information is important to us, but remember that no method of transmission over the Internet, or method of electronic storage is 100% secure. While we strive to use commercially acceptable means to protect customer Personal Information, we cannot guarantee its absolute security.<\/p>\n<p class=\"ng-scope\"><strong>\u00a710.International Transfer<\/strong><\/p>\n<p class=\"ng-scope\">1. Customer information, including Personal Information, may be transferred to \u2014 and maintained on \u2014 computers located outside of your state, province, country or other governmental jurisdiction where the data protection laws may differ than those from your jurisdiction.<\/p>\n<p class=\"ng-scope\">2. If customer is located outside Poland and choose to provide information to us, please note that we transfer the information, including Personal Information, to Poland and process it there.<\/p>\n<p class=\"ng-scope\">3. Customer consent to this Privacy Policy followed by customer submission of such information represents customer agreement to that transfer and customer consent.<\/p>\n<p class=\"ng-scope\"><strong>\u00a711. Links To Other Sites<\/strong><\/p>\n<p class=\"ng-scope\">1. Our Service may contain links to other sites that are not operated by us. If customer clicks on a third party link, customer will be directed to that third party&#8217;s site. We strongly advise customer to review the Privacy Policy of every site customer visits.<\/p>\n<p class=\"ng-scope\">2. We have no control over, and assume no responsibility for the content, privacy policies or practices of any third party sites or services.<\/p>\n<p class=\"ng-scope\"><strong>\u00a712. Children&#8217;s Privacy<\/strong><\/p>\n<p class=\"ng-scope\">1. Our Service does not address anyone under the age of 13 (&#8220;Children&#8221;).<\/p>\n<p class=\"ng-scope\">2. We do not knowingly collect personally identifiable information from children under 13. If you are a parent or guardian and you are aware that your Children has provided us with Personal Information, please contact us. If we become aware that we have collected Personal Information from a children under age 13 without verification of parental consent, we take steps to remove that information from our servers.<\/p>\n<p class=\"ng-scope\"><strong>\u00a713. Changes To This Privacy Policy<\/strong><\/p>\n<p class=\"ng-scope\">1. We may update our Privacy Policy from time to time. We will notify customer of any changes by posting the new Privacy Policy on this page.<\/p>\n<p class=\"ng-scope\">2. Customer is advised to review this Privacy Policy periodically for any changes. Changes to this Privacy Policy are effective when they are posted on this page.<\/p>\n\n\t\t<\/div>\n\t<\/div>\n<div class=\"vc_empty_space\"   style=\"height: 32px\" ><span class=\"vc_empty_space_inner\"><\/span><\/div>\n<\/div><\/div><\/div><\/div>","protected":false},"excerpt":{"rendered":"Privacy Policy Last updated: January 30, 2024 Teamdeck sp. z o.o. (\"us\", \"we\", or \"our\") with its registered office in: Nowowiejskiego 55, 61-734 Pozna\u0144, Poland, NIP: 7831750055, REGON: 365865326, registered in the Regional Court Pozna\u0144 \u2013 Nowe...","protected":false},"author":17,"featured_media":0,"parent":0,"menu_order":0,"comment_status":"closed","ping_status":"closed","template":"","meta":{"footnotes":""},"class_list":["post-2853","page","type-page","status-publish","hentry"],"yoast_head":"<!-- This site is optimized with the Yoast SEO Premium plugin v23.8 (Yoast SEO v24.3) - https:\/\/yoast.com\/wordpress\/plugins\/seo\/ -->\n<title>Teamdeck - Privacy Policy<\/title>\n<meta name=\"description\" content=\"Teamdeck cares about your privacy and security of its service. Please, read the following privacy policy carefully.\" \/>\n<meta name=\"robots\" content=\"index, follow, max-snippet:-1, max-image-preview:large, max-video-preview:-1\" \/>\n<link rel=\"canonical\" href=\"https:\/\/teamdeck.io\/ro\/privacy-policy\/\" \/>\n<meta property=\"og:locale\" content=\"ro_RO\" \/>\n<meta property=\"og:type\" content=\"article\" \/>\n<meta property=\"og:title\" content=\"Teamdeck - Privacy Policy\" \/>\n<meta property=\"og:description\" content=\"Teamdeck cares about your privacy and security of its service. Please, read the following privacy policy carefully.\" \/>\n<meta property=\"og:url\" content=\"https:\/\/teamdeck.io\/ro\/privacy-policy\/\" \/>\n<meta property=\"og:site_name\" content=\"Teamdeck\" \/>\n<meta property=\"article:publisher\" content=\"https:\/\/www.facebook.com\/helloteamdeck\" \/>\n<meta property=\"article:modified_time\" content=\"2024-04-08T11:08:17+00:00\" \/>\n<meta property=\"og:image\" content=\"https:\/\/cdn.teamdeck.io\/uploads\/website\/2017\/09\/teamdeck-share.png\" \/>\n<meta name=\"twitter:card\" content=\"summary_large_image\" \/>\n<meta name=\"twitter:title\" content=\"Teamdeck - Privacy Policy\" \/>\n<meta name=\"twitter:description\" content=\"Teamdeck cares about your privacy and security of its service. Please, read the following privacy policy carefully.\" \/>\n<meta name=\"twitter:image\" content=\"https:\/\/cdn.teamdeck.io\/uploads\/website\/2017\/09\/teamdeck-share.png\" \/>\n<meta name=\"twitter:site\" content=\"@helloteamdeck\" \/>\n<meta name=\"twitter:label1\" content=\"Est. reading time\" \/>\n\t<meta name=\"twitter:data1\" content=\"6 minutes\" \/>\n<script type=\"application\/ld+json\" class=\"yoast-schema-graph\">{\"@context\":\"https:\/\/schema.org\",\"@graph\":[{\"@type\":\"WebPage\",\"@id\":\"https:\/\/teamdeck.io\/privacy-policy\/\",\"url\":\"https:\/\/teamdeck.io\/privacy-policy\/\",\"name\":\"Teamdeck - Privacy Policy\",\"isPartOf\":{\"@id\":\"https:\/\/teamdeck.io\/#website\"},\"datePublished\":\"2017-09-07T10:08:23+00:00\",\"dateModified\":\"2024-04-08T11:08:17+00:00\",\"description\":\"Teamdeck cares about your privacy and security of its service. Please, read the following privacy policy carefully.\",\"breadcrumb\":{\"@id\":\"https:\/\/teamdeck.io\/privacy-policy\/#breadcrumb\"},\"inLanguage\":\"ro-RO\",\"potentialAction\":[{\"@type\":\"ReadAction\",\"target\":[\"https:\/\/teamdeck.io\/privacy-policy\/\"]}]},{\"@type\":\"BreadcrumbList\",\"@id\":\"https:\/\/teamdeck.io\/privacy-policy\/#breadcrumb\",\"itemListElement\":[{\"@type\":\"ListItem\",\"position\":1,\"name\":\"Home\",\"item\":\"https:\/\/teamdeck.io\/\"},{\"@type\":\"ListItem\",\"position\":2,\"name\":\"Privacy Policy\"}]},{\"@type\":\"WebSite\",\"@id\":\"https:\/\/teamdeck.io\/#website\",\"url\":\"https:\/\/teamdeck.io\/\",\"name\":\"Teamdeck\",\"description\":\"resource scheduling + time tracking + leave management\",\"potentialAction\":[{\"@type\":\"SearchAction\",\"target\":{\"@type\":\"EntryPoint\",\"urlTemplate\":\"https:\/\/teamdeck.io\/?s={search_term_string}\"},\"query-input\":{\"@type\":\"PropertyValueSpecification\",\"valueRequired\":true,\"valueName\":\"search_term_string\"}}],\"inLanguage\":\"ro-RO\"}]}<\/script>\n<!-- \/ Yoast SEO Premium plugin. -->","yoast_head_json":{"title":"Teamdeck - Privacy Policy","description":"Teamdeck cares about your privacy and security of its service. Please, read the following privacy policy carefully.","robots":{"index":"index","follow":"follow","max-snippet":"max-snippet:-1","max-image-preview":"max-image-preview:large","max-video-preview":"max-video-preview:-1"},"canonical":"https:\/\/teamdeck.io\/ro\/privacy-policy\/","og_locale":"ro_RO","og_type":"article","og_title":"Teamdeck - Privacy Policy","og_description":"Teamdeck cares about your privacy and security of its service. Please, read the following privacy policy carefully.","og_url":"https:\/\/teamdeck.io\/ro\/privacy-policy\/","og_site_name":"Teamdeck","article_publisher":"https:\/\/www.facebook.com\/helloteamdeck","article_modified_time":"2024-04-08T11:08:17+00:00","og_image":[{"url":"https:\/\/cdn.teamdeck.io\/uploads\/website\/2017\/09\/teamdeck-share.png","type":"","width":"","height":""}],"twitter_card":"summary_large_image","twitter_title":"Teamdeck - Privacy Policy","twitter_description":"Teamdeck cares about your privacy and security of its service. Please, read the following privacy policy carefully.","twitter_image":"https:\/\/cdn.teamdeck.io\/uploads\/website\/2017\/09\/teamdeck-share.png","twitter_site":"@helloteamdeck","twitter_misc":{"Est. reading time":"6 minutes"},"schema":{"@context":"https:\/\/schema.org","@graph":[{"@type":"WebPage","@id":"https:\/\/teamdeck.io\/privacy-policy\/","url":"https:\/\/teamdeck.io\/privacy-policy\/","name":"Teamdeck - Privacy Policy","isPartOf":{"@id":"https:\/\/teamdeck.io\/#website"},"datePublished":"2017-09-07T10:08:23+00:00","dateModified":"2024-04-08T11:08:17+00:00","description":"Teamdeck cares about your privacy and security of its service. Please, read the following privacy policy carefully.","breadcrumb":{"@id":"https:\/\/teamdeck.io\/privacy-policy\/#breadcrumb"},"inLanguage":"ro-RO","potentialAction":[{"@type":"ReadAction","target":["https:\/\/teamdeck.io\/privacy-policy\/"]}]},{"@type":"BreadcrumbList","@id":"https:\/\/teamdeck.io\/privacy-policy\/#breadcrumb","itemListElement":[{"@type":"ListItem","position":1,"name":"Home","item":"https:\/\/teamdeck.io\/"},{"@type":"ListItem","position":2,"name":"Privacy Policy"}]},{"@type":"WebSite","@id":"https:\/\/teamdeck.io\/#website","url":"https:\/\/teamdeck.io\/","name":"Teamdeck","description":"resource scheduling + time tracking + leave management","potentialAction":[{"@type":"SearchAction","target":{"@type":"EntryPoint","urlTemplate":"https:\/\/teamdeck.io\/?s={search_term_string}"},"query-input":{"@type":"PropertyValueSpecification","valueRequired":true,"valueName":"search_term_string"}}],"inLanguage":"ro-RO"}]}},"_links":{"self":[{"href":"https:\/\/teamdeck.io\/ro\/wp-json\/wp\/v2\/pages\/2853","targetHints":{"allow":["GET"]}}],"collection":[{"href":"https:\/\/teamdeck.io\/ro\/wp-json\/wp\/v2\/pages"}],"about":[{"href":"https:\/\/teamdeck.io\/ro\/wp-json\/wp\/v2\/types\/page"}],"author":[{"embeddable":true,"href":"https:\/\/teamdeck.io\/ro\/wp-json\/wp\/v2\/users\/17"}],"replies":[{"embeddable":true,"href":"https:\/\/teamdeck.io\/ro\/wp-json\/wp\/v2\/comments?post=2853"}],"version-history":[{"count":15,"href":"https:\/\/teamdeck.io\/ro\/wp-json\/wp\/v2\/pages\/2853\/revisions"}],"predecessor-version":[{"id":12719,"href":"https:\/\/teamdeck.io\/ro\/wp-json\/wp\/v2\/pages\/2853\/revisions\/12719"}],"wp:attachment":[{"href":"https:\/\/teamdeck.io\/ro\/wp-json\/wp\/v2\/media?parent=2853"}],"curies":[{"name":"wp","href":"https:\/\/api.w.org\/{rel}","templated":true}]}}