{"id":5784,"date":"2020-03-10T21:48:14","date_gmt":"2020-03-10T19:48:14","guid":{"rendered":"https:\/\/teamdeck.io\/?page_id=5784"},"modified":"2021-12-16T19:38:46","modified_gmt":"2021-12-16T17:38:46","slug":"teamdeck-vs-monday","status":"publish","type":"page","link":"https:\/\/teamdeck.io\/pt\/teamdeck-vs-monday\/","title":{"rendered":"Teamdeck vs Monday.com"},"content":{"rendered":"<div data-vc-full-width=\"true\" data-vc-full-width-init=\"false\" class=\"vc_row wpb_row vc_row-fluid redl-row-section vc_custom_1547727116563 vc_row-has-fill vc_row-o-content-middle vc_row-flex padding-default bgv-default bgh-default halign-center\"><div class=\"wpb_column vc_column_container text-left vc_col-sm-4 padding-default bgv-default bgh-default halign-center\"><div class=\"vc_column-inner\"><div class=\"wpb_wrapper\">\n\t<div class=\"wpb_text_column wpb_content_element\" >\n\t\t<div class=\"wpb_wrapper\">\n\t\t\t<h1>Teamdeck vs Monday.com<\/h1>\n<p style=\"text-align: justify;\">O Teamdeck \u00e9 um <a href=\"https:\/\/teamdeck.io\/pt\/\">software de planejamento de recursos<\/a> usado para gerenciar recursos e planejar cronogramas. \u00c9 uma ferramenta focada em laser, usada tanto por pequenas ag\u00eancias quanto por grandes organiza\u00e7\u00f5es.<\/p>\n<p style=\"text-align: justify;\">Por empresas do setor de tecnologia, bem como dos setores de publicidade e pesquisa. Por <a href=\"https:\/\/www.circusmaximus.com\/\">Circus Maximus<\/a> ou Stormind Games. Selecionado por membros de equipes criativas e tamb\u00e9m por gerentes de projeto.<\/p>\n\n\t\t<\/div>\n\t<\/div>\n\n\t<div class=\"wpb_text_column wpb_content_element\" >\n\t\t<div class=\"wpb_wrapper\">\n\t\t\t<p style=\"text-align: left;\"><span class=\"arrow-link\"><a href=\"https:\/\/app.teamdeck.io\/register\">Obtenha uma avalia\u00e7\u00e3o gratuita de 30 dias<\/a><\/span><\/p>\n\n\t\t<\/div>\n\t<\/div>\n<\/div><\/div><\/div><div class=\"wpb_column vc_column_container text-center vc_col-sm-8 vc_col-has-fill padding-default bgv-default bgh-default halign-center\"><div class=\"vc_column-inner vc_custom_1583827482870\"><div class=\"wpb_wrapper\">\n\t<div class=\"wpb_text_column wpb_content_element  vc_custom_1638211493070 video-nocontrols\" >\n\t\t<div class=\"wpb_wrapper\">\n\t\t\t<p><img loading=\"lazy\" decoding=\"async\" class=\"aligncenter wp-image-5788\" src=\"https:\/\/cdn.teamdeck.io\/uploads\/website\/2020\/03\/10132651\/Untitled-design-2-300x250.png\" alt=\"No mercado de software de gerenciamento de projetos, o Teamdeck \u00e9 facilmente tratado como uma alternativa de segunda-feira.\" width=\"600\" height=\"500\" srcset=\"https:\/\/cdn.teamdeck.io\/uploads\/website\/2020\/03\/10132651\/Untitled-design-2-300x250.png 300w, https:\/\/cdn.teamdeck.io\/uploads\/website\/2020\/03\/10132651\/Untitled-design-2-768x640.png 768w, https:\/\/cdn.teamdeck.io\/uploads\/website\/2020\/03\/10132651\/Untitled-design-2-960x800.png 960w, https:\/\/cdn.teamdeck.io\/uploads\/website\/2020\/03\/10132651\/Untitled-design-2.png 1800w\" sizes=\"auto, (max-width: 600px) 100vw, 600px\" \/><\/p>\n\n\t\t<\/div>\n\t<\/div>\n<\/div><\/div><\/div><\/div><div class=\"vc_row-full-width vc_clearfix\"><\/div><div class=\"vc_row wpb_row vc_row-fluid redl-row-section padding-default bgv-default bgh-default halign-default\"><div class=\"wpb_column vc_column_container text-left vc_col-sm-12 padding-default bgv-default bgh-default halign-default\"><div class=\"vc_column-inner\"><div class=\"wpb_wrapper\">\n\t<div class=\"wpb_text_column wpb_content_element\" >\n\t\t<div class=\"wpb_wrapper\">\n\t\t\t<h2>Procurando alternativas para o Monday.com?<\/h2>\n<p>Conversamos regularmente com pessoas que est\u00e3o avaliando diferentes op\u00e7\u00f5es de software para agendamento e aloca\u00e7\u00e3o de recursos. Suas escolhas geralmente se resumem a uma pergunta: <strong>Voc\u00ea se sente mais confort\u00e1vel com uma ferramenta altamente especializada para lidar com essa tarefa ou prefere usar um aplicativo mais vers\u00e1til?<\/strong><\/p>\n<p style=\"text-align: justify;\">O Teamdeck tem tudo a ver com gerenciamento de recursos. Ele combina recursos de agendamento de funcion\u00e1rios, controle de tempo e gerenciamento de aus\u00eancias. Al\u00e9m disso, voc\u00ea tem acesso a uma se\u00e7\u00e3o de an\u00e1lise abrangente que permite analisar a produtividade da sua equipe, monitorar planilhas de horas e gerar relat\u00f3rios de clientes.<\/p>\n<p style=\"text-align: justify;\">O Monday.com \u00e9 uma ferramenta de colabora\u00e7\u00e3o visual com muito espa\u00e7o para personaliza\u00e7\u00e3o. Voc\u00ea pode us\u00e1-la para uma variedade de finalidades: desde o gerenciamento de projetos at\u00e9 o gerenciamento ou desenvolvimento de vendas e neg\u00f3cios. \u00c9 verdade que ela tem um pre\u00e7o mais alto.<\/p>\n\n\t\t<\/div>\n\t<\/div>\n<\/div><\/div><\/div><\/div><div class=\"vc_row wpb_row vc_row-fluid redl-row-section padding-small bgv-default bgh-default halign-default\"><div class=\"wpb_column vc_column_container text-left vc_col-sm-12 padding-default bgv-default bgh-default halign-default\"><div class=\"vc_column-inner\"><div class=\"wpb_wrapper\">\n\t<div class=\"wpb_text_column wpb_content_element\" >\n\t\t<div class=\"wpb_wrapper\">\n\t\t\t<h2 style=\"text-align: center;\"><strong>3 raz\u00f5es pelas quais as empresas adoram o Teamdeck <a href=\"https:\/\/teamdeck.io\/pt\/\">software de planejamento de recursos<\/a><\/strong><\/h2>\n\n\t\t<\/div>\n\t<\/div>\n<\/div><\/div><\/div><\/div><div class=\"vc_row wpb_row vc_row-fluid redl-row-section use-cases-title vc_custom_1582120251302 padding-default bgv-default bgh-default halign-default\"><div class=\"wpb_column vc_column_container text-left vc_col-sm-4 padding-default bgv-default bgh-default halign-default\"><div class=\"vc_column-inner\"><div class=\"wpb_wrapper\">\n\t<div class=\"wpb_text_column wpb_content_element\" >\n\t\t<div class=\"wpb_wrapper\">\n\t\t\t<p style=\"text-align: center;\"><strong><span class=\"text-title column-title\">Gerenciamento aprofundado de recursos<\/span><\/strong><\/p>\n<p style=\"text-align: center;\">Sabemos que o gerenciamento eficaz de recursos pode tornar sua empresa mais lucrativa. \u00c9 por isso que oferecemos recursos que o ajudam a alcan\u00e7ar a produtividade ideal, mantendo a felicidade da equipe. O Teamdeck permite que voc\u00ea se aprofunde no trabalho di\u00e1rio da sua equipe e otimize diferentes \u00e1reas do fluxo de trabalho da equipe.<\/p>\n\n\t\t<\/div>\n\t<\/div>\n<\/div><\/div><\/div><div class=\"wpb_column vc_column_container text-left vc_col-sm-4 padding-default bgv-default bgh-default halign-default\"><div class=\"vc_column-inner\"><div class=\"wpb_wrapper\">\n\t<div class=\"wpb_text_column wpb_content_element\" >\n\t\t<div class=\"wpb_wrapper\">\n\t\t\t<h3 style=\"text-align: center;\"><span class=\"text-title column-title\">Pronto para uso imediato<\/span><\/h3>\n<p style=\"text-align: center;\">N\u00e3o \u00e9 necess\u00e1rio perder tempo criando fluxos de trabalho e pain\u00e9is: nosso aplicativo vem com tudo o que voc\u00ea precisa para planejar o trabalho da sua equipe e medir o desempenho dela. Crie uma conta e convide os membros da sua equipe. <strong>O Teamdeck far\u00e1 a diferen\u00e7a para os l\u00edderes de gerenciamento de equipes e para os membros da equipe desde o primeiro dia. <\/strong><\/p>\n\n\t\t<\/div>\n\t<\/div>\n<\/div><\/div><\/div><div class=\"wpb_column vc_column_container text-left vc_col-sm-4 padding-default bgv-default bgh-default halign-default\"><div class=\"vc_column-inner\"><div class=\"wpb_wrapper\">\n\t<div class=\"wpb_text_column wpb_content_element\" >\n\t\t<div class=\"wpb_wrapper\">\n\t\t\t<h3 style=\"text-align: center;\"><span class=\"text-title column-title\">Suporte de classe mundial<\/span><\/h3>\n<p style=\"text-align: center;\">Queremos que voc\u00ea <strong>obter o m\u00e1ximo de valor poss\u00edvel do Teamdeck<\/strong>. N\u00f3s o orientaremos sobre o produto e organizaremos uma chamada de integra\u00e7\u00e3o para a sua equipe. Precisa de ajuda com mais alguma coisa? Oferecemos suporte priorit\u00e1rio sempre que voc\u00ea precisar.<\/p>\n\n\t\t<\/div>\n\t<\/div>\n<\/div><\/div><\/div><\/div><div class=\"vc_row wpb_row vc_row-fluid redl-row-section padding-default bgv-default bgh-default halign-default\"><div class=\"wpb_column vc_column_container text-left vc_col-sm-12 padding-default bgv-default bgh-default halign-default\"><div class=\"vc_column-inner\"><div class=\"wpb_wrapper\"><\/div><\/div><\/div><\/div><div class=\"vc_row wpb_row vc_row-fluid redl-row-section padding-default bgv-default bgh-default halign-default\"><div class=\"wpb_column vc_column_container text-left vc_col-sm-12 padding-default bgv-default bgh-default halign-default\"><div class=\"vc_column-inner\"><div class=\"wpb_wrapper\">\n\t<div class=\"wpb_text_column wpb_content_element\" >\n\t\t<div class=\"wpb_wrapper\">\n\t\t\t<h2 class=\"ql-align-center\" style=\"text-align: center;\">Teamdeck como um <a href=\"https:\/\/teamdeck.io\/pt\/\">ferramenta de gerenciamento de tarefas<\/a> est\u00e1 na mira de muitas entidades conhecidas que est\u00e3o procurando alternativas para o Monday.com<\/h2>\n\n\t\t<\/div>\n\t<\/div>\n<\/div><\/div><\/div><\/div><div class=\"vc_row wpb_row vc_row-fluid redl-row-section padding-default bgv-default bgh-default halign-default\"><div class=\"wpb_column vc_column_container text-left vc_col-sm-12 padding-default bgv-default bgh-default halign-default\"><div class=\"vc_column-inner vc_custom_1583774752686\"><div class=\"wpb_wrapper\"><form class=\"get-started-form\" action=\"\">\n  <div class=\"get-started-form__input-wrapper\">\n    <input class=\"get-started-form__input\" placeholder=\"Digite seu e-mail comercial\" \/>\n  <\/div>\n  <button type=\"submit\" class=\"get-started-form__button\">\n    <span class=\"get-started-form__button-text\">Obtenha uma avalia\u00e7\u00e3o GRATUITA de 14 dias<\/>\n  <\/button>\n  <button class=\"get-started-form__button\">\n    <span class=\"get-started-form__button-text\">E-mail inv\u00e1lido<\/>\n  <\/button>\n<input type=\"hidden\" name=\"trp-form-language\" value=\"pt\"\/><\/form>\n<\/div><\/div><\/div><\/div>","protected":false},"excerpt":{"rendered":"Teamdeck vs Monday.com O Teamdeck \u00e9 um software de planejamento de recursos usado para gerenciar recursos e planejar cronogramas. \u00c9 uma ferramenta focada em laser, usada tanto por pequenas ag\u00eancias quanto por grandes organiza\u00e7\u00f5es. Por empresas de tecnologia, publicidade e...","protected":false},"author":17,"featured_media":0,"parent":0,"menu_order":0,"comment_status":"closed","ping_status":"closed","template":"","meta":{"footnotes":""},"class_list":["post-5784","page","type-page","status-publish","hentry"],"yoast_head":"<!-- This site is optimized with the Yoast SEO Premium plugin v23.8 (Yoast SEO v24.3) - https:\/\/yoast.com\/wordpress\/plugins\/seo\/ -->\n<title>Monday.com Alternatives - Teamdeck.io - Resource Management Software<\/title>\n<meta name=\"description\" content=\"Teamdeck.io resource management software is in use by Stormind Games, Circus Maximus, Hill-Knowlton, etc. We replaced Monday many times.\" \/>\n<meta name=\"robots\" content=\"index, follow, max-snippet:-1, max-image-preview:large, max-video-preview:-1\" \/>\n<link rel=\"canonical\" href=\"https:\/\/teamdeck.io\/pt\/teamdeck-vs-monday\/\" \/>\n<meta property=\"og:locale\" content=\"pt_BR\" \/>\n<meta property=\"og:type\" content=\"article\" \/>\n<meta property=\"og:title\" content=\"Teamdeck vs Monday.com\" \/>\n<meta property=\"og:description\" content=\"Teamdeck.io resource management software is in use by Stormind Games, Circus Maximus, Hill-Knowlton, etc. We replaced Monday many times.\" \/>\n<meta property=\"og:url\" content=\"https:\/\/teamdeck.io\/pt\/teamdeck-vs-monday\/\" \/>\n<meta property=\"og:site_name\" content=\"Teamdeck\" \/>\n<meta property=\"article:publisher\" content=\"https:\/\/www.facebook.com\/helloteamdeck\" \/>\n<meta property=\"article:modified_time\" content=\"2021-12-16T17:38:46+00:00\" \/>\n<meta property=\"og:image\" content=\"https:\/\/teamdeck.io\/wp-content\/uploads\/2020\/03\/Untitled-design-2-300x250.png\" \/>\n<meta name=\"twitter:card\" content=\"summary_large_image\" \/>\n<meta name=\"twitter:site\" content=\"@helloteamdeck\" \/>\n<meta name=\"twitter:label1\" content=\"Est. reading time\" \/>\n\t<meta name=\"twitter:data1\" content=\"3 minutes\" \/>\n<script type=\"application\/ld+json\" class=\"yoast-schema-graph\">{\"@context\":\"https:\/\/schema.org\",\"@graph\":[{\"@type\":\"WebPage\",\"@id\":\"https:\/\/teamdeck.io\/teamdeck-vs-monday\/\",\"url\":\"https:\/\/teamdeck.io\/teamdeck-vs-monday\/\",\"name\":\"Monday.com Alternatives - Teamdeck.io - Resource Management Software\",\"isPartOf\":{\"@id\":\"https:\/\/teamdeck.io\/#website\"},\"primaryImageOfPage\":{\"@id\":\"https:\/\/teamdeck.io\/teamdeck-vs-monday\/#primaryimage\"},\"image\":{\"@id\":\"https:\/\/teamdeck.io\/teamdeck-vs-monday\/#primaryimage\"},\"thumbnailUrl\":\"https:\/\/teamdeck.io\/wp-content\/uploads\/2020\/03\/Untitled-design-2-300x250.png\",\"datePublished\":\"2020-03-10T19:48:14+00:00\",\"dateModified\":\"2021-12-16T17:38:46+00:00\",\"description\":\"Teamdeck.io resource management software is in use by Stormind Games, Circus Maximus, Hill-Knowlton, etc. We replaced Monday many times.\",\"breadcrumb\":{\"@id\":\"https:\/\/teamdeck.io\/teamdeck-vs-monday\/#breadcrumb\"},\"inLanguage\":\"pt-BR\",\"potentialAction\":[{\"@type\":\"ReadAction\",\"target\":[\"https:\/\/teamdeck.io\/teamdeck-vs-monday\/\"]}]},{\"@type\":\"ImageObject\",\"inLanguage\":\"pt-BR\",\"@id\":\"https:\/\/teamdeck.io\/teamdeck-vs-monday\/#primaryimage\",\"url\":\"https:\/\/teamdeck.io\/wp-content\/uploads\/2020\/03\/Untitled-design-2-300x250.png\",\"contentUrl\":\"https:\/\/teamdeck.io\/wp-content\/uploads\/2020\/03\/Untitled-design-2-300x250.png\"},{\"@type\":\"BreadcrumbList\",\"@id\":\"https:\/\/teamdeck.io\/teamdeck-vs-monday\/#breadcrumb\",\"itemListElement\":[{\"@type\":\"ListItem\",\"position\":1,\"name\":\"Home\",\"item\":\"https:\/\/teamdeck.io\/\"},{\"@type\":\"ListItem\",\"position\":2,\"name\":\"Teamdeck vs Monday.com\"}]},{\"@type\":\"WebSite\",\"@id\":\"https:\/\/teamdeck.io\/#website\",\"url\":\"https:\/\/teamdeck.io\/\",\"name\":\"Teamdeck\",\"description\":\"resource scheduling + time tracking + leave management\",\"potentialAction\":[{\"@type\":\"SearchAction\",\"target\":{\"@type\":\"EntryPoint\",\"urlTemplate\":\"https:\/\/teamdeck.io\/?s={search_term_string}\"},\"query-input\":{\"@type\":\"PropertyValueSpecification\",\"valueRequired\":true,\"valueName\":\"search_term_string\"}}],\"inLanguage\":\"pt-BR\"}]}<\/script>\n<!-- \/ Yoast SEO Premium plugin. -->","yoast_head_json":{"title":"Monday.com Alternatives - Teamdeck.io - Resource Management Software","description":"Teamdeck.io resource management software is in use by Stormind Games, Circus Maximus, Hill-Knowlton, etc. We replaced Monday many times.","robots":{"index":"index","follow":"follow","max-snippet":"max-snippet:-1","max-image-preview":"max-image-preview:large","max-video-preview":"max-video-preview:-1"},"canonical":"https:\/\/teamdeck.io\/pt\/teamdeck-vs-monday\/","og_locale":"pt_BR","og_type":"article","og_title":"Teamdeck vs Monday.com","og_description":"Teamdeck.io resource management software is in use by Stormind Games, Circus Maximus, Hill-Knowlton, etc. We replaced Monday many times.","og_url":"https:\/\/teamdeck.io\/pt\/teamdeck-vs-monday\/","og_site_name":"Teamdeck","article_publisher":"https:\/\/www.facebook.com\/helloteamdeck","article_modified_time":"2021-12-16T17:38:46+00:00","og_image":[{"url":"https:\/\/teamdeck.io\/wp-content\/uploads\/2020\/03\/Untitled-design-2-300x250.png","type":"","width":"","height":""}],"twitter_card":"summary_large_image","twitter_site":"@helloteamdeck","twitter_misc":{"Est. reading time":"3 minutes"},"schema":{"@context":"https:\/\/schema.org","@graph":[{"@type":"WebPage","@id":"https:\/\/teamdeck.io\/teamdeck-vs-monday\/","url":"https:\/\/teamdeck.io\/teamdeck-vs-monday\/","name":"Monday.com Alternatives - Teamdeck.io - Resource Management Software","isPartOf":{"@id":"https:\/\/teamdeck.io\/#website"},"primaryImageOfPage":{"@id":"https:\/\/teamdeck.io\/teamdeck-vs-monday\/#primaryimage"},"image":{"@id":"https:\/\/teamdeck.io\/teamdeck-vs-monday\/#primaryimage"},"thumbnailUrl":"https:\/\/teamdeck.io\/wp-content\/uploads\/2020\/03\/Untitled-design-2-300x250.png","datePublished":"2020-03-10T19:48:14+00:00","dateModified":"2021-12-16T17:38:46+00:00","description":"Teamdeck.io resource management software is in use by Stormind Games, Circus Maximus, Hill-Knowlton, etc. We replaced Monday many times.","breadcrumb":{"@id":"https:\/\/teamdeck.io\/teamdeck-vs-monday\/#breadcrumb"},"inLanguage":"pt-BR","potentialAction":[{"@type":"ReadAction","target":["https:\/\/teamdeck.io\/teamdeck-vs-monday\/"]}]},{"@type":"ImageObject","inLanguage":"pt-BR","@id":"https:\/\/teamdeck.io\/teamdeck-vs-monday\/#primaryimage","url":"https:\/\/teamdeck.io\/wp-content\/uploads\/2020\/03\/Untitled-design-2-300x250.png","contentUrl":"https:\/\/teamdeck.io\/wp-content\/uploads\/2020\/03\/Untitled-design-2-300x250.png"},{"@type":"BreadcrumbList","@id":"https:\/\/teamdeck.io\/teamdeck-vs-monday\/#breadcrumb","itemListElement":[{"@type":"ListItem","position":1,"name":"Home","item":"https:\/\/teamdeck.io\/"},{"@type":"ListItem","position":2,"name":"Teamdeck vs Monday.com"}]},{"@type":"WebSite","@id":"https:\/\/teamdeck.io\/#website","url":"https:\/\/teamdeck.io\/","name":"Teamdeck","description":"resource scheduling + time tracking + leave management","potentialAction":[{"@type":"SearchAction","target":{"@type":"EntryPoint","urlTemplate":"https:\/\/teamdeck.io\/?s={search_term_string}"},"query-input":{"@type":"PropertyValueSpecification","valueRequired":true,"valueName":"search_term_string"}}],"inLanguage":"pt-BR"}]}},"_links":{"self":[{"href":"https:\/\/teamdeck.io\/pt\/wp-json\/wp\/v2\/pages\/5784","targetHints":{"allow":["GET"]}}],"collection":[{"href":"https:\/\/teamdeck.io\/pt\/wp-json\/wp\/v2\/pages"}],"about":[{"href":"https:\/\/teamdeck.io\/pt\/wp-json\/wp\/v2\/types\/page"}],"author":[{"embeddable":true,"href":"https:\/\/teamdeck.io\/pt\/wp-json\/wp\/v2\/users\/17"}],"replies":[{"embeddable":true,"href":"https:\/\/teamdeck.io\/pt\/wp-json\/wp\/v2\/comments?post=5784"}],"version-history":[{"count":13,"href":"https:\/\/teamdeck.io\/pt\/wp-json\/wp\/v2\/pages\/5784\/revisions"}],"predecessor-version":[{"id":8163,"href":"https:\/\/teamdeck.io\/pt\/wp-json\/wp\/v2\/pages\/5784\/revisions\/8163"}],"wp:attachment":[{"href":"https:\/\/teamdeck.io\/pt\/wp-json\/wp\/v2\/media?parent=5784"}],"curies":[{"name":"wp","href":"https:\/\/api.w.org\/{rel}","templated":true}]}}