{"id":5722,"date":"2020-03-10T12:46:28","date_gmt":"2020-03-10T10:46:28","guid":{"rendered":"https:\/\/teamdeck.io\/?page_id=5722"},"modified":"2021-11-29T19:35:15","modified_gmt":"2021-11-29T17:35:15","slug":"teamdeck-vs-wrike","status":"publish","type":"page","link":"https:\/\/teamdeck.io\/pt\/teamdeck-vs-wrike\/","title":{"rendered":"Teamdeck vs Wrike"},"content":{"rendered":"<div data-vc-full-width=\"true\" data-vc-full-width-init=\"false\" class=\"vc_row wpb_row vc_row-fluid redl-row-section vc_custom_1547727116563 vc_row-has-fill vc_row-o-content-middle vc_row-flex padding-default bgv-default bgh-default halign-center\"><div class=\"wpb_column vc_column_container text-left vc_col-sm-4 padding-default bgv-default bgh-default halign-center\"><div class=\"vc_column-inner\"><div class=\"wpb_wrapper\">\n\t<div class=\"wpb_text_column wpb_content_element\" >\n\t\t<div class=\"wpb_wrapper\">\n\t\t\t<h1>Teamdeck vs Wrike<\/h1>\n<p>Precisa de um poderoso <a href=\"https:\/\/teamdeck.io\/pt\/\" target=\"_blank\" rel=\"noopener noreferrer\">software de gerenciamento de recursos<\/a>\u00a0para planejar e gerenciar o trabalho da sua equipe, as tarefas do projeto ou verificar o desempenho do projeto?<\/p>\n<p><strong>Leia sobre o Wrike abaixo<\/strong> ou saiba por que a Teamdeck \u00e9 escolhida por marcas conhecidas internacionalmente, como NTT Data, Circus Maximus ou Hill-Knowlton.<\/p>\n\n\t\t<\/div>\n\t<\/div>\n\n\t<div class=\"wpb_text_column wpb_content_element\" >\n\t\t<div class=\"wpb_wrapper\">\n\t\t\t<p style=\"text-align: left;\"><span class=\"arrow-link\"><a href=\"https:\/\/app.teamdeck.io\/register\">Obtenha uma avalia\u00e7\u00e3o gratuita de 30 dias<\/a><\/span><\/p>\n\n\t\t<\/div>\n\t<\/div>\n<\/div><\/div><\/div><div class=\"wpb_column vc_column_container text-center vc_col-sm-8 vc_col-has-fill padding-default bgv-default bgh-default halign-center\"><div class=\"vc_column-inner vc_custom_1583827482870\"><div class=\"wpb_wrapper\">\n\t<div class=\"wpb_text_column wpb_content_element  vc_custom_1638206980324 video-nocontrols\" >\n\t\t<div class=\"wpb_wrapper\">\n\t\t\t<p><img loading=\"lazy\" decoding=\"async\" class=\"alignnone wp-image-5758\" src=\"https:\/\/cdn.teamdeck.io\/uploads\/website\/2020\/03\/10100907\/Untitled-design-300x250.png\" alt=\"O Teamdeck faz parte de um pequeno grupo de alternativas do Wrike selecionadas por muitos gerentes de projeto\" width=\"600\" height=\"500\" srcset=\"https:\/\/cdn.teamdeck.io\/uploads\/website\/2020\/03\/10100907\/Untitled-design-300x250.png 300w, https:\/\/cdn.teamdeck.io\/uploads\/website\/2020\/03\/10100907\/Untitled-design-768x640.png 768w, https:\/\/cdn.teamdeck.io\/uploads\/website\/2020\/03\/10100907\/Untitled-design-960x800.png 960w, https:\/\/cdn.teamdeck.io\/uploads\/website\/2020\/03\/10100907\/Untitled-design.png 1800w\" sizes=\"auto, (max-width: 600px) 100vw, 600px\" \/><\/p>\n\n\t\t<\/div>\n\t<\/div>\n<\/div><\/div><\/div><\/div><div class=\"vc_row-full-width vc_clearfix\"><\/div><div class=\"vc_row wpb_row vc_row-fluid redl-row-section padding-default bgv-default bgh-default halign-default\"><div class=\"wpb_column vc_column_container text-left vc_col-sm-12 padding-default bgv-default bgh-default halign-default\"><div class=\"vc_column-inner\"><div class=\"wpb_wrapper\">\n\t<div class=\"wpb_text_column wpb_content_element\" >\n\t\t<div class=\"wpb_wrapper\">\n\t\t\t<h2>Procurando alternativas para o Wrike?<\/h2>\n<p><span style=\"font-weight: 400;\">Ao analisar diferentes aplicativos de agendamento de recursos para gerenciar v\u00e1rios projetos, voc\u00ea perceber\u00e1 rapidamente que est\u00e1 escolhendo entre aplicativos voltados para o gerenciamento de recursos e ferramentas que visam abranger tamb\u00e9m outros processos. Essa \u00e9 a principal diferen\u00e7a entre o Wrike e o Teamdeck.\u00a0<\/span><\/p>\n<p><span style=\"font-weight: 400;\">O Wrike tem tudo a ver com um \u00fanico e poderoso centro de comando. Voc\u00ea pode us\u00e1-lo para gerenciamento de projetos, colabora\u00e7\u00e3o em equipe ou para trabalhar com diferentes ativos.<\/span><b> A aloca\u00e7\u00e3o de planejamento de recursos pode ser obtida com o uso de um complemento chamado Wrike Resource. <\/b><span style=\"font-weight: 400;\">Essa op\u00e7\u00e3o est\u00e1 dispon\u00edvel para os planos Business, Wrike for Marketers e Enterprise.\u00a0<\/span><\/p>\n<p><span style=\"font-weight: 400;\">O Teamdeck, por outro lado, \u00e9 voltado exclusivamente para o gerenciamento de recursos. <\/span><b>Ele combina recursos de agendamento de funcion\u00e1rios, controle de tempo e gerenciamento de aus\u00eancias.<\/b><span style=\"font-weight: 400;\"> Al\u00e9m disso, voc\u00ea tem acesso a uma se\u00e7\u00e3o de an\u00e1lise abrangente que permite analisar a produtividade da sua equipe, monitorar as planilhas de horas e criar relat\u00f3rios para os clientes.\u00a0<\/span><\/p>\n\n\t\t<\/div>\n\t<\/div>\n<\/div><\/div><\/div><\/div><div class=\"vc_row wpb_row vc_row-fluid redl-row-section padding-small bgv-default bgh-default halign-default\"><div class=\"wpb_column vc_column_container text-left vc_col-sm-12 padding-default bgv-default bgh-default halign-default\"><div class=\"vc_column-inner\"><div class=\"wpb_wrapper\">\n\t<div class=\"wpb_text_column wpb_content_element\" >\n\t\t<div class=\"wpb_wrapper\">\n\t\t\t<h2 style=\"text-align: center;\"><strong>3 motivos pelos quais as empresas adoram o Teamdeck como alternativa ao Wrike<\/strong><\/h2>\n\n\t\t<\/div>\n\t<\/div>\n<\/div><\/div><\/div><\/div><div class=\"vc_row wpb_row vc_row-fluid redl-row-section use-cases-title vc_custom_1582120251302 padding-default bgv-default bgh-default halign-default\"><div class=\"wpb_column vc_column_container text-left vc_col-sm-4 padding-default bgv-default bgh-default halign-default\"><div class=\"vc_column-inner\"><div class=\"wpb_wrapper\">\n\t<div class=\"wpb_text_column wpb_content_element\" >\n\t\t<div class=\"wpb_wrapper\">\n\t\t\t<h2 style=\"text-align: center;\"><span class=\"text-title column-title\">Integra\u00e7\u00e3o r\u00e1pida e eficaz<\/span><\/h2>\n<p style=\"text-align: center;\">O Teamdeck \u00e9 uma solu\u00e7\u00e3o de gerenciamento de trabalho simples, mas poderosa, muito popular entre as alternativas ao Wrike. Inscreva-se, fa\u00e7a um r\u00e1pido tour pelo produto, personalize as configura\u00e7\u00f5es da sua equipe e importe seus dados. A partir da\u00ed, voc\u00ea est\u00e1 pronto para come\u00e7ar: <strong>O Teamdeck far\u00e1 a diferen\u00e7a para sua equipe desde o primeiro dia.<\/strong><\/p>\n\n\t\t<\/div>\n\t<\/div>\n<\/div><\/div><\/div><div class=\"wpb_column vc_column_container text-left vc_col-sm-4 padding-default bgv-default bgh-default halign-default\"><div class=\"vc_column-inner\"><div class=\"wpb_wrapper\">\n\t<div class=\"wpb_text_column wpb_content_element\" >\n\t\t<div class=\"wpb_wrapper\">\n\t\t\t<h2 style=\"text-align: center;\"><span class=\"text-title column-title\">Suporte de classe mundial<\/span><\/h2>\n<p style=\"text-align: center;\">Nosso foco \u00e9 <strong>agregar valor desde o momento em que o usu\u00e1rio se inscreve<\/strong>. Voc\u00ea ter\u00e1 uma visita personalizada ao produto, uma sess\u00e3o de integra\u00e7\u00e3o com sua equipe e suporte priorit\u00e1rio sempre que precisar.<\/p>\n\n\t\t<\/div>\n\t<\/div>\n<\/div><\/div><\/div><div class=\"wpb_column vc_column_container text-left vc_col-sm-4 padding-default bgv-default bgh-default halign-default\"><div class=\"vc_column-inner\"><div class=\"wpb_wrapper\">\n\t<div class=\"wpb_text_column wpb_content_element\" >\n\t\t<div class=\"wpb_wrapper\">\n\t\t\t<h2 style=\"text-align: center;\"><span class=\"text-title column-title\">Uma empresa centrada no cliente<\/span><\/h2>\n<p style=\"text-align: center;\">Quando dizemos que ouvimos voc\u00ea, realmente estamos falando s\u00e9rio. <strong>O roteiro do Teamdeck \u00e9 baseado no feedback que recebemos de nossos clientes.<\/strong> Voc\u00ea consegue pensar em um recurso que tornaria sua vida profissional muito mais f\u00e1cil? Sem d\u00favida, conte para n\u00f3s.<\/p>\n\n\t\t<\/div>\n\t<\/div>\n<\/div><\/div><\/div><\/div><div class=\"vc_row wpb_row vc_row-fluid redl-row-section padding-default bgv-default bgh-default halign-default\"><div class=\"wpb_column vc_column_container text-left vc_col-sm-12 padding-default bgv-default bgh-default halign-default\"><div class=\"vc_column-inner\"><div class=\"wpb_wrapper\">\n\t<div class=\"wpb_text_column wpb_content_element\" >\n\t\t<div class=\"wpb_wrapper\">\n\t\t\t<h2 style=\"text-align: center;\"><strong>O Teamdeck.io \u00e9 um <a href=\"https:\/\/teamdeck.io\/pt\/\">software de planejamento de recursos<\/a>. Saiba que fomos escolhidos pela Stormind Games, Hill-Knowlton, Circus Maximus.<\/strong><\/h2>\n\n\t\t<\/div>\n\t<\/div>\n<\/div><\/div><\/div><\/div><div class=\"vc_row wpb_row vc_row-fluid redl-row-section padding-default bgv-default bgh-default halign-default\"><div class=\"wpb_column vc_column_container text-left vc_col-sm-12 padding-default bgv-default bgh-default halign-default\"><div class=\"vc_column-inner vc_custom_1583774752686\"><div class=\"wpb_wrapper\"><form class=\"get-started-form\" action=\"\">\n  <div class=\"get-started-form__input-wrapper\">\n    <input class=\"get-started-form__input\" placeholder=\"Digite seu e-mail comercial\" \/>\n  <\/div>\n  <button type=\"submit\" class=\"get-started-form__button\">\n    <span class=\"get-started-form__button-text\">Obtenha uma avalia\u00e7\u00e3o GRATUITA de 14 dias<\/>\n  <\/button>\n  <button class=\"get-started-form__button\">\n    <span class=\"get-started-form__button-text\">E-mail inv\u00e1lido<\/>\n  <\/button>\n<input type=\"hidden\" name=\"trp-form-language\" value=\"pt\"\/><\/form>\n<\/div><\/div><\/div><\/div>","protected":false},"excerpt":{"rendered":"Teamdeck vs Wrike Precisa de um software poderoso de gerenciamento de recursos para planejar e gerenciar o trabalho da sua equipe, as tarefas do projeto ou verificar o desempenho do projeto? Leia sobre o Wrike abaixo ou saiba por que o Teamdeck \u00e9 escolhido por marcas internacionalmente conhecidas, como...","protected":false},"author":17,"featured_media":0,"parent":0,"menu_order":0,"comment_status":"closed","ping_status":"closed","template":"","meta":{"footnotes":""},"class_list":["post-5722","page","type-page","status-publish","hentry"],"yoast_head":"<!-- This site is optimized with the Yoast SEO Premium plugin v23.8 (Yoast SEO v24.3) - https:\/\/yoast.com\/wordpress\/plugins\/seo\/ -->\n<title>Wrike Alternatives - Teamdeck.io - Resource Management Software<\/title>\n<meta name=\"description\" content=\"Teamdeck.io resource management software is in use by Stormind Games, Circus Maximus, Hill-Knowlton, etc. We replaced Wrike many times.\" \/>\n<meta name=\"robots\" content=\"index, follow, max-snippet:-1, max-image-preview:large, max-video-preview:-1\" \/>\n<link rel=\"canonical\" href=\"https:\/\/teamdeck.io\/pt\/teamdeck-vs-wrike\/\" \/>\n<meta property=\"og:locale\" content=\"pt_BR\" \/>\n<meta property=\"og:type\" content=\"article\" \/>\n<meta property=\"og:title\" content=\"Teamdeck vs Wrike\" \/>\n<meta property=\"og:description\" content=\"Teamdeck.io resource management software is in use by Stormind Games, Circus Maximus, Hill-Knowlton, etc. We replaced Wrike many times.\" \/>\n<meta property=\"og:url\" content=\"https:\/\/teamdeck.io\/pt\/teamdeck-vs-wrike\/\" \/>\n<meta property=\"og:site_name\" content=\"Teamdeck\" \/>\n<meta property=\"article:publisher\" content=\"https:\/\/www.facebook.com\/helloteamdeck\" \/>\n<meta property=\"article:modified_time\" content=\"2021-11-29T17:35:15+00:00\" \/>\n<meta property=\"og:image\" content=\"https:\/\/teamdeck.io\/wp-content\/uploads\/2020\/03\/Untitled-design-300x250.png\" \/>\n<meta name=\"twitter:card\" content=\"summary_large_image\" \/>\n<meta name=\"twitter:site\" content=\"@helloteamdeck\" \/>\n<meta name=\"twitter:label1\" content=\"Est. reading time\" \/>\n\t<meta name=\"twitter:data1\" content=\"2 minutes\" \/>\n<script type=\"application\/ld+json\" class=\"yoast-schema-graph\">{\"@context\":\"https:\/\/schema.org\",\"@graph\":[{\"@type\":\"WebPage\",\"@id\":\"https:\/\/teamdeck.io\/teamdeck-vs-wrike\/\",\"url\":\"https:\/\/teamdeck.io\/teamdeck-vs-wrike\/\",\"name\":\"Wrike Alternatives - Teamdeck.io - Resource Management Software\",\"isPartOf\":{\"@id\":\"https:\/\/teamdeck.io\/#website\"},\"primaryImageOfPage\":{\"@id\":\"https:\/\/teamdeck.io\/teamdeck-vs-wrike\/#primaryimage\"},\"image\":{\"@id\":\"https:\/\/teamdeck.io\/teamdeck-vs-wrike\/#primaryimage\"},\"thumbnailUrl\":\"https:\/\/teamdeck.io\/wp-content\/uploads\/2020\/03\/Untitled-design-300x250.png\",\"datePublished\":\"2020-03-10T10:46:28+00:00\",\"dateModified\":\"2021-11-29T17:35:15+00:00\",\"description\":\"Teamdeck.io resource management software is in use by Stormind Games, Circus Maximus, Hill-Knowlton, etc. We replaced Wrike many times.\",\"breadcrumb\":{\"@id\":\"https:\/\/teamdeck.io\/teamdeck-vs-wrike\/#breadcrumb\"},\"inLanguage\":\"pt-BR\",\"potentialAction\":[{\"@type\":\"ReadAction\",\"target\":[\"https:\/\/teamdeck.io\/teamdeck-vs-wrike\/\"]}]},{\"@type\":\"ImageObject\",\"inLanguage\":\"pt-BR\",\"@id\":\"https:\/\/teamdeck.io\/teamdeck-vs-wrike\/#primaryimage\",\"url\":\"https:\/\/teamdeck.io\/wp-content\/uploads\/2020\/03\/Untitled-design-300x250.png\",\"contentUrl\":\"https:\/\/teamdeck.io\/wp-content\/uploads\/2020\/03\/Untitled-design-300x250.png\"},{\"@type\":\"BreadcrumbList\",\"@id\":\"https:\/\/teamdeck.io\/teamdeck-vs-wrike\/#breadcrumb\",\"itemListElement\":[{\"@type\":\"ListItem\",\"position\":1,\"name\":\"Home\",\"item\":\"https:\/\/teamdeck.io\/\"},{\"@type\":\"ListItem\",\"position\":2,\"name\":\"Teamdeck vs Wrike\"}]},{\"@type\":\"WebSite\",\"@id\":\"https:\/\/teamdeck.io\/#website\",\"url\":\"https:\/\/teamdeck.io\/\",\"name\":\"Teamdeck\",\"description\":\"resource scheduling + time tracking + leave management\",\"potentialAction\":[{\"@type\":\"SearchAction\",\"target\":{\"@type\":\"EntryPoint\",\"urlTemplate\":\"https:\/\/teamdeck.io\/?s={search_term_string}\"},\"query-input\":{\"@type\":\"PropertyValueSpecification\",\"valueRequired\":true,\"valueName\":\"search_term_string\"}}],\"inLanguage\":\"pt-BR\"}]}<\/script>\n<!-- \/ Yoast SEO Premium plugin. -->","yoast_head_json":{"title":"Wrike Alternatives - Teamdeck.io - Resource Management Software","description":"Teamdeck.io resource management software is in use by Stormind Games, Circus Maximus, Hill-Knowlton, etc. We replaced Wrike many times.","robots":{"index":"index","follow":"follow","max-snippet":"max-snippet:-1","max-image-preview":"max-image-preview:large","max-video-preview":"max-video-preview:-1"},"canonical":"https:\/\/teamdeck.io\/pt\/teamdeck-vs-wrike\/","og_locale":"pt_BR","og_type":"article","og_title":"Teamdeck vs Wrike","og_description":"Teamdeck.io resource management software is in use by Stormind Games, Circus Maximus, Hill-Knowlton, etc. We replaced Wrike many times.","og_url":"https:\/\/teamdeck.io\/pt\/teamdeck-vs-wrike\/","og_site_name":"Teamdeck","article_publisher":"https:\/\/www.facebook.com\/helloteamdeck","article_modified_time":"2021-11-29T17:35:15+00:00","og_image":[{"url":"https:\/\/teamdeck.io\/wp-content\/uploads\/2020\/03\/Untitled-design-300x250.png","type":"","width":"","height":""}],"twitter_card":"summary_large_image","twitter_site":"@helloteamdeck","twitter_misc":{"Est. reading time":"2 minutes"},"schema":{"@context":"https:\/\/schema.org","@graph":[{"@type":"WebPage","@id":"https:\/\/teamdeck.io\/teamdeck-vs-wrike\/","url":"https:\/\/teamdeck.io\/teamdeck-vs-wrike\/","name":"Wrike Alternatives - Teamdeck.io - Resource Management Software","isPartOf":{"@id":"https:\/\/teamdeck.io\/#website"},"primaryImageOfPage":{"@id":"https:\/\/teamdeck.io\/teamdeck-vs-wrike\/#primaryimage"},"image":{"@id":"https:\/\/teamdeck.io\/teamdeck-vs-wrike\/#primaryimage"},"thumbnailUrl":"https:\/\/teamdeck.io\/wp-content\/uploads\/2020\/03\/Untitled-design-300x250.png","datePublished":"2020-03-10T10:46:28+00:00","dateModified":"2021-11-29T17:35:15+00:00","description":"Teamdeck.io resource management software is in use by Stormind Games, Circus Maximus, Hill-Knowlton, etc. We replaced Wrike many times.","breadcrumb":{"@id":"https:\/\/teamdeck.io\/teamdeck-vs-wrike\/#breadcrumb"},"inLanguage":"pt-BR","potentialAction":[{"@type":"ReadAction","target":["https:\/\/teamdeck.io\/teamdeck-vs-wrike\/"]}]},{"@type":"ImageObject","inLanguage":"pt-BR","@id":"https:\/\/teamdeck.io\/teamdeck-vs-wrike\/#primaryimage","url":"https:\/\/teamdeck.io\/wp-content\/uploads\/2020\/03\/Untitled-design-300x250.png","contentUrl":"https:\/\/teamdeck.io\/wp-content\/uploads\/2020\/03\/Untitled-design-300x250.png"},{"@type":"BreadcrumbList","@id":"https:\/\/teamdeck.io\/teamdeck-vs-wrike\/#breadcrumb","itemListElement":[{"@type":"ListItem","position":1,"name":"Home","item":"https:\/\/teamdeck.io\/"},{"@type":"ListItem","position":2,"name":"Teamdeck vs Wrike"}]},{"@type":"WebSite","@id":"https:\/\/teamdeck.io\/#website","url":"https:\/\/teamdeck.io\/","name":"Teamdeck","description":"resource scheduling + time tracking + leave management","potentialAction":[{"@type":"SearchAction","target":{"@type":"EntryPoint","urlTemplate":"https:\/\/teamdeck.io\/?s={search_term_string}"},"query-input":{"@type":"PropertyValueSpecification","valueRequired":true,"valueName":"search_term_string"}}],"inLanguage":"pt-BR"}]}},"_links":{"self":[{"href":"https:\/\/teamdeck.io\/pt\/wp-json\/wp\/v2\/pages\/5722","targetHints":{"allow":["GET"]}}],"collection":[{"href":"https:\/\/teamdeck.io\/pt\/wp-json\/wp\/v2\/pages"}],"about":[{"href":"https:\/\/teamdeck.io\/pt\/wp-json\/wp\/v2\/types\/page"}],"author":[{"embeddable":true,"href":"https:\/\/teamdeck.io\/pt\/wp-json\/wp\/v2\/users\/17"}],"replies":[{"embeddable":true,"href":"https:\/\/teamdeck.io\/pt\/wp-json\/wp\/v2\/comments?post=5722"}],"version-history":[{"count":34,"href":"https:\/\/teamdeck.io\/pt\/wp-json\/wp\/v2\/pages\/5722\/revisions"}],"predecessor-version":[{"id":8158,"href":"https:\/\/teamdeck.io\/pt\/wp-json\/wp\/v2\/pages\/5722\/revisions\/8158"}],"wp:attachment":[{"href":"https:\/\/teamdeck.io\/pt\/wp-json\/wp\/v2\/media?parent=5722"}],"curies":[{"name":"wp","href":"https:\/\/api.w.org\/{rel}","templated":true}]}}