{"id":4731,"date":"2019-03-15T17:22:09","date_gmt":"2019-03-15T15:22:09","guid":{"rendered":"https:\/\/teamdeck.io\/?page_id=4731"},"modified":"2021-12-16T19:53:52","modified_gmt":"2021-12-16T17:53:52","slug":"project-budget-report-template","status":"publish","type":"page","link":"https:\/\/teamdeck.io\/pt\/recursos\/relatorios\/modelo-de-relatorio-de-orcamento-de-projeto\/","title":{"rendered":"Modelo de relat\u00f3rio de or\u00e7amento de projeto"},"content":{"rendered":"<div data-vc-full-width=\"true\" data-vc-full-width-init=\"false\" class=\"vc_row wpb_row vc_row-fluid redl-row-section vc_custom_1551262861481 vc_row-has-fill vc_row-o-content-middle vc_row-flex padding-default bgv-default bgh-default halign-center\"><div class=\"wpb_column vc_column_container text-left vc_col-sm-12 padding-default bgv-default bgh-default halign-center\"><div class=\"vc_column-inner\"><div class=\"wpb_wrapper\">\n\t<div class=\"wpb_text_column wpb_content_element\" >\n\t\t<div class=\"wpb_wrapper\">\n\t\t\t<h1 style=\"text-align: center;\">Modelo de relat\u00f3rio de or\u00e7amento de projeto<\/h1>\n\n\t\t<\/div>\n\t<\/div>\n<\/div><\/div><\/div><\/div><div class=\"vc_row-full-width vc_clearfix\"><\/div><div class=\"vc_row wpb_row vc_row-fluid redl-row-section padding-default bgv-default bgh-default halign-default\"><div class=\"wpb_column vc_column_container text-center vc_col-sm-12 padding-default bgv-default bgh-default halign-default\"><div class=\"vc_column-inner\"><div class=\"wpb_wrapper\">\n\t<div  class=\"wpb_single_image wpb_content_element vc_align_center\">\n\t\t\n\t\t<figure class=\"wpb_wrapper vc_figure\">\n\t\t\t<div class=\"vc_single_image-wrapper   vc_box_border_grey\"><img loading=\"lazy\" decoding=\"async\" width=\"2400\" height=\"874\" src=\"https:\/\/cdn.teamdeck.io\/uploads\/website\/2019\/03\/15161924\/4-e1555411580143.jpg\" class=\"vc_single_image-img attachment-full\" alt=\"modelo de relat\u00f3rio de or\u00e7amento de projeto\" srcset=\"https:\/\/cdn.teamdeck.io\/uploads\/website\/2019\/03\/15161924\/4-e1555411580143.jpg 2400w, https:\/\/cdn.teamdeck.io\/uploads\/website\/2019\/03\/15161924\/4-e1555411580143-300x109.jpg 300w, https:\/\/cdn.teamdeck.io\/uploads\/website\/2019\/03\/15161924\/4-e1555411580143-768x280.jpg 768w, https:\/\/cdn.teamdeck.io\/uploads\/website\/2019\/03\/15161924\/4-e1555411580143-960x350.jpg 960w\" sizes=\"auto, (max-width: 2400px) 100vw, 2400px\" \/><\/div>\n\t\t<\/figure>\n\t<\/div>\n<\/div><\/div><\/div><\/div><div class=\"vc_row wpb_row vc_row-fluid redl-row-section padding-medium bgv-default bgh-default halign-default\"><div class=\"wpb_column vc_column_container text-center vc_col-sm-12 padding-default bgv-default bgh-default halign-default\"><div class=\"vc_column-inner\"><div class=\"wpb_wrapper\">\n\t<div class=\"wpb_text_column wpb_content_element\" >\n\t\t<div class=\"wpb_wrapper\">\n\t\t\t<p><span style=\"font-size: 18px;\">O relat\u00f3rio de or\u00e7amento do projeto \u00e9 uma ferramenta \u00fatil tanto para PMs quanto para especialistas em finan\u00e7as. <\/span><\/p>\n<p><span style=\"font-size: 18px;\">O objetivo desse modelo \u00e9 monitorar os custos e lucros dos projetos em tempo real. <\/span><\/p>\n\n\t\t<\/div>\n\t<\/div>\n<\/div><\/div><\/div><\/div><div class=\"vc_row wpb_row vc_row-fluid redl-row-section padding-default bgv-default bgh-default halign-default\"><div class=\"wpb_column vc_column_container text-left vc_col-sm-12 padding-default bgv-default bgh-default halign-default\"><div class=\"vc_column-inner\"><div class=\"wpb_wrapper\">\n\t<div class=\"wpb_text_column wpb_content_element\" >\n\t\t<div class=\"wpb_wrapper\">\n\t\t\t\n\t\t<\/div>\n\t<\/div>\n<\/div><\/div><\/div><\/div><div data-vc-full-width=\"true\" data-vc-full-width-init=\"false\" class=\"vc_row wpb_row vc_row-fluid redl-row-section feature-row vc_custom_1504100630814 vc_row-o-equal-height vc_row-o-content-middle vc_row-flex padding-medium bgv-default bgh-default halign-center\"><div class=\"feature-image wpb_column vc_column_container text-left vc_col-sm-7 vc_col-lg-6 vc_col-md-7 padding-default bgv-default bgh-default halign-default\"><div class=\"vc_column-inner\"><div class=\"wpb_wrapper\">\n\t<div class=\"wpb_text_column wpb_content_element\" >\n\t\t<div class=\"wpb_wrapper\">\n\t\t\t<p><img loading=\"lazy\" decoding=\"async\" class=\"alignnone wp-image-4797\" src=\"https:\/\/cdn.teamdeck.io\/uploads\/website\/2019\/03\/15112324\/Screen-Shot-2019-03-15-at-10.21.19-e1555411657910.png\" alt=\"Registros versus planilhas de horas\" width=\"500\" height=\"369\" srcset=\"https:\/\/cdn.teamdeck.io\/uploads\/website\/2019\/03\/15112324\/Screen-Shot-2019-03-15-at-10.21.19-e1555411657910.png 950w, https:\/\/cdn.teamdeck.io\/uploads\/website\/2019\/03\/15112324\/Screen-Shot-2019-03-15-at-10.21.19-e1555411657910-300x222.png 300w, https:\/\/cdn.teamdeck.io\/uploads\/website\/2019\/03\/15112324\/Screen-Shot-2019-03-15-at-10.21.19-e1555411657910-768x568.png 768w\" sizes=\"auto, (max-width: 500px) 100vw, 500px\" \/><\/p>\n\n\t\t<\/div>\n\t<\/div>\n<\/div><\/div><\/div><div class=\"feature-info wpb_column vc_column_container text-left vc_col-sm-5 vc_col-lg-4 padding-small bgv-default bgh-default halign-default\"><div class=\"vc_column-inner\"><div class=\"wpb_wrapper\">\n\t<div class=\"wpb_text_column wpb_content_element\" >\n\t\t<div class=\"wpb_wrapper\">\n\t\t\t<p><span class=\"text-title\">Estimativas versus fatos<\/span><\/p>\n<p>Esse gr\u00e1fico compara as horas planejadas com o tempo real monitorado de cada membro da equipe. \u00c9 um bom ponto de partida para o acompanhamento do or\u00e7amento de gerenciamento de projetos: essa visualiza\u00e7\u00e3o permite ver as tend\u00eancias de carga de trabalho da sua equipe.<\/p>\n\n\t\t<\/div>\n\t<\/div>\n<\/div><\/div><\/div><\/div><div class=\"vc_row-full-width vc_clearfix\"><\/div><div data-vc-full-width=\"true\" data-vc-full-width-init=\"false\" class=\"vc_row wpb_row vc_row-fluid redl-row-section feature-row vc_custom_1504100661321 vc_row-o-equal-height vc_row-o-content-middle vc_row-flex padding-medium bgv-default bgh-default halign-center\"><div class=\"feature-info wpb_column vc_column_container text-left vc_col-sm-5 vc_col-lg-4 padding-small bgv-default bgh-default halign-default\"><div class=\"vc_column-inner\"><div class=\"wpb_wrapper\">\n\t<div class=\"wpb_text_column wpb_content_element\" >\n\t\t<div class=\"wpb_wrapper\">\n\t\t\t<p><span class=\"text-title\">Or\u00e7amentos de projetos<\/span><\/p>\n<p>Essa tabela \u00e9 preenchida at\u00e9 a metade com os dados registrados no Teamdeck, ou seja, seus <a href=\"https:\/\/teamdeck.io\/pt\/recursos\/controle-de-tempo\/\">planilhas de horas da equipe<\/a>.<br \/>\nNo entanto, antes de podermos calcular o progresso do or\u00e7amento do projeto, voc\u00ea mesmo precisa inserir alguns detalhes.<br \/>\nVeja, algumas colunas nas tabelas de relat\u00f3rio do Teamdeck (chamadas <em>colunas de valores personalizados<\/em>) funcionam como c\u00e9lulas de planilha, de modo que voc\u00ea pode simplesmente digitar os dados. Quando suas taxas hor\u00e1rias e or\u00e7amentos gerais estiverem na tabela, o Teamdeck calcular\u00e1 os custos e os lucros de seus projetos.<\/p>\n<p>Elas ser\u00e3o atualizadas em tempo real, \u00e0 medida que as planilhas de horas forem alteradas, portanto, certifique-se de monitorar essa se\u00e7\u00e3o regularmente.<\/p>\n\n\t\t<\/div>\n\t<\/div>\n<\/div><\/div><\/div><div class=\"feature-image wpb_column vc_column_container text-left vc_col-sm-7 vc_col-lg-6 padding-default bgv-default bgh-default halign-default\"><div class=\"vc_column-inner\"><div class=\"wpb_wrapper\">\n\t<div class=\"wpb_text_column wpb_content_element\" >\n\t\t<div class=\"wpb_wrapper\">\n\t\t\t<p><img loading=\"lazy\" decoding=\"async\" class=\"alignnone wp-image-4796\" src=\"https:\/\/cdn.teamdeck.io\/uploads\/website\/2019\/03\/15112322\/Screen-Shot-2019-03-15-at-10.22.45-e1555411672136.png\" alt=\"Or\u00e7amento do projeto\" width=\"500\" height=\"318\" srcset=\"https:\/\/cdn.teamdeck.io\/uploads\/website\/2019\/03\/15112322\/Screen-Shot-2019-03-15-at-10.22.45-e1555411672136.png 1146w, https:\/\/cdn.teamdeck.io\/uploads\/website\/2019\/03\/15112322\/Screen-Shot-2019-03-15-at-10.22.45-e1555411672136-300x191.png 300w, https:\/\/cdn.teamdeck.io\/uploads\/website\/2019\/03\/15112322\/Screen-Shot-2019-03-15-at-10.22.45-e1555411672136-768x488.png 768w, https:\/\/cdn.teamdeck.io\/uploads\/website\/2019\/03\/15112322\/Screen-Shot-2019-03-15-at-10.22.45-e1555411672136-960x610.png 960w\" sizes=\"auto, (max-width: 500px) 100vw, 500px\" \/><\/p>\n\n\t\t<\/div>\n\t<\/div>\n<\/div><\/div><\/div><\/div><div class=\"vc_row-full-width vc_clearfix\"><\/div><div class=\"vc_row wpb_row vc_row-fluid redl-row-section padding-default bgv-default bgh-default halign-default\"><div class=\"wpb_column vc_column_container text-left vc_col-sm-12 padding-default bgv-default bgh-default halign-default\"><div class=\"vc_column-inner\"><div class=\"wpb_wrapper\">\n\t<div class=\"wpb_text_column wpb_content_element\" >\n\t\t<div class=\"wpb_wrapper\">\n\t\t\t\n\t\t<\/div>\n\t<\/div>\n<\/div><\/div><\/div><\/div><div class=\"vc_row wpb_row vc_row-fluid redl-row-section vc_custom_1551186799735 padding-small bgv-default bgh-default halign-center\"><div class=\"wpb_column vc_column_container text-left vc_col-sm-12 padding-default bgv-default bgh-default halign-default\"><div class=\"vc_column-inner\"><div class=\"wpb_wrapper\">\n\t<div class=\"wpb_text_column wpb_content_element\" >\n\t\t<div class=\"wpb_wrapper\">\n\t\t\t<p><span style=\"font-size: 18px;\">O relat\u00f3rio de or\u00e7amento do projeto, como todos os modelos do Teamdeck, \u00e9 <strong>totalmente personaliz\u00e1vel<\/strong>. Voc\u00ea pode acompanhar o or\u00e7amento de apenas um projeto ou decidir inserir seus valores em diferentes moedas.<br \/>\nVeja um exemplo de um&nbsp;<strong>relat\u00f3rio de acompanhamento do or\u00e7amento de gerenciamento de projetos<\/strong> <a href=\"https:\/\/app.teamdeck.io\/reports\/871db8daefe2aef5ec29c37e2ac7f3705c87b06ccb4d55c87b06ccb580\">aqui<\/a>.<\/span><\/p>\n\n\t\t<\/div>\n\t<\/div>\n<div class=\"vc_empty_space\"   style=\"height: 32px\" ><span class=\"vc_empty_space_inner\"><\/span><\/div>\n<\/div><\/div><\/div><\/div><div data-vc-full-width=\"true\" data-vc-full-width-init=\"false\" class=\"vc_row wpb_row vc_row-fluid redl-row-section footer-message-row vc_custom_1502964176474 vc_row-has-fill vc_row-o-equal-height vc_row-flex padding-medium bgv-default bgh-default halign-default\"><div class=\"wpb_column vc_column_container text-center vc_col-sm-12 vc_col-lg-8 vc_col-md-9 padding-default bgv-default bgh-default halign-center\"><div class=\"vc_column-inner\"><div class=\"wpb_wrapper\">\n\t<div class=\"wpb_text_column wpb_content_element\" >\n\t\t<div class=\"wpb_wrapper\">\n\t\t\t<p><span class=\"message\">Voc\u00ea pode encontrar o relat\u00f3rio de or\u00e7amento do projeto entre os modelos dispon\u00edveis na se\u00e7\u00e3o Relat\u00f3rios do Teamdeck. <\/span><\/p>\n\n\t\t<\/div>\n\t<\/div>\n<a class=\"redl-btn  redl-btn-border redl-btn-two  redl-btn-medium redl-btn-69d78e8c87120 btn-hover-one btn-icon-left signup-bottom\" href=\"https:\/\/app.teamdeck.io\/register?utm_source=reports\" target=\"_blank\">Obtenha uma avalia\u00e7\u00e3o gratuita de 30 dias<\/a><\/div><\/div><\/div><\/div><div class=\"vc_row-full-width vc_clearfix\"><\/div>","protected":false},"excerpt":{"rendered":"Modelo de relat\u00f3rio de or\u00e7amento de projeto O relat\u00f3rio de or\u00e7amento de projeto \u00e9 uma ferramenta \u00fatil tanto para PMs quanto para especialistas em finan\u00e7as. O objetivo deste modelo \u00e9 monitorar os custos e lucros dos projetos em tempo real. Estimativas vs. dados reais Este gr\u00e1fico...","protected":false},"author":6,"featured_media":0,"parent":4695,"menu_order":0,"comment_status":"closed","ping_status":"closed","template":"","meta":{"footnotes":""},"class_list":["post-4731","page","type-page","status-publish","hentry"],"yoast_head":"<!-- This site is optimized with the Yoast SEO Premium plugin v23.8 (Yoast SEO v24.3) - https:\/\/yoast.com\/wordpress\/plugins\/seo\/ -->\n<title>Project Budget Report Template - Teamdeck<\/title>\n<meta name=\"description\" content=\"Project budget report is a helpful tool for PMs and finance specialists alike. The aim of this template track projects\u2019 costs and profits in real time.\" \/>\n<meta name=\"robots\" content=\"index, follow, max-snippet:-1, max-image-preview:large, max-video-preview:-1\" \/>\n<link rel=\"canonical\" href=\"https:\/\/teamdeck.io\/pt\/recursos\/relatorios\/modelo-de-relatorio-de-orcamento-de-projeto\/\" \/>\n<meta property=\"og:locale\" content=\"pt_BR\" \/>\n<meta property=\"og:type\" content=\"article\" \/>\n<meta property=\"og:title\" content=\"Project Budget Report Template\" \/>\n<meta property=\"og:description\" content=\"Project budget report is a helpful tool for PMs and finance specialists alike. The aim of this template track projects\u2019 costs and profits in real time.\" \/>\n<meta property=\"og:url\" content=\"https:\/\/teamdeck.io\/pt\/recursos\/relatorios\/modelo-de-relatorio-de-orcamento-de-projeto\/\" \/>\n<meta property=\"og:site_name\" content=\"Teamdeck\" \/>\n<meta property=\"article:publisher\" content=\"https:\/\/www.facebook.com\/helloteamdeck\" \/>\n<meta property=\"article:modified_time\" content=\"2021-12-16T17:53:52+00:00\" \/>\n<meta property=\"og:image\" content=\"https:\/\/teamdeck.io\/wp-content\/uploads\/2019\/03\/Screen-Shot-2019-03-15-at-10.21.19-e1555411657910.png\" \/>\n<meta name=\"twitter:card\" content=\"summary_large_image\" \/>\n<meta name=\"twitter:site\" content=\"@helloteamdeck\" \/>\n<meta name=\"twitter:label1\" content=\"Est. reading time\" \/>\n\t<meta name=\"twitter:data1\" content=\"2 minutes\" \/>\n<script type=\"application\/ld+json\" class=\"yoast-schema-graph\">{\"@context\":\"https:\/\/schema.org\",\"@graph\":[{\"@type\":\"WebPage\",\"@id\":\"https:\/\/teamdeck.io\/features\/reporting\/project-budget-report-template\/\",\"url\":\"https:\/\/teamdeck.io\/features\/reporting\/project-budget-report-template\/\",\"name\":\"Project Budget Report Template - Teamdeck\",\"isPartOf\":{\"@id\":\"https:\/\/teamdeck.io\/#website\"},\"primaryImageOfPage\":{\"@id\":\"https:\/\/teamdeck.io\/features\/reporting\/project-budget-report-template\/#primaryimage\"},\"image\":{\"@id\":\"https:\/\/teamdeck.io\/features\/reporting\/project-budget-report-template\/#primaryimage\"},\"thumbnailUrl\":\"https:\/\/teamdeck.io\/wp-content\/uploads\/2019\/03\/Screen-Shot-2019-03-15-at-10.21.19-e1555411657910.png\",\"datePublished\":\"2019-03-15T15:22:09+00:00\",\"dateModified\":\"2021-12-16T17:53:52+00:00\",\"description\":\"Project budget report is a helpful tool for PMs and finance specialists alike. The aim of this template track projects\u2019 costs and profits in real time.\",\"breadcrumb\":{\"@id\":\"https:\/\/teamdeck.io\/features\/reporting\/project-budget-report-template\/#breadcrumb\"},\"inLanguage\":\"pt-BR\",\"potentialAction\":[{\"@type\":\"ReadAction\",\"target\":[\"https:\/\/teamdeck.io\/features\/reporting\/project-budget-report-template\/\"]}]},{\"@type\":\"ImageObject\",\"inLanguage\":\"pt-BR\",\"@id\":\"https:\/\/teamdeck.io\/features\/reporting\/project-budget-report-template\/#primaryimage\",\"url\":\"https:\/\/teamdeck.io\/wp-content\/uploads\/2019\/03\/Screen-Shot-2019-03-15-at-10.21.19-e1555411657910.png\",\"contentUrl\":\"https:\/\/teamdeck.io\/wp-content\/uploads\/2019\/03\/Screen-Shot-2019-03-15-at-10.21.19-e1555411657910.png\"},{\"@type\":\"BreadcrumbList\",\"@id\":\"https:\/\/teamdeck.io\/features\/reporting\/project-budget-report-template\/#breadcrumb\",\"itemListElement\":[{\"@type\":\"ListItem\",\"position\":1,\"name\":\"Home\",\"item\":\"https:\/\/teamdeck.io\/\"},{\"@type\":\"ListItem\",\"position\":2,\"name\":\"Features\",\"item\":\"https:\/\/teamdeck.io\/features\/\"},{\"@type\":\"ListItem\",\"position\":3,\"name\":\"Custom reporting\",\"item\":\"https:\/\/teamdeck.io\/features\/reporting\/\"},{\"@type\":\"ListItem\",\"position\":4,\"name\":\"Project Budget Report Template\"}]},{\"@type\":\"WebSite\",\"@id\":\"https:\/\/teamdeck.io\/#website\",\"url\":\"https:\/\/teamdeck.io\/\",\"name\":\"Teamdeck\",\"description\":\"resource scheduling + time tracking + leave management\",\"potentialAction\":[{\"@type\":\"SearchAction\",\"target\":{\"@type\":\"EntryPoint\",\"urlTemplate\":\"https:\/\/teamdeck.io\/?s={search_term_string}\"},\"query-input\":{\"@type\":\"PropertyValueSpecification\",\"valueRequired\":true,\"valueName\":\"search_term_string\"}}],\"inLanguage\":\"pt-BR\"}]}<\/script>\n<!-- \/ Yoast SEO Premium plugin. -->","yoast_head_json":{"title":"Project Budget Report Template - Teamdeck","description":"Project budget report is a helpful tool for PMs and finance specialists alike. The aim of this template track projects\u2019 costs and profits in real time.","robots":{"index":"index","follow":"follow","max-snippet":"max-snippet:-1","max-image-preview":"max-image-preview:large","max-video-preview":"max-video-preview:-1"},"canonical":"https:\/\/teamdeck.io\/pt\/recursos\/relatorios\/modelo-de-relatorio-de-orcamento-de-projeto\/","og_locale":"pt_BR","og_type":"article","og_title":"Project Budget Report Template","og_description":"Project budget report is a helpful tool for PMs and finance specialists alike. The aim of this template track projects\u2019 costs and profits in real time.","og_url":"https:\/\/teamdeck.io\/pt\/recursos\/relatorios\/modelo-de-relatorio-de-orcamento-de-projeto\/","og_site_name":"Teamdeck","article_publisher":"https:\/\/www.facebook.com\/helloteamdeck","article_modified_time":"2021-12-16T17:53:52+00:00","og_image":[{"url":"https:\/\/teamdeck.io\/wp-content\/uploads\/2019\/03\/Screen-Shot-2019-03-15-at-10.21.19-e1555411657910.png","type":"","width":"","height":""}],"twitter_card":"summary_large_image","twitter_site":"@helloteamdeck","twitter_misc":{"Est. reading time":"2 minutes"},"schema":{"@context":"https:\/\/schema.org","@graph":[{"@type":"WebPage","@id":"https:\/\/teamdeck.io\/features\/reporting\/project-budget-report-template\/","url":"https:\/\/teamdeck.io\/features\/reporting\/project-budget-report-template\/","name":"Project Budget Report Template - Teamdeck","isPartOf":{"@id":"https:\/\/teamdeck.io\/#website"},"primaryImageOfPage":{"@id":"https:\/\/teamdeck.io\/features\/reporting\/project-budget-report-template\/#primaryimage"},"image":{"@id":"https:\/\/teamdeck.io\/features\/reporting\/project-budget-report-template\/#primaryimage"},"thumbnailUrl":"https:\/\/teamdeck.io\/wp-content\/uploads\/2019\/03\/Screen-Shot-2019-03-15-at-10.21.19-e1555411657910.png","datePublished":"2019-03-15T15:22:09+00:00","dateModified":"2021-12-16T17:53:52+00:00","description":"Project budget report is a helpful tool for PMs and finance specialists alike. The aim of this template track projects\u2019 costs and profits in real time.","breadcrumb":{"@id":"https:\/\/teamdeck.io\/features\/reporting\/project-budget-report-template\/#breadcrumb"},"inLanguage":"pt-BR","potentialAction":[{"@type":"ReadAction","target":["https:\/\/teamdeck.io\/features\/reporting\/project-budget-report-template\/"]}]},{"@type":"ImageObject","inLanguage":"pt-BR","@id":"https:\/\/teamdeck.io\/features\/reporting\/project-budget-report-template\/#primaryimage","url":"https:\/\/teamdeck.io\/wp-content\/uploads\/2019\/03\/Screen-Shot-2019-03-15-at-10.21.19-e1555411657910.png","contentUrl":"https:\/\/teamdeck.io\/wp-content\/uploads\/2019\/03\/Screen-Shot-2019-03-15-at-10.21.19-e1555411657910.png"},{"@type":"BreadcrumbList","@id":"https:\/\/teamdeck.io\/features\/reporting\/project-budget-report-template\/#breadcrumb","itemListElement":[{"@type":"ListItem","position":1,"name":"Home","item":"https:\/\/teamdeck.io\/"},{"@type":"ListItem","position":2,"name":"Features","item":"https:\/\/teamdeck.io\/features\/"},{"@type":"ListItem","position":3,"name":"Custom reporting","item":"https:\/\/teamdeck.io\/features\/reporting\/"},{"@type":"ListItem","position":4,"name":"Project Budget Report Template"}]},{"@type":"WebSite","@id":"https:\/\/teamdeck.io\/#website","url":"https:\/\/teamdeck.io\/","name":"Teamdeck","description":"resource scheduling + time tracking + leave management","potentialAction":[{"@type":"SearchAction","target":{"@type":"EntryPoint","urlTemplate":"https:\/\/teamdeck.io\/?s={search_term_string}"},"query-input":{"@type":"PropertyValueSpecification","valueRequired":true,"valueName":"search_term_string"}}],"inLanguage":"pt-BR"}]}},"_links":{"self":[{"href":"https:\/\/teamdeck.io\/pt\/wp-json\/wp\/v2\/pages\/4731","targetHints":{"allow":["GET"]}}],"collection":[{"href":"https:\/\/teamdeck.io\/pt\/wp-json\/wp\/v2\/pages"}],"about":[{"href":"https:\/\/teamdeck.io\/pt\/wp-json\/wp\/v2\/types\/page"}],"author":[{"embeddable":true,"href":"https:\/\/teamdeck.io\/pt\/wp-json\/wp\/v2\/users\/6"}],"replies":[{"embeddable":true,"href":"https:\/\/teamdeck.io\/pt\/wp-json\/wp\/v2\/comments?post=4731"}],"version-history":[{"count":13,"href":"https:\/\/teamdeck.io\/pt\/wp-json\/wp\/v2\/pages\/4731\/revisions"}],"predecessor-version":[{"id":7308,"href":"https:\/\/teamdeck.io\/pt\/wp-json\/wp\/v2\/pages\/4731\/revisions\/7308"}],"up":[{"embeddable":true,"href":"https:\/\/teamdeck.io\/pt\/wp-json\/wp\/v2\/pages\/4695"}],"wp:attachment":[{"href":"https:\/\/teamdeck.io\/pt\/wp-json\/wp\/v2\/media?parent=4731"}],"curies":[{"name":"wp","href":"https:\/\/api.w.org\/{rel}","templated":true}]}}