{"id":4392,"date":"2019-01-15T16:31:41","date_gmt":"2019-01-15T14:31:41","guid":{"rendered":"https:\/\/teamdeck.io\/?page_id=4392"},"modified":"2022-04-06T16:46:04","modified_gmt":"2022-04-06T14:46:04","slug":"product-tour-videos","status":"publish","type":"page","link":"https:\/\/teamdeck.io\/pt\/videos-de-visitas-a-produtos\/","title":{"rendered":"Tour do produto - V\u00eddeos"},"content":{"rendered":"<div data-vc-full-width=\"true\" data-vc-full-width-init=\"false\" class=\"vc_row wpb_row vc_row-fluid redl-row-section vc_custom_1547563317853 padding-default bgv-default bgh-default halign-default\"><div class=\"wpb_column vc_column_container text-center vc_col-sm-6 padding-medium bgv-default bgh-center halign-center\"><div class=\"vc_column-inner\"><div class=\"wpb_wrapper\">\n\t<div class=\"wpb_text_column wpb_content_element\" >\n\t\t<div class=\"wpb_wrapper\">\n\t\t\t<h1 style=\"text-align: left;\">Passeios de produtos<\/h1>\n\n\t\t<\/div>\n\t<\/div>\n\n\t<div class=\"wpb_text_column wpb_content_element  vc_custom_1649255942586\" >\n\t\t<div class=\"wpb_wrapper\">\n\t\t\t<p style=\"text-align: left;\"><span style=\"font-size: 18px;\">Tenha uma vis\u00e3o geral dos principais recursos do Teamdeck para tirar o m\u00e1ximo proveito da ferramenta. <\/span><\/p>\n<p style=\"text-align: left;\"><span style=\"font-size: 18px;\"><strong>Escolha o t\u00f3pico<\/strong> <strong>abaixo<\/strong> que voc\u00ea gostaria de explorar e assistir a um v\u00eddeo curto que o guiar\u00e1 pelo aplicativo.<\/span><\/p>\n\n\t\t<\/div>\n\t<\/div>\n<\/div><\/div><\/div><div class=\"wpb_column vc_column_container text-left vc_col-sm-6 padding-default bgv-default bgh-default halign-default\"><div class=\"vc_column-inner\"><div class=\"wpb_wrapper\">\n\t<div  class=\"wpb_single_image wpb_content_element vc_align_center\">\n\t\t\n\t\t<figure class=\"wpb_wrapper vc_figure\">\n\t\t\t<div class=\"vc_single_image-wrapper   vc_box_border_grey\"><img loading=\"lazy\" decoding=\"async\" width=\"1036\" height=\"747\" src=\"https:\/\/cdn.teamdeck.io\/uploads\/website\/2022\/03\/02201110\/product_tour_hero_videos-e1547553065198-1.png\" class=\"vc_single_image-img attachment-large\" alt=\"\" srcset=\"https:\/\/cdn.teamdeck.io\/uploads\/website\/2022\/03\/02201110\/product_tour_hero_videos-e1547553065198-1.png 1036w, https:\/\/cdn.teamdeck.io\/uploads\/website\/2022\/03\/02201110\/product_tour_hero_videos-e1547553065198-1-300x216.png 300w, https:\/\/cdn.teamdeck.io\/uploads\/website\/2022\/03\/02201110\/product_tour_hero_videos-e1547553065198-1-768x554.png 768w\" sizes=\"auto, (max-width: 1036px) 100vw, 1036px\" \/><\/div>\n\t\t<\/figure>\n\t<\/div>\n<\/div><\/div><\/div><\/div><div class=\"vc_row-full-width vc_clearfix\"><\/div><div class=\"vc_row wpb_row vc_row-fluid redl-row-section vc_custom_1526287266181 padding-large bgv-default bgh-default halign-default\"><div class=\"wpb_column vc_column_container text-left vc_col-sm-12 padding-default bgv-default bgh-default halign-default\"><div class=\"vc_column-inner\"><div class=\"wpb_wrapper\"><div class=\"vc_empty_space\"   style=\"height: 32px\" ><span class=\"vc_empty_space_inner\"><\/span><\/div>\n\n\t<div class=\"wpb_text_column wpb_content_element\" >\n\t\t<div class=\"wpb_wrapper\">\n\t\t\t<p style=\"text-align: center;\"><span class=\"message\">Fa\u00e7a o tour:<\/span><\/p>\n\n\t\t<\/div>\n\t<\/div>\n<div class=\"vc_empty_space\"   style=\"height: 32px\" ><span class=\"vc_empty_space_inner\"><\/span><\/div>\n<\/div><\/div><\/div><\/div><div data-vc-full-width=\"true\" data-vc-full-width-init=\"false\" class=\"vc_row wpb_row vc_row-fluid redl-row-section feature-row vc_custom_1504100640393 vc_row-o-equal-height vc_row-o-content-middle vc_row-flex padding-medium bgv-default bgh-default halign-center\"><div class=\"feature-image wpb_column vc_column_container text-left vc_col-sm-7 vc_col-lg-6 padding-default bgv-default bgh-default halign-default\"><div class=\"vc_column-inner\"><div class=\"wpb_wrapper\">\n\t<div class=\"wpb_text_column wpb_content_element\" >\n\t\t<div class=\"wpb_wrapper\">\n\t\t\t<p><iframe loading=\"lazy\" src=\"\/\/www.youtube.com\/embed\/4TaHr0HZBcg\" width=\"560\" height=\"314\" allowfullscreen=\"allowfullscreen\"><\/iframe><\/p>\n\n\t\t<\/div>\n\t<\/div>\n<\/div><\/div><\/div><div class=\"feature-info wpb_column vc_column_container text-left vc_col-sm-5 vc_col-lg-4 padding-small bgv-default bgh-default halign-default\"><div class=\"vc_column-inner\"><div class=\"wpb_wrapper\">\n\t<div class=\"wpb_text_column wpb_content_element\" >\n\t\t<div class=\"wpb_wrapper\">\n\t\t\t<p><span style=\"font-size: 18px; text-transform: uppercase;\"><b>o que o teamdeck pode fazer por voc\u00ea?<\/b><\/span><\/p>\n<p>Uma r\u00e1pida an\u00e1lise do nosso software de planejamento de recursos. Programa\u00e7\u00e3o de equipes, projetos, planilhas de horas, controle de horas, campos personalizados, modelos de relat\u00f3rios personaliz\u00e1veis, etc. Essas e outras fun\u00e7\u00f5es s\u00e3o mostradas neste v\u00eddeo.<\/p>\n\n\t\t<\/div>\n\t<\/div>\n<\/div><\/div><\/div><\/div><div class=\"vc_row-full-width vc_clearfix\"><\/div><div data-vc-full-width=\"true\" data-vc-full-width-init=\"false\" class=\"vc_row wpb_row vc_row-fluid redl-row-section feature-row vc_custom_1504100640393 vc_row-o-equal-height vc_row-o-content-middle vc_row-flex padding-medium bgv-default bgh-default halign-center\"><div class=\"feature-image wpb_column vc_column_container text-left vc_col-sm-7 vc_col-lg-6 padding-default bgv-default bgh-default halign-default\"><div class=\"vc_column-inner\"><div class=\"wpb_wrapper\">\n\t<div class=\"wpb_text_column wpb_content_element\" >\n\t\t<div class=\"wpb_wrapper\">\n\t\t\t<div style=\"position: relative; padding-bottom: 56.25%; width: 100%;\"><iframe loading=\"lazy\" style=\"position: absolute; top: 0; bottom: 0; left: 0; right: 0; width: 100%; height: 100%;\" src=\"https:\/\/www.youtube.com\/embed\/tteYeUfYmOg\" width=\"300\" height=\"150\" frameborder=\"0\" allowfullscreen=\"allowfullscreen\"><\/iframe><\/div>\n\n\t\t<\/div>\n\t<\/div>\n<\/div><\/div><\/div><div class=\"feature-info wpb_column vc_column_container text-left vc_col-sm-5 vc_col-lg-4 padding-small bgv-default bgh-default halign-default\"><div class=\"vc_column-inner\"><div class=\"wpb_wrapper\">\n\t<div class=\"wpb_text_column wpb_content_element\" >\n\t\t<div class=\"wpb_wrapper\">\n\t\t\t<p><span style=\"font-size: 18px; text-transform: uppercase;\"><b>configure sua organiza\u00e7\u00e3o<\/b><\/span><\/p>\n<p>Configure um espa\u00e7o para sua empresa, para que possa atribuir projetos a membros relevantes da equipe. Adicione seus projetos e funcion\u00e1rios, entenda as diferentes fun\u00e7\u00f5es de usu\u00e1rio no Teamdeck e crie campos personalizados para filtrar pessoas ou projetos.<\/p>\n\n\t\t<\/div>\n\t<\/div>\n<\/div><\/div><\/div><\/div><div class=\"vc_row-full-width vc_clearfix\"><\/div><div data-vc-full-width=\"true\" data-vc-full-width-init=\"false\" class=\"vc_row wpb_row vc_row-fluid redl-row-section feature-row vc_custom_1504100640393 vc_row-o-equal-height vc_row-o-content-middle vc_row-flex padding-medium bgv-default bgh-default halign-center\"><div class=\"feature-image wpb_column vc_column_container text-left vc_col-sm-7 vc_col-lg-6 padding-default bgv-default bgh-default halign-default\"><div class=\"vc_column-inner\"><div class=\"wpb_wrapper\">\n\t<div class=\"wpb_text_column wpb_content_element\" >\n\t\t<div class=\"wpb_wrapper\">\n\t\t\t<div style=\"position: relative; padding-bottom: 56.25%; width: 100%;\"><iframe loading=\"lazy\" style=\"position: absolute; top: 0; bottom: 0; left: 0; right: 0; width: 100%; height: 100%;\" src=\"https:\/\/www.youtube.com\/embed\/bSNMh2CGKYc\" width=\"300\" height=\"150\" frameborder=\"0\" allowfullscreen=\"allowfullscreen\"><\/iframe><\/div>\n\n\t\t<\/div>\n\t<\/div>\n<\/div><\/div><\/div><div class=\"feature-info wpb_column vc_column_container text-left vc_col-sm-5 vc_col-lg-4 padding-small bgv-default bgh-default halign-default\"><div class=\"vc_column-inner\"><div class=\"wpb_wrapper\">\n\t<div class=\"wpb_text_column wpb_content_element\" >\n\t\t<div class=\"wpb_wrapper\">\n\t\t\t<p><span style=\"font-size: 18px; text-transform: uppercase;\"><b>EXPLORAR OS RECURSOS DO CALEND\u00c1RIO<\/b><\/span><\/p>\n<p>Fa\u00e7a um r\u00e1pido tour pela visualiza\u00e7\u00e3o do calend\u00e1rio do Teamdeck. Saiba como adicionar reservas, registros de horas e dias de folga. Em seguida, veja como usar as barras de disponibilidade para gerenciar a carga de trabalho da sua equipe.<\/p>\n\n\t\t<\/div>\n\t<\/div>\n<\/div><\/div><\/div><\/div><div class=\"vc_row-full-width vc_clearfix\"><\/div><div data-vc-full-width=\"true\" data-vc-full-width-init=\"false\" class=\"vc_row wpb_row vc_row-fluid redl-row-section feature-row vc_custom_1504100640393 vc_row-o-equal-height vc_row-o-content-middle vc_row-flex padding-medium bgv-default bgh-default halign-center\"><div class=\"feature-image wpb_column vc_column_container text-left vc_col-sm-7 vc_col-lg-6 padding-default bgv-default bgh-default halign-default\"><div class=\"vc_column-inner\"><div class=\"wpb_wrapper\">\n\t<div class=\"wpb_text_column wpb_content_element\" >\n\t\t<div class=\"wpb_wrapper\">\n\t\t\t<div style=\"position: relative; padding-bottom: 56.25%; width: 100%;\"><iframe loading=\"lazy\" style=\"position: absolute; top: 0; bottom: 0; left: 0; right: 0; width: 100%; height: 100%;\" src=\"https:\/\/www.youtube.com\/embed\/OasxmOETEcg\" width=\"300\" height=\"150\" frameborder=\"0\" allowfullscreen=\"allowfullscreen\"><\/iframe><\/div>\n\n\t\t<\/div>\n\t<\/div>\n<\/div><\/div><\/div><div class=\"feature-info wpb_column vc_column_container text-left vc_col-sm-5 vc_col-lg-4 padding-small bgv-default bgh-default halign-default\"><div class=\"vc_column-inner\"><div class=\"wpb_wrapper\">\n\t<div class=\"wpb_text_column wpb_content_element\" >\n\t\t<div class=\"wpb_wrapper\">\n\t\t\t<p><span style=\"font-size: 18px; text-transform: uppercase;\"><b>OBTER INSIGHTS SOBRE O DESEMPENHO DE SUA EMPRESA<br \/>\n<\/b><\/span><span style=\"font-size: 18px; text-transform: uppercase;\"><b><br \/>\n<\/b><\/span>Use os relat\u00f3rios do Teamdeck para acompanhar os KPIs da sua equipe, compartilhar os resultados com outras pessoas e planejar seu trabalho futuro com base nos dados.<\/p>\n\n\t\t<\/div>\n\t<\/div>\n<\/div><\/div><\/div><\/div><div class=\"vc_row-full-width vc_clearfix\"><\/div><div data-vc-full-width=\"true\" data-vc-full-width-init=\"false\" class=\"vc_row wpb_row vc_row-fluid redl-row-section feature-row vc_custom_1504100640393 vc_row-o-equal-height vc_row-o-content-middle vc_row-flex padding-medium bgv-default bgh-default halign-center\"><div class=\"feature-image wpb_column vc_column_container text-left vc_col-sm-7 vc_col-lg-6 padding-default bgv-default bgh-default halign-default\"><div class=\"vc_column-inner\"><div class=\"wpb_wrapper\">\n\t<div class=\"wpb_text_column wpb_content_element\" >\n\t\t<div class=\"wpb_wrapper\">\n\t\t\t<div style=\"position: relative; padding-bottom: 56.25%; width: 100%;\"><iframe loading=\"lazy\" style=\"position: absolute; top: 0; bottom: 0; left: 0; right: 0; width: 100%; height: 100%;\" src=\"https:\/\/www.youtube.com\/embed\/_hlzymvBDuY\" width=\"300\" height=\"150\" frameborder=\"0\" allowfullscreen=\"allowfullscreen\"><\/iframe><\/div>\n\n\t\t<\/div>\n\t<\/div>\n<\/div><\/div><\/div><div class=\"feature-info wpb_column vc_column_container text-left vc_col-sm-5 vc_col-lg-4 padding-small bgv-default bgh-default halign-default\"><div class=\"vc_column-inner\"><div class=\"wpb_wrapper\">\n\t<div class=\"wpb_text_column wpb_content_element\" >\n\t\t<div class=\"wpb_wrapper\">\n\t\t\t<p><span style=\"font-size: 18px; text-transform: uppercase;\"><b>GERENCIE RECURSOS E PROJETOS EM SUA EMPRESA<\/b><\/span><\/p>\n<p>Planeje, otimize e avalie o trabalho de suas equipes no Teamdeck. Desde o planejamento at\u00e9 a gera\u00e7\u00e3o de relat\u00f3rios, o Teamdeck oferece cobertura para voc\u00ea e sua equipe, ajudando-os a navegar rapidamente pelos recursos necess\u00e1rios e a obter dados significativos sobre o seu projeto.<\/p>\n\n\t\t<\/div>\n\t<\/div>\n<\/div><\/div><\/div><\/div><div class=\"vc_row-full-width vc_clearfix\"><\/div><div data-vc-full-width=\"true\" data-vc-full-width-init=\"false\" class=\"vc_row wpb_row vc_row-fluid redl-row-section feature-row vc_custom_1504100640393 vc_row-o-equal-height vc_row-o-content-middle vc_row-flex padding-medium bgv-default bgh-default halign-center\"><div class=\"feature-image wpb_column vc_column_container text-left vc_col-sm-7 vc_col-lg-6 padding-default bgv-default bgh-default halign-default\"><div class=\"vc_column-inner\"><div class=\"wpb_wrapper\">\n\t<div class=\"wpb_text_column wpb_content_element\" >\n\t\t<div class=\"wpb_wrapper\">\n\t\t\t<div style=\"position: relative; padding-bottom: 56.25%; width: 100%;\"><iframe loading=\"lazy\" style=\"position: absolute; top: 0; bottom: 0; left: 0; right: 0; width: 100%; height: 100%;\" src=\"https:\/\/www.youtube.com\/embed\/cY1YHg9UlLg\" width=\"300\" height=\"150\" frameborder=\"0\" allowfullscreen=\"allowfullscreen\"><\/iframe><\/div>\n\n\t\t<\/div>\n\t<\/div>\n<\/div><\/div><\/div><div class=\"feature-info wpb_column vc_column_container text-left vc_col-sm-5 vc_col-lg-4 padding-small bgv-default bgh-default halign-default\"><div class=\"vc_column-inner\"><div class=\"wpb_wrapper\">\n\t<div class=\"wpb_text_column wpb_content_element\" >\n\t\t<div class=\"wpb_wrapper\">\n\t\t\t<p><span style=\"font-size: 18px; text-transform: uppercase;\"><b>INTEGRAR O TEAMDECK COM O SLACK<br \/>\n<\/b><\/span><span style=\"font-size: 18px; text-transform: uppercase;\"><b><br \/>\n<\/b><\/span>Receba notifica\u00e7\u00f5es sobre solicita\u00e7\u00f5es de f\u00e9rias diretamente no canal do Slack escolhido.<\/p>\n\n\t\t<\/div>\n\t<\/div>\n<\/div><\/div><\/div><\/div><div class=\"vc_row-full-width vc_clearfix\"><\/div><div data-vc-full-width=\"true\" data-vc-full-width-init=\"false\" class=\"vc_row wpb_row vc_row-fluid redl-row-section feature-row vc_custom_1504100640393 vc_row-o-equal-height vc_row-o-content-middle vc_row-flex padding-medium bgv-default bgh-default halign-center\"><div class=\"wpb_column vc_column_container text-left vc_col-sm-12 padding-default bgv-default bgh-default halign-default\"><div class=\"vc_column-inner\"><div class=\"wpb_wrapper\"><div class=\"vc_empty_space\"   style=\"height: 32px\" ><span class=\"vc_empty_space_inner\"><\/span><\/div>\n<\/div><\/div><\/div><div class=\"feature-image wpb_column vc_column_container text-left vc_col-sm-6 vc_col-lg-6 padding-default bgv-default bgh-default halign-default\"><div class=\"vc_column-inner\"><div class=\"wpb_wrapper\">\n\t<div class=\"wpb_text_column wpb_content_element\" >\n\t\t<div class=\"wpb_wrapper\">\n\t\t\t<p style=\"text-align: center;\"><strong><span class=\"message\">Tem mais perguntas? <\/span><\/strong><\/p>\n<p style=\"text-align: center;\"><span class=\"message\">Fique \u00e0 vontade para entrar em contato conosco!<\/span><\/p>\n\n\t\t<\/div>\n\t<\/div>\n<div class=\"vc_empty_space\"   style=\"height: 20px\" ><span class=\"vc_empty_space_inner\"><\/span><\/div>\n<\/div><\/div><\/div><div class=\"wpb_column vc_column_container text-left vc_col-sm-6 padding-default bgv-default bgh-default halign-default\"><div class=\"vc_column-inner\"><div class=\"wpb_wrapper\">\n\t<div class=\"wpb_text_column wpb_content_element\" >\n\t\t<div class=\"wpb_wrapper\">\n\t\t\t<div class=\"testimonial__content\">\n<p style=\"text-align: justify;\">Adoramos o fato de que, seja qual for o problema que tenhamos, sempre h\u00e1 algu\u00e9m do outro lado da plataforma, pronto para ajudar, apoiar, explicar e ansioso para ouvir coment\u00e1rios que, muitas vezes, s\u00e3o implementados na vers\u00e3o seguinte! \u00c9 como se o Teamdeck fosse constru\u00eddo em torno de voc\u00ea e voc\u00ea fosse uma parte ativa do processo de aprimoramento.<\/p>\n<p style=\"text-align: justify;\"><\/div>\n<div class=\"testimonial__author\" style=\"text-align: justify;\"><strong><span class=\"testimonial__author-name\">LUISA TATOLI<\/span><\/strong><\/div>\n<div class=\"testimonial__author\" style=\"text-align: justify;\"><span class=\"testimonial__author-job\">S\u00d3CIO-GERENTE DO ROLL STUDIO<\/span><\/div>\n\n\t\t<\/div>\n\t<\/div>\n<\/div><\/div><\/div><\/div><div class=\"vc_row-full-width vc_clearfix\"><\/div><div data-vc-full-width=\"true\" data-vc-full-width-init=\"false\" class=\"vc_row wpb_row vc_row-fluid redl-row-section footer-message-row vc_custom_1502964176474 vc_row-has-fill vc_row-o-equal-height vc_row-flex padding-medium bgv-default bgh-default halign-default\"><div class=\"wpb_column vc_column_container text-center vc_col-sm-12 vc_col-lg-8 vc_col-md-9 padding-default bgv-default bgh-default halign-default\"><div class=\"vc_column-inner\"><div class=\"wpb_wrapper\">\n\t<div class=\"wpb_text_column wpb_content_element\" >\n\t\t<div class=\"wpb_wrapper\">\n\t\t\t<p><span class=\"message\">Entre nessa e comece a gerenciar seus neg\u00f3cios em um n\u00edvel mais alto. <\/span><\/p>\n\n\t\t<\/div>\n\t<\/div>\n<a class=\"redl-btn  redl-btn-border redl-btn-two  redl-btn-medium redl-btn-69da3c10258bc btn-hover-one btn-icon-left signup-bottom\" href=\"https:\/\/app.teamdeck.io\/register\">Obtenha uma avalia\u00e7\u00e3o gratuita de 30 dias<\/a><\/div><\/div><\/div><\/div><div class=\"vc_row-full-width vc_clearfix\"><\/div>","protected":false},"excerpt":{"rendered":"Tours do produto Tenha uma vis\u00e3o geral dos principais recursos do Teamdeck para tirar o m\u00e1ximo proveito da ferramenta. Escolha o t\u00f3pico abaixo que voc\u00ea gostaria de explorar e assista a um v\u00eddeo curto que o guiar\u00e1 pelo aplicativo. Assista...","protected":false},"author":6,"featured_media":0,"parent":0,"menu_order":0,"comment_status":"closed","ping_status":"closed","template":"","meta":{"footnotes":""},"class_list":["post-4392","page","type-page","status-publish","hentry"],"yoast_head":"<!-- This site is optimized with the Yoast SEO Premium plugin v23.8 (Yoast SEO v24.3) - https:\/\/yoast.com\/wordpress\/plugins\/seo\/ -->\n<title>Teamdeck - Product Tour Videos<\/title>\n<meta name=\"description\" content=\"Teamdeck\u2019s product tour videos will help you explore the tools\u2019 core features and adopt best practices early on. Take the tour.\" \/>\n<meta name=\"robots\" content=\"index, follow, max-snippet:-1, max-image-preview:large, max-video-preview:-1\" \/>\n<link rel=\"canonical\" href=\"https:\/\/teamdeck.io\/pt\/videos-de-visitas-a-produtos\/\" \/>\n<meta property=\"og:locale\" content=\"pt_BR\" \/>\n<meta property=\"og:type\" content=\"article\" \/>\n<meta property=\"og:title\" content=\"Product Tour - Videos\" \/>\n<meta property=\"og:description\" content=\"Teamdeck\u2019s product tour videos will help you explore the tools\u2019 core features and adopt best practices early on. Take the tour.\" \/>\n<meta property=\"og:url\" content=\"https:\/\/teamdeck.io\/pt\/videos-de-visitas-a-produtos\/\" \/>\n<meta property=\"og:site_name\" content=\"Teamdeck\" \/>\n<meta property=\"article:publisher\" content=\"https:\/\/www.facebook.com\/helloteamdeck\" \/>\n<meta property=\"article:modified_time\" content=\"2022-04-06T14:46:04+00:00\" \/>\n<meta name=\"twitter:card\" content=\"summary_large_image\" \/>\n<meta name=\"twitter:site\" content=\"@helloteamdeck\" \/>\n<meta name=\"twitter:label1\" content=\"Est. reading time\" \/>\n\t<meta name=\"twitter:data1\" content=\"3 minutes\" \/>\n<script type=\"application\/ld+json\" class=\"yoast-schema-graph\">{\"@context\":\"https:\/\/schema.org\",\"@graph\":[{\"@type\":\"WebPage\",\"@id\":\"https:\/\/teamdeck.io\/product-tour-videos\/\",\"url\":\"https:\/\/teamdeck.io\/product-tour-videos\/\",\"name\":\"Teamdeck - Product Tour Videos\",\"isPartOf\":{\"@id\":\"https:\/\/teamdeck.io\/#website\"},\"datePublished\":\"2019-01-15T14:31:41+00:00\",\"dateModified\":\"2022-04-06T14:46:04+00:00\",\"description\":\"Teamdeck\u2019s product tour videos will help you explore the tools\u2019 core features and adopt best practices early on. Take the tour.\",\"breadcrumb\":{\"@id\":\"https:\/\/teamdeck.io\/product-tour-videos\/#breadcrumb\"},\"inLanguage\":\"pt-BR\",\"potentialAction\":[{\"@type\":\"ReadAction\",\"target\":[\"https:\/\/teamdeck.io\/product-tour-videos\/\"]}]},{\"@type\":\"BreadcrumbList\",\"@id\":\"https:\/\/teamdeck.io\/product-tour-videos\/#breadcrumb\",\"itemListElement\":[{\"@type\":\"ListItem\",\"position\":1,\"name\":\"Home\",\"item\":\"https:\/\/teamdeck.io\/\"},{\"@type\":\"ListItem\",\"position\":2,\"name\":\"Product Tour &#8211; Videos\"}]},{\"@type\":\"WebSite\",\"@id\":\"https:\/\/teamdeck.io\/#website\",\"url\":\"https:\/\/teamdeck.io\/\",\"name\":\"Teamdeck\",\"description\":\"resource scheduling + time tracking + leave management\",\"potentialAction\":[{\"@type\":\"SearchAction\",\"target\":{\"@type\":\"EntryPoint\",\"urlTemplate\":\"https:\/\/teamdeck.io\/?s={search_term_string}\"},\"query-input\":{\"@type\":\"PropertyValueSpecification\",\"valueRequired\":true,\"valueName\":\"search_term_string\"}}],\"inLanguage\":\"pt-BR\"}]}<\/script>\n<!-- \/ Yoast SEO Premium plugin. -->","yoast_head_json":{"title":"Teamdeck - Product Tour Videos","description":"Teamdeck\u2019s product tour videos will help you explore the tools\u2019 core features and adopt best practices early on. Take the tour.","robots":{"index":"index","follow":"follow","max-snippet":"max-snippet:-1","max-image-preview":"max-image-preview:large","max-video-preview":"max-video-preview:-1"},"canonical":"https:\/\/teamdeck.io\/pt\/videos-de-visitas-a-produtos\/","og_locale":"pt_BR","og_type":"article","og_title":"Product Tour - Videos","og_description":"Teamdeck\u2019s product tour videos will help you explore the tools\u2019 core features and adopt best practices early on. Take the tour.","og_url":"https:\/\/teamdeck.io\/pt\/videos-de-visitas-a-produtos\/","og_site_name":"Teamdeck","article_publisher":"https:\/\/www.facebook.com\/helloteamdeck","article_modified_time":"2022-04-06T14:46:04+00:00","twitter_card":"summary_large_image","twitter_site":"@helloteamdeck","twitter_misc":{"Est. reading time":"3 minutes"},"schema":{"@context":"https:\/\/schema.org","@graph":[{"@type":"WebPage","@id":"https:\/\/teamdeck.io\/product-tour-videos\/","url":"https:\/\/teamdeck.io\/product-tour-videos\/","name":"Teamdeck - Product Tour Videos","isPartOf":{"@id":"https:\/\/teamdeck.io\/#website"},"datePublished":"2019-01-15T14:31:41+00:00","dateModified":"2022-04-06T14:46:04+00:00","description":"Teamdeck\u2019s product tour videos will help you explore the tools\u2019 core features and adopt best practices early on. Take the tour.","breadcrumb":{"@id":"https:\/\/teamdeck.io\/product-tour-videos\/#breadcrumb"},"inLanguage":"pt-BR","potentialAction":[{"@type":"ReadAction","target":["https:\/\/teamdeck.io\/product-tour-videos\/"]}]},{"@type":"BreadcrumbList","@id":"https:\/\/teamdeck.io\/product-tour-videos\/#breadcrumb","itemListElement":[{"@type":"ListItem","position":1,"name":"Home","item":"https:\/\/teamdeck.io\/"},{"@type":"ListItem","position":2,"name":"Product Tour &#8211; Videos"}]},{"@type":"WebSite","@id":"https:\/\/teamdeck.io\/#website","url":"https:\/\/teamdeck.io\/","name":"Teamdeck","description":"resource scheduling + time tracking + leave management","potentialAction":[{"@type":"SearchAction","target":{"@type":"EntryPoint","urlTemplate":"https:\/\/teamdeck.io\/?s={search_term_string}"},"query-input":{"@type":"PropertyValueSpecification","valueRequired":true,"valueName":"search_term_string"}}],"inLanguage":"pt-BR"}]}},"_links":{"self":[{"href":"https:\/\/teamdeck.io\/pt\/wp-json\/wp\/v2\/pages\/4392","targetHints":{"allow":["GET"]}}],"collection":[{"href":"https:\/\/teamdeck.io\/pt\/wp-json\/wp\/v2\/pages"}],"about":[{"href":"https:\/\/teamdeck.io\/pt\/wp-json\/wp\/v2\/types\/page"}],"author":[{"embeddable":true,"href":"https:\/\/teamdeck.io\/pt\/wp-json\/wp\/v2\/users\/6"}],"replies":[{"embeddable":true,"href":"https:\/\/teamdeck.io\/pt\/wp-json\/wp\/v2\/comments?post=4392"}],"version-history":[{"count":106,"href":"https:\/\/teamdeck.io\/pt\/wp-json\/wp\/v2\/pages\/4392\/revisions"}],"predecessor-version":[{"id":10178,"href":"https:\/\/teamdeck.io\/pt\/wp-json\/wp\/v2\/pages\/4392\/revisions\/10178"}],"wp:attachment":[{"href":"https:\/\/teamdeck.io\/pt\/wp-json\/wp\/v2\/media?parent=4392"}],"curies":[{"name":"wp","href":"https:\/\/api.w.org\/{rel}","templated":true}]}}