{"id":2853,"date":"2017-09-07T12:08:23","date_gmt":"2017-09-07T10:08:23","guid":{"rendered":"https:\/\/teamdeck.io\/?page_id=2853"},"modified":"2024-04-08T13:08:17","modified_gmt":"2024-04-08T11:08:17","slug":"privacy-policy","status":"publish","type":"page","link":"https:\/\/teamdeck.io\/pt\/politica-de-privacidade\/","title":{"rendered":"Pol\u00edtica de privacidade"},"content":{"rendered":"<div class=\"vc_row wpb_row vc_row-fluid redl-row-section padding-default bgv-default bgh-default halign-default\"><div class=\"wpb_column vc_column_container text-left vc_col-sm-12 padding-default bgv-default bgh-default halign-default\"><div class=\"vc_column-inner\"><div class=\"wpb_wrapper\"><div class=\"vc_empty_space\"   style=\"height: 32px\" ><span class=\"vc_empty_space_inner\"><\/span><\/div>\n\n\t<div class=\"wpb_text_column wpb_content_element\" >\n\t\t<div class=\"wpb_wrapper\">\n\t\t\t<h1 class=\"ng-scope\" style=\"text-align: center;\">Pol\u00edtica de privacidade<\/h1>\n<p class=\"ng-scope\" style=\"text-align: center;\"><small>\u00daltima atualiza\u00e7\u00e3o: 30 de janeiro de 2024<\/small><\/p>\n\n\t\t<\/div>\n\t<\/div>\n<div class=\"vc_empty_space\"   style=\"height: 32px\" ><span class=\"vc_empty_space_inner\"><\/span><\/div>\n\n\t<div class=\"wpb_text_column wpb_content_element\" >\n\t\t<div class=\"wpb_wrapper\">\n\t\t\t<p class=\"ng-scope\">Teamdeck sp. z o.o. (\"n\u00f3s\", \"nos\", ou \"nosso\") com sede registrada em: Nowowiejskiego 55, 61-734 Pozna\u0144, Pol\u00f4nia, NIP: 7831750055, REGON: 365865326, registrada no Tribunal Regional de Pozna\u0144 - Nowe Miasto I Wilda em Pozna\u0144, VIII Divis\u00e3o Comercial do Registro Nacional de Tribunais, registrada no registro comercial (KRS) sob o n\u00ba. 0000646426 opera o site https:\/\/teamdeck.io (o \"Servi\u00e7o\").<\/p>\n<p class=\"ng-scope\">Esta p\u00e1gina o informa sobre nossas pol\u00edticas relativas \u00e0 coleta, ao uso e \u00e0 divulga\u00e7\u00e3o de Informa\u00e7\u00f5es Pessoais quando voc\u00ea usa nosso Servi\u00e7o.<\/p>\n<p class=\"ng-scope\">N\u00e3o usaremos ou compartilharemos suas informa\u00e7\u00f5es com ningu\u00e9m, exceto conforme descrito nesta Pol\u00edtica de Privacidade.<\/p>\n<p class=\"ng-scope\">Usamos suas informa\u00e7\u00f5es pessoais para fornecer e aprimorar o Servi\u00e7o. Ao usar o Servi\u00e7o, voc\u00ea concorda com a coleta e o uso de informa\u00e7\u00f5es de acordo com esta pol\u00edtica. Salvo defini\u00e7\u00e3o em contr\u00e1rio nesta Pol\u00edtica de Privacidade, os termos usados nesta Pol\u00edtica de Privacidade t\u00eam os mesmos significados que em nossos Termos e Condi\u00e7\u00f5es, acess\u00edveis em https:\/\/teamdeck.io.<\/p>\n<p class=\"ng-scope\">A Teamdeck sp. z o.o. \u00e9 uma empresa sediada na Pol\u00f4nia e, portanto, est\u00e1 em conformidade com a legisla\u00e7\u00e3o polonesa, em particular com a Lei de Prote\u00e7\u00e3o de Dados Pessoais de 29 de agosto de 1997 (Di\u00e1rio Oficial n\u00ba 133, item 883, conforme emenda).<\/p>\n<p class=\"ng-scope\"><strong>\u00a71. Coleta e uso de informa\u00e7\u00f5es<\/strong><\/p>\n<p class=\"ng-scope\">Ao usar nosso Servi\u00e7o, podemos pedir ao cliente que nos forne\u00e7a determinadas informa\u00e7\u00f5es de identifica\u00e7\u00e3o pessoal que podem ser usadas para contatar ou identificar o cliente. As informa\u00e7\u00f5es de identifica\u00e7\u00e3o pessoal podem incluir, mas n\u00e3o se limitam a, endere\u00e7o de e-mail, nome, n\u00famero de telefone e endere\u00e7o postal do cliente (\"Informa\u00e7\u00f5es pessoais\").<\/p>\n<p class=\"ng-scope\"><strong>\u00a72. Dados de registro<\/strong><\/p>\n<p class=\"ng-scope\">1. Tamb\u00e9m podemos coletar informa\u00e7\u00f5es que o navegador do cliente envia sempre que ele visita nosso Servi\u00e7o (\"Dados de registro\"). Esses Dados de Registro podem incluir informa\u00e7\u00f5es como o endere\u00e7o de Protocolo de Internet (\"IP\") do computador do cliente, o tipo de navegador, a vers\u00e3o do navegador, as p\u00e1ginas do nosso Servi\u00e7o que o cliente visita, a hora e a data da visita do cliente, o tempo gasto nessas p\u00e1ginas e outras estat\u00edsticas.<\/p>\n<p class=\"ng-scope\">2. Al\u00e9m disso, podemos usar servi\u00e7os de terceiros, como o Google Analytics, que coletam, monitoram e analisam esse tipo de informa\u00e7\u00e3o a fim de aumentar a funcionalidade do nosso Servi\u00e7o. Esses provedores de servi\u00e7os terceirizados t\u00eam suas pr\u00f3prias pol\u00edticas de privacidade que tratam da forma como usam essas informa\u00e7\u00f5es.<\/p>\n<p><strong class=\"ng-scope\">\u00a73. Cookies<\/strong><\/p>\n<p class=\"ng-scope\">1. Cookies s\u00e3o arquivos com uma pequena quantidade de dados, que podem incluir um identificador exclusivo an\u00f4nimo. Os cookies s\u00e3o enviados ao navegador do cliente a partir de um site da Web e armazenados no disco r\u00edgido do computador do cliente.<\/p>\n<p class=\"ng-scope\">2. Usamos \"cookies\" para coletar informa\u00e7\u00f5es. O cliente pode instruir seu navegador a recusar todos os cookies ou a indicar quando um cookie est\u00e1 sendo enviado. Entretanto, se o cliente n\u00e3o aceitar cookies, talvez n\u00e3o consiga usar algumas partes do nosso Servi\u00e7o.<\/p>\n<p class=\"ng-scope\"><strong>\u00a74. Remarketing comportamental<\/strong><\/p>\n<p class=\"ng-scope\">1. A Teamdeck sp. z o.o. usa servi\u00e7os de remarketing para anunciar em sites de terceiros para o cliente depois que ele visitou nosso Servi\u00e7o. N\u00f3s, e nossos fornecedores terceirizados, usamos cookies para informar, otimizar e veicular an\u00fancios com base nas visitas anteriores do cliente ao nosso Servi\u00e7o.<\/p>\n<ul>\n<li><strong>Google<\/strong><\/li>\n<\/ul>\n<p style=\"padding-left: 30px;\">O servi\u00e7o de remarketing do Google AdWords \u00e9 fornecido pelo Google Inc.<\/p>\n<p style=\"padding-left: 30px;\">Voc\u00ea pode optar por n\u00e3o usar o Google Analytics para publicidade gr\u00e1fica e personalizar os an\u00fancios da Rede de Display do Google visitando a p\u00e1gina de configura\u00e7\u00f5es de an\u00fancios do Google: http:\/\/www.google.com\/settings\/ads<\/p>\n<p style=\"padding-left: 30px;\">O Google tamb\u00e9m recomenda a instala\u00e7\u00e3o do Google Analytics Opt-out Browser Add-on - https:\/\/tools.google.com\/dlpage\/gaoptout - em seu navegador da Web. O Google Analytics Opt-out Browser Add-on permite que os visitantes evitem que seus dados sejam coletados e usados pelo Google Analytics.<\/p>\n<p style=\"padding-left: 30px;\">Para obter mais informa\u00e7\u00f5es sobre as pr\u00e1ticas de privacidade do Google, visite a p\u00e1gina da web Privacidade e Termos do Google: http:\/\/www.google.com\/intl\/en\/policies\/privacy\/<\/p>\n<ul>\n<li><strong><strong>Facebook<\/strong><\/strong><\/li>\n<\/ul>\n<p style=\"padding-left: 30px;\"><strong><strong><br \/>\n<\/strong><\/strong><br \/>\nO servi\u00e7o de remarketing do Facebook \u00e9 fornecido pelo Facebook Inc.<\/p>\n<p style=\"padding-left: 30px;\">Voc\u00ea pode saber mais sobre a publicidade baseada em interesses do Facebook visitando esta p\u00e1gina: https:\/\/www.facebook.com\/help\/164968693837950<\/p>\n<p style=\"padding-left: 30px;\">Para desativar os an\u00fancios baseados em interesses do Facebook, siga estas instru\u00e7\u00f5es do Facebook: https:\/\/www.facebook.com\/about\/ads\/#568137493302217<\/p>\n<p style=\"padding-left: 30px;\">O Facebook adere aos Princ\u00edpios de autorregulamenta\u00e7\u00e3o para publicidade comportamental on-line estabelecidos pela Digital Advertising Alliance. Voc\u00ea tamb\u00e9m pode optar por n\u00e3o participar do Facebook e de outras empresas participantes por meio da Digital Advertising Alliance nos EUA http:\/\/www.aboutads.info\/choices\/, da Digital Advertising Alliance of Canada no Canad\u00e1 http:\/\/youradchoices.ca\/ ou da European Interactive Digital Advertising Alliance na Europa http:\/\/www.youronlinechoices.eu\/, ou optar por n\u00e3o participar usando as configura\u00e7\u00f5es do seu dispositivo m\u00f3vel.<\/p>\n<p style=\"padding-left: 30px;\">Para obter mais informa\u00e7\u00f5es sobre as pr\u00e1ticas de privacidade do Facebook, visite a Pol\u00edtica de dados do Facebook: https:\/\/www.facebook.com\/privacy\/explanation<\/p>\n<p class=\"ng-scope\"><strong>\u00a75. Prestadores de servi\u00e7os<\/strong><\/p>\n<p class=\"ng-scope\">1. Podemos empregar empresas e indiv\u00edduos terceirizados para facilitar nosso Servi\u00e7o, para fornecer o Servi\u00e7o em nosso nome, para executar servi\u00e7os relacionados ao Servi\u00e7o ou para nos ajudar a analisar como nosso Servi\u00e7o \u00e9 usado.<\/p>\n<p class=\"ng-scope\">2. Esses terceiros t\u00eam acesso \u00e0s Informa\u00e7\u00f5es Pessoais do cliente somente para realizar essas tarefas em nosso nome e s\u00e3o obrigados a n\u00e3o divulg\u00e1-las ou us\u00e1-las para qualquer outra finalidade.<\/p>\n<p class=\"ng-scope\"><strong>\u00a76. Comunica\u00e7\u00f5es<\/strong><\/p>\n<p class=\"ng-scope\">Podemos usar as Informa\u00e7\u00f5es Pessoais do cliente para entrar em contato com o cliente por meio de boletins informativos, materiais de marketing ou promocionais e outras informa\u00e7\u00f5es que possam ser de interesse do cliente. O cliente pode optar por n\u00e3o receber nenhuma ou todas essas comunica\u00e7\u00f5es de nossa parte seguindo o link de cancelamento de assinatura ou as instru\u00e7\u00f5es fornecidas em qualquer e-mail que enviarmos.<\/p>\n<p class=\"ng-scope\"><strong>\u00a77. Conformidade com as leis<\/strong><\/p>\n<p class=\"ng-scope\">Divulgaremos as Informa\u00e7\u00f5es Pessoais do cliente quando formos obrigados a faz\u00ea-lo por lei ou intima\u00e7\u00e3o, ou se acreditarmos que tal a\u00e7\u00e3o \u00e9 necess\u00e1ria para cumprir a lei e as solicita\u00e7\u00f5es razo\u00e1veis de aplica\u00e7\u00e3o da lei ou para proteger a seguran\u00e7a ou a integridade de nosso Servi\u00e7o.<\/p>\n<p class=\"ng-scope\"><strong>\u00a78. Transa\u00e7\u00e3o comercial<\/strong><\/p>\n<p class=\"ng-scope\">Se a Teamdeck sp. z o.o. estiver envolvida em uma fus\u00e3o, aquisi\u00e7\u00e3o ou venda de ativos, as Informa\u00e7\u00f5es Pessoais do cliente poder\u00e3o ser transferidas. Avisaremos antes que as Informa\u00e7\u00f5es Pessoais do cliente sejam transferidas e se tornem sujeitas a uma Pol\u00edtica de Privacidade diferente.<\/p>\n<p class=\"ng-scope\"><strong>\u00a79. Seguran\u00e7a<\/strong><\/p>\n<p class=\"ng-scope\">A seguran\u00e7a das Informa\u00e7\u00f5es Pessoais do cliente \u00e9 importante para n\u00f3s, mas lembre-se de que nenhum m\u00e9todo de transmiss\u00e3o pela Internet ou m\u00e9todo de armazenamento eletr\u00f4nico \u00e9 100% seguro. Embora nos esforcemos para usar meios comercialmente aceit\u00e1veis para proteger as Informa\u00e7\u00f5es Pessoais do cliente, n\u00e3o podemos garantir sua seguran\u00e7a absoluta.<\/p>\n<p class=\"ng-scope\"><strong>\u00a710.Transfer\u00eancia internacional<\/strong><\/p>\n<p class=\"ng-scope\">1. As informa\u00e7\u00f5es dos clientes, inclusive as Informa\u00e7\u00f5es Pessoais, podem ser transferidas para - e mantidas em - computadores localizados fora de seu estado, prov\u00edncia, pa\u00eds ou outra jurisdi\u00e7\u00e3o governamental, onde as leis de prote\u00e7\u00e3o de dados podem ser diferentes daquelas de sua jurisdi\u00e7\u00e3o.<\/p>\n<p class=\"ng-scope\">2. Se o cliente estiver localizado fora da Pol\u00f4nia e optar por fornecer informa\u00e7\u00f5es para n\u00f3s, observe que transferimos as informa\u00e7\u00f5es, inclusive as Informa\u00e7\u00f5es Pessoais, para a Pol\u00f4nia e as processamos l\u00e1.<\/p>\n<p class=\"ng-scope\">3. O consentimento do cliente com esta Pol\u00edtica de Privacidade, seguido do envio de tais informa\u00e7\u00f5es pelo cliente, representa a concord\u00e2ncia do cliente com essa transfer\u00eancia e o consentimento do cliente.<\/p>\n<p class=\"ng-scope\"><strong>\u00a711 Links para outros sites<\/strong><\/p>\n<p class=\"ng-scope\">1. Nosso Servi\u00e7o pode conter links para outros sites que n\u00e3o s\u00e3o operados por n\u00f3s. Se o cliente clicar em um link de terceiros, ele ser\u00e1 direcionado para o site desses terceiros. Recomendamos enfaticamente que o cliente analise a Pol\u00edtica de Privacidade de cada site que visitar.<\/p>\n<p class=\"ng-scope\">2. N\u00e3o temos controle e n\u00e3o assumimos nenhuma responsabilidade pelo conte\u00fado, pol\u00edticas de privacidade ou pr\u00e1ticas de sites ou servi\u00e7os de terceiros.<\/p>\n<p class=\"ng-scope\"><strong>\u00a712. Privacidade das crian\u00e7as<\/strong><\/p>\n<p class=\"ng-scope\">1. Nosso Servi\u00e7o n\u00e3o se destina a menores de 13 anos de idade (\"Crian\u00e7as\").<\/p>\n<p class=\"ng-scope\">2. N\u00e3o coletamos intencionalmente informa\u00e7\u00f5es de identifica\u00e7\u00e3o pessoal de crian\u00e7as menores de 13 anos. Se voc\u00ea for pai ou respons\u00e1vel e estiver ciente de que seus filhos nos forneceram informa\u00e7\u00f5es pessoais, entre em contato conosco. Se tomarmos conhecimento de que coletamos Informa\u00e7\u00f5es Pessoais de crian\u00e7as menores de 13 anos sem a verifica\u00e7\u00e3o do consentimento dos pais, tomaremos medidas para remover essas informa\u00e7\u00f5es de nossos servidores.<\/p>\n<p class=\"ng-scope\"><strong>\u00a713. Altera\u00e7\u00f5es a esta Pol\u00edtica de Privacidade<\/strong><\/p>\n<p class=\"ng-scope\">1. Podemos atualizar nossa Pol\u00edtica de Privacidade de tempos em tempos. Notificaremos o cliente sobre quaisquer altera\u00e7\u00f5es publicando a nova Pol\u00edtica de Privacidade nesta p\u00e1gina.<\/p>\n<p class=\"ng-scope\">2. O Cliente \u00e9 aconselhado a revisar esta Pol\u00edtica de Privacidade periodicamente para verificar se houve alguma altera\u00e7\u00e3o. As altera\u00e7\u00f5es a esta Pol\u00edtica de Privacidade entrar\u00e3o em vigor quando forem publicadas nesta p\u00e1gina.<\/p>\n\n\t\t<\/div>\n\t<\/div>\n<div class=\"vc_empty_space\"   style=\"height: 32px\" ><span class=\"vc_empty_space_inner\"><\/span><\/div>\n<\/div><\/div><\/div><\/div>","protected":false},"excerpt":{"rendered":"Pol\u00edtica de Privacidade \u00daltima atualiza\u00e7\u00e3o: 30 de janeiro de 2024 Teamdeck sp. z o.o. (\"n\u00f3s\", \"n\u00f3s\", ou \"nosso\") com sede registrada em: Nowowiejskiego 55, 61-734 Pozna\u0144, Pol\u00f4nia, NIP: 7831750055, REGON: 365865326, registrada no Tribunal Regional de Pozna\u0144 - Nowe...","protected":false},"author":17,"featured_media":0,"parent":0,"menu_order":0,"comment_status":"closed","ping_status":"closed","template":"","meta":{"footnotes":""},"class_list":["post-2853","page","type-page","status-publish","hentry"],"yoast_head":"<!-- This site is optimized with the Yoast SEO Premium plugin v23.8 (Yoast SEO v24.3) - https:\/\/yoast.com\/wordpress\/plugins\/seo\/ -->\n<title>Teamdeck - Privacy Policy<\/title>\n<meta name=\"description\" content=\"Teamdeck cares about your privacy and security of its service. Please, read the following privacy policy carefully.\" \/>\n<meta name=\"robots\" content=\"index, follow, max-snippet:-1, max-image-preview:large, max-video-preview:-1\" \/>\n<link rel=\"canonical\" href=\"https:\/\/teamdeck.io\/pt\/politica-de-privacidade\/\" \/>\n<meta property=\"og:locale\" content=\"pt_BR\" \/>\n<meta property=\"og:type\" content=\"article\" \/>\n<meta property=\"og:title\" content=\"Teamdeck - Privacy Policy\" \/>\n<meta property=\"og:description\" content=\"Teamdeck cares about your privacy and security of its service. Please, read the following privacy policy carefully.\" \/>\n<meta property=\"og:url\" content=\"https:\/\/teamdeck.io\/pt\/politica-de-privacidade\/\" \/>\n<meta property=\"og:site_name\" content=\"Teamdeck\" \/>\n<meta property=\"article:publisher\" content=\"https:\/\/www.facebook.com\/helloteamdeck\" \/>\n<meta property=\"article:modified_time\" content=\"2024-04-08T11:08:17+00:00\" \/>\n<meta property=\"og:image\" content=\"https:\/\/cdn.teamdeck.io\/uploads\/website\/2017\/09\/teamdeck-share.png\" \/>\n<meta name=\"twitter:card\" content=\"summary_large_image\" \/>\n<meta name=\"twitter:title\" content=\"Teamdeck - Privacy Policy\" \/>\n<meta name=\"twitter:description\" content=\"Teamdeck cares about your privacy and security of its service. Please, read the following privacy policy carefully.\" \/>\n<meta name=\"twitter:image\" content=\"https:\/\/cdn.teamdeck.io\/uploads\/website\/2017\/09\/teamdeck-share.png\" \/>\n<meta name=\"twitter:site\" content=\"@helloteamdeck\" \/>\n<meta name=\"twitter:label1\" content=\"Est. reading time\" \/>\n\t<meta name=\"twitter:data1\" content=\"6 minutes\" \/>\n<script type=\"application\/ld+json\" class=\"yoast-schema-graph\">{\"@context\":\"https:\/\/schema.org\",\"@graph\":[{\"@type\":\"WebPage\",\"@id\":\"https:\/\/teamdeck.io\/privacy-policy\/\",\"url\":\"https:\/\/teamdeck.io\/privacy-policy\/\",\"name\":\"Teamdeck - Privacy Policy\",\"isPartOf\":{\"@id\":\"https:\/\/teamdeck.io\/#website\"},\"datePublished\":\"2017-09-07T10:08:23+00:00\",\"dateModified\":\"2024-04-08T11:08:17+00:00\",\"description\":\"Teamdeck cares about your privacy and security of its service. Please, read the following privacy policy carefully.\",\"breadcrumb\":{\"@id\":\"https:\/\/teamdeck.io\/privacy-policy\/#breadcrumb\"},\"inLanguage\":\"pt-BR\",\"potentialAction\":[{\"@type\":\"ReadAction\",\"target\":[\"https:\/\/teamdeck.io\/privacy-policy\/\"]}]},{\"@type\":\"BreadcrumbList\",\"@id\":\"https:\/\/teamdeck.io\/privacy-policy\/#breadcrumb\",\"itemListElement\":[{\"@type\":\"ListItem\",\"position\":1,\"name\":\"Home\",\"item\":\"https:\/\/teamdeck.io\/\"},{\"@type\":\"ListItem\",\"position\":2,\"name\":\"Privacy Policy\"}]},{\"@type\":\"WebSite\",\"@id\":\"https:\/\/teamdeck.io\/#website\",\"url\":\"https:\/\/teamdeck.io\/\",\"name\":\"Teamdeck\",\"description\":\"resource scheduling + time tracking + leave management\",\"potentialAction\":[{\"@type\":\"SearchAction\",\"target\":{\"@type\":\"EntryPoint\",\"urlTemplate\":\"https:\/\/teamdeck.io\/?s={search_term_string}\"},\"query-input\":{\"@type\":\"PropertyValueSpecification\",\"valueRequired\":true,\"valueName\":\"search_term_string\"}}],\"inLanguage\":\"pt-BR\"}]}<\/script>\n<!-- \/ Yoast SEO Premium plugin. -->","yoast_head_json":{"title":"Teamdeck - Privacy Policy","description":"Teamdeck cares about your privacy and security of its service. Please, read the following privacy policy carefully.","robots":{"index":"index","follow":"follow","max-snippet":"max-snippet:-1","max-image-preview":"max-image-preview:large","max-video-preview":"max-video-preview:-1"},"canonical":"https:\/\/teamdeck.io\/pt\/politica-de-privacidade\/","og_locale":"pt_BR","og_type":"article","og_title":"Teamdeck - Privacy Policy","og_description":"Teamdeck cares about your privacy and security of its service. Please, read the following privacy policy carefully.","og_url":"https:\/\/teamdeck.io\/pt\/politica-de-privacidade\/","og_site_name":"Teamdeck","article_publisher":"https:\/\/www.facebook.com\/helloteamdeck","article_modified_time":"2024-04-08T11:08:17+00:00","og_image":[{"url":"https:\/\/cdn.teamdeck.io\/uploads\/website\/2017\/09\/teamdeck-share.png","type":"","width":"","height":""}],"twitter_card":"summary_large_image","twitter_title":"Teamdeck - Privacy Policy","twitter_description":"Teamdeck cares about your privacy and security of its service. Please, read the following privacy policy carefully.","twitter_image":"https:\/\/cdn.teamdeck.io\/uploads\/website\/2017\/09\/teamdeck-share.png","twitter_site":"@helloteamdeck","twitter_misc":{"Est. reading time":"6 minutes"},"schema":{"@context":"https:\/\/schema.org","@graph":[{"@type":"WebPage","@id":"https:\/\/teamdeck.io\/privacy-policy\/","url":"https:\/\/teamdeck.io\/privacy-policy\/","name":"Teamdeck - Privacy Policy","isPartOf":{"@id":"https:\/\/teamdeck.io\/#website"},"datePublished":"2017-09-07T10:08:23+00:00","dateModified":"2024-04-08T11:08:17+00:00","description":"Teamdeck cares about your privacy and security of its service. Please, read the following privacy policy carefully.","breadcrumb":{"@id":"https:\/\/teamdeck.io\/privacy-policy\/#breadcrumb"},"inLanguage":"pt-BR","potentialAction":[{"@type":"ReadAction","target":["https:\/\/teamdeck.io\/privacy-policy\/"]}]},{"@type":"BreadcrumbList","@id":"https:\/\/teamdeck.io\/privacy-policy\/#breadcrumb","itemListElement":[{"@type":"ListItem","position":1,"name":"Home","item":"https:\/\/teamdeck.io\/"},{"@type":"ListItem","position":2,"name":"Privacy Policy"}]},{"@type":"WebSite","@id":"https:\/\/teamdeck.io\/#website","url":"https:\/\/teamdeck.io\/","name":"Teamdeck","description":"resource scheduling + time tracking + leave management","potentialAction":[{"@type":"SearchAction","target":{"@type":"EntryPoint","urlTemplate":"https:\/\/teamdeck.io\/?s={search_term_string}"},"query-input":{"@type":"PropertyValueSpecification","valueRequired":true,"valueName":"search_term_string"}}],"inLanguage":"pt-BR"}]}},"_links":{"self":[{"href":"https:\/\/teamdeck.io\/pt\/wp-json\/wp\/v2\/pages\/2853","targetHints":{"allow":["GET"]}}],"collection":[{"href":"https:\/\/teamdeck.io\/pt\/wp-json\/wp\/v2\/pages"}],"about":[{"href":"https:\/\/teamdeck.io\/pt\/wp-json\/wp\/v2\/types\/page"}],"author":[{"embeddable":true,"href":"https:\/\/teamdeck.io\/pt\/wp-json\/wp\/v2\/users\/17"}],"replies":[{"embeddable":true,"href":"https:\/\/teamdeck.io\/pt\/wp-json\/wp\/v2\/comments?post=2853"}],"version-history":[{"count":15,"href":"https:\/\/teamdeck.io\/pt\/wp-json\/wp\/v2\/pages\/2853\/revisions"}],"predecessor-version":[{"id":12719,"href":"https:\/\/teamdeck.io\/pt\/wp-json\/wp\/v2\/pages\/2853\/revisions\/12719"}],"wp:attachment":[{"href":"https:\/\/teamdeck.io\/pt\/wp-json\/wp\/v2\/media?parent=2853"}],"curies":[{"name":"wp","href":"https:\/\/api.w.org\/{rel}","templated":true}]}}