{"id":2849,"date":"2017-09-07T11:34:10","date_gmt":"2017-09-07T09:34:10","guid":{"rendered":"https:\/\/teamdeck.io\/?page_id=2849"},"modified":"2024-10-17T10:30:32","modified_gmt":"2024-10-17T08:30:32","slug":"terms-and-conditions","status":"publish","type":"page","link":"https:\/\/teamdeck.io\/pt\/termos-e-condicoes\/","title":{"rendered":"Termos e condi\u00e7\u00f5es"},"content":{"rendered":"<div class=\"vc_row wpb_row vc_row-fluid redl-row-section padding-default bgv-default bgh-default halign-default\"><div class=\"wpb_column vc_column_container text-left vc_col-sm-12 padding-default bgv-default bgh-default halign-default\"><div class=\"vc_column-inner\"><div class=\"wpb_wrapper\"><div class=\"vc_empty_space\"   style=\"height: 32px\" ><span class=\"vc_empty_space_inner\"><\/span><\/div>\n\n\t<div class=\"wpb_text_column wpb_content_element\" >\n\t\t<div class=\"wpb_wrapper\">\n\t\t\t<h1 class=\"ng-scope\" style=\"text-align: center;\">Termos e condi\u00e7\u00f5es (\"Termos\")<\/h1>\n\n\t\t<\/div>\n\t<\/div>\n<div class=\"vc_empty_space\"   style=\"height: 32px\" ><span class=\"vc_empty_space_inner\"><\/span><\/div>\n<\/div><\/div><\/div><\/div><div class=\"vc_row wpb_row vc_row-fluid redl-row-section padding-default bgv-default bgh-default halign-default\"><div class=\"wpb_column vc_column_container text-left vc_col-sm-12 padding-default bgv-default bgh-default halign-default\"><div class=\"vc_column-inner\"><div class=\"wpb_wrapper\">\n\t<div class=\"wpb_text_column wpb_content_element\" >\n\t\t<div class=\"wpb_wrapper\">\n\t\t\t<p><span style=\"font-weight: 400;\">Por favor, leia estes Termos e Condi\u00e7\u00f5es (\"Termos\", \"Termos e Condi\u00e7\u00f5es\") cuidadosamente antes de usar o site https:\/\/teamdeck.io (o \"Servi\u00e7o\") operado pela Teamdeck sp. z o.o. (\"n\u00f3s\", \"n\u00f3s\", \"Teamdeck\" ou \"nosso\") com sede registrada em: G\u00f3recka 1, 60-201 Pozna\u0144, Pol\u00f4nia, NIP: 7831750055, REGON: 365865326, inscrita no registro de empres\u00e1rios do Registro Nacional de Tribunais mantido pelo Tribunal Distrital Pozna\u0144-Nowe Miasto i Wilda em Pozna\u0144, VIII Divis\u00e3o Comercial do Registro Nacional de Tribunais, sob KRS. 0000646426.<\/span><\/p>\n<p><span style=\"font-weight: 400;\">O acesso e o uso do Servi\u00e7o pelo cliente est\u00e3o condicionados \u00e0 aceita\u00e7\u00e3o e ao cumprimento destes Termos pelo cliente. Estes Termos se aplicam a todos os visitantes, usu\u00e1rios e outros que acessam ou usam o Servi\u00e7o.<\/span><\/p>\n<p><span style=\"font-weight: 400;\">Ao acessar ou usar o Servi\u00e7o, o cliente concorda em ficar vinculado a estes Termos. Se o cliente n\u00e3o concordar com qualquer parte dos termos, ele n\u00e3o poder\u00e1 acessar o Servi\u00e7o.<\/span><\/p>\n<p class=\"ng-scope\"><strong>\u00a71. Requisitos t\u00e9cnicos<\/strong><\/p>\n<p class=\"ng-scope\">1. No escopo referente ao uso dos recursos do Teamdeck pelos clientes, os Termos e Condi\u00e7\u00f5es dever\u00e3o ser tratados como os \"regulamentos\" mencionados no Artigo 8 da Lei de 18 de julho de 2002 sobre a Presta\u00e7\u00e3o de Servi\u00e7os por Meios Eletr\u00f4nicos (Di\u00e1rio Oficial de 2002, n\u00ba 144, item 1204, conforme emenda).<\/p>\n<p class=\"ng-scope\">2. Os requisitos t\u00e9cnicos dizem respeito aos aspectos t\u00e9cnicos que o cliente deve cumprir para usar o Servi\u00e7o. O cliente deve usar:<\/p>\n<ul class=\"ng-scope\">\n<li>Chrome (vers\u00e3o atual)<\/li>\n<li>Mac \/ Windows<\/li>\n<li>8 GB DE RAM<\/li>\n<li>CPU Intel Core i3 Gen 2 ou posterior<\/li>\n<\/ul>\n<p>3.\u00a0<span style=\"font-weight: 400;\">Para criar uma nova conta, o Cliente deve preencher o formul\u00e1rio e ler e aceitar nossos Termos. O cliente aceita nossos Termos marcando a caixa de sele\u00e7\u00e3o \"Eu li e aceito os Termos e Condi\u00e7\u00f5es\". O cliente tamb\u00e9m pode cantar usando a conta do Podio ou os aplicativos do Google. Cantar usando os servi\u00e7os mencionados significa aceitar estes Termos. \u00a0<\/span><\/p>\n<p class=\"ng-scope\"><strong>\u00a72. Assinaturas<\/strong><\/p>\n<p class=\"ng-scope\"><span style=\"font-weight: 400;\">1. Algumas partes do Servi\u00e7o s\u00e3o cobradas com base em assinatura (\"Assinatura(s)\"). Voc\u00ea ser\u00e1 cobrado antecipadamente em uma base recorrente e peri\u00f3dica (\"Ciclo de Cobran\u00e7a\"). Os ciclos de faturamento s\u00e3o definidos mensal ou anualmente, dependendo do tipo de plano de assinatura que voc\u00ea selecionar ao adquirir uma Assinatura.<\/span><\/p>\n<p class=\"ng-scope\"><span style=\"font-weight: 400;\">2. No final de cada ciclo de faturamento, a assinatura do cliente ser\u00e1 renovada automaticamente sob as mesmas condi\u00e7\u00f5es, a menos que o cliente a cancele ou a Teamdeck a cancele. O cliente pode cancelar a renova\u00e7\u00e3o de sua Assinatura atrav\u00e9s da p\u00e1gina de gerenciamento de conta on-line ou entrando em contato com a equipe de suporte ao cliente da Teamdeck.<\/span><\/p>\n<p><span style=\"font-weight: 400;\">\u00c9 necess\u00e1rio um m\u00e9todo de pagamento v\u00e1lido, incluindo cart\u00e3o de cr\u00e9dito, para processar o pagamento da Assinatura do cliente. O cliente dever\u00e1 fornecer \u00e0 Teamdeck informa\u00e7\u00f5es de faturamento precisas e completas, incluindo nome completo, endere\u00e7o, estado, c\u00f3digo postal, n\u00famero de telefone e uma informa\u00e7\u00e3o de m\u00e9todo de pagamento v\u00e1lido. Ao enviar tais informa\u00e7\u00f5es de pagamento, o cliente autoriza automaticamente a Teamdeck. a cobrar todas as taxas de Assinatura incorridas atrav\u00e9s da conta do cliente para qualquer um desses instrumentos de pagamento.<\/span><\/p>\n<p><span style=\"font-weight: 400;\">3. Caso o faturamento autom\u00e1tico n\u00e3o ocorra por qualquer motivo, a Teamdeck emitir\u00e1 uma fatura eletr\u00f4nica indicando que o cliente dever\u00e1 proceder manualmente, dentro de uma determinada data limite, com o pagamento integral correspondente ao per\u00edodo de faturamento, conforme indicado na fatura.<\/span><\/p>\n<p class=\"ng-scope\"><strong>\u00a73. Julgamento gratuito<\/strong><\/p>\n<p class=\"ng-scope\"><span style=\"font-weight: 400;\">1. A Teamdeck. poder\u00e1, a seu exclusivo crit\u00e9rio, oferecer uma Assinatura com uma avalia\u00e7\u00e3o gratuita por um per\u00edodo limitado de tempo (\"Avalia\u00e7\u00e3o Gratuita\").<\/span><\/p>\n<p class=\"ng-scope\"><span style=\"font-weight: 400;\">2. O Cliente pode ser solicitado a inserir suas informa\u00e7\u00f5es de faturamento e fornecer um n\u00famero de telefone celular v\u00e1lido para se inscrever na Avalia\u00e7\u00e3o Gratuita.<\/p>\n<p>O n\u00famero de telefone celular fornecido ser\u00e1 usado para fins de verifica\u00e7\u00e3o da conta e comunica\u00e7\u00e3o relacionada \u00e0 Avalia\u00e7\u00e3o Gratuita e \u00e0 Assinatura subsequente.<\/p>\n<p>Se o cliente inserir suas informa\u00e7\u00f5es de cobran\u00e7a ao se inscrever para a Avalia\u00e7\u00e3o Gratuita, ele n\u00e3o ser\u00e1 cobrado pela Teamdeck at\u00e9 que a Avalia\u00e7\u00e3o Gratuita tenha expirado. No \u00faltimo dia do per\u00edodo de Avalia\u00e7\u00e3o Gratuita, a menos que o cliente cancele sua Assinatura, ser\u00e3o cobradas automaticamente as taxas de Assinatura aplic\u00e1veis ao tipo de Assinatura selecionado.<\/span><\/p>\n<p><span style=\"font-weight: 400;\">3. A qualquer momento e sem aviso pr\u00e9vio, a Teamdeck se reserva o direito de (i) modificar os termos e condi\u00e7\u00f5es da oferta de Avalia\u00e7\u00e3o Gratuita, ou (ii) cancelar tal oferta de Avalia\u00e7\u00e3o Gratuita.<\/span><\/p>\n<p class=\"ng-scope\"><strong>\u00a74. Altera\u00e7\u00f5es de taxas<\/strong><\/p>\n<p class=\"ng-scope\"><span style=\"font-weight: 400;\">1. A Teamdeck, a seu exclusivo crit\u00e9rio e a qualquer momento, poder\u00e1 modificar as taxas de Assinatura para as Assinaturas. Qualquer altera\u00e7\u00e3o na taxa de Assinatura entrar\u00e1 em vigor no final do Ciclo de Cobran\u00e7a ent\u00e3o vigente.<\/span><\/p>\n<p class=\"ng-scope\"><span style=\"font-weight: 400;\">2. A Teamdeck fornecer\u00e1 ao cliente um aviso pr\u00e9vio razo\u00e1vel de qualquer altera\u00e7\u00e3o nas taxas de Assinatura para lhe dar a oportunidade de rescindir a Assinatura do cliente antes que tal altera\u00e7\u00e3o se torne efetiva.<\/span><\/p>\n<p class=\"ng-scope\"><span style=\"font-weight: 400;\">3. O uso continuado do Servi\u00e7o pelo cliente ap\u00f3s a altera\u00e7\u00e3o da taxa de Assinatura entrar em vigor constitui a concord\u00e2ncia do cliente em pagar o valor modificado da taxa de Assinatura.<\/span><\/p>\n<p class=\"ng-scope\"><strong>\u00a75. Reembolsos<\/strong><\/p>\n<p><span style=\"font-weight: 400;\">Certas solicita\u00e7\u00f5es de reembolso de Assinaturas podem ser consideradas pela Teamdeck caso a caso e concedidas a crit\u00e9rio exclusivo da Teamdeck.<\/span><\/p>\n<p class=\"ng-scope\"><strong>\u00a76. Contas<\/strong><\/p>\n<p class=\"ng-scope\"><span style=\"font-weight: 400;\">1. Quando o cliente cria uma conta conosco, ele deve nos fornecer informa\u00e7\u00f5es precisas, completas e atualizadas em todos os momentos. Se n\u00e3o o fizer, isso constituir\u00e1 uma viola\u00e7\u00e3o dos Termos, o que poder\u00e1 resultar no cancelamento imediato da conta do cliente em nosso Servi\u00e7o.<\/span><\/p>\n<p class=\"ng-scope\"><span style=\"font-weight: 400;\">2. O Cliente \u00e9 respons\u00e1vel por proteger a senha que usa para acessar o Servi\u00e7o e por quaisquer atividades ou a\u00e7\u00f5es realizadas com sua senha, seja ela do nosso Servi\u00e7o ou de um servi\u00e7o de terceiros.<\/span><\/p>\n<p class=\"ng-scope\"><span style=\"font-weight: 400;\">3. O Cliente concorda em n\u00e3o divulgar sua senha a terceiros. O Cliente dever\u00e1 nos notificar imediatamente ao tomar conhecimento de qualquer viola\u00e7\u00e3o de seguran\u00e7a ou uso n\u00e3o autorizado de sua conta.<\/span><\/p>\n<p class=\"ng-scope\"><span style=\"font-weight: 400;\">4. O Cliente n\u00e3o poder\u00e1 usar como nome de usu\u00e1rio o nome de outra pessoa ou entidade ou que n\u00e3o esteja legalmente dispon\u00edvel para uso, um nome ou marca comercial que esteja sujeito a quaisquer direitos de outra pessoa ou entidade que n\u00e3o seja o cliente sem a devida autoriza\u00e7\u00e3o, ou um nome que seja ofensivo, vulgar ou obsceno.<\/span><\/p>\n<p class=\"ng-scope\"><strong>\u00a77. Propriedade intelectual<\/strong><\/p>\n<p><span style=\"font-weight: 400;\">O Servi\u00e7o e seu conte\u00fado original, recursos e funcionalidades s\u00e3o e permanecer\u00e3o de propriedade exclusiva da Teamdeck e de seus licenciadores. O Servi\u00e7o \u00e9 protegido por direitos autorais, marcas registradas e outras leis da Pol\u00f4nia e de pa\u00edses estrangeiros. Nossas marcas registradas e imagem comercial n\u00e3o podem ser usadas em conex\u00e3o com qualquer produto ou servi\u00e7o sem o consentimento pr\u00e9vio por escrito da Teamdeck.<\/span><\/p>\n<p class=\"ng-scope\"><strong>\u00a78. Links para outros sites da Web<\/strong><\/p>\n<p class=\"ng-scope\"><span style=\"font-weight: 400;\">1. Nosso Servi\u00e7o pode conter links para sites ou servi\u00e7os de terceiros que n\u00e3o s\u00e3o de propriedade ou controlados pela Teamdeck.<\/span><\/p>\n<p class=\"ng-scope\"><span style=\"font-weight: 400;\">2. Teamdeck n\u00e3o tem controle sobre, e n\u00e3o assume nenhuma responsabilidade pelo conte\u00fado, pol\u00edticas de privacidade, ou pr\u00e1ticas de quaisquer sites ou servi\u00e7os de terceiros. O cliente tamb\u00e9m reconhece e concorda que a Teamdeck n\u00e3o ser\u00e1 respons\u00e1vel, direta ou indiretamente, por qualquer dano ou perda causada ou supostamente causada por ou em conex\u00e3o com o uso ou confian\u00e7a em qualquer conte\u00fado, bens ou servi\u00e7os dispon\u00edveis em ou atrav\u00e9s de qualquer um desses sites ou servi\u00e7os.<\/span><\/p>\n<p class=\"ng-scope\"><span style=\"font-weight: 400;\">3. Recomendamos enfaticamente que o cliente leia os termos e condi\u00e7\u00f5es e as pol\u00edticas de privacidade de todos os sites ou servi\u00e7os de terceiros que visitar.<\/span><\/p>\n<p class=\"ng-scope\"><strong>\u00a79. Rescis\u00e3o<\/strong><\/p>\n<p class=\"ng-scope\"><span style=\"font-weight: 400;\">1. Poderemos encerrar ou suspender a conta do cliente imediatamente, sem aviso pr\u00e9vio ou responsabilidade, por qualquer motivo, inclusive, sem limita\u00e7\u00e3o, se o cliente violar os Termos.<\/span><\/p>\n<p class=\"ng-scope\"><span style=\"font-weight: 400;\">2. Ap\u00f3s a rescis\u00e3o, o direito do Cliente de usar o Servi\u00e7o cessar\u00e1 imediatamente. Se o cliente desejar encerrar sua conta, ele poder\u00e1 simplesmente interromper o uso do Servi\u00e7o.<\/span><\/p>\n<p class=\"ng-scope\"><strong>\u00a710. Limita\u00e7\u00e3o de responsabilidade<\/strong><\/p>\n<p><span style=\"font-weight: 400;\">Em nenhum caso a Teamdeck nem seus diretores, funcion\u00e1rios, parceiros, agentes, fornecedores ou afiliados ser\u00e3o respons\u00e1veis por quaisquer danos indiretos, incidentais, especiais, consequenciais ou punitivos, incluindo, sem limita\u00e7\u00e3o, perda de lucros, dados, uso, boa vontade ou outras perdas intang\u00edveis, resultantes de (i) seu acesso ou uso ou incapacidade de acessar ou usar o Servi\u00e7o; (ii) qualquer conduta ou conte\u00fado de terceiros no Servi\u00e7o; (iii) qualquer conte\u00fado obtido do Servi\u00e7o; e (iv) acesso n\u00e3o autorizado, uso ou altera\u00e7\u00e3o de suas transmiss\u00f5es ou conte\u00fado, seja com base em garantia, contrato, ato il\u00edcito (inclusive neglig\u00eancia) ou qualquer outra teoria legal, quer tenhamos sido informados ou n\u00e3o da possibilidade de tais danos, e mesmo que um recurso aqui estabelecido tenha falhado em seu prop\u00f3sito essencial.<\/span><\/p>\n<p class=\"ng-scope\"><strong>\u00a711 Isen\u00e7\u00e3o de responsabilidade<\/strong><\/p>\n<p class=\"ng-scope\"><span style=\"font-weight: 400;\">1. Seu uso do Servi\u00e7o \u00e9 por sua conta e risco. O Servi\u00e7o \u00e9 fornecido \"NO ESTADO EM QUE SE ENCONTRA\" e \"CONFORME DISPON\u00cdVEL\". O Servi\u00e7o \u00e9 fornecido sem garantias de qualquer tipo, sejam expressas ou impl\u00edcitas, incluindo, entre outras, garantias impl\u00edcitas de comercializa\u00e7\u00e3o, adequa\u00e7\u00e3o a uma finalidade espec\u00edfica, n\u00e3o viola\u00e7\u00e3o ou curso de desempenho.<\/span><\/p>\n<p class=\"ng-scope\"><span style=\"font-weight: 400;\">2. A Teamdeck, suas subsidi\u00e1rias, afiliadas e seus licenciadores n\u00e3o garantem que a) o Servi\u00e7o funcionar\u00e1 de forma ininterrupta, segura ou dispon\u00edvel em qualquer momento ou local espec\u00edfico; b) quaisquer erros ou defeitos ser\u00e3o corrigidos; c) o Servi\u00e7o est\u00e1 livre de v\u00edrus ou outros componentes prejudiciais; ou d) os resultados do uso do Servi\u00e7o atender\u00e3o \u00e0s suas necessidades.<\/span><\/p>\n<p class=\"ng-scope\"><strong>\u00a712. Legisla\u00e7\u00e3o aplic\u00e1vel<\/strong><\/p>\n<p class=\"ng-scope\"><span style=\"font-weight: 400;\">1. Estes Termos ser\u00e3o regidos e interpretados de acordo com as leis da Pol\u00f4nia, sem levar em conta o conflito de disposi\u00e7\u00f5es legais.<\/span><\/p>\n<p class=\"ng-scope\"><span style=\"font-weight: 400;\">2. Nossa falha em aplicar qualquer direito ou disposi\u00e7\u00e3o destes Termos n\u00e3o ser\u00e1 considerada uma ren\u00fancia a esses direitos. Se qualquer disposi\u00e7\u00e3o destes Termos for considerada inv\u00e1lida ou inexequ\u00edvel por um tribunal, as demais disposi\u00e7\u00f5es destes Termos permanecer\u00e3o em vigor. Estes Termos constituem o acordo integral entre n\u00f3s com rela\u00e7\u00e3o ao nosso Servi\u00e7o e substituem quaisquer acordos anteriores que possamos ter entre n\u00f3s com rela\u00e7\u00e3o ao Servi\u00e7o.<\/span><\/p>\n<p class=\"ng-scope\"><strong>\u00a713. Altera\u00e7\u00f5es<\/strong><\/p>\n<p class=\"ng-scope\"><span style=\"font-weight: 400;\">1. Reservamo-nos o direito, a nosso crit\u00e9rio exclusivo, de modificar ou substituir estes Termos a qualquer momento. Se uma revis\u00e3o for relevante, tentaremos fornecer um aviso pr\u00e9vio de pelo menos 30 dias antes da entrada em vigor dos novos termos. O que constitui uma altera\u00e7\u00e3o substancial ser\u00e1 determinado a nosso crit\u00e9rio exclusivo.<\/span><\/p>\n<p class=\"ng-scope\"><span style=\"font-weight: 400;\">2. Ao continuar a acessar ou usar nosso Servi\u00e7o depois que essas revis\u00f5es entrarem em vigor, voc\u00ea concorda em ficar vinculado aos termos revisados. Se voc\u00ea n\u00e3o concordar com os novos termos, pare de usar o Servi\u00e7o.<\/span><\/p>\n<p class=\"ng-scope\"><strong>\u00a714. Dados pessoais<\/strong><\/p>\n<p class=\"ng-scope\"><span style=\"font-weight: 400;\">1. O Cliente, por meio do registro e do uso do Servi\u00e7o, fornece seus dados pessoais voluntariamente, sendo que o fornecimento desses dados \u00e9 necess\u00e1rio para o uso do Servi\u00e7o e para a cria\u00e7\u00e3o da conta do cliente. O processamento dos dados mencionados acima \u00e9 feito a pedido do cliente e com o seu consentimento.<\/span><\/p>\n<p class=\"ng-scope\"><span style=\"font-weight: 400;\">2. O processamento de dados pessoais pela Teamdeck ocorrer\u00e1 apenas na medida necess\u00e1ria para permitir o acesso adequado aos servi\u00e7os prestados pela Teamdeck e para fins de marketing, caso o Cliente queira receber o servi\u00e7o de newsletter. Os dados pessoais s\u00e3o processados de acordo com a legisla\u00e7\u00e3o aplic\u00e1vel, incluindo o Regulamento (UE) 2016\/679 do Parlamento Europeu e do Conselho, de 27 de abril de 2016, relativo \u00e0 prote\u00e7\u00e3o das pessoas singulares no que diz respeito ao tratamento de dados pessoais e \u00e0 livre circula\u00e7\u00e3o desses dados e \u00e0 revoga\u00e7\u00e3o da Diretiva 95\/46\/CE (regulamento geral sobre a prote\u00e7\u00e3o de dados).<\/span><\/p>\n<p class=\"ng-scope\"><span style=\"font-weight: 400;\">3. Detalhes sobre o escopo e a finalidade do processamento de dados pessoais e os direitos do Usu\u00e1rio podem ser encontrados nas Informa\u00e7\u00f5es sobre Prote\u00e7\u00e3o de Dados (de acordo com o art. 13, par\u00e1grafos 1, 2 e 4 do GDPR), que \u00e9 um documento separado dispon\u00edvel no endere\u00e7o\u00a0<a href=\"https:\/\/teamdeck.io\/pt\/informacoes-sobre-protecao-de-dados\/\">https:\/\/teamdeck.io\/data-protection-information\/<\/a> e em nossa Pol\u00edtica de Prote\u00e7\u00e3o de Dados, que constitui um documento separado dispon\u00edvel no endere\u00e7o\u00a0<a href=\"https:\/\/teamdeck.io\/pt\/politica-de-protecao-de-dados\/\">https:\/\/teamdeck.io\/data-protection-policy\/<\/a> .<\/span><\/p>\n<p>4. Durante o TESTE GRATUITO, os dados do usu\u00e1rio, incluindo o n\u00famero de telefone fornecido, s\u00e3o usados para dar suporte aos usu\u00e1rios no uso do Teamdeck, na integra\u00e7\u00e3o, no fornecimento de informa\u00e7\u00f5es sobre os (novos) recursos e atualiza\u00e7\u00f5es\/melhorias do Teamdecks, produtos, bem como, quando aplic\u00e1vel, informa\u00e7\u00f5es sobre o status da conta e faturamento, e para realizar pesquisas com clientes para melhorar a qualidade do servi\u00e7o. Para esse fim, a Teamdeck pode entrar em contato com os usu\u00e1rios por e-mail ou pelo n\u00famero de telefone fornecido.<\/p>\n\n\t\t<\/div>\n\t<\/div>\n<div class=\"vc_empty_space\"   style=\"height: 32px\" ><span class=\"vc_empty_space_inner\"><\/span><\/div>\n<\/div><\/div><\/div><\/div>","protected":false},"excerpt":{"rendered":"Termos e Condi\u00e7\u00f5es (\"Termos\") Leia estes Termos e Condi\u00e7\u00f5es (\"Termos\", \"Termos e Condi\u00e7\u00f5es\") com aten\u00e7\u00e3o antes de usar o site https:\/\/teamdeck.io (o \"Servi\u00e7o\") operado pela Teamdeck sp. z o.o. (\"n\u00f3s\", \"nos\", \"Teamdeck\" ou \"nosso\") com sede registrada...","protected":false},"author":17,"featured_media":0,"parent":0,"menu_order":0,"comment_status":"closed","ping_status":"closed","template":"","meta":{"footnotes":""},"class_list":["post-2849","page","type-page","status-publish","hentry"],"yoast_head":"<!-- This site is optimized with the Yoast SEO Premium plugin v23.8 (Yoast SEO v24.3) - https:\/\/yoast.com\/wordpress\/plugins\/seo\/ -->\n<title>Teamdeck - Terms and Conditions<\/title>\n<meta name=\"description\" content=\"If you are Teamdeck\u2019s new user, please read the following Terms and Conditions carefully. By accessing or using the Service you agree to these Terms.\" \/>\n<meta name=\"robots\" content=\"index, follow, max-snippet:-1, max-image-preview:large, max-video-preview:-1\" \/>\n<link rel=\"canonical\" href=\"https:\/\/teamdeck.io\/pt\/termos-e-condicoes\/\" \/>\n<meta property=\"og:locale\" content=\"pt_BR\" \/>\n<meta property=\"og:type\" content=\"article\" \/>\n<meta property=\"og:title\" content=\"Teamdeck - Terms and Conditions\" \/>\n<meta property=\"og:description\" content=\"If you are Teamdeck\u2019s new user, please read the following Terms and Conditions carefully. By accessing or using the Service you agree to these Terms.\" \/>\n<meta property=\"og:url\" content=\"https:\/\/teamdeck.io\/pt\/termos-e-condicoes\/\" \/>\n<meta property=\"og:site_name\" content=\"Teamdeck\" \/>\n<meta property=\"article:publisher\" content=\"https:\/\/www.facebook.com\/helloteamdeck\" \/>\n<meta property=\"article:modified_time\" content=\"2024-10-17T08:30:32+00:00\" \/>\n<meta property=\"og:image\" content=\"https:\/\/cdn.teamdeck.io\/uploads\/website\/2017\/09\/teamdeck-share.png\" \/>\n<meta name=\"twitter:card\" content=\"summary_large_image\" \/>\n<meta name=\"twitter:title\" content=\"Teamdeck - Terms and Conditions\" \/>\n<meta name=\"twitter:description\" content=\"If you are Teamdeck\u2019s new user, please read the following Terms and Conditions carefully. By accessing or using the Service you agree to these Terms.\" \/>\n<meta name=\"twitter:image\" content=\"https:\/\/cdn.teamdeck.io\/uploads\/website\/2017\/09\/teamdeck-share.png\" \/>\n<meta name=\"twitter:site\" content=\"@helloteamdeck\" \/>\n<meta name=\"twitter:label1\" content=\"Est. reading time\" \/>\n\t<meta name=\"twitter:data1\" content=\"9 minutes\" \/>\n<script type=\"application\/ld+json\" class=\"yoast-schema-graph\">{\"@context\":\"https:\/\/schema.org\",\"@graph\":[{\"@type\":\"WebPage\",\"@id\":\"https:\/\/teamdeck.io\/terms-and-conditions\/\",\"url\":\"https:\/\/teamdeck.io\/terms-and-conditions\/\",\"name\":\"Teamdeck - Terms and Conditions\",\"isPartOf\":{\"@id\":\"https:\/\/teamdeck.io\/#website\"},\"datePublished\":\"2017-09-07T09:34:10+00:00\",\"dateModified\":\"2024-10-17T08:30:32+00:00\",\"description\":\"If you are Teamdeck\u2019s new user, please read the following Terms and Conditions carefully. By accessing or using the Service you agree to these Terms.\",\"breadcrumb\":{\"@id\":\"https:\/\/teamdeck.io\/terms-and-conditions\/#breadcrumb\"},\"inLanguage\":\"pt-BR\",\"potentialAction\":[{\"@type\":\"ReadAction\",\"target\":[\"https:\/\/teamdeck.io\/terms-and-conditions\/\"]}]},{\"@type\":\"BreadcrumbList\",\"@id\":\"https:\/\/teamdeck.io\/terms-and-conditions\/#breadcrumb\",\"itemListElement\":[{\"@type\":\"ListItem\",\"position\":1,\"name\":\"Home\",\"item\":\"https:\/\/teamdeck.io\/\"},{\"@type\":\"ListItem\",\"position\":2,\"name\":\"Terms and Conditions\"}]},{\"@type\":\"WebSite\",\"@id\":\"https:\/\/teamdeck.io\/#website\",\"url\":\"https:\/\/teamdeck.io\/\",\"name\":\"Teamdeck\",\"description\":\"resource scheduling + time tracking + leave management\",\"potentialAction\":[{\"@type\":\"SearchAction\",\"target\":{\"@type\":\"EntryPoint\",\"urlTemplate\":\"https:\/\/teamdeck.io\/?s={search_term_string}\"},\"query-input\":{\"@type\":\"PropertyValueSpecification\",\"valueRequired\":true,\"valueName\":\"search_term_string\"}}],\"inLanguage\":\"pt-BR\"}]}<\/script>\n<!-- \/ Yoast SEO Premium plugin. -->","yoast_head_json":{"title":"Teamdeck - Terms and Conditions","description":"If you are Teamdeck\u2019s new user, please read the following Terms and Conditions carefully. By accessing or using the Service you agree to these Terms.","robots":{"index":"index","follow":"follow","max-snippet":"max-snippet:-1","max-image-preview":"max-image-preview:large","max-video-preview":"max-video-preview:-1"},"canonical":"https:\/\/teamdeck.io\/pt\/termos-e-condicoes\/","og_locale":"pt_BR","og_type":"article","og_title":"Teamdeck - Terms and Conditions","og_description":"If you are Teamdeck\u2019s new user, please read the following Terms and Conditions carefully. By accessing or using the Service you agree to these Terms.","og_url":"https:\/\/teamdeck.io\/pt\/termos-e-condicoes\/","og_site_name":"Teamdeck","article_publisher":"https:\/\/www.facebook.com\/helloteamdeck","article_modified_time":"2024-10-17T08:30:32+00:00","og_image":[{"url":"https:\/\/cdn.teamdeck.io\/uploads\/website\/2017\/09\/teamdeck-share.png","type":"","width":"","height":""}],"twitter_card":"summary_large_image","twitter_title":"Teamdeck - Terms and Conditions","twitter_description":"If you are Teamdeck\u2019s new user, please read the following Terms and Conditions carefully. By accessing or using the Service you agree to these Terms.","twitter_image":"https:\/\/cdn.teamdeck.io\/uploads\/website\/2017\/09\/teamdeck-share.png","twitter_site":"@helloteamdeck","twitter_misc":{"Est. reading time":"9 minutes"},"schema":{"@context":"https:\/\/schema.org","@graph":[{"@type":"WebPage","@id":"https:\/\/teamdeck.io\/terms-and-conditions\/","url":"https:\/\/teamdeck.io\/terms-and-conditions\/","name":"Teamdeck - Terms and Conditions","isPartOf":{"@id":"https:\/\/teamdeck.io\/#website"},"datePublished":"2017-09-07T09:34:10+00:00","dateModified":"2024-10-17T08:30:32+00:00","description":"If you are Teamdeck\u2019s new user, please read the following Terms and Conditions carefully. By accessing or using the Service you agree to these Terms.","breadcrumb":{"@id":"https:\/\/teamdeck.io\/terms-and-conditions\/#breadcrumb"},"inLanguage":"pt-BR","potentialAction":[{"@type":"ReadAction","target":["https:\/\/teamdeck.io\/terms-and-conditions\/"]}]},{"@type":"BreadcrumbList","@id":"https:\/\/teamdeck.io\/terms-and-conditions\/#breadcrumb","itemListElement":[{"@type":"ListItem","position":1,"name":"Home","item":"https:\/\/teamdeck.io\/"},{"@type":"ListItem","position":2,"name":"Terms and Conditions"}]},{"@type":"WebSite","@id":"https:\/\/teamdeck.io\/#website","url":"https:\/\/teamdeck.io\/","name":"Teamdeck","description":"resource scheduling + time tracking + leave management","potentialAction":[{"@type":"SearchAction","target":{"@type":"EntryPoint","urlTemplate":"https:\/\/teamdeck.io\/?s={search_term_string}"},"query-input":{"@type":"PropertyValueSpecification","valueRequired":true,"valueName":"search_term_string"}}],"inLanguage":"pt-BR"}]}},"_links":{"self":[{"href":"https:\/\/teamdeck.io\/pt\/wp-json\/wp\/v2\/pages\/2849","targetHints":{"allow":["GET"]}}],"collection":[{"href":"https:\/\/teamdeck.io\/pt\/wp-json\/wp\/v2\/pages"}],"about":[{"href":"https:\/\/teamdeck.io\/pt\/wp-json\/wp\/v2\/types\/page"}],"author":[{"embeddable":true,"href":"https:\/\/teamdeck.io\/pt\/wp-json\/wp\/v2\/users\/17"}],"replies":[{"embeddable":true,"href":"https:\/\/teamdeck.io\/pt\/wp-json\/wp\/v2\/comments?post=2849"}],"version-history":[{"count":7,"href":"https:\/\/teamdeck.io\/pt\/wp-json\/wp\/v2\/pages\/2849\/revisions"}],"predecessor-version":[{"id":13398,"href":"https:\/\/teamdeck.io\/pt\/wp-json\/wp\/v2\/pages\/2849\/revisions\/13398"}],"wp:attachment":[{"href":"https:\/\/teamdeck.io\/pt\/wp-json\/wp\/v2\/media?parent=2849"}],"curies":[{"name":"wp","href":"https:\/\/api.w.org\/{rel}","templated":true}]}}