{"id":12549,"date":"2023-12-06T10:47:54","date_gmt":"2023-12-06T08:47:54","guid":{"rendered":"https:\/\/teamdeck.io\/?page_id=12549"},"modified":"2023-12-06T16:09:05","modified_gmt":"2023-12-06T14:09:05","slug":"account-removal","status":"publish","type":"page","link":"https:\/\/teamdeck.io\/pt\/remocao-de-conta\/","title":{"rendered":"Remo\u00e7\u00e3o de conta"},"content":{"rendered":"<p>\u00a0<\/p>\n<p>\u00a0<\/p>\n<p>\u00a0<\/p>\n<p>Entendemos que as circunst\u00e2ncias mudam, assim como as prefer\u00eancias. Se voc\u00ea decidiu que \u00e9 hora de se separar de n\u00f3s, estamos aqui para ajud\u00e1-lo no processo de remo\u00e7\u00e3o da conta. Siga as etapas simples abaixo para iniciar sua solicita\u00e7\u00e3o de remo\u00e7\u00e3o de conta:<\/p>\n<p>\u00a0<\/p>\n<h2>Etapa 1: Escreva um e-mail<\/h2>\n<p>Abra seu cliente de e-mail preferido e crie uma nova mensagem. Envie-a para contact@teamdeck.io. Use a linha de assunto: \"Solicita\u00e7\u00e3o de remo\u00e7\u00e3o de conta - [Seu nome de usu\u00e1rio]\".<\/p>\n<p>\u00a0<\/p>\n<h2>Etapa 2: Inclua as informa\u00e7\u00f5es necess\u00e1rias<\/h2>\n<p>No corpo do e-mail, forne\u00e7a os seguintes detalhes para garantir um processo tranquilo:<\/p>\n<p>Seu nome completo registrado<br \/>Endere\u00e7o de e-mail registrado<br \/>Motivo da remo\u00e7\u00e3o da conta (opcional, mas apreciado para nosso aprimoramento cont\u00ednuo)<\/p>\n<p>\u00a0<\/p>\n<h2>Etapa 3: Verifique sua identidade<\/h2>\n<p>Para garantir a seguran\u00e7a de sua conta, anexe uma c\u00f3pia digitalizada de um documento de identidade emitido pelo governo ou qualquer outro documento de identifica\u00e7\u00e3o que confirme sua identidade. Essa etapa \u00e9 fundamental para proteger sua conta contra remo\u00e7\u00e3o n\u00e3o autorizada.<\/p>\n<p>\u00a0<\/p>\n<h2>Etapa 4: Enviar e aguardar a confirma\u00e7\u00e3o<\/h2>\n<p>Depois de compilar as informa\u00e7\u00f5es necess\u00e1rias, clique em \"Enviar\". Nossa equipe de suporte dedicada analisar\u00e1 sua solicita\u00e7\u00e3o imediatamente. Voc\u00ea receber\u00e1 um e-mail de confirma\u00e7\u00e3o dentro de [Especifique o prazo] para confirmar o in\u00edcio do processo de remo\u00e7\u00e3o da conta.<\/p>\n<p>\u00a0<\/p>\n<h2>Etapa 5: Confirmar a remo\u00e7\u00e3o<\/h2>\n<p>Ao receber o e-mail de confirma\u00e7\u00e3o, siga as instru\u00e7\u00f5es adicionais fornecidas para finalizar a remo\u00e7\u00e3o da conta. Essa etapa foi criada para verificar novamente sua decis\u00e3o e garantir que o processo esteja alinhado com suas inten\u00e7\u00f5es.<\/p>\n<p>\u00a0<\/p>\n<p>\u00a0<\/p>\n<p>\u00a0<\/p>","protected":false},"excerpt":{"rendered":"\u00a0 \u00a0 \u00a0 Entendemos que as circunst\u00e2ncias mudam, assim como as prefer\u00eancias. Se voc\u00ea decidiu que \u00e9 hora de se separar de n\u00f3s, estamos aqui para ajud\u00e1-lo no processo de remo\u00e7\u00e3o da conta. Siga as etapas simples abaixo...","protected":false},"author":17,"featured_media":0,"parent":0,"menu_order":0,"comment_status":"closed","ping_status":"closed","template":"","meta":{"footnotes":""},"class_list":["post-12549","page","type-page","status-publish","hentry"],"yoast_head":"<!-- This site is optimized with the Yoast SEO Premium plugin v23.8 (Yoast SEO v24.3) - https:\/\/yoast.com\/wordpress\/plugins\/seo\/ -->\n<title>Account Removal - Teamdeck<\/title>\n<meta name=\"robots\" content=\"index, follow, max-snippet:-1, max-image-preview:large, max-video-preview:-1\" \/>\n<link rel=\"canonical\" href=\"https:\/\/teamdeck.io\/pt\/remocao-de-conta\/\" \/>\n<meta property=\"og:locale\" content=\"pt_BR\" \/>\n<meta property=\"og:type\" content=\"article\" \/>\n<meta property=\"og:title\" content=\"Account Removal\" \/>\n<meta property=\"og:description\" content=\"\u00a0 \u00a0 \u00a0 We understand that circumstances change, and so do preferences. If you&#8217;ve decided it&#8217;s time to part ways with us, we&#8217;re here to assist you through the account removal process. Follow the simple steps below...\" \/>\n<meta property=\"og:url\" content=\"https:\/\/teamdeck.io\/pt\/remocao-de-conta\/\" \/>\n<meta property=\"og:site_name\" content=\"Teamdeck\" \/>\n<meta property=\"article:publisher\" content=\"https:\/\/www.facebook.com\/helloteamdeck\" \/>\n<meta property=\"article:modified_time\" content=\"2023-12-06T14:09:05+00:00\" \/>\n<meta name=\"twitter:card\" content=\"summary_large_image\" \/>\n<meta name=\"twitter:site\" content=\"@helloteamdeck\" \/>\n<meta name=\"twitter:label1\" content=\"Est. reading time\" \/>\n\t<meta name=\"twitter:data1\" content=\"1 minute\" \/>\n<script type=\"application\/ld+json\" class=\"yoast-schema-graph\">{\"@context\":\"https:\/\/schema.org\",\"@graph\":[{\"@type\":\"WebPage\",\"@id\":\"https:\/\/teamdeck.io\/account-removal\/\",\"url\":\"https:\/\/teamdeck.io\/account-removal\/\",\"name\":\"Account Removal - Teamdeck\",\"isPartOf\":{\"@id\":\"https:\/\/teamdeck.io\/#website\"},\"datePublished\":\"2023-12-06T08:47:54+00:00\",\"dateModified\":\"2023-12-06T14:09:05+00:00\",\"breadcrumb\":{\"@id\":\"https:\/\/teamdeck.io\/account-removal\/#breadcrumb\"},\"inLanguage\":\"pt-BR\",\"potentialAction\":[{\"@type\":\"ReadAction\",\"target\":[\"https:\/\/teamdeck.io\/account-removal\/\"]}]},{\"@type\":\"BreadcrumbList\",\"@id\":\"https:\/\/teamdeck.io\/account-removal\/#breadcrumb\",\"itemListElement\":[{\"@type\":\"ListItem\",\"position\":1,\"name\":\"Home\",\"item\":\"https:\/\/teamdeck.io\/\"},{\"@type\":\"ListItem\",\"position\":2,\"name\":\"Account Removal\"}]},{\"@type\":\"WebSite\",\"@id\":\"https:\/\/teamdeck.io\/#website\",\"url\":\"https:\/\/teamdeck.io\/\",\"name\":\"Teamdeck\",\"description\":\"resource scheduling + time tracking + leave management\",\"potentialAction\":[{\"@type\":\"SearchAction\",\"target\":{\"@type\":\"EntryPoint\",\"urlTemplate\":\"https:\/\/teamdeck.io\/?s={search_term_string}\"},\"query-input\":{\"@type\":\"PropertyValueSpecification\",\"valueRequired\":true,\"valueName\":\"search_term_string\"}}],\"inLanguage\":\"pt-BR\"}]}<\/script>\n<!-- \/ Yoast SEO Premium plugin. -->","yoast_head_json":{"title":"Account Removal - Teamdeck","robots":{"index":"index","follow":"follow","max-snippet":"max-snippet:-1","max-image-preview":"max-image-preview:large","max-video-preview":"max-video-preview:-1"},"canonical":"https:\/\/teamdeck.io\/pt\/remocao-de-conta\/","og_locale":"pt_BR","og_type":"article","og_title":"Account Removal","og_description":"\u00a0 \u00a0 \u00a0 We understand that circumstances change, and so do preferences. If you&#8217;ve decided it&#8217;s time to part ways with us, we&#8217;re here to assist you through the account removal process. Follow the simple steps below...","og_url":"https:\/\/teamdeck.io\/pt\/remocao-de-conta\/","og_site_name":"Teamdeck","article_publisher":"https:\/\/www.facebook.com\/helloteamdeck","article_modified_time":"2023-12-06T14:09:05+00:00","twitter_card":"summary_large_image","twitter_site":"@helloteamdeck","twitter_misc":{"Est. reading time":"1 minute"},"schema":{"@context":"https:\/\/schema.org","@graph":[{"@type":"WebPage","@id":"https:\/\/teamdeck.io\/account-removal\/","url":"https:\/\/teamdeck.io\/account-removal\/","name":"Account Removal - Teamdeck","isPartOf":{"@id":"https:\/\/teamdeck.io\/#website"},"datePublished":"2023-12-06T08:47:54+00:00","dateModified":"2023-12-06T14:09:05+00:00","breadcrumb":{"@id":"https:\/\/teamdeck.io\/account-removal\/#breadcrumb"},"inLanguage":"pt-BR","potentialAction":[{"@type":"ReadAction","target":["https:\/\/teamdeck.io\/account-removal\/"]}]},{"@type":"BreadcrumbList","@id":"https:\/\/teamdeck.io\/account-removal\/#breadcrumb","itemListElement":[{"@type":"ListItem","position":1,"name":"Home","item":"https:\/\/teamdeck.io\/"},{"@type":"ListItem","position":2,"name":"Account Removal"}]},{"@type":"WebSite","@id":"https:\/\/teamdeck.io\/#website","url":"https:\/\/teamdeck.io\/","name":"Teamdeck","description":"resource scheduling + time tracking + leave management","potentialAction":[{"@type":"SearchAction","target":{"@type":"EntryPoint","urlTemplate":"https:\/\/teamdeck.io\/?s={search_term_string}"},"query-input":{"@type":"PropertyValueSpecification","valueRequired":true,"valueName":"search_term_string"}}],"inLanguage":"pt-BR"}]}},"_links":{"self":[{"href":"https:\/\/teamdeck.io\/pt\/wp-json\/wp\/v2\/pages\/12549","targetHints":{"allow":["GET"]}}],"collection":[{"href":"https:\/\/teamdeck.io\/pt\/wp-json\/wp\/v2\/pages"}],"about":[{"href":"https:\/\/teamdeck.io\/pt\/wp-json\/wp\/v2\/types\/page"}],"author":[{"embeddable":true,"href":"https:\/\/teamdeck.io\/pt\/wp-json\/wp\/v2\/users\/17"}],"replies":[{"embeddable":true,"href":"https:\/\/teamdeck.io\/pt\/wp-json\/wp\/v2\/comments?post=12549"}],"version-history":[{"count":4,"href":"https:\/\/teamdeck.io\/pt\/wp-json\/wp\/v2\/pages\/12549\/revisions"}],"predecessor-version":[{"id":12553,"href":"https:\/\/teamdeck.io\/pt\/wp-json\/wp\/v2\/pages\/12549\/revisions\/12553"}],"wp:attachment":[{"href":"https:\/\/teamdeck.io\/pt\/wp-json\/wp\/v2\/media?parent=12549"}],"curies":[{"name":"wp","href":"https:\/\/api.w.org\/{rel}","templated":true}]}}