{"id":4392,"date":"2019-01-15T16:31:41","date_gmt":"2019-01-15T14:31:41","guid":{"rendered":"https:\/\/teamdeck.io\/?page_id=4392"},"modified":"2022-04-06T16:46:04","modified_gmt":"2022-04-06T14:46:04","slug":"product-tour-videos","status":"publish","type":"page","link":"https:\/\/teamdeck.io\/pl\/filmy-prezentujace-produkty\/","title":{"rendered":"Wycieczka po produktach - filmy"},"content":{"rendered":"<div data-vc-full-width=\"true\" data-vc-full-width-init=\"false\" class=\"vc_row wpb_row vc_row-fluid redl-row-section vc_custom_1547563317853 padding-default bgv-default bgh-default halign-default\"><div class=\"wpb_column vc_column_container text-center vc_col-sm-6 padding-medium bgv-default bgh-center halign-center\"><div class=\"vc_column-inner\"><div class=\"wpb_wrapper\">\n\t<div class=\"wpb_text_column wpb_content_element\" >\n\t\t<div class=\"wpb_wrapper\">\n\t\t\t<h1 style=\"text-align: left;\">Wycieczki po produktach<\/h1>\n\n\t\t<\/div>\n\t<\/div>\n\n\t<div class=\"wpb_text_column wpb_content_element  vc_custom_1649255942586\" >\n\t\t<div class=\"wpb_wrapper\">\n\t\t\t<p style=\"text-align: left;\"><span style=\"font-size: 18px;\">Zapoznaj si\u0119 z podstawowymi funkcjami Teamdeck, aby w pe\u0142ni wykorzysta\u0107 mo\u017cliwo\u015bci narz\u0119dzia. <\/span><\/p>\n<p style=\"text-align: left;\"><span style=\"font-size: 18px;\"><strong>Wybierz temat<\/strong> <strong>poni\u017cej<\/strong> i obejrzyj kr\u00f3tki film, kt\u00f3ry poprowadzi Ci\u0119 przez aplikacj\u0119.<\/span><\/p>\n\n\t\t<\/div>\n\t<\/div>\n<\/div><\/div><\/div><div class=\"wpb_column vc_column_container text-left vc_col-sm-6 padding-default bgv-default bgh-default halign-default\"><div class=\"vc_column-inner\"><div class=\"wpb_wrapper\">\n\t<div  class=\"wpb_single_image wpb_content_element vc_align_center\">\n\t\t\n\t\t<figure class=\"wpb_wrapper vc_figure\">\n\t\t\t<div class=\"vc_single_image-wrapper   vc_box_border_grey\"><img loading=\"lazy\" decoding=\"async\" width=\"1036\" height=\"747\" src=\"https:\/\/cdn.teamdeck.io\/uploads\/website\/2022\/03\/02201110\/product_tour_hero_videos-e1547553065198-1.png\" class=\"vc_single_image-img attachment-large\" alt=\"\" srcset=\"https:\/\/cdn.teamdeck.io\/uploads\/website\/2022\/03\/02201110\/product_tour_hero_videos-e1547553065198-1.png 1036w, https:\/\/cdn.teamdeck.io\/uploads\/website\/2022\/03\/02201110\/product_tour_hero_videos-e1547553065198-1-300x216.png 300w, https:\/\/cdn.teamdeck.io\/uploads\/website\/2022\/03\/02201110\/product_tour_hero_videos-e1547553065198-1-768x554.png 768w\" sizes=\"auto, (max-width: 1036px) 100vw, 1036px\" \/><\/div>\n\t\t<\/figure>\n\t<\/div>\n<\/div><\/div><\/div><\/div><div class=\"vc_row-full-width vc_clearfix\"><\/div><div class=\"vc_row wpb_row vc_row-fluid redl-row-section vc_custom_1526287266181 padding-large bgv-default bgh-default halign-default\"><div class=\"wpb_column vc_column_container text-left vc_col-sm-12 padding-default bgv-default bgh-default halign-default\"><div class=\"vc_column-inner\"><div class=\"wpb_wrapper\"><div class=\"vc_empty_space\"   style=\"height: 32px\" ><span class=\"vc_empty_space_inner\"><\/span><\/div>\n\n\t<div class=\"wpb_text_column wpb_content_element\" >\n\t\t<div class=\"wpb_wrapper\">\n\t\t\t<p style=\"text-align: center;\"><span class=\"message\">Zapraszamy na wycieczk\u0119:<\/span><\/p>\n\n\t\t<\/div>\n\t<\/div>\n<div class=\"vc_empty_space\"   style=\"height: 32px\" ><span class=\"vc_empty_space_inner\"><\/span><\/div>\n<\/div><\/div><\/div><\/div><div data-vc-full-width=\"true\" data-vc-full-width-init=\"false\" class=\"vc_row wpb_row vc_row-fluid redl-row-section feature-row vc_custom_1504100640393 vc_row-o-equal-height vc_row-o-content-middle vc_row-flex padding-medium bgv-default bgh-default halign-center\"><div class=\"feature-image wpb_column vc_column_container text-left vc_col-sm-7 vc_col-lg-6 padding-default bgv-default bgh-default halign-default\"><div class=\"vc_column-inner\"><div class=\"wpb_wrapper\">\n\t<div class=\"wpb_text_column wpb_content_element\" >\n\t\t<div class=\"wpb_wrapper\">\n\t\t\t<p><iframe loading=\"lazy\" src=\"\/\/www.youtube.com\/embed\/4TaHr0HZBcg\" width=\"560\" height=\"314\" allowfullscreen=\"allowfullscreen\"><\/iframe><\/p>\n\n\t\t<\/div>\n\t<\/div>\n<\/div><\/div><\/div><div class=\"feature-info wpb_column vc_column_container text-left vc_col-sm-5 vc_col-lg-4 padding-small bgv-default bgh-default halign-default\"><div class=\"vc_column-inner\"><div class=\"wpb_wrapper\">\n\t<div class=\"wpb_text_column wpb_content_element\" >\n\t\t<div class=\"wpb_wrapper\">\n\t\t\t<p><span style=\"font-size: 18px; text-transform: uppercase;\"><b>Co teamdeck mo\u017ce dla ciebie zrobi\u0107?<\/b><\/span><\/p>\n<p>Szybki przegl\u0105d naszego oprogramowania do planowania zasob\u00f3w. Planowanie zespo\u0142u, projekty, karty czasu pracy, \u015bledzenie czasu, niestandardowe pola, konfigurowalne szablony raport\u00f3w itp. Te i inne funkcje zosta\u0142y przedstawione w tym filmie.<\/p>\n\n\t\t<\/div>\n\t<\/div>\n<\/div><\/div><\/div><\/div><div class=\"vc_row-full-width vc_clearfix\"><\/div><div data-vc-full-width=\"true\" data-vc-full-width-init=\"false\" class=\"vc_row wpb_row vc_row-fluid redl-row-section feature-row vc_custom_1504100640393 vc_row-o-equal-height vc_row-o-content-middle vc_row-flex padding-medium bgv-default bgh-default halign-center\"><div class=\"feature-image wpb_column vc_column_container text-left vc_col-sm-7 vc_col-lg-6 padding-default bgv-default bgh-default halign-default\"><div class=\"vc_column-inner\"><div class=\"wpb_wrapper\">\n\t<div class=\"wpb_text_column wpb_content_element\" >\n\t\t<div class=\"wpb_wrapper\">\n\t\t\t<div style=\"position: relative; padding-bottom: 56.25%; width: 100%;\"><iframe loading=\"lazy\" style=\"position: absolute; top: 0; bottom: 0; left: 0; right: 0; width: 100%; height: 100%;\" src=\"https:\/\/www.youtube.com\/embed\/tteYeUfYmOg\" width=\"300\" height=\"150\" frameborder=\"0\" allowfullscreen=\"allowfullscreen\"><\/iframe><\/div>\n\n\t\t<\/div>\n\t<\/div>\n<\/div><\/div><\/div><div class=\"feature-info wpb_column vc_column_container text-left vc_col-sm-5 vc_col-lg-4 padding-small bgv-default bgh-default halign-default\"><div class=\"vc_column-inner\"><div class=\"wpb_wrapper\">\n\t<div class=\"wpb_text_column wpb_content_element\" >\n\t\t<div class=\"wpb_wrapper\">\n\t\t\t<p><span style=\"font-size: 18px; text-transform: uppercase;\"><b>skonfiguruj swoj\u0105 organizacj\u0119<\/b><\/span><\/p>\n<p>Skonfiguruj przestrze\u0144 dla swojej firmy, aby m\u00f3c przypisywa\u0107 projekty do odpowiednich cz\u0142onk\u00f3w zespo\u0142u. Dodawaj projekty i pracownik\u00f3w, poznaj r\u00f3\u017cne role u\u017cytkownik\u00f3w w Teamdeck i tw\u00f3rz niestandardowe pola do filtrowania os\u00f3b lub projekt\u00f3w.<\/p>\n\n\t\t<\/div>\n\t<\/div>\n<\/div><\/div><\/div><\/div><div class=\"vc_row-full-width vc_clearfix\"><\/div><div data-vc-full-width=\"true\" data-vc-full-width-init=\"false\" class=\"vc_row wpb_row vc_row-fluid redl-row-section feature-row vc_custom_1504100640393 vc_row-o-equal-height vc_row-o-content-middle vc_row-flex padding-medium bgv-default bgh-default halign-center\"><div class=\"feature-image wpb_column vc_column_container text-left vc_col-sm-7 vc_col-lg-6 padding-default bgv-default bgh-default halign-default\"><div class=\"vc_column-inner\"><div class=\"wpb_wrapper\">\n\t<div class=\"wpb_text_column wpb_content_element\" >\n\t\t<div class=\"wpb_wrapper\">\n\t\t\t<div style=\"position: relative; padding-bottom: 56.25%; width: 100%;\"><iframe loading=\"lazy\" style=\"position: absolute; top: 0; bottom: 0; left: 0; right: 0; width: 100%; height: 100%;\" src=\"https:\/\/www.youtube.com\/embed\/bSNMh2CGKYc\" width=\"300\" height=\"150\" frameborder=\"0\" allowfullscreen=\"allowfullscreen\"><\/iframe><\/div>\n\n\t\t<\/div>\n\t<\/div>\n<\/div><\/div><\/div><div class=\"feature-info wpb_column vc_column_container text-left vc_col-sm-5 vc_col-lg-4 padding-small bgv-default bgh-default halign-default\"><div class=\"vc_column-inner\"><div class=\"wpb_wrapper\">\n\t<div class=\"wpb_text_column wpb_content_element\" >\n\t\t<div class=\"wpb_wrapper\">\n\t\t\t<p><span style=\"font-size: 18px; text-transform: uppercase;\"><b>POZNAJ FUNKCJE KALENDARZA<\/b><\/span><\/p>\n<p>Zapoznaj si\u0119 z widokiem kalendarza w Teamdeck. Dowiedz si\u0119, jak dodawa\u0107 rezerwacje, wpisy czasu i dni wolne. Nast\u0119pnie zobacz, jak mo\u017cesz wykorzysta\u0107 paski dost\u0119pno\u015bci do zarz\u0105dzania obci\u0105\u017ceniem zespo\u0142u.<\/p>\n\n\t\t<\/div>\n\t<\/div>\n<\/div><\/div><\/div><\/div><div class=\"vc_row-full-width vc_clearfix\"><\/div><div data-vc-full-width=\"true\" data-vc-full-width-init=\"false\" class=\"vc_row wpb_row vc_row-fluid redl-row-section feature-row vc_custom_1504100640393 vc_row-o-equal-height vc_row-o-content-middle vc_row-flex padding-medium bgv-default bgh-default halign-center\"><div class=\"feature-image wpb_column vc_column_container text-left vc_col-sm-7 vc_col-lg-6 padding-default bgv-default bgh-default halign-default\"><div class=\"vc_column-inner\"><div class=\"wpb_wrapper\">\n\t<div class=\"wpb_text_column wpb_content_element\" >\n\t\t<div class=\"wpb_wrapper\">\n\t\t\t<div style=\"position: relative; padding-bottom: 56.25%; width: 100%;\"><iframe loading=\"lazy\" style=\"position: absolute; top: 0; bottom: 0; left: 0; right: 0; width: 100%; height: 100%;\" src=\"https:\/\/www.youtube.com\/embed\/OasxmOETEcg\" width=\"300\" height=\"150\" frameborder=\"0\" allowfullscreen=\"allowfullscreen\"><\/iframe><\/div>\n\n\t\t<\/div>\n\t<\/div>\n<\/div><\/div><\/div><div class=\"feature-info wpb_column vc_column_container text-left vc_col-sm-5 vc_col-lg-4 padding-small bgv-default bgh-default halign-default\"><div class=\"vc_column-inner\"><div class=\"wpb_wrapper\">\n\t<div class=\"wpb_text_column wpb_content_element\" >\n\t\t<div class=\"wpb_wrapper\">\n\t\t\t<p><span style=\"font-size: 18px; text-transform: uppercase;\"><b>UZYSKA\u0106 WGL\u0104D W WYNIKI SWOJEJ FIRMY<br \/>\n<\/b><\/span><span style=\"font-size: 18px; text-transform: uppercase;\"><b><br \/>\n<\/b><\/span>Korzystaj z raport\u00f3w Teamdeck, aby \u015bledzi\u0107 wska\u017aniki KPI swojego zespo\u0142u, udost\u0119pnia\u0107 wyniki innym i planowa\u0107 przysz\u0142\u0105 prac\u0119 w oparciu o dane.<\/p>\n\n\t\t<\/div>\n\t<\/div>\n<\/div><\/div><\/div><\/div><div class=\"vc_row-full-width vc_clearfix\"><\/div><div data-vc-full-width=\"true\" data-vc-full-width-init=\"false\" class=\"vc_row wpb_row vc_row-fluid redl-row-section feature-row vc_custom_1504100640393 vc_row-o-equal-height vc_row-o-content-middle vc_row-flex padding-medium bgv-default bgh-default halign-center\"><div class=\"feature-image wpb_column vc_column_container text-left vc_col-sm-7 vc_col-lg-6 padding-default bgv-default bgh-default halign-default\"><div class=\"vc_column-inner\"><div class=\"wpb_wrapper\">\n\t<div class=\"wpb_text_column wpb_content_element\" >\n\t\t<div class=\"wpb_wrapper\">\n\t\t\t<div style=\"position: relative; padding-bottom: 56.25%; width: 100%;\"><iframe loading=\"lazy\" style=\"position: absolute; top: 0; bottom: 0; left: 0; right: 0; width: 100%; height: 100%;\" src=\"https:\/\/www.youtube.com\/embed\/_hlzymvBDuY\" width=\"300\" height=\"150\" frameborder=\"0\" allowfullscreen=\"allowfullscreen\"><\/iframe><\/div>\n\n\t\t<\/div>\n\t<\/div>\n<\/div><\/div><\/div><div class=\"feature-info wpb_column vc_column_container text-left vc_col-sm-5 vc_col-lg-4 padding-small bgv-default bgh-default halign-default\"><div class=\"vc_column-inner\"><div class=\"wpb_wrapper\">\n\t<div class=\"wpb_text_column wpb_content_element\" >\n\t\t<div class=\"wpb_wrapper\">\n\t\t\t<p><span style=\"font-size: 18px; text-transform: uppercase;\"><b>ZARZ\u0104DZAJ ZASOBAMI I PROJEKTAMI W SWOJEJ FIRMIE<\/b><\/span><\/p>\n<p>Planuj, optymalizuj i mierz prac\u0119 swoich zespo\u0142\u00f3w w Teamdeck. Od planowania po raportowanie, Teamdeck zapewnia wsparcie dla Ciebie i Twojego zespo\u0142u, pomagaj\u0105c Ci szybko dotrze\u0107 do potrzebnych zasob\u00f3w i uzyska\u0107 istotne dane na temat Twojego projektu.<\/p>\n\n\t\t<\/div>\n\t<\/div>\n<\/div><\/div><\/div><\/div><div class=\"vc_row-full-width vc_clearfix\"><\/div><div data-vc-full-width=\"true\" data-vc-full-width-init=\"false\" class=\"vc_row wpb_row vc_row-fluid redl-row-section feature-row vc_custom_1504100640393 vc_row-o-equal-height vc_row-o-content-middle vc_row-flex padding-medium bgv-default bgh-default halign-center\"><div class=\"feature-image wpb_column vc_column_container text-left vc_col-sm-7 vc_col-lg-6 padding-default bgv-default bgh-default halign-default\"><div class=\"vc_column-inner\"><div class=\"wpb_wrapper\">\n\t<div class=\"wpb_text_column wpb_content_element\" >\n\t\t<div class=\"wpb_wrapper\">\n\t\t\t<div style=\"position: relative; padding-bottom: 56.25%; width: 100%;\"><iframe loading=\"lazy\" style=\"position: absolute; top: 0; bottom: 0; left: 0; right: 0; width: 100%; height: 100%;\" src=\"https:\/\/www.youtube.com\/embed\/cY1YHg9UlLg\" width=\"300\" height=\"150\" frameborder=\"0\" allowfullscreen=\"allowfullscreen\"><\/iframe><\/div>\n\n\t\t<\/div>\n\t<\/div>\n<\/div><\/div><\/div><div class=\"feature-info wpb_column vc_column_container text-left vc_col-sm-5 vc_col-lg-4 padding-small bgv-default bgh-default halign-default\"><div class=\"vc_column-inner\"><div class=\"wpb_wrapper\">\n\t<div class=\"wpb_text_column wpb_content_element\" >\n\t\t<div class=\"wpb_wrapper\">\n\t\t\t<p><span style=\"font-size: 18px; text-transform: uppercase;\"><b>INTEGRACJA TEAMDECK ZE SLACK<br \/>\n<\/b><\/span><span style=\"font-size: 18px; text-transform: uppercase;\"><b><br \/>\n<\/b><\/span>Otrzymuj powiadomienia o pro\u015bbach o urlop bezpo\u015brednio na wybranym kanale Slack.<\/p>\n\n\t\t<\/div>\n\t<\/div>\n<\/div><\/div><\/div><\/div><div class=\"vc_row-full-width vc_clearfix\"><\/div><div data-vc-full-width=\"true\" data-vc-full-width-init=\"false\" class=\"vc_row wpb_row vc_row-fluid redl-row-section feature-row vc_custom_1504100640393 vc_row-o-equal-height vc_row-o-content-middle vc_row-flex padding-medium bgv-default bgh-default halign-center\"><div class=\"wpb_column vc_column_container text-left vc_col-sm-12 padding-default bgv-default bgh-default halign-default\"><div class=\"vc_column-inner\"><div class=\"wpb_wrapper\"><div class=\"vc_empty_space\"   style=\"height: 32px\" ><span class=\"vc_empty_space_inner\"><\/span><\/div>\n<\/div><\/div><\/div><div class=\"feature-image wpb_column vc_column_container text-left vc_col-sm-6 vc_col-lg-6 padding-default bgv-default bgh-default halign-default\"><div class=\"vc_column-inner\"><div class=\"wpb_wrapper\">\n\t<div class=\"wpb_text_column wpb_content_element\" >\n\t\t<div class=\"wpb_wrapper\">\n\t\t\t<p style=\"text-align: center;\"><strong><span class=\"message\">Masz wi\u0119cej pyta\u0144? <\/span><\/strong><\/p>\n<p style=\"text-align: center;\"><span class=\"message\">Zapraszamy do kontaktu z nami!<\/span><\/p>\n\n\t\t<\/div>\n\t<\/div>\n<div class=\"vc_empty_space\"   style=\"height: 20px\" ><span class=\"vc_empty_space_inner\"><\/span><\/div>\n<\/div><\/div><\/div><div class=\"wpb_column vc_column_container text-left vc_col-sm-6 padding-default bgv-default bgh-default halign-default\"><div class=\"vc_column-inner\"><div class=\"wpb_wrapper\">\n\t<div class=\"wpb_text_column wpb_content_element\" >\n\t\t<div class=\"wpb_wrapper\">\n\t\t\t<div class=\"testimonial__content\">\n<p style=\"text-align: justify;\">Uwielbiamy fakt, \u017ce niezale\u017cnie od tego, jaki mamy problem, zawsze jest kto\u015b po drugiej stronie platformy, gotowy do pomocy, wsparcia, wyja\u015bnienia i ch\u0119tny do wys\u0142uchania opinii, kt\u00f3re cz\u0119sto s\u0105 wdra\u017cane w nast\u0119pnym wydaniu! To tak, jakby Teamdeck by\u0142 zbudowany wok\u00f3\u0142 ciebie, a ty jeste\u015b aktywn\u0105 cz\u0119\u015bci\u0105 procesu ulepszania.<\/p>\n<p style=\"text-align: justify;\"><\/div>\n<div class=\"testimonial__author\" style=\"text-align: justify;\"><strong><span class=\"testimonial__author-name\">LUISA TATOLI<\/span><\/strong><\/div>\n<div class=\"testimonial__author\" style=\"text-align: justify;\"><span class=\"testimonial__author-job\">PARTNER ZARZ\u0104DZAJ\u0104CY W ROLL STUDIO<\/span><\/div>\n\n\t\t<\/div>\n\t<\/div>\n<\/div><\/div><\/div><\/div><div class=\"vc_row-full-width vc_clearfix\"><\/div><div data-vc-full-width=\"true\" data-vc-full-width-init=\"false\" class=\"vc_row wpb_row vc_row-fluid redl-row-section footer-message-row vc_custom_1502964176474 vc_row-has-fill vc_row-o-equal-height vc_row-flex padding-medium bgv-default bgh-default halign-default\"><div class=\"wpb_column vc_column_container text-center vc_col-sm-12 vc_col-lg-8 vc_col-md-9 padding-default bgv-default bgh-default halign-default\"><div class=\"vc_column-inner\"><div class=\"wpb_wrapper\">\n\t<div class=\"wpb_text_column wpb_content_element\" >\n\t\t<div class=\"wpb_wrapper\">\n\t\t\t<p><span class=\"message\">Wejd\u017a na pok\u0142ad i zacznij zarz\u0105dza\u0107 swoj\u0105 firm\u0105 na wy\u017cszym poziomie. <\/span><\/p>\n\n\t\t<\/div>\n\t<\/div>\n<a class=\"redl-btn  redl-btn-border redl-btn-two  redl-btn-medium redl-btn-69ecb9ea635d1 btn-hover-one btn-icon-left signup-bottom\" href=\"https:\/\/app.teamdeck.io\/register\">Bezp\u0142atny okres pr\u00f3bny<\/a><\/div><\/div><\/div><\/div><div class=\"vc_row-full-width vc_clearfix\"><\/div>","protected":false},"excerpt":{"rendered":"Wycieczki po produkcie Zapoznaj si\u0119 z podstawowymi funkcjami Teamdeck, aby w pe\u0142ni wykorzysta\u0107 mo\u017cliwo\u015bci narz\u0119dzia. Wybierz temat poni\u017cej, kt\u00f3ry chcesz zbada\u0107 i obejrzyj kr\u00f3tki film, kt\u00f3ry poprowadzi Ci\u0119 przez aplikacj\u0119. We\u017a...","protected":false},"author":6,"featured_media":0,"parent":0,"menu_order":0,"comment_status":"closed","ping_status":"closed","template":"","meta":{"footnotes":""},"class_list":["post-4392","page","type-page","status-publish","hentry"],"yoast_head":"<!-- This site is optimized with the Yoast SEO Premium plugin v23.8 (Yoast SEO v24.3) - https:\/\/yoast.com\/wordpress\/plugins\/seo\/ -->\n<title>Teamdeck - Product Tour Videos<\/title>\n<meta name=\"description\" content=\"Teamdeck\u2019s product tour videos will help you explore the tools\u2019 core features and adopt best practices early on. Take the tour.\" \/>\n<meta name=\"robots\" content=\"index, follow, max-snippet:-1, max-image-preview:large, max-video-preview:-1\" \/>\n<link rel=\"canonical\" href=\"https:\/\/teamdeck.io\/pl\/filmy-prezentujace-produkty\/\" \/>\n<meta property=\"og:locale\" content=\"pl_PL\" \/>\n<meta property=\"og:type\" content=\"article\" \/>\n<meta property=\"og:title\" content=\"Product Tour - Videos\" \/>\n<meta property=\"og:description\" content=\"Teamdeck\u2019s product tour videos will help you explore the tools\u2019 core features and adopt best practices early on. Take the tour.\" \/>\n<meta property=\"og:url\" content=\"https:\/\/teamdeck.io\/pl\/filmy-prezentujace-produkty\/\" \/>\n<meta property=\"og:site_name\" content=\"Teamdeck\" \/>\n<meta property=\"article:publisher\" content=\"https:\/\/www.facebook.com\/helloteamdeck\" \/>\n<meta property=\"article:modified_time\" content=\"2022-04-06T14:46:04+00:00\" \/>\n<meta name=\"twitter:card\" content=\"summary_large_image\" \/>\n<meta name=\"twitter:site\" content=\"@helloteamdeck\" \/>\n<meta name=\"twitter:label1\" content=\"Est. reading time\" \/>\n\t<meta name=\"twitter:data1\" content=\"3 minutes\" \/>\n<script type=\"application\/ld+json\" class=\"yoast-schema-graph\">{\"@context\":\"https:\/\/schema.org\",\"@graph\":[{\"@type\":\"WebPage\",\"@id\":\"https:\/\/teamdeck.io\/product-tour-videos\/\",\"url\":\"https:\/\/teamdeck.io\/product-tour-videos\/\",\"name\":\"Teamdeck - Product Tour Videos\",\"isPartOf\":{\"@id\":\"https:\/\/teamdeck.io\/#website\"},\"datePublished\":\"2019-01-15T14:31:41+00:00\",\"dateModified\":\"2022-04-06T14:46:04+00:00\",\"description\":\"Teamdeck\u2019s product tour videos will help you explore the tools\u2019 core features and adopt best practices early on. Take the tour.\",\"breadcrumb\":{\"@id\":\"https:\/\/teamdeck.io\/product-tour-videos\/#breadcrumb\"},\"inLanguage\":\"pl-PL\",\"potentialAction\":[{\"@type\":\"ReadAction\",\"target\":[\"https:\/\/teamdeck.io\/product-tour-videos\/\"]}]},{\"@type\":\"BreadcrumbList\",\"@id\":\"https:\/\/teamdeck.io\/product-tour-videos\/#breadcrumb\",\"itemListElement\":[{\"@type\":\"ListItem\",\"position\":1,\"name\":\"Home\",\"item\":\"https:\/\/teamdeck.io\/\"},{\"@type\":\"ListItem\",\"position\":2,\"name\":\"Product Tour &#8211; Videos\"}]},{\"@type\":\"WebSite\",\"@id\":\"https:\/\/teamdeck.io\/#website\",\"url\":\"https:\/\/teamdeck.io\/\",\"name\":\"Teamdeck\",\"description\":\"resource scheduling + time tracking + leave management\",\"potentialAction\":[{\"@type\":\"SearchAction\",\"target\":{\"@type\":\"EntryPoint\",\"urlTemplate\":\"https:\/\/teamdeck.io\/?s={search_term_string}\"},\"query-input\":{\"@type\":\"PropertyValueSpecification\",\"valueRequired\":true,\"valueName\":\"search_term_string\"}}],\"inLanguage\":\"pl-PL\"}]}<\/script>\n<!-- \/ Yoast SEO Premium plugin. -->","yoast_head_json":{"title":"Teamdeck - Product Tour Videos","description":"Teamdeck\u2019s product tour videos will help you explore the tools\u2019 core features and adopt best practices early on. Take the tour.","robots":{"index":"index","follow":"follow","max-snippet":"max-snippet:-1","max-image-preview":"max-image-preview:large","max-video-preview":"max-video-preview:-1"},"canonical":"https:\/\/teamdeck.io\/pl\/filmy-prezentujace-produkty\/","og_locale":"pl_PL","og_type":"article","og_title":"Product Tour - Videos","og_description":"Teamdeck\u2019s product tour videos will help you explore the tools\u2019 core features and adopt best practices early on. Take the tour.","og_url":"https:\/\/teamdeck.io\/pl\/filmy-prezentujace-produkty\/","og_site_name":"Teamdeck","article_publisher":"https:\/\/www.facebook.com\/helloteamdeck","article_modified_time":"2022-04-06T14:46:04+00:00","twitter_card":"summary_large_image","twitter_site":"@helloteamdeck","twitter_misc":{"Est. reading time":"3 minutes"},"schema":{"@context":"https:\/\/schema.org","@graph":[{"@type":"WebPage","@id":"https:\/\/teamdeck.io\/product-tour-videos\/","url":"https:\/\/teamdeck.io\/product-tour-videos\/","name":"Teamdeck - Product Tour Videos","isPartOf":{"@id":"https:\/\/teamdeck.io\/#website"},"datePublished":"2019-01-15T14:31:41+00:00","dateModified":"2022-04-06T14:46:04+00:00","description":"Teamdeck\u2019s product tour videos will help you explore the tools\u2019 core features and adopt best practices early on. Take the tour.","breadcrumb":{"@id":"https:\/\/teamdeck.io\/product-tour-videos\/#breadcrumb"},"inLanguage":"pl-PL","potentialAction":[{"@type":"ReadAction","target":["https:\/\/teamdeck.io\/product-tour-videos\/"]}]},{"@type":"BreadcrumbList","@id":"https:\/\/teamdeck.io\/product-tour-videos\/#breadcrumb","itemListElement":[{"@type":"ListItem","position":1,"name":"Home","item":"https:\/\/teamdeck.io\/"},{"@type":"ListItem","position":2,"name":"Product Tour &#8211; Videos"}]},{"@type":"WebSite","@id":"https:\/\/teamdeck.io\/#website","url":"https:\/\/teamdeck.io\/","name":"Teamdeck","description":"resource scheduling + time tracking + leave management","potentialAction":[{"@type":"SearchAction","target":{"@type":"EntryPoint","urlTemplate":"https:\/\/teamdeck.io\/?s={search_term_string}"},"query-input":{"@type":"PropertyValueSpecification","valueRequired":true,"valueName":"search_term_string"}}],"inLanguage":"pl-PL"}]}},"_links":{"self":[{"href":"https:\/\/teamdeck.io\/pl\/wp-json\/wp\/v2\/pages\/4392","targetHints":{"allow":["GET"]}}],"collection":[{"href":"https:\/\/teamdeck.io\/pl\/wp-json\/wp\/v2\/pages"}],"about":[{"href":"https:\/\/teamdeck.io\/pl\/wp-json\/wp\/v2\/types\/page"}],"author":[{"embeddable":true,"href":"https:\/\/teamdeck.io\/pl\/wp-json\/wp\/v2\/users\/6"}],"replies":[{"embeddable":true,"href":"https:\/\/teamdeck.io\/pl\/wp-json\/wp\/v2\/comments?post=4392"}],"version-history":[{"count":106,"href":"https:\/\/teamdeck.io\/pl\/wp-json\/wp\/v2\/pages\/4392\/revisions"}],"predecessor-version":[{"id":10178,"href":"https:\/\/teamdeck.io\/pl\/wp-json\/wp\/v2\/pages\/4392\/revisions\/10178"}],"wp:attachment":[{"href":"https:\/\/teamdeck.io\/pl\/wp-json\/wp\/v2\/media?parent=4392"}],"curies":[{"name":"wp","href":"https:\/\/api.w.org\/{rel}","templated":true}]}}