{"id":2853,"date":"2017-09-07T12:08:23","date_gmt":"2017-09-07T10:08:23","guid":{"rendered":"https:\/\/teamdeck.io\/?page_id=2853"},"modified":"2024-04-08T13:08:17","modified_gmt":"2024-04-08T11:08:17","slug":"privacy-policy","status":"publish","type":"page","link":"https:\/\/teamdeck.io\/pl\/polityka-prywatnosci\/","title":{"rendered":"Polityka prywatno\u015bci"},"content":{"rendered":"<div class=\"vc_row wpb_row vc_row-fluid redl-row-section padding-default bgv-default bgh-default halign-default\"><div class=\"wpb_column vc_column_container text-left vc_col-sm-12 padding-default bgv-default bgh-default halign-default\"><div class=\"vc_column-inner\"><div class=\"wpb_wrapper\"><div class=\"vc_empty_space\"   style=\"height: 32px\" ><span class=\"vc_empty_space_inner\"><\/span><\/div>\n\n\t<div class=\"wpb_text_column wpb_content_element\" >\n\t\t<div class=\"wpb_wrapper\">\n\t\t\t<h1 class=\"ng-scope\" style=\"text-align: center;\">Polityka prywatno\u015bci<\/h1>\n<p class=\"ng-scope\" style=\"text-align: center;\"><small>Ostatnia aktualizacja: 30 stycznia 2024 r.<\/small><\/p>\n\n\t\t<\/div>\n\t<\/div>\n<div class=\"vc_empty_space\"   style=\"height: 32px\" ><span class=\"vc_empty_space_inner\"><\/span><\/div>\n\n\t<div class=\"wpb_text_column wpb_content_element\" >\n\t\t<div class=\"wpb_wrapper\">\n\t\t\t<p class=\"ng-scope\">Teamdeck sp. z o.o. (\"my\", \"nas\" lub \"nasz\") z siedzib\u0105 przy ul: Nowowiejskiego 55, 61-734 Pozna\u0144, Polska, NIP: 7831750055, REGON: 365865326, zarejestrowana w S\u0105dzie Rejonowym Pozna\u0144 - Nowe Miasto I Wilda w Poznaniu, VIII Wydzia\u0142 Gospodarczy Krajowego Rejestru S\u0105dowego, zarejestrowana w rejestrze przedsi\u0119biorc\u00f3w (KRS) pod nr. 0000646426 prowadzi serwis internetowy https:\/\/teamdeck.io (\"Serwis\").<\/p>\n<p class=\"ng-scope\">Niniejsza strona zawiera informacje na temat naszych zasad dotycz\u0105cych gromadzenia, wykorzystywania i ujawniania Danych osobowych podczas korzystania z naszej Us\u0142ugi.<\/p>\n<p class=\"ng-scope\">Nie b\u0119dziemy wykorzystywa\u0107 ani udost\u0119pnia\u0107 danych u\u017cytkownika nikomu, z wyj\u0105tkiem przypadk\u00f3w opisanych w niniejszej Polityce prywatno\u015bci.<\/p>\n<p class=\"ng-scope\">Wykorzystujemy dane osobowe u\u017cytkownika w celu \u015bwiadczenia i ulepszania Us\u0142ugi. Korzystaj\u0105c z Us\u0142ugi, u\u017cytkownik wyra\u017ca zgod\u0119 na gromadzenie i wykorzystywanie informacji zgodnie z niniejsz\u0105 polityk\u0105. O ile w niniejszej Polityce Prywatno\u015bci nie okre\u015blono inaczej, terminy u\u017cyte w niniejszej Polityce Prywatno\u015bci maj\u0105 takie samo znaczenie, jak w naszych Warunkach, dost\u0119pnych pod adresem https:\/\/teamdeck.io.<\/p>\n<p class=\"ng-scope\">Teamdeck sp. z o.o. jest sp\u00f3\u0142k\u0105 prawa polskiego i w zwi\u0105zku z tym przestrzega przepis\u00f3w prawa polskiego, w szczeg\u00f3lno\u015bci ustawy z dnia 29 sierpnia 1997 r. o ochronie danych osobowych (Dz. U. Nr 133, poz. 883, z p\u00f3\u017an. zm.).<\/p>\n<p class=\"ng-scope\"><strong>\u00a71. Gromadzenie i wykorzystywanie informacji<\/strong><\/p>\n<p class=\"ng-scope\">Podczas korzystania z naszej Us\u0142ugi mo\u017cemy poprosi\u0107 klienta o podanie nam pewnych danych osobowych, kt\u00f3re mog\u0105 by\u0107 wykorzystane do skontaktowania si\u0119 z klientem lub jego identyfikacji. Dane osobowe mog\u0105 obejmowa\u0107 mi\u0119dzy innymi adres e-mail klienta, imi\u0119 i nazwisko, numer telefonu, adres pocztowy (\"Dane osobowe\").<\/p>\n<p class=\"ng-scope\"><strong>\u00a72. Dane dziennika<\/strong><\/p>\n<p class=\"ng-scope\">1. Mo\u017cemy r\u00f3wnie\u017c gromadzi\u0107 informacje, kt\u00f3re przegl\u0105darka klienta wysy\u0142a za ka\u017cdym razem, gdy klient odwiedza nasz\u0105 Us\u0142ug\u0119 (\"Dane dziennika\"). Te dane dziennika mog\u0105 zawiera\u0107 takie informacje, jak adres protoko\u0142u internetowego (\"IP\") komputera klienta, typ przegl\u0105darki, wersja przegl\u0105darki, strony naszego Serwisu odwiedzane przez klienta, godzina i data wizyty klienta, czas sp\u0119dzony na tych stronach i inne statystyki.<\/p>\n<p class=\"ng-scope\">2. Ponadto mo\u017cemy korzysta\u0107 z us\u0142ug stron trzecich, takich jak Google Analytics, kt\u00f3re zbieraj\u0105, monitoruj\u0105 i analizuj\u0105 tego typu informacje w celu zwi\u0119kszenia funkcjonalno\u015bci naszej Us\u0142ugi. Ci zewn\u0119trzni dostawcy us\u0142ug maj\u0105 w\u0142asne polityki prywatno\u015bci dotycz\u0105ce sposobu wykorzystywania takich informacji.<\/p>\n<p><strong class=\"ng-scope\">\u00a73. Pliki cookie<\/strong><\/p>\n<p class=\"ng-scope\">1. Pliki cookie to pliki zawieraj\u0105ce niewielk\u0105 ilo\u015b\u0107 danych, kt\u00f3re mog\u0105 zawiera\u0107 anonimowy unikalny identyfikator. Pliki cookie s\u0105 wysy\u0142ane do przegl\u0105darki klienta ze strony internetowej i przechowywane na dysku twardym komputera klienta.<\/p>\n<p class=\"ng-scope\">2. U\u017cywamy plik\u00f3w \"cookies\" do zbierania informacji. Klient mo\u017ce poinstruowa\u0107 swoj\u0105 przegl\u0105dark\u0119, aby odrzuca\u0142a wszystkie pliki cookie lub wskazywa\u0142a, kiedy plik cookie jest wysy\u0142any. Je\u015bli jednak klient nie zaakceptuje plik\u00f3w cookie, mo\u017ce nie by\u0107 w stanie korzysta\u0107 z niekt\u00f3rych cz\u0119\u015bci naszej Us\u0142ugi.<\/p>\n<p class=\"ng-scope\"><strong>\u00a74. Remarketing behawioralny<\/strong><\/p>\n<p class=\"ng-scope\">1. Teamdeck sp. z o.o. korzysta z us\u0142ug remarketingowych, aby reklamowa\u0107 si\u0119 na stronach internetowych os\u00f3b trzecich klientom, kt\u00f3rzy odwiedzili nasz Serwis. My i nasi zewn\u0119trzni dostawcy u\u017cywamy plik\u00f3w cookie do informowania, optymalizacji i wy\u015bwietlania reklam w oparciu o wcze\u015bniejsze wizyty klienta w naszym Serwisie.<\/p>\n<ul>\n<li><strong>Google<\/strong><\/li>\n<\/ul>\n<p style=\"padding-left: 30px;\">Us\u0142uga remarketingu Google AdWords jest \u015bwiadczona przez Google Inc.<\/p>\n<p style=\"padding-left: 30px;\">Mo\u017cesz zrezygnowa\u0107 z Google Analytics dla reklam displayowych i dostosowa\u0107 reklamy w sieci reklamowej Google, odwiedzaj\u0105c stron\u0119 ustawie\u0144 Google Ads: http:\/\/www.google.com\/settings\/ads.<\/p>\n<p style=\"padding-left: 30px;\">Google zaleca r\u00f3wnie\u017c zainstalowanie dodatku do przegl\u0105darki Google Analytics Opt-out Browser Add-on - https:\/\/tools.google.com\/dlpage\/gaoptout - dla przegl\u0105darki internetowej. Google Analytics Opt-out Browser Add-on zapewnia odwiedzaj\u0105cym mo\u017cliwo\u015b\u0107 zapobiegania gromadzeniu i wykorzystywaniu ich danych przez Google Analytics.<\/p>\n<p style=\"padding-left: 30px;\">Wi\u0119cej informacji na temat praktyk Google w zakresie ochrony prywatno\u015bci mo\u017cna znale\u017a\u0107 na stronie internetowej Google Privacy &amp; Terms: http:\/\/www.google.com\/intl\/en\/policies\/privacy\/.<\/p>\n<ul>\n<li><strong><strong>Facebook<\/strong><\/strong><\/li>\n<\/ul>\n<p style=\"padding-left: 30px;\"><strong><strong><br \/>\n<\/strong><\/strong><br \/>\nUs\u0142uga remarketingu na Facebooku jest \u015bwiadczona przez Facebook Inc.<\/p>\n<p style=\"padding-left: 30px;\">Wi\u0119cej informacji na temat reklam opartych na zainteresowaniach od Facebooka mo\u017cna znale\u017a\u0107 na tej stronie: https:\/\/www.facebook.com\/help\/164968693837950.<\/p>\n<p style=\"padding-left: 30px;\">Aby zrezygnowa\u0107 z reklam Facebooka opartych na zainteresowaniach, post\u0119puj zgodnie z instrukcjami Facebooka: https:\/\/www.facebook.com\/about\/ads\/#568137493302217<\/p>\n<p style=\"padding-left: 30px;\">Facebook przestrzega zasad samoregulacji w zakresie reklamy behawioralnej online ustanowionych przez Digital Advertising Alliance. U\u017cytkownik mo\u017ce r\u00f3wnie\u017c zrezygnowa\u0107 z us\u0142ug Facebooka i innych uczestnicz\u0105cych firm za po\u015brednictwem Digital Advertising Alliance w USA http:\/\/www.aboutads.info\/choices\/, Digital Advertising Alliance of Canada w Kanadzie http:\/\/youradchoices.ca\/ lub European Interactive Digital Advertising Alliance w Europie http:\/\/www.youronlinechoices.eu\/ lub zrezygnowa\u0107 za pomoc\u0105 ustawie\u0144 urz\u0105dzenia mobilnego.<\/p>\n<p style=\"padding-left: 30px;\">Wi\u0119cej informacji na temat praktyk Facebooka w zakresie ochrony prywatno\u015bci mo\u017cna znale\u017a\u0107 w Polityce prywatno\u015bci Facebooka: https:\/\/www.facebook.com\/privacy\/explanation.<\/p>\n<p class=\"ng-scope\"><strong>\u00a75. Us\u0142ugodawcy<\/strong><\/p>\n<p class=\"ng-scope\">1. Mo\u017cemy zatrudnia\u0107 firmy i osoby trzecie w celu u\u0142atwienia korzystania z naszej Us\u0142ugi, \u015bwiadczenia Us\u0142ugi w naszym imieniu, \u015bwiadczenia us\u0142ug zwi\u0105zanych z Us\u0142ug\u0105 lub pomagania nam w analizowaniu sposobu korzystania z naszej Us\u0142ugi.<\/p>\n<p class=\"ng-scope\">2. Te osoby trzecie maj\u0105 dost\u0119p do Danych osobowych klient\u00f3w wy\u0142\u0105cznie w celu wykonywania tych zada\u0144 w naszym imieniu i s\u0105 zobowi\u0105zane do nieujawniania ani niewykorzystywania ich w \u017cadnym innym celu.<\/p>\n<p class=\"ng-scope\"><strong>\u00a76. Komunikacja<\/strong><\/p>\n<p class=\"ng-scope\">Mo\u017cemy wykorzystywa\u0107 dane osobowe klienta do kontaktowania si\u0119 z nim w celu przesy\u0142ania mu biuletyn\u00f3w, materia\u0142\u00f3w marketingowych lub promocyjnych oraz innych informacji, kt\u00f3re mog\u0105 by\u0107 dla niego interesuj\u0105ce. Klient mo\u017ce zrezygnowa\u0107 z otrzymywania od nas jakiejkolwiek lub wszystkich tych wiadomo\u015bci, korzystaj\u0105c z \u0142\u0105cza rezygnacji z subskrypcji lub instrukcji podanych w ka\u017cdej wysy\u0142anej przez nas wiadomo\u015bci e-mail.<\/p>\n<p class=\"ng-scope\"><strong>\u00a77. Zgodno\u015b\u0107 z przepisami prawa<\/strong><\/p>\n<p class=\"ng-scope\">Ujawnimy Dane osobowe klienta, je\u015bli b\u0119dzie to wymagane przez prawo lub wezwanie s\u0105dowe lub je\u015bli uznamy, \u017ce takie dzia\u0142anie jest konieczne do przestrzegania prawa i uzasadnionych \u017c\u0105da\u0144 organ\u00f3w \u015bcigania lub w celu ochrony bezpiecze\u0144stwa lub integralno\u015bci naszej Us\u0142ugi.<\/p>\n<p class=\"ng-scope\"><strong>\u00a78. Transakcje handlowe<\/strong><\/p>\n<p class=\"ng-scope\">Je\u015bli Teamdeck sp. z o.o. jest zaanga\u017cowana w fuzj\u0119, przej\u0119cie lub sprzeda\u017c aktyw\u00f3w, dane osobowe klient\u00f3w mog\u0105 zosta\u0107 przekazane. Powiadomimy o tym, zanim Dane Osobowe klienta zostan\u0105 przeniesione i b\u0119d\u0105 podlega\u0107 innej Polityce Prywatno\u015bci.<\/p>\n<p class=\"ng-scope\"><strong>\u00a79. Bezpiecze\u0144stwo<\/strong><\/p>\n<p class=\"ng-scope\">Bezpiecze\u0144stwo danych osobowych klient\u00f3w jest dla nas wa\u017cne, ale nale\u017cy pami\u0119ta\u0107, \u017ce \u017cadna metoda transmisji przez Internet ani metoda elektronicznego przechowywania danych nie jest bezpieczna. Chocia\u017c staramy si\u0119 wykorzystywa\u0107 komercyjnie akceptowalne \u015brodki w celu ochrony danych osobowych klient\u00f3w, nie mo\u017cemy zagwarantowa\u0107 ich ca\u0142kowitego bezpiecze\u0144stwa.<\/p>\n<p class=\"ng-scope\"><strong>\u00a710.Transfer mi\u0119dzynarodowy<\/strong><\/p>\n<p class=\"ng-scope\">1. Informacje o klientach, w tym Dane Osobowe, mog\u0105 by\u0107 przekazywane i przechowywane na komputerach znajduj\u0105cych si\u0119 poza stanem, prowincj\u0105, krajem lub inn\u0105 jurysdykcj\u0105 rz\u0105dow\u0105 u\u017cytkownika, w kt\u00f3rej przepisy dotycz\u0105ce ochrony danych mog\u0105 r\u00f3\u017cni\u0107 si\u0119 od przepis\u00f3w obowi\u0105zuj\u0105cych w jurysdykcji u\u017cytkownika.<\/p>\n<p class=\"ng-scope\">2. Je\u015bli klient znajduje si\u0119 poza Polsk\u0105 i zdecyduje si\u0119 przekaza\u0107 nam informacje, nale\u017cy pami\u0119ta\u0107, \u017ce przekazujemy te informacje, w tym Dane Osobowe, do Polski i tam je przetwarzamy.<\/p>\n<p class=\"ng-scope\">3. Zgoda klienta na niniejsz\u0105 Polityk\u0119 prywatno\u015bci, po kt\u00f3rej nast\u0119puje przekazanie takich informacji przez klienta, stanowi zgod\u0119 klienta na takie przekazanie i zgod\u0119 klienta.<\/p>\n<p class=\"ng-scope\"><strong>\u00a711 Linki do innych stron<\/strong><\/p>\n<p class=\"ng-scope\">1. Nasza us\u0142uga mo\u017ce zawiera\u0107 \u0142\u0105cza do innych witryn, kt\u00f3re nie s\u0105 przez nas obs\u0142ugiwane. Je\u015bli klient kliknie \u0142\u0105cze strony trzeciej, zostanie przekierowany do witryny tej strony trzeciej. Zdecydowanie zalecamy klientowi zapoznanie si\u0119 z Polityk\u0105 prywatno\u015bci ka\u017cdej odwiedzanej przez niego witryny.<\/p>\n<p class=\"ng-scope\">2. Nie mamy kontroli i nie ponosimy odpowiedzialno\u015bci za tre\u015bci, polityk\u0119 prywatno\u015bci lub praktyki stron lub us\u0142ug stron trzecich.<\/p>\n<p class=\"ng-scope\"><strong>\u00a712. Prywatno\u015b\u0107 dzieci<\/strong><\/p>\n<p class=\"ng-scope\">1. Nasza Us\u0142uga nie jest skierowana do os\u00f3b poni\u017cej 13 roku \u017cycia (\"Dzieci\").<\/p>\n<p class=\"ng-scope\">2. Nie gromadzimy \u015bwiadomie danych osobowych dzieci poni\u017cej 13 roku \u017cycia. Je\u015bli jeste\u015b rodzicem lub opiekunem i wiesz, \u017ce Twoje dzieci przekaza\u0142y nam Dane osobowe, skontaktuj si\u0119 z nami. Je\u015bli dowiemy si\u0119, \u017ce zebrali\u015bmy Dane osobowe od dzieci w wieku poni\u017cej 13 lat bez weryfikacji zgody rodzic\u00f3w, podejmiemy kroki w celu usuni\u0119cia tych informacji z naszych serwer\u00f3w.<\/p>\n<p class=\"ng-scope\"><strong>\u00a713. Zmiany w niniejszej Polityce prywatno\u015bci<\/strong><\/p>\n<p class=\"ng-scope\">1. Od czasu do czasu mo\u017cemy aktualizowa\u0107 nasz\u0105 Polityk\u0119 prywatno\u015bci. Powiadomimy klienta o wszelkich zmianach, publikuj\u0105c now\u0105 Polityk\u0119 prywatno\u015bci na tej stronie.<\/p>\n<p class=\"ng-scope\">2. Zaleca si\u0119, aby klient okresowo sprawdza\u0142 niniejsz\u0105 Polityk\u0119 prywatno\u015bci pod k\u0105tem wszelkich zmian. Zmiany w niniejszej Polityce prywatno\u015bci wchodz\u0105 w \u017cycie z chwil\u0105 ich opublikowania na tej stronie.<\/p>\n\n\t\t<\/div>\n\t<\/div>\n<div class=\"vc_empty_space\"   style=\"height: 32px\" ><span class=\"vc_empty_space_inner\"><\/span><\/div>\n<\/div><\/div><\/div><\/div>","protected":false},"excerpt":{"rendered":"Polityka prywatno\u015bci Ostatnia aktualizacja: 30 stycznia 2024 r. Teamdeck sp. z o.o. (\"my\", \"nas\" lub \"nasz\") z siedzib\u0105 w: Nowowiejskiego 55, 61-734 Pozna\u0144, Polska, NIP: 7831750055, REGON: 365865326, zarejestrowana w S\u0105dzie Rejonowym Pozna\u0144 - Nowe...","protected":false},"author":17,"featured_media":0,"parent":0,"menu_order":0,"comment_status":"closed","ping_status":"closed","template":"","meta":{"footnotes":""},"class_list":["post-2853","page","type-page","status-publish","hentry"],"yoast_head":"<!-- This site is optimized with the Yoast SEO Premium plugin v23.8 (Yoast SEO v24.3) - https:\/\/yoast.com\/wordpress\/plugins\/seo\/ -->\n<title>Teamdeck - Privacy Policy<\/title>\n<meta name=\"description\" content=\"Teamdeck cares about your privacy and security of its service. Please, read the following privacy policy carefully.\" \/>\n<meta name=\"robots\" content=\"index, follow, max-snippet:-1, max-image-preview:large, max-video-preview:-1\" \/>\n<link rel=\"canonical\" href=\"https:\/\/teamdeck.io\/pl\/polityka-prywatnosci\/\" \/>\n<meta property=\"og:locale\" content=\"pl_PL\" \/>\n<meta property=\"og:type\" content=\"article\" \/>\n<meta property=\"og:title\" content=\"Teamdeck - Privacy Policy\" \/>\n<meta property=\"og:description\" content=\"Teamdeck cares about your privacy and security of its service. Please, read the following privacy policy carefully.\" \/>\n<meta property=\"og:url\" content=\"https:\/\/teamdeck.io\/pl\/polityka-prywatnosci\/\" \/>\n<meta property=\"og:site_name\" content=\"Teamdeck\" \/>\n<meta property=\"article:publisher\" content=\"https:\/\/www.facebook.com\/helloteamdeck\" \/>\n<meta property=\"article:modified_time\" content=\"2024-04-08T11:08:17+00:00\" \/>\n<meta property=\"og:image\" content=\"https:\/\/cdn.teamdeck.io\/uploads\/website\/2017\/09\/teamdeck-share.png\" \/>\n<meta name=\"twitter:card\" content=\"summary_large_image\" \/>\n<meta name=\"twitter:title\" content=\"Teamdeck - Privacy Policy\" \/>\n<meta name=\"twitter:description\" content=\"Teamdeck cares about your privacy and security of its service. Please, read the following privacy policy carefully.\" \/>\n<meta name=\"twitter:image\" content=\"https:\/\/cdn.teamdeck.io\/uploads\/website\/2017\/09\/teamdeck-share.png\" \/>\n<meta name=\"twitter:site\" content=\"@helloteamdeck\" \/>\n<meta name=\"twitter:label1\" content=\"Est. reading time\" \/>\n\t<meta name=\"twitter:data1\" content=\"6 minutes\" \/>\n<script type=\"application\/ld+json\" class=\"yoast-schema-graph\">{\"@context\":\"https:\/\/schema.org\",\"@graph\":[{\"@type\":\"WebPage\",\"@id\":\"https:\/\/teamdeck.io\/privacy-policy\/\",\"url\":\"https:\/\/teamdeck.io\/privacy-policy\/\",\"name\":\"Teamdeck - Privacy Policy\",\"isPartOf\":{\"@id\":\"https:\/\/teamdeck.io\/#website\"},\"datePublished\":\"2017-09-07T10:08:23+00:00\",\"dateModified\":\"2024-04-08T11:08:17+00:00\",\"description\":\"Teamdeck cares about your privacy and security of its service. Please, read the following privacy policy carefully.\",\"breadcrumb\":{\"@id\":\"https:\/\/teamdeck.io\/privacy-policy\/#breadcrumb\"},\"inLanguage\":\"pl-PL\",\"potentialAction\":[{\"@type\":\"ReadAction\",\"target\":[\"https:\/\/teamdeck.io\/privacy-policy\/\"]}]},{\"@type\":\"BreadcrumbList\",\"@id\":\"https:\/\/teamdeck.io\/privacy-policy\/#breadcrumb\",\"itemListElement\":[{\"@type\":\"ListItem\",\"position\":1,\"name\":\"Home\",\"item\":\"https:\/\/teamdeck.io\/\"},{\"@type\":\"ListItem\",\"position\":2,\"name\":\"Privacy Policy\"}]},{\"@type\":\"WebSite\",\"@id\":\"https:\/\/teamdeck.io\/#website\",\"url\":\"https:\/\/teamdeck.io\/\",\"name\":\"Teamdeck\",\"description\":\"resource scheduling + time tracking + leave management\",\"potentialAction\":[{\"@type\":\"SearchAction\",\"target\":{\"@type\":\"EntryPoint\",\"urlTemplate\":\"https:\/\/teamdeck.io\/?s={search_term_string}\"},\"query-input\":{\"@type\":\"PropertyValueSpecification\",\"valueRequired\":true,\"valueName\":\"search_term_string\"}}],\"inLanguage\":\"pl-PL\"}]}<\/script>\n<!-- \/ Yoast SEO Premium plugin. -->","yoast_head_json":{"title":"Teamdeck - Privacy Policy","description":"Teamdeck cares about your privacy and security of its service. Please, read the following privacy policy carefully.","robots":{"index":"index","follow":"follow","max-snippet":"max-snippet:-1","max-image-preview":"max-image-preview:large","max-video-preview":"max-video-preview:-1"},"canonical":"https:\/\/teamdeck.io\/pl\/polityka-prywatnosci\/","og_locale":"pl_PL","og_type":"article","og_title":"Teamdeck - Privacy Policy","og_description":"Teamdeck cares about your privacy and security of its service. Please, read the following privacy policy carefully.","og_url":"https:\/\/teamdeck.io\/pl\/polityka-prywatnosci\/","og_site_name":"Teamdeck","article_publisher":"https:\/\/www.facebook.com\/helloteamdeck","article_modified_time":"2024-04-08T11:08:17+00:00","og_image":[{"url":"https:\/\/cdn.teamdeck.io\/uploads\/website\/2017\/09\/teamdeck-share.png","type":"","width":"","height":""}],"twitter_card":"summary_large_image","twitter_title":"Teamdeck - Privacy Policy","twitter_description":"Teamdeck cares about your privacy and security of its service. Please, read the following privacy policy carefully.","twitter_image":"https:\/\/cdn.teamdeck.io\/uploads\/website\/2017\/09\/teamdeck-share.png","twitter_site":"@helloteamdeck","twitter_misc":{"Est. reading time":"6 minutes"},"schema":{"@context":"https:\/\/schema.org","@graph":[{"@type":"WebPage","@id":"https:\/\/teamdeck.io\/privacy-policy\/","url":"https:\/\/teamdeck.io\/privacy-policy\/","name":"Teamdeck - Privacy Policy","isPartOf":{"@id":"https:\/\/teamdeck.io\/#website"},"datePublished":"2017-09-07T10:08:23+00:00","dateModified":"2024-04-08T11:08:17+00:00","description":"Teamdeck cares about your privacy and security of its service. Please, read the following privacy policy carefully.","breadcrumb":{"@id":"https:\/\/teamdeck.io\/privacy-policy\/#breadcrumb"},"inLanguage":"pl-PL","potentialAction":[{"@type":"ReadAction","target":["https:\/\/teamdeck.io\/privacy-policy\/"]}]},{"@type":"BreadcrumbList","@id":"https:\/\/teamdeck.io\/privacy-policy\/#breadcrumb","itemListElement":[{"@type":"ListItem","position":1,"name":"Home","item":"https:\/\/teamdeck.io\/"},{"@type":"ListItem","position":2,"name":"Privacy Policy"}]},{"@type":"WebSite","@id":"https:\/\/teamdeck.io\/#website","url":"https:\/\/teamdeck.io\/","name":"Teamdeck","description":"resource scheduling + time tracking + leave management","potentialAction":[{"@type":"SearchAction","target":{"@type":"EntryPoint","urlTemplate":"https:\/\/teamdeck.io\/?s={search_term_string}"},"query-input":{"@type":"PropertyValueSpecification","valueRequired":true,"valueName":"search_term_string"}}],"inLanguage":"pl-PL"}]}},"_links":{"self":[{"href":"https:\/\/teamdeck.io\/pl\/wp-json\/wp\/v2\/pages\/2853","targetHints":{"allow":["GET"]}}],"collection":[{"href":"https:\/\/teamdeck.io\/pl\/wp-json\/wp\/v2\/pages"}],"about":[{"href":"https:\/\/teamdeck.io\/pl\/wp-json\/wp\/v2\/types\/page"}],"author":[{"embeddable":true,"href":"https:\/\/teamdeck.io\/pl\/wp-json\/wp\/v2\/users\/17"}],"replies":[{"embeddable":true,"href":"https:\/\/teamdeck.io\/pl\/wp-json\/wp\/v2\/comments?post=2853"}],"version-history":[{"count":15,"href":"https:\/\/teamdeck.io\/pl\/wp-json\/wp\/v2\/pages\/2853\/revisions"}],"predecessor-version":[{"id":12719,"href":"https:\/\/teamdeck.io\/pl\/wp-json\/wp\/v2\/pages\/2853\/revisions\/12719"}],"wp:attachment":[{"href":"https:\/\/teamdeck.io\/pl\/wp-json\/wp\/v2\/media?parent=2853"}],"curies":[{"name":"wp","href":"https:\/\/api.w.org\/{rel}","templated":true}]}}