{"id":12549,"date":"2023-12-06T10:47:54","date_gmt":"2023-12-06T08:47:54","guid":{"rendered":"https:\/\/teamdeck.io\/?page_id=12549"},"modified":"2023-12-06T16:09:05","modified_gmt":"2023-12-06T14:09:05","slug":"account-removal","status":"publish","type":"page","link":"https:\/\/teamdeck.io\/pl\/usuniecie-konta\/","title":{"rendered":"Usuni\u0119cie konta"},"content":{"rendered":"<p>\u00a0<\/p>\n<p>\u00a0<\/p>\n<p>\u00a0<\/p>\n<p>Rozumiemy, \u017ce okoliczno\u015bci si\u0119 zmieniaj\u0105, podobnie jak preferencje. Je\u015bli zdecydowa\u0142e\u015b, \u017ce nadszed\u0142 czas, aby si\u0119 z nami rozsta\u0107, jeste\u015bmy tutaj, aby pom\u00f3c Ci w procesie usuwania konta. Wykonaj poni\u017csze proste kroki, aby zainicjowa\u0107 wniosek o usuni\u0119cie konta:<\/p>\n<p>\u00a0<\/p>\n<h2>Krok 1: Tworzenie wiadomo\u015bci e-mail<\/h2>\n<p>Otw\u00f3rz preferowanego klienta poczty e-mail i utw\u00f3rz now\u0105 wiadomo\u015b\u0107. Zaadresuj j\u0105 na adres contact@teamdeck.io. W temacie wiadomo\u015bci wpisz: \"Pro\u015bba o usuni\u0119cie konta - [Twoja nazwa u\u017cytkownika]\".<\/p>\n<p>\u00a0<\/p>\n<h2>Krok 2: Do\u0142\u0105cz niezb\u0119dne informacje<\/h2>\n<p>W tre\u015bci wiadomo\u015bci e-mail nale\u017cy poda\u0107 nast\u0119puj\u0105ce szczeg\u00f3\u0142y, aby zapewni\u0107 sprawny przebieg procesu:<\/p>\n<p>Zarejestrowane imi\u0119 i nazwisko<br \/>Zarejestrowany adres e-mail<br \/>Pow\u00f3d usuni\u0119cia konta (opcjonalny, ale cenny dla naszego ci\u0105g\u0142ego doskonalenia)<\/p>\n<p>\u00a0<\/p>\n<h2>Krok 3: Zweryfikuj swoj\u0105 to\u017csamo\u015b\u0107<\/h2>\n<p>Aby zapewni\u0107 bezpiecze\u0144stwo swojego konta, nale\u017cy do\u0142\u0105czy\u0107 zeskanowan\u0105 kopi\u0119 dokumentu to\u017csamo\u015bci wydanego przez rz\u0105d lub dowolnego dokumentu to\u017csamo\u015bci potwierdzaj\u0105cego to\u017csamo\u015b\u0107. Ten krok ma kluczowe znaczenie dla ochrony konta przed nieautoryzowanym usuni\u0119ciem.<\/p>\n<p>\u00a0<\/p>\n<h2>Krok 4: Wy\u015blij i czekaj na potwierdzenie<\/h2>\n<p>Po zebraniu niezb\u0119dnych informacji naci\u015bnij \"Wy\u015blij\". Nasz dedykowany zesp\u00f3\u0142 pomocy technicznej niezw\u0142ocznie rozpatrzy Twoj\u0105 pro\u015bb\u0119. W ci\u0105gu [Okre\u015bl ramy czasowe] otrzymasz wiadomo\u015b\u0107 e-mail z potwierdzeniem rozpocz\u0119cia procesu usuwania konta.<\/p>\n<p>\u00a0<\/p>\n<h2>Krok 5: Potwierdzenie usuni\u0119cia<\/h2>\n<p>Po otrzymaniu wiadomo\u015bci e-mail z potwierdzeniem post\u0119puj zgodnie z wszelkimi dodatkowymi instrukcjami, aby sfinalizowa\u0107 usuni\u0119cie konta. Ten krok ma na celu dok\u0142adne sprawdzenie decyzji i upewnienie si\u0119, \u017ce proces jest zgodny z intencjami u\u017cytkownika.<\/p>\n<p>\u00a0<\/p>\n<p>\u00a0<\/p>\n<p>\u00a0<\/p>","protected":false},"excerpt":{"rendered":"\u00a0 \u00a0 \u00a0 Rozumiemy, \u017ce okoliczno\u015bci si\u0119 zmieniaj\u0105, podobnie jak preferencje. Je\u015bli zdecydowa\u0142e\u015b, \u017ce nadszed\u0142 czas, aby si\u0119 z nami rozsta\u0107, jeste\u015bmy tutaj, aby pom\u00f3c Ci w procesie usuwania konta. Wykonaj poni\u017csze proste kroki...","protected":false},"author":17,"featured_media":0,"parent":0,"menu_order":0,"comment_status":"closed","ping_status":"closed","template":"","meta":{"footnotes":""},"class_list":["post-12549","page","type-page","status-publish","hentry"],"yoast_head":"<!-- This site is optimized with the Yoast SEO Premium plugin v23.8 (Yoast SEO v24.3) - https:\/\/yoast.com\/wordpress\/plugins\/seo\/ -->\n<title>Account Removal - Teamdeck<\/title>\n<meta name=\"robots\" content=\"index, follow, max-snippet:-1, max-image-preview:large, max-video-preview:-1\" \/>\n<link rel=\"canonical\" href=\"https:\/\/teamdeck.io\/pl\/usuniecie-konta\/\" \/>\n<meta property=\"og:locale\" content=\"pl_PL\" \/>\n<meta property=\"og:type\" content=\"article\" \/>\n<meta property=\"og:title\" content=\"Account Removal\" \/>\n<meta property=\"og:description\" content=\"\u00a0 \u00a0 \u00a0 We understand that circumstances change, and so do preferences. If you&#8217;ve decided it&#8217;s time to part ways with us, we&#8217;re here to assist you through the account removal process. Follow the simple steps below...\" \/>\n<meta property=\"og:url\" content=\"https:\/\/teamdeck.io\/pl\/usuniecie-konta\/\" \/>\n<meta property=\"og:site_name\" content=\"Teamdeck\" \/>\n<meta property=\"article:publisher\" content=\"https:\/\/www.facebook.com\/helloteamdeck\" \/>\n<meta property=\"article:modified_time\" content=\"2023-12-06T14:09:05+00:00\" \/>\n<meta name=\"twitter:card\" content=\"summary_large_image\" \/>\n<meta name=\"twitter:site\" content=\"@helloteamdeck\" \/>\n<meta name=\"twitter:label1\" content=\"Est. reading time\" \/>\n\t<meta name=\"twitter:data1\" content=\"1 minute\" \/>\n<script type=\"application\/ld+json\" class=\"yoast-schema-graph\">{\"@context\":\"https:\/\/schema.org\",\"@graph\":[{\"@type\":\"WebPage\",\"@id\":\"https:\/\/teamdeck.io\/account-removal\/\",\"url\":\"https:\/\/teamdeck.io\/account-removal\/\",\"name\":\"Account Removal - Teamdeck\",\"isPartOf\":{\"@id\":\"https:\/\/teamdeck.io\/#website\"},\"datePublished\":\"2023-12-06T08:47:54+00:00\",\"dateModified\":\"2023-12-06T14:09:05+00:00\",\"breadcrumb\":{\"@id\":\"https:\/\/teamdeck.io\/account-removal\/#breadcrumb\"},\"inLanguage\":\"pl-PL\",\"potentialAction\":[{\"@type\":\"ReadAction\",\"target\":[\"https:\/\/teamdeck.io\/account-removal\/\"]}]},{\"@type\":\"BreadcrumbList\",\"@id\":\"https:\/\/teamdeck.io\/account-removal\/#breadcrumb\",\"itemListElement\":[{\"@type\":\"ListItem\",\"position\":1,\"name\":\"Home\",\"item\":\"https:\/\/teamdeck.io\/\"},{\"@type\":\"ListItem\",\"position\":2,\"name\":\"Account Removal\"}]},{\"@type\":\"WebSite\",\"@id\":\"https:\/\/teamdeck.io\/#website\",\"url\":\"https:\/\/teamdeck.io\/\",\"name\":\"Teamdeck\",\"description\":\"resource scheduling + time tracking + leave management\",\"potentialAction\":[{\"@type\":\"SearchAction\",\"target\":{\"@type\":\"EntryPoint\",\"urlTemplate\":\"https:\/\/teamdeck.io\/?s={search_term_string}\"},\"query-input\":{\"@type\":\"PropertyValueSpecification\",\"valueRequired\":true,\"valueName\":\"search_term_string\"}}],\"inLanguage\":\"pl-PL\"}]}<\/script>\n<!-- \/ Yoast SEO Premium plugin. -->","yoast_head_json":{"title":"Account Removal - Teamdeck","robots":{"index":"index","follow":"follow","max-snippet":"max-snippet:-1","max-image-preview":"max-image-preview:large","max-video-preview":"max-video-preview:-1"},"canonical":"https:\/\/teamdeck.io\/pl\/usuniecie-konta\/","og_locale":"pl_PL","og_type":"article","og_title":"Account Removal","og_description":"\u00a0 \u00a0 \u00a0 We understand that circumstances change, and so do preferences. If you&#8217;ve decided it&#8217;s time to part ways with us, we&#8217;re here to assist you through the account removal process. Follow the simple steps below...","og_url":"https:\/\/teamdeck.io\/pl\/usuniecie-konta\/","og_site_name":"Teamdeck","article_publisher":"https:\/\/www.facebook.com\/helloteamdeck","article_modified_time":"2023-12-06T14:09:05+00:00","twitter_card":"summary_large_image","twitter_site":"@helloteamdeck","twitter_misc":{"Est. reading time":"1 minute"},"schema":{"@context":"https:\/\/schema.org","@graph":[{"@type":"WebPage","@id":"https:\/\/teamdeck.io\/account-removal\/","url":"https:\/\/teamdeck.io\/account-removal\/","name":"Account Removal - Teamdeck","isPartOf":{"@id":"https:\/\/teamdeck.io\/#website"},"datePublished":"2023-12-06T08:47:54+00:00","dateModified":"2023-12-06T14:09:05+00:00","breadcrumb":{"@id":"https:\/\/teamdeck.io\/account-removal\/#breadcrumb"},"inLanguage":"pl-PL","potentialAction":[{"@type":"ReadAction","target":["https:\/\/teamdeck.io\/account-removal\/"]}]},{"@type":"BreadcrumbList","@id":"https:\/\/teamdeck.io\/account-removal\/#breadcrumb","itemListElement":[{"@type":"ListItem","position":1,"name":"Home","item":"https:\/\/teamdeck.io\/"},{"@type":"ListItem","position":2,"name":"Account Removal"}]},{"@type":"WebSite","@id":"https:\/\/teamdeck.io\/#website","url":"https:\/\/teamdeck.io\/","name":"Teamdeck","description":"resource scheduling + time tracking + leave management","potentialAction":[{"@type":"SearchAction","target":{"@type":"EntryPoint","urlTemplate":"https:\/\/teamdeck.io\/?s={search_term_string}"},"query-input":{"@type":"PropertyValueSpecification","valueRequired":true,"valueName":"search_term_string"}}],"inLanguage":"pl-PL"}]}},"_links":{"self":[{"href":"https:\/\/teamdeck.io\/pl\/wp-json\/wp\/v2\/pages\/12549","targetHints":{"allow":["GET"]}}],"collection":[{"href":"https:\/\/teamdeck.io\/pl\/wp-json\/wp\/v2\/pages"}],"about":[{"href":"https:\/\/teamdeck.io\/pl\/wp-json\/wp\/v2\/types\/page"}],"author":[{"embeddable":true,"href":"https:\/\/teamdeck.io\/pl\/wp-json\/wp\/v2\/users\/17"}],"replies":[{"embeddable":true,"href":"https:\/\/teamdeck.io\/pl\/wp-json\/wp\/v2\/comments?post=12549"}],"version-history":[{"count":4,"href":"https:\/\/teamdeck.io\/pl\/wp-json\/wp\/v2\/pages\/12549\/revisions"}],"predecessor-version":[{"id":12553,"href":"https:\/\/teamdeck.io\/pl\/wp-json\/wp\/v2\/pages\/12549\/revisions\/12553"}],"wp:attachment":[{"href":"https:\/\/teamdeck.io\/pl\/wp-json\/wp\/v2\/media?parent=12549"}],"curies":[{"name":"wp","href":"https:\/\/api.w.org\/{rel}","templated":true}]}}