{"id":7379,"date":"2021-09-21T12:44:40","date_gmt":"2021-09-21T10:44:40","guid":{"rendered":"https:\/\/teamdeck.io\/?page_id=7379"},"modified":"2025-05-06T08:05:52","modified_gmt":"2025-05-06T06:05:52","slug":"schedule-a-demo-call","status":"publish","type":"page","link":"https:\/\/teamdeck.io\/nb\/bestill-en-demosamtale\/","title":{"rendered":"Avtal en demosamtale"},"content":{"rendered":"<div class=\"vc_row wpb_row vc_row-fluid redl-row-section padding-default bgv-default bgh-default halign-default\"><div class=\"wpb_column vc_column_container text-left vc_col-sm-12 padding-default bgv-default bgh-default halign-default\"><div class=\"vc_column-inner\"><div class=\"wpb_wrapper\">\n\t<div class=\"wpb_text_column wpb_content_element\" >\n\t\t<div class=\"wpb_wrapper\">\n\t\t\t<p>&nbsp;<\/p>\n<div class=\"section__container\" style=\"margin-top: 100px;\">\n<h1 class=\"hero__title header__title\" style=\"text-align: center;\"><span class=\"text text--background-big\">Live-demo,<\/span> oppsett, konsultasjon<\/h1>\n<\/div>\n<h2 style=\"text-align: center;\">Begynn \u00e5 spare tid og penger med riktig ressursstyring i dag! <span class=\"c-emoji c-emoji__medium c-emoji--inline\" data-qa=\"emoji\" aria-describedby=\"slack-kit-tooltip\"><img decoding=\"async\" src=\"https:\/\/a.slack-edge.com\/production-standard-emoji-assets\/10.2\/apple-medium\/1f389@2x.png\" alt=\":tada:\" aria-label=\"tada emoji\" data-stringify-type=\"emoji\" data-stringify-emoji=\":tada:\"><\/span><\/h2>\n<p>&nbsp;<\/p>\n<p><!-- Calendly inline widget begin --><\/p>\n<div class=\"calendly-inline-widget\" style=\"min-width: 320px; height: 700px; position: relative\" data-url=\"https:\/\/calendly.com\/agutkowski\/30min?text_color=4c4c4c&amp;primary_color=00cc00&amp;hide_gdpr_banner=1\"><\/div>\n<p><script type=\"text\/javascript\" src=\"https:\/\/assets.calendly.com\/assets\/external\/widget.js\" async=\"\" data-cookieconsent=\"necessary\"><\/script><br \/>\n<!-- Calendly inline widget end --><\/p>\n<p>\u00a0<\/p>\n\n\t\t<\/div>\n\t<\/div>\n<\/div><\/div><\/div><\/div><div class=\"vc_row wpb_row vc_row-fluid redl-row-section padding-default bgv-default bgh-default halign-default\"><div class=\"wpb_column vc_column_container text-left vc_col-sm-12 padding-default bgv-default bgh-default halign-default\"><div class=\"vc_column-inner\"><div class=\"wpb_wrapper\">\n\t<div class=\"wpb_text_column wpb_content_element\" >\n\t\t<div class=\"wpb_wrapper\">\n\t\t\t<p>\u00a0<\/p>\n<h2 style=\"text-align: center; margin-top: 60px;\">Se hvordan Teamdeck hjelper programvarehus og digitale byr\u00e5er med ressursstyring<\/h2>\n\n\t\t<\/div>\n\t<\/div>\n<\/div><\/div><\/div><\/div><div data-vc-full-width=\"true\" data-vc-full-width-init=\"false\" data-vc-stretch-content=\"true\" class=\"vc_row wpb_row vc_row-fluid redl-row-section use-cases-container padding-medium bgv-default bgh-default halign-default\"><div class=\"use-case-tile wpb_column vc_column_container text-left vc_col-sm-3 padding-default bgv-default bgh-default halign-default\"><div class=\"vc_column-inner vc_custom_1574170534227\"><div class=\"wpb_wrapper\">\n\t<div class=\"wpb_text_column wpb_content_element\" >\n\t\t<div class=\"wpb_wrapper\">\n\t\t\t<p class=\"use-case-description\"><strong>Mace&amp;Menter<\/strong><\/p>\n<p class=\"use-case-description\">Vi jobbet med regneark og endte opp med prosjektkollisjoner og un\u00f8dvendig stress!<\/p>\n<p class=\"use-case-description\">Teamdeck har fullstendig forandret m\u00e5ten vi planlegger arbeidet p\u00e5. Vi har n\u00e5 en klar oversikt over alle prosjekter og kapasiteten v\u00e5r for nytt arbeid.<\/p>\n<p class=\"use-case-more\"><strong>Sam Menter, medgrunnlegger av Mace&amp;Menter<\/strong><\/p>\n\n\t\t<\/div>\n\t<\/div>\n<\/div><\/div><\/div><div class=\"use-case-tile wpb_column vc_column_container text-left vc_col-sm-3 padding-default bgv-default bgh-default halign-default\"><div class=\"vc_column-inner vc_custom_1574170546410\"><div class=\"wpb_wrapper\">\n\t<div class=\"wpb_text_column wpb_content_element\" >\n\t\t<div class=\"wpb_wrapper\">\n\t\t\t<p class=\"use-case-description\"><strong>Ameeba Shapes<\/strong><\/p>\n<p class=\"use-case-description\">Det finnes mange produkter p\u00e5 markedet med disse funksjonene, men de er for kompliserte med tusenvis av funksjoner, og prisen passet rett og slett ikke til v\u00e5rt lille selskap.<\/p>\n<p class=\"use-case-description\">Den er enkel, ren, lett \u00e5 bruke og har en rimelig pris. Det er ikke overlesset med funksjoner som ingen bryr seg om. Det er et produkt som fokuserer p\u00e5 spesifikke behov.<\/p>\n<p class=\"use-case-more\"><strong>Gabriela, grunnlegger av Ameeba Shapes<\/strong><\/p>\n\n\t\t<\/div>\n\t<\/div>\n<\/div><\/div><\/div><div class=\"use-case-tile wpb_column vc_column_container text-left vc_col-sm-3 padding-default bgv-default bgh-default halign-default\"><div class=\"vc_column-inner vc_custom_1574170558095\"><div class=\"wpb_wrapper\">\n\t<div class=\"wpb_text_column wpb_content_element\" >\n\t\t<div class=\"wpb_wrapper\">\n\t\t\t<p class=\"use-case-description\"><strong>Sybrin Systems<\/strong><\/p>\n<p class=\"use-case-description\">Det var vanskelig \u00e5 spore ressurstilgjengeligheten i BU-en v\u00e5r, og vi m\u00e5tte hovedsakelig ty til Excel-regneark.<\/p>\n<p class=\"use-case-description\">Ved \u00e5 bruke Teamdeck vet vi n\u00e5 ikke bare hvor mye ressurser som er tilgjengelige, men vi kan ogs\u00e5 f\u00f8lge med p\u00e5 teamets utnyttelse og fakturerbare og ikke-fakturerbare timer.<\/p>\n<p class=\"use-case-more\"><strong>Gerhard Fourie, leder<\/strong><\/p>\n\n\t\t<\/div>\n\t<\/div>\n<\/div><\/div><\/div><div class=\"use-case-tile wpb_column vc_column_container text-left vc_col-sm-3 padding-default bgv-default bgh-default halign-default\"><div class=\"vc_column-inner vc_custom_1574170569150\"><div class=\"wpb_wrapper\">\n\t<div class=\"wpb_text_column wpb_content_element\" >\n\t\t<div class=\"wpb_wrapper\">\n\t\t\t<p class=\"use-case-description\"><strong>Tintash<\/strong><\/p>\n<p class=\"use-case-description\">Vi er et tjenesteorientert selskap, men jobber ogs\u00e5 med produkter n\u00e5r vi kan.<br \/>Det var problematisk for oss \u00e5 forst\u00e5 hvordan teamet v\u00e5rt er allokert i forhold til hvilke prosjekter, hvor lenge osv.<\/p>\n<p class=\"use-case-description\">Teamdeck ga oss en intuitiv m\u00e5te \u00e5 fordele teammedlemmene v\u00e5re p\u00e5 kundeprosjekter, v\u00e5re egne produkter og OKR-er. Ikke bare det, det hjelper oss ogs\u00e5 til en viss grad med permisjonsh\u00e5ndtering og -sporing n\u00e5!<\/p>\n<p class=\"use-case-more\"><strong>Azhar Yousuf, teknisk programsjef<\/strong><\/p>\n\n\t\t<\/div>\n\t<\/div>\n<\/div><\/div><\/div><\/div><div class=\"vc_row-full-width vc_clearfix\"><\/div><div data-vc-full-width=\"true\" data-vc-full-width-init=\"false\" data-vc-stretch-content=\"true\" class=\"vc_row wpb_row vc_row-fluid redl-row-section use-cases-container padding-medium bgv-default bgh-default halign-default\"><div class=\"use-case-tile wpb_column vc_column_container text-left vc_col-sm-3 padding-default bgv-default bgh-default halign-default\"><div class=\"vc_column-inner vc_custom_1574170534227\"><div class=\"wpb_wrapper\">\n\t<div class=\"wpb_text_column wpb_content_element\" >\n\t\t<div class=\"wpb_wrapper\">\n\t\t\t<p class=\"use-case-description\"><strong>Mirion Technologies<\/strong><\/p>\n<p class=\"use-case-description\">Kompleksitetsniv\u00e5et for tilpasning er perfekt for oss. Vi har allerede verkt\u00f8y som sporer tidsbruk, s\u00e5 en enkel bruker er akkurat det jeg trenger for \u00e5 projisere bookingniv\u00e5er.<\/p>\n<p class=\"use-case-more\"><strong>Dave Sullivan, daglig leder<\/strong><\/p>\n\n\t\t<\/div>\n\t<\/div>\n<\/div><\/div><\/div><div class=\"use-case-tile wpb_column vc_column_container text-left vc_col-sm-3 padding-default bgv-default bgh-default halign-default\"><div class=\"vc_column-inner vc_custom_1574170546410\"><div class=\"wpb_wrapper\">\n\t<div class=\"wpb_text_column wpb_content_element\" >\n\t\t<div class=\"wpb_wrapper\">\n\t\t\t<p class=\"use-case-description\"><strong>Coletiv Studio<\/strong><\/p>\n<p class=\"use-case-description\">Det var alltid et problem \u00e5 administrere de ansattes ferie og prosjektallokeringer.<br \/>Teamdeck gjorde det mulig for oss \u00e5 holde oversikt over alles ferier og tildelinger.<\/p>\n<p class=\"use-case-more\"><strong>Tiago Duarte, administrerende direkt\u00f8r<\/strong><\/p>\n\n\t\t<\/div>\n\t<\/div>\n<\/div><\/div><\/div><div class=\"use-case-tile wpb_column vc_column_container text-left vc_col-sm-3 padding-default bgv-default bgh-default halign-default\"><div class=\"vc_column-inner vc_custom_1574170558095\"><div class=\"wpb_wrapper\">\n\t<div class=\"wpb_text_column wpb_content_element\" >\n\t\t<div class=\"wpb_wrapper\">\n\t\t\t<p class=\"use-case-description\"><strong>Et annet sirkus<\/strong><\/p>\n<p class=\"use-case-description\">En ting vi elsket med Teamdeck var at det var enkelt \u00e5 legge til og administrere bookinger gjennom det brukervennlige grensesnittet. Dette alene hjelper oss med \u00e5 g\u00e5 gjennom de kjedelige oppgavene med \u00e5 logge bookinger og timelister.<\/p>\n<p class=\"use-case-more\"><strong>Timos, medgrunnlegger av Another Circus<\/strong><\/p>\n\n\t\t<\/div>\n\t<\/div>\n<\/div><\/div><\/div><div class=\"use-case-tile wpb_column vc_column_container text-left vc_col-sm-3 padding-default bgv-default bgh-default halign-default\"><div class=\"vc_column-inner vc_custom_1574170569150\"><div class=\"wpb_wrapper\">\n\t<div class=\"wpb_text_column wpb_content_element\" >\n\t\t<div class=\"wpb_wrapper\">\n\t\t\t<p class=\"use-case-description\"><strong>Bits Kingdom<\/strong><\/p>\n<p class=\"use-case-description\">Siden vi begynte \u00e5 bruke teamdeck, har selskapet v\u00e5rt f\u00e5tt bedre oversikt over ressursallokeringen. Appen ser ogs\u00e5 flott ut og er lett \u00e5 forst\u00e5 ?<\/p>\n<p class=\"use-case-more\"><strong>Fabian Aramendi, medgrunnlegger av Bits Kingdom<\/strong><\/p>\n\n\t\t<\/div>\n\t<\/div>\n<\/div><\/div><\/div><\/div><div class=\"vc_row-full-width vc_clearfix\"><\/div><div class=\"vc_row wpb_row vc_row-fluid redl-row-section padding-default bgv-default bgh-default halign-default\"><div class=\"wpb_column vc_column_container text-left vc_col-sm-12 padding-default bgv-default bgh-default halign-default\"><div class=\"vc_column-inner\"><div class=\"wpb_wrapper\"><\/div><\/div><\/div><\/div><div data-vc-full-width=\"true\" data-vc-full-width-init=\"false\" data-vc-stretch-content=\"true\" class=\"vc_row wpb_row vc_row-fluid redl-row-section logo-list-row vc_custom_1582037320281 vc_row-has-fill vc_row-no-padding vc_row-o-equal-height vc_row-flex padding-medium bgv-default bgh-default halign-default\"><div class=\"wpb_column vc_column_container text-center vc_col-sm-2 vc_col-lg-2 vc_col-md-2 vc_col-xs-6 padding-default bgv-default bgh-default halign-center\"><div class=\"vc_column-inner vc_custom_1574337729729\"><div class=\"wpb_wrapper\">\n\t<div class=\"wpb_text_column wpb_content_element\" >\n\t\t<div class=\"wpb_wrapper\">\n\t\t\t<p><img loading=\"lazy\" decoding=\"async\" class=\"alignnone wp-image-4375\" src=\"https:\/\/cdn.teamdeck.io\/uploads\/website\/2019\/01\/11132628\/UNITE9-140px.png\" alt=\"\" width=\"70\" height=\"70\" \/><\/p>\n\n\t\t<\/div>\n\t<\/div>\n<\/div><\/div><\/div><div class=\"wpb_column vc_column_container text-center vc_col-sm-2 vc_col-lg-2 vc_col-md-2 vc_col-xs-6 padding-default bgv-default bgh-default halign-center\"><div class=\"vc_column-inner vc_custom_1574337747608\"><div class=\"wpb_wrapper\">\n\t<div class=\"wpb_text_column wpb_content_element\" >\n\t\t<div class=\"wpb_wrapper\">\n\t\t\t<p><img loading=\"lazy\" decoding=\"async\" class=\"alignnone wp-image-4369\" src=\"https:\/\/cdn.teamdeck.io\/uploads\/website\/2021\/06\/14170417\/tietoevry-1.png\" alt=\"\" width=\"100\" height=\"70\" \/><\/p>\n\n\t\t<\/div>\n\t<\/div>\n<\/div><\/div><\/div><div class=\"wpb_column vc_column_container text-center vc_col-sm-2 vc_col-lg-2 vc_col-md-2 vc_col-xs-6 padding-default bgv-default bgh-default halign-center\"><div class=\"vc_column-inner vc_custom_1574337754290\"><div class=\"wpb_wrapper\">\n\t<div class=\"wpb_text_column wpb_content_element\" >\n\t\t<div class=\"wpb_wrapper\">\n\t\t\t<p><img loading=\"lazy\" decoding=\"async\" class=\"alignnone wp-image-4373\" src=\"https:\/\/cdn.teamdeck.io\/uploads\/website\/2021\/06\/14170412\/hill-1.png\" alt=\"\" width=\"110\" height=\"70\" \/><\/p>\n\n\t\t<\/div>\n\t<\/div>\n<\/div><\/div><\/div><div class=\"wpb_column vc_column_container text-center vc_col-sm-2 vc_col-lg-2 vc_col-md-2 vc_col-xs-6 padding-default bgv-default bgh-default halign-center\"><div class=\"vc_column-inner vc_custom_1574337759887\"><div class=\"wpb_wrapper\">\n\t<div class=\"wpb_text_column wpb_content_element\" >\n\t\t<div class=\"wpb_wrapper\">\n\t\t\t<p><img loading=\"lazy\" decoding=\"async\" class=\"alignnone wp-image-4367\" src=\"https:\/\/cdn.teamdeck.io\/uploads\/website\/2021\/06\/10150824\/tintash.png\" alt=\"\" width=\"70\" height=\"70\" \/><\/p>\n\n\t\t<\/div>\n\t<\/div>\n<\/div><\/div><\/div><div class=\"wpb_column vc_column_container text-center vc_col-sm-2 vc_col-lg-2 vc_col-md-2 vc_col-xs-6 padding-default bgv-default bgh-default halign-center\"><div class=\"vc_column-inner vc_custom_1574337765178\"><div class=\"wpb_wrapper\">\n\t<div class=\"wpb_text_column wpb_content_element\" >\n\t\t<div class=\"wpb_wrapper\">\n\t\t\t<p><img loading=\"lazy\" decoding=\"async\" class=\"alignnone wp-image-4405\" src=\"https:\/\/cdn.teamdeck.io\/uploads\/website\/2021\/06\/14170425\/wunderman-thompson-1.png\" alt=\"\" width=\"100\" height=\"70\" \/><\/p>\n\n\t\t<\/div>\n\t<\/div>\n<\/div><\/div><\/div><div class=\"wpb_column vc_column_container text-center vc_col-sm-2 vc_col-lg-2 vc_col-md-2 vc_col-xs-6 padding-default bgv-top bgh-default halign-center\"><div class=\"vc_column-inner vc_custom_1574337780335\"><div class=\"wpb_wrapper\">\n\t<div class=\"wpb_text_column wpb_content_element\" >\n\t\t<div class=\"wpb_wrapper\">\n\t\t\t<p><img loading=\"lazy\" decoding=\"async\" class=\"alignnone wp-image-4538\" src=\"https:\/\/cdn.teamdeck.io\/uploads\/website\/2021\/06\/14161749\/stormind-games.png\" alt=\"\" width=\"100\" height=\"70\" \/><\/p>\n\n\t\t<\/div>\n\t<\/div>\n<\/div><\/div><\/div><\/div><div class=\"vc_row-full-width vc_clearfix\"><\/div><div data-vc-full-width=\"true\" data-vc-full-width-init=\"false\" class=\"vc_row wpb_row vc_row-fluid redl-row-section footer-message-row vc_custom_1574170946244 vc_row-has-fill vc_row-o-equal-height vc_row-o-content-middle vc_row-flex padding-medium bgv-default bgh-default halign-center\"><div class=\"wpb_column vc_column_container text-center vc_col-sm-12 vc_col-lg-8 vc_col-md-9 padding-default bgv-default bgh-default halign-default\"><div class=\"vc_column-inner vc_custom_1574338100280\"><div class=\"wpb_wrapper\">\n\t<div class=\"wpb_text_column wpb_content_element  vc_custom_1588185313555 footer-message-title\" >\n\t\t<div class=\"wpb_wrapper\">\n\t\t\t<p style=\"text-align: center;\">Enkelt og intuitivt<br \/>Klar til bruk<br \/>Start ressursstyring med Teamdeck!<\/p>\n\n\t\t<\/div>\n\t<\/div>\n<form class=\"get-started-form\" action=\"\">\n  <div class=\"get-started-form__input-wrapper\">\n    <input class=\"get-started-form__input\" placeholder=\"Skriv inn bedriftens e-postadresse\" \/>\n  <\/div>\n  <button type=\"submit\" class=\"get-started-form__button\">\n    <span class=\"get-started-form__button-text\">F\u00e5 en 14-dagers GRATIS pr\u00f8veperiode<\/>\n  <\/button>\n  <button class=\"get-started-form__button\">\n    <span class=\"get-started-form__button-text\">Ugyldig e-post<\/>\n  <\/button>\n<input type=\"hidden\" name=\"trp-form-language\" value=\"nb\"\/><\/form>\n\n\t<div class=\"wpb_text_column wpb_content_element\" >\n\t\t<div class=\"wpb_wrapper\">\n\t\t\t<ul class=\"features-list features-list--white\">\n<li class=\"features-list-item\">Ingen kredittkort kreves<\/li>\n<li class=\"features-list-item\">2 min oppsett<\/li>\n<\/ul>\n\n\t\t<\/div>\n\t<\/div>\n<\/div><\/div><\/div><\/div><div class=\"vc_row-full-width vc_clearfix\"><\/div>","protected":false},"excerpt":{"rendered":"&nbsp; Live demo, setting up, consultation Start saving time and money from the right resource management today! &nbsp; \u00a0 \u00a0 See how Teamdeck is helping software houses and digital agencies with resource management Mace&amp;Menter We worked with...","protected":false},"author":17,"featured_media":4305,"parent":0,"menu_order":0,"comment_status":"closed","ping_status":"closed","template":"","meta":{"footnotes":""},"class_list":["post-7379","page","type-page","status-publish","has-post-thumbnail","hentry"],"yoast_head":"<!-- This site is optimized with the Yoast SEO Premium plugin v23.8 (Yoast SEO v24.3) - https:\/\/yoast.com\/wordpress\/plugins\/seo\/ -->\n<title>Schedule a demo call - Teamdeck<\/title>\n<meta name=\"description\" content=\"Join a demo call to learn how our tool can enhance your team&#039;s productivity and clarify project capacities.\" \/>\n<meta name=\"robots\" content=\"noindex, follow\" \/>\n<meta property=\"og:locale\" content=\"nb_NO\" \/>\n<meta property=\"og:type\" content=\"article\" \/>\n<meta property=\"og:title\" content=\"Schedule a demo call\" \/>\n<meta property=\"og:description\" content=\"Join a demo call to learn how our tool can enhance your team&#039;s productivity and clarify project capacities.\" \/>\n<meta property=\"og:url\" content=\"https:\/\/teamdeck.io\/nb\/bestill-en-demosamtale\/\" \/>\n<meta property=\"og:site_name\" content=\"Teamdeck\" \/>\n<meta property=\"article:publisher\" content=\"https:\/\/www.facebook.com\/helloteamdeck\" \/>\n<meta property=\"article:modified_time\" content=\"2025-05-06T06:05:52+00:00\" \/>\n<meta property=\"og:image\" content=\"https:\/\/cdn.teamdeck.io\/uploads\/website\/2018\/02\/19113041\/hight-level-planing.png\" \/>\n\t<meta property=\"og:image:width\" content=\"1921\" \/>\n\t<meta property=\"og:image:height\" content=\"1081\" \/>\n\t<meta property=\"og:image:type\" content=\"image\/png\" \/>\n<meta name=\"twitter:card\" content=\"summary_large_image\" \/>\n<meta name=\"twitter:site\" content=\"@helloteamdeck\" \/>\n<meta name=\"twitter:label1\" content=\"Est. reading time\" \/>\n\t<meta name=\"twitter:data1\" content=\"5 minutes\" \/>\n<script type=\"application\/ld+json\" class=\"yoast-schema-graph\">{\"@context\":\"https:\/\/schema.org\",\"@graph\":[{\"@type\":\"WebPage\",\"@id\":\"https:\/\/teamdeck.io\/schedule-a-demo-call\/\",\"url\":\"https:\/\/teamdeck.io\/schedule-a-demo-call\/\",\"name\":\"Schedule a demo call - Teamdeck\",\"isPartOf\":{\"@id\":\"https:\/\/teamdeck.io\/#website\"},\"primaryImageOfPage\":{\"@id\":\"https:\/\/teamdeck.io\/schedule-a-demo-call\/#primaryimage\"},\"image\":{\"@id\":\"https:\/\/teamdeck.io\/schedule-a-demo-call\/#primaryimage\"},\"thumbnailUrl\":\"https:\/\/cdn.teamdeck.io\/uploads\/website\/2018\/02\/19113041\/hight-level-planing.png\",\"datePublished\":\"2021-09-21T10:44:40+00:00\",\"dateModified\":\"2025-05-06T06:05:52+00:00\",\"description\":\"Join a demo call to learn how our tool can enhance your team's productivity and clarify project capacities.\",\"breadcrumb\":{\"@id\":\"https:\/\/teamdeck.io\/schedule-a-demo-call\/#breadcrumb\"},\"inLanguage\":\"nb-NO\",\"potentialAction\":[{\"@type\":\"ReadAction\",\"target\":[\"https:\/\/teamdeck.io\/schedule-a-demo-call\/\"]}]},{\"@type\":\"ImageObject\",\"inLanguage\":\"nb-NO\",\"@id\":\"https:\/\/teamdeck.io\/schedule-a-demo-call\/#primaryimage\",\"url\":\"https:\/\/cdn.teamdeck.io\/uploads\/website\/2018\/02\/19113041\/hight-level-planing.png\",\"contentUrl\":\"https:\/\/cdn.teamdeck.io\/uploads\/website\/2018\/02\/19113041\/hight-level-planing.png\",\"width\":\"1921\",\"height\":\"1081\",\"caption\":\"high level planning teamdeck\"},{\"@type\":\"BreadcrumbList\",\"@id\":\"https:\/\/teamdeck.io\/schedule-a-demo-call\/#breadcrumb\",\"itemListElement\":[{\"@type\":\"ListItem\",\"position\":1,\"name\":\"Home\",\"item\":\"https:\/\/teamdeck.io\/\"},{\"@type\":\"ListItem\",\"position\":2,\"name\":\"Schedule a demo call\"}]},{\"@type\":\"WebSite\",\"@id\":\"https:\/\/teamdeck.io\/#website\",\"url\":\"https:\/\/teamdeck.io\/\",\"name\":\"Teamdeck\",\"description\":\"resource scheduling + time tracking + leave management\",\"potentialAction\":[{\"@type\":\"SearchAction\",\"target\":{\"@type\":\"EntryPoint\",\"urlTemplate\":\"https:\/\/teamdeck.io\/?s={search_term_string}\"},\"query-input\":{\"@type\":\"PropertyValueSpecification\",\"valueRequired\":true,\"valueName\":\"search_term_string\"}}],\"inLanguage\":\"nb-NO\"}]}<\/script>\n<!-- \/ Yoast SEO Premium plugin. -->","yoast_head_json":{"title":"Schedule a demo call - Teamdeck","description":"Join a demo call to learn how our tool can enhance your team's productivity and clarify project capacities.","robots":{"index":"noindex","follow":"follow"},"og_locale":"nb_NO","og_type":"article","og_title":"Schedule a demo call","og_description":"Join a demo call to learn how our tool can enhance your team's productivity and clarify project capacities.","og_url":"https:\/\/teamdeck.io\/nb\/bestill-en-demosamtale\/","og_site_name":"Teamdeck","article_publisher":"https:\/\/www.facebook.com\/helloteamdeck","article_modified_time":"2025-05-06T06:05:52+00:00","og_image":[{"width":1921,"height":1081,"url":"https:\/\/cdn.teamdeck.io\/uploads\/website\/2018\/02\/19113041\/hight-level-planing.png","type":"image\/png"}],"twitter_card":"summary_large_image","twitter_site":"@helloteamdeck","twitter_misc":{"Est. reading time":"5 minutes"},"schema":{"@context":"https:\/\/schema.org","@graph":[{"@type":"WebPage","@id":"https:\/\/teamdeck.io\/schedule-a-demo-call\/","url":"https:\/\/teamdeck.io\/schedule-a-demo-call\/","name":"Schedule a demo call - Teamdeck","isPartOf":{"@id":"https:\/\/teamdeck.io\/#website"},"primaryImageOfPage":{"@id":"https:\/\/teamdeck.io\/schedule-a-demo-call\/#primaryimage"},"image":{"@id":"https:\/\/teamdeck.io\/schedule-a-demo-call\/#primaryimage"},"thumbnailUrl":"https:\/\/cdn.teamdeck.io\/uploads\/website\/2018\/02\/19113041\/hight-level-planing.png","datePublished":"2021-09-21T10:44:40+00:00","dateModified":"2025-05-06T06:05:52+00:00","description":"Join a demo call to learn how our tool can enhance your team's productivity and clarify project capacities.","breadcrumb":{"@id":"https:\/\/teamdeck.io\/schedule-a-demo-call\/#breadcrumb"},"inLanguage":"nb-NO","potentialAction":[{"@type":"ReadAction","target":["https:\/\/teamdeck.io\/schedule-a-demo-call\/"]}]},{"@type":"ImageObject","inLanguage":"nb-NO","@id":"https:\/\/teamdeck.io\/schedule-a-demo-call\/#primaryimage","url":"https:\/\/cdn.teamdeck.io\/uploads\/website\/2018\/02\/19113041\/hight-level-planing.png","contentUrl":"https:\/\/cdn.teamdeck.io\/uploads\/website\/2018\/02\/19113041\/hight-level-planing.png","width":"1921","height":"1081","caption":"high level planning teamdeck"},{"@type":"BreadcrumbList","@id":"https:\/\/teamdeck.io\/schedule-a-demo-call\/#breadcrumb","itemListElement":[{"@type":"ListItem","position":1,"name":"Home","item":"https:\/\/teamdeck.io\/"},{"@type":"ListItem","position":2,"name":"Schedule a demo call"}]},{"@type":"WebSite","@id":"https:\/\/teamdeck.io\/#website","url":"https:\/\/teamdeck.io\/","name":"Teamdeck","description":"resource scheduling + time tracking + leave management","potentialAction":[{"@type":"SearchAction","target":{"@type":"EntryPoint","urlTemplate":"https:\/\/teamdeck.io\/?s={search_term_string}"},"query-input":{"@type":"PropertyValueSpecification","valueRequired":true,"valueName":"search_term_string"}}],"inLanguage":"nb-NO"}]}},"_links":{"self":[{"href":"https:\/\/teamdeck.io\/nb\/wp-json\/wp\/v2\/pages\/7379","targetHints":{"allow":["GET"]}}],"collection":[{"href":"https:\/\/teamdeck.io\/nb\/wp-json\/wp\/v2\/pages"}],"about":[{"href":"https:\/\/teamdeck.io\/nb\/wp-json\/wp\/v2\/types\/page"}],"author":[{"embeddable":true,"href":"https:\/\/teamdeck.io\/nb\/wp-json\/wp\/v2\/users\/17"}],"replies":[{"embeddable":true,"href":"https:\/\/teamdeck.io\/nb\/wp-json\/wp\/v2\/comments?post=7379"}],"version-history":[{"count":44,"href":"https:\/\/teamdeck.io\/nb\/wp-json\/wp\/v2\/pages\/7379\/revisions"}],"predecessor-version":[{"id":13710,"href":"https:\/\/teamdeck.io\/nb\/wp-json\/wp\/v2\/pages\/7379\/revisions\/13710"}],"wp:featuredmedia":[{"embeddable":true,"href":"https:\/\/teamdeck.io\/nb\/wp-json\/wp\/v2\/media\/4305"}],"wp:attachment":[{"href":"https:\/\/teamdeck.io\/nb\/wp-json\/wp\/v2\/media?parent=7379"}],"curies":[{"name":"wp","href":"https:\/\/api.w.org\/{rel}","templated":true}]}}