{"id":5784,"date":"2020-03-10T21:48:14","date_gmt":"2020-03-10T19:48:14","guid":{"rendered":"https:\/\/teamdeck.io\/?page_id=5784"},"modified":"2021-12-16T19:38:46","modified_gmt":"2021-12-16T17:38:46","slug":"teamdeck-vs-monday","status":"publish","type":"page","link":"https:\/\/teamdeck.io\/nb\/teamdeck-vs-monday\/","title":{"rendered":"Teamdeck vs Monday.com"},"content":{"rendered":"<div data-vc-full-width=\"true\" data-vc-full-width-init=\"false\" class=\"vc_row wpb_row vc_row-fluid redl-row-section vc_custom_1547727116563 vc_row-has-fill vc_row-o-content-middle vc_row-flex padding-default bgv-default bgh-default halign-center\"><div class=\"wpb_column vc_column_container text-left vc_col-sm-4 padding-default bgv-default bgh-default halign-center\"><div class=\"vc_column-inner\"><div class=\"wpb_wrapper\">\n\t<div class=\"wpb_text_column wpb_content_element\" >\n\t\t<div class=\"wpb_wrapper\">\n\t\t\t<h1>Teamdeck vs Monday.com<\/h1>\n<p style=\"text-align: justify;\">Teamdeck er en <a href=\"https:\/\/teamdeck.io\/nb\/\">programvare for ressursplanlegging<\/a> brukes til \u00e5 administrere ressurser og planlegge tidsplaner. Det er et laserfokusert verkt\u00f8y som brukes av b\u00e5de sm\u00e5 og store organisasjoner.<\/p>\n<p style=\"text-align: justify;\">Av selskaper fra teknologi-, reklame- og forskningsbransjen. Av <a href=\"https:\/\/www.circusmaximus.com\/\">Sirkus Maximus<\/a> eller Stormind Games. Valgt av medlemmer av kreative team og prosjektledere.<\/p>\n\n\t\t<\/div>\n\t<\/div>\n\n\t<div class=\"wpb_text_column wpb_content_element\" >\n\t\t<div class=\"wpb_wrapper\">\n\t\t\t<p style=\"text-align: left;\"><span class=\"arrow-link\"><a href=\"https:\/\/app.teamdeck.io\/register\">F\u00e5 en 30-dagers GRATIS pr\u00f8veperiode<\/a><\/span><\/p>\n\n\t\t<\/div>\n\t<\/div>\n<\/div><\/div><\/div><div class=\"wpb_column vc_column_container text-center vc_col-sm-8 vc_col-has-fill padding-default bgv-default bgh-default halign-center\"><div class=\"vc_column-inner vc_custom_1583827482870\"><div class=\"wpb_wrapper\">\n\t<div class=\"wpb_text_column wpb_content_element  vc_custom_1638211493070 video-nocontrols\" >\n\t\t<div class=\"wpb_wrapper\">\n\t\t\t<p><img loading=\"lazy\" decoding=\"async\" class=\"aligncenter wp-image-5788\" src=\"https:\/\/cdn.teamdeck.io\/uploads\/website\/2020\/03\/10132651\/Untitled-design-2-300x250.png\" alt=\"I markedet for prosjektstyringsprogramvare blir Teamdeck lett behandlet som mandagsalternativ.\" width=\"600\" height=\"500\" srcset=\"https:\/\/cdn.teamdeck.io\/uploads\/website\/2020\/03\/10132651\/Untitled-design-2-300x250.png 300w, https:\/\/cdn.teamdeck.io\/uploads\/website\/2020\/03\/10132651\/Untitled-design-2-768x640.png 768w, https:\/\/cdn.teamdeck.io\/uploads\/website\/2020\/03\/10132651\/Untitled-design-2-960x800.png 960w, https:\/\/cdn.teamdeck.io\/uploads\/website\/2020\/03\/10132651\/Untitled-design-2.png 1800w\" sizes=\"auto, (max-width: 600px) 100vw, 600px\" \/><\/p>\n\n\t\t<\/div>\n\t<\/div>\n<\/div><\/div><\/div><\/div><div class=\"vc_row-full-width vc_clearfix\"><\/div><div class=\"vc_row wpb_row vc_row-fluid redl-row-section padding-default bgv-default bgh-default halign-default\"><div class=\"wpb_column vc_column_container text-left vc_col-sm-12 padding-default bgv-default bgh-default halign-default\"><div class=\"vc_column-inner\"><div class=\"wpb_wrapper\">\n\t<div class=\"wpb_text_column wpb_content_element\" >\n\t\t<div class=\"wpb_wrapper\">\n\t\t\t<h2>Leter du etter alternativer til Monday.com?<\/h2>\n<p>Vi snakker jevnlig med folk som vurderer ulike programvarealternativer for ressursplanlegging og ressursallokering. Valget deres koker ofte ned til ett sp\u00f8rsm\u00e5l: <strong>Er du mer komfortabel med et h\u00f8yspesialisert verkt\u00f8y for \u00e5 takle denne oppgaven, eller vil du heller bruke en mer allsidig app?<\/strong><\/p>\n<p style=\"text-align: justify;\">Teamdeck handler om ressursstyring. Det kombinerer funksjoner for planlegging av ansatte, tidsregistrering og frav\u00e6rsh\u00e5ndtering. I tillegg f\u00e5r du tilgang til en omfattende analysedel som lar deg analysere teamets produktivitet, overv\u00e5ke timelister og generere kunderapporter.<\/p>\n<p style=\"text-align: justify;\">Monday.com er et visuelt samarbeidsverkt\u00f8y med mange muligheter for tilpasning. Du kan bruke det til en rekke ulike form\u00e5l: fra prosjektledelse til salgs- og forretningsledelse eller utvikling. Det kommer riktignok med en h\u00f8yere prislapp.<\/p>\n\n\t\t<\/div>\n\t<\/div>\n<\/div><\/div><\/div><\/div><div class=\"vc_row wpb_row vc_row-fluid redl-row-section padding-small bgv-default bgh-default halign-default\"><div class=\"wpb_column vc_column_container text-left vc_col-sm-12 padding-default bgv-default bgh-default halign-default\"><div class=\"vc_column-inner\"><div class=\"wpb_wrapper\">\n\t<div class=\"wpb_text_column wpb_content_element\" >\n\t\t<div class=\"wpb_wrapper\">\n\t\t\t<h2 style=\"text-align: center;\"><strong>3 grunner til at bedrifter elsker Teamdeck <a href=\"https:\/\/teamdeck.io\/nb\/\">programvare for ressursplanlegging<\/a><\/strong><\/h2>\n\n\t\t<\/div>\n\t<\/div>\n<\/div><\/div><\/div><\/div><div class=\"vc_row wpb_row vc_row-fluid redl-row-section use-cases-title vc_custom_1582120251302 padding-default bgv-default bgh-default halign-default\"><div class=\"wpb_column vc_column_container text-left vc_col-sm-4 padding-default bgv-default bgh-default halign-default\"><div class=\"vc_column-inner\"><div class=\"wpb_wrapper\">\n\t<div class=\"wpb_text_column wpb_content_element\" >\n\t\t<div class=\"wpb_wrapper\">\n\t\t\t<p style=\"text-align: center;\"><strong><span class=\"text-title column-title\">Utdypende ressursforvaltning<\/span><\/strong><\/p>\n<p style=\"text-align: center;\">Vi vet at effektiv ressursstyring kan gj\u00f8re virksomheten din mer l\u00f8nnsom. Derfor tilbyr vi funksjoner som hjelper deg med \u00e5 oppn\u00e5 optimal produktivitet samtidig som teamet trives. Med Teamdeck kan du g\u00e5 dypere inn i teamets daglige arbeid og optimalisere ulike deler av teamets arbeidsflyt.<\/p>\n\n\t\t<\/div>\n\t<\/div>\n<\/div><\/div><\/div><div class=\"wpb_column vc_column_container text-left vc_col-sm-4 padding-default bgv-default bgh-default halign-default\"><div class=\"vc_column-inner\"><div class=\"wpb_wrapper\">\n\t<div class=\"wpb_text_column wpb_content_element\" >\n\t\t<div class=\"wpb_wrapper\">\n\t\t\t<h3 style=\"text-align: center;\"><span class=\"text-title column-title\">Klar til bruk ut av esken<\/span><\/h3>\n<p style=\"text-align: center;\">Du trenger ikke \u00e5 bruke tid p\u00e5 \u00e5 bygge opp arbeidsflyter og dashbord: Appen v\u00e5r inneholder alt du trenger for \u00e5 planlegge teamets arbeid og m\u00e5le resultatene deres. Opprett en konto og inviter teammedlemmene dine. <strong>Teamdeck vil utgj\u00f8re en forskjell for teamledere og teammedlemmer fra dag 1. <\/strong><\/p>\n\n\t\t<\/div>\n\t<\/div>\n<\/div><\/div><\/div><div class=\"wpb_column vc_column_container text-left vc_col-sm-4 padding-default bgv-default bgh-default halign-default\"><div class=\"vc_column-inner\"><div class=\"wpb_wrapper\">\n\t<div class=\"wpb_text_column wpb_content_element\" >\n\t\t<div class=\"wpb_wrapper\">\n\t\t\t<h3 style=\"text-align: center;\"><span class=\"text-title column-title\">Support i verdensklasse<\/span><\/h3>\n<p style=\"text-align: center;\">Vi \u00f8nsker at du skal <strong>f\u00e5 s\u00e5 mye verdi fra Teamdeck som mulig<\/strong>. Vi g\u00e5r gjennom produktet og organiserer en introduksjonssamtale for teamet ditt. Trenger du hjelp med noe annet? Vi tilbyr prioritert st\u00f8tte n\u00e5r du trenger det.<\/p>\n\n\t\t<\/div>\n\t<\/div>\n<\/div><\/div><\/div><\/div><div class=\"vc_row wpb_row vc_row-fluid redl-row-section padding-default bgv-default bgh-default halign-default\"><div class=\"wpb_column vc_column_container text-left vc_col-sm-12 padding-default bgv-default bgh-default halign-default\"><div class=\"vc_column-inner\"><div class=\"wpb_wrapper\"><\/div><\/div><\/div><\/div><div class=\"vc_row wpb_row vc_row-fluid redl-row-section padding-default bgv-default bgh-default halign-default\"><div class=\"wpb_column vc_column_container text-left vc_col-sm-12 padding-default bgv-default bgh-default halign-default\"><div class=\"vc_column-inner\"><div class=\"wpb_wrapper\">\n\t<div class=\"wpb_text_column wpb_content_element\" >\n\t\t<div class=\"wpb_wrapper\">\n\t\t\t<h2 class=\"ql-align-center\" style=\"text-align: center;\">Teamdeck som en <a href=\"https:\/\/teamdeck.io\/nb\/\">verkt\u00f8y for oppgaveh\u00e5ndtering<\/a> er i sikte av mange kjente enheter som leter etter Monday.com-alternativer<\/h2>\n\n\t\t<\/div>\n\t<\/div>\n<\/div><\/div><\/div><\/div><div class=\"vc_row wpb_row vc_row-fluid redl-row-section padding-default bgv-default bgh-default halign-default\"><div class=\"wpb_column vc_column_container text-left vc_col-sm-12 padding-default bgv-default bgh-default halign-default\"><div class=\"vc_column-inner vc_custom_1583774752686\"><div class=\"wpb_wrapper\"><form class=\"get-started-form\" action=\"\">\n  <div class=\"get-started-form__input-wrapper\">\n    <input class=\"get-started-form__input\" placeholder=\"Skriv inn bedriftens e-postadresse\" \/>\n  <\/div>\n  <button type=\"submit\" class=\"get-started-form__button\">\n    <span class=\"get-started-form__button-text\">F\u00e5 en 14-dagers GRATIS pr\u00f8veperiode<\/>\n  <\/button>\n  <button class=\"get-started-form__button\">\n    <span class=\"get-started-form__button-text\">Ugyldig e-post<\/>\n  <\/button>\n<input type=\"hidden\" name=\"trp-form-language\" value=\"nb\"\/><\/form>\n<\/div><\/div><\/div><\/div>","protected":false},"excerpt":{"rendered":"Teamdeck vs Monday.com Teamdeck er en programvare for ressursplanlegging som brukes til \u00e5 administrere ressurser og planlegge tidsplaner. Det er et laserfokusert verkt\u00f8y som brukes av b\u00e5de sm\u00e5 byr\u00e5er og store organisasjoner. Det brukes av selskaper innen teknologi, reklame og...","protected":false},"author":17,"featured_media":0,"parent":0,"menu_order":0,"comment_status":"closed","ping_status":"closed","template":"","meta":{"footnotes":""},"class_list":["post-5784","page","type-page","status-publish","hentry"],"yoast_head":"<!-- This site is optimized with the Yoast SEO Premium plugin v23.8 (Yoast SEO v24.3) - https:\/\/yoast.com\/wordpress\/plugins\/seo\/ -->\n<title>Monday.com Alternatives - Teamdeck.io - Resource Management Software<\/title>\n<meta name=\"description\" content=\"Teamdeck.io resource management software is in use by Stormind Games, Circus Maximus, Hill-Knowlton, etc. We replaced Monday many times.\" \/>\n<meta name=\"robots\" content=\"index, follow, max-snippet:-1, max-image-preview:large, max-video-preview:-1\" \/>\n<link rel=\"canonical\" href=\"https:\/\/teamdeck.io\/nb\/teamdeck-vs-monday\/\" \/>\n<meta property=\"og:locale\" content=\"nb_NO\" \/>\n<meta property=\"og:type\" content=\"article\" \/>\n<meta property=\"og:title\" content=\"Teamdeck vs Monday.com\" \/>\n<meta property=\"og:description\" content=\"Teamdeck.io resource management software is in use by Stormind Games, Circus Maximus, Hill-Knowlton, etc. We replaced Monday many times.\" \/>\n<meta property=\"og:url\" content=\"https:\/\/teamdeck.io\/nb\/teamdeck-vs-monday\/\" \/>\n<meta property=\"og:site_name\" content=\"Teamdeck\" \/>\n<meta property=\"article:publisher\" content=\"https:\/\/www.facebook.com\/helloteamdeck\" \/>\n<meta property=\"article:modified_time\" content=\"2021-12-16T17:38:46+00:00\" \/>\n<meta property=\"og:image\" content=\"https:\/\/teamdeck.io\/wp-content\/uploads\/2020\/03\/Untitled-design-2-300x250.png\" \/>\n<meta name=\"twitter:card\" content=\"summary_large_image\" \/>\n<meta name=\"twitter:site\" content=\"@helloteamdeck\" \/>\n<meta name=\"twitter:label1\" content=\"Est. reading time\" \/>\n\t<meta name=\"twitter:data1\" content=\"3 minutes\" \/>\n<script type=\"application\/ld+json\" class=\"yoast-schema-graph\">{\"@context\":\"https:\/\/schema.org\",\"@graph\":[{\"@type\":\"WebPage\",\"@id\":\"https:\/\/teamdeck.io\/teamdeck-vs-monday\/\",\"url\":\"https:\/\/teamdeck.io\/teamdeck-vs-monday\/\",\"name\":\"Monday.com Alternatives - Teamdeck.io - Resource Management Software\",\"isPartOf\":{\"@id\":\"https:\/\/teamdeck.io\/#website\"},\"primaryImageOfPage\":{\"@id\":\"https:\/\/teamdeck.io\/teamdeck-vs-monday\/#primaryimage\"},\"image\":{\"@id\":\"https:\/\/teamdeck.io\/teamdeck-vs-monday\/#primaryimage\"},\"thumbnailUrl\":\"https:\/\/teamdeck.io\/wp-content\/uploads\/2020\/03\/Untitled-design-2-300x250.png\",\"datePublished\":\"2020-03-10T19:48:14+00:00\",\"dateModified\":\"2021-12-16T17:38:46+00:00\",\"description\":\"Teamdeck.io resource management software is in use by Stormind Games, Circus Maximus, Hill-Knowlton, etc. We replaced Monday many times.\",\"breadcrumb\":{\"@id\":\"https:\/\/teamdeck.io\/teamdeck-vs-monday\/#breadcrumb\"},\"inLanguage\":\"nb-NO\",\"potentialAction\":[{\"@type\":\"ReadAction\",\"target\":[\"https:\/\/teamdeck.io\/teamdeck-vs-monday\/\"]}]},{\"@type\":\"ImageObject\",\"inLanguage\":\"nb-NO\",\"@id\":\"https:\/\/teamdeck.io\/teamdeck-vs-monday\/#primaryimage\",\"url\":\"https:\/\/teamdeck.io\/wp-content\/uploads\/2020\/03\/Untitled-design-2-300x250.png\",\"contentUrl\":\"https:\/\/teamdeck.io\/wp-content\/uploads\/2020\/03\/Untitled-design-2-300x250.png\"},{\"@type\":\"BreadcrumbList\",\"@id\":\"https:\/\/teamdeck.io\/teamdeck-vs-monday\/#breadcrumb\",\"itemListElement\":[{\"@type\":\"ListItem\",\"position\":1,\"name\":\"Home\",\"item\":\"https:\/\/teamdeck.io\/\"},{\"@type\":\"ListItem\",\"position\":2,\"name\":\"Teamdeck vs Monday.com\"}]},{\"@type\":\"WebSite\",\"@id\":\"https:\/\/teamdeck.io\/#website\",\"url\":\"https:\/\/teamdeck.io\/\",\"name\":\"Teamdeck\",\"description\":\"resource scheduling + time tracking + leave management\",\"potentialAction\":[{\"@type\":\"SearchAction\",\"target\":{\"@type\":\"EntryPoint\",\"urlTemplate\":\"https:\/\/teamdeck.io\/?s={search_term_string}\"},\"query-input\":{\"@type\":\"PropertyValueSpecification\",\"valueRequired\":true,\"valueName\":\"search_term_string\"}}],\"inLanguage\":\"nb-NO\"}]}<\/script>\n<!-- \/ Yoast SEO Premium plugin. -->","yoast_head_json":{"title":"Monday.com Alternatives - Teamdeck.io - Resource Management Software","description":"Teamdeck.io resource management software is in use by Stormind Games, Circus Maximus, Hill-Knowlton, etc. We replaced Monday many times.","robots":{"index":"index","follow":"follow","max-snippet":"max-snippet:-1","max-image-preview":"max-image-preview:large","max-video-preview":"max-video-preview:-1"},"canonical":"https:\/\/teamdeck.io\/nb\/teamdeck-vs-monday\/","og_locale":"nb_NO","og_type":"article","og_title":"Teamdeck vs Monday.com","og_description":"Teamdeck.io resource management software is in use by Stormind Games, Circus Maximus, Hill-Knowlton, etc. We replaced Monday many times.","og_url":"https:\/\/teamdeck.io\/nb\/teamdeck-vs-monday\/","og_site_name":"Teamdeck","article_publisher":"https:\/\/www.facebook.com\/helloteamdeck","article_modified_time":"2021-12-16T17:38:46+00:00","og_image":[{"url":"https:\/\/teamdeck.io\/wp-content\/uploads\/2020\/03\/Untitled-design-2-300x250.png","type":"","width":"","height":""}],"twitter_card":"summary_large_image","twitter_site":"@helloteamdeck","twitter_misc":{"Est. reading time":"3 minutes"},"schema":{"@context":"https:\/\/schema.org","@graph":[{"@type":"WebPage","@id":"https:\/\/teamdeck.io\/teamdeck-vs-monday\/","url":"https:\/\/teamdeck.io\/teamdeck-vs-monday\/","name":"Monday.com Alternatives - Teamdeck.io - Resource Management Software","isPartOf":{"@id":"https:\/\/teamdeck.io\/#website"},"primaryImageOfPage":{"@id":"https:\/\/teamdeck.io\/teamdeck-vs-monday\/#primaryimage"},"image":{"@id":"https:\/\/teamdeck.io\/teamdeck-vs-monday\/#primaryimage"},"thumbnailUrl":"https:\/\/teamdeck.io\/wp-content\/uploads\/2020\/03\/Untitled-design-2-300x250.png","datePublished":"2020-03-10T19:48:14+00:00","dateModified":"2021-12-16T17:38:46+00:00","description":"Teamdeck.io resource management software is in use by Stormind Games, Circus Maximus, Hill-Knowlton, etc. We replaced Monday many times.","breadcrumb":{"@id":"https:\/\/teamdeck.io\/teamdeck-vs-monday\/#breadcrumb"},"inLanguage":"nb-NO","potentialAction":[{"@type":"ReadAction","target":["https:\/\/teamdeck.io\/teamdeck-vs-monday\/"]}]},{"@type":"ImageObject","inLanguage":"nb-NO","@id":"https:\/\/teamdeck.io\/teamdeck-vs-monday\/#primaryimage","url":"https:\/\/teamdeck.io\/wp-content\/uploads\/2020\/03\/Untitled-design-2-300x250.png","contentUrl":"https:\/\/teamdeck.io\/wp-content\/uploads\/2020\/03\/Untitled-design-2-300x250.png"},{"@type":"BreadcrumbList","@id":"https:\/\/teamdeck.io\/teamdeck-vs-monday\/#breadcrumb","itemListElement":[{"@type":"ListItem","position":1,"name":"Home","item":"https:\/\/teamdeck.io\/"},{"@type":"ListItem","position":2,"name":"Teamdeck vs Monday.com"}]},{"@type":"WebSite","@id":"https:\/\/teamdeck.io\/#website","url":"https:\/\/teamdeck.io\/","name":"Teamdeck","description":"resource scheduling + time tracking + leave management","potentialAction":[{"@type":"SearchAction","target":{"@type":"EntryPoint","urlTemplate":"https:\/\/teamdeck.io\/?s={search_term_string}"},"query-input":{"@type":"PropertyValueSpecification","valueRequired":true,"valueName":"search_term_string"}}],"inLanguage":"nb-NO"}]}},"_links":{"self":[{"href":"https:\/\/teamdeck.io\/nb\/wp-json\/wp\/v2\/pages\/5784","targetHints":{"allow":["GET"]}}],"collection":[{"href":"https:\/\/teamdeck.io\/nb\/wp-json\/wp\/v2\/pages"}],"about":[{"href":"https:\/\/teamdeck.io\/nb\/wp-json\/wp\/v2\/types\/page"}],"author":[{"embeddable":true,"href":"https:\/\/teamdeck.io\/nb\/wp-json\/wp\/v2\/users\/17"}],"replies":[{"embeddable":true,"href":"https:\/\/teamdeck.io\/nb\/wp-json\/wp\/v2\/comments?post=5784"}],"version-history":[{"count":13,"href":"https:\/\/teamdeck.io\/nb\/wp-json\/wp\/v2\/pages\/5784\/revisions"}],"predecessor-version":[{"id":8163,"href":"https:\/\/teamdeck.io\/nb\/wp-json\/wp\/v2\/pages\/5784\/revisions\/8163"}],"wp:attachment":[{"href":"https:\/\/teamdeck.io\/nb\/wp-json\/wp\/v2\/media?parent=5784"}],"curies":[{"name":"wp","href":"https:\/\/api.w.org\/{rel}","templated":true}]}}