{"id":4739,"date":"2019-03-15T17:19:58","date_gmt":"2019-03-15T15:19:58","guid":{"rendered":"https:\/\/teamdeck.io\/?page_id=4739"},"modified":"2021-12-16T19:52:51","modified_gmt":"2021-12-16T17:52:51","slug":"absence-report-template","status":"publish","type":"page","link":"https:\/\/teamdeck.io\/nb\/funksjoner\/rapportering\/mal-for-fravaersrapport\/","title":{"rendered":"Mal for frav\u00e6rsrapport"},"content":{"rendered":"<div data-vc-full-width=\"true\" data-vc-full-width-init=\"false\" class=\"vc_row wpb_row vc_row-fluid redl-row-section vc_custom_1551262861481 vc_row-has-fill vc_row-o-content-middle vc_row-flex padding-default bgv-default bgh-default halign-center\"><div class=\"wpb_column vc_column_container text-left vc_col-sm-12 padding-default bgv-default bgh-default halign-center\"><div class=\"vc_column-inner\"><div class=\"wpb_wrapper\">\n\t<div class=\"wpb_text_column wpb_content_element\" >\n\t\t<div class=\"wpb_wrapper\">\n\t\t\t<h1 style=\"text-align: center;\">Mal for frav\u00e6rsrapport<\/h1>\n\n\t\t<\/div>\n\t<\/div>\n<\/div><\/div><\/div><\/div><div class=\"vc_row-full-width vc_clearfix\"><\/div><div class=\"vc_row wpb_row vc_row-fluid redl-row-section padding-default bgv-default bgh-default halign-default\"><div class=\"wpb_column vc_column_container text-center vc_col-sm-12 padding-default bgv-default bgh-default halign-default\"><div class=\"vc_column-inner\"><div class=\"wpb_wrapper\">\n\t<div  class=\"wpb_single_image wpb_content_element vc_align_center\">\n\t\t\n\t\t<figure class=\"wpb_wrapper vc_figure\">\n\t\t\t<div class=\"vc_single_image-wrapper   vc_box_border_grey\"><img loading=\"lazy\" decoding=\"async\" width=\"2400\" height=\"874\" src=\"https:\/\/cdn.teamdeck.io\/uploads\/website\/2019\/03\/15161932\/1-1-e1555411457853.jpg\" class=\"vc_single_image-img attachment-full\" alt=\"Mal for frav\u00e6rsrapport\" srcset=\"https:\/\/cdn.teamdeck.io\/uploads\/website\/2019\/03\/15161932\/1-1-e1555411457853.jpg 2400w, https:\/\/cdn.teamdeck.io\/uploads\/website\/2019\/03\/15161932\/1-1-e1555411457853-300x109.jpg 300w, https:\/\/cdn.teamdeck.io\/uploads\/website\/2019\/03\/15161932\/1-1-e1555411457853-768x280.jpg 768w, https:\/\/cdn.teamdeck.io\/uploads\/website\/2019\/03\/15161932\/1-1-e1555411457853-960x350.jpg 960w\" sizes=\"auto, (max-width: 2400px) 100vw, 2400px\" \/><\/div>\n\t\t<\/figure>\n\t<\/div>\n<\/div><\/div><\/div><\/div><div class=\"vc_row wpb_row vc_row-fluid redl-row-section padding-medium bgv-default bgh-default halign-default\"><div class=\"wpb_column vc_column_container text-center vc_col-sm-12 padding-default bgv-default bgh-default halign-default\"><div class=\"vc_column-inner\"><div class=\"wpb_wrapper\">\n\t<div class=\"wpb_text_column wpb_content_element\" >\n\t\t<div class=\"wpb_wrapper\">\n\t\t\t<p><span style=\"font-size: 18px;\">Malen for avspasering (heri: Frav\u00e6r) brukes oftest av HR- og driftsteam som har behov for \u00e5 holde oversikt over feriepenger. <\/span><\/p>\n\n\t\t<\/div>\n\t<\/div>\n<\/div><\/div><\/div><\/div><div class=\"vc_row wpb_row vc_row-fluid redl-row-section padding-default bgv-default bgh-default halign-default\"><div class=\"wpb_column vc_column_container text-left vc_col-sm-12 padding-default bgv-default bgh-default halign-default\"><div class=\"vc_column-inner\"><div class=\"wpb_wrapper\">\n\t<div class=\"wpb_text_column wpb_content_element\" >\n\t\t<div class=\"wpb_wrapper\">\n\t\t\t\n\t\t<\/div>\n\t<\/div>\n<\/div><\/div><\/div><\/div><div data-vc-full-width=\"true\" data-vc-full-width-init=\"false\" class=\"vc_row wpb_row vc_row-fluid redl-row-section feature-row vc_custom_1504100630814 vc_row-o-equal-height vc_row-o-content-middle vc_row-flex padding-medium bgv-default bgh-default halign-center\"><div class=\"feature-image wpb_column vc_column_container text-left vc_col-sm-7 vc_col-lg-6 vc_col-md-7 padding-default bgv-default bgh-default halign-default\"><div class=\"vc_column-inner\"><div class=\"wpb_wrapper\">\n\t<div class=\"wpb_text_column wpb_content_element\" >\n\t\t<div class=\"wpb_wrapper\">\n\t\t\t<p><img loading=\"lazy\" decoding=\"async\" class=\"alignnone wp-image-4786\" src=\"https:\/\/cdn.teamdeck.io\/uploads\/website\/2019\/03\/15103638\/Screen-Shot-2019-03-15-at-09.34.59-300x258.png\" alt=\"Avspasering\" width=\"500\" height=\"430\" srcset=\"https:\/\/cdn.teamdeck.io\/uploads\/website\/2019\/03\/15103638\/Screen-Shot-2019-03-15-at-09.34.59-300x258.png 300w, https:\/\/cdn.teamdeck.io\/uploads\/website\/2019\/03\/15103638\/Screen-Shot-2019-03-15-at-09.34.59-768x661.png 768w, https:\/\/cdn.teamdeck.io\/uploads\/website\/2019\/03\/15103638\/Screen-Shot-2019-03-15-at-09.34.59-960x826.png 960w, https:\/\/cdn.teamdeck.io\/uploads\/website\/2019\/03\/15103638\/Screen-Shot-2019-03-15-at-09.34.59.png 1278w\" sizes=\"auto, (max-width: 500px) 100vw, 500px\" \/><\/p>\n\n\t\t<\/div>\n\t<\/div>\n<\/div><\/div><\/div><div class=\"feature-info wpb_column vc_column_container text-left vc_col-sm-5 vc_col-lg-4 padding-small bgv-default bgh-default halign-default\"><div class=\"vc_column-inner\"><div class=\"wpb_wrapper\">\n\t<div class=\"wpb_text_column wpb_content_element\" >\n\t\t<div class=\"wpb_wrapper\">\n\t\t\t<p><span class=\"text-title\">Avspasering<\/span><\/p>\n<p>Dette diagrammet visualiserer hvor mye ferie medarbeiderne dine har tatt ut (i forhold til hverandre). Du kan ogs\u00e5 vise ulike ferie\u00e5rsaker her og se etter m\u00f8nstre: Det kan for eksempel hende at sykefrav\u00e6r forekommer oftere i bestemte perioder av \u00e5ret.<\/p>\n\n\t\t<\/div>\n\t<\/div>\n<\/div><\/div><\/div><\/div><div class=\"vc_row-full-width vc_clearfix\"><\/div><div data-vc-full-width=\"true\" data-vc-full-width-init=\"false\" class=\"vc_row wpb_row vc_row-fluid redl-row-section feature-row vc_custom_1504100661321 vc_row-o-equal-height vc_row-o-content-middle vc_row-flex padding-medium bgv-default bgh-default halign-center\"><div class=\"feature-info wpb_column vc_column_container text-left vc_col-sm-6 vc_col-lg-4 padding-small bgv-default bgh-default halign-default\"><div class=\"vc_column-inner\"><div class=\"wpb_wrapper\">\n\t<div class=\"wpb_text_column wpb_content_element\" >\n\t\t<div class=\"wpb_wrapper\">\n\t\t\t<p><span class=\"text-title\">Feriedager<\/span><\/p>\n<p>Det er et enkelt diagram som er sortert etter antall fridager som er tatt ut av bestemte personer i l\u00f8pet av en bestemt tidsperiode.<\/p>\n\n\t\t<\/div>\n\t<\/div>\n<\/div><\/div><\/div><div class=\"wpb_column vc_column_container text-left vc_col-sm-6 padding-default bgv-default bgh-default halign-default\"><div class=\"vc_column-inner\"><div class=\"wpb_wrapper\">\n\t<div class=\"wpb_text_column wpb_content_element\" >\n\t\t<div class=\"wpb_wrapper\">\n\t\t\t<p><img loading=\"lazy\" decoding=\"async\" class=\"alignnone wp-image-4785\" src=\"https:\/\/cdn.teamdeck.io\/uploads\/website\/2019\/03\/15103636\/Screen-Shot-2019-03-15-at-09.35.13-300x198.png\" alt=\"Feriedager\" width=\"500\" height=\"330\" srcset=\"https:\/\/cdn.teamdeck.io\/uploads\/website\/2019\/03\/15103636\/Screen-Shot-2019-03-15-at-09.35.13-300x198.png 300w, https:\/\/cdn.teamdeck.io\/uploads\/website\/2019\/03\/15103636\/Screen-Shot-2019-03-15-at-09.35.13-768x506.png 768w, https:\/\/cdn.teamdeck.io\/uploads\/website\/2019\/03\/15103636\/Screen-Shot-2019-03-15-at-09.35.13-960x633.png 960w, https:\/\/cdn.teamdeck.io\/uploads\/website\/2019\/03\/15103636\/Screen-Shot-2019-03-15-at-09.35.13.png 1308w\" sizes=\"auto, (max-width: 500px) 100vw, 500px\" \/><\/p>\n\n\t\t<\/div>\n\t<\/div>\n<\/div><\/div><\/div><\/div><div class=\"vc_row-full-width vc_clearfix\"><\/div><div data-vc-full-width=\"true\" data-vc-full-width-init=\"false\" class=\"vc_row wpb_row vc_row-fluid redl-row-section feature-row vc_custom_1504100630814 vc_row-o-equal-height vc_row-o-content-middle vc_row-flex padding-medium bgv-default bgh-default halign-center\"><div class=\"wpb_column vc_column_container text-left vc_col-sm-6 padding-default bgv-default bgh-default halign-default\"><div class=\"vc_column-inner\"><div class=\"wpb_wrapper\">\n\t<div class=\"wpb_text_column wpb_content_element\" >\n\t\t<div class=\"wpb_wrapper\">\n\t\t\t<p><img loading=\"lazy\" decoding=\"async\" class=\"alignnone wp-image-4784\" src=\"https:\/\/cdn.teamdeck.io\/uploads\/website\/2019\/03\/15103633\/Screen-Shot-2019-03-15-at-09.35.32-300x197.png\" alt=\"Feriepenger\" width=\"500\" height=\"329\" srcset=\"https:\/\/cdn.teamdeck.io\/uploads\/website\/2019\/03\/15103633\/Screen-Shot-2019-03-15-at-09.35.32-300x197.png 300w, https:\/\/cdn.teamdeck.io\/uploads\/website\/2019\/03\/15103633\/Screen-Shot-2019-03-15-at-09.35.32-768x505.png 768w, https:\/\/cdn.teamdeck.io\/uploads\/website\/2019\/03\/15103633\/Screen-Shot-2019-03-15-at-09.35.32-960x631.png 960w, https:\/\/cdn.teamdeck.io\/uploads\/website\/2019\/03\/15103633\/Screen-Shot-2019-03-15-at-09.35.32.png 1250w\" sizes=\"auto, (max-width: 500px) 100vw, 500px\" \/><\/p>\n\n\t\t<\/div>\n\t<\/div>\n<\/div><\/div><\/div><div class=\"feature-info wpb_column vc_column_container text-left vc_col-sm-6 vc_col-lg-4 padding-small bgv-default bgh-default halign-default\"><div class=\"vc_column-inner\"><div class=\"wpb_wrapper\">\n\t<div class=\"wpb_text_column wpb_content_element\" >\n\t\t<div class=\"wpb_wrapper\">\n\t\t\t<p><span class=\"text-title\">Person- og feriegodtgj\u00f8relse<\/span><\/p>\n<p>Dette er kjernen i frav\u00e6rsrapporten, en tabell som lar deg holde oversikt over feriepengene til medarbeiderne dine. Alt du trenger \u00e5 gj\u00f8re, er \u00e5 legge inn deres samlede \u00e5rlige eller m\u00e5nedlige godtgj\u00f8relse (avhengig av hvilken periode du \u00f8nsker \u00e5 analysere). Du kan ganske enkelt skrive inn disse verdiene i <em>feriepenger<\/em> kolonnen, som i et regneark. Antall gjenv\u00e6rende feriedager beregnes og oppdateres automatisk.<\/p>\n\n\t\t<\/div>\n\t<\/div>\n<\/div><\/div><\/div><\/div><div class=\"vc_row-full-width vc_clearfix\"><\/div><div class=\"vc_row wpb_row vc_row-fluid redl-row-section padding-default bgv-default bgh-default halign-default\"><div class=\"wpb_column vc_column_container text-left vc_col-sm-12 padding-default bgv-default bgh-default halign-default\"><div class=\"vc_column-inner\"><div class=\"wpb_wrapper\">\n\t<div class=\"wpb_text_column wpb_content_element\" >\n\t\t<div class=\"wpb_wrapper\">\n\t\t\t\n\t\t<\/div>\n\t<\/div>\n<\/div><\/div><\/div><\/div><div class=\"vc_row wpb_row vc_row-fluid redl-row-section vc_custom_1551186799735 padding-small bgv-default bgh-default halign-center\"><div class=\"wpb_column vc_column_container text-left vc_col-sm-12 padding-default bgv-default bgh-default halign-default\"><div class=\"vc_column-inner\"><div class=\"wpb_wrapper\">\n\t<div class=\"wpb_text_column wpb_content_element\" >\n\t\t<div class=\"wpb_wrapper\">\n\t\t\t<p><span style=\"font-size: 18px;\">Frav\u00e6rsrapportmalen kan tilpasses, i likhet med alle andre rapporter i Teamdeck. Du kan legge til tabeller og diagrammer, endre navn p\u00e5 kolonnene eller justere beregningene slik at de passer bedre til bedriftens retningslinjer.<br \/>\nSe et eksempel p\u00e5 en frav\u00e6rsrapport <a href=\"https:\/\/app.teamdeck.io\/reports\/3ea593d67594be0c51688114759165b35c8645323dc8e5c8645323dd3b\">her<\/a>.<\/span><\/p>\n\n\t\t<\/div>\n\t<\/div>\n\n\t<div class=\"wpb_text_column wpb_content_element\" >\n\t\t<div class=\"wpb_wrapper\">\n\t\t\t<p><span style=\"font-size: 18px;\">Husk at alle elementene i denne rapporten kan tilpasses: Du kan legge til eller fjerne diagrammer, endre etiketter eller beregningsformler, alt du trenger for \u00e5 f\u00e5 denne rapporten til \u00e5 fungere perfekt med din n\u00e5v\u00e6rende arbeidsflyt.<\/span><\/p>\n\n\t\t<\/div>\n\t<\/div>\n<div class=\"vc_empty_space\"   style=\"height: 32px\" ><span class=\"vc_empty_space_inner\"><\/span><\/div>\n<\/div><\/div><\/div><\/div><div data-vc-full-width=\"true\" data-vc-full-width-init=\"false\" class=\"vc_row wpb_row vc_row-fluid redl-row-section footer-message-row vc_custom_1502964176474 vc_row-has-fill vc_row-o-equal-height vc_row-flex padding-medium bgv-default bgh-default halign-default\"><div class=\"wpb_column vc_column_container text-center vc_col-sm-12 vc_col-lg-8 vc_col-md-9 padding-default bgv-default bgh-default halign-center\"><div class=\"vc_column-inner\"><div class=\"wpb_wrapper\">\n\t<div class=\"wpb_text_column wpb_content_element\" >\n\t\t<div class=\"wpb_wrapper\">\n\t\t\t<p><span class=\"message\">For \u00e5 lage din egen frav\u00e6rsrapport velger du <strong>Rapport om avspasering<\/strong> fra malene som er tilgjengelige i Teamdecks rapportseksjon.<\/span><\/p>\n\n\t\t<\/div>\n\t<\/div>\n<a class=\"redl-btn  redl-btn-border redl-btn-two  redl-btn-medium redl-btn-69d8e8efbe49c btn-hover-one btn-icon-left signup-bottom\" href=\"https:\/\/app.teamdeck.io\/register?utm_source=reports\" target=\"_blank\">F\u00e5 en 30-dagers GRATIS pr\u00f8veperiode<\/a><\/div><\/div><\/div><\/div><div class=\"vc_row-full-width vc_clearfix\"><\/div><div class=\"vc_row wpb_row vc_row-fluid redl-row-section padding-default bgv-default bgh-default halign-default\"><div class=\"wpb_column vc_column_container text-left vc_col-sm-12 padding-default bgv-default bgh-default halign-default\"><div class=\"vc_column-inner\"><div class=\"wpb_wrapper\">\n\t<div class=\"wpb_text_column wpb_content_element\" >\n\t\t<div class=\"wpb_wrapper\">\n\t\t\t<h2 style=\"text-align: center;\">V\u00e5re <a href=\"https:\/\/teamdeck.io\/nb\/\">programvare for ressursplanlegging<\/a> er valgt av Hill-Knowlton, Unit9, Wunderman Thompson - for \u00e5 nevne noen av v\u00e5re kunder. Bli bedre kjent med Teamdecks evner<\/h2>\n\n\t\t<\/div>\n\t<\/div>\n<\/div><\/div><\/div><\/div><div class=\"vc_row wpb_row vc_row-fluid redl-row-section padding-default bgv-default bgh-default halign-default\"><div class=\"wpb_column vc_column_container text-left vc_col-sm-12 padding-default bgv-default bgh-default halign-default\"><div class=\"vc_column-inner\"><div class=\"wpb_wrapper\"><form class=\"get-started-form\" action=\"\">\n  <div class=\"get-started-form__input-wrapper\">\n    <input class=\"get-started-form__input\" placeholder=\"Skriv inn bedriftens e-postadresse\" \/>\n  <\/div>\n  <button type=\"submit\" class=\"get-started-form__button\">\n    <span class=\"get-started-form__button-text\">F\u00e5 en 14-dagers GRATIS pr\u00f8veperiode<\/>\n  <\/button>\n  <button class=\"get-started-form__button\">\n    <span class=\"get-started-form__button-text\">Ugyldig e-post<\/>\n  <\/button>\n<input type=\"hidden\" name=\"trp-form-language\" value=\"nb\"\/><\/form>\n<\/div><\/div><\/div><\/div>","protected":false},"excerpt":{"rendered":"Mal for frav\u00e6rsrapport Frav\u00e6rsrapport Mal for avspasering (heri: Frav\u00e6r) brukes oftest av HR- og driftsteam som har behov for \u00e5 holde oversikt over feriepenger. Avspasering Dette diagrammet visualiserer avspasering av...","protected":false},"author":6,"featured_media":0,"parent":4695,"menu_order":0,"comment_status":"closed","ping_status":"closed","template":"","meta":{"footnotes":""},"class_list":["post-4739","page","type-page","status-publish","hentry"],"yoast_head":"<!-- This site is optimized with the Yoast SEO Premium plugin v23.8 (Yoast SEO v24.3) - https:\/\/yoast.com\/wordpress\/plugins\/seo\/ -->\n<title>Absence Report Template - Teamdeck<\/title>\n<meta name=\"description\" content=\"Absence report template is most often used by HR &amp; operations teams who need to keep track of vacation allowances and time off taken.\" \/>\n<meta name=\"robots\" content=\"index, follow, max-snippet:-1, max-image-preview:large, max-video-preview:-1\" \/>\n<link rel=\"canonical\" href=\"https:\/\/teamdeck.io\/nb\/funksjoner\/rapportering\/mal-for-fravaersrapport\/\" \/>\n<meta property=\"og:locale\" content=\"nb_NO\" \/>\n<meta property=\"og:type\" content=\"article\" \/>\n<meta property=\"og:title\" content=\"Absence report template\" \/>\n<meta property=\"og:description\" content=\"Absence report template is most often used by HR &amp; operations teams who need to keep track of vacation allowances and time off taken.\" \/>\n<meta property=\"og:url\" content=\"https:\/\/teamdeck.io\/nb\/funksjoner\/rapportering\/mal-for-fravaersrapport\/\" \/>\n<meta property=\"og:site_name\" content=\"Teamdeck\" \/>\n<meta property=\"article:publisher\" content=\"https:\/\/www.facebook.com\/helloteamdeck\" \/>\n<meta property=\"article:modified_time\" content=\"2021-12-16T17:52:51+00:00\" \/>\n<meta property=\"og:image\" content=\"https:\/\/teamdeck.io\/wp-content\/uploads\/2019\/03\/Screen-Shot-2019-03-15-at-09.34.59-300x258.png\" \/>\n<meta name=\"twitter:card\" content=\"summary_large_image\" \/>\n<meta name=\"twitter:site\" content=\"@helloteamdeck\" \/>\n<meta name=\"twitter:label1\" content=\"Est. reading time\" \/>\n\t<meta name=\"twitter:data1\" content=\"3 minutes\" \/>\n<script type=\"application\/ld+json\" class=\"yoast-schema-graph\">{\"@context\":\"https:\/\/schema.org\",\"@graph\":[{\"@type\":\"WebPage\",\"@id\":\"https:\/\/teamdeck.io\/features\/reporting\/absence-report-template\/\",\"url\":\"https:\/\/teamdeck.io\/features\/reporting\/absence-report-template\/\",\"name\":\"Absence Report Template - Teamdeck\",\"isPartOf\":{\"@id\":\"https:\/\/teamdeck.io\/#website\"},\"primaryImageOfPage\":{\"@id\":\"https:\/\/teamdeck.io\/features\/reporting\/absence-report-template\/#primaryimage\"},\"image\":{\"@id\":\"https:\/\/teamdeck.io\/features\/reporting\/absence-report-template\/#primaryimage\"},\"thumbnailUrl\":\"https:\/\/teamdeck.io\/wp-content\/uploads\/2019\/03\/Screen-Shot-2019-03-15-at-09.34.59-300x258.png\",\"datePublished\":\"2019-03-15T15:19:58+00:00\",\"dateModified\":\"2021-12-16T17:52:51+00:00\",\"description\":\"Absence report template is most often used by HR & operations teams who need to keep track of vacation allowances and time off taken.\",\"breadcrumb\":{\"@id\":\"https:\/\/teamdeck.io\/features\/reporting\/absence-report-template\/#breadcrumb\"},\"inLanguage\":\"nb-NO\",\"potentialAction\":[{\"@type\":\"ReadAction\",\"target\":[\"https:\/\/teamdeck.io\/features\/reporting\/absence-report-template\/\"]}]},{\"@type\":\"ImageObject\",\"inLanguage\":\"nb-NO\",\"@id\":\"https:\/\/teamdeck.io\/features\/reporting\/absence-report-template\/#primaryimage\",\"url\":\"https:\/\/teamdeck.io\/wp-content\/uploads\/2019\/03\/Screen-Shot-2019-03-15-at-09.34.59-300x258.png\",\"contentUrl\":\"https:\/\/teamdeck.io\/wp-content\/uploads\/2019\/03\/Screen-Shot-2019-03-15-at-09.34.59-300x258.png\"},{\"@type\":\"BreadcrumbList\",\"@id\":\"https:\/\/teamdeck.io\/features\/reporting\/absence-report-template\/#breadcrumb\",\"itemListElement\":[{\"@type\":\"ListItem\",\"position\":1,\"name\":\"Home\",\"item\":\"https:\/\/teamdeck.io\/\"},{\"@type\":\"ListItem\",\"position\":2,\"name\":\"Features\",\"item\":\"https:\/\/teamdeck.io\/features\/\"},{\"@type\":\"ListItem\",\"position\":3,\"name\":\"Custom reporting\",\"item\":\"https:\/\/teamdeck.io\/features\/reporting\/\"},{\"@type\":\"ListItem\",\"position\":4,\"name\":\"Absence report template\"}]},{\"@type\":\"WebSite\",\"@id\":\"https:\/\/teamdeck.io\/#website\",\"url\":\"https:\/\/teamdeck.io\/\",\"name\":\"Teamdeck\",\"description\":\"resource scheduling + time tracking + leave management\",\"potentialAction\":[{\"@type\":\"SearchAction\",\"target\":{\"@type\":\"EntryPoint\",\"urlTemplate\":\"https:\/\/teamdeck.io\/?s={search_term_string}\"},\"query-input\":{\"@type\":\"PropertyValueSpecification\",\"valueRequired\":true,\"valueName\":\"search_term_string\"}}],\"inLanguage\":\"nb-NO\"}]}<\/script>\n<!-- \/ Yoast SEO Premium plugin. -->","yoast_head_json":{"title":"Absence Report Template - Teamdeck","description":"Absence report template is most often used by HR & operations teams who need to keep track of vacation allowances and time off taken.","robots":{"index":"index","follow":"follow","max-snippet":"max-snippet:-1","max-image-preview":"max-image-preview:large","max-video-preview":"max-video-preview:-1"},"canonical":"https:\/\/teamdeck.io\/nb\/funksjoner\/rapportering\/mal-for-fravaersrapport\/","og_locale":"nb_NO","og_type":"article","og_title":"Absence report template","og_description":"Absence report template is most often used by HR & operations teams who need to keep track of vacation allowances and time off taken.","og_url":"https:\/\/teamdeck.io\/nb\/funksjoner\/rapportering\/mal-for-fravaersrapport\/","og_site_name":"Teamdeck","article_publisher":"https:\/\/www.facebook.com\/helloteamdeck","article_modified_time":"2021-12-16T17:52:51+00:00","og_image":[{"url":"https:\/\/teamdeck.io\/wp-content\/uploads\/2019\/03\/Screen-Shot-2019-03-15-at-09.34.59-300x258.png","type":"","width":"","height":""}],"twitter_card":"summary_large_image","twitter_site":"@helloteamdeck","twitter_misc":{"Est. reading time":"3 minutes"},"schema":{"@context":"https:\/\/schema.org","@graph":[{"@type":"WebPage","@id":"https:\/\/teamdeck.io\/features\/reporting\/absence-report-template\/","url":"https:\/\/teamdeck.io\/features\/reporting\/absence-report-template\/","name":"Absence Report Template - Teamdeck","isPartOf":{"@id":"https:\/\/teamdeck.io\/#website"},"primaryImageOfPage":{"@id":"https:\/\/teamdeck.io\/features\/reporting\/absence-report-template\/#primaryimage"},"image":{"@id":"https:\/\/teamdeck.io\/features\/reporting\/absence-report-template\/#primaryimage"},"thumbnailUrl":"https:\/\/teamdeck.io\/wp-content\/uploads\/2019\/03\/Screen-Shot-2019-03-15-at-09.34.59-300x258.png","datePublished":"2019-03-15T15:19:58+00:00","dateModified":"2021-12-16T17:52:51+00:00","description":"Absence report template is most often used by HR & operations teams who need to keep track of vacation allowances and time off taken.","breadcrumb":{"@id":"https:\/\/teamdeck.io\/features\/reporting\/absence-report-template\/#breadcrumb"},"inLanguage":"nb-NO","potentialAction":[{"@type":"ReadAction","target":["https:\/\/teamdeck.io\/features\/reporting\/absence-report-template\/"]}]},{"@type":"ImageObject","inLanguage":"nb-NO","@id":"https:\/\/teamdeck.io\/features\/reporting\/absence-report-template\/#primaryimage","url":"https:\/\/teamdeck.io\/wp-content\/uploads\/2019\/03\/Screen-Shot-2019-03-15-at-09.34.59-300x258.png","contentUrl":"https:\/\/teamdeck.io\/wp-content\/uploads\/2019\/03\/Screen-Shot-2019-03-15-at-09.34.59-300x258.png"},{"@type":"BreadcrumbList","@id":"https:\/\/teamdeck.io\/features\/reporting\/absence-report-template\/#breadcrumb","itemListElement":[{"@type":"ListItem","position":1,"name":"Home","item":"https:\/\/teamdeck.io\/"},{"@type":"ListItem","position":2,"name":"Features","item":"https:\/\/teamdeck.io\/features\/"},{"@type":"ListItem","position":3,"name":"Custom reporting","item":"https:\/\/teamdeck.io\/features\/reporting\/"},{"@type":"ListItem","position":4,"name":"Absence report template"}]},{"@type":"WebSite","@id":"https:\/\/teamdeck.io\/#website","url":"https:\/\/teamdeck.io\/","name":"Teamdeck","description":"resource scheduling + time tracking + leave management","potentialAction":[{"@type":"SearchAction","target":{"@type":"EntryPoint","urlTemplate":"https:\/\/teamdeck.io\/?s={search_term_string}"},"query-input":{"@type":"PropertyValueSpecification","valueRequired":true,"valueName":"search_term_string"}}],"inLanguage":"nb-NO"}]}},"_links":{"self":[{"href":"https:\/\/teamdeck.io\/nb\/wp-json\/wp\/v2\/pages\/4739","targetHints":{"allow":["GET"]}}],"collection":[{"href":"https:\/\/teamdeck.io\/nb\/wp-json\/wp\/v2\/pages"}],"about":[{"href":"https:\/\/teamdeck.io\/nb\/wp-json\/wp\/v2\/types\/page"}],"author":[{"embeddable":true,"href":"https:\/\/teamdeck.io\/nb\/wp-json\/wp\/v2\/users\/6"}],"replies":[{"embeddable":true,"href":"https:\/\/teamdeck.io\/nb\/wp-json\/wp\/v2\/comments?post=4739"}],"version-history":[{"count":11,"href":"https:\/\/teamdeck.io\/nb\/wp-json\/wp\/v2\/pages\/4739\/revisions"}],"predecessor-version":[{"id":8411,"href":"https:\/\/teamdeck.io\/nb\/wp-json\/wp\/v2\/pages\/4739\/revisions\/8411"}],"up":[{"embeddable":true,"href":"https:\/\/teamdeck.io\/nb\/wp-json\/wp\/v2\/pages\/4695"}],"wp:attachment":[{"href":"https:\/\/teamdeck.io\/nb\/wp-json\/wp\/v2\/media?parent=4739"}],"curies":[{"name":"wp","href":"https:\/\/api.w.org\/{rel}","templated":true}]}}