{"id":2853,"date":"2017-09-07T12:08:23","date_gmt":"2017-09-07T10:08:23","guid":{"rendered":"https:\/\/teamdeck.io\/?page_id=2853"},"modified":"2024-04-08T13:08:17","modified_gmt":"2024-04-08T11:08:17","slug":"privacy-policy","status":"publish","type":"page","link":"https:\/\/teamdeck.io\/nb\/personvernerklaering\/","title":{"rendered":"Retningslinjer for personvern"},"content":{"rendered":"<div class=\"vc_row wpb_row vc_row-fluid redl-row-section padding-default bgv-default bgh-default halign-default\"><div class=\"wpb_column vc_column_container text-left vc_col-sm-12 padding-default bgv-default bgh-default halign-default\"><div class=\"vc_column-inner\"><div class=\"wpb_wrapper\"><div class=\"vc_empty_space\"   style=\"height: 32px\" ><span class=\"vc_empty_space_inner\"><\/span><\/div>\n\n\t<div class=\"wpb_text_column wpb_content_element\" >\n\t\t<div class=\"wpb_wrapper\">\n\t\t\t<h1 class=\"ng-scope\" style=\"text-align: center;\">Retningslinjer for personvern<\/h1>\n<p class=\"ng-scope\" style=\"text-align: center;\"><small>Sist oppdatert: 30. januar 2024<\/small><\/p>\n\n\t\t<\/div>\n\t<\/div>\n<div class=\"vc_empty_space\"   style=\"height: 32px\" ><span class=\"vc_empty_space_inner\"><\/span><\/div>\n\n\t<div class=\"wpb_text_column wpb_content_element\" >\n\t\t<div class=\"wpb_wrapper\">\n\t\t\t<p class=\"ng-scope\">Teamdeck sp. z o.o. (\"oss\", \"vi\" eller \"v\u00e5r\") med registrert kontor i: Nowowiejskiego 55, 61-734 Pozna\u0144, Polen, NIP: 7831750055, REGON: 365865326, registrert i den regionale domstolen Pozna\u0144 - Nowe Miasto I Wilda i Pozna\u0144, VIII handelsavdeling i det nasjonale domstolsregisteret, registrert i handelsregisteret (KRS) under nr. 0000646426 driver nettstedet https:\/\/teamdeck.io (\"Tjenesten\").<\/p>\n<p class=\"ng-scope\">Denne siden informerer deg om v\u00e5re retningslinjer for innsamling, bruk og utlevering av personopplysninger n\u00e5r du bruker tjenesten v\u00e5r.<\/p>\n<p class=\"ng-scope\">Vi vil ikke bruke eller dele informasjonen din med andre enn de som er beskrevet i denne personvernerkl\u00e6ringen.<\/p>\n<p class=\"ng-scope\">Vi bruker personopplysningene dine til \u00e5 levere og forbedre tjenesten. Ved \u00e5 bruke tjenesten samtykker du til innsamling og bruk av informasjon i samsvar med disse retningslinjene. Med mindre annet er definert i denne personvernerkl\u00e6ringen, har begrepene som brukes i denne personvernerkl\u00e6ringen samme betydning som i v\u00e5re vilk\u00e5r og betingelser, som er tilgjengelige p\u00e5 https:\/\/teamdeck.io.<\/p>\n<p class=\"ng-scope\">Teamdeck sp. z o.o. er et polsk selskap og er dermed i samsvar med polsk lov, spesielt loven om beskyttelse av personopplysninger av 29. august 1997 (Journal of Laws nr. 133, punkt 883, med endringer).<\/p>\n<p class=\"ng-scope\"><strong>\u00a71. Innsamling og bruk av informasjon<\/strong><\/p>\n<p class=\"ng-scope\">N\u00e5r du bruker tjenesten v\u00e5r, kan vi be kunden om \u00e5 gi oss visse personopplysninger som kan brukes til \u00e5 kontakte eller identifisere kunden. Personlig identifiserbar informasjon kan inkludere, men er ikke begrenset til, kundens e-postadresse, navn, telefonnummer, postadresse (\"Personlig informasjon\").<\/p>\n<p class=\"ng-scope\"><strong>\u00a72. Loggdata<\/strong><\/p>\n<p class=\"ng-scope\">1. Vi kan ogs\u00e5 samle inn informasjon som kundens nettleser sender n\u00e5r kunden bes\u00f8ker tjenesten v\u00e5r (\"Loggdata\"). Disse loggdataene kan inneholde informasjon som kundens IP-adresse, nettlesertype, nettleserversjon, sidene i v\u00e5r tjeneste som kunden bes\u00f8ker, klokkeslett og dato for kundens bes\u00f8k, tiden som er brukt p\u00e5 disse sidene og annen statistikk.<\/p>\n<p class=\"ng-scope\">2. I tillegg kan vi bruke tredjepartstjenester som Google Analytics som samler inn, overv\u00e5ker og analyserer denne typen informasjon for \u00e5 \u00f8ke funksjonaliteten til tjenesten v\u00e5r. Disse tredjepartsleverand\u00f8rene har sine egne personvernerkl\u00e6ringer som omhandler hvordan de bruker slik informasjon.<\/p>\n<p><strong class=\"ng-scope\">\u00a73. Kaker<\/strong><\/p>\n<p class=\"ng-scope\">1. Informasjonskapsler er filer med en liten mengde data, som kan inneholde en anonym, unik identifikator. Informasjonskapsler sendes til kundens nettleser fra et nettsted og lagres p\u00e5 harddisken p\u00e5 kundens datamaskin.<\/p>\n<p class=\"ng-scope\">2. Vi bruker \"informasjonskapsler\" for \u00e5 samle inn informasjon. Kunden kan instruere nettleseren sin til \u00e5 nekte alle informasjonskapsler eller til \u00e5 indikere n\u00e5r en informasjonskapsel blir sendt. Hvis kunden ikke godtar informasjonskapsler, kan det imidlertid hende at kunden ikke kan bruke enkelte deler av tjenesten v\u00e5r.<\/p>\n<p class=\"ng-scope\"><strong>\u00a74. Atferdsbasert videremarkedsf\u00f8ring<\/strong><\/p>\n<p class=\"ng-scope\">1. Teamdeck sp. z o.o. bruker remarketingtjenester for \u00e5 annonsere p\u00e5 tredjeparts nettsteder til kunden etter at kunden har bes\u00f8kt v\u00e5r tjeneste. Vi, og v\u00e5re tredjepartsleverand\u00f8rer, bruker informasjonskapsler for \u00e5 informere, optimalisere og vise annonser basert p\u00e5 kundens tidligere bes\u00f8k p\u00e5 v\u00e5r tjeneste.<\/p>\n<ul>\n<li><strong>Google<\/strong><\/li>\n<\/ul>\n<p style=\"padding-left: 30px;\">Google AdWords remarketingtjeneste leveres av Google Inc.<\/p>\n<p style=\"padding-left: 30px;\">Du kan velge bort Google Analytics for Display-annonsering og tilpasse annonsene i Google Display-nettverket ved \u00e5 g\u00e5 til siden for innstillinger for Google Ads: http:\/\/www.google.com\/settings\/ads<\/p>\n<p style=\"padding-left: 30px;\">Google anbefaler ogs\u00e5 at du installerer Google Analytics Opt-out Browser Add-on - https:\/\/tools.google.com\/dlpage\/gaoptout - i nettleseren din. Google Analytics Opt-out Browser Add-on gir bes\u00f8kende muligheten til \u00e5 forhindre at dataene deres blir samlet inn og brukt av Google Analytics.<\/p>\n<p style=\"padding-left: 30px;\">Hvis du vil ha mer informasjon om Googles personvernpraksis, kan du g\u00e5 til Googles nettside om personvern og vilk\u00e5r: http:\/\/www.google.com\/intl\/en\/policies\/privacy\/<\/p>\n<ul>\n<li><strong><strong>Facebook<\/strong><\/strong><\/li>\n<\/ul>\n<p style=\"padding-left: 30px;\"><strong><strong><br \/>\n<\/strong><\/strong><br \/>\nFacebooks remarketingtjeneste leveres av Facebook Inc.<\/p>\n<p style=\"padding-left: 30px;\">Du kan l\u00e6re mer om interessebasert annonsering fra Facebook ved \u00e5 g\u00e5 til denne siden: https:\/\/www.facebook.com\/help\/164968693837950<\/p>\n<p style=\"padding-left: 30px;\">F\u00f8lg disse instruksjonene fra Facebook for \u00e5 melde deg ut av Facebooks interessebaserte annonser: https:\/\/www.facebook.com\/about\/ads\/#568137493302217<\/p>\n<p style=\"padding-left: 30px;\">Facebook f\u00f8lger de selvregulerende prinsippene for atferdsbasert annonsering p\u00e5 nettet som er etablert av Digital Advertising Alliance. Du kan ogs\u00e5 reservere deg mot Facebook og andre deltakende selskaper gjennom Digital Advertising Alliance i USA http:\/\/www.aboutads.info\/choices\/, Digital Advertising Alliance of Canada i Canada http:\/\/youradchoices.ca\/ eller European Interactive Digital Advertising Alliance i Europa http:\/\/www.youronlinechoices.eu\/, eller reservere deg ved hjelp av innstillingene p\u00e5 mobilenheten din.<\/p>\n<p style=\"padding-left: 30px;\">For mer informasjon om Facebooks personvernpraksis, vennligst bes\u00f8k Facebooks datapolicy: https:\/\/www.facebook.com\/privacy\/explanation<\/p>\n<p class=\"ng-scope\"><strong>\u00a75. Tjenesteleverand\u00f8rer<\/strong><\/p>\n<p class=\"ng-scope\">1. Vi kan bruke tredjepartsselskaper og -personer til \u00e5 tilrettelegge Tjenesten v\u00e5r, til \u00e5 levere Tjenesten p\u00e5 v\u00e5re vegne, til \u00e5 utf\u00f8re Tjenesterelaterte tjenester eller til \u00e5 hjelpe oss med \u00e5 analysere hvordan Tjenesten v\u00e5r brukes.<\/p>\n<p class=\"ng-scope\">2. Disse tredjepartene har kun tilgang til kundenes personopplysninger for \u00e5 utf\u00f8re disse oppgavene p\u00e5 v\u00e5re vegne, og er forpliktet til ikke \u00e5 utlevere eller bruke dem til noe annet form\u00e5l.<\/p>\n<p class=\"ng-scope\"><strong>\u00a76. Kommunikasjon<\/strong><\/p>\n<p class=\"ng-scope\">Vi kan bruke kundens personopplysninger til \u00e5 kontakte kunden med nyhetsbrev, markedsf\u00f8rings- eller reklamemateriell og annen informasjon som kan v\u00e6re av interesse for kunden. Kunden kan velge \u00e5 ikke motta noen av, eller alle, disse henvendelsene fra oss ved \u00e5 f\u00f8lge avmeldingslenken eller instruksjonene i e-postene vi sender.<\/p>\n<p class=\"ng-scope\"><strong>\u00a77. Overholdelse av lover<\/strong><\/p>\n<p class=\"ng-scope\">Vi vil utlevere kundens personopplysninger n\u00e5r vi er p\u00e5lagt \u00e5 gj\u00f8re det ved lov eller stevning, eller hvis vi mener at en slik handling er n\u00f8dvendig for \u00e5 overholde loven og rimelige foresp\u00f8rsler fra politimyndigheter eller for \u00e5 beskytte sikkerheten eller integriteten til tjenesten v\u00e5r.<\/p>\n<p class=\"ng-scope\"><strong>\u00a78. Forretningstransaksjon<\/strong><\/p>\n<p class=\"ng-scope\">Hvis Teamdeck sp. z o.o. er involvert i en fusjon, et oppkj\u00f8p eller salg av eiendeler, kan kundenes personopplysninger bli overf\u00f8rt. Vi vil varsle deg f\u00f8r kundens personopplysninger overf\u00f8res og blir underlagt en annen personvernerkl\u00e6ring.<\/p>\n<p class=\"ng-scope\"><strong>\u00a79. Sikkerhet<\/strong><\/p>\n<p class=\"ng-scope\">Sikkerheten til kundenes personopplysninger er viktig for oss, men husk at ingen metode for overf\u00f8ring via Internett eller elektronisk lagring er 100% sikker. Selv om vi bestreber oss p\u00e5 \u00e5 bruke kommersielt akseptable metoder for \u00e5 beskytte kundenes personopplysninger, kan vi ikke garantere absolutt sikkerhet.<\/p>\n<p class=\"ng-scope\"><strong>\u00a710.Internasjonal overf\u00f8ring<\/strong><\/p>\n<p class=\"ng-scope\">1. Kundeinformasjon, inkludert personopplysninger, kan overf\u00f8res til - og vedlikeholdes p\u00e5 - datamaskiner som befinner seg utenfor din stat, provins, land eller annen statlig jurisdiksjon der personvernlovene kan avvike fra de som gjelder i din jurisdiksjon.<\/p>\n<p class=\"ng-scope\">2. Hvis kunden befinner seg utenfor Polen og velger \u00e5 oppgi informasjon til oss, m\u00e5 du v\u00e6re oppmerksom p\u00e5 at vi overf\u00f8rer informasjonen, inkludert personopplysninger, til Polen og behandler den der.<\/p>\n<p class=\"ng-scope\">3. Kundens samtykke til denne personvernerkl\u00e6ringen etterfulgt av kundens innsending av slik informasjon representerer kundens samtykke til denne overf\u00f8ringen og kundens samtykke.<\/p>\n<p class=\"ng-scope\"><strong>\u00a711. Lenker til andre nettsteder<\/strong><\/p>\n<p class=\"ng-scope\">1. Tjenesten v\u00e5r kan inneholde lenker til andre nettsteder som ikke drives av oss. Hvis kunden klikker p\u00e5 en tredjepartslenke, vil kunden bli sendt til den aktuelle tredjepartens nettsted. Vi anbefaler kunden \u00e5 lese gjennom personvernerkl\u00e6ringen for hvert nettsted kunden bes\u00f8ker.<\/p>\n<p class=\"ng-scope\">2. Vi har ingen kontroll over, og p\u00e5tar oss intet ansvar for, innholdet, personvernerkl\u00e6ringene eller praksisen til tredjeparts nettsteder eller tjenester.<\/p>\n<p class=\"ng-scope\"><strong>\u00a712. Barns personvern<\/strong><\/p>\n<p class=\"ng-scope\">1. Tjenesten v\u00e5r henvender seg ikke til personer under 13 \u00e5r (\"Barn\").<\/p>\n<p class=\"ng-scope\">2. Vi samler ikke bevisst inn personlig identifiserbar informasjon fra barn under 13 \u00e5r. Hvis du er forelder eller foresatt og du er klar over at dine barn har gitt oss personopplysninger, vennligst kontakt oss. Hvis vi blir oppmerksomme p\u00e5 at vi har samlet inn personopplysninger fra barn under 13 \u00e5r uten verifisering av foreldrenes samtykke, vil vi iverksette tiltak for \u00e5 fjerne disse opplysningene fra serverne v\u00e5re.<\/p>\n<p class=\"ng-scope\"><strong>\u00a713. Endringer i denne personvernerkl\u00e6ringen<\/strong><\/p>\n<p class=\"ng-scope\">1. Vi kan oppdatere personvernerkl\u00e6ringen v\u00e5r fra tid til annen. Vi vil varsle kunden om eventuelle endringer ved \u00e5 legge ut den nye personvernerkl\u00e6ringen p\u00e5 denne siden.<\/p>\n<p class=\"ng-scope\">2. Kunden anbefales \u00e5 gjennomg\u00e5 denne personvernerkl\u00e6ringen med jevne mellomrom for eventuelle endringer. Endringer i denne personvernerkl\u00e6ringen trer i kraft n\u00e5r de legges ut p\u00e5 denne siden.<\/p>\n\n\t\t<\/div>\n\t<\/div>\n<div class=\"vc_empty_space\"   style=\"height: 32px\" ><span class=\"vc_empty_space_inner\"><\/span><\/div>\n<\/div><\/div><\/div><\/div>","protected":false},"excerpt":{"rendered":"Personvernerkl\u00e6ring Sist oppdatert: 30. januar 2024 Teamdeck sp. z o.o. (\"oss\", \"vi\" eller \"v\u00e5r\") med registrert kontor i: Nowowiejskiego 55, 61-734 Pozna\u0144, Polen, NIP: 7831750055, REGON: 365865326, registrert i den regionale domstolen i Pozna\u0144 - Nowe...","protected":false},"author":17,"featured_media":0,"parent":0,"menu_order":0,"comment_status":"closed","ping_status":"closed","template":"","meta":{"footnotes":""},"class_list":["post-2853","page","type-page","status-publish","hentry"],"yoast_head":"<!-- This site is optimized with the Yoast SEO Premium plugin v23.8 (Yoast SEO v24.3) - https:\/\/yoast.com\/wordpress\/plugins\/seo\/ -->\n<title>Teamdeck - Privacy Policy<\/title>\n<meta name=\"description\" content=\"Teamdeck cares about your privacy and security of its service. Please, read the following privacy policy carefully.\" \/>\n<meta name=\"robots\" content=\"index, follow, max-snippet:-1, max-image-preview:large, max-video-preview:-1\" \/>\n<link rel=\"canonical\" href=\"https:\/\/teamdeck.io\/nb\/personvernerklaering\/\" \/>\n<meta property=\"og:locale\" content=\"nb_NO\" \/>\n<meta property=\"og:type\" content=\"article\" \/>\n<meta property=\"og:title\" content=\"Teamdeck - Privacy Policy\" \/>\n<meta property=\"og:description\" content=\"Teamdeck cares about your privacy and security of its service. Please, read the following privacy policy carefully.\" \/>\n<meta property=\"og:url\" content=\"https:\/\/teamdeck.io\/nb\/personvernerklaering\/\" \/>\n<meta property=\"og:site_name\" content=\"Teamdeck\" \/>\n<meta property=\"article:publisher\" content=\"https:\/\/www.facebook.com\/helloteamdeck\" \/>\n<meta property=\"article:modified_time\" content=\"2024-04-08T11:08:17+00:00\" \/>\n<meta property=\"og:image\" content=\"https:\/\/cdn.teamdeck.io\/uploads\/website\/2017\/09\/teamdeck-share.png\" \/>\n<meta name=\"twitter:card\" content=\"summary_large_image\" \/>\n<meta name=\"twitter:title\" content=\"Teamdeck - Privacy Policy\" \/>\n<meta name=\"twitter:description\" content=\"Teamdeck cares about your privacy and security of its service. Please, read the following privacy policy carefully.\" \/>\n<meta name=\"twitter:image\" content=\"https:\/\/cdn.teamdeck.io\/uploads\/website\/2017\/09\/teamdeck-share.png\" \/>\n<meta name=\"twitter:site\" content=\"@helloteamdeck\" \/>\n<meta name=\"twitter:label1\" content=\"Est. reading time\" \/>\n\t<meta name=\"twitter:data1\" content=\"6 minutes\" \/>\n<script type=\"application\/ld+json\" class=\"yoast-schema-graph\">{\"@context\":\"https:\/\/schema.org\",\"@graph\":[{\"@type\":\"WebPage\",\"@id\":\"https:\/\/teamdeck.io\/privacy-policy\/\",\"url\":\"https:\/\/teamdeck.io\/privacy-policy\/\",\"name\":\"Teamdeck - Privacy Policy\",\"isPartOf\":{\"@id\":\"https:\/\/teamdeck.io\/#website\"},\"datePublished\":\"2017-09-07T10:08:23+00:00\",\"dateModified\":\"2024-04-08T11:08:17+00:00\",\"description\":\"Teamdeck cares about your privacy and security of its service. Please, read the following privacy policy carefully.\",\"breadcrumb\":{\"@id\":\"https:\/\/teamdeck.io\/privacy-policy\/#breadcrumb\"},\"inLanguage\":\"nb-NO\",\"potentialAction\":[{\"@type\":\"ReadAction\",\"target\":[\"https:\/\/teamdeck.io\/privacy-policy\/\"]}]},{\"@type\":\"BreadcrumbList\",\"@id\":\"https:\/\/teamdeck.io\/privacy-policy\/#breadcrumb\",\"itemListElement\":[{\"@type\":\"ListItem\",\"position\":1,\"name\":\"Home\",\"item\":\"https:\/\/teamdeck.io\/\"},{\"@type\":\"ListItem\",\"position\":2,\"name\":\"Privacy Policy\"}]},{\"@type\":\"WebSite\",\"@id\":\"https:\/\/teamdeck.io\/#website\",\"url\":\"https:\/\/teamdeck.io\/\",\"name\":\"Teamdeck\",\"description\":\"resource scheduling + time tracking + leave management\",\"potentialAction\":[{\"@type\":\"SearchAction\",\"target\":{\"@type\":\"EntryPoint\",\"urlTemplate\":\"https:\/\/teamdeck.io\/?s={search_term_string}\"},\"query-input\":{\"@type\":\"PropertyValueSpecification\",\"valueRequired\":true,\"valueName\":\"search_term_string\"}}],\"inLanguage\":\"nb-NO\"}]}<\/script>\n<!-- \/ Yoast SEO Premium plugin. -->","yoast_head_json":{"title":"Teamdeck - Privacy Policy","description":"Teamdeck cares about your privacy and security of its service. Please, read the following privacy policy carefully.","robots":{"index":"index","follow":"follow","max-snippet":"max-snippet:-1","max-image-preview":"max-image-preview:large","max-video-preview":"max-video-preview:-1"},"canonical":"https:\/\/teamdeck.io\/nb\/personvernerklaering\/","og_locale":"nb_NO","og_type":"article","og_title":"Teamdeck - Privacy Policy","og_description":"Teamdeck cares about your privacy and security of its service. Please, read the following privacy policy carefully.","og_url":"https:\/\/teamdeck.io\/nb\/personvernerklaering\/","og_site_name":"Teamdeck","article_publisher":"https:\/\/www.facebook.com\/helloteamdeck","article_modified_time":"2024-04-08T11:08:17+00:00","og_image":[{"url":"https:\/\/cdn.teamdeck.io\/uploads\/website\/2017\/09\/teamdeck-share.png","type":"","width":"","height":""}],"twitter_card":"summary_large_image","twitter_title":"Teamdeck - Privacy Policy","twitter_description":"Teamdeck cares about your privacy and security of its service. Please, read the following privacy policy carefully.","twitter_image":"https:\/\/cdn.teamdeck.io\/uploads\/website\/2017\/09\/teamdeck-share.png","twitter_site":"@helloteamdeck","twitter_misc":{"Est. reading time":"6 minutes"},"schema":{"@context":"https:\/\/schema.org","@graph":[{"@type":"WebPage","@id":"https:\/\/teamdeck.io\/privacy-policy\/","url":"https:\/\/teamdeck.io\/privacy-policy\/","name":"Teamdeck - Privacy Policy","isPartOf":{"@id":"https:\/\/teamdeck.io\/#website"},"datePublished":"2017-09-07T10:08:23+00:00","dateModified":"2024-04-08T11:08:17+00:00","description":"Teamdeck cares about your privacy and security of its service. Please, read the following privacy policy carefully.","breadcrumb":{"@id":"https:\/\/teamdeck.io\/privacy-policy\/#breadcrumb"},"inLanguage":"nb-NO","potentialAction":[{"@type":"ReadAction","target":["https:\/\/teamdeck.io\/privacy-policy\/"]}]},{"@type":"BreadcrumbList","@id":"https:\/\/teamdeck.io\/privacy-policy\/#breadcrumb","itemListElement":[{"@type":"ListItem","position":1,"name":"Home","item":"https:\/\/teamdeck.io\/"},{"@type":"ListItem","position":2,"name":"Privacy Policy"}]},{"@type":"WebSite","@id":"https:\/\/teamdeck.io\/#website","url":"https:\/\/teamdeck.io\/","name":"Teamdeck","description":"resource scheduling + time tracking + leave management","potentialAction":[{"@type":"SearchAction","target":{"@type":"EntryPoint","urlTemplate":"https:\/\/teamdeck.io\/?s={search_term_string}"},"query-input":{"@type":"PropertyValueSpecification","valueRequired":true,"valueName":"search_term_string"}}],"inLanguage":"nb-NO"}]}},"_links":{"self":[{"href":"https:\/\/teamdeck.io\/nb\/wp-json\/wp\/v2\/pages\/2853","targetHints":{"allow":["GET"]}}],"collection":[{"href":"https:\/\/teamdeck.io\/nb\/wp-json\/wp\/v2\/pages"}],"about":[{"href":"https:\/\/teamdeck.io\/nb\/wp-json\/wp\/v2\/types\/page"}],"author":[{"embeddable":true,"href":"https:\/\/teamdeck.io\/nb\/wp-json\/wp\/v2\/users\/17"}],"replies":[{"embeddable":true,"href":"https:\/\/teamdeck.io\/nb\/wp-json\/wp\/v2\/comments?post=2853"}],"version-history":[{"count":15,"href":"https:\/\/teamdeck.io\/nb\/wp-json\/wp\/v2\/pages\/2853\/revisions"}],"predecessor-version":[{"id":12719,"href":"https:\/\/teamdeck.io\/nb\/wp-json\/wp\/v2\/pages\/2853\/revisions\/12719"}],"wp:attachment":[{"href":"https:\/\/teamdeck.io\/nb\/wp-json\/wp\/v2\/media?parent=2853"}],"curies":[{"name":"wp","href":"https:\/\/api.w.org\/{rel}","templated":true}]}}