{"id":2849,"date":"2017-09-07T11:34:10","date_gmt":"2017-09-07T09:34:10","guid":{"rendered":"https:\/\/teamdeck.io\/?page_id=2849"},"modified":"2024-10-17T10:30:32","modified_gmt":"2024-10-17T08:30:32","slug":"terms-and-conditions","status":"publish","type":"page","link":"https:\/\/teamdeck.io\/nb\/vilkar-og-betingelser\/","title":{"rendered":"Vilk\u00e5r og betingelser"},"content":{"rendered":"<div class=\"vc_row wpb_row vc_row-fluid redl-row-section padding-default bgv-default bgh-default halign-default\"><div class=\"wpb_column vc_column_container text-left vc_col-sm-12 padding-default bgv-default bgh-default halign-default\"><div class=\"vc_column-inner\"><div class=\"wpb_wrapper\"><div class=\"vc_empty_space\"   style=\"height: 32px\" ><span class=\"vc_empty_space_inner\"><\/span><\/div>\n\n\t<div class=\"wpb_text_column wpb_content_element\" >\n\t\t<div class=\"wpb_wrapper\">\n\t\t\t<h1 class=\"ng-scope\" style=\"text-align: center;\">Vilk\u00e5r og betingelser (\"Vilk\u00e5r\")<\/h1>\n\n\t\t<\/div>\n\t<\/div>\n<div class=\"vc_empty_space\"   style=\"height: 32px\" ><span class=\"vc_empty_space_inner\"><\/span><\/div>\n<\/div><\/div><\/div><\/div><div class=\"vc_row wpb_row vc_row-fluid redl-row-section padding-default bgv-default bgh-default halign-default\"><div class=\"wpb_column vc_column_container text-left vc_col-sm-12 padding-default bgv-default bgh-default halign-default\"><div class=\"vc_column-inner\"><div class=\"wpb_wrapper\">\n\t<div class=\"wpb_text_column wpb_content_element\" >\n\t\t<div class=\"wpb_wrapper\">\n\t\t\t<p><span style=\"font-weight: 400;\">Vennligst les disse vilk\u00e5rene (\"Vilk\u00e5rene\", \"Vilk\u00e5rene\") n\u00f8ye f\u00f8r du bruker nettstedet https:\/\/teamdeck.io (\"Tjenesten\") som drives av Teamdeck sp. z o.o. (\"oss\", \"vi\", \"Teamdeck\" eller \"v\u00e5r\") med registrert kontor i: G\u00f3recka 1, 60-201 Pozna\u0144, Polen, NIP: 7831750055, REGON: 365865326, registrert i registeret over entrepren\u00f8rer i det nasjonale domstolsregisteret som f\u00f8res av tingretten Pozna\u0144-Nowe Miasto i Wilda i Pozna\u0144, VIII handelsavdeling i det nasjonale domstolsregisteret, under KRS. 0000646426.<\/span><\/p>\n<p><span style=\"font-weight: 400;\">Kundens tilgang til og bruk av Tjenesten er betinget av at kunden aksepterer og overholder disse Vilk\u00e5rene. Disse vilk\u00e5rene gjelder for alle bes\u00f8kende, brukere og andre som f\u00e5r tilgang til eller bruker Tjenesten.<\/span><\/p>\n<p><span style=\"font-weight: 400;\">Ved \u00e5 f\u00e5 tilgang til eller bruke Tjenesten samtykker kunden i \u00e5 v\u00e6re bundet av disse Vilk\u00e5rene. Hvis kunden er uenig i noen del av vilk\u00e5rene, kan kunden ikke f\u00e5 tilgang til tjenesten.<\/span><\/p>\n<p class=\"ng-scope\"><strong>\u00a71. Tekniske krav<\/strong><\/p>\n<p class=\"ng-scope\">1. I det omfang som gjelder kundenes bruk av Teamdeck-funksjonene, skal Vilk\u00e5rene behandles som \"forskrifter\" som nevnt i artikkel 8 i lov av 18. juli 2002 om levering av tjenester ved hjelp av elektroniske midler (Journal of Laws of 2002, No. 144, item 1204, med endringer).<\/p>\n<p class=\"ng-scope\">2. Et teknisk krav gjelder de tekniske aspektene som kunden m\u00e5 oppfylle for \u00e5 kunne bruke tjenesten. Kunden b\u00f8r bruke:<\/p>\n<ul class=\"ng-scope\">\n<li>Chrome (n\u00e5v\u00e6rende versjon)<\/li>\n<li>Mac \/ Windows<\/li>\n<li>8 GB RAM<\/li>\n<li>CPU Intel Core i3 Gen 2 eller nyere<\/li>\n<\/ul>\n<p>3.\u00a0<span style=\"font-weight: 400;\">For \u00e5 opprette en ny konto m\u00e5 kunden fylle ut skjemaet og lese og godta vilk\u00e5rene v\u00e5re. Kunden aksepterer v\u00e5re vilk\u00e5r ved \u00e5 krysse av i boksen \"Jeg har lest og aksepterer vilk\u00e5r og betingelser\". Kunden kan ogs\u00e5 synge inn ved hjelp av Podio-konto eller Google-apper. \u00c5 synge inn ved hjelp av nevnte tjenester betyr \u00e5 akseptere disse vilk\u00e5rene. \u00a0<\/span><\/p>\n<p class=\"ng-scope\"><strong>\u00a72. Abonnementer<\/strong><\/p>\n<p class=\"ng-scope\"><span style=\"font-weight: 400;\">1. Enkelte deler av Tjenesten faktureres p\u00e5 abonnementsbasis (\"Abonnement(er)\"). Du vil bli fakturert p\u00e5 forh\u00e5nd p\u00e5 en tilbakevendende og periodisk basis (\"Faktureringssyklus\"). Faktureringssykluser settes enten p\u00e5 m\u00e5nedlig eller \u00e5rlig basis, avhengig av hvilken type abonnementsplan du velger n\u00e5r du kj\u00f8per et Abonnement.<\/span><\/p>\n<p class=\"ng-scope\"><span style=\"font-weight: 400;\">2. P\u00e5 slutten av hver faktureringssyklus vil kundens abonnement automatisk fornyes under n\u00f8yaktig samme betingelser med mindre kunden kansellerer det eller Teamdeck kansellerer det. Kunden kan kansellere fornyelsen av abonnementet enten via online kontoadministrasjonsside eller ved \u00e5 kontakte Teamdecks kundesupportteam.<\/span><\/p>\n<p><span style=\"font-weight: 400;\">En gyldig betalingsmetode, inkludert kredittkort, kreves for \u00e5 behandle betalingen for kundeabonnementet. Kunden skal gi Teamdeck n\u00f8yaktig og fullstendig faktureringsinformasjon, inkludert fullt navn, adresse, stat, postnummer, telefonnummer og en gyldig betalingsm\u00e5teinformasjon. Ved \u00e5 sende inn slik betalingsinformasjon, autoriserer kunden automatisk Teamdeck. \u00e5 belaste alle abonnementsavgifter som p\u00e5l\u00f8per gjennom kundekontoen til slike betalingsinstrumenter.<\/span><\/p>\n<p><span style=\"font-weight: 400;\">3. Dersom automatisk fakturering av en eller annen grunn ikke skjer, vil Teamdeck utstede en elektronisk faktura med beskjed om at kunden innen en viss frist m\u00e5 foreta manuell betaling av hele bel\u00f8pet for den faktureringsperioden som er angitt p\u00e5 fakturaen.<\/span><\/p>\n<p class=\"ng-scope\"><strong>\u00a73. Fri rettssak<\/strong><\/p>\n<p class=\"ng-scope\"><span style=\"font-weight: 400;\">1. Teamdeck. kan, etter eget skj\u00f8nn, tilby et Abonnement med en gratis pr\u00f8veperiode i en begrenset tidsperiode (\"Gratis pr\u00f8veperiode\").<\/span><\/p>\n<p class=\"ng-scope\"><span style=\"font-weight: 400;\">2. Kunden kan bli bedt om \u00e5 oppgi faktureringsinformasjon og et gyldig mobiltelefonnummer for \u00e5 kunne registrere seg for den gratis pr\u00f8veperioden.<\/p>\n<p>Mobiltelefonnummeret som oppgis, vil bli brukt til kontoverifisering og kommunikasjon i forbindelse med den gratis pr\u00f8veperioden og det p\u00e5f\u00f8lgende abonnementet.<\/p>\n<p>Hvis kunden oppgir faktureringsinformasjonen sin n\u00e5r han registrerer seg for den gratis pr\u00f8veperioden, vil han ikke bli belastet av Teamdeck f\u00f8r den gratis pr\u00f8veperioden er utl\u00f8pt. P\u00e5 den siste dagen i den gratis pr\u00f8veperioden, med mindre kunden kansellerer abonnementet, vil han automatisk bli belastet de gjeldende abonnementsavgiftene for den valgte abonnementstypen.<\/span><\/p>\n<p><span style=\"font-weight: 400;\">3. Teamdeck forbeholder seg retten til n\u00e5r som helst og uten varsel \u00e5 (i) endre vilk\u00e5rene og betingelsene for tilbudet om gratis pr\u00f8veperiode, eller (ii) kansellere tilbudet om gratis pr\u00f8veperiode.<\/span><\/p>\n<p class=\"ng-scope\"><strong>\u00a74. Gebyrendringer<\/strong><\/p>\n<p class=\"ng-scope\"><span style=\"font-weight: 400;\">1. Teamdeck kan etter eget skj\u00f8nn og n\u00e5r som helst endre Abonnementsavgiftene for Abonnementene. Enhver endring av Abonnementsavgiften vil tre i kraft ved slutten av den da gjeldende Faktureringssyklusen.<\/span><\/p>\n<p class=\"ng-scope\"><span style=\"font-weight: 400;\">2. Teamdeck vil gi kunden et rimelig forh\u00e5ndsvarsel om enhver endring i Abonnementsavgifter for \u00e5 gi deg en mulighet til \u00e5 si opp kundens Abonnement f\u00f8r en slik endring trer i kraft.<\/span><\/p>\n<p class=\"ng-scope\"><span style=\"font-weight: 400;\">3. Kundens fortsatte bruk av Tjenesten etter at endringen av Abonnementsavgiften trer i kraft, utgj\u00f8r kundens samtykke til \u00e5 betale det endrede Abonnementsavgiftsbel\u00f8pet.<\/span><\/p>\n<p class=\"ng-scope\"><strong>\u00a75. Tilbakebetaling<\/strong><\/p>\n<p><span style=\"font-weight: 400;\">Visse refusjonsforesp\u00f8rsler for abonnementer kan vurderes av Teamdeck fra sak til sak og innvilges etter Teamdecks eget skj\u00f8nn.<\/span><\/p>\n<p class=\"ng-scope\"><strong>\u00a76. Regnskap<\/strong><\/p>\n<p class=\"ng-scope\"><span style=\"font-weight: 400;\">1. N\u00e5r kunden oppretter en konto hos oss, m\u00e5 kunden gi oss informasjon som til enhver tid er n\u00f8yaktig, fullstendig og oppdatert. Unnlatelse av \u00e5 gj\u00f8re dette utgj\u00f8r et brudd p\u00e5 vilk\u00e5rene, noe som kan f\u00f8re til umiddelbar oppsigelse av kundens konto p\u00e5 tjenesten v\u00e5r.<\/span><\/p>\n<p class=\"ng-scope\"><span style=\"font-weight: 400;\">2. Kunden er ansvarlig for \u00e5 beskytte passordet som kunden bruker for \u00e5 f\u00e5 tilgang til Tjenesten og for alle aktiviteter eller handlinger under passordet, enten passordet er hos v\u00e5r Tjeneste eller en tredjepartstjeneste.<\/span><\/p>\n<p class=\"ng-scope\"><span style=\"font-weight: 400;\">3. Kunden forplikter seg til ikke \u00e5 avsl\u00f8re passordet sitt til noen tredjepart. Kunden m\u00e5 varsle oss umiddelbart n\u00e5r han\/hun blir oppmerksom p\u00e5 sikkerhetsbrudd eller uautorisert bruk av kontoen sin.<\/span><\/p>\n<p class=\"ng-scope\"><span style=\"font-weight: 400;\">4. Kunden kan ikke bruke som brukernavn navnet til en annen person eller enhet eller som ikke er lovlig tilgjengelig for bruk, et navn eller varemerke som er underlagt rettigheter til en annen person eller enhet enn kunder uten passende autorisasjon, eller et navn som p\u00e5 annen m\u00e5te er st\u00f8tende, vulg\u00e6rt eller uanstendig.<\/span><\/p>\n<p class=\"ng-scope\"><strong>\u00a77. Intellektuell eiendom<\/strong><\/p>\n<p><span style=\"font-weight: 400;\">Tjenesten og dens originale innhold, funksjoner og funksjonalitet er og vil forbli Teamdecks og dets lisensgiveres eksklusive eiendom. Tjenesten er beskyttet av opphavsrett, varemerker og andre lover i b\u00e5de Polen og andre land. V\u00e5re varemerker og varemerkeprofiler kan ikke brukes i forbindelse med noe produkt eller tjeneste uten skriftlig forh\u00e5ndssamtykke fra Teamdeck.<\/span><\/p>\n<p class=\"ng-scope\"><strong>\u00a78. Lenker til andre nettsteder<\/strong><\/p>\n<p class=\"ng-scope\"><span style=\"font-weight: 400;\">1. Tjenesten v\u00e5r kan inneholde lenker til tredjeparts nettsteder eller tjenester som ikke eies eller kontrolleres av Teamdeck.<\/span><\/p>\n<p class=\"ng-scope\"><span style=\"font-weight: 400;\">2. Teamdeck har ingen kontroll over, og p\u00e5tar seg intet ansvar for, innholdet, personvernreglene eller praksisen til tredjeparts nettsteder eller tjenester. Kunden erkjenner og godtar videre at Teamdeck ikke skal v\u00e6re ansvarlig eller ansvarlig, direkte eller indirekte, for skade eller tap for\u00e5rsaket eller p\u00e5st\u00e5tt \u00e5 v\u00e6re for\u00e5rsaket av eller i forbindelse med bruk av eller avhengighet av slikt innhold, varer eller tjenester som er tilgjengelige p\u00e5 eller gjennom slike nettsteder eller tjenester.<\/span><\/p>\n<p class=\"ng-scope\"><span style=\"font-weight: 400;\">3. Vi anbefaler kunden p\u00e5 det sterkeste \u00e5 lese vilk\u00e5rene og personvernerkl\u00e6ringene til alle tredjeparts nettsteder eller tjenester som kunden bes\u00f8ker.<\/span><\/p>\n<p class=\"ng-scope\"><strong>\u00a79. Oppsigelse<\/strong><\/p>\n<p class=\"ng-scope\"><span style=\"font-weight: 400;\">1. Vi kan avslutte eller suspendere kundekontoen umiddelbart, uten forvarsel eller ansvar, uansett \u00e5rsak, inkludert, men ikke begrenset til, hvis kunden bryter vilk\u00e5rene.<\/span><\/p>\n<p class=\"ng-scope\"><span style=\"font-weight: 400;\">2. Ved oppsigelse vil Kundens rett til \u00e5 bruke Tjenesten umiddelbart opph\u00f8re. Hvis kunden \u00f8nsker \u00e5 avslutte sin konto, kan kunden ganske enkelt slutte \u00e5 bruke Tjenesten.<\/span><\/p>\n<p class=\"ng-scope\"><strong>\u00a710. Begrensning av ansvar<\/strong><\/p>\n<p><span style=\"font-weight: 400;\">Under ingen omstendigheter skal Teamdeck eller dets styremedlemmer, ansatte, partnere, agenter, leverand\u00f8rer eller tilknyttede selskaper v\u00e6re ansvarlig for indirekte, tilfeldige, spesielle, f\u00f8lgeskader eller straffeskade, inkludert uten begrensning, tap av fortjeneste, data, bruk, goodwill eller andre immaterielle tap, som f\u00f8lge av (i) din tilgang til eller bruk av eller manglende evne til \u00e5 f\u00e5 tilgang til eller bruke tjenesten; (ii) enhver oppf\u00f8rsel eller innhold fra tredjepart p\u00e5 tjenesten; (iii) innhold innhentet fra Tjenesten; og (iv) uautorisert tilgang, bruk eller endring av dine overf\u00f8ringer eller innhold, enten det er basert p\u00e5 garanti, kontrakt, erstatningsansvar (inkludert uaktsomhet) eller annen juridisk teori, uansett om vi har blitt informert om muligheten for slik skade, og selv om et rettsmiddel som er angitt heri, viser seg \u00e5 ha mislyktes med sitt vesentlige form\u00e5l.<\/span><\/p>\n<p class=\"ng-scope\"><strong>\u00a711. Ansvarsfraskrivelse<\/strong><\/p>\n<p class=\"ng-scope\"><span style=\"font-weight: 400;\">1. Din bruk av Tjenesten skjer p\u00e5 egen risiko. Tjenesten leveres \"SOM DEN ER\" og \"SOM TILGJENGELIG\". Tjenesten leveres uten garantier av noe slag, verken uttrykkelige eller underforst\u00e5tte, inkludert, men ikke begrenset til, underforst\u00e5tte garantier for salgbarhet, egnethet for et bestemt form\u00e5l, ikke-krenkelse eller ytelsesforl\u00f8p.<\/span><\/p>\n<p class=\"ng-scope\"><span style=\"font-weight: 400;\">2. Teamdeck, dets datterselskaper, tilknyttede selskaper og dets lisensgivere garanterer ikke at a) Tjenesten vil fungere uavbrutt, sikker eller tilgjengelig p\u00e5 et bestemt tidspunkt eller sted; b) eventuelle feil eller mangler vil bli rettet; c) Tjenesten er fri for virus eller andre skadelige komponenter; eller d) resultatene av \u00e5 bruke Tjenesten vil oppfylle dine krav.<\/span><\/p>\n<p class=\"ng-scope\"><strong>\u00a712. Gjeldende lov<\/strong><\/p>\n<p class=\"ng-scope\"><span style=\"font-weight: 400;\">1. Disse vilk\u00e5rene skal reguleres og tolkes i samsvar med lovene i Polen, uten hensyn til lovkonfliktbestemmelser.<\/span><\/p>\n<p class=\"ng-scope\"><span style=\"font-weight: 400;\">2. V\u00e5r unnlatelse av \u00e5 h\u00e5ndheve en rettighet eller bestemmelse i disse vilk\u00e5rene vil ikke bli ansett som et frafall av disse rettighetene. Hvis en bestemmelse i disse vilk\u00e5rene anses \u00e5 v\u00e6re ugyldig eller ikke kan h\u00e5ndheves av en domstol, vil de resterende bestemmelsene i disse vilk\u00e5rene forbli i kraft. Disse vilk\u00e5rene utgj\u00f8r hele avtalen mellom oss ang\u00e5ende v\u00e5r tjeneste, og erstatter alle tidligere avtaler vi m\u00e5tte ha mellom oss ang\u00e5ende tjenesten.<\/span><\/p>\n<p class=\"ng-scope\"><strong>\u00a713. Endringer<\/strong><\/p>\n<p class=\"ng-scope\"><span style=\"font-weight: 400;\">1. Vi forbeholder oss retten til, etter eget skj\u00f8nn, \u00e5 endre eller erstatte disse vilk\u00e5rene n\u00e5r som helst. Hvis en revisjon er vesentlig, vil vi fors\u00f8ke \u00e5 gi minst 30 dagers varsel f\u00f8r de nye vilk\u00e5rene trer i kraft. Hva som utgj\u00f8r en vesentlig endring, avgj\u00f8res etter v\u00e5rt eget skj\u00f8nn.<\/span><\/p>\n<p class=\"ng-scope\"><span style=\"font-weight: 400;\">2. Ved \u00e5 fortsette \u00e5 f\u00e5 tilgang til eller bruke tjenesten v\u00e5r etter at disse endringene trer i kraft, samtykker du i \u00e5 v\u00e6re bundet av de reviderte vilk\u00e5rene. Hvis du ikke godtar de nye vilk\u00e5rene, m\u00e5 du slutte \u00e5 bruke tjenesten.<\/span><\/p>\n<p class=\"ng-scope\"><strong>\u00a714. Personopplysninger<\/strong><\/p>\n<p class=\"ng-scope\"><span style=\"font-weight: 400;\">1. Ved registrering og bruk av Tjenesten oppgir kunden sine personopplysninger frivillig, og det er n\u00f8dvendig \u00e5 oppgi dem for \u00e5 kunne bruke Tjenesten og opprette en kundekonto. Behandling av ovennevnte data gj\u00f8res p\u00e5 kundens foresp\u00f8rsel og med kundens samtykke.<\/span><\/p>\n<p class=\"ng-scope\"><span style=\"font-weight: 400;\">2. Teamdecks behandling av personopplysninger skal kun skje i den utstrekning det er n\u00f8dvendig for \u00e5 muliggj\u00f8re korrekt tilgang til Teamdecks tjenester og for markedsf\u00f8ringsform\u00e5l dersom Kunden \u00f8nsker \u00e5 motta nyhetsbrev. Personopplysninger behandles i samsvar med gjeldende lovgivning, herunder Europaparlaments- og r\u00e5dsforordning (EU) 2016\/679 av 27. april 2016 om beskyttelse av fysiske personer i forbindelse med behandling av personopplysninger og om fri utveksling av slike opplysninger og om opphevelse av direktiv 95\/46\/EF (generell forordning om databeskyttelse).<\/span><\/p>\n<p class=\"ng-scope\"><span style=\"font-weight: 400;\">3. Detaljer om omfanget av og form\u00e5let med behandlingen av personopplysninger og brukerens rettigheter finnes i personverninformasjonen (i samsvar med art. 13, paragraf 1,2,4 i GDPR), som er et separat dokument tilgjengelig p\u00e5 adressen\u00a0<a href=\"https:\/\/teamdeck.io\/nb\/informasjon-om-databeskyttelse\/\">https:\/\/teamdeck.io\/data-protection-information\/<\/a> og i v\u00e5re retningslinjer for databeskyttelse, som utgj\u00f8r et eget dokument tilgjengelig p\u00e5 adressen\u00a0<a href=\"https:\/\/teamdeck.io\/nb\/retningslinjer-for-databeskyttelse\/\">https:\/\/teamdeck.io\/data-protection-policy\/<\/a> .<\/span><\/p>\n<p>4. Under den GRATIS PR\u00d8VEPROVETiden brukes brukerdata, inkludert det oppgitte telefonnummeret, til \u00e5 st\u00f8tte brukere i bruk av Teamdeck, onboarding, gi informasjon om Teamdecks (nye) funksjoner og oppdateringer\/forbedringer, produkter samt, der det er aktuelt, informasjon om kontostatus og fakturering, og til \u00e5 gjennomf\u00f8re kundeunders\u00f8kelser for \u00e5 forbedre tjenestekvaliteten. For dette form\u00e5let kan Teamdeck kontakte brukere via e-post eller det oppgitte telefonnummeret.<\/p>\n\n\t\t<\/div>\n\t<\/div>\n<div class=\"vc_empty_space\"   style=\"height: 32px\" ><span class=\"vc_empty_space_inner\"><\/span><\/div>\n<\/div><\/div><\/div><\/div>","protected":false},"excerpt":{"rendered":"Vilk\u00e5r og betingelser (\"Vilk\u00e5r\") Vennligst les disse vilk\u00e5rene og betingelsene (\"Vilk\u00e5r\", \"Vilk\u00e5r og betingelser\") n\u00f8ye f\u00f8r du bruker nettstedet https:\/\/teamdeck.io (\"Tjenesten\") som drives av Teamdeck sp. z o.o. (\"oss\", \"vi\", \"Teamdeck\" eller \"v\u00e5r\") med registrert kontor i...","protected":false},"author":17,"featured_media":0,"parent":0,"menu_order":0,"comment_status":"closed","ping_status":"closed","template":"","meta":{"footnotes":""},"class_list":["post-2849","page","type-page","status-publish","hentry"],"yoast_head":"<!-- This site is optimized with the Yoast SEO Premium plugin v23.8 (Yoast SEO v24.3) - https:\/\/yoast.com\/wordpress\/plugins\/seo\/ -->\n<title>Teamdeck - Terms and Conditions<\/title>\n<meta name=\"description\" content=\"If you are Teamdeck\u2019s new user, please read the following Terms and Conditions carefully. By accessing or using the Service you agree to these Terms.\" \/>\n<meta name=\"robots\" content=\"index, follow, max-snippet:-1, max-image-preview:large, max-video-preview:-1\" \/>\n<link rel=\"canonical\" href=\"https:\/\/teamdeck.io\/nb\/vilkar-og-betingelser\/\" \/>\n<meta property=\"og:locale\" content=\"nb_NO\" \/>\n<meta property=\"og:type\" content=\"article\" \/>\n<meta property=\"og:title\" content=\"Teamdeck - Terms and Conditions\" \/>\n<meta property=\"og:description\" content=\"If you are Teamdeck\u2019s new user, please read the following Terms and Conditions carefully. By accessing or using the Service you agree to these Terms.\" \/>\n<meta property=\"og:url\" content=\"https:\/\/teamdeck.io\/nb\/vilkar-og-betingelser\/\" \/>\n<meta property=\"og:site_name\" content=\"Teamdeck\" \/>\n<meta property=\"article:publisher\" content=\"https:\/\/www.facebook.com\/helloteamdeck\" \/>\n<meta property=\"article:modified_time\" content=\"2024-10-17T08:30:32+00:00\" \/>\n<meta property=\"og:image\" content=\"https:\/\/cdn.teamdeck.io\/uploads\/website\/2017\/09\/teamdeck-share.png\" \/>\n<meta name=\"twitter:card\" content=\"summary_large_image\" \/>\n<meta name=\"twitter:title\" content=\"Teamdeck - Terms and Conditions\" \/>\n<meta name=\"twitter:description\" content=\"If you are Teamdeck\u2019s new user, please read the following Terms and Conditions carefully. By accessing or using the Service you agree to these Terms.\" \/>\n<meta name=\"twitter:image\" content=\"https:\/\/cdn.teamdeck.io\/uploads\/website\/2017\/09\/teamdeck-share.png\" \/>\n<meta name=\"twitter:site\" content=\"@helloteamdeck\" \/>\n<meta name=\"twitter:label1\" content=\"Est. reading time\" \/>\n\t<meta name=\"twitter:data1\" content=\"9 minutes\" \/>\n<script type=\"application\/ld+json\" class=\"yoast-schema-graph\">{\"@context\":\"https:\/\/schema.org\",\"@graph\":[{\"@type\":\"WebPage\",\"@id\":\"https:\/\/teamdeck.io\/terms-and-conditions\/\",\"url\":\"https:\/\/teamdeck.io\/terms-and-conditions\/\",\"name\":\"Teamdeck - Terms and Conditions\",\"isPartOf\":{\"@id\":\"https:\/\/teamdeck.io\/#website\"},\"datePublished\":\"2017-09-07T09:34:10+00:00\",\"dateModified\":\"2024-10-17T08:30:32+00:00\",\"description\":\"If you are Teamdeck\u2019s new user, please read the following Terms and Conditions carefully. By accessing or using the Service you agree to these Terms.\",\"breadcrumb\":{\"@id\":\"https:\/\/teamdeck.io\/terms-and-conditions\/#breadcrumb\"},\"inLanguage\":\"nb-NO\",\"potentialAction\":[{\"@type\":\"ReadAction\",\"target\":[\"https:\/\/teamdeck.io\/terms-and-conditions\/\"]}]},{\"@type\":\"BreadcrumbList\",\"@id\":\"https:\/\/teamdeck.io\/terms-and-conditions\/#breadcrumb\",\"itemListElement\":[{\"@type\":\"ListItem\",\"position\":1,\"name\":\"Home\",\"item\":\"https:\/\/teamdeck.io\/\"},{\"@type\":\"ListItem\",\"position\":2,\"name\":\"Terms and Conditions\"}]},{\"@type\":\"WebSite\",\"@id\":\"https:\/\/teamdeck.io\/#website\",\"url\":\"https:\/\/teamdeck.io\/\",\"name\":\"Teamdeck\",\"description\":\"resource scheduling + time tracking + leave management\",\"potentialAction\":[{\"@type\":\"SearchAction\",\"target\":{\"@type\":\"EntryPoint\",\"urlTemplate\":\"https:\/\/teamdeck.io\/?s={search_term_string}\"},\"query-input\":{\"@type\":\"PropertyValueSpecification\",\"valueRequired\":true,\"valueName\":\"search_term_string\"}}],\"inLanguage\":\"nb-NO\"}]}<\/script>\n<!-- \/ Yoast SEO Premium plugin. -->","yoast_head_json":{"title":"Teamdeck - Terms and Conditions","description":"If you are Teamdeck\u2019s new user, please read the following Terms and Conditions carefully. By accessing or using the Service you agree to these Terms.","robots":{"index":"index","follow":"follow","max-snippet":"max-snippet:-1","max-image-preview":"max-image-preview:large","max-video-preview":"max-video-preview:-1"},"canonical":"https:\/\/teamdeck.io\/nb\/vilkar-og-betingelser\/","og_locale":"nb_NO","og_type":"article","og_title":"Teamdeck - Terms and Conditions","og_description":"If you are Teamdeck\u2019s new user, please read the following Terms and Conditions carefully. By accessing or using the Service you agree to these Terms.","og_url":"https:\/\/teamdeck.io\/nb\/vilkar-og-betingelser\/","og_site_name":"Teamdeck","article_publisher":"https:\/\/www.facebook.com\/helloteamdeck","article_modified_time":"2024-10-17T08:30:32+00:00","og_image":[{"url":"https:\/\/cdn.teamdeck.io\/uploads\/website\/2017\/09\/teamdeck-share.png","type":"","width":"","height":""}],"twitter_card":"summary_large_image","twitter_title":"Teamdeck - Terms and Conditions","twitter_description":"If you are Teamdeck\u2019s new user, please read the following Terms and Conditions carefully. By accessing or using the Service you agree to these Terms.","twitter_image":"https:\/\/cdn.teamdeck.io\/uploads\/website\/2017\/09\/teamdeck-share.png","twitter_site":"@helloteamdeck","twitter_misc":{"Est. reading time":"9 minutes"},"schema":{"@context":"https:\/\/schema.org","@graph":[{"@type":"WebPage","@id":"https:\/\/teamdeck.io\/terms-and-conditions\/","url":"https:\/\/teamdeck.io\/terms-and-conditions\/","name":"Teamdeck - Terms and Conditions","isPartOf":{"@id":"https:\/\/teamdeck.io\/#website"},"datePublished":"2017-09-07T09:34:10+00:00","dateModified":"2024-10-17T08:30:32+00:00","description":"If you are Teamdeck\u2019s new user, please read the following Terms and Conditions carefully. By accessing or using the Service you agree to these Terms.","breadcrumb":{"@id":"https:\/\/teamdeck.io\/terms-and-conditions\/#breadcrumb"},"inLanguage":"nb-NO","potentialAction":[{"@type":"ReadAction","target":["https:\/\/teamdeck.io\/terms-and-conditions\/"]}]},{"@type":"BreadcrumbList","@id":"https:\/\/teamdeck.io\/terms-and-conditions\/#breadcrumb","itemListElement":[{"@type":"ListItem","position":1,"name":"Home","item":"https:\/\/teamdeck.io\/"},{"@type":"ListItem","position":2,"name":"Terms and Conditions"}]},{"@type":"WebSite","@id":"https:\/\/teamdeck.io\/#website","url":"https:\/\/teamdeck.io\/","name":"Teamdeck","description":"resource scheduling + time tracking + leave management","potentialAction":[{"@type":"SearchAction","target":{"@type":"EntryPoint","urlTemplate":"https:\/\/teamdeck.io\/?s={search_term_string}"},"query-input":{"@type":"PropertyValueSpecification","valueRequired":true,"valueName":"search_term_string"}}],"inLanguage":"nb-NO"}]}},"_links":{"self":[{"href":"https:\/\/teamdeck.io\/nb\/wp-json\/wp\/v2\/pages\/2849","targetHints":{"allow":["GET"]}}],"collection":[{"href":"https:\/\/teamdeck.io\/nb\/wp-json\/wp\/v2\/pages"}],"about":[{"href":"https:\/\/teamdeck.io\/nb\/wp-json\/wp\/v2\/types\/page"}],"author":[{"embeddable":true,"href":"https:\/\/teamdeck.io\/nb\/wp-json\/wp\/v2\/users\/17"}],"replies":[{"embeddable":true,"href":"https:\/\/teamdeck.io\/nb\/wp-json\/wp\/v2\/comments?post=2849"}],"version-history":[{"count":7,"href":"https:\/\/teamdeck.io\/nb\/wp-json\/wp\/v2\/pages\/2849\/revisions"}],"predecessor-version":[{"id":13398,"href":"https:\/\/teamdeck.io\/nb\/wp-json\/wp\/v2\/pages\/2849\/revisions\/13398"}],"wp:attachment":[{"href":"https:\/\/teamdeck.io\/nb\/wp-json\/wp\/v2\/media?parent=2849"}],"curies":[{"name":"wp","href":"https:\/\/api.w.org\/{rel}","templated":true}]}}