{"id":7198,"date":"2021-08-24T21:41:30","date_gmt":"2021-08-24T19:41:30","guid":{"rendered":"https:\/\/teamdeck.io\/?page_id=7198"},"modified":"2024-02-08T11:04:18","modified_gmt":"2024-02-08T09:04:18","slug":"teamdeck-vs-float","status":"publish","type":"page","link":"https:\/\/teamdeck.io\/lv\/teamdeck-vs-float\/","title":{"rendered":"Teamdeck vs Float"},"content":{"rendered":"<div class=\"vc_row wpb_row vc_row-fluid redl-row-section padding-default bgv-default bgh-default halign-default\"><div class=\"wpb_column vc_column_container text-left vc_col-sm-12 padding-default bgv-default bgh-default halign-default\"><div class=\"vc_column-inner\"><div class=\"wpb_wrapper\">\n\t<div class=\"wpb_text_column wpb_content_element\" >\n\t\t<div class=\"wpb_wrapper\">\n\t\t\t\n\t\t<\/div>\n\t<\/div>\n<\/div><\/div><\/div><\/div><div data-vc-full-width=\"true\" data-vc-full-width-init=\"false\" class=\"vc_row wpb_row vc_row-fluid redl-row-section vc_custom_1547727116563 vc_row-has-fill vc_row-o-content-middle vc_row-flex padding-default bgv-default bgh-default halign-center\"><div class=\"wpb_column vc_column_container text-left vc_col-sm-4 padding-default bgv-default bgh-default halign-center\"><div class=\"vc_column-inner\"><div class=\"wpb_wrapper\">\n\t<div class=\"wpb_text_column wpb_content_element\" >\n\t\t<div class=\"wpb_wrapper\">\n\t\t\t<h1>Teamdeck vs Float<br \/><span class=\"h2\"><br \/><\/span><\/h1>\n<p style=\"text-align: justify;\">Uzziniet, k\u0101 Teamdeck \u013cauj lab\u0101k kontrol\u0113t visu resursu p\u0101rvald\u012bbas procesu, s\u0101kot no komandas un resursu pl\u0101no\u0161anas, laika uzskaites un beidzot ar atva\u013cin\u0101jumu p\u0101rvald\u012bbu. <strong>T\u0101l\u0101k ir sniegts abu resursu pl\u0101no\u0161anas programmat\u016bru sal\u012bdzin\u0101jums. <\/strong><\/p>\n\n\t\t<\/div>\n\t<\/div>\n\n\t<div class=\"wpb_text_column wpb_content_element\" >\n\t\t<div class=\"wpb_wrapper\">\n\t\t\t<p>\u00a0<\/p>\n\n\t\t<\/div>\n\t<\/div>\n<\/div><\/div><\/div><div class=\"wpb_column vc_column_container text-center vc_col-sm-8 vc_col-has-fill padding-default bgv-default bgh-default halign-center\"><div class=\"vc_column-inner vc_custom_1583827482870\"><div class=\"wpb_wrapper\">\n\t<div class=\"wpb_text_column wpb_content_element  vc_custom_1638199917193 video-nocontrols\" >\n\t\t<div class=\"wpb_wrapper\">\n\t\t\t<p><img loading=\"lazy\" decoding=\"async\" class=\"alignnone wp-image-7278 size-full\" src=\"https:\/\/cdn.teamdeck.io\/uploads\/website\/2021\/08\/17161910\/teamdeck-vs-float-2-1.jpg\" alt=\"Teamdeck resursu p\u0101rvald\u012bbas programmat\u016bra pieder pie nelielas Float alternat\u012bvu saimes, ko izv\u0113las daudzi projektu vad\u012bt\u0101ji.\" width=\"1596\" height=\"1148\" \/><\/p>\n\n\t\t<\/div>\n\t<\/div>\n<\/div><\/div><\/div><\/div><div class=\"vc_row-full-width vc_clearfix\"><\/div><div class=\"vc_row wpb_row vc_row-fluid redl-row-section padding-default bgv-default bgh-default halign-default\"><div class=\"wpb_column vc_column_container text-left vc_col-sm-12 padding-default bgv-default bgh-default halign-default\"><div class=\"vc_column-inner\"><div class=\"wpb_wrapper\">\n\t<div class=\"wpb_text_column wpb_content_element\" >\n\t\t<div class=\"wpb_wrapper\">\n\t\t\t<h2>Mekl\u0113jat Float alternat\u012bvas?<\/h2>\n<p style=\"text-align: justify;\">M\u016bsu klienti nomain\u012bja Float, Resource Guru, Harvest un Kantata pret Teamdeck.<\/p>\n<p style=\"text-align: justify;\">Float un Teamdeck koncentr\u0113jas uz jaudas pl\u0101no\u0161anu, uzdevumu p\u0101rvald\u012bbu, komandas sadarb\u012bbu un resursu optimiz\u0101ciju. Tie\u0161i koncentr\u0113\u0161an\u0101s uz resursu p\u0101rvald\u012bbu ir iemesls, k\u0101p\u0113c komandas izv\u0113las \u0161os r\u012bkus, nevis lietotnes ar visp\u0101r\u012bg\u0101ku pieeju iek\u0161\u0113jo procesu p\u0101rvald\u012bbai.<\/p>\n<p>Teamdeck un Float at\u0161\u0137iras p\u0113c funkciju kl\u0101sta un cenas. Abi r\u012bki pied\u0101v\u0101 abonementus SaaS model\u012b. S\u012bk\u0101ku inform\u0101ciju sk. t\u0101l\u0101k.<\/p>\n\n\t\t<\/div>\n\t<\/div>\n<\/div><\/div><\/div><\/div><div class=\"vc_row wpb_row vc_row-fluid redl-row-section padding-small bgv-default bgh-default halign-default\"><div class=\"wpb_column vc_column_container text-left vc_col-sm-12 padding-small bgv-default bgh-default halign-default\"><div class=\"vc_column-inner\"><div class=\"wpb_wrapper\">\n\t<div class=\"wpb_text_column wpb_content_element\" >\n\t\t<div class=\"wpb_wrapper\">\n\t\t\t<div class=\"ft-table\">\n<div class=\"rsfp\">\n<div class=\"abs\">$7,5 vienai personai<br \/>m\u0113nes\u012b<\/div>\n<\/div>\n<div class=\"tdp\">\n<div class=\"abs\">$3,99 par personu<br \/>m\u0113nes\u012b<\/div>\n<\/div>\n<div class=\"rsttf\">\n<div class=\"abs\">$10 vienai personai<br \/>m\u0113nes\u012b<\/div>\n<\/div>\n<div class=\"features ft-table-header\">Funkcijas<\/div>\n<div class=\"Teamdeck ft-table-header\">Teamdeck<\/div>\n<div class=\"Float ft-table-header\">Pludi\u0146\u0161<\/div>\n<div class=\"Notes ft-table-header\">At\u0161\u0137ir\u012bbas<\/div>\n<div class=\"f1\">Resursu pl\u0101no\u0161ana un atva\u013cin\u0101jumu p\u0101rvald\u012bba<\/div>\n<div class=\"f2\">Jaudas zi\u0146o\u0161ana<\/div>\n<div class=\"f3\">Neierobe\u017eoti projekti<\/div>\n<div class=\"f4\">\u0100tra un vienk\u0101r\u0161a laika izseko\u0161ana<\/div>\n<div class=\"f5\">Sal\u012bdziniet apl\u0113ses ar faktiskajiem datiem<\/div>\n<div class=\"f6\">Mobil\u0101 lietotne<\/div>\n<div class=\"n1\">\n<div class=\"abs-2\">M\u016bsu resursu p\u0101rvald\u012bbas programmat\u016bra \u013cauj piel\u0101got kalend\u0101ru un izveidot skatus, lai lab\u0101k organiz\u0113tu datus.<\/div>\n<\/div>\n<div class=\"n2\">\n<div class=\"abs-2\">Programm\u0101 Teamdeck varat izveidot piel\u0101gotus p\u0101rskatus ar Excel l\u012bdz\u012bg\u0101m formul\u0101m vai izmantot m\u016bsu iepriek\u0161 sagatavot\u0101s veidnes.<\/div>\n<\/div>\n<\/div>\n<h1>\u00a0<\/h1>\n<p>\u00a0<\/p>\n<h2 style=\"text-align: center;\"><strong>3 iemesli, k\u0101p\u0113c uz\u0146\u0113mumi izv\u0113las Teamdeck k\u0101 Float alternat\u012bvu<\/strong><\/h2>\n\n\t\t<\/div>\n\t<\/div>\n<\/div><\/div><\/div><\/div><div class=\"vc_row wpb_row vc_row-fluid redl-row-section use-cases-title vc_custom_1582120251302 padding-default bgv-default bgh-default halign-default\"><div class=\"wpb_column vc_column_container text-left vc_col-sm-4 padding-default bgv-default bgh-default halign-default\"><div class=\"vc_column-inner\"><div class=\"wpb_wrapper\">\n\t<div class=\"wpb_text_column wpb_content_element\" >\n\t\t<div class=\"wpb_wrapper\">\n\t\t\t<p>\u00a0<\/p>\n<h3 style=\"text-align: center;\"><strong><span class=\"text-title column-title\">Datu import\u0113\u0161ana<\/span><\/strong><\/h3>\n<p>\u00a0<\/p>\n<p style=\"text-align: center;\">Datu migr\u0101cija ir vienk\u0101r\u0161a lieta. M\u016bsu import\u0113\u0161anas vednis \u013cauj import\u0113t datus no cit\u0101m sist\u0113m\u0101m par cilv\u0113kiem, projektiem, rezerv\u0101cij\u0101m, darba laika uzskaites lap\u0101m un atva\u013cin\u0101jumiem, izmantojot CSV failus.<\/p>\n\n\t\t<\/div>\n\t<\/div>\n<\/div><\/div><\/div><div class=\"wpb_column vc_column_container text-left vc_col-sm-4 padding-default bgv-default bgh-default halign-default\"><div class=\"vc_column-inner\"><div class=\"wpb_wrapper\">\n\t<div class=\"wpb_text_column wpb_content_element\" >\n\t\t<div class=\"wpb_wrapper\">\n\t\t\t<h3 style=\"text-align: center;\"><span class=\"text-title column-title\">Uzlabota piel\u0101gotu p\u0101rskatu sagatavo\u0161ana<\/span><\/h3>\n<p>\u00a0<\/p>\n<p style=\"text-align: center;\">Teamdeck \u013cauj izveidot piel\u0101gotus p\u0101rskatus, kas piel\u0101goti j\u016bsu uz\u0146\u0113muma vajadz\u012bb\u0101m, izmantojot Excel l\u012bdz\u012bgas formulas. Varat ar\u012b izmantot m\u016bsu iepriek\u0161 sagatavot\u0101s veidnes, lai ieg\u016btu inform\u0101ciju par komandas izmantojumu, bud\u017eeta izlietojumu, algu sarakstu un daudz ko citu.<\/p>\n\n\t\t<\/div>\n\t<\/div>\n<\/div><\/div><\/div><div class=\"wpb_column vc_column_container text-left vc_col-sm-4 padding-default bgv-default bgh-default halign-default\"><div class=\"vc_column-inner\"><div class=\"wpb_wrapper\">\n\t<div class=\"wpb_text_column wpb_content_element\" >\n\t\t<div class=\"wpb_wrapper\">\n\t\t\t<h3 style=\"text-align: center;\"><span class=\"text-title column-title\">Piel\u0101gotie lauki un tagu sist\u0113ma<\/span><\/h3>\n<p>\u00a0<\/p>\n<p style=\"text-align: center;\">Piel\u0101gotie atrib\u016bti cilv\u0113kiem un projektiem apvienojum\u0101 ar piel\u0101gotiem tagiem, kas pie\u0161\u0137irti rezerv\u0101cij\u0101m, darba laika uzskaites lap\u0101m un projektiem, \u013cauj jums izveidot unik\u0101lu un elast\u012bgu resursu p\u0101rvald\u012bbas procesu j\u016bsu uz\u0146\u0113mumam.<\/p>\n\n\t\t<\/div>\n\t<\/div>\n<\/div><\/div><\/div><\/div><div class=\"vc_row wpb_row vc_row-fluid redl-row-section padding-default bgv-default bgh-default halign-default\"><div class=\"wpb_column vc_column_container text-left vc_col-sm-12 padding-default bgv-default bgh-default halign-default\"><div class=\"vc_column-inner\"><div class=\"wpb_wrapper\">\n\t<div class=\"wpb_text_column wpb_content_element\" >\n\t\t<div class=\"wpb_wrapper\">\n\t\t\t\n\t\t<\/div>\n\t<\/div>\n<\/div><\/div><\/div><\/div><div class=\"vc_row wpb_row vc_row-fluid redl-row-section padding-default bgv-default bgh-default halign-default\"><div class=\"wpb_column vc_column_container text-left vc_col-sm-12 padding-default bgv-default bgh-default halign-default\"><div class=\"vc_column-inner\"><div class=\"wpb_wrapper\">\n\t<div class=\"wpb_text_column wpb_content_element\" >\n\t\t<div class=\"wpb_wrapper\">\n\t\t\t<h2 style=\"text-align: center;\"><strong>Uzziniet, k\u0101p\u0113c m\u016bs izv\u0113las t\u0101di uz\u0146\u0113mumi k\u0101 Siemens Energy, Human8, Oliver Agency, Hill-Knowlton vai Unit9.<\/strong><\/h2>\n\n\t\t<\/div>\n\t<\/div>\n<\/div><\/div><\/div><\/div><div class=\"vc_row wpb_row vc_row-fluid redl-row-section padding-default bgv-default bgh-default halign-default\"><div class=\"wpb_column vc_column_container text-left vc_col-sm-12 padding-default bgv-default bgh-default halign-default\"><div class=\"vc_column-inner vc_custom_1583774752686\"><div class=\"wpb_wrapper\"><form class=\"get-started-form\" action=\"\">\n  <div class=\"get-started-form__input-wrapper\">\n    <input class=\"get-started-form__input\" placeholder=\"Ievadiet savu uz\u0146\u0113muma e-pasta adresi\" \/>\n  <\/div>\n  <button type=\"submit\" class=\"get-started-form__button\">\n    <span class=\"get-started-form__button-text\">Ieg\u016bstiet 14 dienu BEZMAKSAS izm\u0113\u0123in\u0101juma versiju<\/>\n  <\/button>\n  <button class=\"get-started-form__button\">\n    <span class=\"get-started-form__button-text\">Neder\u012bgs e-pasts<\/>\n  <\/button>\n<input type=\"hidden\" name=\"trp-form-language\" value=\"lv\"\/><\/form>\n<\/div><\/div><\/div><\/div><div class=\"vc_row wpb_row vc_row-fluid redl-row-section padding-default bgv-default bgh-default halign-default\"><div class=\"wpb_column vc_column_container text-left vc_col-sm-12 padding-default bgv-default bgh-default halign-default\"><div class=\"vc_column-inner\"><div class=\"wpb_wrapper\"><\/div><\/div><\/div><\/div>","protected":false},"excerpt":{"rendered":"Teamdeck vs Float Uzziniet, k\u0101 Teamdeck \u013cauj lab\u0101k kontrol\u0113t visu resursu p\u0101rvald\u012bbas procesu, s\u0101kot no komandas un resursu pl\u0101no\u0161anas, laika uzskaites un beidzot ar atva\u013cin\u0101jumu p\u0101rvald\u012bbu. Zem\u0101k ir sniegts abu resursu pl\u0101no\u0161anas programmat\u016bru sal\u012bdzin\u0101jums.  ...","protected":false},"author":17,"featured_media":0,"parent":0,"menu_order":0,"comment_status":"closed","ping_status":"closed","template":"","meta":{"footnotes":""},"class_list":["post-7198","page","type-page","status-publish","hentry"],"yoast_head":"<!-- This site is optimized with the Yoast SEO Premium plugin v23.8 (Yoast SEO v24.3) - https:\/\/yoast.com\/wordpress\/plugins\/seo\/ -->\n<title>Float Alternatives - Teamdeck - Resource Management Software<\/title>\n<meta name=\"description\" content=\"Teamdeck.io resource management software is in use by Stormind Games, Circus Maximus, Hill-Knowlton, etc. We replaced Float many times.\" \/>\n<meta name=\"robots\" content=\"index, follow, max-snippet:-1, max-image-preview:large, max-video-preview:-1\" \/>\n<link rel=\"canonical\" href=\"https:\/\/teamdeck.io\/lv\/teamdeck-vs-float\/\" \/>\n<meta property=\"og:locale\" content=\"lv_LV\" \/>\n<meta property=\"og:type\" content=\"article\" \/>\n<meta property=\"og:title\" content=\"Teamdeck vs Float\" \/>\n<meta property=\"og:description\" content=\"Teamdeck.io resource management software is in use by Stormind Games, Circus Maximus, Hill-Knowlton, etc. We replaced Float many times.\" \/>\n<meta property=\"og:url\" content=\"https:\/\/teamdeck.io\/lv\/teamdeck-vs-float\/\" \/>\n<meta property=\"og:site_name\" content=\"Teamdeck\" \/>\n<meta property=\"article:publisher\" content=\"https:\/\/www.facebook.com\/helloteamdeck\" \/>\n<meta property=\"article:modified_time\" content=\"2024-02-08T09:04:18+00:00\" \/>\n<meta property=\"og:image\" content=\"https:\/\/teamdeck.io\/wp-content\/uploads\/2021\/08\/teamdeck-vs-float-2-1.jpg\" \/>\n<meta name=\"twitter:card\" content=\"summary_large_image\" \/>\n<meta name=\"twitter:site\" content=\"@helloteamdeck\" \/>\n<meta name=\"twitter:label1\" content=\"Est. reading time\" \/>\n\t<meta name=\"twitter:data1\" content=\"2 minutes\" \/>\n<script type=\"application\/ld+json\" class=\"yoast-schema-graph\">{\"@context\":\"https:\/\/schema.org\",\"@graph\":[{\"@type\":\"WebPage\",\"@id\":\"https:\/\/teamdeck.io\/teamdeck-vs-float\/\",\"url\":\"https:\/\/teamdeck.io\/teamdeck-vs-float\/\",\"name\":\"Float Alternatives - Teamdeck - Resource Management Software\",\"isPartOf\":{\"@id\":\"https:\/\/teamdeck.io\/#website\"},\"primaryImageOfPage\":{\"@id\":\"https:\/\/teamdeck.io\/teamdeck-vs-float\/#primaryimage\"},\"image\":{\"@id\":\"https:\/\/teamdeck.io\/teamdeck-vs-float\/#primaryimage\"},\"thumbnailUrl\":\"https:\/\/teamdeck.io\/wp-content\/uploads\/2021\/08\/teamdeck-vs-float-2-1.jpg\",\"datePublished\":\"2021-08-24T19:41:30+00:00\",\"dateModified\":\"2024-02-08T09:04:18+00:00\",\"description\":\"Teamdeck.io resource management software is in use by Stormind Games, Circus Maximus, Hill-Knowlton, etc. We replaced Float many times.\",\"breadcrumb\":{\"@id\":\"https:\/\/teamdeck.io\/teamdeck-vs-float\/#breadcrumb\"},\"inLanguage\":\"lv\",\"potentialAction\":[{\"@type\":\"ReadAction\",\"target\":[\"https:\/\/teamdeck.io\/teamdeck-vs-float\/\"]}]},{\"@type\":\"ImageObject\",\"inLanguage\":\"lv\",\"@id\":\"https:\/\/teamdeck.io\/teamdeck-vs-float\/#primaryimage\",\"url\":\"https:\/\/teamdeck.io\/wp-content\/uploads\/2021\/08\/teamdeck-vs-float-2-1.jpg\",\"contentUrl\":\"https:\/\/teamdeck.io\/wp-content\/uploads\/2021\/08\/teamdeck-vs-float-2-1.jpg\"},{\"@type\":\"BreadcrumbList\",\"@id\":\"https:\/\/teamdeck.io\/teamdeck-vs-float\/#breadcrumb\",\"itemListElement\":[{\"@type\":\"ListItem\",\"position\":1,\"name\":\"Home\",\"item\":\"https:\/\/teamdeck.io\/\"},{\"@type\":\"ListItem\",\"position\":2,\"name\":\"Teamdeck vs Float\"}]},{\"@type\":\"WebSite\",\"@id\":\"https:\/\/teamdeck.io\/#website\",\"url\":\"https:\/\/teamdeck.io\/\",\"name\":\"Teamdeck\",\"description\":\"resource scheduling + time tracking + leave management\",\"potentialAction\":[{\"@type\":\"SearchAction\",\"target\":{\"@type\":\"EntryPoint\",\"urlTemplate\":\"https:\/\/teamdeck.io\/?s={search_term_string}\"},\"query-input\":{\"@type\":\"PropertyValueSpecification\",\"valueRequired\":true,\"valueName\":\"search_term_string\"}}],\"inLanguage\":\"lv\"}]}<\/script>\n<!-- \/ Yoast SEO Premium plugin. -->","yoast_head_json":{"title":"Float Alternatives - Teamdeck - Resource Management Software","description":"Teamdeck.io resource management software is in use by Stormind Games, Circus Maximus, Hill-Knowlton, etc. We replaced Float many times.","robots":{"index":"index","follow":"follow","max-snippet":"max-snippet:-1","max-image-preview":"max-image-preview:large","max-video-preview":"max-video-preview:-1"},"canonical":"https:\/\/teamdeck.io\/lv\/teamdeck-vs-float\/","og_locale":"lv_LV","og_type":"article","og_title":"Teamdeck vs Float","og_description":"Teamdeck.io resource management software is in use by Stormind Games, Circus Maximus, Hill-Knowlton, etc. We replaced Float many times.","og_url":"https:\/\/teamdeck.io\/lv\/teamdeck-vs-float\/","og_site_name":"Teamdeck","article_publisher":"https:\/\/www.facebook.com\/helloteamdeck","article_modified_time":"2024-02-08T09:04:18+00:00","og_image":[{"url":"https:\/\/teamdeck.io\/wp-content\/uploads\/2021\/08\/teamdeck-vs-float-2-1.jpg","type":"","width":"","height":""}],"twitter_card":"summary_large_image","twitter_site":"@helloteamdeck","twitter_misc":{"Est. reading time":"2 minutes"},"schema":{"@context":"https:\/\/schema.org","@graph":[{"@type":"WebPage","@id":"https:\/\/teamdeck.io\/teamdeck-vs-float\/","url":"https:\/\/teamdeck.io\/teamdeck-vs-float\/","name":"Float Alternatives - Teamdeck - Resource Management Software","isPartOf":{"@id":"https:\/\/teamdeck.io\/#website"},"primaryImageOfPage":{"@id":"https:\/\/teamdeck.io\/teamdeck-vs-float\/#primaryimage"},"image":{"@id":"https:\/\/teamdeck.io\/teamdeck-vs-float\/#primaryimage"},"thumbnailUrl":"https:\/\/teamdeck.io\/wp-content\/uploads\/2021\/08\/teamdeck-vs-float-2-1.jpg","datePublished":"2021-08-24T19:41:30+00:00","dateModified":"2024-02-08T09:04:18+00:00","description":"Teamdeck.io resource management software is in use by Stormind Games, Circus Maximus, Hill-Knowlton, etc. We replaced Float many times.","breadcrumb":{"@id":"https:\/\/teamdeck.io\/teamdeck-vs-float\/#breadcrumb"},"inLanguage":"lv","potentialAction":[{"@type":"ReadAction","target":["https:\/\/teamdeck.io\/teamdeck-vs-float\/"]}]},{"@type":"ImageObject","inLanguage":"lv","@id":"https:\/\/teamdeck.io\/teamdeck-vs-float\/#primaryimage","url":"https:\/\/teamdeck.io\/wp-content\/uploads\/2021\/08\/teamdeck-vs-float-2-1.jpg","contentUrl":"https:\/\/teamdeck.io\/wp-content\/uploads\/2021\/08\/teamdeck-vs-float-2-1.jpg"},{"@type":"BreadcrumbList","@id":"https:\/\/teamdeck.io\/teamdeck-vs-float\/#breadcrumb","itemListElement":[{"@type":"ListItem","position":1,"name":"Home","item":"https:\/\/teamdeck.io\/"},{"@type":"ListItem","position":2,"name":"Teamdeck vs Float"}]},{"@type":"WebSite","@id":"https:\/\/teamdeck.io\/#website","url":"https:\/\/teamdeck.io\/","name":"Teamdeck","description":"resource scheduling + time tracking + leave management","potentialAction":[{"@type":"SearchAction","target":{"@type":"EntryPoint","urlTemplate":"https:\/\/teamdeck.io\/?s={search_term_string}"},"query-input":{"@type":"PropertyValueSpecification","valueRequired":true,"valueName":"search_term_string"}}],"inLanguage":"lv"}]}},"_links":{"self":[{"href":"https:\/\/teamdeck.io\/lv\/wp-json\/wp\/v2\/pages\/7198","targetHints":{"allow":["GET"]}}],"collection":[{"href":"https:\/\/teamdeck.io\/lv\/wp-json\/wp\/v2\/pages"}],"about":[{"href":"https:\/\/teamdeck.io\/lv\/wp-json\/wp\/v2\/types\/page"}],"author":[{"embeddable":true,"href":"https:\/\/teamdeck.io\/lv\/wp-json\/wp\/v2\/users\/17"}],"replies":[{"embeddable":true,"href":"https:\/\/teamdeck.io\/lv\/wp-json\/wp\/v2\/comments?post=7198"}],"version-history":[{"count":33,"href":"https:\/\/teamdeck.io\/lv\/wp-json\/wp\/v2\/pages\/7198\/revisions"}],"predecessor-version":[{"id":12622,"href":"https:\/\/teamdeck.io\/lv\/wp-json\/wp\/v2\/pages\/7198\/revisions\/12622"}],"wp:attachment":[{"href":"https:\/\/teamdeck.io\/lv\/wp-json\/wp\/v2\/media?parent=7198"}],"curies":[{"name":"wp","href":"https:\/\/api.w.org\/{rel}","templated":true}]}}