{"id":5786,"date":"2020-03-10T21:55:27","date_gmt":"2020-03-10T19:55:27","guid":{"rendered":"https:\/\/teamdeck.io\/?page_id=5786"},"modified":"2022-01-11T16:19:56","modified_gmt":"2022-01-11T14:19:56","slug":"teamdeck-vs-resource-guru","status":"publish","type":"page","link":"https:\/\/teamdeck.io\/lv\/teamdeck-vs-resursu-guru\/","title":{"rendered":"Resursu guru alternat\u012bva"},"content":{"rendered":"<div data-vc-full-width=\"true\" data-vc-full-width-init=\"false\" class=\"vc_row wpb_row vc_row-fluid redl-row-section vc_custom_1547727116563 vc_row-has-fill vc_row-o-content-middle vc_row-flex padding-default bgv-default bgh-default halign-center\"><div class=\"wpb_column vc_column_container text-left vc_col-sm-4 padding-default bgv-default bgh-default halign-center\"><div class=\"vc_column-inner\"><div class=\"wpb_wrapper\">\n\t<div class=\"wpb_text_column wpb_content_element\" >\n\t\t<div class=\"wpb_wrapper\">\n\t\t\t<h1>Teamdeck vs Resource Guru<\/h1>\n<p>Uzziniet, k\u0101 Teamdeck \u013cauj lab\u0101k kontrol\u0113t visu resursu p\u0101rvald\u012bbas procesu, s\u0101kot no komandas darba laika pl\u0101no\u0161anas, laika uzskaites un beidzot ar promb\u016btnes p\u0101rvald\u012bbu. <strong><span style=\"color: #1ac604;\">Lasiet t\u0101l\u0101k par Resource Guru un Teamdeck sal\u012bdzin\u0101jumu<\/span>.<\/strong><\/p>\n\n\t\t<\/div>\n\t<\/div>\n\n\t<div class=\"wpb_text_column wpb_content_element\" >\n\t\t<div class=\"wpb_wrapper\">\n\t\t\t<p style=\"text-align: left;\"><span class=\"arrow-link\"><a href=\"https:\/\/app.teamdeck.io\/register\">Ieg\u016bstiet 30 dienu BEZMAKSAS izm\u0113\u0123in\u0101juma versiju<\/a><\/span><\/p>\n\n\t\t<\/div>\n\t<\/div>\n<\/div><\/div><\/div><div class=\"wpb_column vc_column_container text-center vc_col-sm-8 vc_col-has-fill padding-default bgv-default bgh-default halign-center\"><div class=\"vc_column-inner vc_custom_1583827482870\"><div class=\"wpb_wrapper\">\n\t<div class=\"wpb_text_column wpb_content_element  vc_custom_1638208805246 video-nocontrols\" >\n\t\t<div class=\"wpb_wrapper\">\n\t\t\t<p><img loading=\"lazy\" decoding=\"async\" class=\"aligncenter wp-image-5809\" src=\"https:\/\/cdn.teamdeck.io\/uploads\/website\/2020\/03\/10215241\/Untitled-design-11-300x250.png\" alt=\"Teamdeck resursu pl\u0101no\u0161anas programmat\u016bra k\u013c\u016bst par nelielu resursu guru alternat\u012bvu \u0123imeni\" width=\"600\" height=\"500\" srcset=\"https:\/\/cdn.teamdeck.io\/uploads\/website\/2020\/03\/10215241\/Untitled-design-11-300x250.png 300w, https:\/\/cdn.teamdeck.io\/uploads\/website\/2020\/03\/10215241\/Untitled-design-11-768x640.png 768w, https:\/\/cdn.teamdeck.io\/uploads\/website\/2020\/03\/10215241\/Untitled-design-11-960x800.png 960w, https:\/\/cdn.teamdeck.io\/uploads\/website\/2020\/03\/10215241\/Untitled-design-11.png 1800w\" sizes=\"auto, (max-width: 600px) 100vw, 600px\" \/><\/p>\n\n\t\t<\/div>\n\t<\/div>\n<\/div><\/div><\/div><\/div><div class=\"vc_row-full-width vc_clearfix\"><\/div><div class=\"vc_row wpb_row vc_row-fluid redl-row-section padding-default bgv-default bgh-default halign-default\"><div class=\"wpb_column vc_column_container text-left vc_col-sm-12 padding-default bgv-default bgh-default halign-default\"><div class=\"vc_column-inner\"><div class=\"wpb_wrapper\">\n\t<div class=\"wpb_text_column wpb_content_element\" >\n\t\t<div class=\"wpb_wrapper\">\n\t\t\t<h2>Vai mekl\u0113jat Resource Guru alternat\u012bvas?<\/h2>\n<p>Teamdeck var\u0113tu b\u016bt atbilde uz j\u016bsu vajadz\u012bb\u0101m.<\/p>\n<p>Gan Resource Guru, gan Teamdeck ir v\u0113rsti uz resursu p\u0101rvald\u012bbu. T\u0101p\u0113c komandas izv\u0113las \u0161os r\u012bkus, nevis lietojumprogrammas ar visp\u0101r\u012bg\u0101ku pieeju iek\u0161\u0113jo procesu p\u0101rvald\u012bbai.<\/p>\n<p><strong>Teamdeck un Resource Guru<\/strong> <strong>at\u0161\u0137iras<\/strong> <strong>attiec\u012bb\u0101 uz pied\u0101v\u0101taj\u0101m funkcij\u0101m un cen\u0101m.<\/strong>, bet abiem r\u012bkiem ir pieejami ikm\u0113ne\u0161a abon\u0113\u0161anas pl\u0101ni. S\u012bk\u0101ku inform\u0101ciju skat\u012bt turpm\u0101k.<\/p>\n\n\t\t<\/div>\n\t<\/div>\n<\/div><\/div><\/div><\/div><div class=\"vc_row wpb_row vc_row-fluid redl-row-section padding-default bgv-default bgh-default halign-default\"><div class=\"wpb_column vc_column_container text-left vc_col-sm-12 padding-default bgv-default bgh-default halign-default\"><div class=\"vc_column-inner\"><div class=\"wpb_wrapper\">\n\t<div class=\"wpb_text_column wpb_content_element\" >\n\t\t<div class=\"wpb_wrapper\">\n\t\t\t<p><img loading=\"lazy\" decoding=\"async\" class=\"aligncenter wp-image-5822\" src=\"https:\/\/cdn.teamdeck.io\/uploads\/website\/2020\/03\/13124322\/Screenshot-2020-03-13-at-11.43.04-300x177.png\" alt=\"Top resursu guru alternat\u012bvas ir j\u0101\u0146em v\u0113r\u0101 funkcijas un cenu sal\u012bdzin\u0101jumi\" width=\"700\" height=\"414\" srcset=\"https:\/\/cdn.teamdeck.io\/uploads\/website\/2020\/03\/13124322\/Screenshot-2020-03-13-at-11.43.04-300x177.png 300w, https:\/\/cdn.teamdeck.io\/uploads\/website\/2020\/03\/13124322\/Screenshot-2020-03-13-at-11.43.04-768x454.png 768w, https:\/\/cdn.teamdeck.io\/uploads\/website\/2020\/03\/13124322\/Screenshot-2020-03-13-at-11.43.04-960x568.png 960w, https:\/\/cdn.teamdeck.io\/uploads\/website\/2020\/03\/13124322\/Screenshot-2020-03-13-at-11.43.04.png 1572w\" sizes=\"auto, (max-width: 700px) 100vw, 700px\" \/><\/p>\n\n\t\t<\/div>\n\t<\/div>\n<\/div><\/div><\/div><\/div><div class=\"vc_row wpb_row vc_row-fluid redl-row-section padding-small bgv-default bgh-default halign-default\"><div class=\"wpb_column vc_column_container text-left vc_col-sm-12 padding-small bgv-default bgh-default halign-default\"><div class=\"vc_column-inner\"><div class=\"wpb_wrapper\">\n\t<div class=\"wpb_text_column wpb_content_element\" >\n\t\t<div class=\"wpb_wrapper\">\n\t\t\t<h2 style=\"text-align: center;\"><strong>3 iemesli, k\u0101p\u0113c uz\u0146\u0113mumiem pat\u012bk Teamdeck - piln\u012bgs resursu p\u0101rvald\u012bbas risin\u0101jums<\/strong><\/h2>\n\n\t\t<\/div>\n\t<\/div>\n<\/div><\/div><\/div><\/div><div class=\"vc_row wpb_row vc_row-fluid redl-row-section use-cases-title vc_custom_1582120251302 padding-default bgv-default bgh-default halign-default\"><div class=\"wpb_column vc_column_container text-left vc_col-sm-4 padding-default bgv-default bgh-default halign-default\"><div class=\"vc_column-inner\"><div class=\"wpb_wrapper\">\n\t<div class=\"wpb_text_column wpb_content_element\" >\n\t\t<div class=\"wpb_wrapper\">\n\t\t\t<h2 style=\"text-align: center;\"><strong><span class=\"text-title column-title\">Piln\u012bgs resursu p\u0101rvald\u012bbas risin\u0101jums<\/span><\/strong><\/h2>\n<p style=\"text-align: center;\">Ar da\u017e\u0101d\u0101m funkcij\u0101m, s\u0101kot no resursu pl\u0101no\u0161anas l\u012bdz pat laika uzskaitei un atva\u013cin\u0101jumu p\u0101rvald\u012bbai, Teamdeck nodro\u0161ina komand\u0101m liel\u0101ku kontroli p\u0101r to iek\u0161\u0113jiem procesiem. Ar Teamdeck j\u016bs varat <strong>ne tikai pl\u0101not komandas darbu, bet ar\u012b nov\u0113rt\u0113t t\u0101 rezult\u0101tus.<\/strong> un t\u0101d\u0113j\u0101di optimiz\u0113t pl\u0101no\u0161anas darbu n\u0101kotn\u0113.<\/p>\n\n\t\t<\/div>\n\t<\/div>\n<\/div><\/div><\/div><div class=\"wpb_column vc_column_container text-left vc_col-sm-4 padding-default bgv-default bgh-default halign-default\"><div class=\"vc_column-inner\"><div class=\"wpb_wrapper\">\n\t<div class=\"wpb_text_column wpb_content_element\" >\n\t\t<div class=\"wpb_wrapper\">\n\t\t\t<h2 style=\"text-align: center;\"><span class=\"text-title column-title\">\u0100tra un efekt\u012bva uz\u0146em\u0161ana darb\u0101<\/span><\/h2>\n<p style=\"text-align: center;\">Vai j\u016btat, ka Teamdeck ir j\u016bsu komandai piem\u0113rots r\u012bks? Pabeidziet \u0101tru produkta apskati, personaliz\u0113jiet savas komandas iestat\u012bjumus un import\u0113jiet datus. Nav j\u0101t\u0113r\u0113 laiks lietotnes sagatavo\u0161anai: <strong>j\u016bs s\u0101ksiet g\u016bt labumu jau no pirm\u0101s dienas.<\/strong><\/p>\n\n\t\t<\/div>\n\t<\/div>\n<\/div><\/div><\/div><div class=\"wpb_column vc_column_container text-left vc_col-sm-4 padding-default bgv-default bgh-default halign-default\"><div class=\"vc_column-inner\"><div class=\"wpb_wrapper\">\n\t<div class=\"wpb_text_column wpb_content_element\" >\n\t\t<div class=\"wpb_wrapper\">\n\t\t\t<h2 style=\"text-align: center;\"><span class=\"text-title column-title\">Pasaules klases atbalsts<\/span><\/h2>\n<p style=\"text-align: center;\">M\u0113s to nevaram pietiekami uzsv\u0113rt: <strong>m\u016bsu #1 priorit\u0101te ir, lai j\u016bs g\u016btu labumu no Teamdeck.<\/strong> cik vien iesp\u0113jams. T\u0101p\u0113c m\u0113s pied\u0101v\u0101jam personaliz\u0113tus produktu demonstr\u0113jumus, ievadapm\u0101c\u012bbas zvanus j\u016bsu komandai un priorit\u0101ru atbalstu, kad vien jums tas nepiecie\u0161ams.<\/p>\n\n\t\t<\/div>\n\t<\/div>\n<\/div><\/div><\/div><\/div><div class=\"vc_row wpb_row vc_row-fluid redl-row-section padding-default bgv-default bgh-default halign-default\"><div class=\"wpb_column vc_column_container text-left vc_col-sm-12 padding-default bgv-default bgh-default halign-default\"><div class=\"vc_column-inner\"><div class=\"wpb_wrapper\"><\/div><\/div><\/div><\/div><div class=\"vc_row wpb_row vc_row-fluid redl-row-section padding-default bgv-default bgh-default halign-default\"><div class=\"wpb_column vc_column_container text-left vc_col-sm-12 padding-default bgv-default bgh-default halign-default\"><div class=\"vc_column-inner\"><div class=\"wpb_wrapper\">\n\t<div class=\"wpb_text_column wpb_content_element\" >\n\t\t<div class=\"wpb_wrapper\">\n\t\t\t<h2 class=\"ql-align-center\" style=\"text-align: center;\"><strong>Circus Maximus, BAMM, Stormind Games, Hill-Knowlton Strategies ir izv\u0113l\u0113ju\u0161ies Teamdeck.io k\u0101 savu <a href=\"https:\/\/teamdeck.io\/lv\/\">projektu resursu p\u0101rvald\u012bbas programmat\u016bra<\/a><\/strong><\/h2>\n\n\t\t<\/div>\n\t<\/div>\n<\/div><\/div><\/div><\/div><div class=\"vc_row wpb_row vc_row-fluid redl-row-section padding-default bgv-default bgh-default halign-default\"><div class=\"wpb_column vc_column_container text-left vc_col-sm-12 padding-default bgv-default bgh-default halign-default\"><div class=\"vc_column-inner vc_custom_1583774752686\"><div class=\"wpb_wrapper\"><form class=\"get-started-form\" action=\"\">\n  <div class=\"get-started-form__input-wrapper\">\n    <input class=\"get-started-form__input\" placeholder=\"Ievadiet savu uz\u0146\u0113muma e-pasta adresi\" \/>\n  <\/div>\n  <button type=\"submit\" class=\"get-started-form__button\">\n    <span class=\"get-started-form__button-text\">Ieg\u016bstiet 14 dienu BEZMAKSAS izm\u0113\u0123in\u0101juma versiju<\/>\n  <\/button>\n  <button class=\"get-started-form__button\">\n    <span class=\"get-started-form__button-text\">Neder\u012bgs e-pasts<\/>\n  <\/button>\n<input type=\"hidden\" name=\"trp-form-language\" value=\"lv\"\/><\/form>\n<\/div><\/div><\/div><\/div>","protected":false},"excerpt":{"rendered":"Teamdeck vs Resource Guru Uzziniet, k\u0101 Teamdeck sniedz jums liel\u0101ku kontroli p\u0101r visu resursu p\u0101rvald\u012bbas procesu, s\u0101kot no komandas pl\u0101no\u0161anas, laika uzskaites un beidzot ar promb\u016btnes p\u0101rvald\u012bbu. Lasiet t\u0101l\u0101k par Resource Guru un Teamdeck sal\u012bdzin\u0101jumu. Ieg\u016bstiet 30 dienu...","protected":false},"author":17,"featured_media":0,"parent":0,"menu_order":0,"comment_status":"closed","ping_status":"closed","template":"","meta":{"footnotes":""},"class_list":["post-5786","page","type-page","status-publish","hentry"],"yoast_head":"<!-- This site is optimized with the Yoast SEO Premium plugin v23.8 (Yoast SEO v24.3) - https:\/\/yoast.com\/wordpress\/plugins\/seo\/ -->\n<title>Resource Guru alternatives - Teamdeck - Resource Management Software<\/title>\n<meta name=\"description\" content=\"Teamdeck.io - resource management software is in use by Stormind Games, Circus Maximus, Hill-Knowlton. We replaced Resource Guru many times.\" \/>\n<meta name=\"robots\" content=\"index, follow, max-snippet:-1, max-image-preview:large, max-video-preview:-1\" \/>\n<link rel=\"canonical\" href=\"https:\/\/teamdeck.io\/lv\/teamdeck-vs-resursu-guru\/\" \/>\n<meta property=\"og:locale\" content=\"lv_LV\" \/>\n<meta property=\"og:type\" content=\"article\" \/>\n<meta property=\"og:title\" content=\"Resource Guru Alternative\" \/>\n<meta property=\"og:description\" content=\"Teamdeck.io - resource management software is in use by Stormind Games, Circus Maximus, Hill-Knowlton. We replaced Resource Guru many times.\" \/>\n<meta property=\"og:url\" content=\"https:\/\/teamdeck.io\/lv\/teamdeck-vs-resursu-guru\/\" \/>\n<meta property=\"og:site_name\" content=\"Teamdeck\" \/>\n<meta property=\"article:publisher\" content=\"https:\/\/www.facebook.com\/helloteamdeck\" \/>\n<meta property=\"article:modified_time\" content=\"2022-01-11T14:19:56+00:00\" \/>\n<meta property=\"og:image\" content=\"https:\/\/teamdeck.io\/wp-content\/uploads\/2020\/03\/Untitled-design-11-300x250.png\" \/>\n<meta name=\"twitter:card\" content=\"summary_large_image\" \/>\n<meta name=\"twitter:site\" content=\"@helloteamdeck\" \/>\n<meta name=\"twitter:label1\" content=\"Est. reading time\" \/>\n\t<meta name=\"twitter:data1\" content=\"2 minutes\" \/>\n<script type=\"application\/ld+json\" class=\"yoast-schema-graph\">{\"@context\":\"https:\/\/schema.org\",\"@graph\":[{\"@type\":\"WebPage\",\"@id\":\"https:\/\/teamdeck.io\/teamdeck-vs-resource-guru\/\",\"url\":\"https:\/\/teamdeck.io\/teamdeck-vs-resource-guru\/\",\"name\":\"Resource Guru alternatives - Teamdeck - Resource Management Software\",\"isPartOf\":{\"@id\":\"https:\/\/teamdeck.io\/#website\"},\"primaryImageOfPage\":{\"@id\":\"https:\/\/teamdeck.io\/teamdeck-vs-resource-guru\/#primaryimage\"},\"image\":{\"@id\":\"https:\/\/teamdeck.io\/teamdeck-vs-resource-guru\/#primaryimage\"},\"thumbnailUrl\":\"https:\/\/teamdeck.io\/wp-content\/uploads\/2020\/03\/Untitled-design-11-300x250.png\",\"datePublished\":\"2020-03-10T19:55:27+00:00\",\"dateModified\":\"2022-01-11T14:19:56+00:00\",\"description\":\"Teamdeck.io - resource management software is in use by Stormind Games, Circus Maximus, Hill-Knowlton. We replaced Resource Guru many times.\",\"breadcrumb\":{\"@id\":\"https:\/\/teamdeck.io\/teamdeck-vs-resource-guru\/#breadcrumb\"},\"inLanguage\":\"lv\",\"potentialAction\":[{\"@type\":\"ReadAction\",\"target\":[\"https:\/\/teamdeck.io\/teamdeck-vs-resource-guru\/\"]}]},{\"@type\":\"ImageObject\",\"inLanguage\":\"lv\",\"@id\":\"https:\/\/teamdeck.io\/teamdeck-vs-resource-guru\/#primaryimage\",\"url\":\"https:\/\/teamdeck.io\/wp-content\/uploads\/2020\/03\/Untitled-design-11-300x250.png\",\"contentUrl\":\"https:\/\/teamdeck.io\/wp-content\/uploads\/2020\/03\/Untitled-design-11-300x250.png\"},{\"@type\":\"BreadcrumbList\",\"@id\":\"https:\/\/teamdeck.io\/teamdeck-vs-resource-guru\/#breadcrumb\",\"itemListElement\":[{\"@type\":\"ListItem\",\"position\":1,\"name\":\"Home\",\"item\":\"https:\/\/teamdeck.io\/\"},{\"@type\":\"ListItem\",\"position\":2,\"name\":\"Resource Guru Alternative\"}]},{\"@type\":\"WebSite\",\"@id\":\"https:\/\/teamdeck.io\/#website\",\"url\":\"https:\/\/teamdeck.io\/\",\"name\":\"Teamdeck\",\"description\":\"resource scheduling + time tracking + leave management\",\"potentialAction\":[{\"@type\":\"SearchAction\",\"target\":{\"@type\":\"EntryPoint\",\"urlTemplate\":\"https:\/\/teamdeck.io\/?s={search_term_string}\"},\"query-input\":{\"@type\":\"PropertyValueSpecification\",\"valueRequired\":true,\"valueName\":\"search_term_string\"}}],\"inLanguage\":\"lv\"}]}<\/script>\n<!-- \/ Yoast SEO Premium plugin. -->","yoast_head_json":{"title":"Resource Guru alternatives - Teamdeck - Resource Management Software","description":"Teamdeck.io - resource management software is in use by Stormind Games, Circus Maximus, Hill-Knowlton. We replaced Resource Guru many times.","robots":{"index":"index","follow":"follow","max-snippet":"max-snippet:-1","max-image-preview":"max-image-preview:large","max-video-preview":"max-video-preview:-1"},"canonical":"https:\/\/teamdeck.io\/lv\/teamdeck-vs-resursu-guru\/","og_locale":"lv_LV","og_type":"article","og_title":"Resource Guru Alternative","og_description":"Teamdeck.io - resource management software is in use by Stormind Games, Circus Maximus, Hill-Knowlton. We replaced Resource Guru many times.","og_url":"https:\/\/teamdeck.io\/lv\/teamdeck-vs-resursu-guru\/","og_site_name":"Teamdeck","article_publisher":"https:\/\/www.facebook.com\/helloteamdeck","article_modified_time":"2022-01-11T14:19:56+00:00","og_image":[{"url":"https:\/\/teamdeck.io\/wp-content\/uploads\/2020\/03\/Untitled-design-11-300x250.png","type":"","width":"","height":""}],"twitter_card":"summary_large_image","twitter_site":"@helloteamdeck","twitter_misc":{"Est. reading time":"2 minutes"},"schema":{"@context":"https:\/\/schema.org","@graph":[{"@type":"WebPage","@id":"https:\/\/teamdeck.io\/teamdeck-vs-resource-guru\/","url":"https:\/\/teamdeck.io\/teamdeck-vs-resource-guru\/","name":"Resource Guru alternatives - Teamdeck - Resource Management Software","isPartOf":{"@id":"https:\/\/teamdeck.io\/#website"},"primaryImageOfPage":{"@id":"https:\/\/teamdeck.io\/teamdeck-vs-resource-guru\/#primaryimage"},"image":{"@id":"https:\/\/teamdeck.io\/teamdeck-vs-resource-guru\/#primaryimage"},"thumbnailUrl":"https:\/\/teamdeck.io\/wp-content\/uploads\/2020\/03\/Untitled-design-11-300x250.png","datePublished":"2020-03-10T19:55:27+00:00","dateModified":"2022-01-11T14:19:56+00:00","description":"Teamdeck.io - resource management software is in use by Stormind Games, Circus Maximus, Hill-Knowlton. We replaced Resource Guru many times.","breadcrumb":{"@id":"https:\/\/teamdeck.io\/teamdeck-vs-resource-guru\/#breadcrumb"},"inLanguage":"lv","potentialAction":[{"@type":"ReadAction","target":["https:\/\/teamdeck.io\/teamdeck-vs-resource-guru\/"]}]},{"@type":"ImageObject","inLanguage":"lv","@id":"https:\/\/teamdeck.io\/teamdeck-vs-resource-guru\/#primaryimage","url":"https:\/\/teamdeck.io\/wp-content\/uploads\/2020\/03\/Untitled-design-11-300x250.png","contentUrl":"https:\/\/teamdeck.io\/wp-content\/uploads\/2020\/03\/Untitled-design-11-300x250.png"},{"@type":"BreadcrumbList","@id":"https:\/\/teamdeck.io\/teamdeck-vs-resource-guru\/#breadcrumb","itemListElement":[{"@type":"ListItem","position":1,"name":"Home","item":"https:\/\/teamdeck.io\/"},{"@type":"ListItem","position":2,"name":"Resource Guru Alternative"}]},{"@type":"WebSite","@id":"https:\/\/teamdeck.io\/#website","url":"https:\/\/teamdeck.io\/","name":"Teamdeck","description":"resource scheduling + time tracking + leave management","potentialAction":[{"@type":"SearchAction","target":{"@type":"EntryPoint","urlTemplate":"https:\/\/teamdeck.io\/?s={search_term_string}"},"query-input":{"@type":"PropertyValueSpecification","valueRequired":true,"valueName":"search_term_string"}}],"inLanguage":"lv"}]}},"_links":{"self":[{"href":"https:\/\/teamdeck.io\/lv\/wp-json\/wp\/v2\/pages\/5786","targetHints":{"allow":["GET"]}}],"collection":[{"href":"https:\/\/teamdeck.io\/lv\/wp-json\/wp\/v2\/pages"}],"about":[{"href":"https:\/\/teamdeck.io\/lv\/wp-json\/wp\/v2\/types\/page"}],"author":[{"embeddable":true,"href":"https:\/\/teamdeck.io\/lv\/wp-json\/wp\/v2\/users\/17"}],"replies":[{"embeddable":true,"href":"https:\/\/teamdeck.io\/lv\/wp-json\/wp\/v2\/comments?post=5786"}],"version-history":[{"count":10,"href":"https:\/\/teamdeck.io\/lv\/wp-json\/wp\/v2\/pages\/5786\/revisions"}],"predecessor-version":[{"id":9001,"href":"https:\/\/teamdeck.io\/lv\/wp-json\/wp\/v2\/pages\/5786\/revisions\/9001"}],"wp:attachment":[{"href":"https:\/\/teamdeck.io\/lv\/wp-json\/wp\/v2\/media?parent=5786"}],"curies":[{"name":"wp","href":"https:\/\/api.w.org\/{rel}","templated":true}]}}