{"id":5698,"date":"2020-02-24T11:23:03","date_gmt":"2020-02-24T09:23:03","guid":{"rendered":"https:\/\/teamdeck.io\/?page_id=5698"},"modified":"2021-12-14T12:28:28","modified_gmt":"2021-12-14T10:28:28","slug":"demo-organization","status":"publish","type":"page","link":"https:\/\/teamdeck.io\/lv\/demonstracijas-organizacija\/","title":{"rendered":"Demo organiz\u0101cija"},"content":{"rendered":"<div data-vc-full-width=\"true\" data-vc-full-width-init=\"false\" class=\"vc_row wpb_row vc_row-fluid redl-row-section padding-default bgv-default bgh-default halign-default\"><div class=\"top-level-column wpb_column vc_column_container text-center vc_col-sm-12 padding-default bgv-default bgh-default halign-default\"><div class=\"vc_column-inner vc_custom_1574328775329\"><div class=\"wpb_wrapper\">\n\t<div class=\"wpb_text_column wpb_content_element\" >\n\t\t<div class=\"wpb_wrapper\">\n\t\t\t<h1 style=\"text-align: center;\">Sp\u0113l\u0113jiet ar paraugu datiem<\/h1>\n<h3 style=\"text-align: center;\"><span class=\"h3\">P\u0101rbaudiet, k\u0101 ir lietot Teamdeck. <\/span><span class=\"h3\">Nav nepiecie\u0161ams aug\u0161upiel\u0101d\u0113t datus! <\/span><\/h3>\n\n\t\t<\/div>\n\t<\/div>\n\n\t<div class=\"wpb_video_widget wpb_content_element vc_clearfix   vc_video-aspect-ratio-169 vc_video-el-width-60 vc_video-align-center\" >\n\t\t<div class=\"wpb_wrapper\">\n\t\t\t\n\t\t\t<div class=\"wpb_video_wrapper\"><iframe loading=\"lazy\" title=\"K\u0101 vislab\u0101k izmantot TEAMDECK DEMO ORGANIZ\u0100CIJA?\" width=\"1170\" height=\"658\" src=\"https:\/\/www.youtube.com\/embed\/XtvH7lzTCXM?feature=oembed\" frameborder=\"0\" allow=\"accelerometer; autoplay; clipboard-write; encrypted-media; gyroscope; picture-in-picture\" allowfullscreen><\/iframe><\/div>\n\t\t<\/div>\n\t<\/div>\n\n\t<div class=\"wpb_text_column wpb_content_element\" >\n\t\t<div class=\"wpb_wrapper\">\n\t\t\t<ul class=\"features-list\">\n<li class=\"features-list-item\" style=\"text-align: center;\">vienk\u0101r\u0161\u0101kais veids, k\u0101 p\u0101rbaud\u012bt visas funkcijas<\/li>\n<li class=\"features-list-item\" style=\"text-align: center;\">re\u0101l\u0101 dz\u012bves pieredze<\/li>\n<li class=\"features-list-item\" style=\"text-align: center;\">ietaup\u012bts laiks<\/li>\n<\/ul>\n\n\t\t<\/div>\n\t<\/div>\n<\/div><\/div><\/div><\/div><div class=\"vc_row-full-width vc_clearfix\"><\/div><div class=\"vc_row wpb_row vc_row-fluid redl-row-section padding-default bgv-default bgh-default halign-default\"><div class=\"wpb_column vc_column_container text-left vc_col-sm-12 padding-medium bgv-default bgh-default halign-default\"><div class=\"vc_column-inner\"><div class=\"wpb_wrapper\">\n\t<div class=\"wpb_text_column wpb_content_element\" >\n\t\t<div class=\"wpb_wrapper\">\n\t\t\t<h2 style=\"text-align: center;\">Uzs\u0101ciet bezmaksas izm\u0113\u0123in\u0101juma versiju<\/h2>\n\n\t\t<\/div>\n\t<\/div>\n<form class=\"get-started-form\" action=\"\">\n  <div class=\"get-started-form__input-wrapper\">\n    <input class=\"get-started-form__input\" placeholder=\"Ievadiet savu uz\u0146\u0113muma e-pasta adresi\" \/>\n  <\/div>\n  <button type=\"submit\" class=\"get-started-form__button\">\n    <span class=\"get-started-form__button-text\">Ieg\u016bstiet 14 dienu BEZMAKSAS izm\u0113\u0123in\u0101juma versiju<\/>\n  <\/button>\n  <button class=\"get-started-form__button\">\n    <span class=\"get-started-form__button-text\">Neder\u012bgs e-pasts<\/>\n  <\/button>\n<input type=\"hidden\" name=\"trp-form-language\" value=\"lv\"\/><\/form>\n<\/div><\/div><\/div><\/div>","protected":false},"excerpt":{"rendered":"Play with sample data Check how does it feel to use Teamdeck. No need to upload your data! the easiest way to check all the features real-life experience saved time Start your free trial Get a 14-day...","protected":false},"author":17,"featured_media":0,"parent":0,"menu_order":0,"comment_status":"closed","ping_status":"closed","template":"","meta":{"footnotes":""},"class_list":["post-5698","page","type-page","status-publish","hentry"],"yoast_head":"<!-- This site is optimized with the Yoast SEO Premium plugin v23.8 (Yoast SEO v24.3) - https:\/\/yoast.com\/wordpress\/plugins\/seo\/ -->\n<title>Teamdeck: Play with sample bookings and timesheets<\/title>\n<meta name=\"description\" content=\"Check how does it feel to use Teamdeck. No need to upload your data! \u2714\ufe0fthe easiest way to check all of the features \u2714\ufe0freal-life experience \u2714\ufe0fsaved time\" \/>\n<meta name=\"robots\" content=\"index, follow, max-snippet:-1, max-image-preview:large, max-video-preview:-1\" \/>\n<link rel=\"canonical\" href=\"https:\/\/teamdeck.io\/lv\/demonstracijas-organizacija\/\" \/>\n<meta property=\"og:locale\" content=\"lv_LV\" \/>\n<meta property=\"og:type\" content=\"article\" \/>\n<meta property=\"og:title\" content=\"Demo organization\" \/>\n<meta property=\"og:description\" content=\"Check how does it feel to use Teamdeck. No need to upload your data! \u2714\ufe0fthe easiest way to check all of the features \u2714\ufe0freal-life experience \u2714\ufe0fsaved time\" \/>\n<meta property=\"og:url\" content=\"https:\/\/teamdeck.io\/lv\/demonstracijas-organizacija\/\" \/>\n<meta property=\"og:site_name\" content=\"Teamdeck\" \/>\n<meta property=\"article:publisher\" content=\"https:\/\/www.facebook.com\/helloteamdeck\" \/>\n<meta property=\"article:modified_time\" content=\"2021-12-14T10:28:28+00:00\" \/>\n<meta name=\"twitter:card\" content=\"summary_large_image\" \/>\n<meta name=\"twitter:site\" content=\"@helloteamdeck\" \/>\n<meta name=\"twitter:label1\" content=\"Est. reading time\" \/>\n\t<meta name=\"twitter:data1\" content=\"1 minute\" \/>\n<script type=\"application\/ld+json\" class=\"yoast-schema-graph\">{\"@context\":\"https:\/\/schema.org\",\"@graph\":[{\"@type\":\"WebPage\",\"@id\":\"https:\/\/teamdeck.io\/demo-organization\/\",\"url\":\"https:\/\/teamdeck.io\/demo-organization\/\",\"name\":\"Teamdeck: Play with sample bookings and timesheets\",\"isPartOf\":{\"@id\":\"https:\/\/teamdeck.io\/#website\"},\"datePublished\":\"2020-02-24T09:23:03+00:00\",\"dateModified\":\"2021-12-14T10:28:28+00:00\",\"description\":\"Check how does it feel to use Teamdeck. No need to upload your data! \u2714\ufe0fthe easiest way to check all of the features \u2714\ufe0freal-life experience \u2714\ufe0fsaved time\",\"breadcrumb\":{\"@id\":\"https:\/\/teamdeck.io\/demo-organization\/#breadcrumb\"},\"inLanguage\":\"lv\",\"potentialAction\":[{\"@type\":\"ReadAction\",\"target\":[\"https:\/\/teamdeck.io\/demo-organization\/\"]}]},{\"@type\":\"BreadcrumbList\",\"@id\":\"https:\/\/teamdeck.io\/demo-organization\/#breadcrumb\",\"itemListElement\":[{\"@type\":\"ListItem\",\"position\":1,\"name\":\"Home\",\"item\":\"https:\/\/teamdeck.io\/\"},{\"@type\":\"ListItem\",\"position\":2,\"name\":\"Demo organization\"}]},{\"@type\":\"WebSite\",\"@id\":\"https:\/\/teamdeck.io\/#website\",\"url\":\"https:\/\/teamdeck.io\/\",\"name\":\"Teamdeck\",\"description\":\"resource scheduling + time tracking + leave management\",\"potentialAction\":[{\"@type\":\"SearchAction\",\"target\":{\"@type\":\"EntryPoint\",\"urlTemplate\":\"https:\/\/teamdeck.io\/?s={search_term_string}\"},\"query-input\":{\"@type\":\"PropertyValueSpecification\",\"valueRequired\":true,\"valueName\":\"search_term_string\"}}],\"inLanguage\":\"lv\"}]}<\/script>\n<!-- \/ Yoast SEO Premium plugin. -->","yoast_head_json":{"title":"Teamdeck: Play with sample bookings and timesheets","description":"Check how does it feel to use Teamdeck. No need to upload your data! \u2714\ufe0fthe easiest way to check all of the features \u2714\ufe0freal-life experience \u2714\ufe0fsaved time","robots":{"index":"index","follow":"follow","max-snippet":"max-snippet:-1","max-image-preview":"max-image-preview:large","max-video-preview":"max-video-preview:-1"},"canonical":"https:\/\/teamdeck.io\/lv\/demonstracijas-organizacija\/","og_locale":"lv_LV","og_type":"article","og_title":"Demo organization","og_description":"Check how does it feel to use Teamdeck. No need to upload your data! \u2714\ufe0fthe easiest way to check all of the features \u2714\ufe0freal-life experience \u2714\ufe0fsaved time","og_url":"https:\/\/teamdeck.io\/lv\/demonstracijas-organizacija\/","og_site_name":"Teamdeck","article_publisher":"https:\/\/www.facebook.com\/helloteamdeck","article_modified_time":"2021-12-14T10:28:28+00:00","twitter_card":"summary_large_image","twitter_site":"@helloteamdeck","twitter_misc":{"Est. reading time":"1 minute"},"schema":{"@context":"https:\/\/schema.org","@graph":[{"@type":"WebPage","@id":"https:\/\/teamdeck.io\/demo-organization\/","url":"https:\/\/teamdeck.io\/demo-organization\/","name":"Teamdeck: Play with sample bookings and timesheets","isPartOf":{"@id":"https:\/\/teamdeck.io\/#website"},"datePublished":"2020-02-24T09:23:03+00:00","dateModified":"2021-12-14T10:28:28+00:00","description":"Check how does it feel to use Teamdeck. No need to upload your data! \u2714\ufe0fthe easiest way to check all of the features \u2714\ufe0freal-life experience \u2714\ufe0fsaved time","breadcrumb":{"@id":"https:\/\/teamdeck.io\/demo-organization\/#breadcrumb"},"inLanguage":"lv","potentialAction":[{"@type":"ReadAction","target":["https:\/\/teamdeck.io\/demo-organization\/"]}]},{"@type":"BreadcrumbList","@id":"https:\/\/teamdeck.io\/demo-organization\/#breadcrumb","itemListElement":[{"@type":"ListItem","position":1,"name":"Home","item":"https:\/\/teamdeck.io\/"},{"@type":"ListItem","position":2,"name":"Demo organization"}]},{"@type":"WebSite","@id":"https:\/\/teamdeck.io\/#website","url":"https:\/\/teamdeck.io\/","name":"Teamdeck","description":"resource scheduling + time tracking + leave management","potentialAction":[{"@type":"SearchAction","target":{"@type":"EntryPoint","urlTemplate":"https:\/\/teamdeck.io\/?s={search_term_string}"},"query-input":{"@type":"PropertyValueSpecification","valueRequired":true,"valueName":"search_term_string"}}],"inLanguage":"lv"}]}},"_links":{"self":[{"href":"https:\/\/teamdeck.io\/lv\/wp-json\/wp\/v2\/pages\/5698","targetHints":{"allow":["GET"]}}],"collection":[{"href":"https:\/\/teamdeck.io\/lv\/wp-json\/wp\/v2\/pages"}],"about":[{"href":"https:\/\/teamdeck.io\/lv\/wp-json\/wp\/v2\/types\/page"}],"author":[{"embeddable":true,"href":"https:\/\/teamdeck.io\/lv\/wp-json\/wp\/v2\/users\/17"}],"replies":[{"embeddable":true,"href":"https:\/\/teamdeck.io\/lv\/wp-json\/wp\/v2\/comments?post=5698"}],"version-history":[{"count":3,"href":"https:\/\/teamdeck.io\/lv\/wp-json\/wp\/v2\/pages\/5698\/revisions"}],"predecessor-version":[{"id":5707,"href":"https:\/\/teamdeck.io\/lv\/wp-json\/wp\/v2\/pages\/5698\/revisions\/5707"}],"wp:attachment":[{"href":"https:\/\/teamdeck.io\/lv\/wp-json\/wp\/v2\/media?parent=5698"}],"curies":[{"name":"wp","href":"https:\/\/api.w.org\/{rel}","templated":true}]}}