{"id":4915,"date":"2019-05-24T14:50:19","date_gmt":"2019-05-24T12:50:19","guid":{"rendered":"https:\/\/teamdeck.io\/?page_id=4915"},"modified":"2022-01-09T04:24:25","modified_gmt":"2022-01-09T02:24:25","slug":"why-teamdeck","status":"publish","type":"page","link":"https:\/\/teamdeck.io\/lv\/kapec-teamdeck\/","title":{"rendered":"K\u0101p\u0113c Teamdeck?"},"content":{"rendered":"<div class=\"vc_row wpb_row vc_row-fluid redl-row-section padding-default bgv-default bgh-default halign-default\"><div class=\"wpb_column vc_column_container text-left vc_col-sm-12 padding-default bgv-default bgh-default halign-default\"><div class=\"vc_column-inner\"><div class=\"wpb_wrapper\">\n\t<div class=\"wpb_text_column wpb_content_element  vc_custom_1557839082592\" >\n\t\t<div class=\"wpb_wrapper\">\n\t\t\t<p style=\"text-align: center;\"><img loading=\"lazy\" decoding=\"async\" class=\"aligncenter wp-image-4960\" src=\"https:\/\/cdn.teamdeck.io\/uploads\/website\/2019\/05\/14130058\/Screen-Shot-2019-05-14-at-13.00.37-960x387.png\" alt=\"\" width=\"800\" height=\"322\" srcset=\"https:\/\/cdn.teamdeck.io\/uploads\/website\/2019\/05\/14130058\/Screen-Shot-2019-05-14-at-13.00.37-960x387.png 960w, https:\/\/cdn.teamdeck.io\/uploads\/website\/2019\/05\/14130058\/Screen-Shot-2019-05-14-at-13.00.37-300x121.png 300w, https:\/\/cdn.teamdeck.io\/uploads\/website\/2019\/05\/14130058\/Screen-Shot-2019-05-14-at-13.00.37-768x309.png 768w, https:\/\/cdn.teamdeck.io\/uploads\/website\/2019\/05\/14130058\/Screen-Shot-2019-05-14-at-13.00.37.png 1500w\" sizes=\"auto, (max-width: 800px) 100vw, 800px\" \/><\/p>\n\n\t\t<\/div>\n\t<\/div>\n<\/div><\/div><\/div><\/div><div class=\"vc_row wpb_row vc_row-fluid redl-row-section padding-small bgv-default bgh-default halign-default\"><div class=\"wpb_column vc_column_container text-left vc_col-sm-12 padding-small bgv-default bgh-default halign-default\"><div class=\"vc_column-inner\"><div class=\"wpb_wrapper\">\n\t<div class=\"wpb_text_column wpb_content_element\" >\n\t\t<div class=\"wpb_wrapper\">\n\t\t\t<h3 style=\"text-align: center;\">M\u0113s uzskat\u0101m, ka laim\u012bgas komandas ir produkt\u012bv\u0101kas.<\/h3>\n<h3 style=\"text-align: center;\">T\u0101p\u0113c Teamdeck ir izstr\u0101d\u0101ts, lai atbalst\u012btu tr\u012bs galvenos darbinieku laimes aspektus:<\/h3>\n\n\t\t<\/div>\n\t<\/div>\n<\/div><\/div><\/div><\/div><div data-vc-full-width=\"true\" data-vc-full-width-init=\"false\" class=\"vc_row wpb_row vc_row-fluid redl-row-section feature-row vc_custom_1504101745248 vc_row-o-equal-height vc_row-o-content-middle vc_row-flex padding-large bgv-default bgh-default halign-center\"><div class=\"feature-info wpb_column vc_column_container text-left vc_col-sm-7 vc_col-lg-4 padding-small bgv-default bgh-default halign-default\"><div class=\"vc_column-inner\"><div class=\"wpb_wrapper\">\n\t<div class=\"wpb_text_column wpb_content_element\" >\n\t\t<div class=\"wpb_wrapper\">\n\t\t\t<p><span style=\"font-weight: 400;\"><img loading=\"lazy\" decoding=\"async\" class=\"alignnone size-medium wp-image-4949\" src=\"https:\/\/cdn.teamdeck.io\/uploads\/website\/2019\/05\/14124852\/Screen-Shot-2019-05-14-at-12.48.13-300x44.png\" alt=\"\" width=\"300\" height=\"44\" srcset=\"https:\/\/cdn.teamdeck.io\/uploads\/website\/2019\/05\/14124852\/Screen-Shot-2019-05-14-at-12.48.13-300x44.png 300w, https:\/\/cdn.teamdeck.io\/uploads\/website\/2019\/05\/14124852\/Screen-Shot-2019-05-14-at-12.48.13-768x114.png 768w, https:\/\/cdn.teamdeck.io\/uploads\/website\/2019\/05\/14124852\/Screen-Shot-2019-05-14-at-12.48.13-960x142.png 960w, https:\/\/cdn.teamdeck.io\/uploads\/website\/2019\/05\/14124852\/Screen-Shot-2019-05-14-at-12.48.13.png 1768w\" sizes=\"auto, (max-width: 300px) 100vw, 300px\" \/><\/span><\/p>\n<p><span style=\"font-weight: 400;\">Pirmais solis: vizualiz\u0113jiet savas komandas faktisko darba slodzi. Kur\u0161 ir p\u0101rslogots un kura talanti tiek iz\u0161\u0137iesti nenoz\u012bm\u012bgiem uzdevumiem? P\u0113c tam p\u0101rvietojiet darbus. <\/span><\/p>\n<p><span style=\"font-weight: 400;\">Izmantojot Teamdeck, varat ne tikai izveidot sabalans\u0113tu grafiku, bet ar\u012b pie\u0161\u0137irt cilv\u0113kiem uzdevumus, kas atbilst vi\u0146u stipraj\u0101m pus\u0113m. T\u0101 laim\u012bga komanda sp\u0113j paveikt savu lab\u0101ko darbu.<\/span><span style=\"font-weight: 400;\"><br \/>\n<\/span><\/p>\n\n\t\t<\/div>\n\t<\/div>\n<\/div><\/div><\/div><div class=\"feature-image wpb_column vc_column_container text-left vc_col-sm-5 vc_col-lg-6 padding-default bgv-default bgh-default halign-default\"><div class=\"vc_column-inner\"><div class=\"wpb_wrapper\">\n\t<div class=\"wpb_text_column wpb_content_element\" >\n\t\t<div class=\"wpb_wrapper\">\n\t\t\t<p><img loading=\"lazy\" decoding=\"async\" class=\"alignnone wp-image-4964\" src=\"https:\/\/cdn.teamdeck.io\/uploads\/website\/2019\/05\/14131015\/photo-1522202176988-66273c2fd55f-300x200.jpeg\" alt=\"\" width=\"800\" height=\"533\" srcset=\"https:\/\/cdn.teamdeck.io\/uploads\/website\/2019\/05\/14131015\/photo-1522202176988-66273c2fd55f-300x200.jpeg 300w, https:\/\/cdn.teamdeck.io\/uploads\/website\/2019\/05\/14131015\/photo-1522202176988-66273c2fd55f-768x512.jpeg 768w, https:\/\/cdn.teamdeck.io\/uploads\/website\/2019\/05\/14131015\/photo-1522202176988-66273c2fd55f-960x640.jpeg 960w, https:\/\/cdn.teamdeck.io\/uploads\/website\/2019\/05\/14131015\/photo-1522202176988-66273c2fd55f.jpeg 1651w\" sizes=\"auto, (max-width: 800px) 100vw, 800px\" \/><\/p>\n\n\t\t<\/div>\n\t<\/div>\n<\/div><\/div><\/div><\/div><div class=\"vc_row-full-width vc_clearfix\"><\/div><div data-vc-full-width=\"true\" data-vc-full-width-init=\"false\" class=\"vc_row wpb_row vc_row-fluid redl-row-section feature-row vc_custom_1504101745248 vc_row-o-equal-height vc_row-o-content-middle vc_row-flex padding-large bgv-default bgh-default halign-center\"><div class=\"feature-image wpb_column vc_column_container text-left vc_col-sm-7 vc_col-lg-6 padding-default bgv-default bgh-default halign-default\"><div class=\"vc_column-inner\"><div class=\"wpb_wrapper\">\n\t<div class=\"wpb_text_column wpb_content_element\" >\n\t\t<div class=\"wpb_wrapper\">\n\t\t\t<p><img loading=\"lazy\" decoding=\"async\" class=\"aligncenter wp-image-4932\" src=\"https:\/\/cdn.teamdeck.io\/uploads\/website\/2019\/05\/14122809\/adult-2449725_1280-960x640.jpg\" alt=\"\" width=\"800\" height=\"533\" srcset=\"https:\/\/cdn.teamdeck.io\/uploads\/website\/2019\/05\/14122809\/adult-2449725_1280-960x640.jpg 960w, https:\/\/cdn.teamdeck.io\/uploads\/website\/2019\/05\/14122809\/adult-2449725_1280-300x200.jpg 300w, https:\/\/cdn.teamdeck.io\/uploads\/website\/2019\/05\/14122809\/adult-2449725_1280-768x512.jpg 768w, https:\/\/cdn.teamdeck.io\/uploads\/website\/2019\/05\/14122809\/adult-2449725_1280.jpg 1280w\" sizes=\"auto, (max-width: 800px) 100vw, 800px\" \/><\/p>\n\n\t\t<\/div>\n\t<\/div>\n<\/div><\/div><\/div><div class=\"feature-info wpb_column vc_column_container text-left vc_col-sm-5 vc_col-lg-4 padding-small bgv-default bgh-default halign-default\"><div class=\"vc_column-inner\"><div class=\"wpb_wrapper\">\n\t<div class=\"wpb_text_column wpb_content_element\" >\n\t\t<div class=\"wpb_wrapper\">\n\t\t\t<p style=\"text-align: left;\"><span style=\"font-weight: 400;\"><img loading=\"lazy\" decoding=\"async\" class=\"alignnone size-medium wp-image-4948\" src=\"https:\/\/cdn.teamdeck.io\/uploads\/website\/2019\/05\/14124849\/Screen-Shot-2019-05-14-at-12.48.19-300x44.png\" alt=\"\" width=\"300\" height=\"44\" srcset=\"https:\/\/cdn.teamdeck.io\/uploads\/website\/2019\/05\/14124849\/Screen-Shot-2019-05-14-at-12.48.19-300x44.png 300w, https:\/\/cdn.teamdeck.io\/uploads\/website\/2019\/05\/14124849\/Screen-Shot-2019-05-14-at-12.48.19-768x114.png 768w, https:\/\/cdn.teamdeck.io\/uploads\/website\/2019\/05\/14124849\/Screen-Shot-2019-05-14-at-12.48.19-960x142.png 960w, https:\/\/cdn.teamdeck.io\/uploads\/website\/2019\/05\/14124849\/Screen-Shot-2019-05-14-at-12.48.19.png 1768w\" sizes=\"auto, (max-width: 300px) 100vw, 300px\" \/><\/span><\/p>\n<p style=\"text-align: left;\"><span style=\"font-weight: 400;\">Starp uz\u0146\u0113mumiem, kas izmanto mikromened\u017ementu vai cen\u0161as p\u0101rvar\u0113t komunik\u0101cijas haosu, var atrast labi noslogotas komandas, kuras g\u016bst labumu no darba vietas p\u0101rredzam\u012bbas. <\/span><\/p>\n<p style=\"text-align: left;\"><span style=\"font-weight: 400;\">Teamdeck nodro\u0161ina, ka visi ir uz vienas lapas: komandas locek\u013ci zina, kas no vi\u0146iem tiek sagaid\u012bts saist\u012bb\u0101 ar uzdevumiem, un vad\u012bt\u0101ji redz, k\u0101 norit darbs. <\/span><span style=\"font-weight: 400;\"><br \/>\n<\/span><\/p>\n\n\t\t<\/div>\n\t<\/div>\n<\/div><\/div><\/div><\/div><div class=\"vc_row-full-width vc_clearfix\"><\/div><div data-vc-full-width=\"true\" data-vc-full-width-init=\"false\" class=\"vc_row wpb_row vc_row-fluid redl-row-section feature-row vc_custom_1557834878945 vc_row-o-equal-height vc_row-o-content-middle vc_row-flex padding-medium bgv-default bgh-default halign-center\"><div class=\"feature-info wpb_column vc_column_container text-left vc_col-sm-5 vc_col-lg-4 padding-small bgv-default bgh-default halign-default\"><div class=\"vc_column-inner\"><div class=\"wpb_wrapper\">\n\t<div class=\"wpb_text_column wpb_content_element\" >\n\t\t<div class=\"wpb_wrapper\">\n\t\t\t<p><img loading=\"lazy\" decoding=\"async\" class=\"alignnone size-medium wp-image-4950\" src=\"https:\/\/cdn.teamdeck.io\/uploads\/website\/2019\/05\/14124855\/Screen-Shot-2019-05-14-at-12.48.03-300x45.png\" alt=\"\" width=\"300\" height=\"45\" srcset=\"https:\/\/cdn.teamdeck.io\/uploads\/website\/2019\/05\/14124855\/Screen-Shot-2019-05-14-at-12.48.03-300x45.png 300w, https:\/\/cdn.teamdeck.io\/uploads\/website\/2019\/05\/14124855\/Screen-Shot-2019-05-14-at-12.48.03-768x115.png 768w, https:\/\/cdn.teamdeck.io\/uploads\/website\/2019\/05\/14124855\/Screen-Shot-2019-05-14-at-12.48.03-960x144.png 960w, https:\/\/cdn.teamdeck.io\/uploads\/website\/2019\/05\/14124855\/Screen-Shot-2019-05-14-at-12.48.03.png 1804w\" sizes=\"auto, (max-width: 300px) 100vw, 300px\" \/><\/p>\n<p>Cilv\u0113kiem, kuri darb\u0101 nodod visu sevi, ir nepiecie\u0161ams kvalitat\u012bvs laiks, lai atjaunotu ener\u0123iju un sekotu saviem aizrau\u0161an\u0101s projektiem. Cilv\u0113ku br\u012bv\u0101 laika p\u0101rvald\u012bba ir sare\u017e\u0123\u012bta, ja jums nav re\u0101l\u0101 laika pieejam\u012bbas grafika.<\/p>\n<p>Teamdeck nov\u0113r\u0161 \u0161os ne\u0113rtos zvanus \"Vai \u0161odien str\u0101d\u0101jat?\": j\u016bs vienm\u0113r zin\u0101t, kur\u0161 un kad ir pieejams.<\/p>\n\n\t\t<\/div>\n\t<\/div>\n<\/div><\/div><\/div><div class=\"feature-image wpb_column vc_column_container text-left vc_col-sm-7 vc_col-lg-6 padding-default bgv-default bgh-default halign-default\"><div class=\"vc_column-inner\"><div class=\"wpb_wrapper\">\n\t<div class=\"wpb_text_column wpb_content_element\" >\n\t\t<div class=\"wpb_wrapper\">\n\t\t\t<p><img loading=\"lazy\" decoding=\"async\" class=\"alignnone wp-image-4970\" src=\"https:\/\/cdn.teamdeck.io\/uploads\/website\/2019\/05\/14131554\/photo-1511988617509-a57c8a288659-300x200.jpeg\" alt=\"\" width=\"800\" height=\"533\" srcset=\"https:\/\/cdn.teamdeck.io\/uploads\/website\/2019\/05\/14131554\/photo-1511988617509-a57c8a288659-300x200.jpeg 300w, https:\/\/cdn.teamdeck.io\/uploads\/website\/2019\/05\/14131554\/photo-1511988617509-a57c8a288659-768x512.jpeg 768w, https:\/\/cdn.teamdeck.io\/uploads\/website\/2019\/05\/14131554\/photo-1511988617509-a57c8a288659-960x640.jpeg 960w, https:\/\/cdn.teamdeck.io\/uploads\/website\/2019\/05\/14131554\/photo-1511988617509-a57c8a288659.jpeg 1502w\" sizes=\"auto, (max-width: 800px) 100vw, 800px\" \/><\/p>\n\n\t\t<\/div>\n\t<\/div>\n<\/div><\/div><\/div><\/div><div class=\"vc_row-full-width vc_clearfix\"><\/div><div class=\"vc_row wpb_row vc_row-fluid redl-row-section padding-medium bgv-default bgh-default halign-default\"><div class=\"wpb_column vc_column_container text-left vc_col-sm-12 padding-default bgv-default bgh-default halign-default\"><div class=\"vc_column-inner\"><div class=\"wpb_wrapper\">\n\t<div class=\"wpb_text_column wpb_content_element\" >\n\t\t<div class=\"wpb_wrapper\">\n\t\t\t<h2 style=\"text-align: center;\">Funkcijas, kas padar\u012bs j\u016bsu komandu laim\u012bg\u0101ku:<\/h2>\n\n\t\t<\/div>\n\t<\/div>\n<\/div><\/div><\/div><\/div><div class=\"vc_row wpb_row vc_row-fluid redl-row-section padding-small bgv-default bgh-default halign-default\"><div class=\"wpb_column vc_column_container text-left vc_col-sm-3 padding-default bgv-default bgh-default halign-default\"><div class=\"vc_column-inner\"><div class=\"wpb_wrapper\">\n\t<div class=\"wpb_text_column wpb_content_element\" >\n\t\t<div class=\"wpb_wrapper\">\n\t\t\t<p><b>L\u012bdzsvarots grafiks<\/b><\/p>\n<p style=\"text-align: left;\"><span style=\"font-weight: 400;\">Kalend\u0101rs ar katra darbinieka pa\u0161reiz\u0113jo darba slodzi ir nepiecie\u0161ams solis, lai izveidotu optim\u0101lu darba slodzi. <\/span><span style=\"font-weight: 400;\"><br \/>\n<\/span><\/p>\n\n\t\t<\/div>\n\t<\/div>\n<\/div><\/div><\/div><div class=\"wpb_column vc_column_container text-left vc_col-sm-3 padding-default bgv-default bgh-default halign-default\"><div class=\"vc_column-inner\"><div class=\"wpb_wrapper\">\n\t<div class=\"wpb_text_column wpb_content_element\" >\n\t\t<div class=\"wpb_wrapper\">\n\t\t\t<p><b>Nav pl\u0101no\u0161anas konfliktu<\/b><\/p>\n<p><span style=\"font-weight: 400;\">Teamdeck zi\u0146o par to, ka k\u0101dam tiek pie\u0161\u0137irts vair\u0101k darba, nek\u0101 tas ir vi\u0146a sp\u0113kos.<\/span><\/p>\n\n\t\t<\/div>\n\t<\/div>\n<\/div><\/div><\/div><div class=\"wpb_column vc_column_container text-left vc_col-sm-3 padding-default bgv-default bgh-default halign-default\"><div class=\"vc_column-inner\"><div class=\"wpb_wrapper\">\n\t<div class=\"wpb_text_column wpb_content_element\" >\n\t\t<div class=\"wpb_wrapper\">\n\t\t\t<p><b>Skaidras gaidas<\/b><\/p>\n<p><span style=\"font-weight: 400;\">Katra komandas locek\u013ca darba grafiks ir saska\u0146ots ar vi\u0146a pieejam\u012bbu.<\/span><\/p>\n\n\t\t<\/div>\n\t<\/div>\n<\/div><\/div><\/div><div class=\"wpb_column vc_column_container text-left vc_col-sm-3 padding-default bgv-default bgh-default halign-default\"><div class=\"vc_column-inner\"><div class=\"wpb_wrapper\">\n\t<div class=\"wpb_text_column wpb_content_element\" >\n\t\t<div class=\"wpb_wrapper\">\n\t\t\t<p><b>Vienm\u0113r\u012bga sazi\u0146a<\/b><\/p>\n<p><span style=\"font-weight: 400;\">Jauni uzdevumi vai br\u012bvdienu piepras\u012bjumi tiek apstr\u0101d\u0101ti lietotn\u0113.<\/span><\/p>\n\n\t\t<\/div>\n\t<\/div>\n<\/div><\/div><\/div><\/div><div class=\"vc_row wpb_row vc_row-fluid redl-row-section vc_row-o-content-middle vc_row-flex padding-medium bgv-default bgh-default halign-center\"><div class=\"wpb_column vc_column_container text-center vc_col-sm-12 padding-small bgv-center bgh-center halign-center\"><div class=\"vc_column-inner\"><div class=\"wpb_wrapper\"><a class=\"redl-btn redl-btn-one  vc_custom_1557838319409 redl-btn-medium redl-btn-69e0ed9dbeb39 btn-hover-one btn-icon-left\" href=\"https:\/\/calendly.com\/adanielak\/teamdeck-demo\" target=\"_blank\">Rezerv\u0113jiet tik\u0161anos!<\/a><\/div><\/div><\/div><\/div>","protected":false},"excerpt":{"rendered":"M\u0113s uzskat\u0101m, ka laim\u012bgas komandas ir produkt\u012bv\u0101kas. T\u0101p\u0113c Teamdeck ir izstr\u0101d\u0101ts, lai atbalst\u012btu tr\u012bs galvenos darbinieku laimes aspektus: Pirmais solis: vizualiz\u0113jiet savas komandas faktisko darba slodzi. Kur\u0161 ir p\u0101rslogots un kura talanti...","protected":false},"author":17,"featured_media":0,"parent":0,"menu_order":0,"comment_status":"closed","ping_status":"closed","template":"","meta":{"footnotes":""},"class_list":["post-4915","page","type-page","status-publish","hentry"],"yoast_head":"<!-- This site is optimized with the Yoast SEO Premium plugin v23.8 (Yoast SEO v24.3) - https:\/\/yoast.com\/wordpress\/plugins\/seo\/ -->\n<title>Why Teamdeck? - Teamdeck<\/title>\n<meta name=\"robots\" content=\"index, follow, max-snippet:-1, max-image-preview:large, max-video-preview:-1\" \/>\n<link rel=\"canonical\" href=\"https:\/\/teamdeck.io\/lv\/kapec-teamdeck\/\" \/>\n<meta property=\"og:locale\" content=\"lv_LV\" \/>\n<meta property=\"og:type\" content=\"article\" \/>\n<meta property=\"og:title\" content=\"Why Teamdeck?\" \/>\n<meta property=\"og:url\" content=\"https:\/\/teamdeck.io\/lv\/kapec-teamdeck\/\" \/>\n<meta property=\"og:site_name\" content=\"Teamdeck\" \/>\n<meta property=\"article:publisher\" content=\"https:\/\/www.facebook.com\/helloteamdeck\" \/>\n<meta property=\"article:modified_time\" content=\"2022-01-09T02:24:25+00:00\" \/>\n<meta property=\"og:image\" content=\"https:\/\/teamdeck.io\/wp-content\/uploads\/2019\/05\/Screen-Shot-2019-05-14-at-13.00.37-960x387.png\" \/>\n<meta name=\"twitter:card\" content=\"summary_large_image\" \/>\n<meta name=\"twitter:site\" content=\"@helloteamdeck\" \/>\n<meta name=\"twitter:label1\" content=\"Est. reading time\" \/>\n\t<meta name=\"twitter:data1\" content=\"3 minutes\" \/>\n<script type=\"application\/ld+json\" class=\"yoast-schema-graph\">{\"@context\":\"https:\/\/schema.org\",\"@graph\":[{\"@type\":\"WebPage\",\"@id\":\"https:\/\/teamdeck.io\/why-teamdeck\/\",\"url\":\"https:\/\/teamdeck.io\/why-teamdeck\/\",\"name\":\"Why Teamdeck? - Teamdeck\",\"isPartOf\":{\"@id\":\"https:\/\/teamdeck.io\/#website\"},\"primaryImageOfPage\":{\"@id\":\"https:\/\/teamdeck.io\/why-teamdeck\/#primaryimage\"},\"image\":{\"@id\":\"https:\/\/teamdeck.io\/why-teamdeck\/#primaryimage\"},\"thumbnailUrl\":\"https:\/\/teamdeck.io\/wp-content\/uploads\/2019\/05\/Screen-Shot-2019-05-14-at-13.00.37-960x387.png\",\"datePublished\":\"2019-05-24T12:50:19+00:00\",\"dateModified\":\"2022-01-09T02:24:25+00:00\",\"breadcrumb\":{\"@id\":\"https:\/\/teamdeck.io\/why-teamdeck\/#breadcrumb\"},\"inLanguage\":\"lv\",\"potentialAction\":[{\"@type\":\"ReadAction\",\"target\":[\"https:\/\/teamdeck.io\/why-teamdeck\/\"]}]},{\"@type\":\"ImageObject\",\"inLanguage\":\"lv\",\"@id\":\"https:\/\/teamdeck.io\/why-teamdeck\/#primaryimage\",\"url\":\"https:\/\/teamdeck.io\/wp-content\/uploads\/2019\/05\/Screen-Shot-2019-05-14-at-13.00.37-960x387.png\",\"contentUrl\":\"https:\/\/teamdeck.io\/wp-content\/uploads\/2019\/05\/Screen-Shot-2019-05-14-at-13.00.37-960x387.png\"},{\"@type\":\"BreadcrumbList\",\"@id\":\"https:\/\/teamdeck.io\/why-teamdeck\/#breadcrumb\",\"itemListElement\":[{\"@type\":\"ListItem\",\"position\":1,\"name\":\"Home\",\"item\":\"https:\/\/teamdeck.io\/\"},{\"@type\":\"ListItem\",\"position\":2,\"name\":\"Why Teamdeck?\"}]},{\"@type\":\"WebSite\",\"@id\":\"https:\/\/teamdeck.io\/#website\",\"url\":\"https:\/\/teamdeck.io\/\",\"name\":\"Teamdeck\",\"description\":\"resource scheduling + time tracking + leave management\",\"potentialAction\":[{\"@type\":\"SearchAction\",\"target\":{\"@type\":\"EntryPoint\",\"urlTemplate\":\"https:\/\/teamdeck.io\/?s={search_term_string}\"},\"query-input\":{\"@type\":\"PropertyValueSpecification\",\"valueRequired\":true,\"valueName\":\"search_term_string\"}}],\"inLanguage\":\"lv\"}]}<\/script>\n<!-- \/ Yoast SEO Premium plugin. -->","yoast_head_json":{"title":"Why Teamdeck? - Teamdeck","robots":{"index":"index","follow":"follow","max-snippet":"max-snippet:-1","max-image-preview":"max-image-preview:large","max-video-preview":"max-video-preview:-1"},"canonical":"https:\/\/teamdeck.io\/lv\/kapec-teamdeck\/","og_locale":"lv_LV","og_type":"article","og_title":"Why Teamdeck?","og_url":"https:\/\/teamdeck.io\/lv\/kapec-teamdeck\/","og_site_name":"Teamdeck","article_publisher":"https:\/\/www.facebook.com\/helloteamdeck","article_modified_time":"2022-01-09T02:24:25+00:00","og_image":[{"url":"https:\/\/teamdeck.io\/wp-content\/uploads\/2019\/05\/Screen-Shot-2019-05-14-at-13.00.37-960x387.png","type":"","width":"","height":""}],"twitter_card":"summary_large_image","twitter_site":"@helloteamdeck","twitter_misc":{"Est. reading time":"3 minutes"},"schema":{"@context":"https:\/\/schema.org","@graph":[{"@type":"WebPage","@id":"https:\/\/teamdeck.io\/why-teamdeck\/","url":"https:\/\/teamdeck.io\/why-teamdeck\/","name":"Why Teamdeck? - Teamdeck","isPartOf":{"@id":"https:\/\/teamdeck.io\/#website"},"primaryImageOfPage":{"@id":"https:\/\/teamdeck.io\/why-teamdeck\/#primaryimage"},"image":{"@id":"https:\/\/teamdeck.io\/why-teamdeck\/#primaryimage"},"thumbnailUrl":"https:\/\/teamdeck.io\/wp-content\/uploads\/2019\/05\/Screen-Shot-2019-05-14-at-13.00.37-960x387.png","datePublished":"2019-05-24T12:50:19+00:00","dateModified":"2022-01-09T02:24:25+00:00","breadcrumb":{"@id":"https:\/\/teamdeck.io\/why-teamdeck\/#breadcrumb"},"inLanguage":"lv","potentialAction":[{"@type":"ReadAction","target":["https:\/\/teamdeck.io\/why-teamdeck\/"]}]},{"@type":"ImageObject","inLanguage":"lv","@id":"https:\/\/teamdeck.io\/why-teamdeck\/#primaryimage","url":"https:\/\/teamdeck.io\/wp-content\/uploads\/2019\/05\/Screen-Shot-2019-05-14-at-13.00.37-960x387.png","contentUrl":"https:\/\/teamdeck.io\/wp-content\/uploads\/2019\/05\/Screen-Shot-2019-05-14-at-13.00.37-960x387.png"},{"@type":"BreadcrumbList","@id":"https:\/\/teamdeck.io\/why-teamdeck\/#breadcrumb","itemListElement":[{"@type":"ListItem","position":1,"name":"Home","item":"https:\/\/teamdeck.io\/"},{"@type":"ListItem","position":2,"name":"Why Teamdeck?"}]},{"@type":"WebSite","@id":"https:\/\/teamdeck.io\/#website","url":"https:\/\/teamdeck.io\/","name":"Teamdeck","description":"resource scheduling + time tracking + leave management","potentialAction":[{"@type":"SearchAction","target":{"@type":"EntryPoint","urlTemplate":"https:\/\/teamdeck.io\/?s={search_term_string}"},"query-input":{"@type":"PropertyValueSpecification","valueRequired":true,"valueName":"search_term_string"}}],"inLanguage":"lv"}]}},"_links":{"self":[{"href":"https:\/\/teamdeck.io\/lv\/wp-json\/wp\/v2\/pages\/4915","targetHints":{"allow":["GET"]}}],"collection":[{"href":"https:\/\/teamdeck.io\/lv\/wp-json\/wp\/v2\/pages"}],"about":[{"href":"https:\/\/teamdeck.io\/lv\/wp-json\/wp\/v2\/types\/page"}],"author":[{"embeddable":true,"href":"https:\/\/teamdeck.io\/lv\/wp-json\/wp\/v2\/users\/17"}],"replies":[{"embeddable":true,"href":"https:\/\/teamdeck.io\/lv\/wp-json\/wp\/v2\/comments?post=4915"}],"version-history":[{"count":84,"href":"https:\/\/teamdeck.io\/lv\/wp-json\/wp\/v2\/pages\/4915\/revisions"}],"predecessor-version":[{"id":8935,"href":"https:\/\/teamdeck.io\/lv\/wp-json\/wp\/v2\/pages\/4915\/revisions\/8935"}],"wp:attachment":[{"href":"https:\/\/teamdeck.io\/lv\/wp-json\/wp\/v2\/media?parent=4915"}],"curies":[{"name":"wp","href":"https:\/\/api.w.org\/{rel}","templated":true}]}}