{"id":4739,"date":"2019-03-15T17:19:58","date_gmt":"2019-03-15T15:19:58","guid":{"rendered":"https:\/\/teamdeck.io\/?page_id=4739"},"modified":"2021-12-16T19:52:51","modified_gmt":"2021-12-16T17:52:51","slug":"absence-report-template","status":"publish","type":"page","link":"https:\/\/teamdeck.io\/lv\/funkcijas\/zinosana\/prombutnes-zinojuma-veidne\/","title":{"rendered":"Promb\u016btnes zi\u0146ojuma veidne"},"content":{"rendered":"<div data-vc-full-width=\"true\" data-vc-full-width-init=\"false\" class=\"vc_row wpb_row vc_row-fluid redl-row-section vc_custom_1551262861481 vc_row-has-fill vc_row-o-content-middle vc_row-flex padding-default bgv-default bgh-default halign-center\"><div class=\"wpb_column vc_column_container text-left vc_col-sm-12 padding-default bgv-default bgh-default halign-center\"><div class=\"vc_column-inner\"><div class=\"wpb_wrapper\">\n\t<div class=\"wpb_text_column wpb_content_element\" >\n\t\t<div class=\"wpb_wrapper\">\n\t\t\t<h1 style=\"text-align: center;\">Zi\u0146ojuma par promb\u016btni veidne<\/h1>\n\n\t\t<\/div>\n\t<\/div>\n<\/div><\/div><\/div><\/div><div class=\"vc_row-full-width vc_clearfix\"><\/div><div class=\"vc_row wpb_row vc_row-fluid redl-row-section padding-default bgv-default bgh-default halign-default\"><div class=\"wpb_column vc_column_container text-center vc_col-sm-12 padding-default bgv-default bgh-default halign-default\"><div class=\"vc_column-inner\"><div class=\"wpb_wrapper\">\n\t<div  class=\"wpb_single_image wpb_content_element vc_align_center\">\n\t\t\n\t\t<figure class=\"wpb_wrapper vc_figure\">\n\t\t\t<div class=\"vc_single_image-wrapper   vc_box_border_grey\"><img loading=\"lazy\" decoding=\"async\" width=\"2400\" height=\"874\" src=\"https:\/\/cdn.teamdeck.io\/uploads\/website\/2019\/03\/15161932\/1-1-e1555411457853.jpg\" class=\"vc_single_image-img attachment-full\" alt=\"Zi\u0146ojuma par promb\u016btni veidne\" srcset=\"https:\/\/cdn.teamdeck.io\/uploads\/website\/2019\/03\/15161932\/1-1-e1555411457853.jpg 2400w, https:\/\/cdn.teamdeck.io\/uploads\/website\/2019\/03\/15161932\/1-1-e1555411457853-300x109.jpg 300w, https:\/\/cdn.teamdeck.io\/uploads\/website\/2019\/03\/15161932\/1-1-e1555411457853-768x280.jpg 768w, https:\/\/cdn.teamdeck.io\/uploads\/website\/2019\/03\/15161932\/1-1-e1555411457853-960x350.jpg 960w\" sizes=\"auto, (max-width: 2400px) 100vw, 2400px\" \/><\/div>\n\t\t<\/figure>\n\t<\/div>\n<\/div><\/div><\/div><\/div><div class=\"vc_row wpb_row vc_row-fluid redl-row-section padding-medium bgv-default bgh-default halign-default\"><div class=\"wpb_column vc_column_container text-center vc_col-sm-12 padding-default bgv-default bgh-default halign-default\"><div class=\"vc_column-inner\"><div class=\"wpb_wrapper\">\n\t<div class=\"wpb_text_column wpb_content_element\" >\n\t\t<div class=\"wpb_wrapper\">\n\t\t\t<p><span style=\"font-size: 18px;\">Br\u012bv\u0101 laika (\u0161eit: promb\u016btne) p\u0101rskata veidni visbie\u017e\u0101k izmanto person\u0101la un operat\u012bv\u0101s darb\u012bbas komandas, kur\u0101m ir j\u0101seko l\u012bdzi atva\u013cin\u0101juma pabalstiem. <\/span><\/p>\n\n\t\t<\/div>\n\t<\/div>\n<\/div><\/div><\/div><\/div><div class=\"vc_row wpb_row vc_row-fluid redl-row-section padding-default bgv-default bgh-default halign-default\"><div class=\"wpb_column vc_column_container text-left vc_col-sm-12 padding-default bgv-default bgh-default halign-default\"><div class=\"vc_column-inner\"><div class=\"wpb_wrapper\">\n\t<div class=\"wpb_text_column wpb_content_element\" >\n\t\t<div class=\"wpb_wrapper\">\n\t\t\t\n\t\t<\/div>\n\t<\/div>\n<\/div><\/div><\/div><\/div><div data-vc-full-width=\"true\" data-vc-full-width-init=\"false\" class=\"vc_row wpb_row vc_row-fluid redl-row-section feature-row vc_custom_1504100630814 vc_row-o-equal-height vc_row-o-content-middle vc_row-flex padding-medium bgv-default bgh-default halign-center\"><div class=\"feature-image wpb_column vc_column_container text-left vc_col-sm-7 vc_col-lg-6 vc_col-md-7 padding-default bgv-default bgh-default halign-default\"><div class=\"vc_column-inner\"><div class=\"wpb_wrapper\">\n\t<div class=\"wpb_text_column wpb_content_element\" >\n\t\t<div class=\"wpb_wrapper\">\n\t\t\t<p><img loading=\"lazy\" decoding=\"async\" class=\"alignnone wp-image-4786\" src=\"https:\/\/cdn.teamdeck.io\/uploads\/website\/2019\/03\/15103638\/Screen-Shot-2019-03-15-at-09.34.59-300x258.png\" alt=\"Izmantotais atva\u013cin\u0101juma laiks\" width=\"500\" height=\"430\" srcset=\"https:\/\/cdn.teamdeck.io\/uploads\/website\/2019\/03\/15103638\/Screen-Shot-2019-03-15-at-09.34.59-300x258.png 300w, https:\/\/cdn.teamdeck.io\/uploads\/website\/2019\/03\/15103638\/Screen-Shot-2019-03-15-at-09.34.59-768x661.png 768w, https:\/\/cdn.teamdeck.io\/uploads\/website\/2019\/03\/15103638\/Screen-Shot-2019-03-15-at-09.34.59-960x826.png 960w, https:\/\/cdn.teamdeck.io\/uploads\/website\/2019\/03\/15103638\/Screen-Shot-2019-03-15-at-09.34.59.png 1278w\" sizes=\"auto, (max-width: 500px) 100vw, 500px\" \/><\/p>\n\n\t\t<\/div>\n\t<\/div>\n<\/div><\/div><\/div><div class=\"feature-info wpb_column vc_column_container text-left vc_col-sm-5 vc_col-lg-4 padding-small bgv-default bgh-default halign-default\"><div class=\"vc_column-inner\"><div class=\"wpb_wrapper\">\n\t<div class=\"wpb_text_column wpb_content_element\" >\n\t\t<div class=\"wpb_wrapper\">\n\t\t\t<p><span class=\"text-title\">Izmantotais atva\u013cin\u0101juma laiks<\/span><\/p>\n<p>\u0160\u012b diagramma vizualiz\u0113 j\u016bsu komandas locek\u013cu izmantoto atva\u013cin\u0101jumu (proporcion\u0101li viens otram). \u0160eit var ar\u012b par\u0101d\u012bt da\u017e\u0101dus atva\u013cin\u0101jumu iemeslus un mekl\u0113t likumsakar\u012bbas: piem\u0113ram, slim\u012bbas atva\u013cin\u0101jumi var b\u016bt bie\u017e\u0101k sastopami konkr\u0113tos gada periodos.<\/p>\n\n\t\t<\/div>\n\t<\/div>\n<\/div><\/div><\/div><\/div><div class=\"vc_row-full-width vc_clearfix\"><\/div><div data-vc-full-width=\"true\" data-vc-full-width-init=\"false\" class=\"vc_row wpb_row vc_row-fluid redl-row-section feature-row vc_custom_1504100661321 vc_row-o-equal-height vc_row-o-content-middle vc_row-flex padding-medium bgv-default bgh-default halign-center\"><div class=\"feature-info wpb_column vc_column_container text-left vc_col-sm-6 vc_col-lg-4 padding-small bgv-default bgh-default halign-default\"><div class=\"vc_column-inner\"><div class=\"wpb_wrapper\">\n\t<div class=\"wpb_text_column wpb_content_element\" >\n\t\t<div class=\"wpb_wrapper\">\n\t\t\t<p><span class=\"text-title\">Atva\u013cin\u0101juma dienas<\/span><\/p>\n<p>T\u0101 ir vienk\u0101r\u0161a diagramma, kas sak\u0101rtota p\u0113c konkr\u0113tu cilv\u0113ku izmantoto br\u012bvdienu skaita noteikt\u0101 laika period\u0101.<\/p>\n\n\t\t<\/div>\n\t<\/div>\n<\/div><\/div><\/div><div class=\"wpb_column vc_column_container text-left vc_col-sm-6 padding-default bgv-default bgh-default halign-default\"><div class=\"vc_column-inner\"><div class=\"wpb_wrapper\">\n\t<div class=\"wpb_text_column wpb_content_element\" >\n\t\t<div class=\"wpb_wrapper\">\n\t\t\t<p><img loading=\"lazy\" decoding=\"async\" class=\"alignnone wp-image-4785\" src=\"https:\/\/cdn.teamdeck.io\/uploads\/website\/2019\/03\/15103636\/Screen-Shot-2019-03-15-at-09.35.13-300x198.png\" alt=\"Atva\u013cin\u0101juma dienas\" width=\"500\" height=\"330\" srcset=\"https:\/\/cdn.teamdeck.io\/uploads\/website\/2019\/03\/15103636\/Screen-Shot-2019-03-15-at-09.35.13-300x198.png 300w, https:\/\/cdn.teamdeck.io\/uploads\/website\/2019\/03\/15103636\/Screen-Shot-2019-03-15-at-09.35.13-768x506.png 768w, https:\/\/cdn.teamdeck.io\/uploads\/website\/2019\/03\/15103636\/Screen-Shot-2019-03-15-at-09.35.13-960x633.png 960w, https:\/\/cdn.teamdeck.io\/uploads\/website\/2019\/03\/15103636\/Screen-Shot-2019-03-15-at-09.35.13.png 1308w\" sizes=\"auto, (max-width: 500px) 100vw, 500px\" \/><\/p>\n\n\t\t<\/div>\n\t<\/div>\n<\/div><\/div><\/div><\/div><div class=\"vc_row-full-width vc_clearfix\"><\/div><div data-vc-full-width=\"true\" data-vc-full-width-init=\"false\" class=\"vc_row wpb_row vc_row-fluid redl-row-section feature-row vc_custom_1504100630814 vc_row-o-equal-height vc_row-o-content-middle vc_row-flex padding-medium bgv-default bgh-default halign-center\"><div class=\"wpb_column vc_column_container text-left vc_col-sm-6 padding-default bgv-default bgh-default halign-default\"><div class=\"vc_column-inner\"><div class=\"wpb_wrapper\">\n\t<div class=\"wpb_text_column wpb_content_element\" >\n\t\t<div class=\"wpb_wrapper\">\n\t\t\t<p><img loading=\"lazy\" decoding=\"async\" class=\"alignnone wp-image-4784\" src=\"https:\/\/cdn.teamdeck.io\/uploads\/website\/2019\/03\/15103633\/Screen-Shot-2019-03-15-at-09.35.32-300x197.png\" alt=\"Atva\u013cin\u0101juma pabalsts\" width=\"500\" height=\"329\" srcset=\"https:\/\/cdn.teamdeck.io\/uploads\/website\/2019\/03\/15103633\/Screen-Shot-2019-03-15-at-09.35.32-300x197.png 300w, https:\/\/cdn.teamdeck.io\/uploads\/website\/2019\/03\/15103633\/Screen-Shot-2019-03-15-at-09.35.32-768x505.png 768w, https:\/\/cdn.teamdeck.io\/uploads\/website\/2019\/03\/15103633\/Screen-Shot-2019-03-15-at-09.35.32-960x631.png 960w, https:\/\/cdn.teamdeck.io\/uploads\/website\/2019\/03\/15103633\/Screen-Shot-2019-03-15-at-09.35.32.png 1250w\" sizes=\"auto, (max-width: 500px) 100vw, 500px\" \/><\/p>\n\n\t\t<\/div>\n\t<\/div>\n<\/div><\/div><\/div><div class=\"feature-info wpb_column vc_column_container text-left vc_col-sm-6 vc_col-lg-4 padding-small bgv-default bgh-default halign-default\"><div class=\"vc_column-inner\"><div class=\"wpb_wrapper\">\n\t<div class=\"wpb_text_column wpb_content_element\" >\n\t\t<div class=\"wpb_wrapper\">\n\t\t\t<p><span class=\"text-title\">Cilv\u0113ki un atva\u013cin\u0101juma pabalsts<\/span><\/p>\n<p>\u0160\u012b ir promb\u016btnes zi\u0146ojuma b\u016bt\u012bba - tabula, kas \u013cauj jums sekot l\u012bdzi j\u016bsu komandas locek\u013cu pa\u0161reiz\u0113jam atva\u013cin\u0101juma pabalstam. Viss, kas jums j\u0101dara, ir j\u0101ievada vi\u0146u kop\u0113jais gada vai m\u0113ne\u0161a pabalsts (atkar\u012bb\u0101 no analiz\u0113jam\u0101 perioda). J\u016bs varat vienk\u0101r\u0161i ievad\u012bt \u0161\u012bs v\u0113rt\u012bbas lauk\u0101 <em>atva\u013cin\u0101juma pabalsts<\/em> slej\u0101, l\u012bdz\u012bgi k\u0101 tas b\u016btu j\u0101dara izkl\u0101jlap\u0101. Atliku\u0161o atva\u013cin\u0101juma dienu skaits tiks apr\u0113\u0137in\u0101ts un atjaunin\u0101ts autom\u0101tiski.<\/p>\n\n\t\t<\/div>\n\t<\/div>\n<\/div><\/div><\/div><\/div><div class=\"vc_row-full-width vc_clearfix\"><\/div><div class=\"vc_row wpb_row vc_row-fluid redl-row-section padding-default bgv-default bgh-default halign-default\"><div class=\"wpb_column vc_column_container text-left vc_col-sm-12 padding-default bgv-default bgh-default halign-default\"><div class=\"vc_column-inner\"><div class=\"wpb_wrapper\">\n\t<div class=\"wpb_text_column wpb_content_element\" >\n\t\t<div class=\"wpb_wrapper\">\n\t\t\t\n\t\t<\/div>\n\t<\/div>\n<\/div><\/div><\/div><\/div><div class=\"vc_row wpb_row vc_row-fluid redl-row-section vc_custom_1551186799735 padding-small bgv-default bgh-default halign-center\"><div class=\"wpb_column vc_column_container text-left vc_col-sm-12 padding-default bgv-default bgh-default halign-default\"><div class=\"vc_column-inner\"><div class=\"wpb_wrapper\">\n\t<div class=\"wpb_text_column wpb_content_element\" >\n\t\t<div class=\"wpb_wrapper\">\n\t\t\t<p><span style=\"font-size: 18px;\">Neiera\u0161an\u0101s zi\u0146ojuma veidne, t\u0101pat k\u0101 visi Teamdeck zi\u0146ojumi, ir piel\u0101gojama. Varat pievienot tabulas un diagrammas, main\u012bt kolonnu nosaukumus vai piel\u0101got apr\u0113\u0137inus, lai tie lab\u0101k atbilstu j\u016bsu uz\u0146\u0113muma politikai.<br \/>\nSkatiet promb\u016btnes zi\u0146ojuma piem\u0113ru <a href=\"https:\/\/app.teamdeck.io\/reports\/3ea593d67594be0c51688114759165b35c8645323dc8e5c8645323dd3b\">\u0161eit<\/a>.<\/span><\/p>\n\n\t\t<\/div>\n\t<\/div>\n\n\t<div class=\"wpb_text_column wpb_content_element\" >\n\t\t<div class=\"wpb_wrapper\">\n\t\t\t<p><span style=\"font-size: 18px;\">Paturiet pr\u0101t\u0101, ka visus \u0161\u012b zi\u0146ojuma elementus var piel\u0101got: varat pievienot vai no\u0146emt diagrammas, main\u012bt eti\u0137etes vai apr\u0113\u0137inu formulas, visu, kas nepiecie\u0161ams, lai \u0161is zi\u0146ojums darbotos perfekti ar j\u016bsu pa\u0161reiz\u0113jo darba pl\u016bsmu.<\/span><\/p>\n\n\t\t<\/div>\n\t<\/div>\n<div class=\"vc_empty_space\"   style=\"height: 32px\" ><span class=\"vc_empty_space_inner\"><\/span><\/div>\n<\/div><\/div><\/div><\/div><div data-vc-full-width=\"true\" data-vc-full-width-init=\"false\" class=\"vc_row wpb_row vc_row-fluid redl-row-section footer-message-row vc_custom_1502964176474 vc_row-has-fill vc_row-o-equal-height vc_row-flex padding-medium bgv-default bgh-default halign-default\"><div class=\"wpb_column vc_column_container text-center vc_col-sm-12 vc_col-lg-8 vc_col-md-9 padding-default bgv-default bgh-default halign-center\"><div class=\"vc_column-inner\"><div class=\"wpb_wrapper\">\n\t<div class=\"wpb_text_column wpb_content_element\" >\n\t\t<div class=\"wpb_wrapper\">\n\t\t\t<p><span class=\"message\">Lai izveidotu savu promb\u016btnes zi\u0146ojumu, izv\u0113lieties <strong>Br\u012bv\u0101 laika atskaite<\/strong> no Teamdeck sada\u013c\u0101 Teamdeck pieejamaj\u0101m veidn\u0113m.<\/span><\/p>\n\n\t\t<\/div>\n\t<\/div>\n<a class=\"redl-btn  redl-btn-border redl-btn-two  redl-btn-medium redl-btn-69dbd00395408 btn-hover-one btn-icon-left signup-bottom\" href=\"https:\/\/app.teamdeck.io\/register?utm_source=reports\" target=\"_blank\">Ieg\u016bstiet 30 dienu BEZMAKSAS izm\u0113\u0123in\u0101juma versiju<\/a><\/div><\/div><\/div><\/div><div class=\"vc_row-full-width vc_clearfix\"><\/div><div class=\"vc_row wpb_row vc_row-fluid redl-row-section padding-default bgv-default bgh-default halign-default\"><div class=\"wpb_column vc_column_container text-left vc_col-sm-12 padding-default bgv-default bgh-default halign-default\"><div class=\"vc_column-inner\"><div class=\"wpb_wrapper\">\n\t<div class=\"wpb_text_column wpb_content_element\" >\n\t\t<div class=\"wpb_wrapper\">\n\t\t\t<h2 style=\"text-align: center;\">M\u016bsu <a href=\"https:\/\/teamdeck.io\/lv\/\">resursu pl\u0101no\u0161anas programmat\u016bra<\/a> ir izv\u0113l\u0113ju\u0161ies Hill-Knowlton, Unit9, Wunderman Thompson - ja minam tikai da\u017eus no m\u016bsu klientiem. Iepaz\u012bstieties ar Teamdeck iesp\u0113j\u0101m<\/h2>\n\n\t\t<\/div>\n\t<\/div>\n<\/div><\/div><\/div><\/div><div class=\"vc_row wpb_row vc_row-fluid redl-row-section padding-default bgv-default bgh-default halign-default\"><div class=\"wpb_column vc_column_container text-left vc_col-sm-12 padding-default bgv-default bgh-default halign-default\"><div class=\"vc_column-inner\"><div class=\"wpb_wrapper\"><form class=\"get-started-form\" action=\"\">\n  <div class=\"get-started-form__input-wrapper\">\n    <input class=\"get-started-form__input\" placeholder=\"Ievadiet savu uz\u0146\u0113muma e-pasta adresi\" \/>\n  <\/div>\n  <button type=\"submit\" class=\"get-started-form__button\">\n    <span class=\"get-started-form__button-text\">Ieg\u016bstiet 14 dienu BEZMAKSAS izm\u0113\u0123in\u0101juma versiju<\/>\n  <\/button>\n  <button class=\"get-started-form__button\">\n    <span class=\"get-started-form__button-text\">Neder\u012bgs e-pasts<\/>\n  <\/button>\n<input type=\"hidden\" name=\"trp-form-language\" value=\"lv\"\/><\/form>\n<\/div><\/div><\/div><\/div>","protected":false},"excerpt":{"rendered":"Promb\u016btnes zi\u0146ojuma veidne Promb\u016btnes zi\u0146ojuma veidni visbie\u017e\u0101k izmanto person\u0101lda\u013cas un operat\u012bv\u0101s komandas, kur\u0101m ir j\u0101seko l\u012bdzi atva\u013cin\u0101juma pabalstiem. Izmantotais atva\u013cin\u0101juma laiks \u0160aj\u0101 diagramm\u0101 ir vizualiz\u0113ts...","protected":false},"author":6,"featured_media":0,"parent":4695,"menu_order":0,"comment_status":"closed","ping_status":"closed","template":"","meta":{"footnotes":""},"class_list":["post-4739","page","type-page","status-publish","hentry"],"yoast_head":"<!-- This site is optimized with the Yoast SEO Premium plugin v23.8 (Yoast SEO v24.3) - https:\/\/yoast.com\/wordpress\/plugins\/seo\/ -->\n<title>Absence Report Template - Teamdeck<\/title>\n<meta name=\"description\" content=\"Absence report template is most often used by HR &amp; operations teams who need to keep track of vacation allowances and time off taken.\" \/>\n<meta name=\"robots\" content=\"index, follow, max-snippet:-1, max-image-preview:large, max-video-preview:-1\" \/>\n<link rel=\"canonical\" href=\"https:\/\/teamdeck.io\/lv\/funkcijas\/zinosana\/prombutnes-zinojuma-veidne\/\" \/>\n<meta property=\"og:locale\" content=\"lv_LV\" \/>\n<meta property=\"og:type\" content=\"article\" \/>\n<meta property=\"og:title\" content=\"Absence report template\" \/>\n<meta property=\"og:description\" content=\"Absence report template is most often used by HR &amp; operations teams who need to keep track of vacation allowances and time off taken.\" \/>\n<meta property=\"og:url\" content=\"https:\/\/teamdeck.io\/lv\/funkcijas\/zinosana\/prombutnes-zinojuma-veidne\/\" \/>\n<meta property=\"og:site_name\" content=\"Teamdeck\" \/>\n<meta property=\"article:publisher\" content=\"https:\/\/www.facebook.com\/helloteamdeck\" \/>\n<meta property=\"article:modified_time\" content=\"2021-12-16T17:52:51+00:00\" \/>\n<meta property=\"og:image\" content=\"https:\/\/teamdeck.io\/wp-content\/uploads\/2019\/03\/Screen-Shot-2019-03-15-at-09.34.59-300x258.png\" \/>\n<meta name=\"twitter:card\" content=\"summary_large_image\" \/>\n<meta name=\"twitter:site\" content=\"@helloteamdeck\" \/>\n<meta name=\"twitter:label1\" content=\"Est. reading time\" \/>\n\t<meta name=\"twitter:data1\" content=\"3 minutes\" \/>\n<script type=\"application\/ld+json\" class=\"yoast-schema-graph\">{\"@context\":\"https:\/\/schema.org\",\"@graph\":[{\"@type\":\"WebPage\",\"@id\":\"https:\/\/teamdeck.io\/features\/reporting\/absence-report-template\/\",\"url\":\"https:\/\/teamdeck.io\/features\/reporting\/absence-report-template\/\",\"name\":\"Absence Report Template - Teamdeck\",\"isPartOf\":{\"@id\":\"https:\/\/teamdeck.io\/#website\"},\"primaryImageOfPage\":{\"@id\":\"https:\/\/teamdeck.io\/features\/reporting\/absence-report-template\/#primaryimage\"},\"image\":{\"@id\":\"https:\/\/teamdeck.io\/features\/reporting\/absence-report-template\/#primaryimage\"},\"thumbnailUrl\":\"https:\/\/teamdeck.io\/wp-content\/uploads\/2019\/03\/Screen-Shot-2019-03-15-at-09.34.59-300x258.png\",\"datePublished\":\"2019-03-15T15:19:58+00:00\",\"dateModified\":\"2021-12-16T17:52:51+00:00\",\"description\":\"Absence report template is most often used by HR & operations teams who need to keep track of vacation allowances and time off taken.\",\"breadcrumb\":{\"@id\":\"https:\/\/teamdeck.io\/features\/reporting\/absence-report-template\/#breadcrumb\"},\"inLanguage\":\"lv\",\"potentialAction\":[{\"@type\":\"ReadAction\",\"target\":[\"https:\/\/teamdeck.io\/features\/reporting\/absence-report-template\/\"]}]},{\"@type\":\"ImageObject\",\"inLanguage\":\"lv\",\"@id\":\"https:\/\/teamdeck.io\/features\/reporting\/absence-report-template\/#primaryimage\",\"url\":\"https:\/\/teamdeck.io\/wp-content\/uploads\/2019\/03\/Screen-Shot-2019-03-15-at-09.34.59-300x258.png\",\"contentUrl\":\"https:\/\/teamdeck.io\/wp-content\/uploads\/2019\/03\/Screen-Shot-2019-03-15-at-09.34.59-300x258.png\"},{\"@type\":\"BreadcrumbList\",\"@id\":\"https:\/\/teamdeck.io\/features\/reporting\/absence-report-template\/#breadcrumb\",\"itemListElement\":[{\"@type\":\"ListItem\",\"position\":1,\"name\":\"Home\",\"item\":\"https:\/\/teamdeck.io\/\"},{\"@type\":\"ListItem\",\"position\":2,\"name\":\"Features\",\"item\":\"https:\/\/teamdeck.io\/features\/\"},{\"@type\":\"ListItem\",\"position\":3,\"name\":\"Custom reporting\",\"item\":\"https:\/\/teamdeck.io\/features\/reporting\/\"},{\"@type\":\"ListItem\",\"position\":4,\"name\":\"Absence report template\"}]},{\"@type\":\"WebSite\",\"@id\":\"https:\/\/teamdeck.io\/#website\",\"url\":\"https:\/\/teamdeck.io\/\",\"name\":\"Teamdeck\",\"description\":\"resource scheduling + time tracking + leave management\",\"potentialAction\":[{\"@type\":\"SearchAction\",\"target\":{\"@type\":\"EntryPoint\",\"urlTemplate\":\"https:\/\/teamdeck.io\/?s={search_term_string}\"},\"query-input\":{\"@type\":\"PropertyValueSpecification\",\"valueRequired\":true,\"valueName\":\"search_term_string\"}}],\"inLanguage\":\"lv\"}]}<\/script>\n<!-- \/ Yoast SEO Premium plugin. -->","yoast_head_json":{"title":"Absence Report Template - Teamdeck","description":"Absence report template is most often used by HR & operations teams who need to keep track of vacation allowances and time off taken.","robots":{"index":"index","follow":"follow","max-snippet":"max-snippet:-1","max-image-preview":"max-image-preview:large","max-video-preview":"max-video-preview:-1"},"canonical":"https:\/\/teamdeck.io\/lv\/funkcijas\/zinosana\/prombutnes-zinojuma-veidne\/","og_locale":"lv_LV","og_type":"article","og_title":"Absence report template","og_description":"Absence report template is most often used by HR & operations teams who need to keep track of vacation allowances and time off taken.","og_url":"https:\/\/teamdeck.io\/lv\/funkcijas\/zinosana\/prombutnes-zinojuma-veidne\/","og_site_name":"Teamdeck","article_publisher":"https:\/\/www.facebook.com\/helloteamdeck","article_modified_time":"2021-12-16T17:52:51+00:00","og_image":[{"url":"https:\/\/teamdeck.io\/wp-content\/uploads\/2019\/03\/Screen-Shot-2019-03-15-at-09.34.59-300x258.png","type":"","width":"","height":""}],"twitter_card":"summary_large_image","twitter_site":"@helloteamdeck","twitter_misc":{"Est. reading time":"3 minutes"},"schema":{"@context":"https:\/\/schema.org","@graph":[{"@type":"WebPage","@id":"https:\/\/teamdeck.io\/features\/reporting\/absence-report-template\/","url":"https:\/\/teamdeck.io\/features\/reporting\/absence-report-template\/","name":"Absence Report Template - Teamdeck","isPartOf":{"@id":"https:\/\/teamdeck.io\/#website"},"primaryImageOfPage":{"@id":"https:\/\/teamdeck.io\/features\/reporting\/absence-report-template\/#primaryimage"},"image":{"@id":"https:\/\/teamdeck.io\/features\/reporting\/absence-report-template\/#primaryimage"},"thumbnailUrl":"https:\/\/teamdeck.io\/wp-content\/uploads\/2019\/03\/Screen-Shot-2019-03-15-at-09.34.59-300x258.png","datePublished":"2019-03-15T15:19:58+00:00","dateModified":"2021-12-16T17:52:51+00:00","description":"Absence report template is most often used by HR & operations teams who need to keep track of vacation allowances and time off taken.","breadcrumb":{"@id":"https:\/\/teamdeck.io\/features\/reporting\/absence-report-template\/#breadcrumb"},"inLanguage":"lv","potentialAction":[{"@type":"ReadAction","target":["https:\/\/teamdeck.io\/features\/reporting\/absence-report-template\/"]}]},{"@type":"ImageObject","inLanguage":"lv","@id":"https:\/\/teamdeck.io\/features\/reporting\/absence-report-template\/#primaryimage","url":"https:\/\/teamdeck.io\/wp-content\/uploads\/2019\/03\/Screen-Shot-2019-03-15-at-09.34.59-300x258.png","contentUrl":"https:\/\/teamdeck.io\/wp-content\/uploads\/2019\/03\/Screen-Shot-2019-03-15-at-09.34.59-300x258.png"},{"@type":"BreadcrumbList","@id":"https:\/\/teamdeck.io\/features\/reporting\/absence-report-template\/#breadcrumb","itemListElement":[{"@type":"ListItem","position":1,"name":"Home","item":"https:\/\/teamdeck.io\/"},{"@type":"ListItem","position":2,"name":"Features","item":"https:\/\/teamdeck.io\/features\/"},{"@type":"ListItem","position":3,"name":"Custom reporting","item":"https:\/\/teamdeck.io\/features\/reporting\/"},{"@type":"ListItem","position":4,"name":"Absence report template"}]},{"@type":"WebSite","@id":"https:\/\/teamdeck.io\/#website","url":"https:\/\/teamdeck.io\/","name":"Teamdeck","description":"resource scheduling + time tracking + leave management","potentialAction":[{"@type":"SearchAction","target":{"@type":"EntryPoint","urlTemplate":"https:\/\/teamdeck.io\/?s={search_term_string}"},"query-input":{"@type":"PropertyValueSpecification","valueRequired":true,"valueName":"search_term_string"}}],"inLanguage":"lv"}]}},"_links":{"self":[{"href":"https:\/\/teamdeck.io\/lv\/wp-json\/wp\/v2\/pages\/4739","targetHints":{"allow":["GET"]}}],"collection":[{"href":"https:\/\/teamdeck.io\/lv\/wp-json\/wp\/v2\/pages"}],"about":[{"href":"https:\/\/teamdeck.io\/lv\/wp-json\/wp\/v2\/types\/page"}],"author":[{"embeddable":true,"href":"https:\/\/teamdeck.io\/lv\/wp-json\/wp\/v2\/users\/6"}],"replies":[{"embeddable":true,"href":"https:\/\/teamdeck.io\/lv\/wp-json\/wp\/v2\/comments?post=4739"}],"version-history":[{"count":11,"href":"https:\/\/teamdeck.io\/lv\/wp-json\/wp\/v2\/pages\/4739\/revisions"}],"predecessor-version":[{"id":8411,"href":"https:\/\/teamdeck.io\/lv\/wp-json\/wp\/v2\/pages\/4739\/revisions\/8411"}],"up":[{"embeddable":true,"href":"https:\/\/teamdeck.io\/lv\/wp-json\/wp\/v2\/pages\/4695"}],"wp:attachment":[{"href":"https:\/\/teamdeck.io\/lv\/wp-json\/wp\/v2\/media?parent=4739"}],"curies":[{"name":"wp","href":"https:\/\/api.w.org\/{rel}","templated":true}]}}