{"id":4737,"date":"2019-03-15T17:18:43","date_gmt":"2019-03-15T15:18:43","guid":{"rendered":"https:\/\/teamdeck.io\/?page_id=4737"},"modified":"2022-03-02T19:59:45","modified_gmt":"2022-03-02T17:59:45","slug":"employee-payroll-report-template","status":"publish","type":"page","link":"https:\/\/teamdeck.io\/lv\/funkcijas\/zinosana\/darbinieku-algas-parskata-veidne\/","title":{"rendered":"Darbinieku algas p\u0101rskata veidne"},"content":{"rendered":"<div data-vc-full-width=\"true\" data-vc-full-width-init=\"false\" class=\"vc_row wpb_row vc_row-fluid redl-row-section vc_custom_1551262861481 vc_row-has-fill vc_row-o-content-middle vc_row-flex padding-default bgv-default bgh-default halign-center\"><div class=\"wpb_column vc_column_container text-left vc_col-sm-12 padding-default bgv-default bgh-default halign-center\"><div class=\"vc_column-inner\"><div class=\"wpb_wrapper\">\n\t<div class=\"wpb_text_column wpb_content_element\" >\n\t\t<div class=\"wpb_wrapper\">\n\t\t\t<h1 style=\"text-align: center;\">Darbinieku algas p\u0101rskata veidne<\/h1>\n\n\t\t<\/div>\n\t<\/div>\n<\/div><\/div><\/div><\/div><div class=\"vc_row-full-width vc_clearfix\"><\/div><div class=\"vc_row wpb_row vc_row-fluid redl-row-section padding-default bgv-default bgh-default halign-default\"><div class=\"wpb_column vc_column_container text-center vc_col-sm-12 padding-default bgv-default bgh-default halign-default\"><div class=\"vc_column-inner\"><div class=\"wpb_wrapper\">\n\t<div  class=\"wpb_single_image wpb_content_element vc_align_center\">\n\t\t\n\t\t<figure class=\"wpb_wrapper vc_figure\">\n\t\t\t<div class=\"vc_single_image-wrapper   vc_box_border_grey\"><img loading=\"lazy\" decoding=\"async\" width=\"2400\" height=\"874\" src=\"https:\/\/cdn.teamdeck.io\/uploads\/website\/2022\/03\/02200002\/Employee-payroll-template.jpeg\" class=\"vc_single_image-img attachment-full\" alt=\"\" \/><\/div><figcaption class=\"vc_figure-caption\">Algas p\u0101rskata veidne<\/figcaption>\n\t\t<\/figure>\n\t<\/div>\n<\/div><\/div><\/div><\/div><div class=\"vc_row wpb_row vc_row-fluid redl-row-section padding-medium bgv-default bgh-default halign-default\"><div class=\"wpb_column vc_column_container text-center vc_col-sm-12 padding-default bgv-default bgh-default halign-default\"><div class=\"vc_column-inner\"><div class=\"wpb_wrapper\">\n\t<div class=\"wpb_text_column wpb_content_element\" >\n\t\t<div class=\"wpb_wrapper\">\n\t\t\t<p style=\"text-align: justify;\"><span style=\"font-size: 18px;\">Algas apr\u0113\u0137ina p\u0101rskata veidne ir lielisks laika taup\u012b\u0161anas l\u012bdzeklis darbiniekiem, kuri iekas\u0113 algu no saviem darbiniekiem, pamatojoties uz vi\u0146u darba laika uzskaites lap\u0101m. Tom\u0113r ar\u012b uz\u0146\u0113mumi ar fiks\u0113tu m\u0113ne\u0161a algu var g\u016bt labumu no \u0161\u0101da veida p\u0101rskata. Viena no idej\u0101m b\u016btu sekot l\u012bdzi stund\u0101m, par kur\u0101m nav j\u0101maks\u0101, un to, k\u0101 t\u0101s ietekm\u0113 algu sarakstu. <\/span><\/p>\n\n\t\t<\/div>\n\t<\/div>\n<\/div><\/div><\/div><\/div><div class=\"vc_row wpb_row vc_row-fluid redl-row-section padding-default bgv-default bgh-default halign-default\"><div class=\"wpb_column vc_column_container text-left vc_col-sm-12 padding-default bgv-default bgh-default halign-default\"><div class=\"vc_column-inner\"><div class=\"wpb_wrapper\">\n\t<div class=\"wpb_text_column wpb_content_element\" >\n\t\t<div class=\"wpb_wrapper\">\n\t\t\t\n\t\t<\/div>\n\t<\/div>\n<\/div><\/div><\/div><\/div><div data-vc-full-width=\"true\" data-vc-full-width-init=\"false\" class=\"vc_row wpb_row vc_row-fluid redl-row-section feature-row vc_custom_1504100630814 vc_row-o-equal-height vc_row-o-content-middle vc_row-flex padding-medium bgv-default bgh-default halign-center\"><div class=\"feature-image wpb_column vc_column_container text-left vc_col-sm-7 vc_col-lg-6 vc_col-md-7 padding-default bgv-default bgh-default halign-default\"><div class=\"vc_column-inner\"><div class=\"wpb_wrapper\">\n\t<div class=\"wpb_text_column wpb_content_element\" >\n\t\t<div class=\"wpb_wrapper\">\n\t\t\t<figure id=\"attachment_4793\" aria-describedby=\"caption-attachment-4793\" style=\"width: 500px\" class=\"wp-caption alignnone\"><img loading=\"lazy\" decoding=\"async\" class=\"wp-image-4793\" src=\"https:\/\/cdn.teamdeck.io\/uploads\/website\/2019\/03\/15111225\/Screen-Shot-2019-03-15-at-10.09.58-300x192.png\" alt=\"Darba samaksas p\u0101rskatu izveide, pamatojoties uz darba laika uzskaites lap\u0101m un br\u012bv\u0101 laika zi\u0146ojumiem.\" width=\"500\" height=\"320\" srcset=\"https:\/\/cdn.teamdeck.io\/uploads\/website\/2019\/03\/15111225\/Screen-Shot-2019-03-15-at-10.09.58-300x192.png 300w, https:\/\/cdn.teamdeck.io\/uploads\/website\/2019\/03\/15111225\/Screen-Shot-2019-03-15-at-10.09.58-768x492.png 768w, https:\/\/cdn.teamdeck.io\/uploads\/website\/2019\/03\/15111225\/Screen-Shot-2019-03-15-at-10.09.58-960x614.png 960w, https:\/\/cdn.teamdeck.io\/uploads\/website\/2019\/03\/15111225\/Screen-Shot-2019-03-15-at-10.09.58.png 1028w\" sizes=\"auto, (max-width: 500px) 100vw, 500px\" \/><figcaption id=\"caption-attachment-4793\" class=\"wp-caption-text\">Darba laika uzskaites lapas pret br\u012bvlaiku<\/figcaption><\/figure>\n\n\t\t<\/div>\n\t<\/div>\n<\/div><\/div><\/div><div class=\"feature-info wpb_column vc_column_container text-left vc_col-sm-5 vc_col-lg-4 padding-small bgv-default bgh-default halign-default\"><div class=\"vc_column-inner\"><div class=\"wpb_wrapper\">\n\t<div class=\"wpb_text_column wpb_content_element\" >\n\t\t<div class=\"wpb_wrapper\">\n\t\t\t<h2><span class=\"text-title\"><strong>Darba laika uzskaites lapas pret br\u012bvlaiku<\/strong> <\/span><\/h2>\n<p style=\"text-align: justify;\">Vizu\u0101ls j\u016bsu komandas laika sadal\u012bjums: pl\u0101not\u0101s darba stundas sal\u012bdzin\u0101jum\u0101 ar re\u0123istr\u0113taj\u0101m darba stund\u0101m, k\u0101 ar\u012b atva\u013cin\u0101jumi. Pateicoties \u0161ai diagrammai, j\u016bs varat paman\u012bt cilv\u0113kus, kuriem ir daudz virsstundu, vai cilv\u0113kus, kuri ir str\u0101d\u0101ju\u0161i maz\u0101k laika, nek\u0101 vi\u0146iem bija rezerv\u0113ts.<\/p>\n\n\t\t<\/div>\n\t<\/div>\n<\/div><\/div><\/div><\/div><div class=\"vc_row-full-width vc_clearfix\"><\/div><div data-vc-full-width=\"true\" data-vc-full-width-init=\"false\" class=\"vc_row wpb_row vc_row-fluid redl-row-section feature-row vc_custom_1504100661321 vc_row-o-equal-height vc_row-o-content-middle vc_row-flex padding-medium bgv-default bgh-default halign-center\"><div class=\"feature-info wpb_column vc_column_container text-left vc_col-sm-5 vc_col-lg-4 padding-small bgv-default bgh-default halign-default\"><div class=\"vc_column-inner\"><div class=\"wpb_wrapper\">\n\t<div class=\"wpb_text_column wpb_content_element\" >\n\t\t<div class=\"wpb_wrapper\">\n\t\t\t<h2><strong><span class=\"text-title\">Algu saraksts<\/span><\/strong><\/h2>\n<p style=\"text-align: justify;\">\u0160\u012b ir tabula, kur\u0101 varat viegli apr\u0113\u0137in\u0101t algu sarakstu katram darbiniekam.<br \/>\nVien\u012bgais, kas jums j\u0101dara, ir j\u0101ievada vi\u0146u stundas tarifi vien\u0101 no kolonn\u0101m (vienk\u0101r\u0161i ievadiet tos, k\u0101 tas b\u016btu j\u0101dara izkl\u0101jlap\u0101).<br \/>\nAlgas apr\u0113\u0137ins tiek veikts, pamatojoties uz cilv\u0113ku darba laika uzskaites lap\u0101m un atva\u013cin\u0101jumiem, t\u0101p\u0113c, iesp\u0113jams, v\u0113laties p\u0101rbaud\u012bt, vai formula ir piem\u0113rojama j\u016bsu uz\u0146\u0113muma politikai. T\u0101 ir redi\u0123\u0113jama, t\u0101p\u0113c varat to piel\u0101got sav\u0101m vajadz\u012bb\u0101m.<\/p>\n\n\t\t<\/div>\n\t<\/div>\n<\/div><\/div><\/div><div class=\"feature-image wpb_column vc_column_container text-left vc_col-sm-7 vc_col-lg-6 padding-default bgv-default bgh-default halign-default\"><div class=\"vc_column-inner\"><div class=\"wpb_wrapper\">\n\t<div class=\"wpb_text_column wpb_content_element\" >\n\t\t<div class=\"wpb_wrapper\">\n\t\t\t<figure id=\"attachment_4792\" aria-describedby=\"caption-attachment-4792\" style=\"width: 500px\" class=\"wp-caption alignnone\"><img loading=\"lazy\" decoding=\"async\" class=\"wp-image-4792\" src=\"https:\/\/cdn.teamdeck.io\/uploads\/website\/2019\/03\/15111222\/Screen-Shot-2019-03-15-at-10.11.36-300x195.png\" alt=\"Algu saraksta p\u0101rskati ar izmaks\u0101taj\u0101m alg\u0101m\" width=\"500\" height=\"325\" srcset=\"https:\/\/cdn.teamdeck.io\/uploads\/website\/2019\/03\/15111222\/Screen-Shot-2019-03-15-at-10.11.36-300x195.png 300w, https:\/\/cdn.teamdeck.io\/uploads\/website\/2019\/03\/15111222\/Screen-Shot-2019-03-15-at-10.11.36-768x500.png 768w, https:\/\/cdn.teamdeck.io\/uploads\/website\/2019\/03\/15111222\/Screen-Shot-2019-03-15-at-10.11.36-960x625.png 960w, https:\/\/cdn.teamdeck.io\/uploads\/website\/2019\/03\/15111222\/Screen-Shot-2019-03-15-at-10.11.36.png 1106w\" sizes=\"auto, (max-width: 500px) 100vw, 500px\" \/><figcaption id=\"caption-attachment-4792\" class=\"wp-caption-text\">Algu saraksts<\/figcaption><\/figure>\n\n\t\t<\/div>\n\t<\/div>\n<\/div><\/div><\/div><\/div><div class=\"vc_row-full-width vc_clearfix\"><\/div><div class=\"vc_row wpb_row vc_row-fluid redl-row-section padding-default bgv-default bgh-default halign-default\"><div class=\"wpb_column vc_column_container text-left vc_col-sm-12 padding-default bgv-default bgh-default halign-default\"><div class=\"vc_column-inner\"><div class=\"wpb_wrapper\">\n\t<div class=\"wpb_text_column wpb_content_element\" >\n\t\t<div class=\"wpb_wrapper\">\n\t\t\t\n\t\t<\/div>\n\t<\/div>\n<\/div><\/div><\/div><\/div><div class=\"vc_row wpb_row vc_row-fluid redl-row-section vc_custom_1551186799735 padding-small bgv-default bgh-default halign-center\"><div class=\"wpb_column vc_column_container text-left vc_col-sm-12 padding-default bgv-default bgh-default halign-default\"><div class=\"vc_column-inner\"><div class=\"wpb_wrapper\">\n\t<div class=\"wpb_text_column wpb_content_element\" >\n\t\t<div class=\"wpb_wrapper\">\n\t\t\t<p><span style=\"font-size: 18px;\">Darba samaksas p\u0101rskata veidne, t\u0101pat k\u0101 visi Teamdeck p\u0101rskati, ir <strong>piln\u012bb\u0101 redi\u0123\u0113jams<\/strong>. Varat pievienot da\u017e\u0101das algas apr\u0113\u0137ina formulas vai main\u012bt algas kopsavilkuma p\u0101rskata vizualiz\u0101cijas veidu.<\/span><\/p>\n<p><strong>Skatiet piem\u0113ru par <a href=\"https:\/\/app.teamdeck.io\/reports\/2eea5a6defe16ec56dbd3a74eb9d1e575c863aa945c425c863aa945ced\">darbinieku algas p\u0101rskats<\/a>.<\/strong><\/p>\n\n\t\t<\/div>\n\t<\/div>\n<div class=\"vc_empty_space\"   style=\"height: 32px\" ><span class=\"vc_empty_space_inner\"><\/span><\/div>\n<\/div><\/div><\/div><\/div><div data-vc-full-width=\"true\" data-vc-full-width-init=\"false\" class=\"vc_row wpb_row vc_row-fluid redl-row-section footer-message-row vc_custom_1502964176474 vc_row-has-fill vc_row-o-equal-height vc_row-flex padding-medium bgv-default bgh-default halign-default\"><div class=\"wpb_column vc_column_container text-center vc_col-sm-12 vc_col-lg-8 vc_col-md-9 padding-default bgv-default bgh-default halign-center\"><div class=\"vc_column-inner\"><div class=\"wpb_wrapper\">\n\t<div class=\"wpb_text_column wpb_content_element\" >\n\t\t<div class=\"wpb_wrapper\">\n\t\t\t<h2 style=\"text-align: center;\"><strong><span class=\"message\">Darba algas p\u0101rskata veidne ir pieejama k\u0101 da\u013ca no Teamdeck funkcijas \"P\u0101rskati\". Izm\u0113\u0123iniet m\u016bsu <a href=\"https:\/\/teamdeck.io\/lv\/\">resursu pl\u0101no\u0161anas programmat\u016bra<\/a><\/span><\/strong><\/h2>\n\n\t\t<\/div>\n\t<\/div>\n<a class=\"redl-btn  redl-btn-border redl-btn-two  redl-btn-medium redl-btn-69d294b136974 btn-hover-one btn-icon-left signup-bottom\" href=\"https:\/\/app.teamdeck.io\/register?utm_source=reports\" target=\"_blank\">Ieg\u016bstiet 30 dienu BEZMAKSAS izm\u0113\u0123in\u0101juma versiju<\/a><\/div><\/div><\/div><\/div><div class=\"vc_row-full-width vc_clearfix\"><\/div>","protected":false},"excerpt":{"rendered":"Darbinieku algas p\u0101rskata veidne Algas p\u0101rskata veidne Algas p\u0101rskata veidne Algas p\u0101rskata veidne ir lielisks laika taup\u012b\u0161anas l\u012bdzeklis darbiniekiem, kuri, pamatojoties uz darba laika uzskaites lap\u0101m, iekas\u0113 algu no saviem darbiniekiem. Ar\u012b uz\u0146\u0113mumi ar fiks\u0113tu m\u0113ne\u0161a algu var g\u016bt labumu no \u0161\u0101da veida...","protected":false},"author":6,"featured_media":0,"parent":4695,"menu_order":0,"comment_status":"closed","ping_status":"closed","template":"","meta":{"footnotes":""},"class_list":["post-4737","page","type-page","status-publish","hentry"],"yoast_head":"<!-- This site is optimized with the Yoast SEO Premium plugin v23.8 (Yoast SEO v24.3) - https:\/\/yoast.com\/wordpress\/plugins\/seo\/ -->\n<title>Employee Payroll Report Template | Teamdeck.io - Resource Planning Software<\/title>\n<meta name=\"description\" content=\"Payroll report template is a great time-saver for employees who charge their employees based on their timesheets. Learn more about reports in Teamdeck.\" \/>\n<meta name=\"robots\" content=\"index, follow, max-snippet:-1, max-image-preview:large, max-video-preview:-1\" \/>\n<link rel=\"canonical\" href=\"https:\/\/teamdeck.io\/lv\/funkcijas\/zinosana\/darbinieku-algas-parskata-veidne\/\" \/>\n<meta property=\"og:locale\" content=\"lv_LV\" \/>\n<meta property=\"og:type\" content=\"article\" \/>\n<meta property=\"og:title\" content=\"Employee Payroll Report Template\" \/>\n<meta property=\"og:description\" content=\"Payroll report template is a great time-saver for employees who charge their employees based on their timesheets. Learn more about reports in Teamdeck.\" \/>\n<meta property=\"og:url\" content=\"https:\/\/teamdeck.io\/lv\/funkcijas\/zinosana\/darbinieku-algas-parskata-veidne\/\" \/>\n<meta property=\"og:site_name\" content=\"Teamdeck\" \/>\n<meta property=\"article:publisher\" content=\"https:\/\/www.facebook.com\/helloteamdeck\" \/>\n<meta property=\"article:modified_time\" content=\"2022-03-02T17:59:45+00:00\" \/>\n<meta property=\"og:image\" content=\"https:\/\/teamdeck.io\/wp-content\/uploads\/2019\/03\/Screen-Shot-2019-03-15-at-10.09.58-300x192.png\" \/>\n<meta name=\"twitter:card\" content=\"summary_large_image\" \/>\n<meta name=\"twitter:site\" content=\"@helloteamdeck\" \/>\n<meta name=\"twitter:label1\" content=\"Est. reading time\" \/>\n\t<meta name=\"twitter:data1\" content=\"2 minutes\" \/>\n<script type=\"application\/ld+json\" class=\"yoast-schema-graph\">{\"@context\":\"https:\/\/schema.org\",\"@graph\":[{\"@type\":\"WebPage\",\"@id\":\"https:\/\/teamdeck.io\/features\/reporting\/employee-payroll-report-template\/\",\"url\":\"https:\/\/teamdeck.io\/features\/reporting\/employee-payroll-report-template\/\",\"name\":\"Employee Payroll Report Template | Teamdeck.io - Resource Planning Software\",\"isPartOf\":{\"@id\":\"https:\/\/teamdeck.io\/#website\"},\"primaryImageOfPage\":{\"@id\":\"https:\/\/teamdeck.io\/features\/reporting\/employee-payroll-report-template\/#primaryimage\"},\"image\":{\"@id\":\"https:\/\/teamdeck.io\/features\/reporting\/employee-payroll-report-template\/#primaryimage\"},\"thumbnailUrl\":\"https:\/\/teamdeck.io\/wp-content\/uploads\/2019\/03\/Screen-Shot-2019-03-15-at-10.09.58-300x192.png\",\"datePublished\":\"2019-03-15T15:18:43+00:00\",\"dateModified\":\"2022-03-02T17:59:45+00:00\",\"description\":\"Payroll report template is a great time-saver for employees who charge their employees based on their timesheets. Learn more about reports in Teamdeck.\",\"breadcrumb\":{\"@id\":\"https:\/\/teamdeck.io\/features\/reporting\/employee-payroll-report-template\/#breadcrumb\"},\"inLanguage\":\"lv\",\"potentialAction\":[{\"@type\":\"ReadAction\",\"target\":[\"https:\/\/teamdeck.io\/features\/reporting\/employee-payroll-report-template\/\"]}]},{\"@type\":\"ImageObject\",\"inLanguage\":\"lv\",\"@id\":\"https:\/\/teamdeck.io\/features\/reporting\/employee-payroll-report-template\/#primaryimage\",\"url\":\"https:\/\/teamdeck.io\/wp-content\/uploads\/2019\/03\/Screen-Shot-2019-03-15-at-10.09.58-300x192.png\",\"contentUrl\":\"https:\/\/teamdeck.io\/wp-content\/uploads\/2019\/03\/Screen-Shot-2019-03-15-at-10.09.58-300x192.png\"},{\"@type\":\"BreadcrumbList\",\"@id\":\"https:\/\/teamdeck.io\/features\/reporting\/employee-payroll-report-template\/#breadcrumb\",\"itemListElement\":[{\"@type\":\"ListItem\",\"position\":1,\"name\":\"Home\",\"item\":\"https:\/\/teamdeck.io\/\"},{\"@type\":\"ListItem\",\"position\":2,\"name\":\"Features\",\"item\":\"https:\/\/teamdeck.io\/features\/\"},{\"@type\":\"ListItem\",\"position\":3,\"name\":\"Custom reporting\",\"item\":\"https:\/\/teamdeck.io\/features\/reporting\/\"},{\"@type\":\"ListItem\",\"position\":4,\"name\":\"Employee Payroll Report Template\"}]},{\"@type\":\"WebSite\",\"@id\":\"https:\/\/teamdeck.io\/#website\",\"url\":\"https:\/\/teamdeck.io\/\",\"name\":\"Teamdeck\",\"description\":\"resource scheduling + time tracking + leave management\",\"potentialAction\":[{\"@type\":\"SearchAction\",\"target\":{\"@type\":\"EntryPoint\",\"urlTemplate\":\"https:\/\/teamdeck.io\/?s={search_term_string}\"},\"query-input\":{\"@type\":\"PropertyValueSpecification\",\"valueRequired\":true,\"valueName\":\"search_term_string\"}}],\"inLanguage\":\"lv\"}]}<\/script>\n<!-- \/ Yoast SEO Premium plugin. -->","yoast_head_json":{"title":"Employee Payroll Report Template | Teamdeck.io - Resource Planning Software","description":"Payroll report template is a great time-saver for employees who charge their employees based on their timesheets. Learn more about reports in Teamdeck.","robots":{"index":"index","follow":"follow","max-snippet":"max-snippet:-1","max-image-preview":"max-image-preview:large","max-video-preview":"max-video-preview:-1"},"canonical":"https:\/\/teamdeck.io\/lv\/funkcijas\/zinosana\/darbinieku-algas-parskata-veidne\/","og_locale":"lv_LV","og_type":"article","og_title":"Employee Payroll Report Template","og_description":"Payroll report template is a great time-saver for employees who charge their employees based on their timesheets. Learn more about reports in Teamdeck.","og_url":"https:\/\/teamdeck.io\/lv\/funkcijas\/zinosana\/darbinieku-algas-parskata-veidne\/","og_site_name":"Teamdeck","article_publisher":"https:\/\/www.facebook.com\/helloteamdeck","article_modified_time":"2022-03-02T17:59:45+00:00","og_image":[{"url":"https:\/\/teamdeck.io\/wp-content\/uploads\/2019\/03\/Screen-Shot-2019-03-15-at-10.09.58-300x192.png","type":"","width":"","height":""}],"twitter_card":"summary_large_image","twitter_site":"@helloteamdeck","twitter_misc":{"Est. reading time":"2 minutes"},"schema":{"@context":"https:\/\/schema.org","@graph":[{"@type":"WebPage","@id":"https:\/\/teamdeck.io\/features\/reporting\/employee-payroll-report-template\/","url":"https:\/\/teamdeck.io\/features\/reporting\/employee-payroll-report-template\/","name":"Employee Payroll Report Template | Teamdeck.io - Resource Planning Software","isPartOf":{"@id":"https:\/\/teamdeck.io\/#website"},"primaryImageOfPage":{"@id":"https:\/\/teamdeck.io\/features\/reporting\/employee-payroll-report-template\/#primaryimage"},"image":{"@id":"https:\/\/teamdeck.io\/features\/reporting\/employee-payroll-report-template\/#primaryimage"},"thumbnailUrl":"https:\/\/teamdeck.io\/wp-content\/uploads\/2019\/03\/Screen-Shot-2019-03-15-at-10.09.58-300x192.png","datePublished":"2019-03-15T15:18:43+00:00","dateModified":"2022-03-02T17:59:45+00:00","description":"Payroll report template is a great time-saver for employees who charge their employees based on their timesheets. Learn more about reports in Teamdeck.","breadcrumb":{"@id":"https:\/\/teamdeck.io\/features\/reporting\/employee-payroll-report-template\/#breadcrumb"},"inLanguage":"lv","potentialAction":[{"@type":"ReadAction","target":["https:\/\/teamdeck.io\/features\/reporting\/employee-payroll-report-template\/"]}]},{"@type":"ImageObject","inLanguage":"lv","@id":"https:\/\/teamdeck.io\/features\/reporting\/employee-payroll-report-template\/#primaryimage","url":"https:\/\/teamdeck.io\/wp-content\/uploads\/2019\/03\/Screen-Shot-2019-03-15-at-10.09.58-300x192.png","contentUrl":"https:\/\/teamdeck.io\/wp-content\/uploads\/2019\/03\/Screen-Shot-2019-03-15-at-10.09.58-300x192.png"},{"@type":"BreadcrumbList","@id":"https:\/\/teamdeck.io\/features\/reporting\/employee-payroll-report-template\/#breadcrumb","itemListElement":[{"@type":"ListItem","position":1,"name":"Home","item":"https:\/\/teamdeck.io\/"},{"@type":"ListItem","position":2,"name":"Features","item":"https:\/\/teamdeck.io\/features\/"},{"@type":"ListItem","position":3,"name":"Custom reporting","item":"https:\/\/teamdeck.io\/features\/reporting\/"},{"@type":"ListItem","position":4,"name":"Employee Payroll Report Template"}]},{"@type":"WebSite","@id":"https:\/\/teamdeck.io\/#website","url":"https:\/\/teamdeck.io\/","name":"Teamdeck","description":"resource scheduling + time tracking + leave management","potentialAction":[{"@type":"SearchAction","target":{"@type":"EntryPoint","urlTemplate":"https:\/\/teamdeck.io\/?s={search_term_string}"},"query-input":{"@type":"PropertyValueSpecification","valueRequired":true,"valueName":"search_term_string"}}],"inLanguage":"lv"}]}},"_links":{"self":[{"href":"https:\/\/teamdeck.io\/lv\/wp-json\/wp\/v2\/pages\/4737","targetHints":{"allow":["GET"]}}],"collection":[{"href":"https:\/\/teamdeck.io\/lv\/wp-json\/wp\/v2\/pages"}],"about":[{"href":"https:\/\/teamdeck.io\/lv\/wp-json\/wp\/v2\/types\/page"}],"author":[{"embeddable":true,"href":"https:\/\/teamdeck.io\/lv\/wp-json\/wp\/v2\/users\/6"}],"replies":[{"embeddable":true,"href":"https:\/\/teamdeck.io\/lv\/wp-json\/wp\/v2\/comments?post=4737"}],"version-history":[{"count":12,"href":"https:\/\/teamdeck.io\/lv\/wp-json\/wp\/v2\/pages\/4737\/revisions"}],"predecessor-version":[{"id":9508,"href":"https:\/\/teamdeck.io\/lv\/wp-json\/wp\/v2\/pages\/4737\/revisions\/9508"}],"up":[{"embeddable":true,"href":"https:\/\/teamdeck.io\/lv\/wp-json\/wp\/v2\/pages\/4695"}],"wp:attachment":[{"href":"https:\/\/teamdeck.io\/lv\/wp-json\/wp\/v2\/media?parent=4737"}],"curies":[{"name":"wp","href":"https:\/\/api.w.org\/{rel}","templated":true}]}}