{"id":4392,"date":"2019-01-15T16:31:41","date_gmt":"2019-01-15T14:31:41","guid":{"rendered":"https:\/\/teamdeck.io\/?page_id=4392"},"modified":"2022-04-06T16:46:04","modified_gmt":"2022-04-06T14:46:04","slug":"product-tour-videos","status":"publish","type":"page","link":"https:\/\/teamdeck.io\/lv\/produktu-apskates-videoklipi\/","title":{"rendered":"Produkta t\u016bre - Videoklipi"},"content":{"rendered":"<div data-vc-full-width=\"true\" data-vc-full-width-init=\"false\" class=\"vc_row wpb_row vc_row-fluid redl-row-section vc_custom_1547563317853 padding-default bgv-default bgh-default halign-default\"><div class=\"wpb_column vc_column_container text-center vc_col-sm-6 padding-medium bgv-default bgh-center halign-center\"><div class=\"vc_column-inner\"><div class=\"wpb_wrapper\">\n\t<div class=\"wpb_text_column wpb_content_element\" >\n\t\t<div class=\"wpb_wrapper\">\n\t\t\t<h1 style=\"text-align: left;\">Produktu ekskursijas<\/h1>\n\n\t\t<\/div>\n\t<\/div>\n\n\t<div class=\"wpb_text_column wpb_content_element  vc_custom_1649255942586\" >\n\t\t<div class=\"wpb_wrapper\">\n\t\t\t<p style=\"text-align: left;\"><span style=\"font-size: 18px;\">Iepaz\u012bstieties ar Teamdeck pamatfunkcij\u0101m, lai piln\u012bb\u0101 izmantotu r\u012bka priek\u0161roc\u012bbas. <\/span><\/p>\n<p style=\"text-align: left;\"><span style=\"font-size: 18px;\"><strong>Izv\u0113lieties tematu<\/strong> <strong>zem<\/strong> v\u0113laties izp\u0113t\u012bt un noskat\u012bties \u012bsu videoklipu, kas iepaz\u012bstin\u0101s j\u016bs ar \u0161o lietotni.<\/span><\/p>\n\n\t\t<\/div>\n\t<\/div>\n<\/div><\/div><\/div><div class=\"wpb_column vc_column_container text-left vc_col-sm-6 padding-default bgv-default bgh-default halign-default\"><div class=\"vc_column-inner\"><div class=\"wpb_wrapper\">\n\t<div  class=\"wpb_single_image wpb_content_element vc_align_center\">\n\t\t\n\t\t<figure class=\"wpb_wrapper vc_figure\">\n\t\t\t<div class=\"vc_single_image-wrapper   vc_box_border_grey\"><img loading=\"lazy\" decoding=\"async\" width=\"1036\" height=\"747\" src=\"https:\/\/cdn.teamdeck.io\/uploads\/website\/2022\/03\/02201110\/product_tour_hero_videos-e1547553065198-1.png\" class=\"vc_single_image-img attachment-large\" alt=\"\" srcset=\"https:\/\/cdn.teamdeck.io\/uploads\/website\/2022\/03\/02201110\/product_tour_hero_videos-e1547553065198-1.png 1036w, https:\/\/cdn.teamdeck.io\/uploads\/website\/2022\/03\/02201110\/product_tour_hero_videos-e1547553065198-1-300x216.png 300w, https:\/\/cdn.teamdeck.io\/uploads\/website\/2022\/03\/02201110\/product_tour_hero_videos-e1547553065198-1-768x554.png 768w\" sizes=\"auto, (max-width: 1036px) 100vw, 1036px\" \/><\/div>\n\t\t<\/figure>\n\t<\/div>\n<\/div><\/div><\/div><\/div><div class=\"vc_row-full-width vc_clearfix\"><\/div><div class=\"vc_row wpb_row vc_row-fluid redl-row-section vc_custom_1526287266181 padding-large bgv-default bgh-default halign-default\"><div class=\"wpb_column vc_column_container text-left vc_col-sm-12 padding-default bgv-default bgh-default halign-default\"><div class=\"vc_column-inner\"><div class=\"wpb_wrapper\"><div class=\"vc_empty_space\"   style=\"height: 32px\" ><span class=\"vc_empty_space_inner\"><\/span><\/div>\n\n\t<div class=\"wpb_text_column wpb_content_element\" >\n\t\t<div class=\"wpb_wrapper\">\n\t\t\t<p style=\"text-align: center;\"><span class=\"message\">Dodieties ekskursij\u0101:<\/span><\/p>\n\n\t\t<\/div>\n\t<\/div>\n<div class=\"vc_empty_space\"   style=\"height: 32px\" ><span class=\"vc_empty_space_inner\"><\/span><\/div>\n<\/div><\/div><\/div><\/div><div data-vc-full-width=\"true\" data-vc-full-width-init=\"false\" class=\"vc_row wpb_row vc_row-fluid redl-row-section feature-row vc_custom_1504100640393 vc_row-o-equal-height vc_row-o-content-middle vc_row-flex padding-medium bgv-default bgh-default halign-center\"><div class=\"feature-image wpb_column vc_column_container text-left vc_col-sm-7 vc_col-lg-6 padding-default bgv-default bgh-default halign-default\"><div class=\"vc_column-inner\"><div class=\"wpb_wrapper\">\n\t<div class=\"wpb_text_column wpb_content_element\" >\n\t\t<div class=\"wpb_wrapper\">\n\t\t\t<p><iframe loading=\"lazy\" src=\"\/\/www.youtube.com\/embed\/4TaHr0HZBcg\" width=\"560\" height=\"314\" allowfullscreen=\"allowfullscreen\"><\/iframe><\/p>\n\n\t\t<\/div>\n\t<\/div>\n<\/div><\/div><\/div><div class=\"feature-info wpb_column vc_column_container text-left vc_col-sm-5 vc_col-lg-4 padding-small bgv-default bgh-default halign-default\"><div class=\"vc_column-inner\"><div class=\"wpb_wrapper\">\n\t<div class=\"wpb_text_column wpb_content_element\" >\n\t\t<div class=\"wpb_wrapper\">\n\t\t\t<p><span style=\"font-size: 18px; text-transform: uppercase;\"><b>ko teamdeck var dar\u012bt j\u016bsu lab\u0101?<\/b><\/span><\/p>\n<p>\u012ass p\u0101rskats par m\u016bsu resursu pl\u0101no\u0161anas programmat\u016bru. Komandas pl\u0101no\u0161ana, projekti, laika grafiki, laika uzskaite, piel\u0101gotie lauki, piel\u0101gojami p\u0101rskatu veidnes u. c. \u0160\u012bs un citas funkcijas ir par\u0101d\u012btas \u0161aj\u0101 videoklip\u0101.<\/p>\n\n\t\t<\/div>\n\t<\/div>\n<\/div><\/div><\/div><\/div><div class=\"vc_row-full-width vc_clearfix\"><\/div><div data-vc-full-width=\"true\" data-vc-full-width-init=\"false\" class=\"vc_row wpb_row vc_row-fluid redl-row-section feature-row vc_custom_1504100640393 vc_row-o-equal-height vc_row-o-content-middle vc_row-flex padding-medium bgv-default bgh-default halign-center\"><div class=\"feature-image wpb_column vc_column_container text-left vc_col-sm-7 vc_col-lg-6 padding-default bgv-default bgh-default halign-default\"><div class=\"vc_column-inner\"><div class=\"wpb_wrapper\">\n\t<div class=\"wpb_text_column wpb_content_element\" >\n\t\t<div class=\"wpb_wrapper\">\n\t\t\t<div style=\"position: relative; padding-bottom: 56.25%; width: 100%;\"><iframe loading=\"lazy\" style=\"position: absolute; top: 0; bottom: 0; left: 0; right: 0; width: 100%; height: 100%;\" src=\"https:\/\/www.youtube.com\/embed\/tteYeUfYmOg\" width=\"300\" height=\"150\" frameborder=\"0\" allowfullscreen=\"allowfullscreen\"><\/iframe><\/div>\n\n\t\t<\/div>\n\t<\/div>\n<\/div><\/div><\/div><div class=\"feature-info wpb_column vc_column_container text-left vc_col-sm-5 vc_col-lg-4 padding-small bgv-default bgh-default halign-default\"><div class=\"vc_column-inner\"><div class=\"wpb_wrapper\">\n\t<div class=\"wpb_text_column wpb_content_element\" >\n\t\t<div class=\"wpb_wrapper\">\n\t\t\t<p><span style=\"font-size: 18px; text-transform: uppercase;\"><b>Iestat\u012bt savu organiz\u0101ciju<\/b><\/span><\/p>\n<p>Iestatiet sava uz\u0146\u0113muma telpu, lai var\u0113tu pie\u0161\u0137irt projektus attiec\u012bgajiem komandas locek\u013ciem. Pievienojiet projektus un darbiniekus, izprotiet da\u017e\u0101das lietot\u0101ju lomas Teamdeck un izveidojiet piel\u0101gotus laukus, lai filtr\u0113tu cilv\u0113kus vai projektus.<\/p>\n\n\t\t<\/div>\n\t<\/div>\n<\/div><\/div><\/div><\/div><div class=\"vc_row-full-width vc_clearfix\"><\/div><div data-vc-full-width=\"true\" data-vc-full-width-init=\"false\" class=\"vc_row wpb_row vc_row-fluid redl-row-section feature-row vc_custom_1504100640393 vc_row-o-equal-height vc_row-o-content-middle vc_row-flex padding-medium bgv-default bgh-default halign-center\"><div class=\"feature-image wpb_column vc_column_container text-left vc_col-sm-7 vc_col-lg-6 padding-default bgv-default bgh-default halign-default\"><div class=\"vc_column-inner\"><div class=\"wpb_wrapper\">\n\t<div class=\"wpb_text_column wpb_content_element\" >\n\t\t<div class=\"wpb_wrapper\">\n\t\t\t<div style=\"position: relative; padding-bottom: 56.25%; width: 100%;\"><iframe loading=\"lazy\" style=\"position: absolute; top: 0; bottom: 0; left: 0; right: 0; width: 100%; height: 100%;\" src=\"https:\/\/www.youtube.com\/embed\/bSNMh2CGKYc\" width=\"300\" height=\"150\" frameborder=\"0\" allowfullscreen=\"allowfullscreen\"><\/iframe><\/div>\n\n\t\t<\/div>\n\t<\/div>\n<\/div><\/div><\/div><div class=\"feature-info wpb_column vc_column_container text-left vc_col-sm-5 vc_col-lg-4 padding-small bgv-default bgh-default halign-default\"><div class=\"vc_column-inner\"><div class=\"wpb_wrapper\">\n\t<div class=\"wpb_text_column wpb_content_element\" >\n\t\t<div class=\"wpb_wrapper\">\n\t\t\t<p><span style=\"font-size: 18px; text-transform: uppercase;\"><b>IZP\u0112T\u012aT KALEND\u0100RA FUNKCIJAS<\/b><\/span><\/p>\n<p>Veikt \u0101tru apskati Teamdeck kalend\u0101ra skatu. Uzziniet, k\u0101 pievienot rezerv\u0113jumus, laika ierakstus un br\u012bvdienas. P\u0113c tam uzziniet, k\u0101 varat izmantot pieejam\u012bbas joslas, lai p\u0101rvald\u012btu komandas darba slodzi.<\/p>\n\n\t\t<\/div>\n\t<\/div>\n<\/div><\/div><\/div><\/div><div class=\"vc_row-full-width vc_clearfix\"><\/div><div data-vc-full-width=\"true\" data-vc-full-width-init=\"false\" class=\"vc_row wpb_row vc_row-fluid redl-row-section feature-row vc_custom_1504100640393 vc_row-o-equal-height vc_row-o-content-middle vc_row-flex padding-medium bgv-default bgh-default halign-center\"><div class=\"feature-image wpb_column vc_column_container text-left vc_col-sm-7 vc_col-lg-6 padding-default bgv-default bgh-default halign-default\"><div class=\"vc_column-inner\"><div class=\"wpb_wrapper\">\n\t<div class=\"wpb_text_column wpb_content_element\" >\n\t\t<div class=\"wpb_wrapper\">\n\t\t\t<div style=\"position: relative; padding-bottom: 56.25%; width: 100%;\"><iframe loading=\"lazy\" style=\"position: absolute; top: 0; bottom: 0; left: 0; right: 0; width: 100%; height: 100%;\" src=\"https:\/\/www.youtube.com\/embed\/OasxmOETEcg\" width=\"300\" height=\"150\" frameborder=\"0\" allowfullscreen=\"allowfullscreen\"><\/iframe><\/div>\n\n\t\t<\/div>\n\t<\/div>\n<\/div><\/div><\/div><div class=\"feature-info wpb_column vc_column_container text-left vc_col-sm-5 vc_col-lg-4 padding-small bgv-default bgh-default halign-default\"><div class=\"vc_column-inner\"><div class=\"wpb_wrapper\">\n\t<div class=\"wpb_text_column wpb_content_element\" >\n\t\t<div class=\"wpb_wrapper\">\n\t\t\t<p><span style=\"font-size: 18px; text-transform: uppercase;\"><b>G\u016aSTIET IESKATU PAR SAVA UZ\u0145\u0112MUMA SNIEGUMU.<br \/>\n<\/b><\/span><span style=\"font-size: 18px; text-transform: uppercase;\"><b><br \/>\n<\/b><\/span>Izmantojiet Teamdeck p\u0101rskatus, lai sekotu l\u012bdzi savas komandas KPI, dal\u012btos ar rezult\u0101tiem ar citiem un pl\u0101notu turpm\u0101ko darbu, pamatojoties uz datiem.<\/p>\n\n\t\t<\/div>\n\t<\/div>\n<\/div><\/div><\/div><\/div><div class=\"vc_row-full-width vc_clearfix\"><\/div><div data-vc-full-width=\"true\" data-vc-full-width-init=\"false\" class=\"vc_row wpb_row vc_row-fluid redl-row-section feature-row vc_custom_1504100640393 vc_row-o-equal-height vc_row-o-content-middle vc_row-flex padding-medium bgv-default bgh-default halign-center\"><div class=\"feature-image wpb_column vc_column_container text-left vc_col-sm-7 vc_col-lg-6 padding-default bgv-default bgh-default halign-default\"><div class=\"vc_column-inner\"><div class=\"wpb_wrapper\">\n\t<div class=\"wpb_text_column wpb_content_element\" >\n\t\t<div class=\"wpb_wrapper\">\n\t\t\t<div style=\"position: relative; padding-bottom: 56.25%; width: 100%;\"><iframe loading=\"lazy\" style=\"position: absolute; top: 0; bottom: 0; left: 0; right: 0; width: 100%; height: 100%;\" src=\"https:\/\/www.youtube.com\/embed\/_hlzymvBDuY\" width=\"300\" height=\"150\" frameborder=\"0\" allowfullscreen=\"allowfullscreen\"><\/iframe><\/div>\n\n\t\t<\/div>\n\t<\/div>\n<\/div><\/div><\/div><div class=\"feature-info wpb_column vc_column_container text-left vc_col-sm-5 vc_col-lg-4 padding-small bgv-default bgh-default halign-default\"><div class=\"vc_column-inner\"><div class=\"wpb_wrapper\">\n\t<div class=\"wpb_text_column wpb_content_element\" >\n\t\t<div class=\"wpb_wrapper\">\n\t\t\t<p><span style=\"font-size: 18px; text-transform: uppercase;\"><b>P\u0101rvaldiet resursus un projektus sav\u0101 uz\u0146\u0113mum\u0101<\/b><\/span><\/p>\n<p>Pl\u0101nojiet, optimiz\u0113jiet un nov\u0113rt\u0113jiet savu komandu darbu Teamdeck. No pl\u0101no\u0161anas l\u012bdz atskai\u0161u sagatavo\u0161anai - Teamdeck ir nodro\u0161in\u0101jis j\u016bs un j\u016bsu komandu, pal\u012bdzot jums \u0101tri p\u0101rvietoties p\u0113c nepiecie\u0161amajiem resursiem un ieg\u016bt noz\u012bm\u012bgus datus par projektu.<\/p>\n\n\t\t<\/div>\n\t<\/div>\n<\/div><\/div><\/div><\/div><div class=\"vc_row-full-width vc_clearfix\"><\/div><div data-vc-full-width=\"true\" data-vc-full-width-init=\"false\" class=\"vc_row wpb_row vc_row-fluid redl-row-section feature-row vc_custom_1504100640393 vc_row-o-equal-height vc_row-o-content-middle vc_row-flex padding-medium bgv-default bgh-default halign-center\"><div class=\"feature-image wpb_column vc_column_container text-left vc_col-sm-7 vc_col-lg-6 padding-default bgv-default bgh-default halign-default\"><div class=\"vc_column-inner\"><div class=\"wpb_wrapper\">\n\t<div class=\"wpb_text_column wpb_content_element\" >\n\t\t<div class=\"wpb_wrapper\">\n\t\t\t<div style=\"position: relative; padding-bottom: 56.25%; width: 100%;\"><iframe loading=\"lazy\" style=\"position: absolute; top: 0; bottom: 0; left: 0; right: 0; width: 100%; height: 100%;\" src=\"https:\/\/www.youtube.com\/embed\/cY1YHg9UlLg\" width=\"300\" height=\"150\" frameborder=\"0\" allowfullscreen=\"allowfullscreen\"><\/iframe><\/div>\n\n\t\t<\/div>\n\t<\/div>\n<\/div><\/div><\/div><div class=\"feature-info wpb_column vc_column_container text-left vc_col-sm-5 vc_col-lg-4 padding-small bgv-default bgh-default halign-default\"><div class=\"vc_column-inner\"><div class=\"wpb_wrapper\">\n\t<div class=\"wpb_text_column wpb_content_element\" >\n\t\t<div class=\"wpb_wrapper\">\n\t\t\t<p><span style=\"font-size: 18px; text-transform: uppercase;\"><b>INTEGR\u0112T TEAMDECK AR SLACK<br \/>\n<\/b><\/span><span style=\"font-size: 18px; text-transform: uppercase;\"><b><br \/>\n<\/b><\/span>Sa\u0146emiet pazi\u0146ojumus par atva\u013cin\u0101juma piepras\u012bjumu tie\u0161i izv\u0113l\u0113taj\u0101 Slack kan\u0101l\u0101.<\/p>\n\n\t\t<\/div>\n\t<\/div>\n<\/div><\/div><\/div><\/div><div class=\"vc_row-full-width vc_clearfix\"><\/div><div data-vc-full-width=\"true\" data-vc-full-width-init=\"false\" class=\"vc_row wpb_row vc_row-fluid redl-row-section feature-row vc_custom_1504100640393 vc_row-o-equal-height vc_row-o-content-middle vc_row-flex padding-medium bgv-default bgh-default halign-center\"><div class=\"wpb_column vc_column_container text-left vc_col-sm-12 padding-default bgv-default bgh-default halign-default\"><div class=\"vc_column-inner\"><div class=\"wpb_wrapper\"><div class=\"vc_empty_space\"   style=\"height: 32px\" ><span class=\"vc_empty_space_inner\"><\/span><\/div>\n<\/div><\/div><\/div><div class=\"feature-image wpb_column vc_column_container text-left vc_col-sm-6 vc_col-lg-6 padding-default bgv-default bgh-default halign-default\"><div class=\"vc_column-inner\"><div class=\"wpb_wrapper\">\n\t<div class=\"wpb_text_column wpb_content_element\" >\n\t\t<div class=\"wpb_wrapper\">\n\t\t\t<p style=\"text-align: center;\"><strong><span class=\"message\">Vai jums ir v\u0113l jaut\u0101jumi? <\/span><\/strong><\/p>\n<p style=\"text-align: center;\"><span class=\"message\">J\u016btieties br\u012bvi un sazinieties ar mums!<\/span><\/p>\n\n\t\t<\/div>\n\t<\/div>\n<div class=\"vc_empty_space\"   style=\"height: 20px\" ><span class=\"vc_empty_space_inner\"><\/span><\/div>\n<\/div><\/div><\/div><div class=\"wpb_column vc_column_container text-left vc_col-sm-6 padding-default bgv-default bgh-default halign-default\"><div class=\"vc_column-inner\"><div class=\"wpb_wrapper\">\n\t<div class=\"wpb_text_column wpb_content_element\" >\n\t\t<div class=\"wpb_wrapper\">\n\t\t\t<div class=\"testimonial__content\">\n<p style=\"text-align: justify;\">Mums pat\u012bk tas, ka neatkar\u012bgi no t\u0101, k\u0101da probl\u0113ma mums rodas, platformas otr\u0101 pus\u0113 vienm\u0113r ir k\u0101ds, kas ir gatavs pal\u012bdz\u0113t, atbalst\u012bt, paskaidrot un labpr\u0101t uzklausa atsauksmes, kuras bie\u017ei tiek ieviestas n\u0101kamaj\u0101 laidien\u0101! Tas ir k\u0101 Teamdeck ir veidots ap jums, un j\u016bs esat akt\u012bva uzlabojumu procesa da\u013ca.<\/p>\n<p style=\"text-align: justify;\"><\/div>\n<div class=\"testimonial__author\" style=\"text-align: justify;\"><strong><span class=\"testimonial__author-name\">LUISA TATOLI<\/span><\/strong><\/div>\n<div class=\"testimonial__author\" style=\"text-align: justify;\"><span class=\"testimonial__author-job\">ROLL STUDIO VADO\u0160AIS PARTNERIS<\/span><\/div>\n\n\t\t<\/div>\n\t<\/div>\n<\/div><\/div><\/div><\/div><div class=\"vc_row-full-width vc_clearfix\"><\/div><div data-vc-full-width=\"true\" data-vc-full-width-init=\"false\" class=\"vc_row wpb_row vc_row-fluid redl-row-section footer-message-row vc_custom_1502964176474 vc_row-has-fill vc_row-o-equal-height vc_row-flex padding-medium bgv-default bgh-default halign-default\"><div class=\"wpb_column vc_column_container text-center vc_col-sm-12 vc_col-lg-8 vc_col-md-9 padding-default bgv-default bgh-default halign-default\"><div class=\"vc_column-inner\"><div class=\"wpb_wrapper\">\n\t<div class=\"wpb_text_column wpb_content_element\" >\n\t\t<div class=\"wpb_wrapper\">\n\t\t\t<p><span class=\"message\">Pievienojieties un s\u0101ciet p\u0101rvald\u012bt savu uz\u0146\u0113mumu augst\u0101k\u0101 l\u012bmen\u012b. <\/span><\/p>\n\n\t\t<\/div>\n\t<\/div>\n<a class=\"redl-btn  redl-btn-border redl-btn-two  redl-btn-medium redl-btn-69da28aecd2d4 btn-hover-one btn-icon-left signup-bottom\" href=\"https:\/\/app.teamdeck.io\/register\">Ieg\u016bstiet 30 dienu BEZMAKSAS izm\u0113\u0123in\u0101juma versiju<\/a><\/div><\/div><\/div><\/div><div class=\"vc_row-full-width vc_clearfix\"><\/div>","protected":false},"excerpt":{"rendered":"Produkta ekskursijas Iepaz\u012bstieties ar Teamdeck galvenaj\u0101m funkcij\u0101m, lai piln\u012bb\u0101 izmantotu r\u012bka priek\u0161roc\u012bbas. Izv\u0113lieties zem\u0101k nor\u0101d\u012bto t\u0113mu, kuru v\u0113laties izp\u0113t\u012bt, un noskatieties \u012bsu videoklipu, kas iepaz\u012bstin\u0101s j\u016bs ar lietotni. Veikt...","protected":false},"author":6,"featured_media":0,"parent":0,"menu_order":0,"comment_status":"closed","ping_status":"closed","template":"","meta":{"footnotes":""},"class_list":["post-4392","page","type-page","status-publish","hentry"],"yoast_head":"<!-- This site is optimized with the Yoast SEO Premium plugin v23.8 (Yoast SEO v24.3) - https:\/\/yoast.com\/wordpress\/plugins\/seo\/ -->\n<title>Teamdeck - Product Tour Videos<\/title>\n<meta name=\"description\" content=\"Teamdeck\u2019s product tour videos will help you explore the tools\u2019 core features and adopt best practices early on. Take the tour.\" \/>\n<meta name=\"robots\" content=\"index, follow, max-snippet:-1, max-image-preview:large, max-video-preview:-1\" \/>\n<link rel=\"canonical\" href=\"https:\/\/teamdeck.io\/lv\/produktu-apskates-videoklipi\/\" \/>\n<meta property=\"og:locale\" content=\"lv_LV\" \/>\n<meta property=\"og:type\" content=\"article\" \/>\n<meta property=\"og:title\" content=\"Product Tour - Videos\" \/>\n<meta property=\"og:description\" content=\"Teamdeck\u2019s product tour videos will help you explore the tools\u2019 core features and adopt best practices early on. Take the tour.\" \/>\n<meta property=\"og:url\" content=\"https:\/\/teamdeck.io\/lv\/produktu-apskates-videoklipi\/\" \/>\n<meta property=\"og:site_name\" content=\"Teamdeck\" \/>\n<meta property=\"article:publisher\" content=\"https:\/\/www.facebook.com\/helloteamdeck\" \/>\n<meta property=\"article:modified_time\" content=\"2022-04-06T14:46:04+00:00\" \/>\n<meta name=\"twitter:card\" content=\"summary_large_image\" \/>\n<meta name=\"twitter:site\" content=\"@helloteamdeck\" \/>\n<meta name=\"twitter:label1\" content=\"Est. reading time\" \/>\n\t<meta name=\"twitter:data1\" content=\"3 minutes\" \/>\n<script type=\"application\/ld+json\" class=\"yoast-schema-graph\">{\"@context\":\"https:\/\/schema.org\",\"@graph\":[{\"@type\":\"WebPage\",\"@id\":\"https:\/\/teamdeck.io\/product-tour-videos\/\",\"url\":\"https:\/\/teamdeck.io\/product-tour-videos\/\",\"name\":\"Teamdeck - Product Tour Videos\",\"isPartOf\":{\"@id\":\"https:\/\/teamdeck.io\/#website\"},\"datePublished\":\"2019-01-15T14:31:41+00:00\",\"dateModified\":\"2022-04-06T14:46:04+00:00\",\"description\":\"Teamdeck\u2019s product tour videos will help you explore the tools\u2019 core features and adopt best practices early on. Take the tour.\",\"breadcrumb\":{\"@id\":\"https:\/\/teamdeck.io\/product-tour-videos\/#breadcrumb\"},\"inLanguage\":\"lv\",\"potentialAction\":[{\"@type\":\"ReadAction\",\"target\":[\"https:\/\/teamdeck.io\/product-tour-videos\/\"]}]},{\"@type\":\"BreadcrumbList\",\"@id\":\"https:\/\/teamdeck.io\/product-tour-videos\/#breadcrumb\",\"itemListElement\":[{\"@type\":\"ListItem\",\"position\":1,\"name\":\"Home\",\"item\":\"https:\/\/teamdeck.io\/\"},{\"@type\":\"ListItem\",\"position\":2,\"name\":\"Product Tour &#8211; Videos\"}]},{\"@type\":\"WebSite\",\"@id\":\"https:\/\/teamdeck.io\/#website\",\"url\":\"https:\/\/teamdeck.io\/\",\"name\":\"Teamdeck\",\"description\":\"resource scheduling + time tracking + leave management\",\"potentialAction\":[{\"@type\":\"SearchAction\",\"target\":{\"@type\":\"EntryPoint\",\"urlTemplate\":\"https:\/\/teamdeck.io\/?s={search_term_string}\"},\"query-input\":{\"@type\":\"PropertyValueSpecification\",\"valueRequired\":true,\"valueName\":\"search_term_string\"}}],\"inLanguage\":\"lv\"}]}<\/script>\n<!-- \/ Yoast SEO Premium plugin. -->","yoast_head_json":{"title":"Teamdeck - Product Tour Videos","description":"Teamdeck\u2019s product tour videos will help you explore the tools\u2019 core features and adopt best practices early on. Take the tour.","robots":{"index":"index","follow":"follow","max-snippet":"max-snippet:-1","max-image-preview":"max-image-preview:large","max-video-preview":"max-video-preview:-1"},"canonical":"https:\/\/teamdeck.io\/lv\/produktu-apskates-videoklipi\/","og_locale":"lv_LV","og_type":"article","og_title":"Product Tour - Videos","og_description":"Teamdeck\u2019s product tour videos will help you explore the tools\u2019 core features and adopt best practices early on. Take the tour.","og_url":"https:\/\/teamdeck.io\/lv\/produktu-apskates-videoklipi\/","og_site_name":"Teamdeck","article_publisher":"https:\/\/www.facebook.com\/helloteamdeck","article_modified_time":"2022-04-06T14:46:04+00:00","twitter_card":"summary_large_image","twitter_site":"@helloteamdeck","twitter_misc":{"Est. reading time":"3 minutes"},"schema":{"@context":"https:\/\/schema.org","@graph":[{"@type":"WebPage","@id":"https:\/\/teamdeck.io\/product-tour-videos\/","url":"https:\/\/teamdeck.io\/product-tour-videos\/","name":"Teamdeck - Product Tour Videos","isPartOf":{"@id":"https:\/\/teamdeck.io\/#website"},"datePublished":"2019-01-15T14:31:41+00:00","dateModified":"2022-04-06T14:46:04+00:00","description":"Teamdeck\u2019s product tour videos will help you explore the tools\u2019 core features and adopt best practices early on. Take the tour.","breadcrumb":{"@id":"https:\/\/teamdeck.io\/product-tour-videos\/#breadcrumb"},"inLanguage":"lv","potentialAction":[{"@type":"ReadAction","target":["https:\/\/teamdeck.io\/product-tour-videos\/"]}]},{"@type":"BreadcrumbList","@id":"https:\/\/teamdeck.io\/product-tour-videos\/#breadcrumb","itemListElement":[{"@type":"ListItem","position":1,"name":"Home","item":"https:\/\/teamdeck.io\/"},{"@type":"ListItem","position":2,"name":"Product Tour &#8211; Videos"}]},{"@type":"WebSite","@id":"https:\/\/teamdeck.io\/#website","url":"https:\/\/teamdeck.io\/","name":"Teamdeck","description":"resource scheduling + time tracking + leave management","potentialAction":[{"@type":"SearchAction","target":{"@type":"EntryPoint","urlTemplate":"https:\/\/teamdeck.io\/?s={search_term_string}"},"query-input":{"@type":"PropertyValueSpecification","valueRequired":true,"valueName":"search_term_string"}}],"inLanguage":"lv"}]}},"_links":{"self":[{"href":"https:\/\/teamdeck.io\/lv\/wp-json\/wp\/v2\/pages\/4392","targetHints":{"allow":["GET"]}}],"collection":[{"href":"https:\/\/teamdeck.io\/lv\/wp-json\/wp\/v2\/pages"}],"about":[{"href":"https:\/\/teamdeck.io\/lv\/wp-json\/wp\/v2\/types\/page"}],"author":[{"embeddable":true,"href":"https:\/\/teamdeck.io\/lv\/wp-json\/wp\/v2\/users\/6"}],"replies":[{"embeddable":true,"href":"https:\/\/teamdeck.io\/lv\/wp-json\/wp\/v2\/comments?post=4392"}],"version-history":[{"count":106,"href":"https:\/\/teamdeck.io\/lv\/wp-json\/wp\/v2\/pages\/4392\/revisions"}],"predecessor-version":[{"id":10178,"href":"https:\/\/teamdeck.io\/lv\/wp-json\/wp\/v2\/pages\/4392\/revisions\/10178"}],"wp:attachment":[{"href":"https:\/\/teamdeck.io\/lv\/wp-json\/wp\/v2\/media?parent=4392"}],"curies":[{"name":"wp","href":"https:\/\/api.w.org\/{rel}","templated":true}]}}