{"id":3091,"date":"2017-09-14T14:51:57","date_gmt":"2017-09-14T12:51:57","guid":{"rendered":"https:\/\/teamdeck.io\/?page_id=3091"},"modified":"2021-12-14T17:59:26","modified_gmt":"2021-12-14T15:59:26","slug":"ebook","status":"publish","type":"page","link":"https:\/\/teamdeck.io\/lv\/e-gramata\/","title":{"rendered":"Bezmaksas e-gr\u0101mata"},"content":{"rendered":"<div class=\"vc_row wpb_row vc_row-fluid redl-row-section padding-medium bgv-default bgh-default halign-default\"><div class=\"wpb_column vc_column_container text-left vc_col-sm-12 padding-default bgv-default bgh-default halign-default\"><div class=\"vc_column-inner\"><div class=\"wpb_wrapper\">\n\t<div class=\"wpb_text_column wpb_content_element\" >\n\t\t<div class=\"wpb_wrapper\">\n\t\t\t<h1 style=\"text-align: center;\"><span class=\"h2\">Lab\u0101k\u0101 prakse<\/span> <span class=\"h1\">resursu p\u0101rvald\u012bba<\/span><\/h1>\n\n\t\t<\/div>\n\t<\/div>\n<\/div><\/div><\/div><\/div><div class=\"vc_row wpb_row vc_row-fluid redl-row-section vc_custom_1503999325526 vc_row-o-equal-height vc_row-o-content-top vc_row-flex padding-large bgv-default bgh-default halign-center\"><div class=\"services__box ebook-box wpb_column vc_column_container text-left vc_col-sm-3 padding-default bgv-default bgh-default halign-default\"><div class=\"vc_column-inner\"><div class=\"wpb_wrapper\">\n\t<div class=\"wpb_text_column wpb_content_element\" >\n\t\t<div class=\"wpb_wrapper\">\n\t\t\t<p><img loading=\"lazy\" decoding=\"async\" class=\"aligncenter wp-image-3665\" src=\"https:\/\/cdn.teamdeck.io\/uploads\/website\/2017\/09\/02162838\/1.png\" alt=\"\" width=\"250\" height=\"115\" srcset=\"https:\/\/cdn.teamdeck.io\/uploads\/website\/2017\/09\/02162838\/1.png 500w, https:\/\/cdn.teamdeck.io\/uploads\/website\/2017\/09\/02162838\/1-300x138.png 300w\" sizes=\"auto, (max-width: 250px) 100vw, 250px\" \/><\/p>\n<h3 style=\"text-align: center;\"><span class=\"text-title column-title\">Piel\u0101goti padomi<br \/>\n<\/span><\/h3>\n<p style=\"text-align: center;\">projektu vad\u012bt\u0101jiem, kas str\u0101d\u0101 digit\u0101laj\u0101s a\u0123ent\u016br\u0101s.<\/p>\n\n\t\t<\/div>\n\t<\/div>\n<\/div><\/div><\/div><div class=\"services__box ebook-box wpb_column vc_column_container text-left vc_col-sm-3 padding-default bgv-default bgh-default halign-default\"><div class=\"vc_column-inner\"><div class=\"wpb_wrapper\">\n\t<div class=\"wpb_text_column wpb_content_element\" >\n\t\t<div class=\"wpb_wrapper\">\n\t\t\t<p><img loading=\"lazy\" decoding=\"async\" class=\"aligncenter wp-image-3666\" src=\"https:\/\/cdn.teamdeck.io\/uploads\/website\/2017\/09\/02162840\/2.png\" alt=\"\" width=\"250\" height=\"115\" srcset=\"https:\/\/cdn.teamdeck.io\/uploads\/website\/2017\/09\/02162840\/2.png 500w, https:\/\/cdn.teamdeck.io\/uploads\/website\/2017\/09\/02162840\/2-300x138.png 300w\" sizes=\"auto, (max-width: 250px) 100vw, 250px\" \/><\/p>\n<h3 style=\"text-align: center;\"><span class=\"text-title column-title\">Padomi re\u0101laj\u0101 dz\u012bv\u0113<br \/>\n<\/span><\/h3>\n<p style=\"text-align: center;\">sekot ikdienas darb\u0101 - s\u0101kot no \u0161odienas.<\/p>\n\n\t\t<\/div>\n\t<\/div>\n<\/div><\/div><\/div><div class=\"services__box ebook-box wpb_column vc_column_container text-left vc_col-sm-3 padding-default bgv-default bgh-default halign-default\"><div class=\"vc_column-inner\"><div class=\"wpb_wrapper\">\n\t<div class=\"wpb_text_column wpb_content_element\" >\n\t\t<div class=\"wpb_wrapper\">\n\t\t\t<p><img loading=\"lazy\" decoding=\"async\" class=\"aligncenter wp-image-3667\" src=\"https:\/\/cdn.teamdeck.io\/uploads\/website\/2017\/09\/02162842\/3.png\" alt=\"\" width=\"250\" height=\"115\" srcset=\"https:\/\/cdn.teamdeck.io\/uploads\/website\/2017\/09\/02162842\/3.png 500w, https:\/\/cdn.teamdeck.io\/uploads\/website\/2017\/09\/02162842\/3-300x138.png 300w\" sizes=\"auto, (max-width: 250px) 100vw, 250px\" \/><\/p>\n<h3 style=\"text-align: center;\"><span class=\"text-title column-title\">Draudz\u012bgs form\u0101ts<br \/>\n<\/span><\/h3>\n<p style=\"text-align: center;\">ar viegli uztveramiem padomiem un praktiskiem kontrolsarakstiem.<\/p>\n\n\t\t<\/div>\n\t<\/div>\n<\/div><\/div><\/div><div class=\"services__box ebook-box wpb_column vc_column_container text-left vc_col-sm-3 padding-default bgv-default bgh-default halign-default\"><div class=\"vc_column-inner\"><div class=\"wpb_wrapper\">\n\t<div class=\"wpb_text_column wpb_content_element\" >\n\t\t<div class=\"wpb_wrapper\">\n\t\t\t<p><img loading=\"lazy\" decoding=\"async\" class=\"aligncenter wp-image-3668\" src=\"https:\/\/cdn.teamdeck.io\/uploads\/website\/2017\/09\/02162844\/4.png\" alt=\"\" width=\"250\" height=\"115\" srcset=\"https:\/\/cdn.teamdeck.io\/uploads\/website\/2017\/09\/02162844\/4.png 500w, https:\/\/cdn.teamdeck.io\/uploads\/website\/2017\/09\/02162844\/4-300x138.png 300w\" sizes=\"auto, (max-width: 250px) 100vw, 250px\" \/><\/p>\n<h3 style=\"text-align: center;\"><span class=\"text-title column-title\">Lab\u0101k\u0101 prakse<br \/>\n<\/span><\/h3>\n<p style=\"text-align: center;\">resursu p\u0101rvald\u012bbai vis\u0101 projekta dz\u012bves cikl\u0101.<\/p>\n\n\t\t<\/div>\n\t<\/div>\n<\/div><\/div><\/div><\/div><div class=\"vc_row wpb_row vc_row-fluid redl-row-section padding-default bgv-default bgh-default halign-default\"><div class=\"wpb_column vc_column_container text-left vc_col-sm-3 padding-default bgv-default bgh-default halign-default\"><div class=\"vc_column-inner\"><div class=\"wpb_wrapper\">\n\t<div class=\"wpb_text_column wpb_content_element\" >\n\t\t<div class=\"wpb_wrapper\">\n\t\t\t<p><img loading=\"lazy\" decoding=\"async\" class=\"alignnone wp-image-3122 aligncenter\" src=\"https:\/\/cdn.teamdeck.io\/uploads\/website\/2017\/09\/25105329\/ebook-cover-e1506329608899.png\" alt=\"\" width=\"212\" height=\"300\" srcset=\"https:\/\/cdn.teamdeck.io\/uploads\/website\/2017\/09\/25105329\/ebook-cover-e1506329608899.png 1240w, https:\/\/cdn.teamdeck.io\/uploads\/website\/2017\/09\/25105329\/ebook-cover-e1506329608899-212x300.png 212w, https:\/\/cdn.teamdeck.io\/uploads\/website\/2017\/09\/25105329\/ebook-cover-e1506329608899-768x1086.png 768w, https:\/\/cdn.teamdeck.io\/uploads\/website\/2017\/09\/25105329\/ebook-cover-e1506329608899-960x1358.png 960w\" sizes=\"auto, (max-width: 212px) 100vw, 212px\" \/><\/p>\n\n\t\t<\/div>\n\t<\/div>\n<\/div><\/div><\/div><div class=\"wpb_column vc_column_container text-left vc_col-sm-9 padding-default bgv-default bgh-default halign-default\"><div class=\"vc_column-inner\"><div class=\"wpb_wrapper\"><script>(function() {\n\twindow.mc4wp = window.mc4wp || {\n\t\tlisteners: [],\n\t\tforms: {\n\t\t\ton: function(evt, cb) {\n\t\t\t\twindow.mc4wp.listeners.push(\n\t\t\t\t\t{\n\t\t\t\t\t\tevent   : evt,\n\t\t\t\t\t\tcallback: cb\n\t\t\t\t\t}\n\t\t\t\t);\n\t\t\t}\n\t\t}\n\t}\n})();\n<\/script><!-- Mailchimp for WordPress v4.10.0 - https:\/\/wordpress.org\/plugins\/mailchimp-for-wp\/ --><form id=\"mc4wp-form-1\" class=\"mc4wp-form mc4wp-form-7\" method=\"post\" data-id=\"7\" data-name=\"ebook newsletter\" action=\"\" ><div class=\"mc4wp-form-fields\"><p>\r\n  <strong>Sa\u0146emiet e-gr\u0101matu \"Resursu p\u0101rvald\u012bba projektu vad\u012bt\u0101jiem - lab\u0101k\u0101 prakse\", abon\u0113jot m\u016bsu bi\u013cetenu<\/strong>\r\n<\/p>\r\n<p>\r\n    <input id=\"mc-email\" type=\"email\" name=\"EMAIL\" required=\"\" pattern=\"[a-zA-Z0-9._%+-]+@[a-z0-9.-]+\\.[a-zA-Z]{2,5}$\" placeholder=\"E-pasts\">\r\n<\/p>\r\n<p>\r\n\t<label for=\"want-more\">\r\n\t\t<input type=\"checkbox\" id=\"want-more\" name=\"INTERESTS[4d9730d370]\" required=\"\" value=\"EBOOK|EBOOK + BETA\">\r\n      \tV\u0113los abon\u0113t jaunumus no Teamdeck\r\n  \t<\/label>\r\n<\/p>\r\n<p class=\"text-left\" >\r\n    <input style=\"height: 59px; width: 207px; border-radius: 7px\" type=\"submit\" value=\"Abon\u0113t un lejupiel\u0101d\u0113t\">\r\n<\/p>\r\n\r\n\r\n<\/div><label style=\"display: none !important;\">Ja esat cilv\u0113ks, atst\u0101jiet \u0161o lauku tuk\u0161u: <input type=\"text\" name=\"_mc4wp_honeypot\" value=\"\" tabindex=\"-1\" autocomplete=\"off\" \/><\/label><input type=\"hidden\" name=\"_mc4wp_timestamp\" value=\"1775431002\" \/><input type=\"hidden\" name=\"_mc4wp_form_id\" value=\"7\" \/><input type=\"hidden\" name=\"_mc4wp_form_element_id\" value=\"mc4wp-form-1\" \/><div class=\"mc4wp-response\"><\/div><input type=\"hidden\" name=\"trp-form-language\" value=\"lv\"\/><\/form><!-- \/ Mailchimp for WordPress Plugin --><\/div><\/div><\/div><\/div>","protected":false},"excerpt":{"rendered":"Resursu p\u0101rvald\u012bbas lab\u0101k\u0101 prakse Piel\u0101goti padomi projektu vad\u012bt\u0101jiem, kas str\u0101d\u0101 digit\u0101laj\u0101s a\u0123ent\u016br\u0101s. Re\u0101li padomi, ko \u0146emt v\u0113r\u0101 ikdienas darb\u0101 - s\u0101kot jau \u0161odien. Draudz\u012bgs form\u0101ts ar viegli uztveramiem padomiem un praktiskiem kontrolsarakstiem. Resursu vad\u012bbas lab\u0101k\u0101 prakse...","protected":false},"author":17,"featured_media":0,"parent":0,"menu_order":0,"comment_status":"closed","ping_status":"closed","template":"","meta":{"footnotes":""},"class_list":["post-3091","page","type-page","status-publish","hentry"],"yoast_head":"<!-- This site is optimized with the Yoast SEO Premium plugin v23.8 (Yoast SEO v24.3) - https:\/\/yoast.com\/wordpress\/plugins\/seo\/ -->\n<title>E-book: Resource management best practices - Teamdeck<\/title>\n<meta name=\"description\" content=\"Download Teamdeck\u2019s free ebook about best practices of resource management and get tailored tips and real-life advice in friendly format.\" \/>\n<meta name=\"robots\" content=\"index, follow, max-snippet:-1, max-image-preview:large, max-video-preview:-1\" \/>\n<link rel=\"canonical\" href=\"https:\/\/teamdeck.io\/lv\/e-gramata\/\" \/>\n<meta property=\"og:locale\" content=\"lv_LV\" \/>\n<meta property=\"og:type\" content=\"article\" \/>\n<meta property=\"og:title\" content=\"Teamdeck - complete resource management guide\" \/>\n<meta property=\"og:description\" content=\"Download Teamdeck\u2019s free ebook about best practices of resource management and get tailored tips and real-life advice in friendly format.\" \/>\n<meta property=\"og:url\" content=\"https:\/\/teamdeck.io\/lv\/e-gramata\/\" \/>\n<meta property=\"og:site_name\" content=\"Teamdeck\" \/>\n<meta property=\"article:publisher\" content=\"https:\/\/www.facebook.com\/helloteamdeck\" \/>\n<meta property=\"article:modified_time\" content=\"2021-12-14T15:59:26+00:00\" \/>\n<meta property=\"og:image\" content=\"https:\/\/cdn.teamdeck.io\/uploads\/website\/2017\/09\/teamdeck-share.png\" \/>\n<meta name=\"twitter:card\" content=\"summary_large_image\" \/>\n<meta name=\"twitter:title\" content=\"Teamdeck - complete resource management guide\" \/>\n<meta name=\"twitter:description\" content=\"Download Teamdeck\u2019s free ebook about best practices of resource management and get tailored tips and real-life advice in friendly format.\" \/>\n<meta name=\"twitter:image\" content=\"https:\/\/cdn.teamdeck.io\/uploads\/website\/2017\/09\/teamdeck-share.png\" \/>\n<meta name=\"twitter:site\" content=\"@helloteamdeck\" \/>\n<meta name=\"twitter:label1\" content=\"Est. reading time\" \/>\n\t<meta name=\"twitter:data1\" content=\"2 minutes\" \/>\n<script type=\"application\/ld+json\" class=\"yoast-schema-graph\">{\"@context\":\"https:\/\/schema.org\",\"@graph\":[{\"@type\":\"WebPage\",\"@id\":\"https:\/\/teamdeck.io\/ebook\/\",\"url\":\"https:\/\/teamdeck.io\/ebook\/\",\"name\":\"E-book: Resource management best practices - Teamdeck\",\"isPartOf\":{\"@id\":\"https:\/\/teamdeck.io\/#website\"},\"primaryImageOfPage\":{\"@id\":\"https:\/\/teamdeck.io\/ebook\/#primaryimage\"},\"image\":{\"@id\":\"https:\/\/teamdeck.io\/ebook\/#primaryimage\"},\"thumbnailUrl\":\"https:\/\/teamdeck.io\/wp-content\/uploads\/2017\/09\/1.png\",\"datePublished\":\"2017-09-14T12:51:57+00:00\",\"dateModified\":\"2021-12-14T15:59:26+00:00\",\"description\":\"Download Teamdeck\u2019s free ebook about best practices of resource management and get tailored tips and real-life advice in friendly format.\",\"breadcrumb\":{\"@id\":\"https:\/\/teamdeck.io\/ebook\/#breadcrumb\"},\"inLanguage\":\"lv\",\"potentialAction\":[{\"@type\":\"ReadAction\",\"target\":[\"https:\/\/teamdeck.io\/ebook\/\"]}]},{\"@type\":\"ImageObject\",\"inLanguage\":\"lv\",\"@id\":\"https:\/\/teamdeck.io\/ebook\/#primaryimage\",\"url\":\"https:\/\/teamdeck.io\/wp-content\/uploads\/2017\/09\/1.png\",\"contentUrl\":\"https:\/\/teamdeck.io\/wp-content\/uploads\/2017\/09\/1.png\"},{\"@type\":\"BreadcrumbList\",\"@id\":\"https:\/\/teamdeck.io\/ebook\/#breadcrumb\",\"itemListElement\":[{\"@type\":\"ListItem\",\"position\":1,\"name\":\"Home\",\"item\":\"https:\/\/teamdeck.io\/\"},{\"@type\":\"ListItem\",\"position\":2,\"name\":\"Free ebook\"}]},{\"@type\":\"WebSite\",\"@id\":\"https:\/\/teamdeck.io\/#website\",\"url\":\"https:\/\/teamdeck.io\/\",\"name\":\"Teamdeck\",\"description\":\"resource scheduling + time tracking + leave management\",\"potentialAction\":[{\"@type\":\"SearchAction\",\"target\":{\"@type\":\"EntryPoint\",\"urlTemplate\":\"https:\/\/teamdeck.io\/?s={search_term_string}\"},\"query-input\":{\"@type\":\"PropertyValueSpecification\",\"valueRequired\":true,\"valueName\":\"search_term_string\"}}],\"inLanguage\":\"lv\"}]}<\/script>\n<!-- \/ Yoast SEO Premium plugin. -->","yoast_head_json":{"title":"E-book: Resource management best practices - Teamdeck","description":"Download Teamdeck\u2019s free ebook about best practices of resource management and get tailored tips and real-life advice in friendly format.","robots":{"index":"index","follow":"follow","max-snippet":"max-snippet:-1","max-image-preview":"max-image-preview:large","max-video-preview":"max-video-preview:-1"},"canonical":"https:\/\/teamdeck.io\/lv\/e-gramata\/","og_locale":"lv_LV","og_type":"article","og_title":"Teamdeck - complete resource management guide","og_description":"Download Teamdeck\u2019s free ebook about best practices of resource management and get tailored tips and real-life advice in friendly format.","og_url":"https:\/\/teamdeck.io\/lv\/e-gramata\/","og_site_name":"Teamdeck","article_publisher":"https:\/\/www.facebook.com\/helloteamdeck","article_modified_time":"2021-12-14T15:59:26+00:00","og_image":[{"url":"https:\/\/cdn.teamdeck.io\/uploads\/website\/2017\/09\/teamdeck-share.png","type":"","width":"","height":""}],"twitter_card":"summary_large_image","twitter_title":"Teamdeck - complete resource management guide","twitter_description":"Download Teamdeck\u2019s free ebook about best practices of resource management and get tailored tips and real-life advice in friendly format.","twitter_image":"https:\/\/cdn.teamdeck.io\/uploads\/website\/2017\/09\/teamdeck-share.png","twitter_site":"@helloteamdeck","twitter_misc":{"Est. reading time":"2 minutes"},"schema":{"@context":"https:\/\/schema.org","@graph":[{"@type":"WebPage","@id":"https:\/\/teamdeck.io\/ebook\/","url":"https:\/\/teamdeck.io\/ebook\/","name":"E-book: Resource management best practices - Teamdeck","isPartOf":{"@id":"https:\/\/teamdeck.io\/#website"},"primaryImageOfPage":{"@id":"https:\/\/teamdeck.io\/ebook\/#primaryimage"},"image":{"@id":"https:\/\/teamdeck.io\/ebook\/#primaryimage"},"thumbnailUrl":"https:\/\/teamdeck.io\/wp-content\/uploads\/2017\/09\/1.png","datePublished":"2017-09-14T12:51:57+00:00","dateModified":"2021-12-14T15:59:26+00:00","description":"Download Teamdeck\u2019s free ebook about best practices of resource management and get tailored tips and real-life advice in friendly format.","breadcrumb":{"@id":"https:\/\/teamdeck.io\/ebook\/#breadcrumb"},"inLanguage":"lv","potentialAction":[{"@type":"ReadAction","target":["https:\/\/teamdeck.io\/ebook\/"]}]},{"@type":"ImageObject","inLanguage":"lv","@id":"https:\/\/teamdeck.io\/ebook\/#primaryimage","url":"https:\/\/teamdeck.io\/wp-content\/uploads\/2017\/09\/1.png","contentUrl":"https:\/\/teamdeck.io\/wp-content\/uploads\/2017\/09\/1.png"},{"@type":"BreadcrumbList","@id":"https:\/\/teamdeck.io\/ebook\/#breadcrumb","itemListElement":[{"@type":"ListItem","position":1,"name":"Home","item":"https:\/\/teamdeck.io\/"},{"@type":"ListItem","position":2,"name":"Free ebook"}]},{"@type":"WebSite","@id":"https:\/\/teamdeck.io\/#website","url":"https:\/\/teamdeck.io\/","name":"Teamdeck","description":"resource scheduling + time tracking + leave management","potentialAction":[{"@type":"SearchAction","target":{"@type":"EntryPoint","urlTemplate":"https:\/\/teamdeck.io\/?s={search_term_string}"},"query-input":{"@type":"PropertyValueSpecification","valueRequired":true,"valueName":"search_term_string"}}],"inLanguage":"lv"}]}},"_links":{"self":[{"href":"https:\/\/teamdeck.io\/lv\/wp-json\/wp\/v2\/pages\/3091","targetHints":{"allow":["GET"]}}],"collection":[{"href":"https:\/\/teamdeck.io\/lv\/wp-json\/wp\/v2\/pages"}],"about":[{"href":"https:\/\/teamdeck.io\/lv\/wp-json\/wp\/v2\/types\/page"}],"author":[{"embeddable":true,"href":"https:\/\/teamdeck.io\/lv\/wp-json\/wp\/v2\/users\/17"}],"replies":[{"embeddable":true,"href":"https:\/\/teamdeck.io\/lv\/wp-json\/wp\/v2\/comments?post=3091"}],"version-history":[{"count":29,"href":"https:\/\/teamdeck.io\/lv\/wp-json\/wp\/v2\/pages\/3091\/revisions"}],"predecessor-version":[{"id":10071,"href":"https:\/\/teamdeck.io\/lv\/wp-json\/wp\/v2\/pages\/3091\/revisions\/10071"}],"wp:attachment":[{"href":"https:\/\/teamdeck.io\/lv\/wp-json\/wp\/v2\/media?parent=3091"}],"curies":[{"name":"wp","href":"https:\/\/api.w.org\/{rel}","templated":true}]}}