{"id":2853,"date":"2017-09-07T12:08:23","date_gmt":"2017-09-07T10:08:23","guid":{"rendered":"https:\/\/teamdeck.io\/?page_id=2853"},"modified":"2024-04-08T13:08:17","modified_gmt":"2024-04-08T11:08:17","slug":"privacy-policy","status":"publish","type":"page","link":"https:\/\/teamdeck.io\/lv\/privatuma-politika\/","title":{"rendered":"Konfidencialit\u0101tes politika"},"content":{"rendered":"<div class=\"vc_row wpb_row vc_row-fluid redl-row-section padding-default bgv-default bgh-default halign-default\"><div class=\"wpb_column vc_column_container text-left vc_col-sm-12 padding-default bgv-default bgh-default halign-default\"><div class=\"vc_column-inner\"><div class=\"wpb_wrapper\"><div class=\"vc_empty_space\"   style=\"height: 32px\" ><span class=\"vc_empty_space_inner\"><\/span><\/div>\n\n\t<div class=\"wpb_text_column wpb_content_element\" >\n\t\t<div class=\"wpb_wrapper\">\n\t\t\t<h1 class=\"ng-scope\" style=\"text-align: center;\">Konfidencialit\u0101tes politika<\/h1>\n<p class=\"ng-scope\" style=\"text-align: center;\"><small>P\u0113d\u0113jo reizi atjaunin\u0101ts: 30. janv\u0101ris 2024<\/small><\/p>\n\n\t\t<\/div>\n\t<\/div>\n<div class=\"vc_empty_space\"   style=\"height: 32px\" ><span class=\"vc_empty_space_inner\"><\/span><\/div>\n\n\t<div class=\"wpb_text_column wpb_content_element\" >\n\t\t<div class=\"wpb_wrapper\">\n\t\t\t<p class=\"ng-scope\">Teamdeck sp. z o.o. (\"m\u0113s\", \"m\u016bs\" vai \"m\u016bsu\") ar juridisko adresi: Nowowiejskiego 55, 61-734 Pozna\u0146a, Polija, NIP: 7831750055, REGON: 365865326, re\u0123istr\u0113ta Pozna\u0146as apgabalties\u0101 - Nowe Miasto I Wilda Pozna\u0146\u0101, Valsts tiesu re\u0123istra VIII Komerci\u0101laj\u0101 noda\u013c\u0101, re\u0123istr\u0113ta komercre\u0123istr\u0101 (KRS) ar Nr. 0000646426 vada t\u012bmek\u013ca vietni https:\/\/teamdeck.io (\"Pakalpojums\").<\/p>\n<p class=\"ng-scope\">\u0160aj\u0101 lap\u0101 j\u016bs tiekat inform\u0113ts par m\u016bsu politik\u0101m attiec\u012bb\u0101 uz Personas inform\u0101cijas v\u0101k\u0161anu, izmanto\u0161anu un izpau\u0161anu, kad izmantojat m\u016bsu Pakalpojumu.<\/p>\n<p class=\"ng-scope\">M\u0113s neizmantosim un nedal\u012bsimies ar j\u016bsu inform\u0101ciju ar citiem, iz\u0146emot gad\u012bjumus, kas aprakst\u012bti \u0161aj\u0101 konfidencialit\u0101tes politik\u0101.<\/p>\n<p class=\"ng-scope\">M\u0113s izmantojam j\u016bsu Personas inform\u0101ciju, lai nodro\u0161in\u0101tu un uzlabotu Pakalpojumu. Izmantojot Pakalpojumu, j\u016bs piekr\u012btat inform\u0101cijas v\u0101k\u0161anai un izmanto\u0161anai saska\u0146\u0101 ar \u0161o politiku. Ja vien \u0161aj\u0101 Priv\u0101tuma politik\u0101 nav defin\u0113ts cit\u0101di, \u0161aj\u0101 Priv\u0101tuma politik\u0101 lietotajiem terminiem ir t\u0101da pati noz\u012bme k\u0101 m\u016bsu Noteikumos un nosac\u012bjumos, kas ir pieejami vietn\u0113 https:\/\/teamdeck.io.<\/p>\n<p class=\"ng-scope\">Teamdeck sp. z o.o. ir uz\u0146\u0113mums, kas re\u0123istr\u0113ts Polij\u0101, un t\u0101d\u0113j\u0101di atbilst Polijas ties\u012bbu aktiem, jo \u012bpa\u0161i 1997. gada 29. augusta Likumam par personas datu aizsardz\u012bbu (Likumu V\u0113stnesis Nr. 133, 883. punkts, ar groz\u012bjumiem).<\/p>\n<p class=\"ng-scope\"><strong>\u00a71. Inform\u0101cijas v\u0101k\u0161ana un izmanto\u0161ana<\/strong><\/p>\n<p class=\"ng-scope\">Izmantojot m\u016bsu Pakalpojumu, m\u0113s varam l\u016bgt klientam sniegt mums noteiktu personiski identific\u0113jamu inform\u0101ciju, ko var izmantot, lai sazin\u0101tos ar klientu vai identific\u0113tu klientu. Personu identific\u0113jo\u0161\u0101 inform\u0101cija var ietvert, bet ne tikai, klienta e-pasta adresi, v\u0101rdu, uzv\u0101rdu, t\u0101lru\u0146a numuru, pasta adresi (\"personisk\u0101 inform\u0101cija\").<\/p>\n<p class=\"ng-scope\"><strong>\u00a72. \u017durn\u0101la dati<\/strong><\/p>\n<p class=\"ng-scope\">1. M\u0113s varam ar\u012b v\u0101kt inform\u0101ciju, ko klienta p\u0101rl\u016bkprogramma nos\u016bta, kad klients apmekl\u0113 m\u016bsu Pakalpojumu (\"\u017eurn\u0101la dati\"). \u0160ie \u017eurn\u0101la dati var ietvert t\u0101du inform\u0101ciju k\u0101 klienta datora interneta protokola (\"IP\") adrese, p\u0101rl\u016bkprogrammas tips, p\u0101rl\u016bkprogrammas versija, m\u016bsu Pakalpojuma lapas, kuras klients apmekl\u0113, klienta apmekl\u0113juma laiks un datums, \u0161aj\u0101s lap\u0101s pavad\u012btais laiks un cita statistika.<\/p>\n<p class=\"ng-scope\">2. Turkl\u0101t m\u0113s varam izmantot tre\u0161o pu\u0161u pakalpojumus, piem\u0113ram, Google Analytics, kas v\u0101c, uzrauga un analiz\u0113 \u0161\u0101da veida inform\u0101ciju, lai uzlabotu m\u016bsu Pakalpojuma funkcionalit\u0101ti. \u0160iem tre\u0161o pu\u0161u pakalpojumu sniedz\u0113jiem ir savas priv\u0101tuma politikas, kas nosaka, k\u0101 vi\u0146i izmanto \u0161\u0101du inform\u0101ciju.<\/p>\n<p><strong class=\"ng-scope\">\u00a73. S\u012bkfaili<\/strong><\/p>\n<p class=\"ng-scope\">1. S\u012bkfaili ir faili ar nelielu datu apjomu, kas var ietvert anon\u012bmu unik\u0101lu identifikatoru. S\u012bkdatnes tiek nos\u016bt\u012btas uz klienta p\u0101rl\u016bkprogrammu no t\u012bmek\u013ca vietnes un saglab\u0101tas klienta datora cietaj\u0101 disk\u0101.<\/p>\n<p class=\"ng-scope\">2. Inform\u0101cijas v\u0101k\u0161anai m\u0113s izmantojam s\u012bkfailus. Klients var uzdot p\u0101rl\u016bkprogrammai atteikt visas s\u012bkdatnes vai nor\u0101d\u012bt, kad tiek s\u016bt\u012btas s\u012bkdatnes. Tom\u0113r, ja klients nepie\u0146em s\u012bkfailus, klients, iesp\u0113jams, nevar\u0113s izmantot da\u017eas m\u016bsu Pakalpojuma da\u013cas.<\/p>\n<p class=\"ng-scope\"><strong>\u00a74. Uzved\u012bbas atk\u0101rtota tirgved\u012bba<\/strong><\/p>\n<p class=\"ng-scope\">1. Teamdeck sp. z o.o. izmanto rem\u0101rketinga pakalpojumus, lai reklam\u0113tu klientu tre\u0161o pu\u0161u t\u012bmek\u013ca vietn\u0113s p\u0113c tam, kad klients apmekl\u0113ja m\u016bsu Pakalpojumu. M\u0113s un m\u016bsu tre\u0161o pu\u0161u pieg\u0101d\u0101t\u0101ji izmantojam s\u012bkfailus, lai inform\u0113tu, optimiz\u0113tu un r\u0101d\u012btu rekl\u0101mas, pamatojoties uz klienta iepriek\u0161\u0113jiem apmekl\u0113jumiem m\u016bsu Pakalpojum\u0101.<\/p>\n<ul>\n<li><strong>Google<\/strong><\/li>\n<\/ul>\n<p style=\"padding-left: 30px;\">Google AdWords atk\u0101rtotas m\u0101rketinga pakalpojumu nodro\u0161ina Google Inc.<\/p>\n<p style=\"padding-left: 30px;\">Varat atteikties no pakalpojuma Google Analytics displeja rekl\u0101m\u0101m un piel\u0101got Google displeja t\u012bkla rekl\u0101mas, apmekl\u0113jot Google rekl\u0101mu iestat\u012bjumu lapu: http:\/\/www.google.com\/settings\/ads.<\/p>\n<p style=\"padding-left: 30px;\">Google ar\u012b iesaka t\u012bmek\u013ca p\u0101rl\u016bkprogramm\u0101 instal\u0113t Google Analytics atteik\u0161an\u0101s p\u0101rl\u016bkprogrammas papildin\u0101jumu https:\/\/tools.google.com\/dlpage\/gaoptout. Google Analytics Opt-out Browser Add-on nodro\u0161ina apmekl\u0113t\u0101jiem iesp\u0113ju nov\u0113rst to, ka Google Analytics v\u0101c un izmanto vi\u0146u datus.<\/p>\n<p style=\"padding-left: 30px;\">Lai ieg\u016btu vair\u0101k inform\u0101cijas par Google konfidencialit\u0101tes praksi, l\u016bdzu, apmekl\u0113jiet Google konfidencialit\u0101tes un noteikumu t\u012bmek\u013ca vietni: http:\/\/www.google.com\/intl\/en\/policies\/privacy\/.<\/p>\n<ul>\n<li><strong><strong>Facebook<\/strong><\/strong><\/li>\n<\/ul>\n<p style=\"padding-left: 30px;\"><strong><strong><br \/>\n<\/strong><\/strong><br \/>\nFacebook atk\u0101rtotas m\u0101rketinga pakalpojumu nodro\u0161ina uz\u0146\u0113mums Facebook Inc.<\/p>\n<p style=\"padding-left: 30px;\">Varat uzzin\u0101t vair\u0101k par Facebook uz interes\u0113m balst\u012btu rekl\u0101mu, apmekl\u0113jot \u0161o lapu: https:\/\/www.facebook.com\/help\/164968693837950.<\/p>\n<p style=\"padding-left: 30px;\">Lai atteiktos no Facebook uz interes\u0113m balst\u012bt\u0101m rekl\u0101m\u0101m, sekojiet \u0161iem Facebook nor\u0101d\u012bjumiem: https:\/\/www.facebook.com\/about\/ads\/#568137493302217.<\/p>\n<p style=\"padding-left: 30px;\">Facebook iev\u0113ro Digit\u0101l\u0101s rekl\u0101mas alianses (Digital Advertising Alliance) noteiktos pa\u0161regul\u0113jo\u0161os tie\u0161saistes uzved\u012bbas rekl\u0101mas principus. J\u016bs varat ar\u012b atteikties no Facebook un citiem iesaist\u012btajiem uz\u0146\u0113mumiem, izmantojot Digit\u0101l\u0101s rekl\u0101mas aliansi ASV http:\/\/www.aboutads.info\/choices\/, Kan\u0101das Digit\u0101l\u0101s rekl\u0101mas aliansi Kan\u0101d\u0101 http:\/\/youradchoices.ca\/ vai Eiropas Interakt\u012bvo digit\u0101lo rekl\u0101mu aliansi Eirop\u0101 http:\/\/www.youronlinechoices.eu\/, vai atteikties, izmantojot mobil\u0101s ier\u012bces iestat\u012bjumus.<\/p>\n<p style=\"padding-left: 30px;\">Lai ieg\u016btu vair\u0101k inform\u0101cijas par Facebook konfidencialit\u0101tes praksi, l\u016bdzu, apmekl\u0113jiet Facebook datu politiku: https:\/\/www.facebook.com\/privacy\/explanation.<\/p>\n<p class=\"ng-scope\"><strong>\u00a75. Pakalpojumu sniedz\u0113ji<\/strong><\/p>\n<p class=\"ng-scope\">1. M\u0113s varam izmantot tre\u0161o pu\u0161u uz\u0146\u0113mumus un priv\u0101tpersonas, lai atvieglotu m\u016bsu Pakalpojumu, sniegtu Pakalpojumu m\u016bsu v\u0101rd\u0101, veiktu ar Pakalpojumu saist\u012btus pakalpojumus vai pal\u012bdz\u0113tu mums analiz\u0113t, k\u0101 tiek izmantots m\u016bsu Pakalpojums.<\/p>\n<p class=\"ng-scope\">2. \u0160\u012bm tre\u0161aj\u0101m person\u0101m ir piek\u013cuve klientu Personas inform\u0101cijai tikai t\u0101d\u0113\u013c, lai veiktu \u0161os uzdevumus m\u016bsu v\u0101rd\u0101, un t\u0101m ir pien\u0101kums to neizpaust vai neizmantot citiem m\u0113r\u0137iem.<\/p>\n<p class=\"ng-scope\"><strong>\u00a76. Sazi\u0146a<\/strong><\/p>\n<p class=\"ng-scope\">M\u0113s varam izmantot klienta Personas inform\u0101ciju, lai sazin\u0101tos ar klientu, nos\u016btot vi\u0146am jaunumus, m\u0101rketinga vai rekl\u0101mas materi\u0101lus un citu inform\u0101ciju, kas var\u0113tu interes\u0113t klientu. Klients var atteikties no jebkuras vai visas \u0161\u012bs sazi\u0146as sa\u0146em\u0161anas no mums, sekojot atteik\u0161an\u0101s saitei vai nor\u0101d\u012bjumiem, kas sniegti jebkur\u0101 m\u016bsu nos\u016bt\u012btaj\u0101 e-past\u0101.<\/p>\n<p class=\"ng-scope\"><strong>\u00a77. Atbilst\u012bba likumiem<\/strong><\/p>\n<p class=\"ng-scope\">M\u0113s atkl\u0101sim klienta Personas inform\u0101ciju, ja to pieprasa likums vai tiesas pav\u0113ste, vai ja uzskat\u012bsim, ka \u0161\u0101da r\u012bc\u012bba ir nepiecie\u0161ama, lai izpild\u012btu likumu un ties\u012bbaizsardz\u012bbas iest\u0101\u017eu pamatotus piepras\u012bjumus vai lai aizsarg\u0101tu m\u016bsu Pakalpojuma dro\u0161\u012bbu vai integrit\u0101ti.<\/p>\n<p class=\"ng-scope\"><strong>\u00a78. Uz\u0146\u0113m\u0113jdarb\u012bbas dar\u012bjumi<\/strong><\/p>\n<p class=\"ng-scope\">Ja uz\u0146\u0113mums Teamdeck sp. z o.o. ir iesaist\u012bts apvieno\u0161an\u0101s, ieg\u0101des vai akt\u012bvu p\u0101rdo\u0161anas dar\u012bjum\u0101, klientu Personas inform\u0101cija var tikt nodota. M\u0113s sniegsim pazi\u0146ojumu, pirms klientu Personas inform\u0101cija tiks nodota un uz to attieksies cita Priv\u0101tuma politika.<\/p>\n<p class=\"ng-scope\"><strong>\u00a79. Dro\u0161\u012bba<\/strong><\/p>\n<p class=\"ng-scope\">Mums ir svar\u012bga klientu personisk\u0101s inform\u0101cijas dro\u0161\u012bba, ta\u010du j\u0101atceras, ka neviena p\u0101rraides metode internet\u0101 vai elektronisk\u0101s uzglab\u0101\u0161anas metode nav dro\u0161a. 100%. Lai gan m\u0113s cen\u0161amies izmantot komerci\u0101li pie\u0146emamus l\u012bdzek\u013cus, lai aizsarg\u0101tu klientu Personas inform\u0101ciju, m\u0113s nevaram garant\u0113t t\u0101s piln\u012bgu dro\u0161\u012bbu.<\/p>\n<p class=\"ng-scope\"><strong>\u00a710.Starptautiskais transf\u0113rs<\/strong><\/p>\n<p class=\"ng-scope\">1. Klienta inform\u0101cija, tostarp personisk\u0101 inform\u0101cija, var tikt p\u0101rs\u016bt\u012bta uz datoriem, kas atrodas \u0101rpus j\u016bsu valsts, provinces, valsts vai citas valsts jurisdikcijas, kur datu aizsardz\u012bbas likumi var at\u0161\u0137irties no j\u016bsu jurisdikcijas likumiem.<\/p>\n<p class=\"ng-scope\">2. Ja klients atrodas \u0101rpus Polijas un izv\u0113las sniegt mums inform\u0101ciju, l\u016bdzu, \u0146emiet v\u0113r\u0101, ka m\u0113s p\u0101rs\u016bt\u0101m inform\u0101ciju, tostarp personisko inform\u0101ciju, uz Poliju un apstr\u0101d\u0101jam to tur.<\/p>\n<p class=\"ng-scope\">3. Klienta piekri\u0161ana \u0161ai konfidencialit\u0101tes politikai, kam seko \u0161\u0101das inform\u0101cijas iesnieg\u0161ana, ir klienta piekri\u0161ana \u0161\u0101dai p\u0101rs\u016bt\u012b\u0161anai un klienta piekri\u0161ana.<\/p>\n<p class=\"ng-scope\"><strong>\u00a711. Saites uz cit\u0101m vietn\u0113m<\/strong><\/p>\n<p class=\"ng-scope\">1. M\u016bsu Pakalpojums var satur\u0113t saites uz cit\u0101m vietn\u0113m, kuras m\u0113s neapsaimniekojam. Ja klients noklik\u0161\u0137ina uz tre\u0161\u0101s puses saites, klients tiks novirz\u012bts uz \u0161\u012bs tre\u0161\u0101s puses vietni. M\u0113s stingri iesak\u0101m klientam iepaz\u012bties ar katras vietnes, kuru klients apmekl\u0113, konfidencialit\u0101tes politiku.<\/p>\n<p class=\"ng-scope\">2. M\u0113s nekontrol\u0113jam un neuz\u0146emamies nek\u0101du atbild\u012bbu par tre\u0161o personu viet\u0146u vai pakalpojumu saturu, konfidencialit\u0101tes politiku vai praksi.<\/p>\n<p class=\"ng-scope\"><strong>\u00a712. B\u0113rnu priv\u0101tums<\/strong><\/p>\n<p class=\"ng-scope\">1. M\u016bsu Pakalpojums nav paredz\u0113ts person\u0101m, kas jaun\u0101kas par 13 gadiem (\"b\u0113rni\").<\/p>\n<p class=\"ng-scope\">2. M\u0113s apzin\u0101ti nev\u0101cam personiski identific\u0113jamu inform\u0101ciju no b\u0113rniem, kas jaun\u0101ki par 13 gadiem. Ja esat vec\u0101ks vai aizbildnis un jums ir zin\u0101ms, ka j\u016bsu b\u0113rns ir sniedzis mums personisko inform\u0101ciju, l\u016bdzu, sazinieties ar mums. Ja m\u0113s uzzin\u0101m, ka esam v\u0101ku\u0161i Personas inform\u0101ciju no b\u0113rniem, kas jaun\u0101ki par 13 gadiem, bez vec\u0101ku piekri\u0161anas p\u0101rbaudes, m\u0113s veicam pas\u0101kumus, lai \u0161o inform\u0101ciju no saviem serveriem iz\u0146emtu.<\/p>\n<p class=\"ng-scope\"><strong>\u00a713. Izmai\u0146as \u0161aj\u0101 konfidencialit\u0101tes politik\u0101<\/strong><\/p>\n<p class=\"ng-scope\">1. M\u0113s laiku pa laikam varam atjaunin\u0101t savu konfidencialit\u0101tes politiku. M\u0113s inform\u0113sim klientu par vis\u0101m izmai\u0146\u0101m, ievietojot jauno konfidencialit\u0101tes politiku \u0161aj\u0101 lap\u0101.<\/p>\n<p class=\"ng-scope\">2. Klientam ieteicams periodiski p\u0101rskat\u012bt \u0161o konfidencialit\u0101tes politiku, lai uzzin\u0101tu par jebk\u0101d\u0101m izmai\u0146\u0101m. Izmai\u0146as \u0161aj\u0101 konfidencialit\u0101tes politik\u0101 st\u0101jas sp\u0113k\u0101, kad t\u0101s tiek public\u0113tas \u0161aj\u0101 lap\u0101.<\/p>\n\n\t\t<\/div>\n\t<\/div>\n<div class=\"vc_empty_space\"   style=\"height: 32px\" ><span class=\"vc_empty_space_inner\"><\/span><\/div>\n<\/div><\/div><\/div><\/div>","protected":false},"excerpt":{"rendered":"Konfidencialit\u0101tes politika P\u0113d\u0113jo reizi atjaunin\u0101ta: z o.o. (\"m\u0113s\", \"m\u016bs\" vai \"m\u016bsu\"), kuras juridisk\u0101 adrese ir: Nowowiejskiego 55, 61-734 Pozna\u0146a, Polija, NIP: 7831750055, REGON: 365865326, re\u0123istr\u0113ta Pozna\u0146as apgabalties\u0101 - Nowe...","protected":false},"author":17,"featured_media":0,"parent":0,"menu_order":0,"comment_status":"closed","ping_status":"closed","template":"","meta":{"footnotes":""},"class_list":["post-2853","page","type-page","status-publish","hentry"],"yoast_head":"<!-- This site is optimized with the Yoast SEO Premium plugin v23.8 (Yoast SEO v24.3) - https:\/\/yoast.com\/wordpress\/plugins\/seo\/ -->\n<title>Teamdeck - Privacy Policy<\/title>\n<meta name=\"description\" content=\"Teamdeck cares about your privacy and security of its service. Please, read the following privacy policy carefully.\" \/>\n<meta name=\"robots\" content=\"index, follow, max-snippet:-1, max-image-preview:large, max-video-preview:-1\" \/>\n<link rel=\"canonical\" href=\"https:\/\/teamdeck.io\/lv\/privatuma-politika\/\" \/>\n<meta property=\"og:locale\" content=\"lv_LV\" \/>\n<meta property=\"og:type\" content=\"article\" \/>\n<meta property=\"og:title\" content=\"Teamdeck - Privacy Policy\" \/>\n<meta property=\"og:description\" content=\"Teamdeck cares about your privacy and security of its service. Please, read the following privacy policy carefully.\" \/>\n<meta property=\"og:url\" content=\"https:\/\/teamdeck.io\/lv\/privatuma-politika\/\" \/>\n<meta property=\"og:site_name\" content=\"Teamdeck\" \/>\n<meta property=\"article:publisher\" content=\"https:\/\/www.facebook.com\/helloteamdeck\" \/>\n<meta property=\"article:modified_time\" content=\"2024-04-08T11:08:17+00:00\" \/>\n<meta property=\"og:image\" content=\"https:\/\/cdn.teamdeck.io\/uploads\/website\/2017\/09\/teamdeck-share.png\" \/>\n<meta name=\"twitter:card\" content=\"summary_large_image\" \/>\n<meta name=\"twitter:title\" content=\"Teamdeck - Privacy Policy\" \/>\n<meta name=\"twitter:description\" content=\"Teamdeck cares about your privacy and security of its service. Please, read the following privacy policy carefully.\" \/>\n<meta name=\"twitter:image\" content=\"https:\/\/cdn.teamdeck.io\/uploads\/website\/2017\/09\/teamdeck-share.png\" \/>\n<meta name=\"twitter:site\" content=\"@helloteamdeck\" \/>\n<meta name=\"twitter:label1\" content=\"Est. reading time\" \/>\n\t<meta name=\"twitter:data1\" content=\"6 minutes\" \/>\n<script type=\"application\/ld+json\" class=\"yoast-schema-graph\">{\"@context\":\"https:\/\/schema.org\",\"@graph\":[{\"@type\":\"WebPage\",\"@id\":\"https:\/\/teamdeck.io\/privacy-policy\/\",\"url\":\"https:\/\/teamdeck.io\/privacy-policy\/\",\"name\":\"Teamdeck - Privacy Policy\",\"isPartOf\":{\"@id\":\"https:\/\/teamdeck.io\/#website\"},\"datePublished\":\"2017-09-07T10:08:23+00:00\",\"dateModified\":\"2024-04-08T11:08:17+00:00\",\"description\":\"Teamdeck cares about your privacy and security of its service. Please, read the following privacy policy carefully.\",\"breadcrumb\":{\"@id\":\"https:\/\/teamdeck.io\/privacy-policy\/#breadcrumb\"},\"inLanguage\":\"lv\",\"potentialAction\":[{\"@type\":\"ReadAction\",\"target\":[\"https:\/\/teamdeck.io\/privacy-policy\/\"]}]},{\"@type\":\"BreadcrumbList\",\"@id\":\"https:\/\/teamdeck.io\/privacy-policy\/#breadcrumb\",\"itemListElement\":[{\"@type\":\"ListItem\",\"position\":1,\"name\":\"Home\",\"item\":\"https:\/\/teamdeck.io\/\"},{\"@type\":\"ListItem\",\"position\":2,\"name\":\"Privacy Policy\"}]},{\"@type\":\"WebSite\",\"@id\":\"https:\/\/teamdeck.io\/#website\",\"url\":\"https:\/\/teamdeck.io\/\",\"name\":\"Teamdeck\",\"description\":\"resource scheduling + time tracking + leave management\",\"potentialAction\":[{\"@type\":\"SearchAction\",\"target\":{\"@type\":\"EntryPoint\",\"urlTemplate\":\"https:\/\/teamdeck.io\/?s={search_term_string}\"},\"query-input\":{\"@type\":\"PropertyValueSpecification\",\"valueRequired\":true,\"valueName\":\"search_term_string\"}}],\"inLanguage\":\"lv\"}]}<\/script>\n<!-- \/ Yoast SEO Premium plugin. -->","yoast_head_json":{"title":"Teamdeck - Privacy Policy","description":"Teamdeck cares about your privacy and security of its service. Please, read the following privacy policy carefully.","robots":{"index":"index","follow":"follow","max-snippet":"max-snippet:-1","max-image-preview":"max-image-preview:large","max-video-preview":"max-video-preview:-1"},"canonical":"https:\/\/teamdeck.io\/lv\/privatuma-politika\/","og_locale":"lv_LV","og_type":"article","og_title":"Teamdeck - Privacy Policy","og_description":"Teamdeck cares about your privacy and security of its service. Please, read the following privacy policy carefully.","og_url":"https:\/\/teamdeck.io\/lv\/privatuma-politika\/","og_site_name":"Teamdeck","article_publisher":"https:\/\/www.facebook.com\/helloteamdeck","article_modified_time":"2024-04-08T11:08:17+00:00","og_image":[{"url":"https:\/\/cdn.teamdeck.io\/uploads\/website\/2017\/09\/teamdeck-share.png","type":"","width":"","height":""}],"twitter_card":"summary_large_image","twitter_title":"Teamdeck - Privacy Policy","twitter_description":"Teamdeck cares about your privacy and security of its service. Please, read the following privacy policy carefully.","twitter_image":"https:\/\/cdn.teamdeck.io\/uploads\/website\/2017\/09\/teamdeck-share.png","twitter_site":"@helloteamdeck","twitter_misc":{"Est. reading time":"6 minutes"},"schema":{"@context":"https:\/\/schema.org","@graph":[{"@type":"WebPage","@id":"https:\/\/teamdeck.io\/privacy-policy\/","url":"https:\/\/teamdeck.io\/privacy-policy\/","name":"Teamdeck - Privacy Policy","isPartOf":{"@id":"https:\/\/teamdeck.io\/#website"},"datePublished":"2017-09-07T10:08:23+00:00","dateModified":"2024-04-08T11:08:17+00:00","description":"Teamdeck cares about your privacy and security of its service. Please, read the following privacy policy carefully.","breadcrumb":{"@id":"https:\/\/teamdeck.io\/privacy-policy\/#breadcrumb"},"inLanguage":"lv","potentialAction":[{"@type":"ReadAction","target":["https:\/\/teamdeck.io\/privacy-policy\/"]}]},{"@type":"BreadcrumbList","@id":"https:\/\/teamdeck.io\/privacy-policy\/#breadcrumb","itemListElement":[{"@type":"ListItem","position":1,"name":"Home","item":"https:\/\/teamdeck.io\/"},{"@type":"ListItem","position":2,"name":"Privacy Policy"}]},{"@type":"WebSite","@id":"https:\/\/teamdeck.io\/#website","url":"https:\/\/teamdeck.io\/","name":"Teamdeck","description":"resource scheduling + time tracking + leave management","potentialAction":[{"@type":"SearchAction","target":{"@type":"EntryPoint","urlTemplate":"https:\/\/teamdeck.io\/?s={search_term_string}"},"query-input":{"@type":"PropertyValueSpecification","valueRequired":true,"valueName":"search_term_string"}}],"inLanguage":"lv"}]}},"_links":{"self":[{"href":"https:\/\/teamdeck.io\/lv\/wp-json\/wp\/v2\/pages\/2853","targetHints":{"allow":["GET"]}}],"collection":[{"href":"https:\/\/teamdeck.io\/lv\/wp-json\/wp\/v2\/pages"}],"about":[{"href":"https:\/\/teamdeck.io\/lv\/wp-json\/wp\/v2\/types\/page"}],"author":[{"embeddable":true,"href":"https:\/\/teamdeck.io\/lv\/wp-json\/wp\/v2\/users\/17"}],"replies":[{"embeddable":true,"href":"https:\/\/teamdeck.io\/lv\/wp-json\/wp\/v2\/comments?post=2853"}],"version-history":[{"count":15,"href":"https:\/\/teamdeck.io\/lv\/wp-json\/wp\/v2\/pages\/2853\/revisions"}],"predecessor-version":[{"id":12719,"href":"https:\/\/teamdeck.io\/lv\/wp-json\/wp\/v2\/pages\/2853\/revisions\/12719"}],"wp:attachment":[{"href":"https:\/\/teamdeck.io\/lv\/wp-json\/wp\/v2\/media?parent=2853"}],"curies":[{"name":"wp","href":"https:\/\/api.w.org\/{rel}","templated":true}]}}