{"id":12549,"date":"2023-12-06T10:47:54","date_gmt":"2023-12-06T08:47:54","guid":{"rendered":"https:\/\/teamdeck.io\/?page_id=12549"},"modified":"2023-12-06T16:09:05","modified_gmt":"2023-12-06T14:09:05","slug":"account-removal","status":"publish","type":"page","link":"https:\/\/teamdeck.io\/lv\/konta-dzesana\/","title":{"rendered":"Konta dz\u0113\u0161ana"},"content":{"rendered":"<p>\u00a0<\/p>\n<p>\u00a0<\/p>\n<p>\u00a0<\/p>\n<p>M\u0113s saprotam, ka main\u0101s apst\u0101k\u013ci un ar\u012b v\u0113lmes. Ja esat nol\u0113mis, ka ir pien\u0101cis laiks \u0161\u0137irties no m\u016bsu sadarb\u012bbas, m\u0113s esam gatavi pal\u012bdz\u0113t jums veikt konta no\u0146em\u0161anas procesu. Lai s\u0101ktu konta no\u0146em\u0161anas piepras\u012bjumu, izpildiet t\u0101l\u0101k nor\u0101d\u012bt\u0101s vienk\u0101r\u0161\u0101s darb\u012bbas:<\/p>\n<p>\u00a0<\/p>\n<h2>1. solis: Sast\u0101diet e-pasta v\u0113stuli<\/h2>\n<p>Atveriet v\u0113lamo e-pasta klientu un izveidojiet jaunu zi\u0146ojumu. Adres\u0113jiet to contact@teamdeck.io. Ierakstiet temata rindkopu: \"Konta no\u0146em\u0161anas piepras\u012bjums - [J\u016bsu lietot\u0101jv\u0101rds]\".<\/p>\n<p>\u00a0<\/p>\n<h2>2. solis: iek\u013caujiet nepiecie\u0161amo inform\u0101ciju<\/h2>\n<p>E-pasta galvenaj\u0101 da\u013c\u0101 nor\u0101diet \u0161\u0101du inform\u0101ciju, lai nodro\u0161in\u0101tu netrauc\u0113tu procesu:<\/p>\n<p>J\u016bsu re\u0123istr\u0113tais pilns v\u0101rds un uzv\u0101rds<br \/>Re\u0123istr\u0113t\u0101 e-pasta adrese<br \/>Konta no\u0146em\u0161anas iemesls (nav oblig\u0101ts, bet ir v\u0113rt\u0113jams m\u016bsu nep\u0101rtrauktas uzlabo\u0161anas nol\u016bk\u0101)<\/p>\n<p>\u00a0<\/p>\n<h2>3. solis: p\u0101rbaudiet savu identit\u0101ti<\/h2>\n<p>Lai nodro\u0161in\u0101tu sava konta dro\u0161\u012bbu, pievienojiet sken\u0113tu vald\u012bbas izdotas personas apliec\u012bbas vai cita personu apliecino\u0161a dokumenta kopiju, kas apliecina j\u016bsu identit\u0101ti. \u0160is solis ir \u013coti svar\u012bgs, lai aizsarg\u0101tu j\u016bsu kontu no neat\u013cautas iz\u0146em\u0161anas.<\/p>\n<p>\u00a0<\/p>\n<h2>4. solis: Nos\u016btiet un gaidiet apstiprin\u0101jumu<\/h2>\n<p>Kad esat apkopojis vajadz\u012bgo inform\u0101ciju, nospiediet \"S\u016bt\u012bt\". M\u016bsu atbalsta komanda nekav\u0113joties izskat\u012bs j\u016bsu piepras\u012bjumu. [Nor\u0101diet termi\u0146u] laik\u0101 sa\u0146emsiet apstiprin\u0101juma e-pasta v\u0113stuli, lai apstiprin\u0101tu konta no\u0146em\u0161anas procesa uzs\u0101k\u0161anu.<\/p>\n<p>\u00a0<\/p>\n<h2>5. solis: Apstipriniet no\u0146em\u0161anu<\/h2>\n<p>P\u0113c apstiprin\u0101juma e-pasta sa\u0146em\u0161anas izpildiet visus papildu nor\u0101d\u012bjumus, lai pabeigtu konta no\u0146em\u0161anu. \u0160is solis ir paredz\u0113ts, lai v\u0113lreiz p\u0101rbaud\u012btu savu l\u0113mumu un p\u0101rliecin\u0101tos, ka process atbilst j\u016bsu nodomiem.<\/p>\n<p>\u00a0<\/p>\n<p>\u00a0<\/p>\n<p>\u00a0<\/p>","protected":false},"excerpt":{"rendered":"\u00a0 \u00a0 \u00a0 M\u0113s saprotam, ka main\u0101s apst\u0101k\u013ci un ar\u012b v\u0113lmes. Ja esat nol\u0113mis, ka ir pien\u0101cis laiks \u0161\u0137irties no m\u016bsu sadarb\u012bbas, m\u0113s esam gatavi pal\u012bdz\u0113t jums veikt konta no\u0146em\u0161anas procesu. Veiciet t\u0101l\u0101k nor\u0101d\u012bt\u0101s vienk\u0101r\u0161\u0101s darb\u012bbas...","protected":false},"author":17,"featured_media":0,"parent":0,"menu_order":0,"comment_status":"closed","ping_status":"closed","template":"","meta":{"footnotes":""},"class_list":["post-12549","page","type-page","status-publish","hentry"],"yoast_head":"<!-- This site is optimized with the Yoast SEO Premium plugin v23.8 (Yoast SEO v24.3) - https:\/\/yoast.com\/wordpress\/plugins\/seo\/ -->\n<title>Account Removal - Teamdeck<\/title>\n<meta name=\"robots\" content=\"index, follow, max-snippet:-1, max-image-preview:large, max-video-preview:-1\" \/>\n<link rel=\"canonical\" href=\"https:\/\/teamdeck.io\/lv\/konta-dzesana\/\" \/>\n<meta property=\"og:locale\" content=\"lv_LV\" \/>\n<meta property=\"og:type\" content=\"article\" \/>\n<meta property=\"og:title\" content=\"Account Removal\" \/>\n<meta property=\"og:description\" content=\"\u00a0 \u00a0 \u00a0 We understand that circumstances change, and so do preferences. If you&#8217;ve decided it&#8217;s time to part ways with us, we&#8217;re here to assist you through the account removal process. Follow the simple steps below...\" \/>\n<meta property=\"og:url\" content=\"https:\/\/teamdeck.io\/lv\/konta-dzesana\/\" \/>\n<meta property=\"og:site_name\" content=\"Teamdeck\" \/>\n<meta property=\"article:publisher\" content=\"https:\/\/www.facebook.com\/helloteamdeck\" \/>\n<meta property=\"article:modified_time\" content=\"2023-12-06T14:09:05+00:00\" \/>\n<meta name=\"twitter:card\" content=\"summary_large_image\" \/>\n<meta name=\"twitter:site\" content=\"@helloteamdeck\" \/>\n<meta name=\"twitter:label1\" content=\"Est. reading time\" \/>\n\t<meta name=\"twitter:data1\" content=\"1 minute\" \/>\n<script type=\"application\/ld+json\" class=\"yoast-schema-graph\">{\"@context\":\"https:\/\/schema.org\",\"@graph\":[{\"@type\":\"WebPage\",\"@id\":\"https:\/\/teamdeck.io\/account-removal\/\",\"url\":\"https:\/\/teamdeck.io\/account-removal\/\",\"name\":\"Account Removal - Teamdeck\",\"isPartOf\":{\"@id\":\"https:\/\/teamdeck.io\/#website\"},\"datePublished\":\"2023-12-06T08:47:54+00:00\",\"dateModified\":\"2023-12-06T14:09:05+00:00\",\"breadcrumb\":{\"@id\":\"https:\/\/teamdeck.io\/account-removal\/#breadcrumb\"},\"inLanguage\":\"lv\",\"potentialAction\":[{\"@type\":\"ReadAction\",\"target\":[\"https:\/\/teamdeck.io\/account-removal\/\"]}]},{\"@type\":\"BreadcrumbList\",\"@id\":\"https:\/\/teamdeck.io\/account-removal\/#breadcrumb\",\"itemListElement\":[{\"@type\":\"ListItem\",\"position\":1,\"name\":\"Home\",\"item\":\"https:\/\/teamdeck.io\/\"},{\"@type\":\"ListItem\",\"position\":2,\"name\":\"Account Removal\"}]},{\"@type\":\"WebSite\",\"@id\":\"https:\/\/teamdeck.io\/#website\",\"url\":\"https:\/\/teamdeck.io\/\",\"name\":\"Teamdeck\",\"description\":\"resource scheduling + time tracking + leave management\",\"potentialAction\":[{\"@type\":\"SearchAction\",\"target\":{\"@type\":\"EntryPoint\",\"urlTemplate\":\"https:\/\/teamdeck.io\/?s={search_term_string}\"},\"query-input\":{\"@type\":\"PropertyValueSpecification\",\"valueRequired\":true,\"valueName\":\"search_term_string\"}}],\"inLanguage\":\"lv\"}]}<\/script>\n<!-- \/ Yoast SEO Premium plugin. -->","yoast_head_json":{"title":"Account Removal - Teamdeck","robots":{"index":"index","follow":"follow","max-snippet":"max-snippet:-1","max-image-preview":"max-image-preview:large","max-video-preview":"max-video-preview:-1"},"canonical":"https:\/\/teamdeck.io\/lv\/konta-dzesana\/","og_locale":"lv_LV","og_type":"article","og_title":"Account Removal","og_description":"\u00a0 \u00a0 \u00a0 We understand that circumstances change, and so do preferences. If you&#8217;ve decided it&#8217;s time to part ways with us, we&#8217;re here to assist you through the account removal process. Follow the simple steps below...","og_url":"https:\/\/teamdeck.io\/lv\/konta-dzesana\/","og_site_name":"Teamdeck","article_publisher":"https:\/\/www.facebook.com\/helloteamdeck","article_modified_time":"2023-12-06T14:09:05+00:00","twitter_card":"summary_large_image","twitter_site":"@helloteamdeck","twitter_misc":{"Est. reading time":"1 minute"},"schema":{"@context":"https:\/\/schema.org","@graph":[{"@type":"WebPage","@id":"https:\/\/teamdeck.io\/account-removal\/","url":"https:\/\/teamdeck.io\/account-removal\/","name":"Account Removal - Teamdeck","isPartOf":{"@id":"https:\/\/teamdeck.io\/#website"},"datePublished":"2023-12-06T08:47:54+00:00","dateModified":"2023-12-06T14:09:05+00:00","breadcrumb":{"@id":"https:\/\/teamdeck.io\/account-removal\/#breadcrumb"},"inLanguage":"lv","potentialAction":[{"@type":"ReadAction","target":["https:\/\/teamdeck.io\/account-removal\/"]}]},{"@type":"BreadcrumbList","@id":"https:\/\/teamdeck.io\/account-removal\/#breadcrumb","itemListElement":[{"@type":"ListItem","position":1,"name":"Home","item":"https:\/\/teamdeck.io\/"},{"@type":"ListItem","position":2,"name":"Account Removal"}]},{"@type":"WebSite","@id":"https:\/\/teamdeck.io\/#website","url":"https:\/\/teamdeck.io\/","name":"Teamdeck","description":"resource scheduling + time tracking + leave management","potentialAction":[{"@type":"SearchAction","target":{"@type":"EntryPoint","urlTemplate":"https:\/\/teamdeck.io\/?s={search_term_string}"},"query-input":{"@type":"PropertyValueSpecification","valueRequired":true,"valueName":"search_term_string"}}],"inLanguage":"lv"}]}},"_links":{"self":[{"href":"https:\/\/teamdeck.io\/lv\/wp-json\/wp\/v2\/pages\/12549","targetHints":{"allow":["GET"]}}],"collection":[{"href":"https:\/\/teamdeck.io\/lv\/wp-json\/wp\/v2\/pages"}],"about":[{"href":"https:\/\/teamdeck.io\/lv\/wp-json\/wp\/v2\/types\/page"}],"author":[{"embeddable":true,"href":"https:\/\/teamdeck.io\/lv\/wp-json\/wp\/v2\/users\/17"}],"replies":[{"embeddable":true,"href":"https:\/\/teamdeck.io\/lv\/wp-json\/wp\/v2\/comments?post=12549"}],"version-history":[{"count":4,"href":"https:\/\/teamdeck.io\/lv\/wp-json\/wp\/v2\/pages\/12549\/revisions"}],"predecessor-version":[{"id":12553,"href":"https:\/\/teamdeck.io\/lv\/wp-json\/wp\/v2\/pages\/12549\/revisions\/12553"}],"wp:attachment":[{"href":"https:\/\/teamdeck.io\/lv\/wp-json\/wp\/v2\/media?parent=12549"}],"curies":[{"name":"wp","href":"https:\/\/api.w.org\/{rel}","templated":true}]}}