{"id":7198,"date":"2021-08-24T21:41:30","date_gmt":"2021-08-24T19:41:30","guid":{"rendered":"https:\/\/teamdeck.io\/?page_id=7198"},"modified":"2024-02-08T11:04:18","modified_gmt":"2024-02-08T09:04:18","slug":"teamdeck-vs-float","status":"publish","type":"page","link":"https:\/\/teamdeck.io\/lt\/teamdeck-vs-float\/","title":{"rendered":"\"Teamdeck\" ir \"Float"},"content":{"rendered":"<div class=\"vc_row wpb_row vc_row-fluid redl-row-section padding-default bgv-default bgh-default halign-default\"><div class=\"wpb_column vc_column_container text-left vc_col-sm-12 padding-default bgv-default bgh-default halign-default\"><div class=\"vc_column-inner\"><div class=\"wpb_wrapper\">\n\t<div class=\"wpb_text_column wpb_content_element\" >\n\t\t<div class=\"wpb_wrapper\">\n\t\t\t\n\t\t<\/div>\n\t<\/div>\n<\/div><\/div><\/div><\/div><div data-vc-full-width=\"true\" data-vc-full-width-init=\"false\" class=\"vc_row wpb_row vc_row-fluid redl-row-section vc_custom_1547727116563 vc_row-has-fill vc_row-o-content-middle vc_row-flex padding-default bgv-default bgh-default halign-center\"><div class=\"wpb_column vc_column_container text-left vc_col-sm-4 padding-default bgv-default bgh-default halign-center\"><div class=\"vc_column-inner\"><div class=\"wpb_wrapper\">\n\t<div class=\"wpb_text_column wpb_content_element\" >\n\t\t<div class=\"wpb_wrapper\">\n\t\t\t<h1>\"Teamdeck\" ir \"Float<br \/><span class=\"h2\"><br \/><\/span><\/h1>\n<p style=\"text-align: justify;\">Su\u017einokite, kaip \"Teamdeck\" suteikia daugiau galimybi\u0173 kontroliuoti vis\u0105 i\u0161tekli\u0173 valdymo proces\u0105 - nuo komandos ir i\u0161tekli\u0173 planavimo, darbo laiko steb\u0117jimo iki atostog\u0173 valdymo. <strong>Toliau pateikiamas abiej\u0173 i\u0161tekli\u0173 planavimo program\u0173 palyginimas. <\/strong><\/p>\n\n\t\t<\/div>\n\t<\/div>\n\n\t<div class=\"wpb_text_column wpb_content_element\" >\n\t\t<div class=\"wpb_wrapper\">\n\t\t\t<p>\u00a0<\/p>\n\n\t\t<\/div>\n\t<\/div>\n<\/div><\/div><\/div><div class=\"wpb_column vc_column_container text-center vc_col-sm-8 vc_col-has-fill padding-default bgv-default bgh-default halign-center\"><div class=\"vc_column-inner vc_custom_1583827482870\"><div class=\"wpb_wrapper\">\n\t<div class=\"wpb_text_column wpb_content_element  vc_custom_1638199917193 video-nocontrols\" >\n\t\t<div class=\"wpb_wrapper\">\n\t\t\t<p><img loading=\"lazy\" decoding=\"async\" class=\"alignnone wp-image-7278 size-full\" src=\"https:\/\/cdn.teamdeck.io\/uploads\/website\/2021\/08\/17161910\/teamdeck-vs-float-2-1.jpg\" alt=\"&quot;Teamdeck&quot; i\u0161tekli\u0173 valdymo programin\u0117 \u012franga priklauso nedidelei &quot;Float&quot; alternatyv\u0173 \u0161eimai, kuri\u0105 renkasi daugelis projekt\u0173 vadov\u0173.\" width=\"1596\" height=\"1148\" \/><\/p>\n\n\t\t<\/div>\n\t<\/div>\n<\/div><\/div><\/div><\/div><div class=\"vc_row-full-width vc_clearfix\"><\/div><div class=\"vc_row wpb_row vc_row-fluid redl-row-section padding-default bgv-default bgh-default halign-default\"><div class=\"wpb_column vc_column_container text-left vc_col-sm-12 padding-default bgv-default bgh-default halign-default\"><div class=\"vc_column-inner\"><div class=\"wpb_wrapper\">\n\t<div class=\"wpb_text_column wpb_content_element\" >\n\t\t<div class=\"wpb_wrapper\">\n\t\t\t<h2>Ie\u0161kote Float alternatyv\u0173?<\/h2>\n<p style=\"text-align: justify;\">M\u016bs\u0173 klientai pakeit\u0117 \"Float\", \"Resource Guru\", \"Harvest\" ir \"Kantata\" \u012f \"Teamdeck\".<\/p>\n<p style=\"text-align: justify;\">\"Float\" ir \"Teamdeck\" daugiausia d\u0117mesio skiria paj\u0117gum\u0173 planavimui, u\u017eduo\u010di\u0173 valdymui, komandiniam bendradarbiavimui ir i\u0161tekli\u0173 optimizavimui. B\u016btent d\u0117l d\u0117mesio i\u0161tekli\u0173 valdymui komandos renkasi \u0161iuos \u012frankius, o ne programas su bendresniu po\u017ei\u016briu \u012f vidaus proces\u0173 valdym\u0105.<\/p>\n<p>\"Teamdeck\" ir \"Float\" skiriasi funkcij\u0173 apimtimi ir kainodara. Abu \u012frankiai si\u016blo prenumerat\u0105 pagal SaaS model\u012f. I\u0161samesn\u0119 informacij\u0105 \u017er. toliau.<\/p>\n\n\t\t<\/div>\n\t<\/div>\n<\/div><\/div><\/div><\/div><div class=\"vc_row wpb_row vc_row-fluid redl-row-section padding-small bgv-default bgh-default halign-default\"><div class=\"wpb_column vc_column_container text-left vc_col-sm-12 padding-small bgv-default bgh-default halign-default\"><div class=\"vc_column-inner\"><div class=\"wpb_wrapper\">\n\t<div class=\"wpb_text_column wpb_content_element\" >\n\t\t<div class=\"wpb_wrapper\">\n\t\t\t<div class=\"ft-table\">\n<div class=\"rsfp\">\n<div class=\"abs\">$7,5 asmeniui<br \/>per m\u0117nes\u012f<\/div>\n<\/div>\n<div class=\"tdp\">\n<div class=\"abs\">$3,99 asmeniui<br \/>per m\u0117nes\u012f<\/div>\n<\/div>\n<div class=\"rsttf\">\n<div class=\"abs\">$10 vienam asmeniui<br \/>per m\u0117nes\u012f<\/div>\n<\/div>\n<div class=\"features ft-table-header\">Funkcijos<\/div>\n<div class=\"Teamdeck ft-table-header\">Teamdeck<\/div>\n<div class=\"Float ft-table-header\">Pl\u016bd\u0117<\/div>\n<div class=\"Notes ft-table-header\">Skirtumai<\/div>\n<div class=\"f1\">I\u0161tekli\u0173 planavimas ir atostog\u0173 valdymas<\/div>\n<div class=\"f2\">Paj\u0117gum\u0173 ataskait\u0173 teikimas<\/div>\n<div class=\"f3\">Neribotas projekt\u0173 skai\u010dius<\/div>\n<div class=\"f4\">Greitas ir paprastas laiko steb\u0117jimas<\/div>\n<div class=\"f5\">Palyginkite \u012fver\u010dius ir faktinius duomenis<\/div>\n<div class=\"f6\">Mobilioji program\u0117l\u0117<\/div>\n<div class=\"n1\">\n<div class=\"abs-2\">M\u016bs\u0173 i\u0161tekli\u0173 valdymo programin\u0117 \u012franga leid\u017eia jums pritaikyti kalendori\u0173 ir sukurti rodinius, kad gal\u0117tum\u0117te geriau tvarkyti duomenis.<\/div>\n<\/div>\n<div class=\"n2\">\n<div class=\"abs-2\">\"Teamdeck\" galite kurti pasirinktines ataskaitas, naudodami \u012f \"Excel\" pana\u0161ias formules, arba naudoti i\u0161 anksto paruo\u0161tus \u0161ablonus.<\/div>\n<\/div>\n<\/div>\n<h1>\u00a0<\/h1>\n<p>\u00a0<\/p>\n<h2 style=\"text-align: center;\"><strong>3 prie\u017eastys, kod\u0117l \u012fmon\u0117s renkasi \"Teamdeck\" kaip \"Float\" alternatyv\u0105<\/strong><\/h2>\n\n\t\t<\/div>\n\t<\/div>\n<\/div><\/div><\/div><\/div><div class=\"vc_row wpb_row vc_row-fluid redl-row-section use-cases-title vc_custom_1582120251302 padding-default bgv-default bgh-default halign-default\"><div class=\"wpb_column vc_column_container text-left vc_col-sm-4 padding-default bgv-default bgh-default halign-default\"><div class=\"vc_column-inner\"><div class=\"wpb_wrapper\">\n\t<div class=\"wpb_text_column wpb_content_element\" >\n\t\t<div class=\"wpb_wrapper\">\n\t\t\t<p>\u00a0<\/p>\n<h3 style=\"text-align: center;\"><strong><span class=\"text-title column-title\">Duomen\u0173 importas<\/span><\/strong><\/h3>\n<p>\u00a0<\/p>\n<p style=\"text-align: center;\">Duomen\u0173 perk\u0117limas - tai nesud\u0117tinga u\u017eduotis. M\u016bs\u0173 importo vedlys leid\u017eia importuoti duomenis i\u0161 kit\u0173 sistem\u0173 apie \u017emones, projektus, u\u017esakymus, darbo laiko apskaitos \u017einiara\u0161\u010dius ir atostogas naudojant CSV failus.<\/p>\n\n\t\t<\/div>\n\t<\/div>\n<\/div><\/div><\/div><div class=\"wpb_column vc_column_container text-left vc_col-sm-4 padding-default bgv-default bgh-default halign-default\"><div class=\"vc_column-inner\"><div class=\"wpb_wrapper\">\n\t<div class=\"wpb_text_column wpb_content_element\" >\n\t\t<div class=\"wpb_wrapper\">\n\t\t\t<h3 style=\"text-align: center;\"><span class=\"text-title column-title\">I\u0161pl\u0117stin\u0117s pasirinktin\u0117s ataskaitos<\/span><\/h3>\n<p>\u00a0<\/p>\n<p style=\"text-align: center;\">\"Teamdeck\" leid\u017eia kurti individualias ataskaitas, pritaikytas j\u016bs\u0173 \u012fmon\u0117s poreikiams, naudojant \u012f \"Excel\" pana\u0161ias formules. Taip pat galite naudoti i\u0161 anksto nustatytus \u0161ablonus, kad gautum\u0117te informacij\u0105 apie komandos u\u017eimtum\u0105, biud\u017eeto panaudojim\u0105, darbo u\u017emokes\u010dio apskai\u010diavim\u0105 ir kt.<\/p>\n\n\t\t<\/div>\n\t<\/div>\n<\/div><\/div><\/div><div class=\"wpb_column vc_column_container text-left vc_col-sm-4 padding-default bgv-default bgh-default halign-default\"><div class=\"vc_column-inner\"><div class=\"wpb_wrapper\">\n\t<div class=\"wpb_text_column wpb_content_element\" >\n\t\t<div class=\"wpb_wrapper\">\n\t\t\t<h3 style=\"text-align: center;\"><span class=\"text-title column-title\">Pasirinktiniai laukai ir \u017eym\u0117jimo sistema<\/span><\/h3>\n<p>\u00a0<\/p>\n<p style=\"text-align: center;\">Pasirinktiniai \u017emoni\u0173 ir projekt\u0173 atributai kartu su pasirinktin\u0117mis \u017eym\u0117mis, priskirtomis u\u017esakymams, darbo laiko apskaitos \u017einiara\u0161\u010diams ir projektams, leid\u017eia sukurti unikal\u0173 ir lankst\u0173 i\u0161tekli\u0173 valdymo proces\u0105 j\u016bs\u0173 \u012fmon\u0117je.<\/p>\n\n\t\t<\/div>\n\t<\/div>\n<\/div><\/div><\/div><\/div><div class=\"vc_row wpb_row vc_row-fluid redl-row-section padding-default bgv-default bgh-default halign-default\"><div class=\"wpb_column vc_column_container text-left vc_col-sm-12 padding-default bgv-default bgh-default halign-default\"><div class=\"vc_column-inner\"><div class=\"wpb_wrapper\">\n\t<div class=\"wpb_text_column wpb_content_element\" >\n\t\t<div class=\"wpb_wrapper\">\n\t\t\t\n\t\t<\/div>\n\t<\/div>\n<\/div><\/div><\/div><\/div><div class=\"vc_row wpb_row vc_row-fluid redl-row-section padding-default bgv-default bgh-default halign-default\"><div class=\"wpb_column vc_column_container text-left vc_col-sm-12 padding-default bgv-default bgh-default halign-default\"><div class=\"vc_column-inner\"><div class=\"wpb_wrapper\">\n\t<div class=\"wpb_text_column wpb_content_element\" >\n\t\t<div class=\"wpb_wrapper\">\n\t\t\t<h2 style=\"text-align: center;\"><strong>Su\u017einokite, kod\u0117l mus renkasi tokios \u012fmon\u0117s kaip \"Siemens Energy\", \"Human8\", \"Oliver Agency\", \"Hill-Knowlton\" ar \"Unit9\".<\/strong><\/h2>\n\n\t\t<\/div>\n\t<\/div>\n<\/div><\/div><\/div><\/div><div class=\"vc_row wpb_row vc_row-fluid redl-row-section padding-default bgv-default bgh-default halign-default\"><div class=\"wpb_column vc_column_container text-left vc_col-sm-12 padding-default bgv-default bgh-default halign-default\"><div class=\"vc_column-inner vc_custom_1583774752686\"><div class=\"wpb_wrapper\"><form class=\"get-started-form\" action=\"\">\n  <div class=\"get-started-form__input-wrapper\">\n    <input class=\"get-started-form__input\" placeholder=\"\u012eveskite savo \u012fmon\u0117s el. pa\u0161to adres\u0105\" \/>\n  <\/div>\n  <button type=\"submit\" class=\"get-started-form__button\">\n    <span class=\"get-started-form__button-text\">Gaukite 14 dien\u0173 NEMOKAM\u0104 bandom\u0105j\u0105 versij\u0105<\/>\n  <\/button>\n  <button class=\"get-started-form__button\">\n    <span class=\"get-started-form__button-text\">Neteisingas el. pa\u0161tas<\/>\n  <\/button>\n<input type=\"hidden\" name=\"trp-form-language\" value=\"lt\"\/><\/form>\n<\/div><\/div><\/div><\/div><div class=\"vc_row wpb_row vc_row-fluid redl-row-section padding-default bgv-default bgh-default halign-default\"><div class=\"wpb_column vc_column_container text-left vc_col-sm-12 padding-default bgv-default bgh-default halign-default\"><div class=\"vc_column-inner\"><div class=\"wpb_wrapper\"><\/div><\/div><\/div><\/div>","protected":false},"excerpt":{"rendered":"\"Teamdeck\" ir \"Float\" Su\u017einokite, kaip \"Teamdeck\" suteikia daugiau galimybi\u0173 kontroliuoti vis\u0105 i\u0161tekli\u0173 valdymo proces\u0105 - nuo komandos ir i\u0161tekli\u0173 planavimo, darbo laiko steb\u0117jimo iki atostog\u0173 valdymo. Toliau pateikiamas abiej\u0173 i\u0161tekli\u0173 planavimo program\u0173 palyginimas.  ...","protected":false},"author":17,"featured_media":0,"parent":0,"menu_order":0,"comment_status":"closed","ping_status":"closed","template":"","meta":{"footnotes":""},"class_list":["post-7198","page","type-page","status-publish","hentry"],"yoast_head":"<!-- This site is optimized with the Yoast SEO Premium plugin v23.8 (Yoast SEO v24.3) - https:\/\/yoast.com\/wordpress\/plugins\/seo\/ -->\n<title>Float Alternatives - Teamdeck - Resource Management Software<\/title>\n<meta name=\"description\" content=\"Teamdeck.io resource management software is in use by Stormind Games, Circus Maximus, Hill-Knowlton, etc. We replaced Float many times.\" \/>\n<meta name=\"robots\" content=\"index, follow, max-snippet:-1, max-image-preview:large, max-video-preview:-1\" \/>\n<link rel=\"canonical\" href=\"https:\/\/teamdeck.io\/lt\/teamdeck-vs-float\/\" \/>\n<meta property=\"og:locale\" content=\"lt_LT\" \/>\n<meta property=\"og:type\" content=\"article\" \/>\n<meta property=\"og:title\" content=\"Teamdeck vs Float\" \/>\n<meta property=\"og:description\" content=\"Teamdeck.io resource management software is in use by Stormind Games, Circus Maximus, Hill-Knowlton, etc. We replaced Float many times.\" \/>\n<meta property=\"og:url\" content=\"https:\/\/teamdeck.io\/lt\/teamdeck-vs-float\/\" \/>\n<meta property=\"og:site_name\" content=\"Teamdeck\" \/>\n<meta property=\"article:publisher\" content=\"https:\/\/www.facebook.com\/helloteamdeck\" \/>\n<meta property=\"article:modified_time\" content=\"2024-02-08T09:04:18+00:00\" \/>\n<meta property=\"og:image\" content=\"https:\/\/teamdeck.io\/wp-content\/uploads\/2021\/08\/teamdeck-vs-float-2-1.jpg\" \/>\n<meta name=\"twitter:card\" content=\"summary_large_image\" \/>\n<meta name=\"twitter:site\" content=\"@helloteamdeck\" \/>\n<meta name=\"twitter:label1\" content=\"Est. reading time\" \/>\n\t<meta name=\"twitter:data1\" content=\"2 minutes\" \/>\n<script type=\"application\/ld+json\" class=\"yoast-schema-graph\">{\"@context\":\"https:\/\/schema.org\",\"@graph\":[{\"@type\":\"WebPage\",\"@id\":\"https:\/\/teamdeck.io\/teamdeck-vs-float\/\",\"url\":\"https:\/\/teamdeck.io\/teamdeck-vs-float\/\",\"name\":\"Float Alternatives - Teamdeck - Resource Management Software\",\"isPartOf\":{\"@id\":\"https:\/\/teamdeck.io\/#website\"},\"primaryImageOfPage\":{\"@id\":\"https:\/\/teamdeck.io\/teamdeck-vs-float\/#primaryimage\"},\"image\":{\"@id\":\"https:\/\/teamdeck.io\/teamdeck-vs-float\/#primaryimage\"},\"thumbnailUrl\":\"https:\/\/teamdeck.io\/wp-content\/uploads\/2021\/08\/teamdeck-vs-float-2-1.jpg\",\"datePublished\":\"2021-08-24T19:41:30+00:00\",\"dateModified\":\"2024-02-08T09:04:18+00:00\",\"description\":\"Teamdeck.io resource management software is in use by Stormind Games, Circus Maximus, Hill-Knowlton, etc. We replaced Float many times.\",\"breadcrumb\":{\"@id\":\"https:\/\/teamdeck.io\/teamdeck-vs-float\/#breadcrumb\"},\"inLanguage\":\"lt-LT\",\"potentialAction\":[{\"@type\":\"ReadAction\",\"target\":[\"https:\/\/teamdeck.io\/teamdeck-vs-float\/\"]}]},{\"@type\":\"ImageObject\",\"inLanguage\":\"lt-LT\",\"@id\":\"https:\/\/teamdeck.io\/teamdeck-vs-float\/#primaryimage\",\"url\":\"https:\/\/teamdeck.io\/wp-content\/uploads\/2021\/08\/teamdeck-vs-float-2-1.jpg\",\"contentUrl\":\"https:\/\/teamdeck.io\/wp-content\/uploads\/2021\/08\/teamdeck-vs-float-2-1.jpg\"},{\"@type\":\"BreadcrumbList\",\"@id\":\"https:\/\/teamdeck.io\/teamdeck-vs-float\/#breadcrumb\",\"itemListElement\":[{\"@type\":\"ListItem\",\"position\":1,\"name\":\"Home\",\"item\":\"https:\/\/teamdeck.io\/\"},{\"@type\":\"ListItem\",\"position\":2,\"name\":\"Teamdeck vs Float\"}]},{\"@type\":\"WebSite\",\"@id\":\"https:\/\/teamdeck.io\/#website\",\"url\":\"https:\/\/teamdeck.io\/\",\"name\":\"Teamdeck\",\"description\":\"resource scheduling + time tracking + leave management\",\"potentialAction\":[{\"@type\":\"SearchAction\",\"target\":{\"@type\":\"EntryPoint\",\"urlTemplate\":\"https:\/\/teamdeck.io\/?s={search_term_string}\"},\"query-input\":{\"@type\":\"PropertyValueSpecification\",\"valueRequired\":true,\"valueName\":\"search_term_string\"}}],\"inLanguage\":\"lt-LT\"}]}<\/script>\n<!-- \/ Yoast SEO Premium plugin. -->","yoast_head_json":{"title":"Float Alternatives - Teamdeck - Resource Management Software","description":"Teamdeck.io resource management software is in use by Stormind Games, Circus Maximus, Hill-Knowlton, etc. We replaced Float many times.","robots":{"index":"index","follow":"follow","max-snippet":"max-snippet:-1","max-image-preview":"max-image-preview:large","max-video-preview":"max-video-preview:-1"},"canonical":"https:\/\/teamdeck.io\/lt\/teamdeck-vs-float\/","og_locale":"lt_LT","og_type":"article","og_title":"Teamdeck vs Float","og_description":"Teamdeck.io resource management software is in use by Stormind Games, Circus Maximus, Hill-Knowlton, etc. We replaced Float many times.","og_url":"https:\/\/teamdeck.io\/lt\/teamdeck-vs-float\/","og_site_name":"Teamdeck","article_publisher":"https:\/\/www.facebook.com\/helloteamdeck","article_modified_time":"2024-02-08T09:04:18+00:00","og_image":[{"url":"https:\/\/teamdeck.io\/wp-content\/uploads\/2021\/08\/teamdeck-vs-float-2-1.jpg","type":"","width":"","height":""}],"twitter_card":"summary_large_image","twitter_site":"@helloteamdeck","twitter_misc":{"Est. reading time":"2 minutes"},"schema":{"@context":"https:\/\/schema.org","@graph":[{"@type":"WebPage","@id":"https:\/\/teamdeck.io\/teamdeck-vs-float\/","url":"https:\/\/teamdeck.io\/teamdeck-vs-float\/","name":"Float Alternatives - Teamdeck - Resource Management Software","isPartOf":{"@id":"https:\/\/teamdeck.io\/#website"},"primaryImageOfPage":{"@id":"https:\/\/teamdeck.io\/teamdeck-vs-float\/#primaryimage"},"image":{"@id":"https:\/\/teamdeck.io\/teamdeck-vs-float\/#primaryimage"},"thumbnailUrl":"https:\/\/teamdeck.io\/wp-content\/uploads\/2021\/08\/teamdeck-vs-float-2-1.jpg","datePublished":"2021-08-24T19:41:30+00:00","dateModified":"2024-02-08T09:04:18+00:00","description":"Teamdeck.io resource management software is in use by Stormind Games, Circus Maximus, Hill-Knowlton, etc. We replaced Float many times.","breadcrumb":{"@id":"https:\/\/teamdeck.io\/teamdeck-vs-float\/#breadcrumb"},"inLanguage":"lt-LT","potentialAction":[{"@type":"ReadAction","target":["https:\/\/teamdeck.io\/teamdeck-vs-float\/"]}]},{"@type":"ImageObject","inLanguage":"lt-LT","@id":"https:\/\/teamdeck.io\/teamdeck-vs-float\/#primaryimage","url":"https:\/\/teamdeck.io\/wp-content\/uploads\/2021\/08\/teamdeck-vs-float-2-1.jpg","contentUrl":"https:\/\/teamdeck.io\/wp-content\/uploads\/2021\/08\/teamdeck-vs-float-2-1.jpg"},{"@type":"BreadcrumbList","@id":"https:\/\/teamdeck.io\/teamdeck-vs-float\/#breadcrumb","itemListElement":[{"@type":"ListItem","position":1,"name":"Home","item":"https:\/\/teamdeck.io\/"},{"@type":"ListItem","position":2,"name":"Teamdeck vs Float"}]},{"@type":"WebSite","@id":"https:\/\/teamdeck.io\/#website","url":"https:\/\/teamdeck.io\/","name":"Teamdeck","description":"resource scheduling + time tracking + leave management","potentialAction":[{"@type":"SearchAction","target":{"@type":"EntryPoint","urlTemplate":"https:\/\/teamdeck.io\/?s={search_term_string}"},"query-input":{"@type":"PropertyValueSpecification","valueRequired":true,"valueName":"search_term_string"}}],"inLanguage":"lt-LT"}]}},"_links":{"self":[{"href":"https:\/\/teamdeck.io\/lt\/wp-json\/wp\/v2\/pages\/7198","targetHints":{"allow":["GET"]}}],"collection":[{"href":"https:\/\/teamdeck.io\/lt\/wp-json\/wp\/v2\/pages"}],"about":[{"href":"https:\/\/teamdeck.io\/lt\/wp-json\/wp\/v2\/types\/page"}],"author":[{"embeddable":true,"href":"https:\/\/teamdeck.io\/lt\/wp-json\/wp\/v2\/users\/17"}],"replies":[{"embeddable":true,"href":"https:\/\/teamdeck.io\/lt\/wp-json\/wp\/v2\/comments?post=7198"}],"version-history":[{"count":33,"href":"https:\/\/teamdeck.io\/lt\/wp-json\/wp\/v2\/pages\/7198\/revisions"}],"predecessor-version":[{"id":12622,"href":"https:\/\/teamdeck.io\/lt\/wp-json\/wp\/v2\/pages\/7198\/revisions\/12622"}],"wp:attachment":[{"href":"https:\/\/teamdeck.io\/lt\/wp-json\/wp\/v2\/media?parent=7198"}],"curies":[{"name":"wp","href":"https:\/\/api.w.org\/{rel}","templated":true}]}}