{"id":5722,"date":"2020-03-10T12:46:28","date_gmt":"2020-03-10T10:46:28","guid":{"rendered":"https:\/\/teamdeck.io\/?page_id=5722"},"modified":"2021-11-29T19:35:15","modified_gmt":"2021-11-29T17:35:15","slug":"teamdeck-vs-wrike","status":"publish","type":"page","link":"https:\/\/teamdeck.io\/lt\/teamdeck-vs-wrike\/","title":{"rendered":"\"Teamdeck\" ir \"Wrike"},"content":{"rendered":"<div data-vc-full-width=\"true\" data-vc-full-width-init=\"false\" class=\"vc_row wpb_row vc_row-fluid redl-row-section vc_custom_1547727116563 vc_row-has-fill vc_row-o-content-middle vc_row-flex padding-default bgv-default bgh-default halign-center\"><div class=\"wpb_column vc_column_container text-left vc_col-sm-4 padding-default bgv-default bgh-default halign-center\"><div class=\"vc_column-inner\"><div class=\"wpb_wrapper\">\n\t<div class=\"wpb_text_column wpb_content_element\" >\n\t\t<div class=\"wpb_wrapper\">\n\t\t\t<h1>\"Teamdeck\" ir \"Wrike<\/h1>\n<p>Reikia galingo <a href=\"https:\/\/teamdeck.io\/lt\/\" target=\"_blank\" rel=\"noopener noreferrer\">i\u0161tekli\u0173 valdymo programin\u0117 \u012franga<\/a>\u00a0planuojant ir valdant komandos darb\u0105, projekto u\u017eduotis ar tikrinant projekto rezultatus?<\/p>\n<p><strong>Toliau skaitykite apie \"Wrike<\/strong> arba su\u017einokite, kod\u0117l \"Teamdeck\" renkasi tokie tarptautiniu mastu \u017einomi preki\u0173 \u017eenklai kaip \"NTT Data\", \"Circus Maximus\" ar \"Hill-Knowlton\".<\/p>\n\n\t\t<\/div>\n\t<\/div>\n\n\t<div class=\"wpb_text_column wpb_content_element\" >\n\t\t<div class=\"wpb_wrapper\">\n\t\t\t<p style=\"text-align: left;\"><span class=\"arrow-link\"><a href=\"https:\/\/app.teamdeck.io\/register\">Gaukite 30 dien\u0173 NEMOKAM\u0104 bandom\u0105j\u0105 versij\u0105<\/a><\/span><\/p>\n\n\t\t<\/div>\n\t<\/div>\n<\/div><\/div><\/div><div class=\"wpb_column vc_column_container text-center vc_col-sm-8 vc_col-has-fill padding-default bgv-default bgh-default halign-center\"><div class=\"vc_column-inner vc_custom_1583827482870\"><div class=\"wpb_wrapper\">\n\t<div class=\"wpb_text_column wpb_content_element  vc_custom_1638206980324 video-nocontrols\" >\n\t\t<div class=\"wpb_wrapper\">\n\t\t\t<p><img loading=\"lazy\" decoding=\"async\" class=\"alignnone wp-image-5758\" src=\"https:\/\/cdn.teamdeck.io\/uploads\/website\/2020\/03\/10100907\/Untitled-design-300x250.png\" alt=\"&quot;Teamdeck&quot; priklauso nedidelei &quot;Wrike&quot; alternatyv\u0173 grupei, kuri\u0105 pasirinko daugelis projekt\u0173 vadov\u0173.\" width=\"600\" height=\"500\" srcset=\"https:\/\/cdn.teamdeck.io\/uploads\/website\/2020\/03\/10100907\/Untitled-design-300x250.png 300w, https:\/\/cdn.teamdeck.io\/uploads\/website\/2020\/03\/10100907\/Untitled-design-768x640.png 768w, https:\/\/cdn.teamdeck.io\/uploads\/website\/2020\/03\/10100907\/Untitled-design-960x800.png 960w, https:\/\/cdn.teamdeck.io\/uploads\/website\/2020\/03\/10100907\/Untitled-design.png 1800w\" sizes=\"auto, (max-width: 600px) 100vw, 600px\" \/><\/p>\n\n\t\t<\/div>\n\t<\/div>\n<\/div><\/div><\/div><\/div><div class=\"vc_row-full-width vc_clearfix\"><\/div><div class=\"vc_row wpb_row vc_row-fluid redl-row-section padding-default bgv-default bgh-default halign-default\"><div class=\"wpb_column vc_column_container text-left vc_col-sm-12 padding-default bgv-default bgh-default halign-default\"><div class=\"vc_column-inner\"><div class=\"wpb_wrapper\">\n\t<div class=\"wpb_text_column wpb_content_element\" >\n\t\t<div class=\"wpb_wrapper\">\n\t\t\t<h2>Ie\u0161kote \"Wrike\" alternatyv\u0173?<\/h2>\n<p><span style=\"font-weight: 400;\">Kai per\u017ei\u016br\u0117site \u012fvairias i\u0161tekli\u0173 planavimo programas, skirtas keliems projektams valdyti, greitai pasteb\u0117site, kad renkat\u0117s tarp program\u0173, skirt\u0173 i\u0161tekli\u0173 valdymui, ir \u012franki\u0173, kuriais siekiama apimti ir kitus procesus. Tai pagrindinis skirtumas tarp \"Wrike\" ir \"Teamdeck\".\u00a0<\/span><\/p>\n<p><span style=\"font-weight: 400;\">\"Wrike\" - tai vienas galingas valdymo centras. J\u012f galite naudoti projekt\u0173 valdymui, komandiniam bendradarbiavimui arba darbui su \u012fvairiais i\u0161tekliais.<\/span><b> I\u0161tekli\u0173 planavimo paskirstym\u0105 galima atlikti naudojant pried\u0105 \"Wrike Resource\". <\/b><span style=\"font-weight: 400;\">\u0160i\u0105 parinkt\u012f galima naudoti verslo, \"Wrike for Marketers\" ir \"Enterprise\" planuose.\u00a0<\/span><\/p>\n<p><span style=\"font-weight: 400;\">Kita vertus, \"Teamdeck\" orientuota tik \u012f i\u0161tekli\u0173 valdym\u0105. <\/span><b>Joje suderintos darbuotoj\u0173 planavimo, laiko steb\u0117jimo ir nebuvimo darbe valdymo funkcijos.<\/b><span style=\"font-weight: 400;\"> Be to, gausite prieig\u0105 prie i\u0161samaus analiz\u0117s skyriaus, kuriame gal\u0117site analizuoti savo komandos produktyvum\u0105, steb\u0117ti darbo laiko apskaitos \u017einiara\u0161\u010dius ir kurti ataskaitas klientams.\u00a0<\/span><\/p>\n\n\t\t<\/div>\n\t<\/div>\n<\/div><\/div><\/div><\/div><div class=\"vc_row wpb_row vc_row-fluid redl-row-section padding-small bgv-default bgh-default halign-default\"><div class=\"wpb_column vc_column_container text-left vc_col-sm-12 padding-default bgv-default bgh-default halign-default\"><div class=\"vc_column-inner\"><div class=\"wpb_wrapper\">\n\t<div class=\"wpb_text_column wpb_content_element\" >\n\t\t<div class=\"wpb_wrapper\">\n\t\t\t<h2 style=\"text-align: center;\"><strong>3 prie\u017eastys, kod\u0117l \u012fmon\u0117s m\u0117gsta \"Teamdeck\" kaip \"Wrike\" alternatyv\u0105<\/strong><\/h2>\n\n\t\t<\/div>\n\t<\/div>\n<\/div><\/div><\/div><\/div><div class=\"vc_row wpb_row vc_row-fluid redl-row-section use-cases-title vc_custom_1582120251302 padding-default bgv-default bgh-default halign-default\"><div class=\"wpb_column vc_column_container text-left vc_col-sm-4 padding-default bgv-default bgh-default halign-default\"><div class=\"vc_column-inner\"><div class=\"wpb_wrapper\">\n\t<div class=\"wpb_text_column wpb_content_element\" >\n\t\t<div class=\"wpb_wrapper\">\n\t\t\t<h2 style=\"text-align: center;\"><span class=\"text-title column-title\">Greitas ir veiksmingas \u012fdarbinimas<\/span><\/h2>\n<p style=\"text-align: center;\">\"Teamdeck\" yra paprastas, ta\u010diau galingas darbo valdymo sprendimas - labai populiarus tarp \"Wrike\" alternatyv\u0173. U\u017esiregistruokite, atlikite greit\u0105 produkto ap\u017ei\u016br\u0105, pritaikykite savo komandos nustatymus ir importuokite duomenis. Galite prad\u0117ti darb\u0105: <strong>\"Teamdeck\" pakeis j\u016bs\u0173 komand\u0105 nuo pat pirmos dienos.<\/strong><\/p>\n\n\t\t<\/div>\n\t<\/div>\n<\/div><\/div><\/div><div class=\"wpb_column vc_column_container text-left vc_col-sm-4 padding-default bgv-default bgh-default halign-default\"><div class=\"vc_column-inner\"><div class=\"wpb_wrapper\">\n\t<div class=\"wpb_text_column wpb_content_element\" >\n\t\t<div class=\"wpb_wrapper\">\n\t\t\t<h2 style=\"text-align: center;\"><span class=\"text-title column-title\">Pasaulinio lygio parama<\/span><\/h2>\n<p style=\"text-align: center;\">M\u016bs\u0173 d\u0117mesys sutelktas \u012f <strong>teikite vert\u0119 nuo pat u\u017esiregistravimo akimirkos.<\/strong>. Gausite asmenin\u0119 ekskursij\u0105 po produkt\u0105, \u012fvadin\u0119 sesij\u0105 su komanda ir prioritetin\u0119 pagalb\u0105, kai tik jos prireiks.<\/p>\n\n\t\t<\/div>\n\t<\/div>\n<\/div><\/div><\/div><div class=\"wpb_column vc_column_container text-left vc_col-sm-4 padding-default bgv-default bgh-default halign-default\"><div class=\"vc_column-inner\"><div class=\"wpb_wrapper\">\n\t<div class=\"wpb_text_column wpb_content_element\" >\n\t\t<div class=\"wpb_wrapper\">\n\t\t\t<h2 style=\"text-align: center;\"><span class=\"text-title column-title\">\u012e klientus orientuota \u012fmon\u0117<\/span><\/h2>\n<p style=\"text-align: center;\">Sakydami, kad jus girdime, mes tikrai tai turime omenyje. <strong>\"Teamdeck\" veiksm\u0173 planas yra pagr\u012fstas klient\u0173 atsiliepimais.<\/strong> Ar galite sugalvoti funkcij\u0105, kuri palengvint\u0173 j\u016bs\u0173 darbo gyvenim\u0105? B\u016btinai prane\u0161kite mums.<\/p>\n\n\t\t<\/div>\n\t<\/div>\n<\/div><\/div><\/div><\/div><div class=\"vc_row wpb_row vc_row-fluid redl-row-section padding-default bgv-default bgh-default halign-default\"><div class=\"wpb_column vc_column_container text-left vc_col-sm-12 padding-default bgv-default bgh-default halign-default\"><div class=\"vc_column-inner\"><div class=\"wpb_wrapper\">\n\t<div class=\"wpb_text_column wpb_content_element\" >\n\t\t<div class=\"wpb_wrapper\">\n\t\t\t<h2 style=\"text-align: center;\"><strong>Teamdeck.io yra <a href=\"https:\/\/teamdeck.io\/lt\/\">i\u0161tekli\u0173 planavimo programin\u0117 \u012franga<\/a>. Susipa\u017einkite, kad mus pasirinko \"Stormind Games\", \"Hill-Knowlton\", \"Circus Maximus\".<\/strong><\/h2>\n\n\t\t<\/div>\n\t<\/div>\n<\/div><\/div><\/div><\/div><div class=\"vc_row wpb_row vc_row-fluid redl-row-section padding-default bgv-default bgh-default halign-default\"><div class=\"wpb_column vc_column_container text-left vc_col-sm-12 padding-default bgv-default bgh-default halign-default\"><div class=\"vc_column-inner vc_custom_1583774752686\"><div class=\"wpb_wrapper\"><form class=\"get-started-form\" action=\"\">\n  <div class=\"get-started-form__input-wrapper\">\n    <input class=\"get-started-form__input\" placeholder=\"\u012eveskite savo \u012fmon\u0117s el. pa\u0161to adres\u0105\" \/>\n  <\/div>\n  <button type=\"submit\" class=\"get-started-form__button\">\n    <span class=\"get-started-form__button-text\">Gaukite 14 dien\u0173 NEMOKAM\u0104 bandom\u0105j\u0105 versij\u0105<\/>\n  <\/button>\n  <button class=\"get-started-form__button\">\n    <span class=\"get-started-form__button-text\">Neteisingas el. pa\u0161tas<\/>\n  <\/button>\n<input type=\"hidden\" name=\"trp-form-language\" value=\"lt\"\/><\/form>\n<\/div><\/div><\/div><\/div>","protected":false},"excerpt":{"rendered":"\"Teamdeck\" vs \"Wrike\" Reikia galingos i\u0161tekli\u0173 valdymo programin\u0117s \u012frangos komandos darbui planuoti ir valdyti, projekto u\u017eduotims atlikti ar projekto rezultatams tikrinti? Toliau skaitykite apie \"Wrike\" arba su\u017einokite, kod\u0117l \"Teamdeck\" renkasi tokie tarptautiniu mastu \u017einomi preki\u0173 \u017eenklai kaip...","protected":false},"author":17,"featured_media":0,"parent":0,"menu_order":0,"comment_status":"closed","ping_status":"closed","template":"","meta":{"footnotes":""},"class_list":["post-5722","page","type-page","status-publish","hentry"],"yoast_head":"<!-- This site is optimized with the Yoast SEO Premium plugin v23.8 (Yoast SEO v24.3) - https:\/\/yoast.com\/wordpress\/plugins\/seo\/ -->\n<title>Wrike Alternatives - Teamdeck.io - Resource Management Software<\/title>\n<meta name=\"description\" content=\"Teamdeck.io resource management software is in use by Stormind Games, Circus Maximus, Hill-Knowlton, etc. We replaced Wrike many times.\" \/>\n<meta name=\"robots\" content=\"index, follow, max-snippet:-1, max-image-preview:large, max-video-preview:-1\" \/>\n<link rel=\"canonical\" href=\"https:\/\/teamdeck.io\/lt\/teamdeck-vs-wrike\/\" \/>\n<meta property=\"og:locale\" content=\"lt_LT\" \/>\n<meta property=\"og:type\" content=\"article\" \/>\n<meta property=\"og:title\" content=\"Teamdeck vs Wrike\" \/>\n<meta property=\"og:description\" content=\"Teamdeck.io resource management software is in use by Stormind Games, Circus Maximus, Hill-Knowlton, etc. We replaced Wrike many times.\" \/>\n<meta property=\"og:url\" content=\"https:\/\/teamdeck.io\/lt\/teamdeck-vs-wrike\/\" \/>\n<meta property=\"og:site_name\" content=\"Teamdeck\" \/>\n<meta property=\"article:publisher\" content=\"https:\/\/www.facebook.com\/helloteamdeck\" \/>\n<meta property=\"article:modified_time\" content=\"2021-11-29T17:35:15+00:00\" \/>\n<meta property=\"og:image\" content=\"https:\/\/teamdeck.io\/wp-content\/uploads\/2020\/03\/Untitled-design-300x250.png\" \/>\n<meta name=\"twitter:card\" content=\"summary_large_image\" \/>\n<meta name=\"twitter:site\" content=\"@helloteamdeck\" \/>\n<meta name=\"twitter:label1\" content=\"Est. reading time\" \/>\n\t<meta name=\"twitter:data1\" content=\"2 minutes\" \/>\n<script type=\"application\/ld+json\" class=\"yoast-schema-graph\">{\"@context\":\"https:\/\/schema.org\",\"@graph\":[{\"@type\":\"WebPage\",\"@id\":\"https:\/\/teamdeck.io\/teamdeck-vs-wrike\/\",\"url\":\"https:\/\/teamdeck.io\/teamdeck-vs-wrike\/\",\"name\":\"Wrike Alternatives - Teamdeck.io - Resource Management Software\",\"isPartOf\":{\"@id\":\"https:\/\/teamdeck.io\/#website\"},\"primaryImageOfPage\":{\"@id\":\"https:\/\/teamdeck.io\/teamdeck-vs-wrike\/#primaryimage\"},\"image\":{\"@id\":\"https:\/\/teamdeck.io\/teamdeck-vs-wrike\/#primaryimage\"},\"thumbnailUrl\":\"https:\/\/teamdeck.io\/wp-content\/uploads\/2020\/03\/Untitled-design-300x250.png\",\"datePublished\":\"2020-03-10T10:46:28+00:00\",\"dateModified\":\"2021-11-29T17:35:15+00:00\",\"description\":\"Teamdeck.io resource management software is in use by Stormind Games, Circus Maximus, Hill-Knowlton, etc. We replaced Wrike many times.\",\"breadcrumb\":{\"@id\":\"https:\/\/teamdeck.io\/teamdeck-vs-wrike\/#breadcrumb\"},\"inLanguage\":\"lt-LT\",\"potentialAction\":[{\"@type\":\"ReadAction\",\"target\":[\"https:\/\/teamdeck.io\/teamdeck-vs-wrike\/\"]}]},{\"@type\":\"ImageObject\",\"inLanguage\":\"lt-LT\",\"@id\":\"https:\/\/teamdeck.io\/teamdeck-vs-wrike\/#primaryimage\",\"url\":\"https:\/\/teamdeck.io\/wp-content\/uploads\/2020\/03\/Untitled-design-300x250.png\",\"contentUrl\":\"https:\/\/teamdeck.io\/wp-content\/uploads\/2020\/03\/Untitled-design-300x250.png\"},{\"@type\":\"BreadcrumbList\",\"@id\":\"https:\/\/teamdeck.io\/teamdeck-vs-wrike\/#breadcrumb\",\"itemListElement\":[{\"@type\":\"ListItem\",\"position\":1,\"name\":\"Home\",\"item\":\"https:\/\/teamdeck.io\/\"},{\"@type\":\"ListItem\",\"position\":2,\"name\":\"Teamdeck vs Wrike\"}]},{\"@type\":\"WebSite\",\"@id\":\"https:\/\/teamdeck.io\/#website\",\"url\":\"https:\/\/teamdeck.io\/\",\"name\":\"Teamdeck\",\"description\":\"resource scheduling + time tracking + leave management\",\"potentialAction\":[{\"@type\":\"SearchAction\",\"target\":{\"@type\":\"EntryPoint\",\"urlTemplate\":\"https:\/\/teamdeck.io\/?s={search_term_string}\"},\"query-input\":{\"@type\":\"PropertyValueSpecification\",\"valueRequired\":true,\"valueName\":\"search_term_string\"}}],\"inLanguage\":\"lt-LT\"}]}<\/script>\n<!-- \/ Yoast SEO Premium plugin. -->","yoast_head_json":{"title":"Wrike Alternatives - Teamdeck.io - Resource Management Software","description":"Teamdeck.io resource management software is in use by Stormind Games, Circus Maximus, Hill-Knowlton, etc. We replaced Wrike many times.","robots":{"index":"index","follow":"follow","max-snippet":"max-snippet:-1","max-image-preview":"max-image-preview:large","max-video-preview":"max-video-preview:-1"},"canonical":"https:\/\/teamdeck.io\/lt\/teamdeck-vs-wrike\/","og_locale":"lt_LT","og_type":"article","og_title":"Teamdeck vs Wrike","og_description":"Teamdeck.io resource management software is in use by Stormind Games, Circus Maximus, Hill-Knowlton, etc. We replaced Wrike many times.","og_url":"https:\/\/teamdeck.io\/lt\/teamdeck-vs-wrike\/","og_site_name":"Teamdeck","article_publisher":"https:\/\/www.facebook.com\/helloteamdeck","article_modified_time":"2021-11-29T17:35:15+00:00","og_image":[{"url":"https:\/\/teamdeck.io\/wp-content\/uploads\/2020\/03\/Untitled-design-300x250.png","type":"","width":"","height":""}],"twitter_card":"summary_large_image","twitter_site":"@helloteamdeck","twitter_misc":{"Est. reading time":"2 minutes"},"schema":{"@context":"https:\/\/schema.org","@graph":[{"@type":"WebPage","@id":"https:\/\/teamdeck.io\/teamdeck-vs-wrike\/","url":"https:\/\/teamdeck.io\/teamdeck-vs-wrike\/","name":"Wrike Alternatives - Teamdeck.io - Resource Management Software","isPartOf":{"@id":"https:\/\/teamdeck.io\/#website"},"primaryImageOfPage":{"@id":"https:\/\/teamdeck.io\/teamdeck-vs-wrike\/#primaryimage"},"image":{"@id":"https:\/\/teamdeck.io\/teamdeck-vs-wrike\/#primaryimage"},"thumbnailUrl":"https:\/\/teamdeck.io\/wp-content\/uploads\/2020\/03\/Untitled-design-300x250.png","datePublished":"2020-03-10T10:46:28+00:00","dateModified":"2021-11-29T17:35:15+00:00","description":"Teamdeck.io resource management software is in use by Stormind Games, Circus Maximus, Hill-Knowlton, etc. We replaced Wrike many times.","breadcrumb":{"@id":"https:\/\/teamdeck.io\/teamdeck-vs-wrike\/#breadcrumb"},"inLanguage":"lt-LT","potentialAction":[{"@type":"ReadAction","target":["https:\/\/teamdeck.io\/teamdeck-vs-wrike\/"]}]},{"@type":"ImageObject","inLanguage":"lt-LT","@id":"https:\/\/teamdeck.io\/teamdeck-vs-wrike\/#primaryimage","url":"https:\/\/teamdeck.io\/wp-content\/uploads\/2020\/03\/Untitled-design-300x250.png","contentUrl":"https:\/\/teamdeck.io\/wp-content\/uploads\/2020\/03\/Untitled-design-300x250.png"},{"@type":"BreadcrumbList","@id":"https:\/\/teamdeck.io\/teamdeck-vs-wrike\/#breadcrumb","itemListElement":[{"@type":"ListItem","position":1,"name":"Home","item":"https:\/\/teamdeck.io\/"},{"@type":"ListItem","position":2,"name":"Teamdeck vs Wrike"}]},{"@type":"WebSite","@id":"https:\/\/teamdeck.io\/#website","url":"https:\/\/teamdeck.io\/","name":"Teamdeck","description":"resource scheduling + time tracking + leave management","potentialAction":[{"@type":"SearchAction","target":{"@type":"EntryPoint","urlTemplate":"https:\/\/teamdeck.io\/?s={search_term_string}"},"query-input":{"@type":"PropertyValueSpecification","valueRequired":true,"valueName":"search_term_string"}}],"inLanguage":"lt-LT"}]}},"_links":{"self":[{"href":"https:\/\/teamdeck.io\/lt\/wp-json\/wp\/v2\/pages\/5722","targetHints":{"allow":["GET"]}}],"collection":[{"href":"https:\/\/teamdeck.io\/lt\/wp-json\/wp\/v2\/pages"}],"about":[{"href":"https:\/\/teamdeck.io\/lt\/wp-json\/wp\/v2\/types\/page"}],"author":[{"embeddable":true,"href":"https:\/\/teamdeck.io\/lt\/wp-json\/wp\/v2\/users\/17"}],"replies":[{"embeddable":true,"href":"https:\/\/teamdeck.io\/lt\/wp-json\/wp\/v2\/comments?post=5722"}],"version-history":[{"count":34,"href":"https:\/\/teamdeck.io\/lt\/wp-json\/wp\/v2\/pages\/5722\/revisions"}],"predecessor-version":[{"id":8158,"href":"https:\/\/teamdeck.io\/lt\/wp-json\/wp\/v2\/pages\/5722\/revisions\/8158"}],"wp:attachment":[{"href":"https:\/\/teamdeck.io\/lt\/wp-json\/wp\/v2\/media?parent=5722"}],"curies":[{"name":"wp","href":"https:\/\/api.w.org\/{rel}","templated":true}]}}