{"id":5689,"date":"2020-02-19T16:18:18","date_gmt":"2020-02-19T14:18:18","guid":{"rendered":"https:\/\/teamdeck.io\/?page_id=5689"},"modified":"2022-03-02T20:09:27","modified_gmt":"2022-03-02T18:09:27","slug":"teamdeck-for-big-teams","status":"publish","type":"page","link":"https:\/\/teamdeck.io\/lt\/teamdeck-didelems-komandoms\/","title":{"rendered":"\"Teamdeck\" didel\u0117ms komandoms"},"content":{"rendered":"<div data-vc-full-width=\"true\" data-vc-full-width-init=\"false\" class=\"vc_row wpb_row vc_row-fluid redl-row-section vc_custom_1547727116563 vc_row-has-fill vc_row-o-content-middle vc_row-flex padding-default bgv-default bgh-default halign-center\"><div class=\"wpb_column vc_column_container text-left vc_col-sm-4 padding-default bgv-default bgh-default halign-center\"><div class=\"vc_column-inner\"><div class=\"wpb_wrapper\">\n\t<div class=\"wpb_text_column wpb_content_element\" >\n\t\t<div class=\"wpb_wrapper\">\n\t\t\t<h1>Did\u017eioji komanda. Dideli duomenys.<br \/>\nnedidel\u0117s pastangos.<br \/>\n<span class=\"h2\"><br \/>\n<\/span><\/h1>\n<p><span class=\"h3\">Ar j\u016bs\u0173 organizacijoje dirba daugiau nei 50 darbuotoj\u0173?<br \/>\n\u012evedimas \u012f darb\u0105 priklauso nuo m\u016bs\u0173.<\/span><\/p>\n\n\t\t<\/div>\n\t<\/div>\n\n\t<div class=\"wpb_text_column wpb_content_element\" >\n\t\t<div class=\"wpb_wrapper\">\n\t\t\t<p style=\"text-align: left;\"><span class=\"arrow-link\"><a href=\"https:\/\/calendly.com\/adanielak\/teamdeck-demo\">U\u017esisakykite susitikim\u0105!<\/a><\/span><\/p>\n\n\t\t<\/div>\n\t<\/div>\n<\/div><\/div><\/div><div class=\"wpb_column vc_column_container text-right vc_col-sm-8 vc_col-has-fill padding-default bgv-default bgh-default halign-end\"><div class=\"vc_column-inner vc_custom_1547727481560\"><div class=\"wpb_wrapper\">\n\t<div class=\"wpb_text_column wpb_content_element  vc_custom_1646244550207 video-nocontrols\" >\n\t\t<div class=\"wpb_wrapper\">\n\t\t\t<p><img loading=\"lazy\" decoding=\"async\" class=\"alignnone wp-image-9509 size-full\" src=\"https:\/\/cdn.teamdeck.io\/uploads\/website\/2022\/03\/02202132\/photo-1581091877018-dac6a371d50f.jpeg\" alt=\"\" width=\"1470\" height=\"980\" \/><\/p>\n\n\t\t<\/div>\n\t<\/div>\n<\/div><\/div><\/div><\/div><div class=\"vc_row-full-width vc_clearfix\"><\/div><div class=\"vc_row wpb_row vc_row-fluid redl-row-section padding-medium bgv-default bgh-default halign-default\"><div class=\"wpb_column vc_column_container text-left vc_col-sm-12 padding-small bgv-default bgh-default halign-default\"><div class=\"vc_column-inner\"><div class=\"wpb_wrapper\">\n\t<div class=\"wpb_text_column wpb_content_element  vc_custom_1582119134487 features-title\" >\n\t\t<div class=\"wpb_wrapper\">\n\t\t\t<h2 style=\"text-align: center;\">\u017dingsnis po \u017eingsnio:<\/h2>\n\n\t\t<\/div>\n\t<\/div>\n<\/div><\/div><\/div><\/div><div class=\"vc_row wpb_row vc_row-fluid redl-row-section use-cases-title vc_custom_1582120251302 padding-default bgv-default bgh-default halign-default\"><div class=\"wpb_column vc_column_container text-left vc_col-sm-4 padding-default bgv-default bgh-default halign-default\"><div class=\"vc_column-inner\"><div class=\"wpb_wrapper\">\n\t<div class=\"wpb_text_column wpb_content_element\" >\n\t\t<div class=\"wpb_wrapper\">\n\t\t\t<h3 style=\"text-align: center;\"><span class=\"text-title column-title\">1 \u017dINGSNIS<\/span><\/h3>\n<p style=\"text-align: center;\">Plano pasi\u016blymas.<\/p>\n<p style=\"text-align: center;\">Siun\u010diame jums j\u016bs\u0173 poreikius atitinkant\u012f \u012fsidarbinimo plan\u0105.<\/p>\n\n\t\t<\/div>\n\t<\/div>\n<\/div><\/div><\/div><div class=\"wpb_column vc_column_container text-left vc_col-sm-4 padding-default bgv-default bgh-default halign-default\"><div class=\"vc_column-inner\"><div class=\"wpb_wrapper\">\n\t<div class=\"wpb_text_column wpb_content_element\" >\n\t\t<div class=\"wpb_wrapper\">\n\t\t\t<h3 style=\"text-align: center;\"><span class=\"text-title column-title\">2 \u017dINGSNIS<\/span><\/h3>\n<p style=\"text-align: center;\">J\u016bs\u0173 poreikiai.<\/p>\n<p style=\"text-align: center;\">Pritariate \/ si\u016blote pakeitimus \/ aptariate strategij\u0105<\/p>\n\n\t\t<\/div>\n\t<\/div>\n<\/div><\/div><\/div><div class=\"wpb_column vc_column_container text-left vc_col-sm-4 padding-default bgv-default bgh-default halign-default\"><div class=\"vc_column-inner\"><div class=\"wpb_wrapper\">\n\t<div class=\"wpb_text_column wpb_content_element\" >\n\t\t<div class=\"wpb_wrapper\">\n\t\t\t<h3 style=\"text-align: center;\"><span class=\"text-title column-title\">3 \u017dINGSNIS<\/span><\/h3>\n<p style=\"text-align: center;\">Visk\u0105 nustatykite.<\/p>\n<p style=\"text-align: center;\">Mes sukuriame organizacij\u0105 u\u017e jus<\/p>\n\n\t\t<\/div>\n\t<\/div>\n<\/div><\/div><\/div><\/div><div class=\"vc_row wpb_row vc_row-fluid redl-row-section use-cases-title vc_custom_1582037967308 padding-default bgv-default bgh-default halign-default\"><div class=\"wpb_column vc_column_container text-left vc_col-sm-4 padding-default bgv-default bgh-default halign-default\"><div class=\"vc_column-inner\"><div class=\"wpb_wrapper\">\n\t<div class=\"wpb_text_column wpb_content_element\" >\n\t\t<div class=\"wpb_wrapper\">\n\t\t\t<h3 style=\"text-align: center;\"><span class=\"text-title column-title\">4 \u017dINGSNIS<\/span><\/h3>\n<p style=\"text-align: center;\">Mokymas.<\/p>\n<p style=\"text-align: center;\">Kvie\u010diame ir apmokome j\u016bs\u0173 komand\u0105<\/p>\n\n\t\t<\/div>\n\t<\/div>\n<\/div><\/div><\/div><div class=\"wpb_column vc_column_container text-left vc_col-sm-4 padding-default bgv-default bgh-default halign-default\"><div class=\"vc_column-inner\"><div class=\"wpb_wrapper\">\n\t<div class=\"wpb_text_column wpb_content_element\" >\n\t\t<div class=\"wpb_wrapper\">\n\t\t\t<h3 style=\"text-align: center;\"><span class=\"text-title column-title\">5 \u017dINGSNIS ?<\/span><\/h3>\n<p style=\"text-align: center;\">S\u0116KM\u0116!<\/p>\n<p style=\"text-align: center;\">Jie kasdien naudoja \"Teamdeck\". Galite tikrinti ataskaitas, paskirstyti i\u0161teklius, matyti tvarkara\u0161\u010dio pakeitimus.<\/p>\n\n\t\t<\/div>\n\t<\/div>\n<\/div><\/div><\/div><div class=\"wpb_column vc_column_container text-left vc_col-sm-4 padding-default bgv-default bgh-default halign-default\"><div class=\"vc_column-inner\"><div class=\"wpb_wrapper\">\n\t<div class=\"wpb_text_column wpb_content_element\" >\n\t\t<div class=\"wpb_wrapper\">\n\t\t\t<h3 style=\"text-align: center;\"><span class=\"text-title column-title\">6 \u017dINGSNIS<\/span><\/h3>\n<p style=\"text-align: center;\">Parama.<\/p>\n<p style=\"text-align: center;\">Kai tik jums ar j\u016bs\u0173 darbuotojams prireiks pagalbos, mes esame \u010dia!<\/p>\n\n\t\t<\/div>\n\t<\/div>\n<\/div><\/div><\/div><\/div><div data-vc-full-width=\"true\" data-vc-full-width-init=\"false\" data-vc-stretch-content=\"true\" class=\"vc_row wpb_row vc_row-fluid redl-row-section logo-list-row vc_custom_1582037320281 vc_row-has-fill vc_row-no-padding vc_row-o-equal-height vc_row-flex padding-medium bgv-default bgh-default halign-default\"><div class=\"wpb_column vc_column_container text-center vc_col-sm-2 vc_col-lg-2 vc_col-md-2 vc_col-xs-6 padding-default bgv-default bgh-default halign-center\"><div class=\"vc_column-inner vc_custom_1574337729729\"><div class=\"wpb_wrapper\">\n\t<div class=\"wpb_text_column wpb_content_element\" >\n\t\t<div class=\"wpb_wrapper\">\n\t\t\t<p><img loading=\"lazy\" decoding=\"async\" class=\"alignnone wp-image-4375\" src=\"https:\/\/cdn.teamdeck.io\/uploads\/website\/2019\/01\/11132628\/UNITE9-140px.png\" alt=\"\" width=\"70\" height=\"70\" \/><\/p>\n\n\t\t<\/div>\n\t<\/div>\n<\/div><\/div><\/div><div class=\"wpb_column vc_column_container text-center vc_col-sm-2 vc_col-lg-2 vc_col-md-2 vc_col-xs-6 padding-default bgv-default bgh-default halign-center\"><div class=\"vc_column-inner vc_custom_1574337747608\"><div class=\"wpb_wrapper\">\n\t<div class=\"wpb_text_column wpb_content_element\" >\n\t\t<div class=\"wpb_wrapper\">\n\t\t\t<p><img loading=\"lazy\" decoding=\"async\" class=\"alignnone wp-image-4369\" src=\"https:\/\/cdn.teamdeck.io\/uploads\/website\/2019\/01\/11132618\/significal-140px-.png\" alt=\"\" width=\"74\" height=\"74\" \/><\/p>\n\n\t\t<\/div>\n\t<\/div>\n<\/div><\/div><\/div><div class=\"wpb_column vc_column_container text-center vc_col-sm-2 vc_col-lg-2 vc_col-md-2 vc_col-xs-6 padding-default bgv-default bgh-default halign-center\"><div class=\"vc_column-inner vc_custom_1574337754290\"><div class=\"wpb_wrapper\">\n\t<div class=\"wpb_text_column wpb_content_element\" >\n\t\t<div class=\"wpb_wrapper\">\n\t\t\t<p><img loading=\"lazy\" decoding=\"async\" class=\"alignnone wp-image-4373\" src=\"https:\/\/cdn.teamdeck.io\/uploads\/website\/2019\/01\/11132625\/tintash-140px-copy.png\" alt=\"\" width=\"70\" height=\"70\" \/><\/p>\n\n\t\t<\/div>\n\t<\/div>\n<\/div><\/div><\/div><div class=\"wpb_column vc_column_container text-center vc_col-sm-2 vc_col-lg-2 vc_col-md-2 vc_col-xs-6 padding-default bgv-default bgh-default halign-center\"><div class=\"vc_column-inner vc_custom_1574337759887\"><div class=\"wpb_wrapper\">\n\t<div class=\"wpb_text_column wpb_content_element\" >\n\t\t<div class=\"wpb_wrapper\">\n\t\t\t<p><img loading=\"lazy\" decoding=\"async\" class=\"alignnone wp-image-4367\" src=\"https:\/\/cdn.teamdeck.io\/uploads\/website\/2019\/01\/11132614\/coletiv-140px-copy.png\" alt=\"\" width=\"70\" height=\"70\" \/><\/p>\n\n\t\t<\/div>\n\t<\/div>\n<\/div><\/div><\/div><div class=\"wpb_column vc_column_container text-center vc_col-sm-2 vc_col-lg-2 vc_col-md-2 vc_col-xs-6 padding-default bgv-default bgh-default halign-center\"><div class=\"vc_column-inner vc_custom_1574337765178\"><div class=\"wpb_wrapper\">\n\t<div class=\"wpb_text_column wpb_content_element\" >\n\t\t<div class=\"wpb_wrapper\">\n\t\t\t<p><img loading=\"lazy\" decoding=\"async\" class=\"alignnone wp-image-4405\" src=\"https:\/\/cdn.teamdeck.io\/uploads\/website\/2019\/01\/14145308\/brain-station23-140px-.png\" alt=\"\" width=\"70\" height=\"70\" \/><\/p>\n\n\t\t<\/div>\n\t<\/div>\n<\/div><\/div><\/div><div class=\"wpb_column vc_column_container text-center vc_col-sm-2 vc_col-lg-2 vc_col-md-2 vc_col-xs-6 padding-default bgv-top bgh-default halign-center\"><div class=\"vc_column-inner vc_custom_1574337780335\"><div class=\"wpb_wrapper\">\n\t<div class=\"wpb_text_column wpb_content_element\" >\n\t\t<div class=\"wpb_wrapper\">\n\t\t\t<p><img loading=\"lazy\" decoding=\"async\" class=\"alignnone wp-image-4538\" src=\"https:\/\/cdn.teamdeck.io\/uploads\/website\/2019\/01\/17102907\/RB2-140px-1.png\" alt=\"\" width=\"70\" height=\"70\" \/><\/p>\n\n\t\t<\/div>\n\t<\/div>\n<\/div><\/div><\/div><\/div><div class=\"vc_row-full-width vc_clearfix\"><\/div><div class=\"vc_row wpb_row vc_row-fluid redl-row-section padding-default bgv-default bgh-default halign-default\"><div class=\"wpb_column vc_column_container text-left vc_col-sm-12 padding-small bgv-default bgh-default halign-default\"><div class=\"vc_column-inner\"><div class=\"wpb_wrapper\">\n\t<div class=\"wpb_text_column wpb_content_element  vc_custom_1592471222258 features-title\" >\n\t\t<div class=\"wpb_wrapper\">\n\t\t\t<h2 style=\"text-align: center;\">Naudojate kitus \u012frankius?<\/h2>\n<h2 style=\"text-align: center;\"><a href=\"https:\/\/teamdeck.io\/lt\/api-ir-integracijos\/\">Juos galite lengvai integruoti su \"Teamdeck<\/a><\/h2>\n\n\t\t<\/div>\n\t<\/div>\n\n\t<div class=\"wpb_text_column wpb_content_element  vc_custom_1582121875852\" >\n\t\t<div class=\"wpb_wrapper\">\n\t\t\t<p><img loading=\"lazy\" decoding=\"async\" class=\"aligncenter wp-image-5691 size-medium\" src=\"https:\/\/cdn.teamdeck.io\/uploads\/website\/2020\/02\/19161723\/Screenshot-2020-02-19-at-15.02.18-300x101.png\" alt=\"&quot;Zapier&quot; integracija\" width=\"300\" height=\"101\" srcset=\"https:\/\/cdn.teamdeck.io\/uploads\/website\/2020\/02\/19161723\/Screenshot-2020-02-19-at-15.02.18-300x101.png 300w, https:\/\/cdn.teamdeck.io\/uploads\/website\/2020\/02\/19161723\/Screenshot-2020-02-19-at-15.02.18-768x259.png 768w, https:\/\/cdn.teamdeck.io\/uploads\/website\/2020\/02\/19161723\/Screenshot-2020-02-19-at-15.02.18-960x324.png 960w, https:\/\/cdn.teamdeck.io\/uploads\/website\/2020\/02\/19161723\/Screenshot-2020-02-19-at-15.02.18.png 1044w\" sizes=\"auto, (max-width: 300px) 100vw, 300px\" \/><\/p>\n\n\t\t<\/div>\n\t<\/div>\n<div class=\"teamdeck-testimonials  columns-1 teamdeck-testimonial-with-link\">\n\t\t\t\t\t<div class=\"teamdeck-testimonial wpb_content_element vc_col-sm-12 clearfix\">\n\n\t\t\t<div class=\"testimonial__container\">\n\t\t\t\t<div class=\"testimonial__content\">\n\t\t\t\t\t<p>Be \"Teamdeck\" kas m\u0117nes\u012f i\u0161\u0161vaistydavome $11 130 darbuotoj\u0173 laiko. Teamdeck pad\u0117jo mums suma\u017einti \u0161\u012f \u0161vaistym\u0105 iki $1249,50, o tai leid\u017eia sutaupyti $9 880,50 per m\u0117nes\u012f.<\/p>\n\t\t\t\t<\/div>\n\t\t\t\t<div class=\"testimonial__author\">\n\t\t\t\t\t<div class=\"testimonial__avatar\">\n\t\t\t\t\t\t\t\t\t\t\t<img loading=\"lazy\" decoding=\"async\" width=\"300\" height=\"293\" src=\"https:\/\/cdn.teamdeck.io\/uploads\/website\/2019\/11\/03080843\/Screenshot-2020-04-03-at-08.02.28-300x293.png\" class=\"attachment-medium size-medium wp-post-image\" alt=\"\" srcset=\"https:\/\/cdn.teamdeck.io\/uploads\/website\/2019\/11\/03080843\/Screenshot-2020-04-03-at-08.02.28-300x293.png 300w, https:\/\/cdn.teamdeck.io\/uploads\/website\/2019\/11\/03080843\/Screenshot-2020-04-03-at-08.02.28-768x750.png 768w, https:\/\/cdn.teamdeck.io\/uploads\/website\/2019\/11\/03080843\/Screenshot-2020-04-03-at-08.02.28-960x938.png 960w, https:\/\/cdn.teamdeck.io\/uploads\/website\/2019\/11\/03080843\/Screenshot-2020-04-03-at-08.02.28.png 1132w\" sizes=\"auto, (max-width: 300px) 100vw, 300px\" \/>\t\t\t\t\t\t\t\t\t\t<\/div>\n\t\t\t\t\t<div class=\"testimonial__author-data\">\n\t\t\t\t\t\t<span class=\"testimonial__author-name\">Piotr Bandosz<\/span>\n\t\t\t\t\t\t<span class=\"testimonial__author-job\">Finans\u0173 ir personalo skyriaus vadovas <\/span>\n\t\t\t\t\t\t\t\t\t\t\t<\/div>\n\t\t\t\t<\/div>\n\t\t\t<\/div>\n\t\t\t                <span class=\"testimonial__link--text\">Skaityti vis\u0105 atvejo tyrim\u0105<\/span>\n                <div class=\"testimonial__captain-image-wrapper\">\n                    <div class=\"testimonial__captain-image\"><\/div>\n                <\/div>\n\t\t\t    <a class=\"testimonial__link\" href=\"\/lt\/sprendimai\/kurybines-agenturos\/\"><\/a>\n\t\t\t\t\t<\/div>\n\t<\/div>\n<\/div><\/div><\/div><\/div><div data-vc-full-width=\"true\" data-vc-full-width-init=\"false\" class=\"vc_row wpb_row vc_row-fluid redl-row-section footer-message-row vc_custom_1574170946244 vc_row-has-fill vc_row-o-equal-height vc_row-o-content-middle vc_row-flex padding-medium bgv-default bgh-default halign-center\"><div class=\"wpb_column vc_column_container text-center vc_col-sm-12 vc_col-lg-8 vc_col-md-9 padding-default bgv-default bgh-default halign-default\"><div class=\"vc_column-inner vc_custom_1574338100280\"><div class=\"wpb_wrapper\">\n\t<div class=\"wpb_text_column wpb_content_element  vc_custom_1574170829079 footer-message-title\" >\n\t\t<div class=\"wpb_wrapper\">\n\t\t\t<p style=\"text-align: center;\">Ei, \u012flipkite \u012f laiv\u0105!<\/p>\n\n\t\t<\/div>\n\t<\/div>\n<form class=\"get-started-form\" action=\"\">\n  <div class=\"get-started-form__input-wrapper\">\n    <input class=\"get-started-form__input\" placeholder=\"\u012eveskite savo \u012fmon\u0117s el. pa\u0161to adres\u0105\" \/>\n  <\/div>\n  <button type=\"submit\" class=\"get-started-form__button\">\n    <span class=\"get-started-form__button-text\">Gaukite 14 dien\u0173 NEMOKAM\u0104 bandom\u0105j\u0105 versij\u0105<\/>\n  <\/button>\n  <button class=\"get-started-form__button\">\n    <span class=\"get-started-form__button-text\">Neteisingas el. pa\u0161tas<\/>\n  <\/button>\n<input type=\"hidden\" name=\"trp-form-language\" value=\"lt\"\/><\/form>\n\n\t<div class=\"wpb_text_column wpb_content_element\" >\n\t\t<div class=\"wpb_wrapper\">\n\t\t\t<ul class=\"features-list features-list--white\">\n<li class=\"features-list-item\">U\u017esakymai<\/li>\n<li class=\"features-list-item\">Darbo laiko apskaitos \u017einiara\u0161\u010diai<\/li>\n<li class=\"features-list-item\">Atostogos<\/li>\n<li class=\"features-list-item\">Prieinamumas<\/li>\n<li class=\"features-list-item\">Ataskaitos<\/li>\n<\/ul>\n\n\t\t<\/div>\n\t<\/div>\n<\/div><\/div><\/div><\/div><div class=\"vc_row-full-width vc_clearfix\"><\/div>","protected":false},"excerpt":{"rendered":"Be \"Teamdeck\" kas m\u0117nes\u012f i\u0161\u0161vaistydavome $11 130 darbuotoj\u0173 laiko. Teamdeck pad\u0117jo mums suma\u017einti \u0161\u012f \u0161vaistym\u0105 iki $1249,50, o tai leid\u017eia sutaupyti $9 880,50 per m\u0117nes\u012f.","protected":false},"author":17,"featured_media":5694,"parent":0,"menu_order":0,"comment_status":"closed","ping_status":"closed","template":"","meta":{"footnotes":""},"class_list":["post-5689","page","type-page","status-publish","has-post-thumbnail","hentry"],"yoast_head":"<!-- This site is optimized with the Yoast SEO Premium plugin v23.8 (Yoast SEO v24.3) - https:\/\/yoast.com\/wordpress\/plugins\/seo\/ -->\n<title>Teamdeck for enterprises - more 50 employees? Onboarding is on us!<\/title>\n<meta name=\"description\" content=\"Our goal is to make your organization comfortable using Teamdeck. We will help you to allocate all your resources and check the reports.\" \/>\n<meta name=\"robots\" content=\"index, follow, max-snippet:-1, max-image-preview:large, max-video-preview:-1\" \/>\n<link rel=\"canonical\" href=\"https:\/\/teamdeck.io\/lt\/teamdeck-didelems-komandoms\/\" \/>\n<meta property=\"og:locale\" content=\"lt_LT\" \/>\n<meta property=\"og:type\" content=\"article\" \/>\n<meta property=\"og:title\" content=\"Teamdeck for big teams\" \/>\n<meta property=\"og:description\" content=\"Our goal is to make your organization comfortable using Teamdeck. We will help you to allocate all your resources and check the reports.\" \/>\n<meta property=\"og:url\" content=\"https:\/\/teamdeck.io\/lt\/teamdeck-didelems-komandoms\/\" \/>\n<meta property=\"og:site_name\" content=\"Teamdeck\" \/>\n<meta property=\"article:publisher\" content=\"https:\/\/www.facebook.com\/helloteamdeck\" \/>\n<meta property=\"article:modified_time\" content=\"2022-03-02T18:09:27+00:00\" \/>\n<meta property=\"og:image\" content=\"https:\/\/teamdeck.io\/wp-content\/uploads\/2016\/10\/DSC_1821-1-1.png\" \/>\n<meta name=\"twitter:card\" content=\"summary_large_image\" \/>\n<meta name=\"twitter:site\" content=\"@helloteamdeck\" \/>\n<meta name=\"twitter:label1\" content=\"Est. reading time\" \/>\n\t<meta name=\"twitter:data1\" content=\"3 minutes\" \/>\n<script type=\"application\/ld+json\" class=\"yoast-schema-graph\">{\"@context\":\"https:\/\/schema.org\",\"@graph\":[{\"@type\":\"WebPage\",\"@id\":\"https:\/\/teamdeck.io\/teamdeck-for-big-teams\/\",\"url\":\"https:\/\/teamdeck.io\/teamdeck-for-big-teams\/\",\"name\":\"Teamdeck for enterprises - more 50 employees? Onboarding is on us!\",\"isPartOf\":{\"@id\":\"https:\/\/teamdeck.io\/#website\"},\"primaryImageOfPage\":{\"@id\":\"https:\/\/teamdeck.io\/teamdeck-for-big-teams\/#primaryimage\"},\"image\":{\"@id\":\"https:\/\/teamdeck.io\/teamdeck-for-big-teams\/#primaryimage\"},\"thumbnailUrl\":\"https:\/\/cdn.teamdeck.io\/uploads\/website\/2020\/02\/19162648\/big-team.png\",\"datePublished\":\"2020-02-19T14:18:18+00:00\",\"dateModified\":\"2022-03-02T18:09:27+00:00\",\"description\":\"Our goal is to make your organization comfortable using Teamdeck. We will help you to allocate all your resources and check the reports.\",\"breadcrumb\":{\"@id\":\"https:\/\/teamdeck.io\/teamdeck-for-big-teams\/#breadcrumb\"},\"inLanguage\":\"lt-LT\",\"potentialAction\":[{\"@type\":\"ReadAction\",\"target\":[\"https:\/\/teamdeck.io\/teamdeck-for-big-teams\/\"]}]},{\"@type\":\"ImageObject\",\"inLanguage\":\"lt-LT\",\"@id\":\"https:\/\/teamdeck.io\/teamdeck-for-big-teams\/#primaryimage\",\"url\":\"https:\/\/cdn.teamdeck.io\/uploads\/website\/2020\/02\/19162648\/big-team.png\",\"contentUrl\":\"https:\/\/cdn.teamdeck.io\/uploads\/website\/2020\/02\/19162648\/big-team.png\",\"width\":2512,\"height\":1436},{\"@type\":\"BreadcrumbList\",\"@id\":\"https:\/\/teamdeck.io\/teamdeck-for-big-teams\/#breadcrumb\",\"itemListElement\":[{\"@type\":\"ListItem\",\"position\":1,\"name\":\"Home\",\"item\":\"https:\/\/teamdeck.io\/\"},{\"@type\":\"ListItem\",\"position\":2,\"name\":\"Teamdeck for big teams\"}]},{\"@type\":\"WebSite\",\"@id\":\"https:\/\/teamdeck.io\/#website\",\"url\":\"https:\/\/teamdeck.io\/\",\"name\":\"Teamdeck\",\"description\":\"resource scheduling + time tracking + leave management\",\"potentialAction\":[{\"@type\":\"SearchAction\",\"target\":{\"@type\":\"EntryPoint\",\"urlTemplate\":\"https:\/\/teamdeck.io\/?s={search_term_string}\"},\"query-input\":{\"@type\":\"PropertyValueSpecification\",\"valueRequired\":true,\"valueName\":\"search_term_string\"}}],\"inLanguage\":\"lt-LT\"}]}<\/script>\n<!-- \/ Yoast SEO Premium plugin. -->","yoast_head_json":{"title":"Teamdeck for enterprises - more 50 employees? Onboarding is on us!","description":"Our goal is to make your organization comfortable using Teamdeck. We will help you to allocate all your resources and check the reports.","robots":{"index":"index","follow":"follow","max-snippet":"max-snippet:-1","max-image-preview":"max-image-preview:large","max-video-preview":"max-video-preview:-1"},"canonical":"https:\/\/teamdeck.io\/lt\/teamdeck-didelems-komandoms\/","og_locale":"lt_LT","og_type":"article","og_title":"Teamdeck for big teams","og_description":"Our goal is to make your organization comfortable using Teamdeck. We will help you to allocate all your resources and check the reports.","og_url":"https:\/\/teamdeck.io\/lt\/teamdeck-didelems-komandoms\/","og_site_name":"Teamdeck","article_publisher":"https:\/\/www.facebook.com\/helloteamdeck","article_modified_time":"2022-03-02T18:09:27+00:00","og_image":[{"url":"https:\/\/teamdeck.io\/wp-content\/uploads\/2016\/10\/DSC_1821-1-1.png","type":"","width":"","height":""}],"twitter_card":"summary_large_image","twitter_site":"@helloteamdeck","twitter_misc":{"Est. reading time":"3 minutes"},"schema":{"@context":"https:\/\/schema.org","@graph":[{"@type":"WebPage","@id":"https:\/\/teamdeck.io\/teamdeck-for-big-teams\/","url":"https:\/\/teamdeck.io\/teamdeck-for-big-teams\/","name":"Teamdeck for enterprises - more 50 employees? Onboarding is on us!","isPartOf":{"@id":"https:\/\/teamdeck.io\/#website"},"primaryImageOfPage":{"@id":"https:\/\/teamdeck.io\/teamdeck-for-big-teams\/#primaryimage"},"image":{"@id":"https:\/\/teamdeck.io\/teamdeck-for-big-teams\/#primaryimage"},"thumbnailUrl":"https:\/\/cdn.teamdeck.io\/uploads\/website\/2020\/02\/19162648\/big-team.png","datePublished":"2020-02-19T14:18:18+00:00","dateModified":"2022-03-02T18:09:27+00:00","description":"Our goal is to make your organization comfortable using Teamdeck. We will help you to allocate all your resources and check the reports.","breadcrumb":{"@id":"https:\/\/teamdeck.io\/teamdeck-for-big-teams\/#breadcrumb"},"inLanguage":"lt-LT","potentialAction":[{"@type":"ReadAction","target":["https:\/\/teamdeck.io\/teamdeck-for-big-teams\/"]}]},{"@type":"ImageObject","inLanguage":"lt-LT","@id":"https:\/\/teamdeck.io\/teamdeck-for-big-teams\/#primaryimage","url":"https:\/\/cdn.teamdeck.io\/uploads\/website\/2020\/02\/19162648\/big-team.png","contentUrl":"https:\/\/cdn.teamdeck.io\/uploads\/website\/2020\/02\/19162648\/big-team.png","width":2512,"height":1436},{"@type":"BreadcrumbList","@id":"https:\/\/teamdeck.io\/teamdeck-for-big-teams\/#breadcrumb","itemListElement":[{"@type":"ListItem","position":1,"name":"Home","item":"https:\/\/teamdeck.io\/"},{"@type":"ListItem","position":2,"name":"Teamdeck for big teams"}]},{"@type":"WebSite","@id":"https:\/\/teamdeck.io\/#website","url":"https:\/\/teamdeck.io\/","name":"Teamdeck","description":"resource scheduling + time tracking + leave management","potentialAction":[{"@type":"SearchAction","target":{"@type":"EntryPoint","urlTemplate":"https:\/\/teamdeck.io\/?s={search_term_string}"},"query-input":{"@type":"PropertyValueSpecification","valueRequired":true,"valueName":"search_term_string"}}],"inLanguage":"lt-LT"}]}},"_links":{"self":[{"href":"https:\/\/teamdeck.io\/lt\/wp-json\/wp\/v2\/pages\/5689","targetHints":{"allow":["GET"]}}],"collection":[{"href":"https:\/\/teamdeck.io\/lt\/wp-json\/wp\/v2\/pages"}],"about":[{"href":"https:\/\/teamdeck.io\/lt\/wp-json\/wp\/v2\/types\/page"}],"author":[{"embeddable":true,"href":"https:\/\/teamdeck.io\/lt\/wp-json\/wp\/v2\/users\/17"}],"replies":[{"embeddable":true,"href":"https:\/\/teamdeck.io\/lt\/wp-json\/wp\/v2\/comments?post=5689"}],"version-history":[{"count":7,"href":"https:\/\/teamdeck.io\/lt\/wp-json\/wp\/v2\/pages\/5689\/revisions"}],"predecessor-version":[{"id":9510,"href":"https:\/\/teamdeck.io\/lt\/wp-json\/wp\/v2\/pages\/5689\/revisions\/9510"}],"wp:featuredmedia":[{"embeddable":true,"href":"https:\/\/teamdeck.io\/lt\/wp-json\/wp\/v2\/media\/5694"}],"wp:attachment":[{"href":"https:\/\/teamdeck.io\/lt\/wp-json\/wp\/v2\/media?parent=5689"}],"curies":[{"name":"wp","href":"https:\/\/api.w.org\/{rel}","templated":true}]}}